{"id":19190,"date":"2025-04-07T06:17:18","date_gmt":"2025-04-07T06:17:18","guid":{"rendered":"https:\/\/www.hydraulic-cylinders.net\/product\/boom-cylinder-for-xcmg-middle-excavator-xe240\/"},"modified":"2025-04-07T06:17:20","modified_gmt":"2025-04-07T06:17:20","slug":"boom-cylinder-for-xcmg-middle-excavator-xe240","status":"publish","type":"product","link":"https:\/\/www.hydraulic-cylinders.net\/fi\/tuote\/boom-cylinder-for-xcmg-middle-excavator-xe240\/","title":{"rendered":"Puomin sylinteri XCMG:n keskikaivinkoneelle XE240"},"content":{"rendered":"<h1>Puomin sylinteri XCMG:n keskikaivinkoneelle XE240<\/h1>\n<h2>Tuotteen yleiskatsaus<\/h2>\n<p>XCMG:n XE240-keskikaivukoneen puomin sylinteri on olennainen hydrauliikkakomponentti, joka on suunniteltu helpottamaan kaivukoneen puomin liikett\u00e4 ja k\u00e4ytt\u00f6\u00e4. Se on hydrauliikkasylinteri, joka on erityisesti suunniteltu ohjaamaan kaivukoneen kauhan yl\u00f6s-, alas- ja kallistusliikkeit\u00e4. T\u00e4m\u00e4 mahdollistaa tehokkaan materiaalink\u00e4sittelyn ja tekee siit\u00e4 v\u00e4ltt\u00e4m\u00e4tt\u00f6m\u00e4n osan rakennus- ja kaivuut\u00f6iss\u00e4 k\u00e4ytett\u00e4vi\u00e4 raskaita koneita.<\/p>\n<p><img decoding=\"async\" src=\"https:\/\/www.hydraulic-cylinders.net\/wp-content\/uploads\/2025\/04\/songte-company-1.webp\" alt=\"Kaivinkoneiden puomin sylinteri\"><\/p>\n<h3>M\u00e4\u00e4ritelm\u00e4 ja toiminnallisuus<\/h3>\n<p>Kauhasylinterit ovat hydraulisia toimilaitteita, joilla on ratkaiseva rooli erilaisten raskaiden koneiden, kuten kaivinkoneiden, kaivurikuormaajien ja etukuormaajien, k\u00e4yt\u00f6ss\u00e4. N\u00e4m\u00e4 sylinterit mahdollistavat kauhan nostamisen, laskemisen ja kallistumisen, mik\u00e4 auttaa teht\u00e4viss\u00e4, kuten kaivamisessa, lastaamisessa ja materiaalien kuljetuksessa. Hydraulij\u00e4rjestelm\u00e4 toimii muuntamalla hydraulisen paineen mekaaniseksi voimaksi, jolloin kaivinkone voi suorittaa teht\u00e4v\u00e4ns\u00e4 tehokkaasti. T\u00e4m\u00e4 erikoissylinteri on suunniteltu kest\u00e4m\u00e4\u00e4n korkeita paineita ja raskaita kuormia, joten se sopii erinomaisesti k\u00e4ytett\u00e4v\u00e4ksi vaativissa ty\u00f6ymp\u00e4rist\u00f6iss\u00e4. Sen toiminnan tehokkuus parantaa merkitt\u00e4v\u00e4sti tuottavuutta rakennus- ja kaivosprojekteissa.<\/p>\n<h2>Puomin sylinterin ominaisuudet<\/h2>\n<ul>\n<li><strong>Korkea lujuus ja kest\u00e4vyys:<\/strong> Korkean lujuuden ter\u00e4ksest\u00e4 tai alumiinista valmistettu puomin sylinteri kest\u00e4\u00e4 korkeaa painetta ja raskaita kuormia samalla, kun se on kulumisen ja korroosion kest\u00e4v\u00e4, mik\u00e4 pident\u00e4\u00e4 sen k\u00e4ytt\u00f6ik\u00e4\u00e4.<\/li>\n<li><strong>Tehokas hydraulinen k\u00e4ytt\u00f6:<\/strong> Sylinteri hy\u00f6dynt\u00e4\u00e4 hydrauli\u00f6ljyn painetta tasaisen ulos- ja sis\u00e4\u00e4nvedon saavuttamiseksi, reagoi nopeasti k\u00e4ytt\u00e4j\u00e4n komentoihin ja tarjoaa tehokkaita ty\u00f6nt\u00f6- ja vetovoimia, jotka sopivat raskaiden esineiden k\u00e4sittelyyn ja monimutkaisiin teht\u00e4viin.<\/li>\n<li><strong>Erilaisia \u200b\u200btyyppej\u00e4:<\/strong> Saatavilla joko yksitoimisina (hydraulinen toiminta yhteen suuntaan) tai kaksitoimisina (hydraulinen toiminta molempiin suuntiin) sylinterein\u00e4. Jotkut mallit ovat teleskooppisia, mik\u00e4 mahdollistaa suuremman jatkeen ilman ulkomittojen kasvua, mik\u00e4 sopii ahtaisiin sovelluksiin.<\/li>\n<li><strong>Mukautettu valmistus:<\/strong> Tuotantokykymme ansiosta voimme valmistaa n\u00e4it\u00e4 sylintereit\u00e4, jotka sopivat t\u00e4ydellisesti korvaamaan erilaisia \u200b\u200bhydraulisylintereit\u00e4 eri sovelluksissa.<\/li>\n<li><strong>Suorituskyky \u00e4\u00e4rimm\u00e4isiss\u00e4 olosuhteissa:<\/strong> Suunniteltu toimimaan tehokkaasti sek\u00e4 lieviss\u00e4 ett\u00e4 vaativissa ty\u00f6ymp\u00e4rist\u00f6iss\u00e4 varmistaen luotettavan suorituskyvyn ja pitk\u00e4n k\u00e4ytt\u00f6i\u00e4n.<\/li>\n<\/ul>\n<p><img decoding=\"async\" src=\"https:\/\/www.hydraulic-cylinders.net\/wp-content\/uploads\/2025\/04\/songte-cylinder-head-with-all-kinds-excavator-models.webp\" alt=\"Kaivinkonemallit\"><\/p>\n<h2>Puomisylinterin sovellukset<\/h2>\n<h3>Rakennuslaitteet<\/h3>\n<p>Kaivinkoneissa puomin sylinteri on ratkaisevan t\u00e4rke\u00e4 kaivamisessa, lastaamisessa ja maan tai roskien siirt\u00e4misess\u00e4. Se mahdollistaa puomin py\u00f6rimisen ja sijoittelun tarkan hallinnan, mik\u00e4 on olennaista tehokkaan toiminnan kannalta. Kaivurikuormaajissa k\u00e4ytettyn\u00e4 kauhan sylinteri auttaa sek\u00e4 kaivu- ett\u00e4 nostoteht\u00e4viss\u00e4, mik\u00e4 parantaa monipuolisuutta rakennusty\u00f6mailla.<\/p>\n<h3>Maatalouskoneet<\/h3>\n<p>Etukuormaajissa k\u00e4ytett\u00e4v\u00e4 puomin sylinteri mahdollistaa maaper\u00e4n, hein\u00e4n ja muiden materiaalien nostamisen, kaivamisen ja kuljettamisen. Sen hydraulinen toiminta tarjoaa tarvittavan voiman raskaiden kuormien tehokkaaseen k\u00e4sittelyyn, mik\u00e4 on elint\u00e4rke\u00e4\u00e4 maatalousteht\u00e4viss\u00e4, kuten rehun lastaamisessa tai maaper\u00e4n siirt\u00e4misess\u00e4 istutusta varten.<\/p>\n<h3>Kaivinkoneet<\/h3>\n<p>Kauhan sylinteri antaa kaivinkoneelle mahdollisuuden tunkeutua tehokkaasti maahan, mik\u00e4 tekee siit\u00e4 olennaisen osan kaivuprosesseissa. Ohjaamalla kauhan syvyytt\u00e4 ja kulmaa k\u00e4ytt\u00e4j\u00e4t voivat optimoida kaivustrategiansa varmistaen koneiden tehokkaan k\u00e4yt\u00f6n erilaisissa projekteissa.<\/p>\n<h3>Kuormaajat<\/h3>\n<p>Etukuormaajissa puomin sylinteri on ratkaisevan t\u00e4rke\u00e4 kuormien tehokkaassa nostamisessa ja tyhjent\u00e4misess\u00e4. Sen avulla k\u00e4ytt\u00e4j\u00e4t voivat k\u00e4sitell\u00e4 suuria materiaalim\u00e4\u00e4ri\u00e4 nopeasti, mik\u00e4 parantaa tuottavuutta ja tehokkuutta ty\u00f6maalla.<\/p>\n<h2>Suunnittelun\u00e4k\u00f6kohdat ja valintakriteerit<\/h2>\n<h3>Kantavuus<\/h3>\n<p>Puomisylintereiden suunnittelussa kuormituskapasiteetti on ensisijainen huomioitava seikka. Sylinteri on suunniteltava kest\u00e4m\u00e4\u00e4n sen k\u00e4yt\u00f6n aikana kohtaamat enimm\u00e4iskuormitukset, jotta se toimii luotettavasti rasituksen alla. Suuri kuormituskapasiteetti ei ainoastaan \u200b\u200btakaa toiminnan tehokkuutta, vaan my\u00f6s parantaa turvallisuusstandardeja est\u00e4en onnettomuuksiin johtavat viat. Insin\u00f6\u00f6rien on arvioitava koneiden erityisvaatimukset ja valittava materiaalit ja mallit, jotka kest\u00e4v\u00e4t n\u00e4m\u00e4 voimat suorituskyky\u00e4 vaarantamatta.<\/p>\n<h3>Tiivistyskyky<\/h3>\n<p>Tehokas tiivistys on ratkaisevan t\u00e4rke\u00e4\u00e4 hydraulisylintereiss\u00e4 vuotojen est\u00e4miseksi ja paineen yll\u00e4pit\u00e4miseksi. Tiivistemateriaalien, kuten polyuretaanin ja nitriilikumin, valinnalla on ratkaiseva rooli. Tiivisteet on suunniteltava kest\u00e4m\u00e4\u00e4n korkeita paineita ja kest\u00e4m\u00e4\u00e4n pitk\u00e4ik\u00e4isyytt\u00e4 erilaisissa k\u00e4ytt\u00f6olosuhteissa. S\u00e4\u00e4nn\u00f6lliset huoltotarkastukset ovat v\u00e4ltt\u00e4m\u00e4tt\u00f6mi\u00e4 sen varmistamiseksi, ett\u00e4 tiivisteet toimivat oikein, sill\u00e4 heikentyneet tiivisteet voivat johtaa tehokkuuden heikkenemiseen ja mahdollisiin mekaanisiin vikoihin.<\/p>\n<h3>Kest\u00e4vyys<\/h3>\n<p>Puomisylinterien kest\u00e4vyys on olennaista pitk\u00e4aikaisen suorituskyvyn kannalta. Ne on valmistettava korkealaatuisista materiaaleista, jotka kest\u00e4v\u00e4t kulumista ja korroosiota, erityisesti ankarissa olosuhteissa. Suunnittelussa tulisi olla ominaisuuksia, kuten vahvistetut reunat ja pinnoitteet, jotka suojaavat ymp\u00e4rist\u00f6tekij\u00f6ilt\u00e4. Kest\u00e4v\u00e4 sylinteri v\u00e4hent\u00e4\u00e4 vaihtojen ja korjausten tiheytt\u00e4, mik\u00e4 alentaa k\u00e4ytt\u00f6kustannuksia ajan my\u00f6t\u00e4.<\/p>\n<h3>Turvaominaisuudet<\/h3>\n<p>Turvallisuus on ensiarvoisen t\u00e4rke\u00e4\u00e4 kaikissa hydraulij\u00e4rjestelmiss\u00e4. Puomisylintereiss\u00e4 on oltava ominaisuuksia, jotka est\u00e4v\u00e4t tahattoman liikkeen, kuten lukitusmekanismit ja paineenalennusventtiilit riskien minimoimiseksi k\u00e4yt\u00f6n aikana. Suunnittelussa on otettava huomioon my\u00f6s hydraulisten vikojen mahdollisuus ja varmistettava, ett\u00e4 j\u00e4rjestelm\u00e4 pystyy k\u00e4sittelem\u00e4\u00e4n h\u00e4t\u00e4tilanteita vahingoittamatta k\u00e4ytt\u00e4ji\u00e4 tai sivullisia.<\/p>\n<h3>Huolto Esteett\u00f6myys<\/h3>\n<p>Puomisylinterien suunnittelussa on t\u00e4rke\u00e4\u00e4 ottaa huomioon huolto huomioon ottaen, mik\u00e4 on ratkaisevan t\u00e4rke\u00e4\u00e4 pitk\u00e4ik\u00e4isyyden ja suorituskyvyn kannalta. Osien tulee olla helposti saatavilla rutiinitarkastuksia ja korjauksia varten, mik\u00e4 voi auttaa tunnistamaan mahdolliset ongelmat ennen kuin ne pahenevat. Yksinkertaistetut huoltok\u00e4yt\u00e4nn\u00f6t eiv\u00e4t ainoastaan \u200b\u200bparanna sylinterin toiminnan tehokkuutta, vaan my\u00f6s lis\u00e4\u00e4v\u00e4t ty\u00f6ntekij\u00f6iden turvallisuutta minimoimalla korjauksiin k\u00e4ytett\u00e4v\u00e4n ajan.<\/p>\n<p><img decoding=\"async\" src=\"https:\/\/www.hydraulic-cylinders.net\/wp-content\/uploads\/2025\/04\/songte-oil-pipes-and-spare-parts.webp\" alt=\"\u00d6ljyputket ja varaosat\"><\/p>\n<h2>Tiivistys ja voitelu<\/h2>\n<p>Tehokas tiivistys ja voitelu ovat elint\u00e4rkeit\u00e4 hydraulisylinterien optimaalisen suorituskyvyn kannalta. Erilaisia \u200b\u200btiivistyskomponentteja, kuten m\u00e4nn\u00e4ntiivisteit\u00e4 ja varren tiivisteit\u00e4, k\u00e4ytet\u00e4\u00e4n est\u00e4m\u00e4\u00e4n hydraulinesteen vuotaminen ja yll\u00e4pit\u00e4m\u00e4\u00e4n painetta j\u00e4rjestelm\u00e4ss\u00e4. Tiivisteiden on oltava kest\u00e4vist\u00e4 materiaaleista, kuten polyuretaanista ja nitriilikumista, jotka tarjoavat erinomaisen kulutuskest\u00e4vyyden. Sylinterin rungon ja kierteitettyjen p\u00e4iden pinnat tulee k\u00e4sitell\u00e4 hienoksi kest\u00e4vyyden parantamiseksi ja kitkan v\u00e4hent\u00e4miseksi.<\/p>\n<p>S\u00e4\u00e4nn\u00f6llinen voitelu hydrauliikka\u00f6ljyll\u00e4 on v\u00e4ltt\u00e4m\u00e4t\u00f6nt\u00e4 sujuvan toiminnan varmistamiseksi ja kulumisen est\u00e4miseksi. K\u00e4ytt\u00e4j\u00e4t tulee kouluttaa tunnistamaan riitt\u00e4m\u00e4tt\u00f6m\u00e4n voitelun merkit, kuten lis\u00e4\u00e4ntynyt melu tai hidas liike, ja heid\u00e4n tulee noudattaa tarkkaa aikataulua \u00f6ljyn tarkastuksissa ja t\u00e4ytt\u00f6iss\u00e4. Oikea voitelu ei ainoastaan \u200b\u200bpidenn\u00e4 sylinterin k\u00e4ytt\u00f6ik\u00e4\u00e4, vaan my\u00f6s parantaa j\u00e4rjestelm\u00e4n yleist\u00e4 suorituskyky\u00e4.<\/p>\n<h2>Ennaltaehk\u00e4isev\u00e4t huoltotoimenpiteet<\/h2>\n<ul>\n<li><strong>S\u00e4\u00e4nn\u00f6lliset tarkastukset:<\/strong> Suorita tarkastuksia vuotojen, korroosion ja muiden kulumisen merkkien havaitsemiseksi. Ongelmien varhainen havaitseminen voi est\u00e4\u00e4 vakavia vikoja ja kalliita korjauksia.<\/li>\n<li><strong>Asianmukainen voitelu:<\/strong> Varmista, ett\u00e4 hydrauliikka\u00f6ljyn m\u00e4\u00e4r\u00e4 tarkistetaan ja sit\u00e4 t\u00e4ydennet\u00e4\u00e4n s\u00e4\u00e4nn\u00f6llisesti. Optimaalisen \u00f6ljytason yll\u00e4pit\u00e4minen est\u00e4\u00e4 kitkaa ja ylikuumenemista samalla varmistaen sujuvan toiminnan.<\/li>\n<li><strong>Tiivisteiden vaihdot:<\/strong> Vaihda tiivisteet s\u00e4\u00e4nn\u00f6llisesti tarpeen mukaan vuotojen est\u00e4miseksi ja paineen yll\u00e4pit\u00e4miseksi j\u00e4rjestelm\u00e4ss\u00e4. Hyvin huolletut tiivisteet parantavat tehokkuutta ja turvallisuutta.<\/li>\n<\/ul>\n<h2>Asennusohjeet<\/h2>\n<p>Puomisylinterin oikea asennus on ratkaisevan t\u00e4rke\u00e4\u00e4 sen suorituskyvyn ja pitk\u00e4ik\u00e4isyyden kannalta. Aloita varmistamalla, ett\u00e4 sylinteri on kohdistettu oikein kaivinkoneen kiinnityspisteisiin. Oikeiden kiinnitystelineiden k\u00e4ytt\u00f6 on v\u00e4ltt\u00e4m\u00e4t\u00f6nt\u00e4 sylinterin kiinnitt\u00e4miseksi paikalleen ja est\u00e4miseksi sen liikkumisen k\u00e4yt\u00f6n aikana. On t\u00e4rke\u00e4\u00e4 noudattaa valmistajan ohjeita pulttien ja liitosten kiristysmomenttien suhteen, sill\u00e4 virheellinen kiinnitys voi johtaa ennenaikaiseen vikaantumiseen.<\/p>\n<p>Asennuksen j\u00e4lkeen tarkista huolellisesti kaikki liit\u00e4nn\u00e4t ja varmista, ett\u00e4 hydrauliikkaletkut ovat kiertyneet tai tukoksissa. Ennen kaivinkoneen k\u00e4ytt\u00f6\u00e4 testaa puomin sylinteri k\u00e4ytt\u00e4m\u00e4ll\u00e4 sit\u00e4 t\u00e4ydell\u00e4 liikeradalla varmistaaksesi, ettei vuotoja ole ja ett\u00e4 se toimii sujuvasti. S\u00e4\u00e4nn\u00f6llisten asennustarkastusten tulisi olla osa huoltorutiinia kokoonpanon mahdollisten siirtymien tai l\u00f6ysyyden havaitsemiseksi.<\/p>\n<h2>Yleiset huoltoteht\u00e4v\u00e4t<\/h2>\n<h3>S\u00e4\u00e4nn\u00f6lliset tarkastukset<\/h3>\n<p>S\u00e4\u00e4nn\u00f6llisten tarkastusten suorittaminen on ratkaisevan t\u00e4rke\u00e4\u00e4 puomin sylinterin toiminnan varmistamiseksi. Etsi kulumisen merkkej\u00e4, kuten naarmuja sylinterin rungossa tai vuotoja tiivisteiden ymp\u00e4rill\u00e4. Laadi rutiininomainen tarkastusaikataulu k\u00e4ytt\u00f6tiheyden perusteella ja varmista, ett\u00e4 kaikki henkil\u00f6st\u00f6 on koulutettu tunnistamaan mahdolliset ongelmat ennen kuin ne johtavat laitteen vikaantumiseen.<\/p>\n<h3>Asianmukainen voitelu<\/h3>\n<p>Oikean voitelun yll\u00e4pit\u00e4minen on v\u00e4ltt\u00e4m\u00e4t\u00f6nt\u00e4 puomisylinterin pitk\u00e4ik\u00e4isyyden kannalta. Varmista, ett\u00e4 hydrauliikka\u00f6ljy tarkistetaan ja sit\u00e4 t\u00e4ydennet\u00e4\u00e4n s\u00e4\u00e4nn\u00f6llisesti, sill\u00e4 alhainen \u00f6ljytaso voi johtaa lis\u00e4\u00e4ntyneeseen kulumiseen. Voitelu tulee tehd\u00e4 valmistajan suositusten mukaisesti, ja k\u00e4ytt\u00e4jien on oltava valppaita riitt\u00e4m\u00e4tt\u00f6m\u00e4n voitelun merkkien, kuten ep\u00e4tavallisten \u00e4\u00e4nien tai hitaan toiminnan, varalta.<\/p>\n<h3>Tiivisteiden vaihto ja kalibrointitarkastukset<\/h3>\n<p>Tiivisteiden s\u00e4\u00e4nn\u00f6llinen vaihtaminen on kriittist\u00e4 hydraulisen paineen yll\u00e4pit\u00e4miseksi ja vuotojen est\u00e4miseksi. Aikatauluta tiivisteiden vaihto osana rutiinihuoltosuunnitelmaa ja varmista, ett\u00e4 asianmukaiset kalibrointitarkastukset suoritetaan optimaalisen suorituskyvyn yll\u00e4pit\u00e4miseksi. Harkitse seurantaj\u00e4rjestelm\u00e4n k\u00e4ytt\u00f6\u00f6nottoa tiivisteiden kunnon seuraamiseksi ja vaihtojen suunnittelemiseksi sen mukaisesti.<\/p>\n<p><img decoding=\"async\" src=\"https:\/\/www.hydraulic-cylinders.net\/wp-content\/uploads\/2025\/04\/songte-chushion-collar.webp\" alt=\"Tyynykaulus\"><\/p>\n<h2>Turvallisuusn\u00e4k\u00f6kohdat ja ymp\u00e4rist\u00f6tekij\u00e4t<\/h2>\n<p>Hydraulij\u00e4rjestelmien kanssa ty\u00f6skennelt\u00e4ess\u00e4 on asetettava etusijalle turvatoimenpiteet k\u00e4ytt\u00e4jien ja sivullisten suojelemiseksi. Varmista, ett\u00e4 kaikki henkil\u00f6st\u00f6 on koulutettu asianmukaisiin turvallisuusprotokolliin, kuten asianmukaisten henkil\u00f6nsuojainten k\u00e4ytt\u00f6\u00f6n ja laitteiden k\u00e4ytt\u00f6rajojen ymm\u00e4rt\u00e4miseen. On t\u00e4rke\u00e4\u00e4 tarkistaa s\u00e4\u00e4nn\u00f6llisesti turvallisuusmenettelyt ja yll\u00e4pit\u00e4\u00e4 selke\u00e4\u00e4 viestint\u00e4\u00e4 tiimin j\u00e4senten v\u00e4lill\u00e4 raskaiden koneiden k\u00e4yt\u00f6st\u00e4. Ymp\u00e4rist\u00f6tekij\u00e4t, kuten s\u00e4\u00e4olosuhteet ja ty\u00f6maan vaarat, on my\u00f6s otettava huomioon hydraulisten laitteiden turvallisen k\u00e4yt\u00f6n varmistamiseksi.<\/p>\n<h2>Vianm\u00e4\u00e4ritys ja yleiset ongelmat<\/h2>\n<ul>\n<li><strong>Vuoto:<\/strong> Yksi yleisimmist\u00e4 ongelmista on hydraulinesteen vuoto, joka voi johtua kuluneista tiivisteist\u00e4 tai vaurioituneista letkuista. Tarkista tiivisteet s\u00e4\u00e4nn\u00f6llisesti ja vaihda ne tarvittaessa vuotojen est\u00e4miseksi.<\/li>\n<li><strong>Paineh\u00e4vi\u00f6:<\/strong> Hydraulisen paineen lasku voi johtua vuodoista, tukoksista tai viallisista pumpuista. Tarkista s\u00e4\u00e4nn\u00f6llisesti hydraulij\u00e4rjestelm\u00e4 vuotojen varalta ja varmista, ett\u00e4 kaikki komponentit toimivat oikein.<\/li>\n<li><strong>Hidas sylinterin liike:<\/strong> Jos puomin sylinteri liikkuu hitaasti, se voi johtua riitt\u00e4m\u00e4tt\u00f6m\u00e4st\u00e4 voitelusta tai hydraulinesteen tasosta. Varmista, ett\u00e4 j\u00e4rjestelm\u00e4 on riitt\u00e4v\u00e4sti voideltu ja ett\u00e4 nestetasot pysyv\u00e4t normaaleina.<\/li>\n<\/ul>\n<h2>Vianm\u00e4\u00e4ritysvinkkej\u00e4<\/h2>\n<p>Puomisylinterin ongelmien tehokas diagnosointi ja ratkaiseminen aloita tarkistamalla hydraulinesteen tasot ja etsim\u00e4ll\u00e4 n\u00e4kyvi\u00e4 vuotoja. Jos ep\u00e4ilet paineh\u00e4vi\u00f6t\u00e4, tarkista koko hydraulij\u00e4rjestelm\u00e4, mukaan lukien letkut ja liittimet, perusteellisesti mahdollisten tukosten tai vuotojen tunnistamiseksi. Hitaiden liikkeiden osalta arvioi voitelutasot ja lis\u00e4\u00e4 hydrauli\u00f6ljy\u00e4 tarvittaessa toiminnan palauttamiseksi. S\u00e4\u00e4nn\u00f6llisen ennaltaehk\u00e4isev\u00e4n huollon toteuttaminen voi my\u00f6s auttaa minimoimaan n\u00e4iden ongelmien esiintymisen ja varmistamaan sujuvamman toiminnan.<\/p>\n<p><img decoding=\"async\" src=\"https:\/\/www.hydraulic-cylinders.net\/wp-content\/uploads\/2025\/04\/songte-bushings-with-all-kinds-of-excavator-models.webp\" alt=\"Kaivinkoneiden holkit\"><\/p>\n<h2>Tietoa yrityksest\u00e4mme<\/h2>\n<p>Olemme johtava hydraulisylintereiden valmistaja ja tukkumyyj\u00e4, joka on erikoistunut korkealaatuisten vaihtosylintereiden valmistukseen. Laaja tuotevalikoimamme tekee meist\u00e4 yhden johtavista hydraulisylintereiden valmistajista sek\u00e4 kotimaisilla ett\u00e4 kansainv\u00e4lisill\u00e4 markkinoilla. Noudatamme erinomaista laatua ja hy\u00f6dynn\u00e4mme hienostuneita valmistusprosesseja ja strategioita tuotannonhallinnan parantamiseksi.<\/p>\n<p>Yrityksemme on sitoutunut jatkuvaan parantamiseen k\u00e4ytt\u00e4m\u00e4ll\u00e4 edistynytt\u00e4 teknologiaa ja tarkkuusvalmistuslaitteita. Vahvalla innovaatiokeskeisyydell\u00e4 olemme luoneet vankan valmistusalustan, joka vastaa monipuolisiin asiakastarpeisiin korkealla tehokkuudella, tarkkuudella ja laadulla.<\/p>\n<p>Tarjoamme r\u00e4\u00e4t\u00e4l\u00f6ityj\u00e4 ratkaisuja, jotka on r\u00e4\u00e4t\u00e4l\u00f6ity vastaamaan erityisvaatimuksia, varmistaen, ett\u00e4 tuotteemme s\u00e4ilytt\u00e4v\u00e4t kansainv\u00e4liset sertifikaatit. Myynnin j\u00e4lkeiset palvelumme on suunniteltu tarjoamaan jatkuvaa tukea, helpottamaan asiakkaidemme operatiivisia tarpeita ja vahvistamaan sitoutumistamme laatuun ja palveluun.<\/p>\n<p><img decoding=\"async\" src=\"https:\/\/www.hydraulic-cylinders.net\/wp-content\/uploads\/2025\/04\/songte-company-4.webp\" alt=\"Yrityksen yleiskatsaus\"><br \/>\n<img decoding=\"async\" src=\"https:\/\/www.hydraulic-cylinders.net\/wp-content\/uploads\/2025\/04\/songte-company-3.webp\" alt=\"Tuotantolaitos\"><\/p>\n<p>Kirjoittaja: lyl<\/p>","protected":false},"excerpt":{"rendered":"<p>Boom Cylinder For XCMG Middle Excavator XE240 Product Overview The Boom Cylinder for XCMG Middle Excavator XE240 is an essential hydraulic component designed to facilitate the movement and operation of the excavator&#8217;s boom. It is a type of hydraulic cylinder specifically engineered to control the up, down, and tilt movements of the excavator&#8217;s bucket. This [&hellip;]<\/p>","protected":false},"featured_media":17876,"comment_status":"open","ping_status":"closed","template":"","meta":{"_et_pb_use_builder":"","_et_pb_old_content":"","_et_gb_content_width":""},"product_brand":[],"product_cat":[1546],"product_tag":[1547,1496],"class_list":{"0":"post-19190","1":"product","2":"type-product","3":"status-publish","4":"has-post-thumbnail","6":"product_cat-boom-cylinders","7":"product_tag-boom-cylinders","8":"product_tag-hydraulic-cylinders","10":"first","11":"instock","12":"shipping-taxable","13":"product-type-simple"},"amp_enabled":true,"_links":{"self":[{"href":"https:\/\/www.hydraulic-cylinders.net\/fi\/wp-json\/wp\/v2\/product\/19190","targetHints":{"allow":["GET"]}}],"collection":[{"href":"https:\/\/www.hydraulic-cylinders.net\/fi\/wp-json\/wp\/v2\/product"}],"about":[{"href":"https:\/\/www.hydraulic-cylinders.net\/fi\/wp-json\/wp\/v2\/types\/product"}],"replies":[{"embeddable":true,"href":"https:\/\/www.hydraulic-cylinders.net\/fi\/wp-json\/wp\/v2\/comments?post=19190"}],"wp:featuredmedia":[{"embeddable":true,"href":"https:\/\/www.hydraulic-cylinders.net\/fi\/wp-json\/wp\/v2\/media\/17876"}],"wp:attachment":[{"href":"https:\/\/www.hydraulic-cylinders.net\/fi\/wp-json\/wp\/v2\/media?parent=19190"}],"wp:term":[{"taxonomy":"product_brand","embeddable":true,"href":"https:\/\/www.hydraulic-cylinders.net\/fi\/wp-json\/wp\/v2\/product_brand?post=19190"},{"taxonomy":"product_cat","embeddable":true,"href":"https:\/\/www.hydraulic-cylinders.net\/fi\/wp-json\/wp\/v2\/product_cat?post=19190"},{"taxonomy":"product_tag","embeddable":true,"href":"https:\/\/www.hydraulic-cylinders.net\/fi\/wp-json\/wp\/v2\/product_tag?post=19190"}],"curies":[{"name":"wp","href":"https:\/\/api.w.org\/{rel}","templated":true}]}}