{"id":19195,"date":"2025-04-07T06:17:31","date_gmt":"2025-04-07T06:17:31","guid":{"rendered":"https:\/\/www.hydraulic-cylinders.net\/product\/boom-cylinder-for-xcmg-middle-excavator-xe260cll\/"},"modified":"2025-04-07T06:17:34","modified_gmt":"2025-04-07T06:17:34","slug":"boom-cylinder-for-xcmg-middle-excavator-xe260cll","status":"publish","type":"product","link":"https:\/\/www.hydraulic-cylinders.net\/fi\/tuote\/boom-cylinder-for-xcmg-middle-excavator-xe260cll\/","title":{"rendered":"Puomin sylinteri XCMG:n keskikaivinkoneelle XE260CLL"},"content":{"rendered":"<h1>Puomin sylinteri XCMG:n keskikaivinkoneelle XE260CLL<\/h1>\n<h2>Tuotteen yleiskatsaus<\/h2>\n<p>XCMG:n XE260CLL-keskikaivukoneen puomin sylinteri on t\u00e4rke\u00e4 osa kaivinkoneiden hydrauliikkaj\u00e4rjestelmi\u00e4. T\u00e4m\u00e4 hydraulisylinteri on erityisesti suunniteltu ohjaamaan puomin liikett\u00e4, mahdollistaen sen tarkan nostamisen, laskemisen ja kallistuksen. N\u00e4m\u00e4 toiminnot ovat v\u00e4ltt\u00e4m\u00e4tt\u00f6mi\u00e4 erilaisissa materiaalink\u00e4sittelyteht\u00e4viss\u00e4 ja varmistavat toiminnan tehokkuuden ja vaikuttavuuden.<\/p>\n<p><img decoding=\"async\" src=\"https:\/\/www.hydraulic-cylinders.net\/wp-content\/uploads\/2025\/04\/songte-company-1.webp\" alt=\"Kaivinkoneen puomin sylinteri\" \/><\/p>\n<h3>M\u00e4\u00e4ritelm\u00e4 ja toiminta<\/h3>\n<p>Puomisylinterit ovat hydraulisylintereit\u00e4, joilla on t\u00e4rke\u00e4 rooli raskaissa koneissa, erityisesti kaivinkoneissa, kaivurikuormaajissa ja etukuormaajissa. Ne helpottavat puomin liikett\u00e4, jolloin kuljettajat voivat suorittaa t\u00e4rkeit\u00e4 teht\u00e4vi\u00e4, kuten kaivamista, nostamista ja materiaalien kuljettamista. Hydraulij\u00e4rjestelm\u00e4n paine mahdollistaa tasaisen ja hallitun liikkeen, mik\u00e4 tekee n\u00e4ist\u00e4 sylintereist\u00e4 v\u00e4ltt\u00e4m\u00e4tt\u00f6mi\u00e4 rakennus- ja maatalouskoneissa.<\/p>\n<h2>T\u00e4rkeimm\u00e4t ominaisuudet<\/h2>\n<ul>\n<li><strong>Korkea lujuus ja kest\u00e4vyys:<\/strong> N\u00e4m\u00e4 sylinterit on valmistettu lujasta ter\u00e4ksest\u00e4 tai alumiinista, ja ne kest\u00e4v\u00e4t korkeaa painetta ja raskaita kuormia, joten ne sopivat vaativiin ty\u00f6ymp\u00e4rist\u00f6ihin.<\/li>\n<li><strong>Tehokas hydraulinen k\u00e4ytt\u00f6:<\/strong> Hydrauli\u00f6ljyn paineen hy\u00f6dynt\u00e4minen mahdollistaa sujuvat ojennus- ja sis\u00e4\u00e4nvetoliikkeet, mik\u00e4 tarjoaa tehokkaat ty\u00f6nt\u00f6- ja vetovoimat, joita tarvitaan raskaisiin nostoihin ja monimutkaisiin teht\u00e4viin.<\/li>\n<li><strong>Erilaisia \u200b\u200btyyppej\u00e4:<\/strong> N\u00e4it\u00e4 sylintereit\u00e4 on saatavilla yksi- tai kaksitoimisina kokoonpanoina, ja ne voidaan r\u00e4\u00e4t\u00e4l\u00f6id\u00e4 vastaamaan erilaisiin k\u00e4ytt\u00f6tarpeisiin. Jotkut mallit ovat teleskooppisia, mik\u00e4 mahdollistaa pidemm\u00e4n ulottuvuuden ilman ulkomittojen kasvua.<\/li>\n<li><strong>Asennuksen helppous:<\/strong> Suunniteltu yhteensopivaksi useiden kaivinkonemallien kanssa, mik\u00e4 varmistaa yksinkertaisen vaihto- ja asennusprosessin.<\/li>\n<li><strong>Huoltoyst\u00e4v\u00e4llinen muotoilu:<\/strong> Sis\u00e4lt\u00e4\u00e4 ominaisuuksia, jotka yksinkertaistavat tarkastusta ja huoltoa ja pident\u00e4v\u00e4t sylinterin k\u00e4ytt\u00f6ik\u00e4\u00e4.<\/li>\n<\/ul>\n<p>Tuotteemme voivat t\u00e4ydellisesti korvata olemassa olevat hydraulisylinterit varmistaen optimaalisen suorituskyvyn ja luotettavuuden.<\/p>\n<p><img decoding=\"async\" src=\"https:\/\/www.hydraulic-cylinders.net\/wp-content\/uploads\/2025\/04\/songte-cylinder-head-with-all-kinds-excavator-models.webp\" alt=\"Kaivinkoneen sylinterikansi\" \/><\/p>\n<h2>Sovellusskenaariot<\/h2>\n<h3>Rakennuslaitteet<\/h3>\n<p>Kaivinkoneissa puomin sylinterit ovat v\u00e4ltt\u00e4m\u00e4tt\u00f6mi\u00e4 kaivamiseen, lastaamiseen ja maaper\u00e4n tai roskien siirt\u00e4miseen. Niiden kyky hallita puomin asentoa tarkasti mahdollistaa tehokkaan kaivamisen ja materiaalin k\u00e4sittelyn, mik\u00e4 tekee niist\u00e4 v\u00e4ltt\u00e4m\u00e4tt\u00f6mi\u00e4 rakennusprojekteissa.<\/p>\n<h3>Maatalouskoneet<\/h3>\n<p>Etukuormaajissa puomin sylinterit helpottavat maaper\u00e4n, hein\u00e4n ja muiden materiaalien kaivamista, nostamista ja kuljetusta. Niiden kest\u00e4v\u00e4 rakenne varmistaa, ett\u00e4 ne pystyv\u00e4t selviytym\u00e4\u00e4n maatalousteht\u00e4vien vaatimuksista, mik\u00e4 parantaa maatilojen tehokkuutta ja tuottavuutta.<\/p>\n<h3>Kaivinkoneet<\/h3>\n<p>Puomin sylinterit ovat ratkaisevan t\u00e4rkeit\u00e4 kaivinkoneiden kaivutoimintojen saavuttamiseksi, sill\u00e4 niiden avulla kauha tunkeutuu tehokkaasti maaper\u00e4\u00e4n. T\u00e4m\u00e4 toiminto on elint\u00e4rke\u00e4 erilaisissa kaivuprojekteissa, olipa kyseess\u00e4 sitten maisemointi, rakentaminen tai purku.<\/p>\n<h3>Kuormaajat<\/h3>\n<p>Etukuormaajissa puomin sylinterit auttavat kuormien tehokkaassa nostamisessa ja tyhjent\u00e4misess\u00e4. Niiden tehokas toiminta on v\u00e4ltt\u00e4m\u00e4t\u00f6nt\u00e4 raskaiden materiaalien k\u00e4sittelyss\u00e4, jotta teht\u00e4v\u00e4t voidaan suorittaa nopeasti ja tehokkaasti.<\/p>\n<h2>Suunnittelun\u00e4k\u00f6kohdat ja valintakriteerit<\/h2>\n<h3>Kantavuus<\/h3>\n<p>Puomisylinteri\u00e4 valittaessa on ratkaisevan t\u00e4rke\u00e4\u00e4 ymm\u00e4rt\u00e4\u00e4 sen kuormituskapasiteetti. T\u00e4m\u00e4 ominaisuus m\u00e4\u00e4ritt\u00e4\u00e4, kuinka paljon painoa sylinteri voi turvallisesti nostaa ja k\u00e4sitell\u00e4. On t\u00e4rke\u00e4\u00e4 valita sylinteri, joka t\u00e4ytt\u00e4\u00e4 tai ylitt\u00e4\u00e4 tietyn sovelluksen vaatimukset, jotta v\u00e4ltet\u00e4\u00e4n viat ja varmistetaan turvallisuus. Sylinterin ylikuormitus voi johtaa katastrofaalisiin vikoihin, joten materiaalien paino on t\u00e4rke\u00e4\u00e4 arvioida s\u00e4\u00e4nn\u00f6llisesti.<\/p>\n<h3>Tiivistyskyky<\/h3>\n<p>Tiivistys on toinen hydraulisylintereiden kriittinen osa-alue. Oikeat tiivisteet est\u00e4v\u00e4t vuodot ja yll\u00e4pit\u00e4v\u00e4t paineen j\u00e4rjestelm\u00e4ss\u00e4. Kest\u00e4vist\u00e4 materiaaleista valmistetut korkealaatuiset tiivisteet ovat v\u00e4ltt\u00e4m\u00e4tt\u00f6mi\u00e4 luotettavan toiminnan varmistamiseksi. Huono tiivistys voi johtaa hydraulinesteen h\u00e4vikkiin, tehokkuuden heikkenemiseen ja ymp\u00e4rist\u00f6riskeihin, mik\u00e4 korostaa korkealaatuisten tiivistekomponenttien k\u00e4yt\u00f6n t\u00e4rkeytt\u00e4.<\/p>\n<h3>Kest\u00e4vyys<\/h3>\n<p>Kest\u00e4vyys on merkitt\u00e4v\u00e4 tekij\u00e4 hydraulisylintereiden suunnittelussa. N\u00e4m\u00e4 komponentit altistuvat ankarille k\u00e4ytt\u00f6olosuhteille, kuten \u00e4\u00e4rimm\u00e4isille l\u00e4mp\u00f6tiloille, p\u00f6lylle ja kosteudelle. Kest\u00e4vyytt\u00e4 parantavien materiaalien ja mallien valinta on ratkaisevan t\u00e4rke\u00e4\u00e4 pitk\u00e4kestoisen suorituskyvyn kannalta. S\u00e4\u00e4nn\u00f6lliset tarkastukset ja huolto voivat pident\u00e4\u00e4 sylinterin k\u00e4ytt\u00f6ik\u00e4\u00e4 entisest\u00e4\u00e4n ja varmistaa, ett\u00e4 se toimii optimaalisesti ajan my\u00f6t\u00e4.<\/p>\n<h3>Turvaominaisuudet<\/h3>\n<p>Turvallisuus on ensiarvoisen t\u00e4rke\u00e4\u00e4 hydraulij\u00e4rjestelmiss\u00e4. Puomin sylintereiss\u00e4 tulisi olla turvaominaisuuksia, kuten paineenalennusventtiilej\u00e4, ylipaineen est\u00e4miseksi. Lis\u00e4ksi asianmukainen asennus ja s\u00e4\u00e4nn\u00f6lliset huoltotarkastukset voivat auttaa lievent\u00e4m\u00e4\u00e4n hydraulisiin vikoihin liittyvi\u00e4 riskej\u00e4. K\u00e4ytt\u00e4j\u00e4t tulisi kouluttaa tunnistamaan kulumisen tai toimintah\u00e4iri\u00f6iden merkit turvallisen ty\u00f6ymp\u00e4rist\u00f6n edist\u00e4miseksi.<\/p>\n<h3>Huollettavuus<\/h3>\n<p>Hydraulisylinterien suunnittelu helpoksi huollettavaksi parantaa niiden huollettavuutta, v\u00e4hent\u00e4\u00e4 seisokkiaikoja ja korjauskustannuksia. Ominaisuudet, kuten helposti saavutettavat tiivisteet ja komponentit, helpottavat nopeita korjauksia tai vaihtoja. S\u00e4\u00e4nn\u00f6lliset huolto-ohjelmat tulisi laatia sen varmistamiseksi, ett\u00e4 mahdollisiin kulumiin puututaan nopeasti, mik\u00e4 pident\u00e4\u00e4 laitteiden k\u00e4ytt\u00f6ik\u00e4\u00e4.<\/p>\n<p><img decoding=\"async\" src=\"https:\/\/www.hydraulic-cylinders.net\/wp-content\/uploads\/2025\/04\/songte-oil-pipes-and-spare-parts.webp\" alt=\"Hydrauliset varaosat\" \/><\/p>\n<h2>Tiivistys ja voitelu<\/h2>\n<p>Tehokas tiivistys ja voitelu ovat v\u00e4ltt\u00e4m\u00e4tt\u00f6mi\u00e4 puomisylinterien optimaalisen suorituskyvyn kannalta. Hydraulij\u00e4rjestelm\u00e4n eheyden yll\u00e4pit\u00e4miseksi k\u00e4ytet\u00e4\u00e4n erilaisia \u200b\u200btiivistyskomponentteja, kuten m\u00e4nn\u00e4ntiivisteit\u00e4 ja varren tiivisteit\u00e4. Kulutusta kest\u00e4vist\u00e4 materiaaleista, kuten polyuretaanista tai nitriilikumista, valmistettujen tiivisteiden valinta parantaa kest\u00e4vyytt\u00e4 ja suorituskyky\u00e4. Sylinterin runko ja kierteitetyt p\u00e4\u00e4typinnat tulee k\u00e4sitell\u00e4 hienovaraisesti kulutuskest\u00e4vyyden parantamiseksi.<\/p>\n<p>S\u00e4\u00e4nn\u00f6llinen voitelu on my\u00f6s ratkaisevan t\u00e4rke\u00e4\u00e4. Hydrauliikka\u00f6ljy\u00e4 on lis\u00e4tt\u00e4v\u00e4 s\u00e4\u00e4nn\u00f6llisesti, jotta varmistetaan sujuva toiminta ja estet\u00e4\u00e4n liiallinen kuluminen. Oikean \u00f6ljytason ja -laadun yll\u00e4pit\u00e4minen on v\u00e4ltt\u00e4m\u00e4t\u00f6nt\u00e4 hydrauliikkakomponenttien pitk\u00e4ik\u00e4isyydelle.<\/p>\n<h2>S\u00e4\u00e4nn\u00f6lliset tarkastukset ja ennaltaehk\u00e4isev\u00e4t huoltotoimenpiteet<\/h2>\n<ul>\n<li><strong>S\u00e4\u00e4nn\u00f6lliset tarkastukset:<\/strong> Hydraulisylinterien tarkastaminen vuotojen, kulumisen ja vaurioiden varalta on olennaista. K\u00e4ytt\u00e4j\u00e4n tulee suorittaa silm\u00e4m\u00e4\u00e4r\u00e4isi\u00e4 tarkastuksia s\u00e4\u00e4nn\u00f6llisesti mahdollisten ongelmien tunnistamiseksi ennen kuin ne pahenevat.<\/li>\n<li><strong>Asianmukainen voitelu:<\/strong> Hydraulisylinterien riitt\u00e4v\u00e4 voitelu on elint\u00e4rke\u00e4\u00e4 sujuvan toiminnan ja kulumisen est\u00e4misen kannalta. T\u00e4h\u00e4n sis\u00e4ltyy \u00f6ljytasojen tarkistaminen ja \u00f6ljyn vaihtaminen tarvittaessa.<\/li>\n<li><strong>Tiivisteen vaihto:<\/strong> Tiivisteiden s\u00e4\u00e4nn\u00f6llinen vaihtaminen voi est\u00e4\u00e4 hydraulinestevuodot ja yll\u00e4pit\u00e4\u00e4 j\u00e4rjestelm\u00e4n tehokkuutta. K\u00e4ytt\u00e4j\u00e4t tulisi kouluttaa tunnistamaan, milloin tiivisteet on vaihdettava, jotta v\u00e4ltet\u00e4\u00e4n j\u00e4rjestelm\u00e4viat.<\/li>\n<\/ul>\n<h2>Asennusohjeet<\/h2>\n<p>Puomisylinterien oikea asennus on kriittisen t\u00e4rke\u00e4\u00e4 optimaalisen suorituskyvyn varmistamiseksi. Asennuksen aikana on t\u00e4rke\u00e4\u00e4 kohdistaa sylinteri oikein kiinnityspisteisiin. V\u00e4\u00e4r\u00e4 kohdistus voi aiheuttaa sylinterin ennenaikaista kulumista tai rikkoutumisen. K\u00e4yt\u00e4 sopivia asennuskiinnikkeit\u00e4 sylinterin kiinnitt\u00e4miseksi paikalleen asennuksen aikana.<\/p>\n<p>Katso aina valmistajan ohjeita tarkemmista asennusohjeista ja v\u00e4\u00e4nt\u00f6momenteista. Asennuksen j\u00e4lkeen tarkista vuodot ja varmista, ett\u00e4 hydraulij\u00e4rjestelm\u00e4 toimii oikein. Tarkkaile sylinterin suorituskyky\u00e4 s\u00e4\u00e4nn\u00f6llisesti ongelmien havaitsemiseksi varhaisessa vaiheessa.<\/p>\n<h2>Huoltoteht\u00e4v\u00e4t<\/h2>\n<ul>\n<li><strong>S\u00e4\u00e4nn\u00f6lliset tarkastukset:<\/strong> Suorita s\u00e4\u00e4nn\u00f6llisi\u00e4 tarkastuksia havaitaksesi mahdolliset poikkeavat merkit, kuten vuodot tai ep\u00e4tavalliset \u00e4\u00e4net. T\u00e4m\u00e4 auttaa puuttumaan mahdollisiin ongelmiin ajoissa.<\/li>\n<li><strong>Oikea voitelu:<\/strong> Varmista, ett\u00e4 hydrauliikka\u00f6ljyn taso on oikea ja ett\u00e4 \u00f6ljy on puhdasta. K\u00e4yt\u00e4 valmistajan suosittelemaa \u00f6ljy\u00e4 suorituskyvyn yll\u00e4pit\u00e4miseksi.<\/li>\n<li><strong>Tiivisteen vaihto ja kalibrointi:<\/strong> Tarkista tiivisteiden kuluminen s\u00e4\u00e4nn\u00f6llisesti ja vaihda ne tarvittaessa. Kalibrointitarkastukset varmistavat, ett\u00e4 j\u00e4rjestelm\u00e4 toimii m\u00e4\u00e4ritettyjen parametrien puitteissa, mik\u00e4 parantaa turvallisuutta ja suorituskyky\u00e4.<\/li>\n<\/ul>\n<p>Oikea asennus, voitelu ja s\u00e4\u00e4d\u00f6t ovat elint\u00e4rkeit\u00e4 hydraulisylinterien pitk\u00e4ik\u00e4isyydelle. Varmista oikea kohdistus asennuksen aikana ja k\u00e4yt\u00e4 oikeita kiinnityskorvakkeita sylinterin kiinnitt\u00e4miseen. Noudata suositeltuja tarkastus-, korjaus- ja vaihto-ohjeita ja harkitse korjauspalveluitamme hydraulikomponenttiesi k\u00e4ytt\u00f6i\u00e4n pident\u00e4miseksi.<\/p>\n<p><img decoding=\"async\" src=\"https:\/\/www.hydraulic-cylinders.net\/wp-content\/uploads\/2025\/04\/songte-chushion-collar.webp\" alt=\"Tyynykaulus\" \/><\/p>\n<h2>Turvallisuusn\u00e4k\u00f6kohdat ja ymp\u00e4rist\u00f6tekij\u00e4t<\/h2>\n<p>Turvallisuuden asettaminen etusijalle hydraulisten j\u00e4rjestelmien kanssa ty\u00f6skennelless\u00e4 on ratkaisevan t\u00e4rke\u00e4\u00e4. K\u00e4ytt\u00e4jien tulee aina k\u00e4ytt\u00e4\u00e4 asianmukaisia \u200b\u200bhenkil\u00f6nsuojaimia ja olla koulutettuja h\u00e4t\u00e4tilannemenettelyihin. Lis\u00e4ksi turvatoimenpiteiden toteuttaminen, kuten s\u00e4\u00e4nn\u00f6llinen vuotojen tarkistus ja laitteiden huolto, on olennaista hydraulisiin vikoihin liittyvien riskien v\u00e4hent\u00e4miseksi.<\/p>\n<h2>Vianm\u00e4\u00e4ritys ja yleiset ongelmat<\/h2>\n<ul>\n<li><strong>Vuoto:<\/strong> Yksi yleisimmist\u00e4 hydraulisylintereihin liittyvist\u00e4 ongelmista. Tarkista tiivisteet ja liittimet kulumisen tai vaurioiden varalta ja vaihda ne tarvittaessa.<\/li>\n<li><strong>Riitt\u00e4m\u00e4t\u00f6n teho:<\/strong> Jos sylinteri ei nouse tai liiku odotetulla tavalla, tarkista hydraulinesteen m\u00e4\u00e4r\u00e4 ja etsi tukoksia letkuista.<\/li>\n<li><strong>Ep\u00e4tavalliset \u00e4\u00e4net:<\/strong> Hankaavat tai sihisev\u00e4t \u00e4\u00e4net voivat viitata ilmaan j\u00e4rjestelm\u00e4ss\u00e4 tai alhaiseen nestetasoon. Tutki ja korjaa n\u00e4m\u00e4 ongelmat viipym\u00e4tt\u00e4.<\/li>\n<\/ul>\n<h3>Vianm\u00e4\u00e4ritysvinkkej\u00e4<\/h3>\n<p>Jos puomisylinterin kanssa ilmenee ongelmia, aloita tarkistamalla tiivisteet vuotojen tai halkeamien varalta. Varmista, ett\u00e4 hydraulinesteen taso on oikea eik\u00e4 siin\u00e4 ole ep\u00e4puhtauksia. S\u00e4\u00e4nn\u00f6llinen huolto voi lievent\u00e4\u00e4 monia yleisi\u00e4 ongelmia, joten laadi s\u00e4\u00e4nn\u00f6llinen tarkastusaikataulu mahdollisten ongelmien tunnistamiseksi varhaisessa vaiheessa.<\/p>\n<p><img decoding=\"async\" src=\"https:\/\/www.hydraulic-cylinders.net\/wp-content\/uploads\/2025\/04\/songte-bushings-with-all-kinds-of-excavator-models.webp\" alt=\"Kaivinkoneen holkit\" \/><\/p>\n<h2>Tietoa meist\u00e4<\/h2>\n<p>Olemme johtava hydraulisten sylinterien vaihto-osien valmistaja, joka tarjoaa kattavan valikoiman tuotteita kotimaisilla ja kansainv\u00e4lisill\u00e4 markkinoilla. Sitoutumisemme huippuosaamiseen perustuu hienostuneeseen valmistusstrategiaan, joka hy\u00f6dynt\u00e4\u00e4 osaavaa henkil\u00f6st\u00f6\u00e4, edistyneit\u00e4 digitaalisia valmistuslaitteita ja ammattimaisia \u200b\u200btestausj\u00e4rjestelmi\u00e4. Parannamme jatkuvasti valmistuskapasiteettiamme voidaksemme vastata monipuolisiin asiakastarpeisiin tehokkaasti ja tarkasti.<\/p>\n<p>Keskittymisemme laatuun varmistaa, ett\u00e4 noudatamme kansainv\u00e4lisi\u00e4 standardeja, ja r\u00e4\u00e4t\u00e4l\u00f6idyt palvelumme mahdollistavat erityisvaatimusten t\u00e4ytt\u00e4misen. Huippuluokan tuotantolaitteistomme ja vankka j\u00e4lkimarkkinointitukemme antavat asiakkaillemme luottamusta investointeihinsa.<\/p>\n<p><img decoding=\"async\" src=\"https:\/\/www.hydraulic-cylinders.net\/wp-content\/uploads\/2025\/04\/songte-company-4.webp\" alt=\"Yrityskuva 1\" \/><br \/>\n<img decoding=\"async\" src=\"https:\/\/www.hydraulic-cylinders.net\/wp-content\/uploads\/2025\/04\/songte-company-3.webp\" alt=\"Yrityskuva 2\" \/><\/p>\n<p>Kirjoittaja: lyl<\/p>","protected":false},"excerpt":{"rendered":"<p>Boom Cylinder For XCMG Middle Excavator XE260CLL Product Overview The Boom Cylinder for XCMG Middle Excavator XE260CLL is a crucial component in the hydraulic systems of excavators. This hydraulic cylinder is specifically designed to control the movement of the boom, enabling it to lift, lower, and tilt with precision. These functions are essential for various [&hellip;]<\/p>","protected":false},"featured_media":17881,"comment_status":"open","ping_status":"closed","template":"","meta":{"_et_pb_use_builder":"","_et_pb_old_content":"","_et_gb_content_width":""},"product_brand":[],"product_cat":[1546],"product_tag":[1547,1496],"class_list":{"0":"post-19195","1":"product","2":"type-product","3":"status-publish","4":"has-post-thumbnail","6":"product_cat-boom-cylinders","7":"product_tag-boom-cylinders","8":"product_tag-hydraulic-cylinders","10":"first","11":"instock","12":"shipping-taxable","13":"product-type-simple"},"amp_enabled":true,"_links":{"self":[{"href":"https:\/\/www.hydraulic-cylinders.net\/fi\/wp-json\/wp\/v2\/product\/19195","targetHints":{"allow":["GET"]}}],"collection":[{"href":"https:\/\/www.hydraulic-cylinders.net\/fi\/wp-json\/wp\/v2\/product"}],"about":[{"href":"https:\/\/www.hydraulic-cylinders.net\/fi\/wp-json\/wp\/v2\/types\/product"}],"replies":[{"embeddable":true,"href":"https:\/\/www.hydraulic-cylinders.net\/fi\/wp-json\/wp\/v2\/comments?post=19195"}],"wp:featuredmedia":[{"embeddable":true,"href":"https:\/\/www.hydraulic-cylinders.net\/fi\/wp-json\/wp\/v2\/media\/17881"}],"wp:attachment":[{"href":"https:\/\/www.hydraulic-cylinders.net\/fi\/wp-json\/wp\/v2\/media?parent=19195"}],"wp:term":[{"taxonomy":"product_brand","embeddable":true,"href":"https:\/\/www.hydraulic-cylinders.net\/fi\/wp-json\/wp\/v2\/product_brand?post=19195"},{"taxonomy":"product_cat","embeddable":true,"href":"https:\/\/www.hydraulic-cylinders.net\/fi\/wp-json\/wp\/v2\/product_cat?post=19195"},{"taxonomy":"product_tag","embeddable":true,"href":"https:\/\/www.hydraulic-cylinders.net\/fi\/wp-json\/wp\/v2\/product_tag?post=19195"}],"curies":[{"name":"wp","href":"https:\/\/api.w.org\/{rel}","templated":true}]}}