{"id":19208,"date":"2025-04-07T06:18:13","date_gmt":"2025-04-07T06:18:13","guid":{"rendered":"https:\/\/www.hydraulic-cylinders.net\/product\/boom-cylinder-for-xcmg-wheel-excavator-xe150w\/"},"modified":"2025-04-07T06:18:16","modified_gmt":"2025-04-07T06:18:16","slug":"boom-cylinder-for-xcmg-wheel-excavator-xe150w","status":"publish","type":"product","link":"https:\/\/www.hydraulic-cylinders.net\/fi\/tuote\/boom-cylinder-for-xcmg-wheel-excavator-xe150w\/","title":{"rendered":"Puomin sylinteri XCMG-py\u00f6r\u00e4kaivukoneelle XE150W"},"content":{"rendered":"<h1>Puomin sylinteri XCMG-py\u00f6r\u00e4kaivukoneelle XE150W<\/h1>\n<h2>Puomin sylinterin yleiskatsaus<\/h2>\n<p>Puomisylinteri on t\u00e4rke\u00e4 osa hydrauliikkaj\u00e4rjestelmi\u00e4, ja se on erityisesti suunniteltu ohjaamaan puomien liikett\u00e4 erilaisissa raskaissa koneissa, kuten kaivinkoneissa, traktorikaivureissa ja etukuormaajissa. Se mahdollistaa puomin nostamisen, laskemisen ja kallistuksen, mik\u00e4 helpottaa tehokasta materiaalink\u00e4sittely\u00e4. Puomisylinteri on hydraulinen sylinterityyppi, joka k\u00e4ytt\u00e4\u00e4 hydraulinesteen painetta n\u00e4iden toimintojen suorittamiseen, mik\u00e4 tekee siit\u00e4 v\u00e4ltt\u00e4m\u00e4tt\u00f6m\u00e4n rakennus- ja maatalouskoneiden k\u00e4yt\u00f6ss\u00e4.<\/p>\n<p><img decoding=\"async\" src=\"https:\/\/www.hydraulic-cylinders.net\/wp-content\/uploads\/2025\/04\/songte-company-1.webp\" alt=\"Puomin sylinteri\"><\/p>\n<h3>Toiminnallisuus ja sovellukset<\/h3>\n<p>Puomin sylinterill\u00e4 on ratkaiseva rooli kaivinkoneen hydraulij\u00e4rjestelm\u00e4ss\u00e4. Mahdollistamalla puomin ojentumisen ja sis\u00e4\u00e4nvedon se tarjoaa tarvittavan voiman materiaalien tehokkaaseen kaivamiseen, nostamiseen ja kuljettamiseen. N\u00e4m\u00e4 sylinterit on suunniteltu toimimaan korkean paineen alaisena, mik\u00e4 varmistaa liikkeen tarkkuuden ja vakauden k\u00e4yt\u00f6n aikana. Niiden k\u00e4ytt\u00f6kohteet ulottuvat pelkkien kaivinkoneiden ulkopuolelle, mik\u00e4 tekee niist\u00e4 v\u00e4ltt\u00e4m\u00e4tt\u00f6mi\u00e4 erilaisissa raskaissa koneissa.<\/p>\n<h2>Puomin sylinterin ominaisuudet<\/h2>\n<ul>\n<li><strong>Korkea lujuus ja kest\u00e4vyys:<\/strong> Korkean lujuuden ter\u00e4ksest\u00e4 tai alumiinista valmistettu puomin sylinteri on rakennettu kest\u00e4m\u00e4\u00e4n korkeaa painetta ja raskaita kuormia, joten se sopii vaativiin ty\u00f6ymp\u00e4rist\u00f6ihin. Sen suunnittelussa on otettu huomioon my\u00f6s kulutuskest\u00e4vyys ja korroosionkest\u00e4vyys, mik\u00e4 pident\u00e4\u00e4 sen k\u00e4ytt\u00f6ik\u00e4\u00e4.<\/li>\n<li><strong>Tehokas hydraulinen k\u00e4ytt\u00f6:<\/strong> Sylinteri hy\u00f6dynt\u00e4\u00e4 hydrauli\u00f6ljyn painetta sujuvaan ulos- ja sis\u00e4\u00e4nvetoon, mik\u00e4 mahdollistaa nopean reagoinnin ohjauskomentoihin ja tarjoaa tehokkaan ty\u00f6nt\u00f6- ja vetovoiman, mik\u00e4 sopii erinomaisesti raskaiden ja monimutkaisten teht\u00e4vien k\u00e4sittelyyn.<\/li>\n<li><strong>Erilaisia \u200b\u200btyyppej\u00e4:<\/strong> Saatavilla yksitoimisina (hydraulinen toiminta yhteen suuntaan) tai kaksitoimisina (hydraulinen toiminta molempiin suuntiin) kokoonpanoina erilaisten k\u00e4ytt\u00f6tarpeiden t\u00e4ytt\u00e4miseksi. Jotkut mallit ovat teleskooppisia, mik\u00e4 mahdollistaa suuremman jatkeen ilman ulkomittojen kasvua, mik\u00e4 sopii t\u00e4ydellisesti ahtaisiin sovelluksiin.<\/li>\n<\/ul>\n<h3>Tuotantokapasiteetti<\/h3>\n<p>Tuotteemme voivat t\u00e4ydellisesti korvata n\u00e4m\u00e4 hydraulisylinterit varmistaen alan standardien mukaisen laadun ja suorituskyvyn.<\/p>\n<p><img decoding=\"async\" src=\"https:\/\/www.hydraulic-cylinders.net\/wp-content\/uploads\/2025\/04\/songte-cylinder-head-with-all-kinds-excavator-models.webp\" alt=\"Puomin sylinterin tuotanto\"><\/p>\n<h2>Sovellusskenaariot<\/h2>\n<ul>\n<li><strong>Rakennuslaitteet:<\/strong> Kaivinkoneissa puomin sylinterit ovat v\u00e4ltt\u00e4m\u00e4tt\u00f6mi\u00e4 kaivamiseen, lastaamiseen ja maaper\u00e4n tai roskien siirt\u00e4miseen. Niiden avulla kaivinkone voi suorittaa erilaisia \u200b\u200bteht\u00e4vi\u00e4 tarkasti, kuten ojitusta ja materiaalin kuljetusta.<\/li>\n<li><strong>Kaivurikuormaajat:<\/strong> Kaivurikuormaajissa puomin sylinteri avustaa sek\u00e4 kaivu- ett\u00e4 nostotoiminnoissa, mik\u00e4 parantaa tuottavuutta ja tehokkuutta rakennus- ja maisemointiteht\u00e4viss\u00e4.<\/li>\n<li><strong>Maatalouskoneet:<\/strong> Etukuormaajissa k\u00e4ytett\u00e4v\u00e4t puomin sylinterit ovat elint\u00e4rkeit\u00e4 maaper\u00e4n, hein\u00e4n ja muiden materiaalien kaivamisessa, nostamisessa ja kuljettamisessa. Niiden kest\u00e4v\u00e4 rakenne helpottaa raskaita nostoja vaativia maataloust\u00f6it\u00e4.<\/li>\n<li><strong>Kaivinkoneen toiminnot:<\/strong> Puomin sylinteri mahdollistaa kaivinkoneen kauhan tunkeutumisen maaper\u00e4\u00e4n, mik\u00e4 helpottaa tehokkaita kaivutoimia, jotka ovat olennaisia \u200b\u200brakennusprojekteissa.<\/li>\n<li><strong>Kuormaajat:<\/strong> Etukuormaajissa puomin sylinterit tarjoavat tarvittavan voiman kuormien tehokkaaseen nostamiseen ja tyhjent\u00e4miseen, mik\u00e4 on ratkaisevan t\u00e4rke\u00e4\u00e4 materiaalink\u00e4sittelyss\u00e4 rakennusty\u00f6mailla.<\/li>\n<\/ul>\n<h2>Suunnittelun\u00e4k\u00f6kohdat ja valintakriteerit<\/h2>\n<h3>Kantavuus<\/h3>\n<p>Puomisylinterin kuormituskapasiteetti on ratkaiseva tekij\u00e4, joka on otettava huomioon. Sen on kyett\u00e4v\u00e4 k\u00e4sittelem\u00e4\u00e4n k\u00e4yt\u00f6n aikana odotettavissa oleva enimm\u00e4ispaino ilman vikaantumisriski\u00e4. Suunnittelun tulee varmistaa, ett\u00e4 sylinteri pysyy vakaana vaihtelevien kuormien alla, mik\u00e4 v\u00e4hent\u00e4\u00e4 onnettomuusriski\u00e4.<\/p>\n<h3>Tiivistyksen eheys<\/h3>\n<p>Tehokas tiivistys on v\u00e4ltt\u00e4m\u00e4t\u00f6nt\u00e4 hydraulinesteen vuotojen est\u00e4miseksi, jotka voivat johtaa suorituskyvyn heikkenemiseen ja mahdollisiin vaaroihin. Tiivisteiden valinnan tulisi perustua erityisiin k\u00e4ytt\u00f6olosuhteisiin, mukaan lukien l\u00e4mp\u00f6tila ja altistuminen ep\u00e4puhtauksille.<\/p>\n<h3>Kest\u00e4vyys<\/h3>\n<p>Kest\u00e4vyys on ensiarvoisen t\u00e4rke\u00e4\u00e4 rakennus- ja maatalousaloilla, joissa laitteet altistuvat ankarille olosuhteille. Kulumista ja korroosiota kest\u00e4vien materiaalien valinta pident\u00e4\u00e4 puomisylinterin k\u00e4ytt\u00f6ik\u00e4\u00e4 ja varmistaa luotettavan suorituskyvyn ajan kuluessa.<\/p>\n<h3>Turvaominaisuudet<\/h3>\n<p>Puomin sylinterin suunnitteluun tulisi integroida turvaominaisuudet onnettomuuksien est\u00e4miseksi k\u00e4yt\u00f6n aikana. N\u00e4ihin kuuluvat varoventtiilit ja paineenalennusj\u00e4rjestelm\u00e4t, jotka suojaavat ylikuormitukselta ja varmistavat raskaiden kuormien turvallisen k\u00e4sittelyn.<\/p>\n<h3>Huolto Esteett\u00f6myys<\/h3>\n<p>Suunnittelun tulisi mahdollistaa komponenttien helppo p\u00e4\u00e4sy huoltoa varten. S\u00e4\u00e4nn\u00f6lliset tarkastukset ja huolto ovat ratkaisevan t\u00e4rkeit\u00e4 hydraulisylinterin k\u00e4ytt\u00f6i\u00e4n pident\u00e4miseksi ja optimaalisen suorituskyvyn varmistamiseksi.<\/p>\n<p><img decoding=\"async\" src=\"https:\/\/www.hydraulic-cylinders.net\/wp-content\/uploads\/2025\/04\/songte-oil-pipes-and-spare-parts.webp\" alt=\"Hydraulisylinterin osat\"><\/p>\n<h2>Tiivistys ja voitelu<\/h2>\n<p>Tehokas tiivistys ja voitelu ovat elint\u00e4rkeit\u00e4 puomisylinterien suorituskyvyn kannalta. Erilaisia \u200b\u200btiivistyskomponentteja, kuten m\u00e4nn\u00e4ntiivisteit\u00e4 ja varren tiivisteit\u00e4, k\u00e4ytet\u00e4\u00e4n varmistamaan, ett\u00e4 hydraulineste pysyy sylinterin sis\u00e4ll\u00e4. Kest\u00e4vist\u00e4 materiaaleista, kuten polyuretaanista ja nitriilikumista, valmistetut tiivisteet ovat edullisia niiden kulumisenkest\u00e4vyyden vuoksi.<\/p>\n<p>Sylinterin runko ja kierteitetyt p\u00e4\u00e4typinnat on k\u00e4sitelt\u00e4v\u00e4 hienovaraisesti kulumiskest\u00e4vyyden parantamiseksi. Lis\u00e4ksi s\u00e4\u00e4nn\u00f6llinen voitelu sopivalla hydrauliikka\u00f6ljyll\u00e4 on v\u00e4ltt\u00e4m\u00e4t\u00f6nt\u00e4 sujuvan toiminnan yll\u00e4pit\u00e4miseksi ja kitkan aiheuttamien sis\u00e4isten vaurioiden est\u00e4miseksi.<\/p>\n<h2>S\u00e4\u00e4nn\u00f6lliset tarkastukset ja ennaltaehk\u00e4isev\u00e4t huoltotoimenpiteet<\/h2>\n<ul>\n<li><strong>S\u00e4\u00e4nn\u00f6lliset tarkastukset:<\/strong> Suorita rutiinitarkastuksia kulumisen tai vaurioiden merkkien tunnistamiseksi. T\u00e4h\u00e4n sis\u00e4ltyy tiivisteiden tarkastus vuotojen varalta ja kaikkien komponenttien oikean toiminnan varmistaminen.<\/li>\n<li><strong>Oikea voitelu:<\/strong> Varmista, ett\u00e4 hydrauliikka\u00f6ljyn taso on riitt\u00e4v\u00e4 ja ett\u00e4 k\u00e4ytetty \u00f6ljy sopii k\u00e4ytt\u00f6olosuhteisiin optimaalisen suorituskyvyn yll\u00e4pit\u00e4miseksi.<\/li>\n<li><strong>Tiivisteen vaihto:<\/strong> Vaihda tiivisteet tarvittaessa vuotojen est\u00e4miseksi ja hydraulipaineen yll\u00e4pit\u00e4miseksi. S\u00e4\u00e4nn\u00f6lliset tarkastukset voivat auttaa m\u00e4\u00e4ritt\u00e4m\u00e4\u00e4n, milloin tiivisteet alkavat pett\u00e4\u00e4.<\/li>\n<\/ul>\n<h2>Asennusohjeet<\/h2>\n<p>Puomisylinterin oikea asennus on ratkaisevan t\u00e4rke\u00e4\u00e4 sen suorituskyvyn ja pitk\u00e4n k\u00e4ytt\u00f6i\u00e4n kannalta. Varmista, ett\u00e4 kiinnitystelineet ovat oikein kohdistettuja ja ett\u00e4 sylinteri on kiinnitetty tukevasti, jotta se ei liiku k\u00e4yt\u00f6n aikana. K\u00e4yt\u00e4 sopivia kiinnitystukia sylinterin vakauttamiseen ja noudata valmistajan ohjeita v\u00e4\u00e4nt\u00f6momenttien asetuksista.<\/p>\n<p>Asennuksen aikana kiinnit\u00e4 huomiota hydrauliliit\u00e4nt\u00f6ihin vuotojen v\u00e4ltt\u00e4miseksi. Varmista, ett\u00e4 kaikki letkut ja liittimet on kiinnitetty oikein ja tarkastettu kulumisen varalta. Asennuksen j\u00e4lkeen testaa j\u00e4rjestelm\u00e4 varmistaaksesi, ett\u00e4 sylinteri toimii tarkoitetulla tavalla, ja tee tarvittavat s\u00e4\u00e4d\u00f6t.<\/p>\n<h2>Yleiset huoltoteht\u00e4v\u00e4t<\/h2>\n<ul>\n<li><strong>S\u00e4\u00e4nn\u00f6lliset tarkastukset:<\/strong> Aikatauluta s\u00e4\u00e4nn\u00f6lliset tarkastukset kulumisen tai mahdollisten ongelmien varalta. T\u00e4m\u00e4 ennakoiva l\u00e4hestymistapa auttaa tunnistamaan ongelmat ennen kuin ne johtavat vakaviin vikoihin.<\/li>\n<li><strong>Oikea voitelu:<\/strong> Varmista, ett\u00e4 sylinteri on voideltu riitt\u00e4v\u00e4sti oikealla hydrauliikka\u00f6ljyll\u00e4 kitkan aiheuttaman kulumisen est\u00e4miseksi ja sujuvan toiminnan yll\u00e4pit\u00e4miseksi.<\/li>\n<li><strong>Tiivisteiden vaihto ja kalibrointitarkastukset:<\/strong> Tarkista tiivisteet s\u00e4\u00e4nn\u00f6llisesti vaurioiden varalta ja vaihda ne tarvittaessa. Kalibrointitarkastukset ovat my\u00f6s olennaisia \u200b\u200bsen varmistamiseksi, ett\u00e4 sylinteri toimii m\u00e4\u00e4riteltyjen rajojen sis\u00e4ll\u00e4.<\/li>\n<\/ul>\n<h2>Turvallisuusn\u00e4k\u00f6kohdat ja ymp\u00e4rist\u00f6tekij\u00e4t<\/h2>\n<p>Puomisylintereit\u00e4 k\u00e4ytett\u00e4ess\u00e4 on t\u00e4rke\u00e4\u00e4 noudattaa turvatoimenpiteit\u00e4 k\u00e4ytt\u00e4jien ja laitteiden suojaamiseksi. Asianmukaisten koulutusohjelmien toteuttaminen k\u00e4ytt\u00e4jille varmistaa, ett\u00e4 he ymm\u00e4rt\u00e4v\u00e4t koneiden turvallisen k\u00e4yt\u00f6n. Lis\u00e4ksi puhtaan ty\u00f6ymp\u00e4rist\u00f6n yll\u00e4pit\u00e4minen minimoi roiskeisiin ja vuotoihin liittyv\u00e4t riskit ja edist\u00e4\u00e4 turvallisempaa ty\u00f6paikkaa.<\/p>\n<h2>Yleisten ongelmien vianm\u00e4\u00e4ritys<\/h2>\n<ul>\n<li><strong>Vuoto:<\/strong> Tarkista vuotavat tiivisteet tai vaurioituneet liitokset. Kuluneiden tiivisteiden vaihtaminen ja kaikkien liitosten tiukkuuden varmistaminen voi ratkaista t\u00e4m\u00e4n ongelman.<\/li>\n<li><strong>Hidas liike:<\/strong> Jos puomi toimii hitaasti, tarkista hydraulinesteen taso ja harkitse hydrauliletkujen tukosten tarkistamista.<\/li>\n<li><strong>Ep\u00e4tavalliset \u00e4\u00e4net:<\/strong> Hankaus- tai kolina\u00e4\u00e4net voivat viitata sis\u00e4isiin vaurioihin. On eritt\u00e4in t\u00e4rke\u00e4\u00e4 pys\u00e4ytt\u00e4\u00e4 k\u00e4ytt\u00f6 v\u00e4litt\u00f6m\u00e4sti ja tarkastaa sylinteri.<\/li>\n<\/ul>\n<h2>Vianm\u00e4\u00e4ritysvinkkej\u00e4<\/h2>\n<p>Jotta puomin sylinterin ongelmat voidaan diagnosoida ja ratkaista tehokkaasti, seuraa sen suorituskyky\u00e4 s\u00e4\u00e4nn\u00f6llisesti ja ole tietoinen kaikista toiminnan muutoksista. Ennaltaehk\u00e4isev\u00e4t toimenpiteet, kuten huolto-ohjelmien noudattaminen ja laadukkaiden hydraulinesteiden k\u00e4ytt\u00f6, voivat auttaa v\u00e4hent\u00e4m\u00e4\u00e4n ongelmien todenn\u00e4k\u00f6isyytt\u00e4. Hydraulipaineiden seuraaminen ja tarvittavien s\u00e4\u00e4t\u00f6jen tekeminen pident\u00e4\u00e4 my\u00f6s sylinterin k\u00e4ytt\u00f6ik\u00e4\u00e4.<\/p>\n<p><img decoding=\"async\" src=\"https:\/\/www.hydraulic-cylinders.net\/wp-content\/uploads\/2025\/04\/songte-bushings-with-all-kinds-of-excavator-models.webp\" alt=\"Puomin sylinterin osat\"><\/p>\n<h2>Yrityksen yleiskatsaus<\/h2>\n<p>Olemme johtava hydraulisten sylinterien vaihto-osien valmistaja. Tarjoamme laajan valikoiman tuotteita, jotka ovat tehneet meist\u00e4 yhden johtavista valmistajista ja tukkukauppiaista sek\u00e4 kotimaisilla ett\u00e4 kansainv\u00e4lisill\u00e4 markkinoilla. Sitoutumisemme huippuosaamiseen n\u00e4kyy hienostuneissa valmistusstrategioissamme sek\u00e4 edistyneen teknologian ja ammattitaitoisten ammattilaisten k\u00e4yt\u00f6ss\u00e4.<\/p>\n<p>Asetamme laadun etusijalle hy\u00f6dynt\u00e4en huippuluokan valmistuslaitteita ja vankkaa laadunvalvontaj\u00e4rjestelm\u00e4\u00e4 varmistaaksemme, ett\u00e4 tuotteemme t\u00e4ytt\u00e4v\u00e4t tiukat alan standardit. Kykymme r\u00e4\u00e4t\u00e4l\u00f6id\u00e4 ratkaisuja vastaa asiakkaiden monipuolisiin tarpeisiin, ja omistautunut j\u00e4lkimarkkinointipalvelumme vahvistaa sitoutumistamme asiakastyytyv\u00e4isyyteen.<\/p>\n<p><img decoding=\"async\" src=\"https:\/\/www.hydraulic-cylinders.net\/wp-content\/uploads\/2025\/04\/songte-company-4.webp\" alt=\"Yrityksen yleiskatsaus\"><br \/>\n<img decoding=\"async\" src=\"https:\/\/www.hydraulic-cylinders.net\/wp-content\/uploads\/2025\/04\/songte-company-3.webp\" alt=\"Yritysvalmistus\"><\/p>\n<p>Kirjoittaja: lyl<\/p>","protected":false},"excerpt":{"rendered":"<p>Boom Cylinder For XCMG Wheel Excavator XE150W Overview of the Boom Cylinder The boom cylinder is a vital component in hydraulic systems, specifically designed to control the movement of booms in various heavy machinery, such as excavators, backhoes, and front loaders. It enables the boom to lift, lower, and tilt, facilitating efficient material handling tasks. [&hellip;]<\/p>","protected":false},"featured_media":17879,"comment_status":"open","ping_status":"closed","template":"","meta":{"_et_pb_use_builder":"","_et_pb_old_content":"","_et_gb_content_width":""},"product_brand":[],"product_cat":[1546],"product_tag":[1547,1496],"class_list":{"0":"post-19208","1":"product","2":"type-product","3":"status-publish","4":"has-post-thumbnail","6":"product_cat-boom-cylinders","7":"product_tag-boom-cylinders","8":"product_tag-hydraulic-cylinders","10":"first","11":"instock","12":"shipping-taxable","13":"product-type-simple"},"amp_enabled":true,"_links":{"self":[{"href":"https:\/\/www.hydraulic-cylinders.net\/fi\/wp-json\/wp\/v2\/product\/19208","targetHints":{"allow":["GET"]}}],"collection":[{"href":"https:\/\/www.hydraulic-cylinders.net\/fi\/wp-json\/wp\/v2\/product"}],"about":[{"href":"https:\/\/www.hydraulic-cylinders.net\/fi\/wp-json\/wp\/v2\/types\/product"}],"replies":[{"embeddable":true,"href":"https:\/\/www.hydraulic-cylinders.net\/fi\/wp-json\/wp\/v2\/comments?post=19208"}],"wp:featuredmedia":[{"embeddable":true,"href":"https:\/\/www.hydraulic-cylinders.net\/fi\/wp-json\/wp\/v2\/media\/17879"}],"wp:attachment":[{"href":"https:\/\/www.hydraulic-cylinders.net\/fi\/wp-json\/wp\/v2\/media?parent=19208"}],"wp:term":[{"taxonomy":"product_brand","embeddable":true,"href":"https:\/\/www.hydraulic-cylinders.net\/fi\/wp-json\/wp\/v2\/product_brand?post=19208"},{"taxonomy":"product_cat","embeddable":true,"href":"https:\/\/www.hydraulic-cylinders.net\/fi\/wp-json\/wp\/v2\/product_cat?post=19208"},{"taxonomy":"product_tag","embeddable":true,"href":"https:\/\/www.hydraulic-cylinders.net\/fi\/wp-json\/wp\/v2\/product_tag?post=19208"}],"curies":[{"name":"wp","href":"https:\/\/api.w.org\/{rel}","templated":true}]}}