{"id":19212,"date":"2025-04-07T06:18:23","date_gmt":"2025-04-07T06:18:23","guid":{"rendered":"https:\/\/www.hydraulic-cylinders.net\/product\/boom-cylinder-for-zoomlion-small-excavator-ze85e\/"},"modified":"2025-04-07T06:18:26","modified_gmt":"2025-04-07T06:18:26","slug":"boom-cylinder-for-zoomlion-small-excavator-ze85e","status":"publish","type":"product","link":"https:\/\/www.hydraulic-cylinders.net\/fi\/tuote\/boom-cylinder-for-zoomlion-small-excavator-ze85e\/","title":{"rendered":"Zoomlion-pienkaivukoneen ZE85E puomin sylinteri"},"content":{"rendered":"<h1>Zoomlion-pienkaivukoneen ZE85E puomin sylinteri<\/h1>\n<h2>Puomin sylinterin ymm\u00e4rt\u00e4minen<\/h2>\n<h3>M\u00e4\u00e4ritelm\u00e4 ja yleiskatsaus<\/h3>\n<p>Puomin sylinteri on kriittinen hydraulinen komponentti, joka on suunniteltu erityisesti ohjaamaan puomin liikett\u00e4 raskaissa koneissa, erityisesti kaivinkoneissa, kuten Zoomlion Small Excavator ZE85E. T\u00e4m\u00e4 hydraulinen sylinteri mahdollistaa puomin nostamisen, laskemisen ja kallistuksen, mik\u00e4 helpottaa tehokkaita materiaalink\u00e4sittelyteht\u00e4vi\u00e4. Sill\u00e4 on t\u00e4rke\u00e4 rooli hydraulij\u00e4rjestelm\u00e4ss\u00e4, sill\u00e4 se muuntaa hydraulinesteen energian mekaaniseksi voimaksi, jotta erilaisia \u200b\u200btoimintoja voidaan suorittaa luotettavasti ja tehokkaasti.<\/p>\n<p>Hydraulisylinterin\u00e4 se toimii nestemekaniikan periaatteiden mukaisesti, jossa paineistettu hydrauli\u00f6ljy johdetaan sylinteriin liikkeen aikaansaamiseksi. T\u00e4m\u00e4 antaa kuljettajille mahdollisuuden hallita kaivinkoneen puomia tarkasti, mik\u00e4 tekee siit\u00e4 v\u00e4ltt\u00e4m\u00e4tt\u00f6m\u00e4n esimerkiksi kaivamisessa, nostamisessa ja materiaalien kuljetuksessa. Puomisylinterin suunnittelu ja toimivuus ovat ratkaisevan t\u00e4rkeit\u00e4 kaivinkoneen kokonaissuorituskyvylle ja tehokkuudelle erilaisissa sovelluksissa.<\/p>\n<p><img decoding=\"async\" src=\"https:\/\/www.hydraulic-cylinders.net\/wp-content\/uploads\/2025\/04\/songte-company-1.webp\" alt=\"Kaivinkoneiden puomin sylinteri\" \/><\/p>\n<h2>Tuotteen ominaisuudet<\/h2>\n<ul>\n<li><strong>Korkea lujuus ja kest\u00e4vyys:<\/strong> Korkean lujuuden ter\u00e4ksest\u00e4 tai alumiinista valmistettu puomin sylinteri kest\u00e4\u00e4 korkeaa painetta ja raskaita kuormia, mik\u00e4 varmistaa kest\u00e4vyyden vaativissa ty\u00f6ymp\u00e4rist\u00f6iss\u00e4. Sen rakenne yhdist\u00e4\u00e4 kulutuskest\u00e4vyyden ja korroosionkest\u00e4vyyden, mik\u00e4 pident\u00e4\u00e4 sen k\u00e4ytt\u00f6ik\u00e4\u00e4.<\/li>\n<li><strong>Tehokas hydraulinen k\u00e4ytt\u00f6:<\/strong> Sylinteri hy\u00f6dynt\u00e4\u00e4 hydraulinestett\u00e4 sujuvaan ulosvetoon ja sis\u00e4\u00e4nvetoon, reagoi nopeasti k\u00e4ytt\u00f6komentoihin ja tarjoaa voimakkaan veto- ja ty\u00f6nt\u00f6voiman, jota tarvitaan raskaissa ja monimutkaisissa teht\u00e4viss\u00e4.<\/li>\n<li><strong>Erilaisia \u200b\u200btyyppej\u00e4:<\/strong> Saatavilla yksitoimisina (toimii yhteen suuntaan) tai kaksitoimisina (toimii molempiin suuntiin) kokoonpanoina erilaisten k\u00e4ytt\u00f6tarpeiden t\u00e4ytt\u00e4miseksi. Jotkut mallit ovat teleskooppisia, mik\u00e4 mahdollistaa suuremman jatkeen ilman ulkomittojen kasvua, mik\u00e4 sopii erinomaisesti sovelluksiin, joissa on rajoitetusti tilaa.<\/li>\n<li><strong>Tarkkuustekniikka:<\/strong> Jokainen sylinteri on suunniteltu tiukoilla toleransseilla ja korkealaatuisilla materiaaleilla, mik\u00e4 varmistaa luotettavan suorituskyvyn vaativissa olosuhteissa.<\/li>\n<li><strong>Yhteensopivuus eri mallien kanssa:<\/strong> Tuotteemme voivat korvata t\u00e4ydellisesti laajan valikoiman hydraulisylintereit\u00e4 varmistaen saumattoman integroinnin ja toiminnan olemassa olevien koneiden kanssa.<\/li>\n<\/ul>\n<p><img decoding=\"async\" src=\"https:\/\/www.hydraulic-cylinders.net\/wp-content\/uploads\/2025\/04\/songte-cylinder-head-with-all-kinds-excavator-models.webp\" alt=\"Kaivinkoneen sylinterimallit\" \/><\/p>\n<h2>Puomisylinterin sovellukset<\/h2>\n<h3>Rakennuslaitteet<\/h3>\n<p>Rakennuskoneissa, kuten kaivinkoneissa, puomisylinterit ovat v\u00e4ltt\u00e4m\u00e4tt\u00f6mi\u00e4 maan tai roskien kaivamiseen, lastaamiseen ja siirt\u00e4miseen. Ne tarjoavat tarvittavan voiman maan kaivamiseen ja raskaiden materiaalien nostamiseen, mik\u00e4 tekee niist\u00e4 korvaamattomia rakennusprojekteissa. Kaivurikuormaajissa puomisylinterit auttavat sek\u00e4 kaivut\u00f6iss\u00e4 ett\u00e4 nostamisessa, mik\u00e4 parantaa koneen monipuolisuutta.<\/p>\n<h3>Maatalouskoneet<\/h3>\n<p>Maatalouskoneissa etukuormaajissa k\u00e4ytet\u00e4\u00e4n puomisylintereit\u00e4 maaper\u00e4n, hein\u00e4n ja muiden materiaalien kauhaamiseen, nostamiseen ja kuljettamiseen. T\u00e4m\u00e4 ominaisuus on elint\u00e4rke\u00e4 tehokkaalle maatilan toiminnalle, sill\u00e4 se helpottaa teht\u00e4vi\u00e4, kuten kuorma-autojen lastaamista tai tarvikkeiden siirt\u00e4mist\u00e4 tilalla.<\/p>\n<h3>Kaivinkoneet<\/h3>\n<p>Kaivinkoneissa puomin sylinteri mahdollistaa kaivuliikkeen antamalla kauhan tunkeutua tehokkaasti maaper\u00e4\u00e4n. T\u00e4m\u00e4 toiminto on ratkaisevan t\u00e4rke\u00e4 useissa teht\u00e4viss\u00e4 ojituksesta tasaukseen, mik\u00e4 tekee puomin sylintereist\u00e4 keskeisen osan nykyaikaisissa kaivutekniikoissa.<\/p>\n<h3>Kuormaajat<\/h3>\n<p>Etukuormaajissa puomin sylinterit auttavat kuormien tehokkaassa nostamisessa ja tyhjent\u00e4misess\u00e4. Ne k\u00e4ytt\u00e4v\u00e4t kauhaa materiaalien nopeaan ja tehokkaaseen siirt\u00e4miseen, mik\u00e4 on ratkaisevan t\u00e4rke\u00e4\u00e4 rakennusalan ja logistiikan lastaus- ja purkut\u00f6iss\u00e4.<\/p>\n<h2>Suunnittelun\u00e4k\u00f6kohdat ja valintakriteerit<\/h2>\n<h3>Kantavuus<\/h3>\n<p>Puomisylinterin kuormituskapasiteetti on kriittinen tekij\u00e4 sen suunnittelussa. Sen on kyett\u00e4v\u00e4 k\u00e4sittelem\u00e4\u00e4n toiminnan aikana kohtaamaansa enimm\u00e4ispainoa ilman vikaantumisriski\u00e4. T\u00e4m\u00e4 edellytt\u00e4\u00e4 materiaalin lujuuden ja sylinterin mittojen huolellista harkintaa turvallisuuden ja luotettavuuden varmistamiseksi.<\/p>\n<h3>Tiivistyksen eheys<\/h3>\n<p>Tiivistys on elint\u00e4rke\u00e4\u00e4 hydraulisen paineen yll\u00e4pit\u00e4miseksi ja nestevuotojen est\u00e4miseksi. Tehokkaat tiivisteet alentavat yll\u00e4pitokustannuksia ja lis\u00e4\u00e4v\u00e4t toiminnan tehokkuutta. Tiivistemateriaalien ja -rakenteiden valinta vaikuttaa merkitt\u00e4v\u00e4sti sylinterin pitk\u00e4ik\u00e4isyyteen ja suorituskykyyn.<\/p>\n<h3>Kest\u00e4vyys<\/h3>\n<p>Kest\u00e4vyys kattaa kulumisen, korroosion ja v\u00e4symisen kest\u00e4vyyden. Puomin sylinterit on suunniteltava pitk\u00e4ik\u00e4isiksi, erityisesti vaativissa olosuhteissa. Korkealaatuisten materiaalien ja viimeistelyjen valinta parantaa kest\u00e4vyytt\u00e4 ja mahdollistaa luotettavan suorituskyvyn ajan kuluessa.<\/p>\n<h3>Turvallisuus<\/h3>\n<p>Puomisylinterien suunnittelussa on otettava huomioon turvaominaisuudet. N\u00e4ihin kuuluvat vikasietolaitteet ja ylikuormitussuojat onnettomuuksien est\u00e4miseksi k\u00e4yt\u00f6n aikana. Hyvin suunniteltu sylinteri parantaa merkitt\u00e4v\u00e4sti k\u00e4ytt\u00e4j\u00e4n ja laitteiden turvallisuutta.<\/p>\n<h3>Huolto ja korjattavuus<\/h3>\n<p>Helppoa huoltoa ja korjausta helpottava suunnittelu on olennaista. T\u00e4m\u00e4 tarkoittaa, ett\u00e4 kriittisiin komponentteihin p\u00e4\u00e4see k\u00e4siksi purkamatta koko koneistoa. S\u00e4\u00e4nn\u00f6llinen huolto voi pident\u00e4\u00e4 sylinterin k\u00e4ytt\u00f6ik\u00e4\u00e4 ja parantaa yleist\u00e4 toiminnan tehokkuutta.<\/p>\n<p><img decoding=\"async\" src=\"https:\/\/www.hydraulic-cylinders.net\/wp-content\/uploads\/2025\/04\/songte-oil-pipes-and-spare-parts.webp\" alt=\"Hydraulisylinterin osat\" \/><\/p>\n<h2>Tiivisteet ja voitelu<\/h2>\n<p>Puomisylinterin suorituskyky riippuu suuresti tehokkaista tiivistys- ja voiteluj\u00e4rjestelmist\u00e4. K\u00e4ytet\u00e4\u00e4n erilaisia \u200b\u200btiivisteit\u00e4, mukaan lukien m\u00e4nn\u00e4ntiivisteet ja varren tiivisteet, jotka ovat ratkaisevan t\u00e4rkeit\u00e4 hydraulisen paineen yll\u00e4pit\u00e4miselle. Kest\u00e4vien materiaalien, kuten polyuretaanin ja nitriilikumin, valitseminen n\u00e4ihin tiivisteisiin auttaa parantamaan kulutuskest\u00e4vyytt\u00e4 ja varmistamaan pidemm\u00e4n k\u00e4ytt\u00f6i\u00e4n.<\/p>\n<p>Lis\u00e4ksi sylinterin runko ja kierteitetyt p\u00e4\u00e4t usein hienoty\u00f6stet\u00e4\u00e4n kulumiskest\u00e4vyyden parantamiseksi. S\u00e4\u00e4nn\u00f6llinen voitelu sopivalla hydrauliikka\u00f6ljyll\u00e4 on v\u00e4ltt\u00e4m\u00e4t\u00f6nt\u00e4 kitkan ja l\u00e4mm\u00f6n kertymisen est\u00e4miseksi, jotka voivat johtaa sylinterin osien ennenaikaiseen kulumiseen. Tehokas voitelurutiini auttaa yll\u00e4pit\u00e4m\u00e4\u00e4n puomisylinterin optimaalista suorituskyky\u00e4 ja pitk\u00e4ik\u00e4isyytt\u00e4.<\/p>\n<h2>Ennaltaehk\u00e4isev\u00e4t huoltotoimenpiteet<\/h2>\n<ul>\n<li><strong>S\u00e4\u00e4nn\u00f6lliset tarkastukset:<\/strong> Tarkista puomin sylinteri s\u00e4\u00e4nn\u00f6llisesti kulumisen, vuotojen tai vaurioiden varalta. T\u00e4m\u00e4 auttaa tunnistamaan ongelmat varhaisessa vaiheessa ja est\u00e4m\u00e4\u00e4n vakavia vikoja.<\/li>\n<li><strong>Asianmukainen voitelu:<\/strong> Varmista, ett\u00e4 hydrauliikka\u00f6ljyn taso on riitt\u00e4v\u00e4 ja ett\u00e4 voitelu on asianmukaista tiivisteiden ja liikkuvien osien kitkan ja kulumisen v\u00e4hent\u00e4miseksi.<\/li>\n<li><strong>Tiivisteen vaihto:<\/strong> Tarkista tiivisteiden kuluminen s\u00e4\u00e4nn\u00f6llisesti ja vaihda ne tarvittaessa hydraulisen eheyden yll\u00e4pit\u00e4miseksi ja vuotojen est\u00e4miseksi.<\/li>\n<\/ul>\n<h2>Asennusohjeet<\/h2>\n<p>Puomisylinterin oikea asennus on ratkaisevan t\u00e4rke\u00e4\u00e4 suorituskyvyn ja turvallisuuden kannalta. Aloita varmistamalla, ett\u00e4 sylinteri on oikein kohdistettu kaivinkoneen muiden osien kanssa. K\u00e4yt\u00e4 sopivia kiinnityskorvakkeita sylinterin kiinnitt\u00e4miseen paikalleen v\u00e4ltt\u00e4en hydrauliletkujen rasitusta.<\/p>\n<p>Asennuksen yhteydess\u00e4 tarkista, ettei sylinteriss\u00e4 ole esteit\u00e4, jotka voisivat haitata sen toimintaa. Varmista, ett\u00e4 kaikki pultit on kiristetty valmistajan ohjeiden mukaisesti ja ett\u00e4 hydrauliikkaletkuissa ei ole mutkia tai ter\u00e4vi\u00e4 mutkia, jotka voisivat johtaa vuotoihin.<\/p>\n<p>Asennuksen j\u00e4lkeen testaa puomin liike varmistaaksesi, ett\u00e4 se toimii sujuvasti. Tarkkaile k\u00e4yt\u00f6n aikana ep\u00e4tavallisia \u00e4\u00e4ni\u00e4 tai liikkeit\u00e4, jotka voivat viitata linjausvirheisiin tai asennusongelmiin. Huolla asennusta s\u00e4\u00e4nn\u00f6llisesti varmistaaksesi jatkuvan suorituskyvyn.<\/p>\n<h2>Yleiset huoltoteht\u00e4v\u00e4t<\/h2>\n<h3>S\u00e4\u00e4nn\u00f6lliset tarkastukset<\/h3>\n<p>S\u00e4\u00e4nn\u00f6llisiin tarkastuksiin kuuluu puomin sylinterin tarkastaminen n\u00e4kyvien vaurioiden tai kulumisen varalta. Etsi merkkej\u00e4 hydraulinesteen vuodoista, jotka voivat viitata tiivisteen tai liitoksen vikaantumiseen. Ongelmien varhainen havaitseminen voi est\u00e4\u00e4 suurempia ongelmia my\u00f6hemmin ja varmistaa sylinterin tehokkaan toiminnan.<\/p>\n<h3>Oikea voitelu<\/h3>\n<p>Oikea voitelu on kriittist\u00e4 sylinterin liikkuvien osien v\u00e4lisen kitkan minimoimiseksi. Tarkista hydrauliikka\u00f6ljyn m\u00e4\u00e4r\u00e4 s\u00e4\u00e4nn\u00f6llisesti ja lis\u00e4\u00e4 tarvittaessa. K\u00e4yt\u00e4 valmistajan suosittelemia voiteluaineita varmistaaksesi yhteensopivuuden ja tehokkuuden.<\/p>\n<h3>Tiivisteiden vaihto ja kalibrointitarkastukset<\/h3>\n<p>Tiivisteiden vaihto on v\u00e4ltt\u00e4m\u00e4t\u00f6nt\u00e4 hydraulij\u00e4rjestelm\u00e4n eheyden yll\u00e4pit\u00e4miseksi. Aikatauluta rutiinitarkastukset tiivisteiden kunnon arvioimiseksi ja niiden vaihtamiseksi tarvittaessa. Kalibrointitarkastukset tulisi my\u00f6s suorittaa sen varmistamiseksi, ett\u00e4 sylinteri toimii suunniteltujen parametrien mukaisesti optimoiden suorituskyvyn ja turvallisuuden.<\/p>\n<p><img decoding=\"async\" src=\"https:\/\/www.hydraulic-cylinders.net\/wp-content\/uploads\/2025\/04\/songte-chushion-collar.webp\" alt=\"Sylinterin asennus\" \/><\/p>\n<h2>Turvallisuusn\u00e4k\u00f6kohdat ja ymp\u00e4rist\u00f6tekij\u00e4t<\/h2>\n<p>Hydraulij\u00e4rjestelmien kanssa ty\u00f6skennelt\u00e4ess\u00e4 turvatoimenpiteet ovat ensiarvoisen t\u00e4rkeit\u00e4. K\u00e4ytt\u00e4j\u00e4t on koulutettu turvallisiin k\u00e4sittelymenetelmiin, mik\u00e4 voi v\u00e4hent\u00e4\u00e4 merkitt\u00e4v\u00e4sti onnettomuusriski\u00e4. Lis\u00e4ksi ymp\u00e4rist\u00f6yst\u00e4v\u00e4llisten hydraulinesteiden k\u00e4ytt\u00f6 auttaa lievent\u00e4m\u00e4\u00e4n ymp\u00e4rist\u00f6lle aiheutuvia kielteisi\u00e4 vaikutuksia ja edist\u00e4m\u00e4\u00e4n toiminnan kest\u00e4vyytt\u00e4.<\/p>\n<h2>Vianm\u00e4\u00e4ritys ja yleiset ongelmat<\/h2>\n<ul>\n<li><strong>Nestevuodot:<\/strong> Yksi yleisimmist\u00e4 ongelmista on hydraulinesteen vuoto. T\u00e4m\u00e4 voi johtua kuluneista tiivisteist\u00e4 tai vaurioituneista liitoksista. S\u00e4\u00e4nn\u00f6lliset tarkastukset voivat auttaa tunnistamaan vuodot varhaisessa vaiheessa.<\/li>\n<li><strong>Huono suorituskyky:<\/strong> Jos puomi ei reagoi odotetulla tavalla, se voi viitata hydraulipaineongelmiin tai tukoksiin j\u00e4rjestelm\u00e4ss\u00e4. On t\u00e4rke\u00e4\u00e4 tarkistaa hydrauli\u00f6ljyn m\u00e4\u00e4r\u00e4 ja suodattimen kunto.<\/li>\n<li><strong>Ep\u00e4tavalliset \u00e4\u00e4net:<\/strong> Kaikki k\u00e4yt\u00f6n aikana kuuluvat oudot \u00e4\u00e4net voivat viitata mekaanisiin ongelmiin. Ep\u00e4tavallisten \u00e4\u00e4nien tutkiminen nopeasti voi est\u00e4\u00e4 sylinterin lis\u00e4vaurioita.<\/li>\n<\/ul>\n<h2>Vianm\u00e4\u00e4ritysvinkkej\u00e4<\/h2>\n<p>Ongelmien tehokasta diagnosointia ja ratkaisemista varten aloita sylinterin ja sit\u00e4 ymp\u00e4r\u00f6ivien osien perusteellisella tarkastuksella. Tarkista hydraulinesteen tasot ja tarkista vuodot. Jos suorituskykyongelmia ilmenee, arvioi hydraulij\u00e4rjestelm\u00e4 tukosten tai paineh\u00e4vi\u00f6iden varalta.<\/p>\n<p>Ennaltaehk\u00e4isev\u00e4t toimenpiteet, kuten s\u00e4\u00e4nn\u00f6llinen huolto ja valvonta, voivat minimoida mahdolliset ongelmat. Toiminnallisten mittareiden seuraaminen ja huoltoteht\u00e4vien h\u00e4lytysten luominen parantavat puomin sylinterin k\u00e4ytt\u00f6ik\u00e4\u00e4 ja luotettavuutta.<\/p>\n<p><img decoding=\"async\" src=\"https:\/\/www.hydraulic-cylinders.net\/wp-content\/uploads\/2025\/04\/songte-bushings-with-all-kinds-of-excavator-models.webp\" alt=\"Kaivinkoneen holkit\" \/><\/p>\n<h2>Tietoa yrityksest\u00e4mme<\/h2>\n<p>Olemme johtava hydraulisten varaosien valmistaja ja tukkumyyj\u00e4, joka tarjoaa kattavan valikoiman tuotteita sek\u00e4 kotimaisille ett\u00e4 kansainv\u00e4lisille markkinoille. Sitoutumisemme poikkeukselliseen laatuun tukee hienostunut valmistusprosessi ja vankat tuotannonohjausstrategiat. Parannamme jatkuvasti valmistuskapasiteettiamme ammattitaitoisen henkil\u00f6st\u00f6n, edistyneiden digitaalisten valmistuslaitteiden ja ammattimaisten testausj\u00e4rjestelmien avulla.<\/p>\n<p>Keskittymisemme tarkkuuteen ja laatuun varmistaa, ett\u00e4 vastaamme tehokkaasti asiakkaiden monipuolisiin tarpeisiin. Tarjoamme kansainv\u00e4lisi\u00e4 sertifikaatteja, r\u00e4\u00e4t\u00e4l\u00f6ityj\u00e4 palveluita ja laajan valikoiman tuotteita, jotka on r\u00e4\u00e4t\u00e4l\u00f6ity erilaisiin k\u00e4ytt\u00f6tarkoituksiin. Vahva j\u00e4lkimarkkinointipalvelumme varmistaa, ett\u00e4 asiakkaat saavat jatkuvaa tukea ja tyytyv\u00e4isyytt\u00e4 ostoksiinsa.<\/p>\n<p><img decoding=\"async\" src=\"https:\/\/www.hydraulic-cylinders.net\/wp-content\/uploads\/2025\/04\/songte-company-4.webp\" alt=\"Yrityksen yleiskatsaus\" \/><br \/>\n<img decoding=\"async\" src=\"https:\/\/www.hydraulic-cylinders.net\/wp-content\/uploads\/2025\/04\/songte-company-3.webp\" alt=\"Tuotantolaitos\" \/><\/p>\n<p>Kirjoittaja: lyl<\/p>","protected":false},"excerpt":{"rendered":"<p>Boom Cylinder For Zoomlion Small Excavator ZE85E Understanding the Boom Cylinder Definition and Overview The Boom Cylinder is a critical hydraulic component designed specifically for controlling the movement of the boom in heavy machinery, particularly in excavators like the Zoomlion Small Excavator ZE85E. This hydraulic cylinder enables the boom to raise, lower, and tilt, facilitating [&hellip;]<\/p>","protected":false},"featured_media":17868,"comment_status":"open","ping_status":"closed","template":"","meta":{"_et_pb_use_builder":"","_et_pb_old_content":"","_et_gb_content_width":""},"product_brand":[],"product_cat":[1546],"product_tag":[1547,1496],"class_list":{"0":"post-19212","1":"product","2":"type-product","3":"status-publish","4":"has-post-thumbnail","6":"product_cat-boom-cylinders","7":"product_tag-boom-cylinders","8":"product_tag-hydraulic-cylinders","10":"first","11":"instock","12":"shipping-taxable","13":"product-type-simple"},"amp_enabled":true,"_links":{"self":[{"href":"https:\/\/www.hydraulic-cylinders.net\/fi\/wp-json\/wp\/v2\/product\/19212","targetHints":{"allow":["GET"]}}],"collection":[{"href":"https:\/\/www.hydraulic-cylinders.net\/fi\/wp-json\/wp\/v2\/product"}],"about":[{"href":"https:\/\/www.hydraulic-cylinders.net\/fi\/wp-json\/wp\/v2\/types\/product"}],"replies":[{"embeddable":true,"href":"https:\/\/www.hydraulic-cylinders.net\/fi\/wp-json\/wp\/v2\/comments?post=19212"}],"wp:featuredmedia":[{"embeddable":true,"href":"https:\/\/www.hydraulic-cylinders.net\/fi\/wp-json\/wp\/v2\/media\/17868"}],"wp:attachment":[{"href":"https:\/\/www.hydraulic-cylinders.net\/fi\/wp-json\/wp\/v2\/media?parent=19212"}],"wp:term":[{"taxonomy":"product_brand","embeddable":true,"href":"https:\/\/www.hydraulic-cylinders.net\/fi\/wp-json\/wp\/v2\/product_brand?post=19212"},{"taxonomy":"product_cat","embeddable":true,"href":"https:\/\/www.hydraulic-cylinders.net\/fi\/wp-json\/wp\/v2\/product_cat?post=19212"},{"taxonomy":"product_tag","embeddable":true,"href":"https:\/\/www.hydraulic-cylinders.net\/fi\/wp-json\/wp\/v2\/product_tag?post=19212"}],"curies":[{"name":"wp","href":"https:\/\/api.w.org\/{rel}","templated":true}]}}