{"id":19224,"date":"2025-04-07T06:19:00","date_gmt":"2025-04-07T06:19:00","guid":{"rendered":"https:\/\/www.hydraulic-cylinders.net\/product\/boom-cylinder-for-zoomlion-large-excavator-ze330e\/"},"modified":"2025-04-07T06:19:03","modified_gmt":"2025-04-07T06:19:03","slug":"boom-cylinder-for-zoomlion-large-excavator-ze330e","status":"publish","type":"product","link":"https:\/\/www.hydraulic-cylinders.net\/fi\/tuote\/boom-cylinder-for-zoomlion-large-excavator-ze330e\/","title":{"rendered":"Zoomlion-kaivukoneen ZE330E puomin sylinteri"},"content":{"rendered":"<h1>Zoomlion-kaivukoneen ZE330E puomin sylinteri<\/h1>\n<h2>Johdatus puomin sylinteriin<\/h2>\n<p>The boom cylinder is a vital component of heavy machinery, specifically designed for controlling the movement of the bucket in excavators, backhoe loaders, and front loaders. This hydraulic cylinder allows the bucket to be lifted, lowered, and tilted, enabling efficient material handling tasks. In the context of the Zoomlion Large Excavator ZE330E, the boom cylinder plays a crucial role in enhancing the excavator&#8217;s operational capabilities, making it an indispensable part of the hydraulic system.<\/p>\n<p><img decoding=\"async\" src=\"https:\/\/www.hydraulic-cylinders.net\/wp-content\/uploads\/2025\/04\/songte-company-1.webp\" alt=\"Puomin sylinterin kuva\"><\/p>\n<h3>Puomin sylinterin toiminta hydraulij\u00e4rjestelmiss\u00e4<\/h3>\n<p>Puomin sylinteri toimii hydraulisen paineen periaatteella, joka muuntaa hydraulisen energian mekaaniseksi voimaksi. T\u00e4m\u00e4 mahdollistaa puomin suorittaa t\u00e4rkeit\u00e4 toimintoja, kuten kaivamisen, nostamisen ja materiaalien siirt\u00e4misen. Puomin sylinterin tehokkuus vaikuttaa suoraan kaivinkoneen suorituskykyyn ja sen kykyyn k\u00e4sitell\u00e4 raskaita kuormia ja suorittaa monimutkaisia \u200b\u200bteht\u00e4vi\u00e4.<\/p>\n<h2>Puomin sylinterin ominaisuudet<\/h2>\n<ul>\n<li><strong>Korkea lujuus ja kest\u00e4vyys:<\/strong> Korkean lujuuden ter\u00e4ksest\u00e4 tai alumiinista valmistettu puomin sylinteri kest\u00e4\u00e4 korkeaa painetta ja raskaita kuormia, joten se sopii vaativiin ty\u00f6ymp\u00e4rist\u00f6ihin. Sen rakenne yhdist\u00e4\u00e4 kulutuskest\u00e4vyyden ja korroosionkest\u00e4vyyden, mik\u00e4 pident\u00e4\u00e4 sen k\u00e4ytt\u00f6ik\u00e4\u00e4.<\/li>\n<li><strong>Tehokas hydraulinen k\u00e4ytt\u00f6:<\/strong> Sylinteri hy\u00f6dynt\u00e4\u00e4 hydrauli\u00f6ljyn painetta tasaiseen ulos- ja sis\u00e4\u00e4nvetoon, reagoi nopeasti ohjauskomentoihin ja tarjoaa huomattavaa ty\u00f6nt\u00f6- ja vetovoimaa. T\u00e4m\u00e4 tekee siit\u00e4 ihanteellisen raskaiden materiaalien k\u00e4sittelyyn ja monimutkaisiin teht\u00e4viin.<\/li>\n<li><strong>Erilaisia \u200b\u200btyyppej\u00e4:<\/strong> Puomisylinteri on saatavana yksitoimisena (hydraulinen paine yhteen suuntaan) tai kaksitoimisena (hydraulinen paine molempiin suuntiin), ja se t\u00e4ytt\u00e4\u00e4 erilaiset k\u00e4ytt\u00f6vaatimukset. Jotkut mallit ovat teleskooppisia, mik\u00e4 mahdollistaa suuremman jatkeen ilman ulkomittojen kasvua, mik\u00e4 sopii erinomaisesti ahtaisiin sovelluksiin.<\/li>\n<li><strong>Mukautettu valmistus:<\/strong> Valmistamme t\u00e4t\u00e4 tuotetta, ja sylinterimme voivat t\u00e4ydellisesti korvata olemassa olevat hydraulisylinterit erilaisissa sovelluksissa.<\/li>\n<li><strong>Edistynyt suunnittelu:<\/strong> Uusinta teknologiaa hy\u00f6dynt\u00e4v\u00e4 puomin sylinteri varmistaa korkean suorituskyvyn ja pitk\u00e4n k\u00e4ytt\u00f6i\u00e4n.<\/li>\n<\/ul>\n<p><img decoding=\"async\" src=\"https:\/\/www.hydraulic-cylinders.net\/wp-content\/uploads\/2025\/04\/songte-cylinder-head-with-all-kinds-excavator-models.webp\" alt=\"Kaivinkonemallien kuva\"><\/p>\n<h2>Puomisylinterin sovellukset<\/h2>\n<h3>Rakennuslaitteet<\/h3>\n<p>Rakennuskoneissa puomisylintereit\u00e4 k\u00e4ytet\u00e4\u00e4n kaivinkoneissa, joissa ne ovat ratkaisevan t\u00e4rkeit\u00e4 maan ja roskien kaivamisessa, lastaamisessa ja siirt\u00e4misess\u00e4. Puomisylinterin avulla kauha voi kaivaa syv\u00e4lle maahan ja nostaa raskaita materiaaleja, mik\u00e4 parantaa rakennusprojektien tehokkuutta.<\/p>\n<h3>Maatalouskoneet<\/h3>\n<p>Maatalouskoneissa puomisylintereit\u00e4 k\u00e4ytet\u00e4\u00e4n etukuormaajissa maan, hein\u00e4n ja muiden materiaalien kauhaamiseen, nostamiseen ja kuljettamiseen. Niiden tehokas nostokyky antaa maanviljelij\u00f6ille mahdollisuuden suorittaa erilaisia \u200b\u200bteht\u00e4vi\u00e4 nopeasti ja tehokkaasti, mik\u00e4 parantaa tilan tuottavuutta.<\/p>\n<h3>Kaivinkoneet<\/h3>\n<p>Kaivinkoneissa puomin sylinteri helpottaa kaivua antamalla kauhan tunkeutua tehokkaasti maaper\u00e4\u00e4n. T\u00e4m\u00e4 toiminto on olennainen esimerkiksi ojituksessa, tasoituksessa ja maan valmistelussa, sill\u00e4 se varmistaa, ett\u00e4 kaivuty\u00f6t suoritetaan sujuvasti ja tehokkaasti.<\/p>\n<h3>Kuormaajat<\/h3>\n<p>Etukuormaajissa puomisylinterit auttavat kuormien tehokkaassa nostamisessa ja kaatamisessa. T\u00e4m\u00e4 ominaisuus on elint\u00e4rke\u00e4 materiaalien siirt\u00e4misess\u00e4 paikasta toiseen, mik\u00e4 helpottaa raskaita materiaaleja sis\u00e4lt\u00e4vien projektien hallintaa.<\/p>\n<h2>Suunnittelun\u00e4k\u00f6kohdat ja valintakriteerit<\/h2>\n<ul>\n<li><strong>Kantavuus:<\/strong> Puomin sylinterin kuormituskapasiteetti on ratkaiseva tekij\u00e4, joka m\u00e4\u00e4ritt\u00e4\u00e4, kuinka paljon painoa se voi turvallisesti nostaa ja laskea. On t\u00e4rke\u00e4\u00e4 valita sylinteri, joka t\u00e4ytt\u00e4\u00e4 tai ylitt\u00e4\u00e4 k\u00e4ytett\u00e4v\u00e4n laitteen vaaditut kuormitusvaatimukset.<\/li>\n<li><strong>Tiivistyskyky:<\/strong> Tehokas tiivistys on elint\u00e4rke\u00e4\u00e4 hydraulinesteen vuotojen est\u00e4miseksi, jotka voivat vaarantaa hydraulij\u00e4rjestelm\u00e4n tehokkuuden ja turvallisuuden. Korkealaatuiset tiivisteet varmistavat, ett\u00e4 neste pysyy sylinterin sis\u00e4ll\u00e4, mik\u00e4 edist\u00e4\u00e4 luotettavaa toimintaa.<\/li>\n<li><strong>Kest\u00e4vyys:<\/strong> Puomisylinterin valmistuksessa k\u00e4ytetyt materiaalit vaikuttavat merkitt\u00e4v\u00e4sti sen kest\u00e4vyyteen. Kest\u00e4vist\u00e4 materiaaleista valmistettujen sylinterien valitseminen parantaa niiden pitk\u00e4ik\u00e4isyytt\u00e4 ja suorituskyky\u00e4 haastavissa ymp\u00e4rist\u00f6iss\u00e4.<\/li>\n<li><strong>Turvaominaisuudet:<\/strong> Turvallisuusn\u00e4k\u00f6kohdat on integroitava suunnitteluun, mukaan lukien ominaisuudet, jotka est\u00e4v\u00e4t ylikuormituksen ja takaavat vakauden k\u00e4yt\u00f6n aikana. Turvatoimenpiteiden toteuttaminen suojaa sek\u00e4 laitteita ett\u00e4 k\u00e4ytt\u00e4j\u00e4\u00e4.<\/li>\n<li><strong>Huollettavuus:<\/strong> Hyvin suunnitellun puomisylinterin tulisi olla helppo huoltaa ja korjata. Sylinterin valitseminen, joka mahdollistaa suoraviivaiset huoltotoimenpiteet, voi v\u00e4hent\u00e4\u00e4 seisokkiaikoja ja pident\u00e4\u00e4 laitteen k\u00e4ytt\u00f6ik\u00e4\u00e4.<\/li>\n<\/ul>\n<p><img decoding=\"async\" src=\"https:\/\/www.hydraulic-cylinders.net\/wp-content\/uploads\/2025\/04\/songte-oil-pipes-and-spare-parts.webp\" alt=\"\u00d6ljyputket ja varaosat -kuva\"><\/p>\n<h2>Hydraulisylinterin tiivistys ja voitelu<\/h2>\n<p>Hydraulisylinterin tiivistysj\u00e4rjestelm\u00e4 on ratkaisevan t\u00e4rke\u00e4 sen suorituskyvyn ja pitk\u00e4ik\u00e4isyyden yll\u00e4pit\u00e4miseksi. Erilaisia \u200b\u200btiivistyskomponentteja, kuten m\u00e4nn\u00e4ntiivisteit\u00e4 ja varren tiivisteit\u00e4, k\u00e4ytet\u00e4\u00e4n varmistamaan, ett\u00e4 hydraulineste ei vuoda sylinterist\u00e4. Kulutusta kest\u00e4vist\u00e4 materiaaleista, kuten polyuretaanista ja nitriilikumista, valmistettujen tiivisteiden valinta parantaa niiden kest\u00e4vyytt\u00e4 ja tehokkuutta.<\/p>\n<p>Lis\u00e4ksi sylinterirungon sis\u00e4pinnat ja kierteitetyt p\u00e4\u00e4typinnat viimeistell\u00e4\u00e4n kulumiskest\u00e4vyyden parantamiseksi. S\u00e4\u00e4nn\u00f6llinen voitelu sopivalla hydrauliikka\u00f6ljyll\u00e4 on v\u00e4ltt\u00e4m\u00e4t\u00f6nt\u00e4 sujuvan toiminnan varmistamiseksi ja kitkan v\u00e4hent\u00e4miseksi, joka voi johtaa ennenaikaiseen kulumiseen.<\/p>\n<h2>Ennaltaehk\u00e4isev\u00e4t huoltotoimenpiteet<\/h2>\n<ul>\n<li><strong>S\u00e4\u00e4nn\u00f6lliset tarkastukset:<\/strong> Puomisylinterin rutiinitarkastukset ovat olennaisia \u200b\u200bkulumisen tai vaurioiden merkkien havaitsemiseksi varhaisessa vaiheessa. T\u00e4m\u00e4 ennakoiva l\u00e4hestymistapa mahdollistaa oikea-aikaiset korjaukset ja vaihdot, mik\u00e4 est\u00e4\u00e4 odottamattomat viat.<\/li>\n<li><strong>Oikea voitelu:<\/strong> Riitt\u00e4v\u00e4n voitelun varmistaminen on ratkaisevan t\u00e4rke\u00e4\u00e4 sylinterin sujuvan toiminnan kannalta. Suositellun hydrauliikka\u00f6ljyn k\u00e4ytt\u00f6 ja voiteluaikataulun noudattaminen voivat pident\u00e4\u00e4 sylinterin k\u00e4ytt\u00f6ik\u00e4\u00e4 merkitt\u00e4v\u00e4sti.<\/li>\n<li><strong>Tiivisteen vaihto:<\/strong> Kuluneiden tiivisteiden s\u00e4\u00e4nn\u00f6llinen tarkistaminen ja vaihtaminen on t\u00e4rke\u00e4\u00e4. Vaurioituneet tiivisteet voivat johtaa nestevuotoihin, jotka heikent\u00e4v\u00e4t hydraulij\u00e4rjestelm\u00e4n tehokkuutta ja luotettavuutta.<\/li>\n<\/ul>\n<h2>Asennusohjeet<\/h2>\n<p>Puomisylinterin oikea asennus on ratkaisevan t\u00e4rke\u00e4\u00e4 sen suorituskyvyn ja pitk\u00e4n k\u00e4ytt\u00f6i\u00e4n kannalta. Aloita varmistamalla, ett\u00e4 kiinnityspinnat ovat puhtaat ja roskattomat. K\u00e4yt\u00e4 sopivia kiinnityskiinnikkeit\u00e4 sylinterin kiinnitt\u00e4miseksi tukevasti paikalleen. On t\u00e4rke\u00e4\u00e4 kohdistaa sylinteri oikein, jotta tiivisteisiin ja niveliin ei kohdistu tarpeetonta rasitusta.<\/p>\n<p>Asennuksen aikana on noudatettava valmistajan antamia v\u00e4\u00e4nt\u00f6momenttiasetuksia ja kohdistustoleransseja koskevia ohjeita. Asennuksen j\u00e4lkeen on t\u00e4rke\u00e4\u00e4 suorittaa perusteellinen tarkastus mahdollisten hydraulisten vuotojen varalta ja varmistaa, ett\u00e4 sylinteri toimii sujuvasti ja esteett\u00e4. J\u00e4rjestelm\u00e4n s\u00e4\u00e4nn\u00f6llinen valvonta asennuksen j\u00e4lkeen auttaa havaitsemaan mahdolliset ongelmat ajoissa.<\/p>\n<h2>Yleiset huoltoteht\u00e4v\u00e4t<\/h2>\n<ul>\n<li><strong>S\u00e4\u00e4nn\u00f6lliset tarkastukset:<\/strong> S\u00e4\u00e4nn\u00f6llisten tarkastusten tekeminen auttaa tunnistamaan mahdolliset ongelmat ennen kuin niist\u00e4 tulee merkitt\u00e4vi\u00e4. Etsi kulumisen merkkej\u00e4, vuotoja ja ep\u00e4tavallisia \u00e4\u00e4ni\u00e4 k\u00e4yt\u00f6n aikana.<\/li>\n<li><strong>Asianmukainen voitelu:<\/strong> Ensuring that the hydraulic cylinder is properly lubricated is crucial for its function. Follow the manufacturer&#8217;s recommendations for lubrication frequency and type.<\/li>\n<li><strong>Tiivisteiden vaihto ja kalibrointitarkastukset:<\/strong> Kuluneiden tiivisteiden s\u00e4\u00e4nn\u00f6llinen vaihtaminen ja kalibrointitarkastusten suorittaminen varmistavat, ett\u00e4 hydrauliikkaj\u00e4rjestelm\u00e4 toimii suunniteltujen parametrien mukaisesti, mik\u00e4 parantaa tehokkuutta ja turvallisuutta.<\/li>\n<\/ul>\n<h2>Turvallisuusn\u00e4k\u00f6kohdat ja ymp\u00e4rist\u00f6tekij\u00e4t<\/h2>\n<p>Turvallisuustoimenpiteet ovat ensiarvoisen t\u00e4rkeit\u00e4 hydraulisten j\u00e4rjestelmien kanssa ty\u00f6skennelt\u00e4ess\u00e4. K\u00e4ytt\u00e4j\u00e4t on koulutettava puomisylintereill\u00e4 varustettujen koneiden asianmukaiseen k\u00e4sittelyyn ja k\u00e4ytt\u00f6\u00f6n. S\u00e4\u00e4nn\u00f6llisi\u00e4 huoltotarkastuksia on noudatettava toimintah\u00e4iri\u00f6isten laitteiden aiheuttamien onnettomuuksien est\u00e4miseksi. Lis\u00e4ksi on otettava huomioon hydraulinesteiden ymp\u00e4rist\u00f6vaikutukset ja varmistettava, ett\u00e4 niit\u00e4 h\u00e4vitet\u00e4\u00e4n asianmukaisesti ymp\u00e4rist\u00f6haittojen minimoimiseksi.<\/p>\n<h2>Vianm\u00e4\u00e4ritys ja yleiset ongelmat<\/h2>\n<ul>\n<li><strong>Nestevuodot:<\/strong> Yksi yleisimmist\u00e4 ongelmista on nestevuodot, jotka voivat johtua kuluneista tiivisteist\u00e4 tai vaurioituneista letkuista. Kuluneiden osien s\u00e4\u00e4nn\u00f6llinen tarkastus ja oikea-aikainen vaihto ovat ratkaisevan t\u00e4rkeit\u00e4.<\/li>\n<li><strong>Hidas sylinterin liike:<\/strong> Jos puomin sylinteri reagoi hitaasti, se voi viitata alhaiseen hydraulinesteen tasoon tai tukoksiin hydrauliletkuissa. Nesteen tasojen tarkistaminen ja letkujen selkeyden varmistaminen voivat ratkaista t\u00e4m\u00e4n ongelman.<\/li>\n<li><strong>Ep\u00e4tavalliset \u00e4\u00e4net:<\/strong> Ep\u00e4tavalliset \u00e4\u00e4net k\u00e4yt\u00f6n aikana viittaavat usein mekaanisiin ongelmiin. Sylinterin kulumisen tai vaurioiden tarkistaminen voi auttaa tunnistamaan ongelman.<\/li>\n<\/ul>\n<h2>Vianm\u00e4\u00e4ritysvinkkej\u00e4 ja -ratkaisuja<\/h2>\n<p>Puomisylinterin ongelmien tehokkaaseen diagnosointiin ja ratkaisemiseen k\u00e4ytt\u00e4jien tulee noudattaa strukturoitua l\u00e4hestymistapaa. Aloita tarkistamalla n\u00e4kyv\u00e4t vuodot ja varmistamalla, ett\u00e4 kaikki liitokset on kiristetty tiukasti. Jos nestetasoja havaitaan alhaisina, lis\u00e4\u00e4 hydrauliikka\u00f6ljy\u00e4 ja varmista, ett\u00e4 se t\u00e4ytt\u00e4\u00e4 suositellut vaatimukset. Tarkkaile j\u00e4rjestelm\u00e4\u00e4 s\u00e4\u00e4nn\u00f6llisesti ep\u00e4tavallisten \u00e4\u00e4nien tai suorituskyvyn poikkeavuuksien varalta, sill\u00e4 ne voivat viitata taustalla oleviin ongelmiin. Ennaltaehk\u00e4isevien huoltotoimenpiteiden, kuten rutiinitarkastusten ja oikea-aikaisten korjausten, toteuttaminen voi merkitt\u00e4v\u00e4sti v\u00e4hent\u00e4\u00e4 ongelmien todenn\u00e4k\u00f6isyytt\u00e4 tulevaisuudessa.<\/p>\n<p><img decoding=\"async\" src=\"https:\/\/www.hydraulic-cylinders.net\/wp-content\/uploads\/2025\/04\/songte-bushings-with-all-kinds-of-excavator-models.webp\" alt=\"Holkit kaivinkonemallien kuvalla\"><\/p>\n<h2>Tietoa yrityksest\u00e4mme<\/h2>\n<p>Olemme johtava hydraulisten sylinterien vaihto-osien valmistaja, joka tarjoaa laajan valikoiman tuotteita sek\u00e4 kotimaisten ett\u00e4 kansainv\u00e4listen markkinoiden tarpeisiin. Sitoutumisemme erinomaiseen laatuun tukee kehittynyt valmistuksenohjausstrategia, jossa hy\u00f6dynnet\u00e4\u00e4n edistynytt\u00e4 teknologiaa ja ammattitaitoista ty\u00f6voimaa. Parannamme jatkuvasti tuotantoprosessejamme varmistaaksemme korkean tehokkuuden, tarkkuuden ja laadun ja vastataksemme monipuolisiin asiakasvaatimuksiin.<\/p>\n<p>Yrityksemme on kansainv\u00e4lisesti sertifioitu, mik\u00e4 varmistaa, ett\u00e4 tuotteemme t\u00e4ytt\u00e4v\u00e4t maailmanlaajuiset standardit. Tarjoamme my\u00f6s r\u00e4\u00e4t\u00e4l\u00f6ityj\u00e4 palveluita erityistarpeisiin vankkojen tuotantolaitteiden ja omistautuneen j\u00e4lkimarkkinointituen avulla.<\/p>\n<p><img decoding=\"async\" src=\"https:\/\/www.hydraulic-cylinders.net\/wp-content\/uploads\/2025\/04\/songte-company-4.webp\" alt=\"Yrityskuva 1\"><\/p>\n<p><img decoding=\"async\" src=\"https:\/\/www.hydraulic-cylinders.net\/wp-content\/uploads\/2025\/04\/songte-company-3.webp\" alt=\"Yrityskuva 2\"><\/p>\n<p>Kirjoittaja: lyl<\/p>","protected":false},"excerpt":{"rendered":"<p>Boom Cylinder For Zoomlion Large Excavator ZE330E Introduction to Boom Cylinder The boom cylinder is a vital component of heavy machinery, specifically designed for controlling the movement of the bucket in excavators, backhoe loaders, and front loaders. This hydraulic cylinder allows the bucket to be lifted, lowered, and tilted, enabling efficient material handling tasks. In [&hellip;]<\/p>","protected":false},"featured_media":17880,"comment_status":"open","ping_status":"closed","template":"","meta":{"_et_pb_use_builder":"","_et_pb_old_content":"","_et_gb_content_width":""},"product_brand":[],"product_cat":[1546],"product_tag":[1547,1496],"class_list":{"0":"post-19224","1":"product","2":"type-product","3":"status-publish","4":"has-post-thumbnail","6":"product_cat-boom-cylinders","7":"product_tag-boom-cylinders","8":"product_tag-hydraulic-cylinders","10":"first","11":"instock","12":"shipping-taxable","13":"product-type-simple"},"amp_enabled":true,"_links":{"self":[{"href":"https:\/\/www.hydraulic-cylinders.net\/fi\/wp-json\/wp\/v2\/product\/19224","targetHints":{"allow":["GET"]}}],"collection":[{"href":"https:\/\/www.hydraulic-cylinders.net\/fi\/wp-json\/wp\/v2\/product"}],"about":[{"href":"https:\/\/www.hydraulic-cylinders.net\/fi\/wp-json\/wp\/v2\/types\/product"}],"replies":[{"embeddable":true,"href":"https:\/\/www.hydraulic-cylinders.net\/fi\/wp-json\/wp\/v2\/comments?post=19224"}],"wp:featuredmedia":[{"embeddable":true,"href":"https:\/\/www.hydraulic-cylinders.net\/fi\/wp-json\/wp\/v2\/media\/17880"}],"wp:attachment":[{"href":"https:\/\/www.hydraulic-cylinders.net\/fi\/wp-json\/wp\/v2\/media?parent=19224"}],"wp:term":[{"taxonomy":"product_brand","embeddable":true,"href":"https:\/\/www.hydraulic-cylinders.net\/fi\/wp-json\/wp\/v2\/product_brand?post=19224"},{"taxonomy":"product_cat","embeddable":true,"href":"https:\/\/www.hydraulic-cylinders.net\/fi\/wp-json\/wp\/v2\/product_cat?post=19224"},{"taxonomy":"product_tag","embeddable":true,"href":"https:\/\/www.hydraulic-cylinders.net\/fi\/wp-json\/wp\/v2\/product_tag?post=19224"}],"curies":[{"name":"wp","href":"https:\/\/api.w.org\/{rel}","templated":true}]}}