{"id":19226,"date":"2025-04-07T06:19:05","date_gmt":"2025-04-07T06:19:05","guid":{"rendered":"https:\/\/www.hydraulic-cylinders.net\/product\/boom-cylinder-for-zoomlion-large-excavator-ze480esp\/"},"modified":"2025-04-07T06:19:07","modified_gmt":"2025-04-07T06:19:07","slug":"boom-cylinder-for-zoomlion-large-excavator-ze480esp","status":"publish","type":"product","link":"https:\/\/www.hydraulic-cylinders.net\/fi\/tuote\/boom-cylinder-for-zoomlion-large-excavator-ze480esp\/","title":{"rendered":"Zoomlion-kaivinkoneen ZE480ESP-puomisylinteri"},"content":{"rendered":"<h1>Zoomlion-kaivinkoneen ZE480ESP-puomisylinteri<\/h1>\n<h2>Johdatus puomin sylinteriin<\/h2>\n<p>The Boom Cylinder is a vital component in large excavators, specifically designed for the Zoomlion ZE480ESP model. This hydraulic cylinder plays a crucial role in controlling the movement of the excavator&#8217;s boom, enabling it to lift, lower, and tilt effectively. By utilizing hydraulic pressure, the boom cylinder allows for precise manipulation of heavy loads, making it an essential part of material handling tasks in construction and excavation.<\/p>\n<p><img decoding=\"async\" src=\"https:\/\/www.hydraulic-cylinders.net\/wp-content\/uploads\/2025\/04\/songte-company-1.webp\" alt=\"Puomin sylinterin kuva\"><\/p>\n<h2>Puomin sylinterin ominaisuudet<\/h2>\n<ul>\n<li><strong>Korkea lujuus ja kest\u00e4vyys:<\/strong> Korkean lujuuden ter\u00e4ksest\u00e4 tai alumiinista valmistettu puomin sylinteri on suunniteltu kest\u00e4m\u00e4\u00e4n korkeaa painetta ja raskaita kuormia. Se on suunniteltu kest\u00e4m\u00e4\u00e4n vaativia ty\u00f6ymp\u00e4rist\u00f6j\u00e4 ja samalla se on kulumisen- ja korroosionkest\u00e4v\u00e4, mik\u00e4 pident\u00e4\u00e4 sen k\u00e4ytt\u00f6ik\u00e4\u00e4.<\/li>\n<li><strong>Tehokas hydraulinen k\u00e4ytt\u00f6:<\/strong> T\u00e4m\u00e4 sylinteri hy\u00f6dynt\u00e4\u00e4 hydrauli\u00f6ljyn painetta sujuvaan ulos- ja sis\u00e4\u00e4nvetoon. Se reagoi nopeasti ohjauskomentoihin ja tarjoaa vankan ty\u00f6nt\u00f6- ja vetokyvyn, mik\u00e4 sopii erinomaisesti raskaiden esineiden k\u00e4sittelyyn ja monimutkaisiin teht\u00e4viin.<\/li>\n<li><strong>Erilaisia \u200b\u200btyyppej\u00e4:<\/strong> Puomin sylinteri on saatavana yksitoimisena (toimii yhteen suuntaan) tai kaksitoimisena (toimii molempiin suuntiin). Jotkut mallit ovat teleskooppisia, mik\u00e4 mahdollistaa suuremman jatkeen ilman ulkomittojen kasvua, mik\u00e4 sopii t\u00e4ydellisesti rajoitetun tilan sovelluksiin.<\/li>\n<li><strong>Tarkkuustekniikka:<\/strong> Jokainen sylinteri on valmistettu eritt\u00e4in huolellisesti yksityiskohtia my\u00f6ten, mik\u00e4 varmistaa yhteensopivuuden eri kaivinkonemallien kanssa ja toiminnan tehokkuuden.<\/li>\n<li><strong>Mukautettu tuotanto:<\/strong> Olemme erikoistuneet valmistamaan puomisylintereit\u00e4, jotka korvaavat t\u00e4ydellisesti olemassa olevat hydraulisylinterit ja varmistavat saumattoman integroinnin koneisiisi.<\/li>\n<\/ul>\n<p><img decoding=\"async\" src=\"https:\/\/www.hydraulic-cylinders.net\/wp-content\/uploads\/2025\/04\/songte-cylinder-head-with-all-kinds-excavator-models.webp\" alt=\"Puomin sylinterin vaihtokuva\"><\/p>\n<h2>Sovellusskenaariot<\/h2>\n<h3>Rakennuslaitteet<\/h3>\n<p>Rakennusty\u00f6mailla kaivinkoneissa k\u00e4ytet\u00e4\u00e4n puomisylintereit\u00e4, jotka ovat kriittisi\u00e4 kaivamisessa, lastaamisessa ja maan tai roskien siirt\u00e4misess\u00e4. Kaivurikuormaajissa kauhan sylinteri auttaa sek\u00e4 kaivu- ett\u00e4 nostoteht\u00e4viss\u00e4 ja tarjoaa tarvittavan voiman projektien tehokkaaseen suorittamiseen.<\/p>\n<h3>Maatalouskoneet<\/h3>\n<p>Etukuormaajissa puomisylinterit helpottavat maaper\u00e4n, hein\u00e4n ja muiden materiaalien kaivamista, nostamista ja kuljetusta. Niiden tehokkuus varmistaa, ett\u00e4 maatalousty\u00f6t suoritetaan nopeasti ja tehokkaasti, mik\u00e4 parantaa maatilojen tuottavuutta.<\/p>\n<h3>Kaivinkoneet<\/h3>\n<p>Puomin sylinteri mahdollistaa kaivinkoneiden tehokkaan tunkeutumisen maaper\u00e4\u00e4n, mik\u00e4 mahdollistaa syv\u00e4kaivun, joka on elint\u00e4rke\u00e4\u00e4 erilaisissa rakennusprojekteissa. Niiden rakenne varmistaa optimaalisen suorituskyvyn kaivut\u00f6iss\u00e4, jolloin k\u00e4ytt\u00e4j\u00e4t voivat maksimoida tuotoksensa.<\/p>\n<h3>Kuormaajat<\/h3>\n<p>Kuormaajissa puomin sylinterit vastaavat kuormien tehokkaasta nostamisesta ja tyhjent\u00e4misest\u00e4. Niiden kest\u00e4v\u00e4 rakenne varmistaa, ett\u00e4 raskaita materiaaleja voidaan k\u00e4sitell\u00e4 helposti, mik\u00e4 mahdollistaa materiaalien tehokkaan kuljetuksen ja h\u00e4vitt\u00e4misen ty\u00f6maalla.<\/p>\n<h2>Suunnittelun\u00e4k\u00f6kohdat ja valintakriteerit<\/h2>\n<h3>Kantavuus<\/h3>\n<p>Puomisylinteri\u00e4 valittaessa on otettava huomioon sen kuormituskapasiteetti. On t\u00e4rke\u00e4\u00e4, ett\u00e4 sylinteri kest\u00e4\u00e4 k\u00e4yt\u00f6n aikana kohtaamansa enimm\u00e4iskuormituksen. T\u00e4m\u00e4 ei ainoastaan \u200b\u200btakaa turvallisuutta, vaan my\u00f6s parantaa laitteen tehokkuutta ja pitk\u00e4ik\u00e4isyytt\u00e4. Hyvin suunniteltu sylinteri kest\u00e4\u00e4 dynaamisia kuormia ja tarjoaa vakautta koko k\u00e4yt\u00f6n ajan.<\/p>\n<h3>Tiivistys<\/h3>\n<p>Tehokas tiivistys on ratkaisevan t\u00e4rke\u00e4\u00e4 sylinterin hydraulisen paineen yll\u00e4pit\u00e4miseksi. Korkealaatuisten tiivisteiden, kuten m\u00e4nn\u00e4ntiivisteiden ja varren tiivisteiden, valinta, joissa k\u00e4ytet\u00e4\u00e4n polyuretaania tai nitriilikumia, voi parantaa merkitt\u00e4v\u00e4sti suorituskyky\u00e4 ja luotettavuutta. Asianmukainen tiivistys est\u00e4\u00e4 nestevuodon ja kontaminaation varmistaen optimaalisen toiminnan.<\/p>\n<h3>Kest\u00e4vyys<\/h3>\n<p>Kest\u00e4vyys on otettu huomioon suunnittelussa varmistaen, ett\u00e4 sylinteri kest\u00e4\u00e4 vaativia olosuhteita. Ominaisuudet, kuten korroosionkest\u00e4vyys ja kulutuskest\u00e4vyys, ovat elint\u00e4rkeit\u00e4 laitteen k\u00e4ytt\u00f6i\u00e4n pident\u00e4miseksi. Valmistajien tulisi priorisoida materiaalien ja pinnoitteiden k\u00e4ytt\u00f6\u00e4, jotka kest\u00e4v\u00e4t \u00e4\u00e4rimm\u00e4isi\u00e4 olosuhteita.<\/p>\n<h3>Turvallisuus<\/h3>\n<p>Turvaominaisuudet ovat ensiarvoisen t\u00e4rkeit\u00e4 hydraulisylintereiden suunnittelussa. Sylinteriss\u00e4 tulisi olla vikasieto- ja ylikuormitussuojausj\u00e4rjestelm\u00e4t katastrofaalisten vikojen est\u00e4miseksi k\u00e4yt\u00f6n aikana. S\u00e4\u00e4nn\u00f6lliset turvallisuusarvioinnit voivat lievent\u00e4\u00e4 hydraulisiin toimintoihin liittyvi\u00e4 riskej\u00e4.<\/p>\n<h3>Yll\u00e4pidett\u00e4vyys<\/h3>\n<p>Helppo huolto on toinen t\u00e4rke\u00e4 n\u00e4k\u00f6kohta. Hyvin suunnitellun puomisylinterin tulisi mahdollistaa nopeat tarkastukset ja korjaukset, mik\u00e4 minimoi seisokkiajat. Ominaisuudet, kuten helposti saavutettavat voitelu- ja tarkastuskohdat, voivat parantaa merkitt\u00e4v\u00e4sti rutiinihuoltoteht\u00e4vien tehokkuutta.<\/p>\n<p><img decoding=\"async\" src=\"https:\/\/www.hydraulic-cylinders.net\/wp-content\/uploads\/2025\/04\/songte-oil-pipes-and-spare-parts.webp\" alt=\"Puomin sylinterin osien kuva\"><\/p>\n<h2>Tiivistys ja voitelu<\/h2>\n<p>Asianmukainen tiivistys ja voitelu ovat ratkaisevan t\u00e4rkeit\u00e4 puomisylinterien suorituskyvylle. Erilaiset tiivisteet, kuten m\u00e4nn\u00e4ntiivisteet ja varren tiivisteet, ovat olennaisia \u200b\u200bhydraulisen eheyden yll\u00e4pit\u00e4misess\u00e4. Kest\u00e4vien materiaalien, kuten polyuretaanin ja nitriilin, valinta voi tarjota tehokkaan tiivistyksen kulumista vastaan. Lis\u00e4ksi sylinterin runko ja kierteitetyt p\u00e4\u00e4t tulee koneistaa hienosti kulutuskest\u00e4vyyden parantamiseksi.<\/p>\n<p>S\u00e4\u00e4nn\u00f6llinen hydrauliikka\u00f6ljyvoitelu on elint\u00e4rke\u00e4\u00e4, ja riitt\u00e4v\u00e4 \u00f6ljytaso vaatii s\u00e4\u00e4nn\u00f6llisi\u00e4 tarkistuksia. Oikea voitelu v\u00e4hent\u00e4\u00e4 kitkaa, pident\u00e4\u00e4 sylinterin k\u00e4ytt\u00f6ik\u00e4\u00e4 ja varmistaa sujuvan toiminnan. Oikean voitelun laiminly\u00f6nti voi johtaa lis\u00e4\u00e4ntyneeseen kulumiseen ja mahdollisiin vikoihin.<\/p>\n<h2>Ennaltaehk\u00e4isev\u00e4t huoltotoimenpiteet<\/h2>\n<ul>\n<li><strong>S\u00e4\u00e4nn\u00f6lliset tarkastukset:<\/strong> Suorita rutiinitarkastuksia kulumisen tai vaurioiden merkkien tunnistamiseksi. T\u00e4m\u00e4 ennakoiva l\u00e4hestymistapa auttaa havaitsemaan mahdolliset ongelmat varhaisessa vaiheessa ja ehk\u00e4isem\u00e4\u00e4n suurempia rikkoutumisia.<\/li>\n<li><strong>Asianmukainen voitelu:<\/strong> Varmista, ett\u00e4 voiteluaineet levitet\u00e4\u00e4n oikein ja oikea-aikaisesti sylinterin optimaalisen toiminnan yll\u00e4pit\u00e4miseksi ja ennenaikaisen kulumisen est\u00e4miseksi.<\/li>\n<li><strong>Tiivisteen vaihto:<\/strong> Tarkista tiivisteet s\u00e4\u00e4nn\u00f6llisesti ja vaihda ne tarvittaessa hydraulisen eheyden yll\u00e4pit\u00e4miseksi. Kuluneet tiivisteet voivat johtaa vuotoihin ja heikent\u00e4\u00e4 tehokkuutta.<\/li>\n<\/ul>\n<h2>Asennusohjeet<\/h2>\n<p>Puomisylinterin oikea asentaminen on ratkaisevan t\u00e4rke\u00e4\u00e4 sen suorituskyvyn kannalta. Varmista ensin, ett\u00e4 sinulla on asennusprosessiin tarvittavat ty\u00f6kalut ja laitteet. Aloita kohdistamalla sylinteri oikein kaivinkoneen kiinnityspisteisiin. On t\u00e4rke\u00e4\u00e4 k\u00e4ytt\u00e4\u00e4 sopivia kiinnityskorvakkeita sylinterin kiinnitt\u00e4miseksi paikalleen, jotta v\u00e4ltet\u00e4\u00e4n mahdolliset virheelliset kohdistukset, jotka voivat johtaa toiminnallisiin ongelmiin.<\/p>\n<p>Kun sylinteri on linjattu, kirist\u00e4 pultit tasaisesti, jotta sylinteriin ei kohdistu rasitusta. Asennuksen j\u00e4lkeen tarkista linjaus uudelleen ennen hydraulij\u00e4rjestelm\u00e4n testaamista. T\u00e4m\u00e4 vaihe varmistaa, ett\u00e4 sylinteri toimii sujuvasti ilman esteit\u00e4.<\/p>\n<p>Tarkista lis\u00e4ksi valmistajan tiedot v\u00e4\u00e4nt\u00f6momenttiasetuksista ja kiinnityskokoonpanoista varmistaaksesi turvallisuusstandardien noudattamisen ja toiminnan tehokkuuden.<\/p>\n<h2>Yleiset huoltoteht\u00e4v\u00e4t<\/h2>\n<ul>\n<li><strong>S\u00e4\u00e4nn\u00f6lliset tarkastukset:<\/strong> Tarkasta puomin sylinteri s\u00e4\u00e4nn\u00f6llisesti mahdollisten vaurioiden tai kulumisen varalta. T\u00e4m\u00e4 k\u00e4yt\u00e4nt\u00f6 auttaa havaitsemaan mahdolliset ongelmat varhaisessa vaiheessa, mik\u00e4 varmistaa turvallisuuden ja luotettavuuden.<\/li>\n<li><strong>Asianmukainen voitelu:<\/strong> Sylinterin riitt\u00e4v\u00e4 voitelu on elint\u00e4rke\u00e4\u00e4 sujuvan toiminnan kannalta. K\u00e4yt\u00e4 suositeltua hydrauli\u00f6ljy\u00e4 ja noudata huolto-ohjelmaa.<\/li>\n<li><strong>Tiivisteen vaihto:<\/strong> Tiivisteet tulee tarkistaa s\u00e4\u00e4nn\u00f6llisesti ja vaihtaa, jos ne ovat kuluneet tai vaurioituneet. T\u00e4m\u00e4 teht\u00e4v\u00e4 on ratkaisevan t\u00e4rke\u00e4 vuotojen est\u00e4miseksi ja j\u00e4rjestelm\u00e4n paineen yll\u00e4pit\u00e4miseksi.<\/li>\n<\/ul>\n<p>Oikea asennus, voitelu ja s\u00e4\u00e4t\u00f6 ovat elint\u00e4rkeit\u00e4 puomin sylinterin pitk\u00e4ik\u00e4isyyden kannalta. Oikea kohdistus asennuksen aikana est\u00e4\u00e4 sylinterin liiallisen rasituksen, kun taas tehokas voitelu v\u00e4hent\u00e4\u00e4 kulumista ja yll\u00e4pit\u00e4\u00e4 suorituskyky\u00e4. On my\u00f6s suositeltavaa noudattaa asianmukaisia \u200b\u200btarkastus- ja korjausprotokollia laitteen k\u00e4ytt\u00f6i\u00e4n ja luotettavuuden parantamiseksi.<\/p>\n<p><img decoding=\"async\" src=\"https:\/\/www.hydraulic-cylinders.net\/wp-content\/uploads\/2025\/04\/songte-chushion-collar.webp\" alt=\"Sylinterin asennuskuva\"><\/p>\n<h2>Turvallisuusn\u00e4k\u00f6kohdat ja ymp\u00e4rist\u00f6tekij\u00e4t<\/h2>\n<p>Hydraulisylinterien kanssa ty\u00f6skennelt\u00e4ess\u00e4 turvatoimenpiteet ovat ensiarvoisen t\u00e4rkeit\u00e4. K\u00e4ytt\u00e4j\u00e4t tulee kouluttaa hydraulisten j\u00e4rjestelmien asianmukaiseen k\u00e4sittelyyn ja k\u00e4ytt\u00f6\u00f6n onnettomuusriskin minimoimiseksi. Lis\u00e4ksi on noudatettava kaikkia turvallisuusprotokollia, mukaan lukien asianmukaisten henkil\u00f6nsuojainten (PPE) k\u00e4ytt\u00f6 ja koneiden hyv\u00e4ss\u00e4 kunnossa pit\u00e4minen toimintah\u00e4iri\u00f6iden v\u00e4ltt\u00e4miseksi.<\/p>\n<h2>Vianm\u00e4\u00e4ritys ja yleiset ongelmat<\/h2>\n<h3>Yleisi\u00e4 ongelmia<\/h3>\n<ul>\n<li><strong>Vuoto:<\/strong> Yksi yleisimmist\u00e4 hydraulisylintereiden ongelmista on vuoto, joka usein johtuu kuluneista tiivisteist\u00e4 tai virheellisest\u00e4 asennuksesta.<\/li>\n<li><strong>Heikentynyt suorituskyky:<\/strong> T\u00e4m\u00e4 voi johtua alhaisesta hydraulinesteen tasosta tai j\u00e4rjestelm\u00e4n ep\u00e4puhtauksista.<\/li>\n<li><strong>Melu k\u00e4yt\u00f6n aikana:<\/strong> Ep\u00e4tavalliset \u00e4\u00e4net voivat viitata sis\u00e4isiin vaurioihin tai voiteluongelmiin.<\/li>\n<\/ul>\n<h3>Vianm\u00e4\u00e4ritysvinkkej\u00e4<\/h3>\n<p>Ongelmien tehokkaaksi diagnosoimiseksi ja ratkaisemiseksi on t\u00e4rke\u00e4\u00e4 suorittaa hydraulij\u00e4rjestelm\u00e4n perusteelliset tarkastukset. Aloita tunnistamalla mahdolliset vuodot ja vaihtamalla vialliset tiivisteet. Jos suorituskyky heikkenee, tarkista nestetasot ja laatu varmistaen, ett\u00e4 hydrauli\u00f6ljy on puhdasta ja oikealla tasolla. Meluongelmien varalta tarkista sylinteri kulumisen tai riitt\u00e4m\u00e4tt\u00f6m\u00e4n voitelun merkkien varalta ja korjaa mahdolliset ongelmat viipym\u00e4tt\u00e4 toiminnan yll\u00e4pit\u00e4miseksi.<\/p>\n<p>Ennaltaehk\u00e4isevien toimenpiteiden, kuten s\u00e4\u00e4nn\u00f6llisen huollon ja tarkastusten, toteuttaminen voi merkitt\u00e4v\u00e4sti v\u00e4hent\u00e4\u00e4 n\u00e4iden yleisten ongelmien todenn\u00e4k\u00f6isyytt\u00e4 ja parantaa siten hydraulisten j\u00e4rjestelmien luotettavuutta.<\/p>\n<p><img decoding=\"async\" src=\"https:\/\/www.hydraulic-cylinders.net\/wp-content\/uploads\/2025\/04\/songte-bushings-with-all-kinds-of-excavator-models.webp\" alt=\"Yleisten ongelmien kuva\"><\/p>\n<h2>Tietoa yrityksest\u00e4mme<\/h2>\n<p>Olemme johtava hydraulisten sylinterien vaihtolaitteiden valmistaja, joka tarjoaa laajan valikoiman tuotteita sek\u00e4 kotimaisille ett\u00e4 kansainv\u00e4lisille markkinoille. Sitoutumisemme huippuosaamiseen kannustaa meit\u00e4 hy\u00f6dynt\u00e4m\u00e4\u00e4n hienostuneita valmistusstrategioita ja edistynytt\u00e4 teknologiaa tuotannonohjauksessa.<\/p>\n<p>Tilamme on varustettu huippuluokan tuotantolaitteilla ja ammattimaisella testausj\u00e4rjestelm\u00e4ll\u00e4, joiden avulla voimme jatkuvasti parantaa tuotantokapasiteettiamme. Olemme ylpeit\u00e4 voidessamme tarjota korkeaa tehokkuutta, tarkkuutta ja laatua, jotka vastaavat monipuolisiin asiakastarpeisiin.<\/p>\n<p>Lis\u00e4ksi tarjoamme r\u00e4\u00e4t\u00e4l\u00f6ityj\u00e4 palveluita, kansainv\u00e4lisi\u00e4 sertifikaatteja ja vankkaa j\u00e4lkimarkkinointitukea, mik\u00e4 varmistaa asiakastyytyv\u00e4isyyden ja luottamuksen tuotteisiimme.<\/p>\n<p><img decoding=\"async\" src=\"https:\/\/www.hydraulic-cylinders.net\/wp-content\/uploads\/2025\/04\/songte-company-4.webp\" alt=\"Yrityksen yleiskatsauskuva\"><br \/>\n<img decoding=\"async\" src=\"https:\/\/www.hydraulic-cylinders.net\/wp-content\/uploads\/2025\/04\/songte-company-3.webp\" alt=\"Tuotantolaitoksen kuva\"><\/p>\n<p>Tekij\u00e4 lyl<\/p>","protected":false},"excerpt":{"rendered":"<p>Boom Cylinder For Zoomlion Large Excavator ZE480ESP Introduction to Boom Cylinder The Boom Cylinder is a vital component in large excavators, specifically designed for the Zoomlion ZE480ESP model. This hydraulic cylinder plays a crucial role in controlling the movement of the excavator&#8217;s boom, enabling it to lift, lower, and tilt effectively. By utilizing hydraulic pressure, [&hellip;]<\/p>","protected":false},"featured_media":17867,"comment_status":"open","ping_status":"closed","template":"","meta":{"_et_pb_use_builder":"","_et_pb_old_content":"","_et_gb_content_width":""},"product_brand":[],"product_cat":[1546],"product_tag":[1547,1496],"class_list":{"0":"post-19226","1":"product","2":"type-product","3":"status-publish","4":"has-post-thumbnail","6":"product_cat-boom-cylinders","7":"product_tag-boom-cylinders","8":"product_tag-hydraulic-cylinders","10":"first","11":"instock","12":"shipping-taxable","13":"product-type-simple"},"amp_enabled":true,"_links":{"self":[{"href":"https:\/\/www.hydraulic-cylinders.net\/fi\/wp-json\/wp\/v2\/product\/19226","targetHints":{"allow":["GET"]}}],"collection":[{"href":"https:\/\/www.hydraulic-cylinders.net\/fi\/wp-json\/wp\/v2\/product"}],"about":[{"href":"https:\/\/www.hydraulic-cylinders.net\/fi\/wp-json\/wp\/v2\/types\/product"}],"replies":[{"embeddable":true,"href":"https:\/\/www.hydraulic-cylinders.net\/fi\/wp-json\/wp\/v2\/comments?post=19226"}],"wp:featuredmedia":[{"embeddable":true,"href":"https:\/\/www.hydraulic-cylinders.net\/fi\/wp-json\/wp\/v2\/media\/17867"}],"wp:attachment":[{"href":"https:\/\/www.hydraulic-cylinders.net\/fi\/wp-json\/wp\/v2\/media?parent=19226"}],"wp:term":[{"taxonomy":"product_brand","embeddable":true,"href":"https:\/\/www.hydraulic-cylinders.net\/fi\/wp-json\/wp\/v2\/product_brand?post=19226"},{"taxonomy":"product_cat","embeddable":true,"href":"https:\/\/www.hydraulic-cylinders.net\/fi\/wp-json\/wp\/v2\/product_cat?post=19226"},{"taxonomy":"product_tag","embeddable":true,"href":"https:\/\/www.hydraulic-cylinders.net\/fi\/wp-json\/wp\/v2\/product_tag?post=19226"}],"curies":[{"name":"wp","href":"https:\/\/api.w.org\/{rel}","templated":true}]}}