{"id":19227,"date":"2025-04-07T06:19:07","date_gmt":"2025-04-07T06:19:07","guid":{"rendered":"https:\/\/www.hydraulic-cylinders.net\/product\/boom-cylinder-for-zoomlion-large-excavator-ze360e\/"},"modified":"2025-04-07T06:19:10","modified_gmt":"2025-04-07T06:19:10","slug":"boom-cylinder-for-zoomlion-large-excavator-ze360e","status":"publish","type":"product","link":"https:\/\/www.hydraulic-cylinders.net\/fi\/tuote\/boom-cylinder-for-zoomlion-large-excavator-ze360e\/","title":{"rendered":"Zoomlion-kaivukoneen ZE360E puomin sylinteri"},"content":{"rendered":"<h1>Zoomlion-kaivukoneen ZE360E puomin sylinteri<\/h1>\n<h2>Johdatus puomin sylinteriin<\/h2>\n<p>Puomin sylinteri on t\u00e4rke\u00e4 osa raskaissa koneissa, erityisesti suurissa kaivinkoneissa, kuten Zoomlion ZE360E:ss\u00e4. T\u00e4m\u00e4 hydraulisylinteri on suunniteltu ohjaamaan puomin liikett\u00e4, jolloin se voi nousta, laskea ja kallistua tarkasti. Sen rooli hydraulij\u00e4rjestelm\u00e4ss\u00e4 on elint\u00e4rke\u00e4 erilaisten teht\u00e4vien tehokkaan ja tuloksellisen suorittamisen kannalta.<\/p>\n<p>Kauhasylinteri on erikoishydraulinen sylinteri, joka mahdollistaa raskaiden koneiden, kuten kaivinkoneiden, kaivurikuormaajien ja etukuormaajien, t\u00e4rkeiden toimintojen suorittamisen. Se mahdollistaa kauhan liikkeen, mik\u00e4 on ratkaisevan t\u00e4rke\u00e4\u00e4 materiaalink\u00e4sittelyteht\u00e4viss\u00e4, kuten kaivamisessa, nostamisessa ja erilaisten materiaalien kuljetuksessa. Hydraulij\u00e4rjestelm\u00e4n tehokkuus ja toimivuus riippuvat suuresti puomisylinterin oikeasta toiminnasta.<\/p>\n<p><img decoding=\"async\" src=\"https:\/\/www.hydraulic-cylinders.net\/wp-content\/uploads\/2025\/04\/songte-company-1.webp\" alt=\"Kaivinkoneen puomin sylinteri\" \/><\/p>\n<h2>Puomin sylinterin ominaisuudet<\/h2>\n<h3>Korkea lujuus ja kest\u00e4vyys<\/h3>\n<ul>\n<li>Valmistettu eritt\u00e4in lujasta ter\u00e4ksest\u00e4 tai alumiinista kest\u00e4m\u00e4\u00e4n suurta painetta ja raskaita kuormia.<\/li>\n<li>Suunniteltu kest\u00e4m\u00e4\u00e4n kulutusta ja korroosiota, mik\u00e4 parantaa k\u00e4ytt\u00f6ik\u00e4\u00e4.<\/li>\n<\/ul>\n<h3>Tehokas hydraulinen k\u00e4ytt\u00f6<\/h3>\n<ul>\n<li>K\u00e4ytt\u00e4\u00e4 hydraulinesteen painetta sujuvan pidennyksen ja sis\u00e4\u00e4nvedon saavuttamiseksi.<\/li>\n<li>Reagoi nopeasti toiminnallisiin komentoihin ja tarjoaa merkitt\u00e4v\u00e4\u00e4 ty\u00f6nt\u00f6- ja vetovoimaa.<\/li>\n<\/ul>\n<h3>Erilaiset tyypit<\/h3>\n<ul>\n<li>Saatavilla yksitoimisina (hydraulisesti vain yhteen suuntaan) tai kaksitoimisina (hydraulisesti vain molempiin suuntiin).<\/li>\n<li>Tietyiss\u00e4 malleissa on teleskooppirakenne, joka mahdollistaa pidemm\u00e4n ulottuvuuden ilman ulkomittojen kasvua, mik\u00e4 sopii erinomaisesti ahtaisiin tiloihin.<\/li>\n<\/ul>\n<h2>Tuotantokykymme<\/h2>\n<p>Olemme erikoistuneet korkealaatuisten puomisylintereiden valmistukseen, jotka korvaavat t\u00e4ydellisesti olemassa olevat hydraulisylinterit. Tuotteemme on suunniteltu t\u00e4ytt\u00e4m\u00e4\u00e4n alan korkeimmat standardit, mik\u00e4 varmistaa yhteensopivuuden ja luotettavuuden.<\/p>\n<p><img decoding=\"async\" src=\"https:\/\/www.hydraulic-cylinders.net\/wp-content\/uploads\/2025\/04\/songte-cylinder-head-with-all-kinds-excavator-models.webp\" alt=\"Kaivinkonemallit\" \/><\/p>\n<h2>Puomisylinterin sovellukset<\/h2>\n<h3>Rakennuslaitteet<\/h3>\n<p>Kaivinkoneissa puomisylinterit ovat v\u00e4ltt\u00e4m\u00e4tt\u00f6mi\u00e4 kaivamiseen, lastaamiseen ja maan tai roskien siirt\u00e4miseen. Ne tarjoavat tarvittavan voiman sek\u00e4 kaivu- ett\u00e4 nostoteht\u00e4viss\u00e4 varmistaen tehokkaan toiminnan rakennusty\u00f6mailla.<\/p>\n<h3>Maatalouskoneet<\/h3>\n<p>Etukuormaajissa k\u00e4ytett\u00e4v\u00e4t puomisylinterit helpottavat maaper\u00e4n, hein\u00e4n ja muiden materiaalien kaivamista, nostamista ja kuljetusta. Niiden kest\u00e4v\u00e4 rakenne mahdollistaa maatalousteht\u00e4vien tehokkaan k\u00e4sittelyn ja edist\u00e4\u00e4 maatilojen tuottavuutta.<\/p>\n<h3>Kaivinkoneet<\/h3>\n<p>Kaivinkoneissa puomin sylinteri mahdollistaa kauhan tunkeutumisen maaper\u00e4\u00e4n tehokasta kaivamista varten. Sen hydrauliset ominaisuudet mahdollistavat nopeat ja tehokkaat kaivuliikkeet, mik\u00e4 tekee siit\u00e4 v\u00e4ltt\u00e4m\u00e4tt\u00f6m\u00e4n kaivut\u00f6iss\u00e4.<\/p>\n<h3>Kuormaajat<\/h3>\n<p>Etukuormaajissa puomin sylinterit auttavat kuormien tehokkaassa nostamisessa ja tyhjent\u00e4misess\u00e4. Niiden hydrauliikkaj\u00e4rjestelm\u00e4 tarjoaa tarvittavan voiman raskaiden materiaalien nostamiseen, mik\u00e4 varmistaa sujuvan ja tehokkaan materiaalink\u00e4sittelyn.<\/p>\n<h2>Suunnittelun\u00e4k\u00f6kohdat ja valintakriteerit<\/h2>\n<h3>Kantavuus<\/h3>\n<p>Puomisylinteri\u00e4 valittaessa sen kuormituskapasiteetti on ensisijainen huomioitava seikka. Sen on kestett\u00e4v\u00e4 k\u00e4sitelt\u00e4vien materiaalien paino vaarantamatta rakenteellista eheytt\u00e4. Sylinterin teknisten tietojen on oltava laitteen k\u00e4ytt\u00f6vaatimusten mukaisia.<\/p>\n<h3>Tiivistys ja kest\u00e4vyys<\/h3>\n<p>Laadukkaassa puomin sylinteriss\u00e4 on oltava tehokas tiiviste, jotta estet\u00e4\u00e4n hydraulinesteen vuodot, jotka voivat johtaa tehottomaan toimintaan ja lis\u00e4\u00e4ntyneisiin yll\u00e4pitokustannuksiin. Tiivisteiss\u00e4 k\u00e4ytettyjen materiaalien tulee olla kulutusta kest\u00e4vi\u00e4 ja kest\u00e4\u00e4 erilaisia \u200b\u200bymp\u00e4rist\u00f6olosuhteita.<\/p>\n<h3>Turvaominaisuudet<\/h3>\n<p>Turvallisuus on ensiarvoisen t\u00e4rke\u00e4\u00e4 hydraulisylintereiden suunnittelussa. Ominaisuudet, kuten paineenalennusventtiilit ja turvalukot, voivat est\u00e4\u00e4 onnettomuuksia k\u00e4yt\u00f6n aikana. K\u00e4ytt\u00e4j\u00e4n turvallisuuden varmistamiseksi on t\u00e4rke\u00e4\u00e4 valita sylinteri, joka t\u00e4ytt\u00e4\u00e4 turvallisuusstandardit ja -m\u00e4\u00e4r\u00e4ykset.<\/p>\n<p><img decoding=\"async\" src=\"https:\/\/www.hydraulic-cylinders.net\/wp-content\/uploads\/2025\/04\/songte-oil-pipes-and-spare-parts.webp\" alt=\"Hydrauliset komponentit\" \/><\/p>\n<h2>Tiivistys ja voitelu<\/h2>\n<p>Puomisylinterin tehokkuus riippuu pitk\u00e4lti sen tiivistys- ja voiteluj\u00e4rjestelmist\u00e4. Erilaiset tiivisteet, kuten m\u00e4nn\u00e4ntiivisteet ja varren tiivisteet, ovat v\u00e4ltt\u00e4m\u00e4tt\u00f6mi\u00e4 paineen yll\u00e4pit\u00e4miseksi ja vuotojen est\u00e4miseksi. Materiaaleja, kuten polyuretaania ja nitriilikumia, k\u00e4ytet\u00e4\u00e4n yleisesti niiden kulutusta kest\u00e4vien ominaisuuksien vuoksi. Lis\u00e4ksi sylinterin runko ja kierteitetyt p\u00e4\u00e4t tulisi ty\u00f6st\u00e4\u00e4 tarkasti kest\u00e4vyyden ja toimivuuden parantamiseksi.<\/p>\n<p>S\u00e4\u00e4nn\u00f6llinen voitelu hydrauliikka\u00f6ljyll\u00e4 on ratkaisevan t\u00e4rke\u00e4\u00e4 sylinterin suorituskyvyn yll\u00e4pit\u00e4miseksi. Riitt\u00e4v\u00e4 voitelu v\u00e4hent\u00e4\u00e4 kitkaa, pident\u00e4\u00e4 tiivisteiden k\u00e4ytt\u00f6ik\u00e4\u00e4 ja varmistaa sujuvan toiminnan. Valmistajan ohjeiden noudattaminen voitelutiheyden ja -m\u00e4\u00e4r\u00e4n suhteen voi parantaa hydrauliikkaj\u00e4rjestelm\u00e4n kokonaistehokkuutta.<\/p>\n<h2>Huolto ja ennaltaehk\u00e4isev\u00e4t toimenpiteet<\/h2>\n<h3>S\u00e4\u00e4nn\u00f6lliset tarkastukset<\/h3>\n<p>Puomisylinterin s\u00e4\u00e4nn\u00f6lliset tarkastukset ovat olennaisia \u200b\u200bmahdollisten ongelmien tunnistamiseksi ennen niiden pahenemista. Etsi merkkej\u00e4 vuodoista, kulumisesta tai vaurioista. S\u00e4\u00e4nn\u00f6lliset tarkastukset voivat auttaa yll\u00e4pit\u00e4m\u00e4\u00e4n optimaalista suorituskyky\u00e4 ja est\u00e4m\u00e4\u00e4n kalliita korjauksia.<\/p>\n<h3>Asianmukainen voitelu<\/h3>\n<p>Sylinterin riitt\u00e4v\u00e4 voitelu on t\u00e4rke\u00e4\u00e4 sujuvan toiminnan kannalta. K\u00e4yt\u00e4 suositeltua hydrauliikka\u00f6ljy\u00e4 ja noudata valmistajan ohjeita voiteluv\u00e4leist\u00e4. T\u00e4m\u00e4 auttaa v\u00e4hent\u00e4m\u00e4\u00e4n sis\u00e4isten osien kulumista.<\/p>\n<h3>Tiivisteen vaihto ja kalibrointi<\/h3>\n<p>Kuluneiden tiivisteiden vaihtaminen on elint\u00e4rke\u00e4\u00e4 hydraulisen paineen ja tehokkuuden yll\u00e4pit\u00e4miseksi. Sylinterin s\u00e4\u00e4nn\u00f6llinen kalibrointi varmistaa, ett\u00e4 se toimii m\u00e4\u00e4ritettyjen parametrien mukaisesti, est\u00e4\u00e4 toimintah\u00e4iri\u00f6it\u00e4 ja pident\u00e4\u00e4 sen k\u00e4ytt\u00f6ik\u00e4\u00e4.<\/p>\n<p><img decoding=\"async\" src=\"https:\/\/www.hydraulic-cylinders.net\/wp-content\/uploads\/2025\/04\/songte-chushion-collar.webp\" alt=\"Tyynykaulus\" \/><\/p>\n<h2>Turvallisuusn\u00e4k\u00f6kohdat ja ymp\u00e4rist\u00f6tekij\u00e4t<\/h2>\n<p>Turvatoimenpiteiden toteuttaminen puomisylintereit\u00e4 k\u00e4ytett\u00e4ess\u00e4 on kriittist\u00e4. K\u00e4ytt\u00e4j\u00e4t tulee kouluttaa tunnistamaan hydraulij\u00e4rjestelmiin liittyv\u00e4t mahdolliset vaarat, kuten korkeapaineriskit. Asianmukaisten suojavarusteiden k\u00e4ytt\u00f6 ja turvallisuusprotokollien noudattaminen voivat v\u00e4hent\u00e4\u00e4 merkitt\u00e4v\u00e4sti onnettomuusriski\u00e4.<\/p>\n<h2>Vianm\u00e4\u00e4ritys ja yleiset ongelmat<\/h2>\n<h3>Yleisten ongelmien tunnistaminen<\/h3>\n<ul>\n<li><strong>Vuoto:<\/strong> Yksi yleisimmist\u00e4 ongelmista on hydraulinesteen vuoto, joka voi viitata tiivisteen vikaantumiseen.<\/li>\n<li><strong>Huono suorituskyky:<\/strong> Jos sylinteri ei reagoi tehokkaasti, se voi johtua riitt\u00e4m\u00e4tt\u00f6m\u00e4st\u00e4 voitelusta tai sis\u00e4isist\u00e4 vaurioista.<\/li>\n<li><strong>Meluisa toiminta:<\/strong> Ep\u00e4tavalliset \u00e4\u00e4net k\u00e4yt\u00f6n aikana voivat viitata j\u00e4rjestelm\u00e4\u00e4n j\u00e4\u00e4neeseen ilmaan tai komponenttien kulumiseen.<\/li>\n<\/ul>\n<h3>Vianm\u00e4\u00e4ritysvinkkej\u00e4<\/h3>\n<p>N\u00e4iden ongelmien ratkaisemiseksi aloita tiivisteiden tarkastaminen ja tarkista, onko niiss\u00e4 n\u00e4kyvi\u00e4 vaurioita. Varmista, ett\u00e4 hydraulinesteen taso on riitt\u00e4v\u00e4, ja etsi j\u00e4rjestelm\u00e4st\u00e4 ilmataskuja, jotka saattavat vaatia ilmausta. S\u00e4\u00e4nn\u00f6llinen huolto voi auttaa est\u00e4m\u00e4\u00e4n n\u00e4iden ongelmien syntymisen.<\/p>\n<p><img decoding=\"async\" src=\"https:\/\/www.hydraulic-cylinders.net\/wp-content\/uploads\/2025\/04\/songte-bushings-with-all-kinds-of-excavator-models.webp\" alt=\"Kaivinkonemallien holkit\" \/><\/p>\n<h2>Tietoa yrityksest\u00e4mme<\/h2>\n<p>Olemme johtava hydraulisten sylinterien vaihto-osien valmistaja. Kattava tuotevalikoimamme tekee meist\u00e4 keskeisen toimijan sek\u00e4 kotimaisilla ett\u00e4 kansainv\u00e4lisill\u00e4 markkinoilla. Sitoutumisemme huippuosaamiseen n\u00e4kyy huippumoderneissa tuotantolaitoksissamme, jotka hy\u00f6dynt\u00e4v\u00e4t edistynytt\u00e4 teknologiaa ja ammattitaitoista henkil\u00f6st\u00f6\u00e4 korkealaatuisten tuotteiden toimittamiseksi.<\/p>\n<p>Sitoutumisemme laadunvarmistukseen sis\u00e4lt\u00e4\u00e4 perusteelliset testit ja kansainv\u00e4listen sertifikaattien noudattamisen. Tarjoamme r\u00e4\u00e4t\u00e4l\u00f6ityj\u00e4 ratkaisuja asiakkaiden erityistarpeisiin varmistaen, ett\u00e4 tuotteemme ovat alan standardien mukaisia. Vankan j\u00e4lkimarkkinointipalvelun avulla tuemme asiakkaitamme koko tuotteen elinkaaren ajan.<\/p>\n<p><img decoding=\"async\" src=\"https:\/\/www.hydraulic-cylinders.net\/wp-content\/uploads\/2025\/04\/songte-company-4.webp\" alt=\"Yrityksen yleiskatsaus\" \/><br \/>\n<img decoding=\"async\" src=\"https:\/\/www.hydraulic-cylinders.net\/wp-content\/uploads\/2025\/04\/songte-company-3.webp\" alt=\"Tuotantolaitos\" \/><\/p>\n<p>Kirjoittaja: lyl<\/p>","protected":false},"excerpt":{"rendered":"<p>Boom Cylinder For Zoomlion Large Excavator ZE360E Introduction to Boom Cylinder The Boom Cylinder is a crucial component in heavy machinery, particularly in large excavators like the Zoomlion ZE360E. This hydraulic cylinder is designed to control the movement of the boom, allowing it to lift, lower, and tilt with precision. Its role in the hydraulic [&hellip;]<\/p>","protected":false},"featured_media":17868,"comment_status":"open","ping_status":"closed","template":"","meta":{"_et_pb_use_builder":"","_et_pb_old_content":"","_et_gb_content_width":""},"product_brand":[],"product_cat":[1546],"product_tag":[1547,1496],"class_list":{"0":"post-19227","1":"product","2":"type-product","3":"status-publish","4":"has-post-thumbnail","6":"product_cat-boom-cylinders","7":"product_tag-boom-cylinders","8":"product_tag-hydraulic-cylinders","10":"first","11":"instock","12":"shipping-taxable","13":"product-type-simple"},"amp_enabled":true,"_links":{"self":[{"href":"https:\/\/www.hydraulic-cylinders.net\/fi\/wp-json\/wp\/v2\/product\/19227","targetHints":{"allow":["GET"]}}],"collection":[{"href":"https:\/\/www.hydraulic-cylinders.net\/fi\/wp-json\/wp\/v2\/product"}],"about":[{"href":"https:\/\/www.hydraulic-cylinders.net\/fi\/wp-json\/wp\/v2\/types\/product"}],"replies":[{"embeddable":true,"href":"https:\/\/www.hydraulic-cylinders.net\/fi\/wp-json\/wp\/v2\/comments?post=19227"}],"wp:featuredmedia":[{"embeddable":true,"href":"https:\/\/www.hydraulic-cylinders.net\/fi\/wp-json\/wp\/v2\/media\/17868"}],"wp:attachment":[{"href":"https:\/\/www.hydraulic-cylinders.net\/fi\/wp-json\/wp\/v2\/media?parent=19227"}],"wp:term":[{"taxonomy":"product_brand","embeddable":true,"href":"https:\/\/www.hydraulic-cylinders.net\/fi\/wp-json\/wp\/v2\/product_brand?post=19227"},{"taxonomy":"product_cat","embeddable":true,"href":"https:\/\/www.hydraulic-cylinders.net\/fi\/wp-json\/wp\/v2\/product_cat?post=19227"},{"taxonomy":"product_tag","embeddable":true,"href":"https:\/\/www.hydraulic-cylinders.net\/fi\/wp-json\/wp\/v2\/product_tag?post=19227"}],"curies":[{"name":"wp","href":"https:\/\/api.w.org\/{rel}","templated":true}]}}