{"id":19228,"date":"2025-04-07T06:19:10","date_gmt":"2025-04-07T06:19:10","guid":{"rendered":"https:\/\/www.hydraulic-cylinders.net\/product\/boom-cylinder-for-zoomlion-large-excavator-ze520esp\/"},"modified":"2025-04-07T06:19:12","modified_gmt":"2025-04-07T06:19:12","slug":"boom-cylinder-for-zoomlion-large-excavator-ze520esp","status":"publish","type":"product","link":"https:\/\/www.hydraulic-cylinders.net\/fi\/tuote\/boom-cylinder-for-zoomlion-large-excavator-ze520esp\/","title":{"rendered":"Zoomlion-kaivinkoneen ZE520ESP-puomisylinteri"},"content":{"rendered":"<h1>Zoomlion-kaivinkoneen ZE520ESP-puomisylinteri<\/h1>\n<h2>Johdatus puomin sylinteriin<\/h2>\n<p>Zoomlion ZE520ESP -suurkaivukoneelle suunniteltu puomin sylinteri on olennainen osa raskaiden koneiden hydraulij\u00e4rjestelm\u00e4\u00e4. T\u00e4m\u00e4 hydraulisylinteri on keskeinen kaivinkoneen puomin liikkeen ohjaamisessa, mik\u00e4 helpottaa lis\u00e4laitteiden nostamista, laskemista ja kallistusta. N\u00e4m\u00e4 toiminnot ovat ratkaisevan t\u00e4rkeit\u00e4 tehokkaalle materiaalink\u00e4sittelylle, sill\u00e4 ne mahdollistavat kuljettajien kaivamisen, lastaamisen ja kuljetuksen huomattavan tarkasti.<\/p>\n<p><img decoding=\"async\" src=\"https:\/\/www.hydraulic-cylinders.net\/wp-content\/uploads\/2025\/04\/songte-company-1.webp\" alt=\"Puomin sylinterin kuva\"><\/p>\n<h3>M\u00e4\u00e4ritelm\u00e4 ja yleiskatsaus<\/h3>\n<p>Puomin sylinteri on er\u00e4\u00e4nlainen hydraulisylinteri, joka on erityisesti suunniteltu hallitsemaan puomin liikett\u00e4 erilaisissa raskaissa laitteissa, kuten kaivinkoneissa, kaivurikuormaajissa ja etukuormaajissa. Se toimii valjastamalla hydraulisen paineen puomin pident\u00e4miseen ja supistamiseen, jolloin puomi voi saavuttaa vaihtelevia korkeuksia ja kulmia. Sill\u00e4 on ratkaiseva rooli koko hydraulij\u00e4rjestelm\u00e4ss\u00e4, sill\u00e4 se tarjoaa tarvittavan voiman vaativien teht\u00e4vien suorittamiseen rakennusalalla ja muilla teollisuudenaloilla.<\/p>\n<h2>Tuotteen ominaisuudet<\/h2>\n<ul>\n<li><strong>Korkea lujuus ja kest\u00e4vyys:<\/strong> Tyypillisesti eritt\u00e4in lujasta ter\u00e4ksest\u00e4 tai alumiinista valmistetut sylinterit kest\u00e4v\u00e4t korkeaa painetta ja raskaita kuormia. Ne on suunniteltu kest\u00e4m\u00e4\u00e4n vaativia ty\u00f6ymp\u00e4rist\u00f6j\u00e4 ja samalla kest\u00e4m\u00e4\u00e4n kulumista ja korroosiota pidemm\u00e4n k\u00e4ytt\u00f6i\u00e4n ajan.<\/li>\n<li><strong>Tehokas hydraulinen k\u00e4ytt\u00f6:<\/strong> Hydrauli\u00f6ljyn painetta hy\u00f6dynt\u00e4v\u00e4 puomin sylinteri tarjoaa tasaisen pidennys- ja sis\u00e4\u00e4nvetoliikkeen, mik\u00e4 mahdollistaa nopean reagoinnin ohjauskomentoihin ja tehokkaat ty\u00f6nt\u00f6- ja veto-ominaisuudet, jotka sopivat raskaiden ja monimutkaisten teht\u00e4vien k\u00e4sittelyyn.<\/li>\n<li><strong>Erilaisia \u200b\u200btyyppej\u00e4:<\/strong> Saatavilla yksitoimisina (toimii yhteen suuntaan) tai kaksitoimisina (toimii molempiin suuntiin) kokoonpanoina, mik\u00e4 mahdollistaa r\u00e4\u00e4t\u00e4l\u00f6innin tiettyjen k\u00e4ytt\u00f6tarpeiden mukaan. Jotkut mallit ovat teleskooppisia, mik\u00e4 mahdollistaa suuremman jatkeen ilman ulkomittojen kasvua, mik\u00e4 sopii erinomaisesti ahtaisiin sovelluksiin.<\/li>\n<li><strong>Tarkkuustekniikka:<\/strong> Jokainen sylinteri on valmistettu eritt\u00e4in huolellisesti yksityiskohtia my\u00f6ten, mik\u00e4 varmistaa optimaalisen suorituskyvyn ja luotettavuuden erilaisissa olosuhteissa.<\/li>\n<li><strong>Yhteensopivuus:<\/strong> Tuotteemme on suunniteltu korvaamaan t\u00e4ydellisesti erilaisia \u200b\u200bhydraulisylintereit\u00e4 varmistaen saumattoman integroinnin olemassa oleviin koneisiin.<\/li>\n<\/ul>\n<p><img decoding=\"async\" src=\"https:\/\/www.hydraulic-cylinders.net\/wp-content\/uploads\/2025\/04\/songte-cylinder-head-with-all-kinds-excavator-models.webp\" alt=\"Yhteensopivat mallit\"><\/p>\n<h2>Puomisylinterin sovellukset<\/h2>\n<h3>Rakennuslaitteet<\/h3>\n<p>Kaivinkoneissa puomisylinterit ovat olennaisia \u200b\u200bkaivamisen, lastaamisen ja maan tai roskien siirt\u00e4misen prosesseissa. Niiden avulla puomi ulottuu syv\u00e4lle maahan kaivamista varten ja kuorman nostetaan eri kohteisiin kuljettamista varten. Ilman puomisylinteri\u00e4 kaivut\u00f6iden tehokkuus ja vaikuttavuus heikkenisiv\u00e4t merkitt\u00e4v\u00e4sti.<\/p>\n<h3>Maatalouskoneet<\/h3>\n<p>Etukuormaajissa puomisylinterit ovat ratkaisevan t\u00e4rkeit\u00e4 maan, hein\u00e4n ja erilaisten materiaalien kaivamisessa, nostamisessa ja kuljettamisessa. Niiden kyky tarjota tarvittava voima n\u00e4ihin toimiin parantaa maatilojen tuottavuutta, mik\u00e4 tekee niist\u00e4 v\u00e4ltt\u00e4m\u00e4tt\u00f6mi\u00e4 maatalouskoneissa.<\/p>\n<h3>Kaivinkoneet<\/h3>\n<p>Kaivinkoneissa puomin sylinteri mahdollistaa kauhan tehokkaan tunkeutumisen maaper\u00e4\u00e4n, mik\u00e4 helpottaa kaivuprosessia. Sill\u00e4 on t\u00e4rke\u00e4 rooli, jotta kuljettaja voi suorittaa monimutkaisia \u200b\u200bkaivuteht\u00e4vi\u00e4, jotka vaativat tarkkuutta ja puomin liikkeen hallintaa.<\/p>\n<h3>Kuormaajat<\/h3>\n<p>Etukuormaajissa puomin sylinterit auttavat kuormien tehokkaassa nostamisessa ja purkamisessa. Ne tarjoavat tarvittavan hydraulisen voiman raskaiden esineiden nostamiseen varmistaen sujuvan toiminnan lastaus- ja purkuprosesseissa eri aloilla, kuten rakennusalalla ja j\u00e4tehuollossa.<\/p>\n<h2>Suunnittelun\u00e4k\u00f6kohdat ja valintakriteerit<\/h2>\n<h3>Kantavuus<\/h3>\n<p>Puomisylinterin kuormituskapasiteetti on kriittinen tekij\u00e4, joka on otettava huomioon valinnassa. On t\u00e4rke\u00e4\u00e4 valita sylinteri, joka kest\u00e4\u00e4 k\u00e4yt\u00f6n aikana odotetun enimm\u00e4iskuorman ja varmistaa samalla turvallisuus- ja suorituskykystandardien t\u00e4yttymisen. Oikea kuormituskapasiteetti varmistaa sylinterin pitk\u00e4ik\u00e4isyyden ja est\u00e4\u00e4 mahdolliset viat raskaiden teht\u00e4vien aikana.<\/p>\n<h3>Tiivistysmekanismit<\/h3>\n<p>Tehokas tiivistys on elint\u00e4rke\u00e4\u00e4 hydraulisylinterien suorituskyvyn kannalta. Laadukkaat tiivisteet est\u00e4v\u00e4t hydraulinesteen vuodot, jotka voivat johtaa tehokkuuden heikkenemiseen ja ymp\u00e4rist\u00f6vaaroihin. Tiivisteiden, kuten kest\u00e4vist\u00e4 materiaaleista, kuten polyuretaanista tai nitriilikumista, valmistettujen m\u00e4nn\u00e4ntiivisteiden ja varren tiivisteiden, valinta on ratkaisevan t\u00e4rke\u00e4\u00e4 optimaalisen toiminnan yll\u00e4pit\u00e4miseksi.<\/p>\n<h3>Kest\u00e4vyys<\/h3>\n<p>Kest\u00e4vyys on ensiarvoisen t\u00e4rke\u00e4\u00e4 puomisylintereille, koska ne altistuvat \u00e4\u00e4rimm\u00e4isille olosuhteille. On t\u00e4rke\u00e4\u00e4 valita sylinterit, jotka kest\u00e4v\u00e4t kulumista ja korroosiota, jotta ne voivat toimia luotettavasti ankarissa olosuhteissa. Edistykselliset valmistusprosessit edist\u00e4v\u00e4t n\u00e4iden komponenttien kest\u00e4vyytt\u00e4 ja minimoivat vikaantumisriskin.<\/p>\n<h3>Turvaominaisuudet<\/h3>\n<p>Turvallisuus on olennainen osa hydraulisylintereiden suunnittelua. Ylikuormitussuojan ja asianmukaisen paineens\u00e4\u00e4d\u00f6n kaltaiset ominaisuudet varmistavat, ett\u00e4 sylinteri toimii turvallisissa rajoissa. S\u00e4\u00e4nn\u00f6lliset huoltotarkastukset voivat parantaa turvallisuutta entisest\u00e4\u00e4n ja v\u00e4hent\u00e4\u00e4 onnettomuuksien riski\u00e4 k\u00e4yt\u00f6n aikana.<\/p>\n<h3>Huolto ja huollettavuus<\/h3>\n<p>On ratkaisevan t\u00e4rke\u00e4\u00e4 valita puomin sylinteri, joka on helposti huollettavissa ja huollettavissa. Helposti korjattavissa ja tarkastettavissa olevat komponentit v\u00e4hent\u00e4v\u00e4t seisokkiaikaa ja k\u00e4ytt\u00f6kustannuksia. Rutiininomaisten huoltoteht\u00e4vien, kuten voitelun ja tiivisteiden vaihdon, tulisi olla helppoja suorittaa, mik\u00e4 mahdollistaa sylinterin optimaalisen suorituskyvyn.<\/p>\n<p><img decoding=\"async\" src=\"https:\/\/www.hydraulic-cylinders.net\/wp-content\/uploads\/2025\/04\/songte-oil-pipes-and-spare-parts.webp\" alt=\"\u00d6ljyputket ja varaosat\"><\/p>\n<h2>Tiivistys ja voitelu<\/h2>\n<p>Tiivistys ja voitelu ovat kriittisi\u00e4 tekij\u00f6it\u00e4 hydraulisylinterien suorituskyvyss\u00e4. Erilaisia \u200b\u200btiivistyselementtej\u00e4, kuten m\u00e4nn\u00e4ntiivisteit\u00e4 ja varren tiivisteit\u00e4, k\u00e4ytet\u00e4\u00e4n est\u00e4m\u00e4\u00e4n hydraulinesteen vuotoja. Kulutusta kest\u00e4vist\u00e4 materiaaleista, kuten polyuretaanista ja nitriilikumista, valmistetut tiivisteet ovat edullisia niiden kest\u00e4vyyden vuoksi. Sylinterin runko ja kierteitetyt p\u00e4\u00e4t k\u00e4yv\u00e4t l\u00e4pi tarkkuusty\u00f6st\u00f6prosesseja kulutuskest\u00e4vyyden parantamiseksi. S\u00e4\u00e4nn\u00f6llinen voitelu sopivalla hydrauli\u00f6ljyll\u00e4 on v\u00e4ltt\u00e4m\u00e4t\u00f6nt\u00e4 kitkan ja kulumisen v\u00e4hent\u00e4miseksi, sujuvan toiminnan varmistamiseksi ja sylinterin k\u00e4ytt\u00f6i\u00e4n pident\u00e4miseksi.<\/p>\n<h2>S\u00e4\u00e4nn\u00f6llinen tarkastus ja ennaltaehk\u00e4isev\u00e4 huolto<\/h2>\n<ul>\n<li><strong>S\u00e4\u00e4nn\u00f6lliset tarkastukset:<\/strong> Hydraulisylinterin kulumisen, vuotojen tai vaurioiden havaitsemiseksi on teht\u00e4v\u00e4 s\u00e4\u00e4nn\u00f6llisi\u00e4 tarkastuksia. Ongelmien varhainen havaitseminen voi est\u00e4\u00e4 merkitt\u00e4v\u00e4mpi\u00e4 ongelmia ja kalliita korjauksia tulevaisuudessa.<\/li>\n<li><strong>Asianmukainen voitelu:<\/strong> On eritt\u00e4in t\u00e4rke\u00e4\u00e4 huolehtia kaikkien liikkuvien osien asianmukaisesta voitelusta sujuvan toiminnan varmistamiseksi. Oikean hydrauliikka\u00f6ljyn k\u00e4ytt\u00f6 ja suositeltujen voiteluaikataulujen noudattaminen pident\u00e4\u00e4 sylinterin k\u00e4ytt\u00f6ik\u00e4\u00e4.<\/li>\n<li><strong>Tiivisteen vaihto:<\/strong> Tiivisteet tulee tarkistaa s\u00e4\u00e4nn\u00f6llisesti ja vaihtaa tarvittaessa vuotojen est\u00e4miseksi ja suorituskyvyn yll\u00e4pit\u00e4miseksi. Vanhat tai vaurioituneet tiivisteet voivat johtaa nesteh\u00e4vi\u00f6\u00f6n ja hydraulij\u00e4rjestelm\u00e4n tehokkuuden heikkenemiseen.<\/li>\n<\/ul>\n<h2>Asennusohjeet<\/h2>\n<p>Puomisylinterin oikea asennus on ratkaisevan t\u00e4rke\u00e4\u00e4 optimaalisen suorituskyvyn ja turvallisuuden kannalta. Aloita varmistamalla, ett\u00e4 sylinteri on kohdistettu oikein kaivinkoneen kiinnityspisteisiin. K\u00e4yt\u00e4 sopivia kiinnitystelineit\u00e4 sylinterin kiinnitt\u00e4miseen ja virhekohdistuksen est\u00e4miseen k\u00e4yt\u00f6n aikana. Ennen kaikkien pulttien kirist\u00e4mist\u00e4 tarkista oikea kohdistus ja tee tarvittavat s\u00e4\u00e4d\u00f6t. Kun kohdistus on tehty, kirist\u00e4 kaikki kiinnikkeet valmistajan ohjeiden mukaisesti. Asennuksen j\u00e4lkeen suorita j\u00e4rjestelm\u00e4tarkastus varmistaaksesi, ettei vuotoja ole ja ett\u00e4 sylinteri toimii sujuvasti. N\u00e4iden ohjeiden noudattaminen auttaa saavuttamaan onnistuneen asennuksen ja pident\u00e4\u00e4 hydraulisylinterin k\u00e4ytt\u00f6ik\u00e4\u00e4.<\/p>\n<p><img decoding=\"async\" src=\"https:\/\/www.hydraulic-cylinders.net\/wp-content\/uploads\/2025\/04\/songte-chushion-collar.webp\" alt=\"Tyynykaulus\"><\/p>\n<h2>Turvallisuusn\u00e4k\u00f6kohdat ja ymp\u00e4rist\u00f6tekij\u00e4t<\/h2>\n<p>Hydraulisylintereit\u00e4 k\u00e4ytett\u00e4ess\u00e4 on ensiarvoisen t\u00e4rke\u00e4\u00e4 noudattaa turvallisuustoimenpiteit\u00e4 onnettomuuksien ehk\u00e4isemiseksi ja k\u00e4ytt\u00e4j\u00e4n turvallisuuden varmistamiseksi. Turvallisuusprotokollien, kuten asianmukaisten henkil\u00f6nsuojainten (PPE) k\u00e4yt\u00f6n, s\u00e4\u00e4nn\u00f6llisen turvallisuuskoulutuksen ja sen varmistamisen, ett\u00e4 kaikki k\u00e4ytt\u00e4j\u00e4t tuntevat koneen, noudattaminen on olennaista. Lis\u00e4ksi hydraulinesteiden ymp\u00e4rist\u00f6vaikutusten huomioon ottaminen ja biohajoavien vaihtoehtojen valitseminen voivat merkitt\u00e4v\u00e4sti pienent\u00e4\u00e4 hydraulisten toimintojen ymp\u00e4rist\u00f6jalanj\u00e4lke\u00e4.<\/p>\n<h2>Vianm\u00e4\u00e4ritys ja yleiset ongelmat<\/h2>\n<ul>\n<li><strong>Vuoto:<\/strong> Hydrauli\u00f6ljyvuodot ovat yleinen ongelma, joka voi johtua kuluneista tiivisteist\u00e4 tai vaurioituneista sylinterin osista. S\u00e4\u00e4nn\u00f6lliset tarkastukset voivat auttaa tunnistamaan vuodot varhaisessa vaiheessa, mik\u00e4 mahdollistaa oikea-aikaiset korjaukset.<\/li>\n<li><strong>Huono suorituskyky:<\/strong> Jos sylinteri ei liiku ulos tai sis\u00e4\u00e4n tasaisesti, se voi viitata alhaiseen hydrauliikka\u00f6ljyn tasoon tai sis\u00e4iseen kulumiseen. S\u00e4\u00e4nn\u00f6llinen huolto ja oikea-aikaiset nestetarkastukset ovat v\u00e4ltt\u00e4m\u00e4tt\u00f6mi\u00e4 optimaalisen suorituskyvyn varmistamiseksi.<\/li>\n<li><strong>Ep\u00e4tavalliset \u00e4\u00e4net:<\/strong> Ep\u00e4tavalliset \u00e4\u00e4net k\u00e4yt\u00f6n aikana voivat viitata mekaanisiin ongelmiin tai voitelun puutteeseen. Kaikki ep\u00e4normaalit \u00e4\u00e4net on tutkittava v\u00e4litt\u00f6m\u00e4sti lis\u00e4vaurioiden est\u00e4miseksi.<\/li>\n<\/ul>\n<p>Tehokkaan vianm\u00e4\u00e4rityksen varmistamiseksi k\u00e4ytt\u00e4jien tulisi tutustua valmistajan ohjeisiin tiettyjen oireiden ja ehdotettujen korjaavien toimenpiteiden osalta. S\u00e4\u00e4nn\u00f6llinen huolto ja ennakoivat toimenpiteet voivat v\u00e4hent\u00e4\u00e4 huomattavasti t\u00e4llaisten ongelmien todenn\u00e4k\u00f6isyytt\u00e4 ja varmistaa sujuvan ja tehokkaan toiminnan.<\/p>\n<p><img decoding=\"async\" src=\"https:\/\/www.hydraulic-cylinders.net\/wp-content\/uploads\/2025\/04\/songte-bushings-with-all-kinds-of-excavator-models.webp\" alt=\"Kaivinkoneiden holkit\"><\/p>\n<h2>Yrityksemme<\/h2>\n<p>Olemme johtava hydraulisten sylinterien varaosien valmistaja ja tukkumyyj\u00e4, joka tarjoaa kattavan valikoiman tuotteita vastaamaan monipuolisiin markkinoiden tarpeisiin. Sitoutumisemme huippuosaamiseen kannustaa meit\u00e4 omaksumaan hienostuneita valmistusstrategioita, joissa laatu ja tehokkuus asetetaan etusijalle. Hy\u00f6dynt\u00e4m\u00e4ll\u00e4 ammattitaitoista teknist\u00e4 henkil\u00f6st\u00f6\u00e4, edistyneit\u00e4 digitaalisia valmistuslaitteita ja ammattimaisia \u200b\u200btarkastusj\u00e4rjestelmi\u00e4 parannamme jatkuvasti tuotantoymp\u00e4rist\u00f6\u00e4mme varmistaaksemme huippuluokan tuotteiden laadun.<\/p>\n<p>Keskittymisemme erikoistumiseen, kansainv\u00e4lisiin sertifiointeihin, r\u00e4\u00e4t\u00e4l\u00f6ityihin palveluihin ja vankkaan myynnin j\u00e4lkeiseen tukeen vahvistaa asemaamme alalla. Vahvan innovaatiokyvyn ansiosta olemme ylpeit\u00e4 voidessamme toimittaa tehokkaita, tarkkoja ja korkealaatuisia hydrauliikkaratkaisuja, jotka t\u00e4ytt\u00e4v\u00e4t asiakkaidemme monipuoliset vaatimukset.<\/p>\n<p><img decoding=\"async\" src=\"https:\/\/www.hydraulic-cylinders.net\/wp-content\/uploads\/2025\/04\/songte-company-4.webp\" alt=\"Yrityksen yleiskatsaus\"><br \/>\n<img decoding=\"async\" src=\"https:\/\/www.hydraulic-cylinders.net\/wp-content\/uploads\/2025\/04\/songte-company-3.webp\" alt=\"Yrityksen tilat\"><\/p>\n<p>Kirjoittaja: lyl<\/p>","protected":false},"excerpt":{"rendered":"<p>Boom Cylinder For Zoomlion Large Excavator ZE520ESP Introduction to Boom Cylinder The Boom Cylinder, specifically designed for the Zoomlion Large Excavator ZE520ESP, is an essential component in the hydraulic system of heavy machinery. This hydraulic cylinder is pivotal in controlling the movement of the excavator\u2019s boom, facilitating the lifting, lowering, and tilting of attachments. These [&hellip;]<\/p>","protected":false},"featured_media":17869,"comment_status":"open","ping_status":"closed","template":"","meta":{"_et_pb_use_builder":"","_et_pb_old_content":"","_et_gb_content_width":""},"product_brand":[],"product_cat":[1546],"product_tag":[1547,1496],"class_list":{"0":"post-19228","1":"product","2":"type-product","3":"status-publish","4":"has-post-thumbnail","6":"product_cat-boom-cylinders","7":"product_tag-boom-cylinders","8":"product_tag-hydraulic-cylinders","10":"first","11":"instock","12":"shipping-taxable","13":"product-type-simple"},"amp_enabled":true,"_links":{"self":[{"href":"https:\/\/www.hydraulic-cylinders.net\/fi\/wp-json\/wp\/v2\/product\/19228","targetHints":{"allow":["GET"]}}],"collection":[{"href":"https:\/\/www.hydraulic-cylinders.net\/fi\/wp-json\/wp\/v2\/product"}],"about":[{"href":"https:\/\/www.hydraulic-cylinders.net\/fi\/wp-json\/wp\/v2\/types\/product"}],"replies":[{"embeddable":true,"href":"https:\/\/www.hydraulic-cylinders.net\/fi\/wp-json\/wp\/v2\/comments?post=19228"}],"wp:featuredmedia":[{"embeddable":true,"href":"https:\/\/www.hydraulic-cylinders.net\/fi\/wp-json\/wp\/v2\/media\/17869"}],"wp:attachment":[{"href":"https:\/\/www.hydraulic-cylinders.net\/fi\/wp-json\/wp\/v2\/media?parent=19228"}],"wp:term":[{"taxonomy":"product_brand","embeddable":true,"href":"https:\/\/www.hydraulic-cylinders.net\/fi\/wp-json\/wp\/v2\/product_brand?post=19228"},{"taxonomy":"product_cat","embeddable":true,"href":"https:\/\/www.hydraulic-cylinders.net\/fi\/wp-json\/wp\/v2\/product_cat?post=19228"},{"taxonomy":"product_tag","embeddable":true,"href":"https:\/\/www.hydraulic-cylinders.net\/fi\/wp-json\/wp\/v2\/product_tag?post=19228"}],"curies":[{"name":"wp","href":"https:\/\/api.w.org\/{rel}","templated":true}]}}