{"id":19229,"date":"2025-04-07T06:19:14","date_gmt":"2025-04-07T06:19:14","guid":{"rendered":"https:\/\/www.hydraulic-cylinders.net\/product\/boom-cylinder-for-zoomlion-large-excavator-ze700esp\/"},"modified":"2025-04-07T06:19:17","modified_gmt":"2025-04-07T06:19:17","slug":"boom-cylinder-for-zoomlion-large-excavator-ze700esp","status":"publish","type":"product","link":"https:\/\/www.hydraulic-cylinders.net\/fi\/tuote\/boom-cylinder-for-zoomlion-large-excavator-ze700esp\/","title":{"rendered":"Zoomlion-kaivinkoneen ZE700ESP-puomisylinteri"},"content":{"rendered":"<h1>Zoomlion-kaivinkoneen ZE700ESP-puomisylinteri<\/h1>\n<h2>Puomin sylinterin esittely<\/h2>\n<p>Puomisylinteri on t\u00e4rke\u00e4 osa raskaissa koneissa, erityisesti kaivinkoneissa, kuten Zoomlion Large Excavator ZE700ESP -mallissa. T\u00e4ll\u00e4 hydraulisylinterill\u00e4 on keskeinen rooli puomin varren liikkeen ohjaamisessa, jolloin se voi nousta, laskea ja kallistua tarpeen mukaan erilaisissa toiminnoissa. Puomin sylinterin mahdollistama tarkka liike on ratkaisevan t\u00e4rke\u00e4\u00e4 teht\u00e4viss\u00e4, kuten kaivamisessa, nostamisessa ja materiaalien tehokkaassa ja turvallisessa kuljetuksessa.<\/p>\n<p><img decoding=\"async\" src=\"https:\/\/www.hydraulic-cylinders.net\/wp-content\/uploads\/2025\/04\/songte-company-1.webp\" alt=\"Kaivinkoneiden puomin sylinteri\"><\/p>\n<h3>Puomisylinterien toiminta ja k\u00e4ytt\u00f6tarkoitukset<\/h3>\n<p>Hydraulij\u00e4rjestelm\u00e4ss\u00e4 puomin sylinteri vastaa hydraulisen paineen muuntamisesta mekaaniseksi voimaksi, mik\u00e4 mahdollistaa raskaiden laitteiden suorittamisen monimutkaisissa teht\u00e4viss\u00e4. Sen avulla k\u00e4ytt\u00e4j\u00e4 voi hallita puomin asentoa ja kulmaa, mik\u00e4 helpottaa esteiden kiert\u00e4mist\u00e4 ja tekee teht\u00e4vien suorittamisesta tehokasta rakennusty\u00f6maalla. Puomin sylinteri on tyypillisesti suunniteltu kest\u00e4m\u00e4\u00e4n korkeita paineita ja raskaita kuormia, mik\u00e4 varmistaa kest\u00e4vyyden ja luotettavuuden.<\/p>\n<h2>Puomin sylinterin ominaisuudet<\/h2>\n<ul>\n<li><strong>Korkea lujuus ja kest\u00e4vyys:<\/strong> Korkean lujuuden omaavasta ter\u00e4ksest\u00e4 tai alumiinista valmistettu puomin sylinteri on rakennettu kest\u00e4m\u00e4\u00e4n korkeaa painetta ja raskaita kuormia, joten se sopii vaativiin ty\u00f6ymp\u00e4rist\u00f6ihin.<\/li>\n<li><strong>Tehokas hydraulinen k\u00e4ytt\u00f6:<\/strong> Sylinteri hy\u00f6dynt\u00e4\u00e4 hydrauli\u00f6ljyn painetta sujuvaan ja nopeaan pident\u00e4miseen ja vet\u00e4miseen, mik\u00e4 tarjoaa voimakkaita ty\u00f6nt\u00f6- ja vetovoimia, joita tarvitaan raskaissa teht\u00e4viss\u00e4.<\/li>\n<li><strong>Erilaisia \u200b\u200btyyppej\u00e4:<\/strong> Puomisylinterit ovat saatavilla yksi- ja kaksitoimisina kokoonpanoina, ja niit\u00e4 voidaan r\u00e4\u00e4t\u00e4l\u00f6id\u00e4 vastaamaan tiettyj\u00e4 k\u00e4ytt\u00f6vaatimuksia.<\/li>\n<li><strong>Tilaa s\u00e4\u00e4st\u00e4v\u00e4 muotoilu:<\/strong> Tietyiss\u00e4 malleissa on teleskooppirakenteita, jotka mahdollistavat suuremman pidennysosan ilman ulkomittojen kasvua, mik\u00e4 sopii t\u00e4ydellisesti ahtaisiin tiloihin.<\/li>\n<li><strong>Korroosionkest\u00e4vyys:<\/strong> Suunniteltu korroosionesto-ominaisuuksilla, jotka parantavat k\u00e4ytt\u00f6ik\u00e4\u00e4 ja minimoivat huoltotarpeen.<\/li>\n<\/ul>\n<h3>Valmistuskykymme<\/h3>\n<p>Olemme erikoistuneet korkealaatuisten puomisylintereiden valmistukseen, jotka korvaavat t\u00e4ydellisesti olemassa olevat hydraulisylinterit erilaisissa sovelluksissa varmistaen optimaalisen suorituskyvyn ja pitk\u00e4n k\u00e4ytt\u00f6i\u00e4n.<\/p>\n<p><img decoding=\"async\" src=\"https:\/\/www.hydraulic-cylinders.net\/wp-content\/uploads\/2025\/04\/songte-cylinder-head-with-all-kinds-excavator-models.webp\" alt=\"Kaivinkonemallit, joissa on puomisylinterit\"><\/p>\n<h2>Sovellusskenaariot<\/h2>\n<h3>Rakennuslaitteet<\/h3>\n<p>Rakennusalalla puomin sylinterit ovat olennainen osa kaivinkoneita, ja niill\u00e4 on ratkaiseva rooli maan tai roskien kaivamisessa, lastaamisessa ja siirt\u00e4misess\u00e4. Ne mahdollistavat kuljettajille tarkkojen kaivut\u00f6iden suorittamisen ja helpottavat raskaiden kuormien tehokasta nostamista.<\/p>\n<h3>Maatalouskoneet<\/h3>\n<p>Maataloudessa etukuormaajissa puomisylintereit\u00e4 k\u00e4ytet\u00e4\u00e4n maan, hein\u00e4n ja erilaisten muiden materiaalien kauhaamiseen, nostamiseen ja kuljettamiseen. Niiden tehokas toiminta mahdollistaa virtaviivaistetut lastaus- ja purkuprosessit, mik\u00e4 parantaa maatilojen tuottavuutta.<\/p>\n<h3>Kaivinkoneet<\/h3>\n<p>Puomin sylinteri on v\u00e4ltt\u00e4m\u00e4t\u00f6n, jotta kaivinkoneen kauha voi tunkeutua maahan ja suorittaa t\u00e4rkeit\u00e4 kaivutoimintoja. T\u00e4m\u00e4 ominaisuus on ratkaisevan t\u00e4rke\u00e4 erilaisissa rakennus- ja maisemointiprojekteissa vaadittavissa kaivut\u00f6iss\u00e4.<\/p>\n<h3>Kuormaajat<\/h3>\n<p>Etukuormaajissa puomisylinterit auttavat kuormien tehokkaassa nostamisessa ja tyhjent\u00e4misess\u00e4. Niiden kest\u00e4v\u00e4 rakenne mahdollistaa raskaiden materiaalien k\u00e4sittelyn, mik\u00e4 varmistaa, ett\u00e4 toiminnot voidaan suorittaa tehokkaasti ja turvallisesti.<\/p>\n<h2>Suunnittelun\u00e4k\u00f6kohdat ja valintakriteerit<\/h2>\n<h3>Kantavuus<\/h3>\n<p>Puomisylinteri\u00e4 valittaessa on t\u00e4rke\u00e4\u00e4 ymm\u00e4rt\u00e4\u00e4 sen kuormituskapasiteetti. Sylinterin on kyett\u00e4v\u00e4 tukemaan turvallisesti sen k\u00e4sittelemien kuormien painoa. T\u00e4m\u00e4 edellytt\u00e4\u00e4 sellaisten tekij\u00f6iden huomioon ottamista, kuten puomin nostama enimm\u00e4ispaino ja k\u00e4yt\u00f6n aikana aiheutuvat dynaamiset kuormat.<\/p>\n<h3>Tiivistys<\/h3>\n<p>Puomin sylinterin tiivistysominaisuudet ovat kriittisi\u00e4 sen suorituskyvyn kannalta. Korkealaatuiset tiivisteet est\u00e4v\u00e4t hydraulinesteen vuodot ja yll\u00e4pit\u00e4v\u00e4t paineen j\u00e4rjestelm\u00e4ss\u00e4. T\u00e4m\u00e4 on erityisen t\u00e4rke\u00e4\u00e4 hydraulinesteen h\u00e4vikin est\u00e4miseksi, joka voi johtaa tehokkuuden heikkenemiseen ja laitteiden vaurioitumiseen.<\/p>\n<h3>Kest\u00e4vyys<\/h3>\n<p>Kest\u00e4vyys on puomisylinterin olennainen ominaisuus, erityisesti vaativissa k\u00e4ytt\u00f6ymp\u00e4rist\u00f6iss\u00e4. Valmistuksessa k\u00e4ytettyjen materiaalien on kestett\u00e4v\u00e4 kulumista sek\u00e4 altistumista ankarille olosuhteille, kuten lialle, kosteudelle ja vaihteleville l\u00e4mp\u00f6tiloille.<\/p>\n<h3>Turvaominaisuudet<\/h3>\n<p>Puomisylinterien suunnittelussa turvallisuus on ensiarvoisen t\u00e4rke\u00e4\u00e4. Integroidut turvaventtiilit ja muut ominaisuudet voivat est\u00e4\u00e4 ylikuormitustilanteita varmistaen, ett\u00e4 laitteet toimivat turvallisten parametrien mukaisesti nosto- ja laskuteht\u00e4vien aikana, mik\u00e4 suojaa sek\u00e4 koneita ett\u00e4 k\u00e4ytt\u00e4ji\u00e4.<\/p>\n<h3>Huolto Esteett\u00f6myys<\/h3>\n<p>Helppohuolto on toinen t\u00e4rke\u00e4 suunnittelun\u00e4k\u00f6kohta. Puomin sylinterit tulee suunnitella siten, ett\u00e4 kriittisiin komponentteihin on helppo p\u00e4\u00e4st\u00e4 tarkastusta ja huoltoa varten. Hyvin suunniteltu huoltostrategia voi pident\u00e4\u00e4 sylinterin k\u00e4ytt\u00f6ik\u00e4\u00e4 ja parantaa laitteiden yleist\u00e4 luotettavuutta.<\/p>\n<p><img decoding=\"async\" src=\"https:\/\/www.hydraulic-cylinders.net\/wp-content\/uploads\/2025\/04\/songte-oil-pipes-and-spare-parts.webp\" alt=\"Hydrauliset osat ja lis\u00e4varusteet\"><\/p>\n<h2>Tiivistys ja voitelu<\/h2>\n<p>Puomisylinterin tehokkuuteen vaikuttavat merkitt\u00e4v\u00e4sti sen tiivistys- ja voiteluj\u00e4rjestelm\u00e4t. Hydraulinesteen suojauksen varmistamiseksi k\u00e4ytet\u00e4\u00e4n erilaisia \u200b\u200btiivisteit\u00e4, kuten m\u00e4nn\u00e4ntiivisteit\u00e4 ja varren tiivisteit\u00e4. Materiaaleja, kuten polyuretaania ja nitriilikumia, k\u00e4ytet\u00e4\u00e4n yleisesti niiden kulutusta kest\u00e4vien ominaisuuksien vuoksi. Sylinterin ja kierteitettyjen p\u00e4iden pinnat viimeistell\u00e4\u00e4n huolellisesti kulumiskest\u00e4vyyden parantamiseksi. S\u00e4\u00e4nn\u00f6llinen voitelu hydrauli\u00f6ljyll\u00e4 on v\u00e4ltt\u00e4m\u00e4t\u00f6nt\u00e4 optimaalisen suorituskyvyn yll\u00e4pit\u00e4miseksi ja liikkuvien osien v\u00e4lisen kitkan v\u00e4hent\u00e4miseksi.<\/p>\n<h2>Ennaltaehk\u00e4isev\u00e4t huoltotoimenpiteet<\/h2>\n<ul>\n<li><strong>S\u00e4\u00e4nn\u00f6lliset tarkastukset:<\/strong> Tee s\u00e4\u00e4nn\u00f6llisi\u00e4 tarkastuksia mahdollisten kulumisen tai vaurioiden havaitsemiseksi, mik\u00e4 voi est\u00e4\u00e4 merkitt\u00e4v\u00e4mpi\u00e4 ongelmia tulevaisuudessa.<\/li>\n<li><strong>Oikea voitelu:<\/strong> Varmista, ett\u00e4 hydrauliikka\u00f6ljyn taso pysyy tasaisena, ja voitele liikkuvia osia tarvittaessa kitkan v\u00e4hent\u00e4miseksi ja k\u00e4ytt\u00f6i\u00e4n pident\u00e4miseksi.<\/li>\n<li><strong>Tiivisteen vaihto:<\/strong> Tarkista tiivisteiden kuluminen s\u00e4\u00e4nn\u00f6llisesti ja vaihda ne tarvittaessa vuotojen est\u00e4miseksi ja hydraulipaineen yll\u00e4pit\u00e4miseksi.<\/li>\n<\/ul>\n<h2>Asennusohjeet<\/h2>\n<p>Puomisylinterin oikea asennus on ratkaisevan t\u00e4rke\u00e4\u00e4 sen suorituskyvyn kannalta. Aloita varmistamalla, ett\u00e4 kiinnityspinnat ovat puhtaat ja roskattomat. Kohdista sylinteri huolellisesti v\u00e4ltt\u00e4\u00e4ksesi virheellisen kohdistuksen, joka voi johtaa ennenaikaiseen kulumiseen tai rikkoutumiseen. K\u00e4yt\u00e4 sopivia kiinnityskorvakkeita sylinterin kiinnitt\u00e4miseen ja varmista, ett\u00e4 se on tiukasti kiinni. Asennuksen j\u00e4lkeen tarkista mahdolliset hydrauliset vuodot ja varmista, ett\u00e4 hydrauliletkut on kytketty oikein. N\u00e4iden vaiheiden noudattaminen auttaa saavuttamaan puomisylinterin optimaalisen suorituskyvyn.<\/p>\n<h2>Yleiset huoltoteht\u00e4v\u00e4t<\/h2>\n<ul>\n<li><strong>S\u00e4\u00e4nn\u00f6lliset tarkastukset:<\/strong> S\u00e4\u00e4nn\u00f6llisten tarkastusten suorittaminen voi auttaa tunnistamaan mahdolliset ongelmat ennen kuin niist\u00e4 tulee vakavia. Tarkista sylinteri vuotavien tiivisteiden tai fyysisten vaurioiden varalta.<\/li>\n<li><strong>Asianmukainen voitelu:<\/strong> Varmista, ett\u00e4 puomin sylinteri on voideltu riitt\u00e4v\u00e4sti oikeanlaisella hydrauliikka\u00f6ljyll\u00e4 sis\u00e4isten osien kulumisen v\u00e4hent\u00e4miseksi.<\/li>\n<li><strong>Tiivisteen vaihto:<\/strong> Vaihda tiivisteet s\u00e4\u00e4nn\u00f6llisesti osana ennaltaehk\u00e4isev\u00e4\u00e4 huolto-ohjelmaa hydraulisen paineen ja tehokkuuden yll\u00e4pit\u00e4miseksi.<\/li>\n<\/ul>\n<h2>Turvallisuusn\u00e4k\u00f6kohdat ja ymp\u00e4rist\u00f6tekij\u00e4t<\/h2>\n<p>Puomisylintereit\u00e4 k\u00e4ytett\u00e4ess\u00e4 on eritt\u00e4in t\u00e4rke\u00e4\u00e4 noudattaa turvallisuustoimenpiteit\u00e4 onnettomuuksien ja vammojen v\u00e4ltt\u00e4miseksi. K\u00e4ytt\u00e4j\u00e4t tulee kouluttaa asianmukaiseen k\u00e4sittelyyn ja k\u00e4ytt\u00f6\u00f6n turvallisuuden varmistamiseksi nosto- ja siirtoteht\u00e4viss\u00e4. Lis\u00e4ksi hydraulinesteiden ymp\u00e4rist\u00f6vaikutukset on otettava huomioon ja niiden h\u00e4vitt\u00e4miseen on k\u00e4ytett\u00e4v\u00e4 asianmukaisia \u200b\u200bmenetelmi\u00e4 ymp\u00e4rist\u00f6vahinkojen minimoimiseksi.<\/p>\n<h2>Vianm\u00e4\u00e4ritys ja yleiset ongelmat<\/h2>\n<ul>\n<li><strong>Hydrauliset vuodot:<\/strong> Jos huomaat hydraulinesteen tason laskeneen, tarkista tiivisteet ja liitokset vuotojen varalta ja vaihda vaurioituneet osat v\u00e4litt\u00f6m\u00e4sti.<\/li>\n<li><strong>Hidas toiminta:<\/strong> Puomin sylinterin hidas vaste voi viitata alhaiseen hydraulinesteen tasoon tai ilmaan j\u00e4rjestelm\u00e4ss\u00e4. Tarkista hydraulineste ja lis\u00e4\u00e4 tarvittaessa.<\/li>\n<li><strong>Ep\u00e4tavalliset \u00e4\u00e4net:<\/strong> Jos kuulet hankausta tai muita ep\u00e4normaaleja \u00e4\u00e4ni\u00e4 k\u00e4yt\u00f6n aikana, lopeta laitteen k\u00e4ytt\u00f6 ja tarkista, onko sis\u00e4ll\u00e4 vaurioita tai virheasentoja.<\/li>\n<\/ul>\n<h2>Vianm\u00e4\u00e4ritysvinkkej\u00e4<\/h2>\n<p>Puomisylinterin ongelmien tehokas diagnosointi ja ratkaiseminen aloita tarkistamalla hydraulinesteen tasot ja tarkistamalla vuodot. S\u00e4\u00e4nn\u00f6llinen ennakoiva huolto voi auttaa minimoimaan mahdolliset ongelmat puuttumalla kulumiseen ennen kuin ne pahenevat. Asianmukaisten s\u00e4ilytys- ja k\u00e4sittelymenetelmien toteuttaminen varmistaa my\u00f6s, ett\u00e4 sylinteri pysyy optimaalisessa kunnossa.<\/p>\n<p><img decoding=\"async\" src=\"https:\/\/www.hydraulic-cylinders.net\/wp-content\/uploads\/2025\/04\/songte-bushings-with-all-kinds-of-excavator-models.webp\" alt=\"Kaivinkonemallien holkit\"><\/p>\n<h2>Yrityksen yleiskatsaus<\/h2>\n<p>Olemme johtava hydraulisten sylinterien vaihto-osien valmistaja, joka palvelee sek\u00e4 kotimaisia \u200b\u200bett\u00e4 kansainv\u00e4lisi\u00e4 markkinoita. Laaja tuotevalikoimamme asettaa meid\u00e4t hydraulisten sylinterien valmistuksen ja tukkukaupan k\u00e4rkikilpailijaksi. Noudatamme tiukkoja laatustandardeja ja k\u00e4yt\u00e4mme hienostuneita valmistuksenohjausstrategioita. Taitava ty\u00f6voimamme, edistyneet digitaaliset valmistuslaitteemme ja ammattimaiset tarkastusj\u00e4rjestelm\u00e4mme parantavat jatkuvasti tuotantokapasiteettiamme varmistaen korkean tehokkuuden, tarkkuuden ja laadun vastataksemme monipuolisiin asiakastarpeisiin.<\/p>\n<p><img decoding=\"async\" src=\"https:\/\/www.hydraulic-cylinders.net\/wp-content\/uploads\/2025\/04\/songte-company-4.webp\" alt=\"Yrityksen yleiskatsaus\"><br \/>\n<img decoding=\"async\" src=\"https:\/\/www.hydraulic-cylinders.net\/wp-content\/uploads\/2025\/04\/songte-company-3.webp\" alt=\"Tuotantolaitokset\"><\/p>\n<p>Olemme ylpeit\u00e4 ammattitaidostamme, kansainv\u00e4lisist\u00e4 sertifikaateistamme, r\u00e4\u00e4t\u00e4l\u00f6idyist\u00e4 palveluvaihtoehdoistamme, huippuluokan tuotantolaitteistamme ja kattavasta myynninj\u00e4lkeisest\u00e4 tuesta.<\/p>\n<p>Kirjoittaja: lyl<\/p>","protected":false},"excerpt":{"rendered":"<p>Boom Cylinder For Zoomlion Large Excavator ZE700ESP Introduction to the Boom Cylinder The boom cylinder is a vital component in heavy machinery, particularly in excavators like the Zoomlion Large Excavator ZE700ESP. This hydraulic cylinder plays an essential role in controlling the movement of the boom arm, allowing it to lift, lower, and tilt as needed [&hellip;]<\/p>","protected":false},"featured_media":17870,"comment_status":"open","ping_status":"closed","template":"","meta":{"_et_pb_use_builder":"","_et_pb_old_content":"","_et_gb_content_width":""},"product_brand":[],"product_cat":[1546],"product_tag":[1547,1496],"class_list":{"0":"post-19229","1":"product","2":"type-product","3":"status-publish","4":"has-post-thumbnail","6":"product_cat-boom-cylinders","7":"product_tag-boom-cylinders","8":"product_tag-hydraulic-cylinders","10":"first","11":"instock","12":"shipping-taxable","13":"product-type-simple"},"amp_enabled":true,"_links":{"self":[{"href":"https:\/\/www.hydraulic-cylinders.net\/fi\/wp-json\/wp\/v2\/product\/19229","targetHints":{"allow":["GET"]}}],"collection":[{"href":"https:\/\/www.hydraulic-cylinders.net\/fi\/wp-json\/wp\/v2\/product"}],"about":[{"href":"https:\/\/www.hydraulic-cylinders.net\/fi\/wp-json\/wp\/v2\/types\/product"}],"replies":[{"embeddable":true,"href":"https:\/\/www.hydraulic-cylinders.net\/fi\/wp-json\/wp\/v2\/comments?post=19229"}],"wp:featuredmedia":[{"embeddable":true,"href":"https:\/\/www.hydraulic-cylinders.net\/fi\/wp-json\/wp\/v2\/media\/17870"}],"wp:attachment":[{"href":"https:\/\/www.hydraulic-cylinders.net\/fi\/wp-json\/wp\/v2\/media?parent=19229"}],"wp:term":[{"taxonomy":"product_brand","embeddable":true,"href":"https:\/\/www.hydraulic-cylinders.net\/fi\/wp-json\/wp\/v2\/product_brand?post=19229"},{"taxonomy":"product_cat","embeddable":true,"href":"https:\/\/www.hydraulic-cylinders.net\/fi\/wp-json\/wp\/v2\/product_cat?post=19229"},{"taxonomy":"product_tag","embeddable":true,"href":"https:\/\/www.hydraulic-cylinders.net\/fi\/wp-json\/wp\/v2\/product_tag?post=19229"}],"curies":[{"name":"wp","href":"https:\/\/api.w.org\/{rel}","templated":true}]}}