{"id":19266,"date":"2025-04-07T06:23:50","date_gmt":"2025-04-07T06:23:50","guid":{"rendered":"https:\/\/www.hydraulic-cylinders.net\/product\/boom-cylinder-for-lishide-large-excavator-sc450-8\/"},"modified":"2025-04-07T06:23:52","modified_gmt":"2025-04-07T06:23:52","slug":"boom-cylinder-for-lishide-large-excavator-sc450-8","status":"publish","type":"product","link":"https:\/\/www.hydraulic-cylinders.net\/fi\/tuote\/boom-cylinder-for-lishide-large-excavator-sc450-8\/","title":{"rendered":"Puomin sylinteri Lishide-kaivukoneelle SC450.8"},"content":{"rendered":"<h1>Puomin sylinteri Lishide-kaivukoneelle SC450.8<\/h1>\n<h2>Johdatus puomin sylintereihin<\/h2>\n<p>Lishide Large Excavator SC450.8 -kaivukoneelle erityisesti suunniteltu puomin sylinteri on ratkaisevan t\u00e4rke\u00e4 hydraulij\u00e4rjestelmien tehokkaan toiminnan kannalta. T\u00e4m\u00e4 hydraulisylinteri on v\u00e4ltt\u00e4m\u00e4t\u00f6n kaivinkoneen kauhan liikkeen ohjaamiseksi, jotta se voi nostaa, laskea ja kallistua tarkasti. N\u00e4m\u00e4 toiminnot ovat elint\u00e4rkeit\u00e4 materiaalink\u00e4sittelyteht\u00e4viss\u00e4 rakennusty\u00f6mailla ja erilaisissa teollisuussovelluksissa.<\/p>\n<p>Kauhasylinteri on erikoishydraulinen sylinteri, jonka avulla raskaat koneet, kuten kaivinkoneet, kaivurikuormaajat ja etukuormaajat, voivat suorittaa teht\u00e4v\u00e4ns\u00e4 tehokkaasti. Mahdollistamalla sujuvia ja hallittuja liikkeit\u00e4 puomisylinteri parantaa tuottavuutta ja toimintakyky\u00e4, mik\u00e4 tekee siit\u00e4 olennaisen osan nykyaikaisia \u200b\u200brakennuskoneita.<\/p>\n<p><img decoding=\"async\" src=\"https:\/\/www.hydraulic-cylinders.net\/wp-content\/uploads\/2025\/04\/songte-company-1.webp\" alt=\"Puomin sylinterin kuva\"><\/p>\n<h2>Puomin sylinterin ominaisuudet<\/h2>\n<ul>\n<li><strong>Korkea lujuus ja kest\u00e4vyys:<\/strong> Tyypillisesti lujasta ter\u00e4ksest\u00e4 tai alumiinista valmistettu puomin sylinteri on rakennettu kest\u00e4m\u00e4\u00e4n korkeaa painetta ja raskaita kuormia, mik\u00e4 varmistaa luotettavuuden vaativissa ty\u00f6ymp\u00e4rist\u00f6iss\u00e4. Se on suunniteltu kulutus- ja korroosionkest\u00e4vyys mieless\u00e4 pit\u00e4en, mik\u00e4 pident\u00e4\u00e4 sen k\u00e4ytt\u00f6ik\u00e4\u00e4.<\/li>\n<li><strong>Tehokas hydraulinen k\u00e4ytt\u00f6:<\/strong> Hydrauli\u00f6ljyn painetta hy\u00f6dynt\u00e4v\u00e4 sylinteri tarjoaa tasaiset ojennus- ja sis\u00e4\u00e4nvetoliikkeet, reagoi nopeasti k\u00e4ytt\u00f6komentoihin ja tarjoaa merkitt\u00e4v\u00e4\u00e4 ty\u00f6nt\u00f6- ja vetovoimaa, joka soveltuu raskaiden ja monimutkaisten teht\u00e4vien k\u00e4sittelyyn.<\/li>\n<li><strong>Erilaisia \u200b\u200btyyppej\u00e4:<\/strong> Puomisylinterit voidaan valita tiettyjen vaatimusten perusteella, ja vaihtoehtoina on yksitoimiset (hydraulinen toiminta yhteen suuntaan) tai kaksitoimiset (hydraulinen toiminta molempiin suuntiin) sylinterit. Tietyiss\u00e4 malleissa on my\u00f6s teleskooppirakenteita, jotka mahdollistavat suuremman jatkeen ilman ulkomittojen kasvua, mik\u00e4 sopii erinomaisesti rajoitetun tilan sovelluksiin.<\/li>\n<li><strong>Yhteensopivuus eri laitteiden kanssa:<\/strong> Puomisylinterimme on suunniteltu korvaamaan t\u00e4ydellisesti olemassa olevat hydraulisylinterit erilaisissa koneissa, mik\u00e4 varmistaa saumattoman integroinnin ja parannetun suorituskyvyn.<\/li>\n<li><strong>Mukautettavat ratkaisut:<\/strong> Tarjoamme r\u00e4\u00e4t\u00e4l\u00f6intimahdollisuuksia vastaamaan erityisi\u00e4 operatiivisia tarpeita ja vaatimuksia, mik\u00e4 mahdollistaa r\u00e4\u00e4t\u00e4l\u00f6idyt ratkaisut erilaisille koneille ja sovelluksille.<\/li>\n<\/ul>\n<p><img decoding=\"async\" src=\"https:\/\/www.hydraulic-cylinders.net\/wp-content\/uploads\/2025\/04\/songte-cylinder-head-with-all-kinds-excavator-models.webp\" alt=\"Puomin sylinterin yhteensopivuus\"><\/p>\n<h2>Puomisylinterin sovellukset<\/h2>\n<h3>Rakennuslaitteet<\/h3>\n<p>Kaivinkoneissa puomisylinterit ovat kriittisi\u00e4 kaivamisessa, lastaamisessa ja maan tai roskien siirt\u00e4misess\u00e4. Ne mahdollistavat kaivuty\u00f6kalun tunkeutumisen maahan ja helpottavat tehokasta materiaalink\u00e4sittely\u00e4, mik\u00e4 parantaa lopulta ty\u00f6maan tuottavuutta. Kaivurikuormaajissa kauhan sylinteri auttaa sek\u00e4 kaivu- ett\u00e4 nostoteht\u00e4viss\u00e4. Niiden kest\u00e4v\u00e4 rakenne on r\u00e4\u00e4t\u00e4l\u00f6ity kest\u00e4m\u00e4\u00e4n rakennustoiminnan rasitukset, mik\u00e4 varmistaa pitk\u00e4n k\u00e4ytt\u00f6i\u00e4n ja luotettavuuden.<\/p>\n<h3>Maatalouskoneet<\/h3>\n<p>Etukuormaajissa puomin sylinterit ovat v\u00e4ltt\u00e4m\u00e4tt\u00f6mi\u00e4 maaper\u00e4n, hein\u00e4n ja muiden materiaalien kaivamiseen, nostamiseen ja kuljettamiseen. N\u00e4m\u00e4 sylinterit tarjoavat tarvittavan voiman n\u00e4iden toimintojen tehokkaaseen suorittamiseen, mik\u00e4 tekee niist\u00e4 korvaamattomia maatalousteht\u00e4viss\u00e4. Niiden suuri nostokapasiteetti yhdistettyn\u00e4 nopeisiin reagointiaikoihin parantaa tehokkuutta maataloustoiminnassa.<\/p>\n<h3>Kaivinkoneet<\/h3>\n<p>Kaivinkoneissa puomin sylinteri mahdollistaa kauhan tunkeutumisen maaper\u00e4\u00e4n, mik\u00e4 helpottaa tehokkaita kaivutoimia. T\u00e4m\u00e4 ominaisuus on ratkaisevan t\u00e4rke\u00e4 useissa eri sovelluksissa, kuten ojituksessa, ty\u00f6maan valmistelussa ja maisemoinnissa. Hydraulij\u00e4rjestelm\u00e4 varmistaa, ett\u00e4 kaivutoiminto on sujuvaa ja tarkkaa, jolloin kuljettajat voivat suorittaa teht\u00e4v\u00e4ns\u00e4 minimaalisella vaivalla.<\/p>\n<h3>Kuormaajat<\/h3>\n<p>Etukuormaajissa puomisylinterit auttavat kuormien tehokkaassa nostamisessa ja tyhjent\u00e4misess\u00e4. Ne tarjoavat tarvittavan nostovoiman raskaiden materiaalien nostamiseen ja tehokkaaseen tyhjent\u00e4miseen. Niiden kyky k\u00e4sitell\u00e4 huomattavia painoja ja s\u00e4ilytt\u00e4\u00e4 samalla vakaus tekee niist\u00e4 elint\u00e4rkeit\u00e4 osia kuormaajissa rakennus- ja materiaalink\u00e4sittelyymp\u00e4rist\u00f6iss\u00e4.<\/p>\n<h2>Suunnittelun\u00e4k\u00f6kohdat ja valintakriteerit<\/h2>\n<h3>Kantavuus<\/h3>\n<p>Puomisylinteri\u00e4 valittaessa kuormituskapasiteetti on ensiarvoisen t\u00e4rke\u00e4\u00e4. Sylinterin on kyett\u00e4v\u00e4 k\u00e4sittelem\u00e4\u00e4n sen k\u00e4yt\u00f6n aikana kohtaama enimm\u00e4ispaino. T\u00e4m\u00e4 edellytt\u00e4\u00e4 sek\u00e4 staattisten ett\u00e4 dynaamisten kuormien arviointia, joita koneisto kohdistaa sylinteriin. Kuormituskapasiteetin ymm\u00e4rt\u00e4minen varmistaa turvallisen ja tehokkaan toiminnan ja est\u00e4\u00e4 mahdolliset viat, jotka voivat johtaa onnettomuuksiin tai koneiston vaurioitumiseen.<\/p>\n<h3>Tiivistys<\/h3>\n<p>Tiivistys on toinen t\u00e4rke\u00e4 suunnittelun\u00e4k\u00f6kohta. Tehokkaat tiivisteet est\u00e4v\u00e4t hydraulinesteen vuodot ja yll\u00e4pit\u00e4v\u00e4t paineen j\u00e4rjestelm\u00e4ss\u00e4. Hyvin suljettu sylinteri ei ainoastaan \u200b\u200bparanna suorituskyky\u00e4, vaan my\u00f6s pident\u00e4\u00e4 sylinterin k\u00e4ytt\u00f6ik\u00e4\u00e4. Materiaaleja, kuten polyuretaania ja nitriilikumia, k\u00e4ytet\u00e4\u00e4n usein niiden kest\u00e4vyyden ja kulumisenkest\u00e4vyyden vuoksi, mik\u00e4 varmistaa tiivisteiden luotettavan toiminnan ajan kuluessa.<\/p>\n<h3>Kest\u00e4vyys<\/h3>\n<p>Kest\u00e4vyys on olennaista puomisylinterien suunnittelussa, koska ne altistuvat ankarille olosuhteille ja kovalle k\u00e4yt\u00f6lle. Kest\u00e4v\u00e4ss\u00e4 rakenteessa yhdistyv\u00e4t korkealaatuiset materiaalit ja vankat rakennustekniikat kulumisen ja repeytymisen kest\u00e4miseksi. T\u00e4h\u00e4n sis\u00e4ltyy korroosionkest\u00e4vyys, erityisesti k\u00e4ytett\u00e4ess\u00e4 ymp\u00e4rist\u00f6iss\u00e4, jotka altistuvat vedelle, lialle ja muille sy\u00f6vytt\u00e4ville aineille. Kest\u00e4v\u00e4n sylinterin valinta minimoi yll\u00e4pitokustannukset ja pident\u00e4\u00e4 k\u00e4ytt\u00f6ik\u00e4\u00e4.<\/p>\n<h3>Turvaominaisuudet<\/h3>\n<p>Turvallisuus on ratkaisevan t\u00e4rke\u00e4 n\u00e4k\u00f6kohta hydraulisylintereiden suunnittelussa. Ominaisuudet, kuten paineenalennusventtiilit ja turvalukot, auttavat ehk\u00e4isem\u00e4\u00e4n onnettomuuksia hallitsemalla mahdollisia ylipaineita ja vahingossa tapahtuvia purkauksia. N\u00e4iden turvamekanismien varmistaminen sylinteriss\u00e4 on elint\u00e4rke\u00e4\u00e4 k\u00e4ytt\u00e4jien ja laitteiden suojaamiseksi k\u00e4yt\u00f6n aikana.<\/p>\n<h3>Huolto Esteett\u00f6myys<\/h3>\n<p>Lopuksi, huollon helppous on t\u00e4rke\u00e4 suunnittelun\u00e4k\u00f6kohta. Sylinteri, joka mahdollistaa helpon p\u00e4\u00e4syn tiivisteisiin ja muihin kriittisiin komponentteihin, helpottaa oikea-aikaisia \u200b\u200btarkastuksia ja huoltoa. T\u00e4ll\u00e4 suunnitteluominaisuudella on merkitt\u00e4v\u00e4 rooli hydraulij\u00e4rjestelm\u00e4n pitk\u00e4ik\u00e4isyyden ja tehokkuuden varmistamisessa, mik\u00e4 v\u00e4hent\u00e4\u00e4 seisokkiaikoja ja korjauskustannuksia.<\/p>\n<p><img decoding=\"async\" src=\"https:\/\/www.hydraulic-cylinders.net\/wp-content\/uploads\/2025\/04\/songte-oil-pipes-and-spare-parts.webp\" alt=\"Hydraulisylinterin osat\"><\/p>\n<h2>Tiivistys ja voitelu<\/h2>\n<p>Asianmukainen tiivistys ja voitelu ovat elint\u00e4rkeit\u00e4 puomisylinterien tehokkaalle toiminnalle. Erilaiset tiivistekomponentit, kuten m\u00e4nn\u00e4ntiivisteet ja varren tiivisteet, ovat ratkaisevassa roolissa hydraulinesteen vuotojen est\u00e4misess\u00e4. N\u00e4iden tiivisteiden materiaalivalinnat, mukaan lukien polyuretaani ja nitriilikumi, varmistavat kest\u00e4vyyden ja kulumiskest\u00e4vyyden, mik\u00e4 on olennaista hydraulij\u00e4rjestelm\u00e4n paineen yll\u00e4pit\u00e4miseksi.<\/p>\n<p>Sylinterin rungon ja kierteitettyjen p\u00e4iden pinnat k\u00e4sitell\u00e4\u00e4n hienos\u00e4\u00e4detysti kulutuskest\u00e4vyyden ja suorituskyvyn parantamiseksi. S\u00e4\u00e4nn\u00f6llinen voitelu hydrauliikka\u00f6ljyll\u00e4 on v\u00e4ltt\u00e4m\u00e4t\u00f6nt\u00e4 kitkan minimoimiseksi ja tiivisteiden ja sylinterin osien k\u00e4ytt\u00f6i\u00e4n pident\u00e4miseksi. Rutiinihuolto-ohjelma, johon sis\u00e4ltyy voitelutasojen ja tiivisteiden eheyden tarkastus, on olennaista sylinterin optimaalisen suorituskyvyn varmistamiseksi.<\/p>\n<h2>Ennaltaehk\u00e4isev\u00e4t huoltotoimenpiteet<\/h2>\n<ul>\n<li><strong>S\u00e4\u00e4nn\u00f6lliset tarkastukset:<\/strong> Tee s\u00e4\u00e4nn\u00f6llisi\u00e4 tarkastuksia mahdollisten kulumisen, vuotojen tai vaurioiden tunnistamiseksi. S\u00e4\u00e4nn\u00f6lliset tarkastukset voivat auttaa havaitsemaan ongelmat ennen kuin ne pahenevat, mik\u00e4 varmistaa oikea-aikaiset korjaukset.<\/li>\n<li><strong>Asianmukainen voitelu:<\/strong> Varmista, ett\u00e4 hydrauliikka\u00f6ljyn taso on riitt\u00e4v\u00e4 ja ett\u00e4 voitelu suoritetaan s\u00e4\u00e4nn\u00f6llisesti. Asianmukainen voitelu v\u00e4hent\u00e4\u00e4 kitkaa ja kulumista, mik\u00e4 parantaa suorituskyky\u00e4 ja pident\u00e4\u00e4 k\u00e4ytt\u00f6ik\u00e4\u00e4.<\/li>\n<li><strong>Tiivisteiden vaihdot:<\/strong> Tarkkaile tiivisteiden kuntoa ja vaihda ne tarvittaessa. Kuluneet tiivisteet voivat johtaa hydrauli\u00f6ljyn vuotoihin, mik\u00e4 heikent\u00e4\u00e4 suorituskyky\u00e4 ja turvallisuutta.<\/li>\n<\/ul>\n<h2>Asennusohjeet<\/h2>\n<p>Puomisylinterin oikea asennus on ratkaisevan t\u00e4rke\u00e4\u00e4 optimaalisen suorituskyvyn ja turvallisuuden kannalta. Aloita varmistamalla, ett\u00e4 ty\u00f6alue on puhdas ja roskaton. Sylinteri\u00e4 sijoitettaessa on t\u00e4rke\u00e4\u00e4 kohdistaa se oikein kiinnityskiinnikkeisiin, jotta v\u00e4ltet\u00e4\u00e4n sylinterin ja kiinnikkeiden tarpeeton rasitus. K\u00e4yt\u00e4 sopivia asennustukia sylinterin kiinnitt\u00e4miseksi paikalleen asennuksen aikana.<\/p>\n<p>Noudata valmistajan ohjeita kiristysmomenttien suhteen pultteja kirist\u00e4ess\u00e4si varmistaaksesi turvallisen liitoksen. Asennuksen j\u00e4lkeen on suositeltavaa suorittaa perusteellinen tarkastus oikean kohdistuksen ja kiinnitysten pidon varmistamiseksi. Tarkkaile asennusta s\u00e4\u00e4nn\u00f6llisesti varmistaaksesi, ett\u00e4 se pysyy ehj\u00e4n\u00e4 ja toimivana koko k\u00e4ytt\u00f6ik\u00e4ns\u00e4 ajan.<\/p>\n<h2>Yleiset huoltoteht\u00e4v\u00e4t<\/h2>\n<h3>S\u00e4\u00e4nn\u00f6lliset tarkastukset<\/h3>\n<p>S\u00e4\u00e4nn\u00f6llisten tarkastusten suorittaminen on elint\u00e4rke\u00e4\u00e4 puomin sylinterin pitk\u00e4ik\u00e4isyyden ja tehokkuuden varmistamiseksi. Tarkista kulumisen merkit, vuodot ja mahdolliset toiminnan ep\u00e4s\u00e4\u00e4nn\u00f6llisyydet. Ongelmien varhainen havaitseminen voi est\u00e4\u00e4 kalliita korjauksia ja seisokkeja. Tarkastukset tulee suorittaa ennalta m\u00e4\u00e4r\u00e4tyn aikataulun mukaisesti, joka on r\u00e4\u00e4t\u00e4l\u00f6ity k\u00e4ytt\u00f6tiheyden ja k\u00e4ytt\u00f6olosuhteiden mukaan.<\/p>\n<h3>Oikea voitelu<\/h3>\n<p>Oikean voitelun varmistaminen on avainasemassa puomin sylinterin toiminnan yll\u00e4pit\u00e4misess\u00e4. K\u00e4yt\u00e4 suositeltua hydrauliikka\u00f6ljy\u00e4 pit\u00e4\u00e4ksesi tiivisteet ja sis\u00e4iset komponentit hyvin voideltuina. T\u00e4m\u00e4 k\u00e4yt\u00e4nt\u00f6 ei ainoastaan \u200b\u200bv\u00e4henn\u00e4 kitkaa, vaan auttaa my\u00f6s est\u00e4m\u00e4\u00e4n kulumista ja varmistamaan sujuvan toiminnan. Laadi s\u00e4\u00e4nn\u00f6llinen voiteluaikataulu optimaalisten nestetasojen ja kunnon yll\u00e4pit\u00e4miseksi.<\/p>\n<h3>Tiivisteiden vaihto ja kalibrointitarkastukset<\/h3>\n<p>Tarkista tiivisteet s\u00e4\u00e4nn\u00f6llisesti kulumisen varalta ja vaihda ne tarvittaessa vuotojen est\u00e4miseksi ja paineen yll\u00e4pit\u00e4miseksi. Kalibrointitarkastukset ovat my\u00f6s t\u00e4rkeit\u00e4 sen varmistamiseksi, ett\u00e4 sylinteri toimii m\u00e4\u00e4riteltyjen rajojen sis\u00e4ll\u00e4. Oikein kalibroidut j\u00e4rjestelm\u00e4t parantavat toiminnan tehokkuutta ja turvallisuutta est\u00e4en hydraulisiin vikoihin liittyv\u00e4t mahdolliset onnettomuudet.<\/p>\n<p><img decoding=\"async\" src=\"https:\/\/www.hydraulic-cylinders.net\/wp-content\/uploads\/2025\/04\/songte-chushion-collar.webp\" alt=\"Hydraulisylinterien pehmustekaulus\"><\/p>\n<h2>Turvallisuusn\u00e4k\u00f6kohdat ja ymp\u00e4rist\u00f6tekij\u00e4t<\/h2>\n<p>Hydraulij\u00e4rjestelmi\u00e4 k\u00e4sitelt\u00e4ess\u00e4 turvatoimenpiteet ovat ensiarvoisen t\u00e4rkeit\u00e4. K\u00e4ytt\u00e4j\u00e4t on koulutettava ymm\u00e4rt\u00e4m\u00e4\u00e4n hydraulisiin laitteisiin liittyv\u00e4t mahdolliset vaarat. Asianmukaisia \u200b\u200bhenkil\u00f6nsuojaimia (PPE) on k\u00e4ytett\u00e4v\u00e4 aina, mukaan lukien k\u00e4sineet, suojalasit ja kyp\u00e4r\u00e4. \u200b\u200bS\u00e4\u00e4nn\u00f6lliset turvallisuuskoulutukset voivat auttaa vahvistamaan n\u00e4it\u00e4 k\u00e4yt\u00e4nt\u00f6j\u00e4 ja varmistamaan turvallisen ty\u00f6ymp\u00e4rist\u00f6n.<\/p>\n<p>Lis\u00e4ksi on t\u00e4rke\u00e4\u00e4 ottaa huomioon ymp\u00e4rist\u00f6tekij\u00e4t, kuten hydraulinesteiden ja muiden materiaalien h\u00e4vitt\u00e4minen. Paikallisten vaarallisten aineiden h\u00e4vitt\u00e4mist\u00e4 koskevien m\u00e4\u00e4r\u00e4ysten noudattaminen on ratkaisevan t\u00e4rke\u00e4\u00e4 ymp\u00e4rist\u00f6vaikutusten minimoimiseksi ja turvallisuusstandardien noudattamisen varmistamiseksi.<\/p>\n<h2>Vianm\u00e4\u00e4ritys ja yleiset ongelmat<\/h2>\n<h3>Yleisi\u00e4 ongelmia<\/h3>\n<ul>\n<li><strong>Hydrauliset vuodot:<\/strong> Yksi yleisimmist\u00e4 puomisylintereiden ongelmista on hydraulinesteen vuodot, jotka voivat johtua kuluneista tiivisteist\u00e4 tai virheellisest\u00e4 asennuksesta.<\/li>\n<li><strong>Ep\u00e4johdonmukaiset liikkeet:<\/strong> Jos sylinteri ei liiku ulos tai sis\u00e4\u00e4n tasaisesti, se voi viitata alhaiseen hydraulinesteen tasoon tai sis\u00e4isiin vaurioihin.<\/li>\n<li><strong>Ylikuumeneminen:<\/strong> Liiallinen kuumuus voi johtaa nesteiden hajoamiseen, mik\u00e4 puolestaan \u200b\u200bheikent\u00e4\u00e4 suorituskyky\u00e4 ja voi johtaa laitteen vikaantumiseen.<\/li>\n<\/ul>\n<h3>Vianm\u00e4\u00e4ritysvinkkej\u00e4<\/h3>\n<p>Hydraulivuotojen korjaamiseksi tarkista tiivisteiden kuluminen ja vaihda ne tarvittaessa. Varmista, ett\u00e4 sylinteri on oikein kohdistettu ja tukevasti kiinnitetty tiivisteiden rasituksen est\u00e4miseksi. Jos liikkeet ovat ep\u00e4tasaisia, tarkista hydraulinesteen tasot ja t\u00e4yt\u00e4 tarvittaessa. Tarkista lis\u00e4ksi hydraulij\u00e4rjestelm\u00e4 tukosten tai vaurioiden varalta, jotka voisivat est\u00e4\u00e4 nesteen virtausta.<\/p>\n<p>Ylikuumenemisen sattuessa tarkista hydraulinesteen laatu ja tasot ja vaihda kaikki saastunut neste. J\u00e4\u00e4hdytysj\u00e4rjestelm\u00e4n k\u00e4ytt\u00f6\u00f6notto voi my\u00f6s olla hy\u00f6dyllist\u00e4 paljon kuormitetuissa toiminnoissa ylikuumenemisongelmien est\u00e4miseksi.<\/p>\n<p><img decoding=\"async\" src=\"https:\/\/www.hydraulic-cylinders.net\/wp-content\/uploads\/2025\/04\/songte-bushings-with-all-kinds-of-excavator-models.webp\" alt=\"Kaivinkoneiden holkit\"><\/p>\n<h2>Tietoa yrityksest\u00e4mme<\/h2>\n<p>Olemme johtava hydraulisten sylinterien vaihto-osien valmistaja, joka tarjoaa laajan valikoiman tuotteita sek\u00e4 kotimaisille ett\u00e4 kansainv\u00e4lisille markkinoille. Sitoutumisemme huippulaatuun tukee hienostunut tuotannonohjausstrategia, joka korostaa teollistamista. Hy\u00f6dynt\u00e4m\u00e4ll\u00e4 teknist\u00e4 asiantuntemusta, edistyneit\u00e4 valmistuslaitteita ja ammattimaisia \u200b\u200btestausj\u00e4rjestelmi\u00e4 parannamme jatkuvasti tuotantoalustaamme vastataksemme monipuolisiin asiakastarpeisiin.<\/p>\n<p>Tuotantoprosessillemme on ominaista korkea tehokkuus, tarkkuus ja laatu, mik\u00e4 varmistaa, ett\u00e4 t\u00e4yt\u00e4mme asiakkaidemme monipuoliset vaatimukset. Keskittym\u00e4ll\u00e4 ammattitaitoiseen palveluun, kansainv\u00e4lisiin sertifiointeihin ja r\u00e4\u00e4t\u00e4l\u00f6it\u00e4viin ratkaisuihin olemme vakiinnuttaneet asemamme luotettavana kumppanina hydraulisylintereiden valmistusteollisuudessa.<\/p>\n<p><img decoding=\"async\" src=\"https:\/\/www.hydraulic-cylinders.net\/wp-content\/uploads\/2025\/04\/songte-company-4.webp\" alt=\"Yrityksen yleiskatsaus\"><br \/>\n<img decoding=\"async\" src=\"https:\/\/www.hydraulic-cylinders.net\/wp-content\/uploads\/2025\/04\/songte-company-3.webp\" alt=\"Tuotantolaitos\"><\/p>\n<p>Kirjoittaja: lyl<\/p>","protected":false},"excerpt":{"rendered":"<p>Boom Cylinder For Lishide Large Excavator SC450.8 Introduction to Boom Cylinders The Boom Cylinder, specifically designed for the Lishide Large Excavator SC450.8, plays a crucial role in the effective functioning of hydraulic systems. This hydraulic cylinder is essential for controlling the movement of the excavator&#8217;s bucket, allowing it to lift, lower, and tilt with precision. [&hellip;]<\/p>","protected":false},"featured_media":17876,"comment_status":"open","ping_status":"closed","template":"","meta":{"_et_pb_use_builder":"","_et_pb_old_content":"","_et_gb_content_width":""},"product_brand":[],"product_cat":[1546],"product_tag":[1547,1496],"class_list":{"0":"post-19266","1":"product","2":"type-product","3":"status-publish","4":"has-post-thumbnail","6":"product_cat-boom-cylinders","7":"product_tag-boom-cylinders","8":"product_tag-hydraulic-cylinders","10":"first","11":"instock","12":"shipping-taxable","13":"product-type-simple"},"amp_enabled":true,"_links":{"self":[{"href":"https:\/\/www.hydraulic-cylinders.net\/fi\/wp-json\/wp\/v2\/product\/19266","targetHints":{"allow":["GET"]}}],"collection":[{"href":"https:\/\/www.hydraulic-cylinders.net\/fi\/wp-json\/wp\/v2\/product"}],"about":[{"href":"https:\/\/www.hydraulic-cylinders.net\/fi\/wp-json\/wp\/v2\/types\/product"}],"replies":[{"embeddable":true,"href":"https:\/\/www.hydraulic-cylinders.net\/fi\/wp-json\/wp\/v2\/comments?post=19266"}],"wp:featuredmedia":[{"embeddable":true,"href":"https:\/\/www.hydraulic-cylinders.net\/fi\/wp-json\/wp\/v2\/media\/17876"}],"wp:attachment":[{"href":"https:\/\/www.hydraulic-cylinders.net\/fi\/wp-json\/wp\/v2\/media?parent=19266"}],"wp:term":[{"taxonomy":"product_brand","embeddable":true,"href":"https:\/\/www.hydraulic-cylinders.net\/fi\/wp-json\/wp\/v2\/product_brand?post=19266"},{"taxonomy":"product_cat","embeddable":true,"href":"https:\/\/www.hydraulic-cylinders.net\/fi\/wp-json\/wp\/v2\/product_cat?post=19266"},{"taxonomy":"product_tag","embeddable":true,"href":"https:\/\/www.hydraulic-cylinders.net\/fi\/wp-json\/wp\/v2\/product_tag?post=19266"}],"curies":[{"name":"wp","href":"https:\/\/api.w.org\/{rel}","templated":true}]}}