{"id":19272,"date":"2025-04-07T06:24:08","date_gmt":"2025-04-07T06:24:08","guid":{"rendered":"https:\/\/www.hydraulic-cylinders.net\/product\/boom-cylinder-for-lovol-small-excavator-fr80g\/"},"modified":"2025-04-07T06:24:10","modified_gmt":"2025-04-07T06:24:10","slug":"boom-cylinder-for-lovol-small-excavator-fr80g","status":"publish","type":"product","link":"https:\/\/www.hydraulic-cylinders.net\/fi\/tuote\/boom-cylinder-for-lovol-small-excavator-fr80g\/","title":{"rendered":"Puomin sylinteri Lovol-pienkaivukoneeseen FR80G"},"content":{"rendered":"<h1>Puomin sylinteri Lovol-pienkaivukoneeseen FR80G<\/h1>\n<h2>Johdatus puomin sylintereihin<\/h2>\n<p>Lovol Small Excavator FR80G -kaivukoneen puomin sylinteri on kriittinen komponentti hydraulij\u00e4rjestelmiss\u00e4, jotka ohjaavat kaivinkoneen puomin liikett\u00e4. T\u00e4m\u00e4 hydraulisylinteri mahdollistaa erityisesti puomin nostamisen, laskemisen ja kallistuksen, mik\u00e4 tekee siit\u00e4 v\u00e4ltt\u00e4m\u00e4tt\u00f6m\u00e4n tehokkaissa materiaalink\u00e4sittelyteht\u00e4viss\u00e4. Hydraulisylinterin\u00e4 se toimii nestemekaniikan periaatteiden mukaisesti, mink\u00e4 ansiosta raskaat koneet voivat suorittaa monimutkaisia \u200b\u200btoimintoja helposti. Kaivinkoneissa, kaivurikuormaajissa ja etukuormaajissa kauhan sylinteri on suunniteltu kest\u00e4m\u00e4\u00e4n \u00e4\u00e4rimm\u00e4isi\u00e4 paineita ja kuormia, mik\u00e4 varmistaa kest\u00e4vyyden ja luotettavuuden vaativissa ymp\u00e4rist\u00f6iss\u00e4.<\/p>\n<p><img decoding=\"async\" src=\"https:\/\/www.hydraulic-cylinders.net\/wp-content\/uploads\/2025\/04\/songte-company-1.webp\" alt=\"Puomin sylinteri\"><\/p>\n<h2>Puomin sylinterin ominaisuudet<\/h2>\n<ul>\n<li>\n<h3>Korkea lujuus ja kest\u00e4vyys<\/h3>\n<p>T\u00e4m\u00e4 lujasta ter\u00e4ksest\u00e4 tai alumiinista valmistettu sylinteri on suunniteltu kest\u00e4m\u00e4\u00e4n korkeaa painetta ja raskaita kuormia ankarissa olosuhteissa. Sen rakenne yhdist\u00e4\u00e4 kulutuskest\u00e4vyyden ja korroosiosuojauksen k\u00e4ytt\u00f6i\u00e4n pident\u00e4miseksi.<\/p>\n<\/li>\n<li>\n<h3>Tehokas hydraulinen k\u00e4ytt\u00f6<\/h3>\n<p>Sylinteri hy\u00f6dynt\u00e4\u00e4 hydrauli\u00f6ljyn painetta sujuvan ulos- ja sis\u00e4\u00e4nvedon saavuttamiseksi, mik\u00e4 mahdollistaa nopean reagoinnin k\u00e4ytt\u00f6komentoihin ja tarjoaa huomattavaa ty\u00f6nt\u00f6- ja vetovoimaa, joka soveltuu raskaiden ja monimutkaisten teht\u00e4vien k\u00e4sittelyyn.<\/p>\n<\/li>\n<li>\n<h3>Erilaisia \u200b\u200btyyppej\u00e4<\/h3>\n<p>Saatavilla yksitoimisina (hydraulinen paine yhteen suuntaan) tai kaksitoimisina (hydraulinen paine molempiin suuntiin), sek\u00e4 joitakin teleskooppisia malleja, jotka mahdollistavat suuremman jatkeen ilman ulkoisen koon kasvua, mik\u00e4 sopii erinomaisesti ahtaisiin sovelluksiin.<\/p>\n<\/li>\n<li>\n<h3>Mukautusvaihtoehdot<\/h3>\n<p>Voimme valmistaa t\u00e4t\u00e4 tuotetta, joka tarjoaa t\u00e4ydellisen korvaajan erilaisille hydraulisylintereille ja vastaa erityisiin k\u00e4ytt\u00f6tarpeisiin ja -vaatimuksiin.<\/p>\n<\/li>\n<\/ul>\n<p><img decoding=\"async\" src=\"https:\/\/www.hydraulic-cylinders.net\/wp-content\/uploads\/2025\/04\/songte-cylinder-head-with-all-kinds-excavator-models.webp\" alt=\"Sylinterikansi\"><\/p>\n<h2>Puomisylinterin sovellukset<\/h2>\n<ul>\n<li>\n<h3>Rakennuslaitteet<\/h3>\n<p>Puomin sylinteri on olennainen osa kaivinkoneita ja sill\u00e4 on ratkaiseva rooli kaivamisessa, lastaamisessa ja maaper\u00e4n tai roskien siirt\u00e4misess\u00e4. Kaivurikuormaajissa se avustaa sek\u00e4 kaivamisessa ett\u00e4 nostamisessa, mik\u00e4 parantaa toiminnan tehokkuutta rakennusty\u00f6mailla.<\/p>\n<\/li>\n<li>\n<h3>Maatalouskoneet<\/h3>\n<p>Etukuormaajissa k\u00e4ytetty puomin sylinteri auttaa maan, hein\u00e4n ja muiden materiaalien kaivamisessa, nostamisessa ja kuljettamisessa. Sen kest\u00e4v\u00e4 rakenne varmistaa, ett\u00e4 se selviytyy maatilan tiukoista vaatimuksista, mik\u00e4 tehostaa maatalousteht\u00e4vi\u00e4.<\/p>\n<\/li>\n<li>\n<h3>Kaivinkoneet<\/h3>\n<p>Puomin sylinteri helpottaa kaivua antamalla kauhan tunkeutua maaper\u00e4\u00e4n, mik\u00e4 mahdollistaa tehokkaan kaivun erilaisissa projekteissa aina maisemoinnista rakentamiseen.<\/p>\n<\/li>\n<li>\n<h3>Kuormaajat<\/h3>\n<p>Etukuormaajissa puomin sylinteri auttaa materiaalien tehokkaassa nostamisessa ja tyhjent\u00e4misess\u00e4, mik\u00e4 tekee siit\u00e4 olennaisen osan rakennus-, maisemointi- ja maataloust\u00f6iss\u00e4.<\/p>\n<\/li>\n<\/ul>\n<h2>Suunnittelun\u00e4k\u00f6kohdat ja valintakriteerit<\/h2>\n<ul>\n<li>\n<h3>Kantavuus<\/h3>\n<p>Puomin sylinterin on oltava suunniteltu kest\u00e4m\u00e4\u00e4n sen k\u00e4yt\u00f6n aikana kohtaama enimm\u00e4iskuormitus. Sylinterin varmistaminen, ett\u00e4 se tukee m\u00e4\u00e4ritetty\u00e4 kuormakapasiteettiaan, on ratkaisevan t\u00e4rke\u00e4\u00e4 sek\u00e4 turvallisuuden ett\u00e4 suorituskyvyn kannalta.<\/p>\n<\/li>\n<li>\n<h3>Tiivisteen eheys<\/h3>\n<p>Tehokas tiivistys on elint\u00e4rke\u00e4\u00e4 hydraulinesteen vuotojen est\u00e4miseksi ja sylinterin paineen yll\u00e4pit\u00e4miseksi. Luotettavuuden varmistamiseksi on valittava korkealaatuiset tiivisteet, mukaan lukien kest\u00e4vist\u00e4 materiaaleista valmistetut m\u00e4nn\u00e4ntiivisteet ja m\u00e4nn\u00e4nvarren tiivisteet.<\/p>\n<\/li>\n<li>\n<h3>Kest\u00e4vyys<\/h3>\n<p>Kest\u00e4vyys on avaintekij\u00e4, kun otetaan huomioon n\u00e4iden sylinterien ankarat k\u00e4ytt\u00f6olosuhteet. K\u00e4ytettyjen materiaalien ja rakennustekniikoiden tulisi pident\u00e4\u00e4 sylinterin k\u00e4ytt\u00f6ik\u00e4\u00e4 ja minimoida tarve vaihtaa sylinteri usein.<\/p>\n<\/li>\n<li>\n<h3>Turvaominaisuudet<\/h3>\n<p>Turvamekanismien, kuten paineenalennusventtiilien ja ylikuormitussuojan, sis\u00e4llytt\u00e4minen voi est\u00e4\u00e4 katastrofaaliset viat ja varmistaa turvallisen k\u00e4yt\u00f6n, erityisesti arvaamattomissa ty\u00f6olosuhteissa.<\/p>\n<\/li>\n<li>\n<h3>Huolto Esteett\u00f6myys<\/h3>\n<p>Sylinterin suunnittelu helpoksi huollettavaksi on olennaista. Ominaisuudet, jotka mahdollistavat yksinkertaiset tarkastukset, korjaukset ja osien vaihdot, voivat merkitt\u00e4v\u00e4sti v\u00e4hent\u00e4\u00e4 seisokkiaikoja ja parantaa toiminnan kokonaistehokkuutta.<\/p>\n<\/li>\n<\/ul>\n<p><img decoding=\"async\" src=\"https:\/\/www.hydraulic-cylinders.net\/wp-content\/uploads\/2025\/04\/songte-oil-pipes-and-spare-parts.webp\" alt=\"\u00d6ljyputket ja varaosat\"><\/p>\n<h2>Sylinterin tiivistys ja voitelu<\/h2>\n<p>Tehokas tiivistys ja voitelu ovat ratkaisevan t\u00e4rkeit\u00e4 puomin sylinterin suorituskyvylle. Erilaisia \u200b\u200btiivistyskomponentteja, kuten m\u00e4nn\u00e4n tiivisteit\u00e4 ja varren tiivisteit\u00e4, on otettava huomioon hydraulinesteen vuotojen est\u00e4miseksi. Kest\u00e4vist\u00e4 materiaaleista, kuten polyuretaanista ja nitriilikumista, valmistetut tiivisteet ovat v\u00e4ltt\u00e4m\u00e4tt\u00f6mi\u00e4 pitk\u00e4ik\u00e4isyyden ja kulumiskest\u00e4vyyden varmistamiseksi. Lis\u00e4ksi sylinterin runko ja kierteitetyt p\u00e4\u00e4typinnat tulee ty\u00f6st\u00e4\u00e4 hienosti kulumiskest\u00e4vyyden parantamiseksi. S\u00e4\u00e4nn\u00f6llinen voitelu hydrauli\u00f6ljyll\u00e4 on v\u00e4ltt\u00e4m\u00e4t\u00f6nt\u00e4 sylinterin sujuvan toiminnan yll\u00e4pit\u00e4miseksi ja kitkakulumisen est\u00e4miseksi.<\/p>\n<h2>S\u00e4\u00e4nn\u00f6llinen huolto ja ennaltaehk\u00e4isev\u00e4t toimenpiteet<\/h2>\n<ul>\n<li>\n<h3>S\u00e4\u00e4nn\u00f6lliset tarkastukset<\/h3>\n<p>Puomisylinterin s\u00e4\u00e4nn\u00f6lliset tarkastukset auttavat tunnistamaan mahdolliset ongelmat, kuten vuodot, kulumisen tai linjausvirheet. Ongelmien varhainen havaitseminen voi est\u00e4\u00e4 kalliita korjauksia ja varmistaa jatkuvan toiminnan.<\/p>\n<\/li>\n<li>\n<h3>Asianmukainen voitelu<\/h3>\n<p>On t\u00e4rke\u00e4\u00e4 varmistaa, ett\u00e4 sylinteri on voideltu riitt\u00e4v\u00e4sti oikealla m\u00e4\u00e4r\u00e4ll\u00e4 hydrauli\u00f6ljy\u00e4. Riitt\u00e4m\u00e4t\u00f6n voitelu voi johtaa lis\u00e4\u00e4ntyneeseen kitkaan ja kulumiseen, mik\u00e4 johtaa sylinterin ennenaikaiseen vikaantumiseen.<\/p>\n<\/li>\n<li>\n<h3>Tiivisteiden vaihdot<\/h3>\n<p>Tiivisteiden s\u00e4\u00e4nn\u00f6llinen tarkistaminen ja tarvittaessa vaihtaminen on ratkaisevan t\u00e4rke\u00e4\u00e4 sylinterin eheyden yll\u00e4pit\u00e4miseksi. Kuluneet tiivisteet voivat johtaa vuotoihin ja heikent\u00e4\u00e4 hydraulij\u00e4rjestelm\u00e4n tehokkuutta.<\/p>\n<\/li>\n<\/ul>\n<h2>Asennusohjeet<\/h2>\n<p>Puomisylinterin oikea asennus on elint\u00e4rke\u00e4\u00e4 optimaalisen suorituskyvyn saavuttamiseksi. Aloita varmistamalla, ett\u00e4 ty\u00f6ymp\u00e4rist\u00f6 on puhdas kontaminaation est\u00e4miseksi. Kohdista sylinteri tarkasti kiinnityspisteisiin ja k\u00e4yt\u00e4 sopivia kiinnitystelineit\u00e4 kiinnitt\u00e4\u00e4ksesi sen paikalleen. S\u00e4\u00e4d\u00e4 sylinteri\u00e4 oikean kulman ja kohdistuksen saavuttamiseksi olemassa olevaan hydraulij\u00e4rjestelm\u00e4\u00e4n. On eritt\u00e4in t\u00e4rke\u00e4\u00e4 noudattaa valmistajan ohjeita v\u00e4\u00e4nt\u00f6momenttiasetusten ja hydrauliliit\u00e4nt\u00f6jen suhteen. Asennuksen j\u00e4lkeen testaa j\u00e4rjestelm\u00e4 huolellisesti varmistaaksesi, ett\u00e4 se toimii sujuvasti ja ilman vuotoja.<\/p>\n<h2>Yleiset huoltoteht\u00e4v\u00e4t<\/h2>\n<ul>\n<li>\n<h3>S\u00e4\u00e4nn\u00f6lliset tarkastukset<\/h3>\n<p>Puomisylinterin s\u00e4\u00e4nn\u00f6lliset tarkastukset ovat v\u00e4ltt\u00e4m\u00e4tt\u00f6mi\u00e4. Etsi kulumisen, vuotojen tai vaurioiden merkkej\u00e4 ja korjaa mahdolliset ongelmat viipym\u00e4tt\u00e4 lis\u00e4ongelmien v\u00e4ltt\u00e4miseksi.<\/p>\n<\/li>\n<li>\n<h3>Oikea voitelu<\/h3>\n<p>Varmista, ett\u00e4 sylinteri on asianmukaisesti voideltu valmistajan suositusten mukaisesti. Oikea voitelu v\u00e4hent\u00e4\u00e4 kitkaa ja kulumista, mik\u00e4 osaltaan pident\u00e4\u00e4 sylinterin k\u00e4ytt\u00f6ik\u00e4\u00e4.<\/p>\n<\/li>\n<li>\n<h3>Tiivisteiden vaihto ja kalibrointitarkastukset<\/h3>\n<p>Tarkista tiivisteiden kuluminen s\u00e4\u00e4nn\u00f6llisesti ja vaihda ne tarvittaessa. Kalibrointitarkastukset auttavat yll\u00e4pit\u00e4m\u00e4\u00e4n sylinterin suorituskyky\u00e4 varmistaen, ett\u00e4 se toimii vaadittujen spesifikaatioiden mukaisesti.<\/p>\n<\/li>\n<\/ul>\n<p><img decoding=\"async\" src=\"https:\/\/www.hydraulic-cylinders.net\/wp-content\/uploads\/2025\/04\/songte-chushion-collar.webp\" alt=\"Chushion-kaulus\"><\/p>\n<h2>Turvallisuusn\u00e4k\u00f6kohdat ja ymp\u00e4rist\u00f6tekij\u00e4t<\/h2>\n<p>Turvatoimenpiteet ovat ensiarvoisen t\u00e4rkeit\u00e4 puomisylinteri\u00e4 k\u00e4ytett\u00e4ess\u00e4. K\u00e4ytt\u00e4j\u00e4t tulee kouluttaa turvallisiin k\u00e4ytt\u00f6tapoihin onnettomuusriskin minimoimiseksi. On t\u00e4rke\u00e4\u00e4 noudattaa m\u00e4\u00e4r\u00e4yksi\u00e4 ja varmistaa, ett\u00e4 sylinteri tarkastetaan ja huolletaan s\u00e4\u00e4nn\u00f6llisesti vaaratilanteiden v\u00e4ltt\u00e4miseksi. Lis\u00e4ksi on otettava huomioon ymp\u00e4rist\u00f6tekij\u00e4t k\u00e4yt\u00f6n aikana, kuten altistuminen \u00e4\u00e4rimm\u00e4isille s\u00e4\u00e4olosuhteille, jotka voivat vaikuttaa hydraulij\u00e4rjestelm\u00e4n suorituskykyyn ja eheyteen.<\/p>\n<h2>Vianm\u00e4\u00e4ritys ja yleiset ongelmat<\/h2>\n<ul>\n<li>\n<h3>Paineh\u00e4vi\u00f6<\/h3>\n<p>Yleinen ongelma hydraulisylintereiss\u00e4 on paineh\u00e4vi\u00f6, jonka voivat aiheuttaa j\u00e4rjestelm\u00e4n vuodot tai kuluneet tiivisteet. Tarkista tiivisteet ja hydrauliletkut s\u00e4\u00e4nn\u00f6llisesti mahdollisten vuotojen tunnistamiseksi ja korjaamiseksi viipym\u00e4tt\u00e4.<\/p>\n<\/li>\n<li>\n<h3>Hidas vasteaika<\/h3>\n<p>Jos puomin sylinteri reagoi hitaasti, se voi viitata alhaiseen hydrauli\u00f6ljyn tasoon tai hydrauli\u00f6ljyn ep\u00e4puhtauksiin. Tarkista nestetasot ja varmista, ett\u00e4 \u00f6ljy on puhdasta ja vapaata roskista.<\/p>\n<\/li>\n<li>\n<h3>Ep\u00e4tavalliset \u00e4\u00e4net<\/h3>\n<p>Ep\u00e4tavalliset \u00e4\u00e4net k\u00e4yt\u00f6n aikana voivat viitata sylinterin tai hydraulij\u00e4rjestelm\u00e4n ongelmiin. Tarkista sylinteri s\u00e4\u00e4nn\u00f6llisesti kulumisen tai vaurioiden varalta ja korjaa mahdolliset ongelmat v\u00e4litt\u00f6m\u00e4sti lis\u00e4ongelmien v\u00e4ltt\u00e4miseksi.<\/p>\n<\/li>\n<\/ul>\n<p>Jotta voit tehokkaasti diagnosoida ja ratkaista ongelmia, tutustu valmistajan ohjeisiin ja huolto-ohjelmaan. Ennakoivien toimenpiteiden toteuttaminen voi auttaa minimoimaan mahdolliset ongelmat ja yll\u00e4pit\u00e4m\u00e4\u00e4n optimaalisen suorituskyvyn.<\/p>\n<p><img decoding=\"async\" src=\"https:\/\/www.hydraulic-cylinders.net\/wp-content\/uploads\/2025\/04\/songte-bushings-with-all-kinds-of-excavator-models.webp\" alt=\"Kaivinkonemallien holkit\"><\/p>\n<h2>Yrityksen yleiskatsaus<\/h2>\n<p>Olemme johtava hydraulisylinterien valmistaja, joka on erikoistunut varaosien tuotantoon. Laaja tuotevalikoimamme on tehnyt meist\u00e4 yhden johtavista valmistajista ja tukkukauppiaista sek\u00e4 kotimaisilla ett\u00e4 kansainv\u00e4lisill\u00e4 markkinoilla. Sitoudumme huippuosaamiseen ja luotamme hienostuneeseen tuotannonohjausstrategiaan tuotantolaitoksissamme. Yrityksemme parantaa jatkuvasti tuotantokapasiteettiamme k\u00e4ytt\u00e4m\u00e4ll\u00e4 ammattitaitoista teknist\u00e4 henkil\u00f6st\u00f6\u00e4, edistyneit\u00e4 digitaalisia valmistuslaitteita ja ammattimaisia \u200b\u200btestausj\u00e4rjestelmi\u00e4. Keskittymisemme korkeaan tehokkuuteen, tarkkuuteen ja laatuun antaa meille mahdollisuuden vastata monipuolisiin asiakasvaatimuksiin.<\/p>\n<p><img decoding=\"async\" src=\"https:\/\/www.hydraulic-cylinders.net\/wp-content\/uploads\/2025\/04\/songte-company-4.webp\" alt=\"Yrityksen yleiskatsaus\"><br \/>\n<img decoding=\"async\" src=\"https:\/\/www.hydraulic-cylinders.net\/wp-content\/uploads\/2025\/04\/songte-company-3.webp\" alt=\"Yrityksen tilat\"><\/p>\n<p>Sitoutumisemme ammattimaisuuteen n\u00e4kyy kansainv\u00e4listen sertifikaattien noudattamisessa ja r\u00e4\u00e4t\u00e4l\u00f6ityjen palveluiden tarjoamisessa asiakkaiden erityistarpeisiin. Huippuluokan tuotantolaitteistomme mahdollistavat korkealaatuisten tuotteiden valmistamisen, ja j\u00e4lkimarkkinointipalvelumme varmistaa asiakastyytyv\u00e4isyyden ja -tuen.<\/p>\n<p>Kirjoittaja: lyl<\/p>","protected":false},"excerpt":{"rendered":"<p>Boom Cylinder For Lovol Small Excavator FR80G Introduction to Boom Cylinders The Boom Cylinder for Lovol Small Excavator FR80G is a critical component in hydraulic systems that control the movement of the excavator&#8217;s boom. This hydraulic cylinder specifically enables the lifting, lowering, and tilting of the boom, making it essential for efficient material handling tasks. [&hellip;]<\/p>","protected":false},"featured_media":17867,"comment_status":"open","ping_status":"closed","template":"","meta":{"_et_pb_use_builder":"","_et_pb_old_content":"","_et_gb_content_width":""},"product_brand":[],"product_cat":[1546],"product_tag":[1547,1496],"class_list":{"0":"post-19272","1":"product","2":"type-product","3":"status-publish","4":"has-post-thumbnail","6":"product_cat-boom-cylinders","7":"product_tag-boom-cylinders","8":"product_tag-hydraulic-cylinders","10":"first","11":"instock","12":"shipping-taxable","13":"product-type-simple"},"amp_enabled":true,"_links":{"self":[{"href":"https:\/\/www.hydraulic-cylinders.net\/fi\/wp-json\/wp\/v2\/product\/19272","targetHints":{"allow":["GET"]}}],"collection":[{"href":"https:\/\/www.hydraulic-cylinders.net\/fi\/wp-json\/wp\/v2\/product"}],"about":[{"href":"https:\/\/www.hydraulic-cylinders.net\/fi\/wp-json\/wp\/v2\/types\/product"}],"replies":[{"embeddable":true,"href":"https:\/\/www.hydraulic-cylinders.net\/fi\/wp-json\/wp\/v2\/comments?post=19272"}],"wp:featuredmedia":[{"embeddable":true,"href":"https:\/\/www.hydraulic-cylinders.net\/fi\/wp-json\/wp\/v2\/media\/17867"}],"wp:attachment":[{"href":"https:\/\/www.hydraulic-cylinders.net\/fi\/wp-json\/wp\/v2\/media?parent=19272"}],"wp:term":[{"taxonomy":"product_brand","embeddable":true,"href":"https:\/\/www.hydraulic-cylinders.net\/fi\/wp-json\/wp\/v2\/product_brand?post=19272"},{"taxonomy":"product_cat","embeddable":true,"href":"https:\/\/www.hydraulic-cylinders.net\/fi\/wp-json\/wp\/v2\/product_cat?post=19272"},{"taxonomy":"product_tag","embeddable":true,"href":"https:\/\/www.hydraulic-cylinders.net\/fi\/wp-json\/wp\/v2\/product_tag?post=19272"}],"curies":[{"name":"wp","href":"https:\/\/api.w.org\/{rel}","templated":true}]}}