{"id":19297,"date":"2025-04-07T06:25:38","date_gmt":"2025-04-07T06:25:38","guid":{"rendered":"https:\/\/www.hydraulic-cylinders.net\/product\/boom-cylinder-for-liugong-middle-excavator-clg920-920d\/"},"modified":"2025-04-07T06:25:40","modified_gmt":"2025-04-07T06:25:40","slug":"boom-cylinder-for-liugong-middle-excavator-clg920-920d","status":"publish","type":"product","link":"https:\/\/www.hydraulic-cylinders.net\/fi\/tuote\/boom-cylinder-for-liugong-middle-excavator-clg920-920d\/","title":{"rendered":"Puomin sylinteri Liugong-keskikaivukoneelle CLG920\/920D"},"content":{"rendered":"<h1>Puomin sylinteri Liugong-keskikaivukoneelle CLG920\/920D<\/h1>\n<h2>Tuotteen yleiskatsaus<\/h2>\n<p>Liugong CLG920\/920D -kaivukoneen puomin sylinteri on t\u00e4rke\u00e4 hydraulinen komponentti, joka on suunniteltu ohjaamaan puomin liikett\u00e4 erilaisissa raskaissa koneissa, erityisesti kaivinkoneissa. T\u00e4m\u00e4 hydraulinen sylinteri mahdollistaa puomin nostamisen, laskemisen ja kallistuksen, mik\u00e4 helpottaa tehokkaita materiaalink\u00e4sittelyteht\u00e4vi\u00e4. Erikoishydraulisylinterin\u00e4 sill\u00e4 on t\u00e4rke\u00e4 rooli tarkkojen liikkeiden varmistamisessa, mik\u00e4 parantaa sen laitteen yleist\u00e4 toiminnan tehokkuutta, johon se on asennettu.<\/p>\n<p><img decoding=\"async\" src=\"https:\/\/www.hydraulic-cylinders.net\/wp-content\/uploads\/2025\/04\/songte-company-1.webp\" alt=\"Puomin sylinterin kuva\"><\/p>\n<h3>M\u00e4\u00e4ritelm\u00e4 ja toiminnallisuus<\/h3>\n<p>Kauhasylinteri, jota yleisesti kutsutaan puomisylinteriksi, on olennainen osa raskaissa koneissa k\u00e4ytett\u00e4vi\u00e4 hydraulij\u00e4rjestelmi\u00e4. Sen ensisijainen teht\u00e4v\u00e4 on ohjata koneen puomin liikerataa ja kulmaa, mik\u00e4 mahdollistaa erilaisia \u200b\u200btoimintoja, kuten kaivamisen, nostamisen ja materiaalien kuljettamisen. K\u00e4ytt\u00e4m\u00e4ll\u00e4 paineistettua hydrauli\u00f6ljy\u00e4 sylinteri saavuttaa tasaisen pidennyksen ja sis\u00e4\u00e4nvedon, mik\u00e4 varmistaa, ett\u00e4 puomi toimii tehokkaasti vaihtelevissa kuormissa ja olosuhteissa. Puomisylinterin suunnittelussa on otettu huomioon sellaiset tekij\u00e4t kuin kuormankantokyky, tiiviys ja kest\u00e4vyys, mik\u00e4 tekee siit\u00e4 kriittisen osan koneen toiminnassa.<\/p>\n<h2>Puomin sylinterin ominaisuudet<\/h2>\n<ul>\n<li><strong>Korkea lujuus ja kest\u00e4vyys:<\/strong> Valmistettu eritt\u00e4in lujasta ter\u00e4ksest\u00e4 tai alumiinista, kest\u00e4\u00e4 korkeaa painetta ja raskaita kuormia, sopii vaativiin ty\u00f6ymp\u00e4rist\u00f6ihin, suunniteltu kulutusta ja korroosiota kest\u00e4v\u00e4ksi k\u00e4ytt\u00f6i\u00e4n pident\u00e4miseksi.<\/li>\n<li><strong>Tehokas hydraulinen k\u00e4ytt\u00f6:<\/strong> K\u00e4ytt\u00e4\u00e4 hydrauli\u00f6ljyn painetta sujuvaan ulosvetoon ja sis\u00e4\u00e4nvetoon, reagoi nopeasti k\u00e4ytt\u00f6komentoihin ja tarjoaa tehokkaan ty\u00f6nt\u00f6- ja vetovoiman, joka sopii erinomaisesti raskaiden esineiden k\u00e4sittelyyn ja monimutkaisiin teht\u00e4viin.<\/li>\n<li><strong>Erilaisia \u200b\u200btyyppej\u00e4:<\/strong> Saatavilla yksitoimisina (hydraulisesti yhteen suuntaan) tai kaksitoimisina (hydraulisesti molempiin suuntiin) sylinterein\u00e4 erilaisiin k\u00e4ytt\u00f6tarpeisiin. Jotkut mallit ovat teleskooppisia, mik\u00e4 mahdollistaa suuremman jatkeen ilman ulkomittojen kasvua, mik\u00e4 sopii t\u00e4ydellisesti ahtaisiin sovelluksiin.<\/li>\n<li><strong>Monipuolinen yhteensopivuus:<\/strong> Yhteensopiva useiden kaivinkonemallien kanssa, mik\u00e4 varmistaa saumattoman integroinnin erilaisiin konekokoonpanoihin.<\/li>\n<li><strong>Kest\u00e4v\u00e4 muotoilu:<\/strong> Suunniteltu eritt\u00e4in huolellisesti yksityiskohtia my\u00f6ten, mik\u00e4 varmistaa luotettavuuden ja tasaisen suorituskyvyn vaativissa ymp\u00e4rist\u00f6iss\u00e4.<\/li>\n<\/ul>\n<h2>Valmistuskyvyt<\/h2>\n<p>Olemme erikoistuneet puomisylinterien valmistukseen, mik\u00e4 varmistaa, ett\u00e4 tuotteemme korvaavat t\u00e4ydellisesti olemassa olevat hydraulisylinterit. Valmistusprosessimme painottaa laatua ja tarkkuutta varmistaen, ett\u00e4 jokainen sylinteri t\u00e4ytt\u00e4\u00e4 alan standardit ja asiakkaiden odotukset.<\/p>\n<p><img decoding=\"async\" src=\"https:\/\/www.hydraulic-cylinders.net\/wp-content\/uploads\/2025\/04\/songte-cylinder-head-with-all-kinds-excavator-models.webp\" alt=\"Sylinterikannen kuva\"><\/p>\n<h2>Puomisylinterin sovellukset<\/h2>\n<h3>Rakennuslaitteet<\/h3>\n<p>Kaivinkoneissa puomisylinterit ovat v\u00e4ltt\u00e4m\u00e4tt\u00f6mi\u00e4 kaivamiseen, lastaamiseen ja maaper\u00e4n tai roskien siirt\u00e4miseen. Ne mahdollistavat kaivinkoneen liikkeiden tehokkaan k\u00e4yt\u00f6n ja hallinnan, mik\u00e4 mahdollistaa tarkan kaivamisen ja materiaalin k\u00e4sittelyn. Puomisylinterin kyky laajentua ja supistua tasaisesti tekee siit\u00e4 v\u00e4ltt\u00e4m\u00e4tt\u00f6m\u00e4n rakennusteht\u00e4viss\u00e4.<\/p>\n<h3>Maatalouskoneet<\/h3>\n<p>Etukuormaajissa puomisylintereit\u00e4 k\u00e4ytet\u00e4\u00e4n maan, hein\u00e4n ja muiden materiaalien kauhaukseen, nostamiseen ja kuljettamiseen. Niiden kest\u00e4v\u00e4 rakenne mahdollistaa maatalousteht\u00e4viss\u00e4 vaadittavan raskaan nostamisen, mik\u00e4 parantaa tuottavuutta ja tehokkuutta erilaisissa maataloustoiminnoissa.<\/p>\n<h3>Kaivinkoneet<\/h3>\n<p>Kaivinkoneissa puomin sylinteri helpottaa kaivut\u00f6it\u00e4 mahdollistamalla kauhan tehokkaan tunkeutumisen maaper\u00e4\u00e4n. T\u00e4m\u00e4 toiminto on ratkaisevan t\u00e4rke\u00e4 erilaisissa kaivut\u00f6iss\u00e4, sill\u00e4 se varmistaa, ett\u00e4 kone toimii optimaalisesti erilaisissa maastoissa ja olosuhteissa.<\/p>\n<h3>Kuormaajat<\/h3>\n<p>Etukuormaajissa puomin sylinterit auttavat kuormien tehokkaassa nostamisessa ja tyhjent\u00e4misess\u00e4. Niiden rakenne mahdollistaa nopeat ja hallitut liikkeet, mik\u00e4 parantaa lastaustoimintojen tuottavuutta.<\/p>\n<h2>Suunnittelun\u00e4k\u00f6kohdat ja valintakriteerit<\/h2>\n<h3>Kantavuus<\/h3>\n<p>Puomisylinterin kuormankantokyky on kriittinen tekij\u00e4 sen suunnittelussa. Sen on kyett\u00e4v\u00e4 tukemaan kaivinkoneen k\u00e4sittelem\u00e4\u00e4 enimm\u00e4ispainoa ilman vikaantumista. Insin\u00f6\u00f6rit ottavat huomioon k\u00e4ytetyt materiaalit, rakennusprosessin ja turvamarginaalit varmistaakseen, ett\u00e4 sylinteri kest\u00e4\u00e4 toimia \u00e4\u00e4rimm\u00e4isiss\u00e4 olosuhteissa.<\/p>\n<h3>Tiivistyskyky<\/h3>\n<p>Tehokas tiivistys on elint\u00e4rke\u00e4\u00e4 sylinterin hydraulipaineen yll\u00e4pit\u00e4miseksi ja vuotojen est\u00e4miseksi. Pitk\u00e4kestoisen suorituskyvyn varmistamiseksi on k\u00e4ytett\u00e4v\u00e4 kest\u00e4vist\u00e4 materiaaleista valmistettuja korkealaatuisia tiivisteit\u00e4. Asianmukainen tiivistys minimoi my\u00f6s huoltotarpeet ja parantaa hydraulij\u00e4rjestelm\u00e4n luotettavuutta.<\/p>\n<h3>Kest\u00e4vyys<\/h3>\n<p>Materiaalit ja valmistusprosessit vaikuttavat merkitt\u00e4v\u00e4sti puomisylinterin kest\u00e4vyyteen. Sen on kestett\u00e4v\u00e4 kulumista jatkuvassa k\u00e4yt\u00f6ss\u00e4 haastavissa ymp\u00e4rist\u00f6iss\u00e4. Siksi valmistajat valitsevat usein eritt\u00e4in lujia materiaaleja, jotka tarjoavat erinomaisen hankauksen- ja korroosionkest\u00e4vyyden.<\/p>\n<h3>Turvaominaisuudet<\/h3>\n<p>Turvallisuus on ensiarvoisen t\u00e4rke\u00e4\u00e4 hydraulisylintereiss\u00e4. Suunnittelussa on otettava huomioon ominaisuudet, jotka est\u00e4v\u00e4t vahingossa ylikuormituksen ja sylinterin rikkoutumisen. Paineenalennusventtiilien ja turvalukkojen k\u00e4ytt\u00f6\u00f6notto voi parantaa merkitt\u00e4v\u00e4sti n\u00e4ill\u00e4 sylintereill\u00e4 toimivien koneiden turvallisuutta.<\/p>\n<h3>Huolto Esteett\u00f6myys<\/h3>\n<p>Puomisylinterin suunnittelussa on ratkaisevan t\u00e4rke\u00e4\u00e4 ottaa huomioon sen huoltotarpeet. Sen tulisi olla helposti tarkastettavissa ja huollettavissa pitk\u00e4n k\u00e4ytt\u00f6i\u00e4n varmistamiseksi. Ominaisuudet, kuten helposti saavutettavat voitelupisteet ja standardoidut komponentit, voivat helpottaa s\u00e4\u00e4nn\u00f6llisi\u00e4 huoltoteht\u00e4vi\u00e4 ja minimoida seisokkiajat.<\/p>\n<p><img decoding=\"async\" src=\"https:\/\/www.hydraulic-cylinders.net\/wp-content\/uploads\/2025\/04\/songte-oil-pipes-and-spare-parts.webp\" alt=\"\u00d6ljyputket ja varaosat -kuva\"><\/p>\n<h2>Tiivistys ja voitelu<\/h2>\n<p>Hydraulisylinterien eheys riippuu suuresti tehokkaista tiivistys- ja voiteluk\u00e4yt\u00e4nn\u00f6ist\u00e4. Paineen yll\u00e4pit\u00e4miseen ja nestevuotojen est\u00e4miseen k\u00e4ytet\u00e4\u00e4n erilaisia \u200b\u200btiivistyskomponentteja, kuten m\u00e4nn\u00e4ntiivisteit\u00e4 ja varren tiivisteit\u00e4. Polyuretaanista tai nitriilikumista valmistettuja tiivisteit\u00e4 k\u00e4ytet\u00e4\u00e4n usein niiden kulutuskest\u00e4vyyden vuoksi. Lis\u00e4ksi sylinterin runko ja kierteitetyt p\u00e4\u00e4typinnat on hienosti k\u00e4sitelty kulutuskest\u00e4vyyden parantamiseksi. S\u00e4\u00e4nn\u00f6llinen voitelu sopivalla hydrauli\u00f6ljyll\u00e4 on v\u00e4ltt\u00e4m\u00e4t\u00f6nt\u00e4 sylinterin sujuvan toiminnan ja pitk\u00e4ik\u00e4isyyden varmistamiseksi, liikkuvien osien kulumisen est\u00e4miseksi ja tehokkuuden yll\u00e4pit\u00e4miseksi.<\/p>\n<h2>Ennaltaehk\u00e4isev\u00e4t huoltotoimenpiteet<\/h2>\n<ul>\n<li><strong>S\u00e4\u00e4nn\u00f6lliset tarkastukset:<\/strong> Rutiininomaisten tarkastusten suorittaminen mahdollisten ongelmien tunnistamiseksi ennen niiden pahenemista on ratkaisevan t\u00e4rke\u00e4\u00e4. Etsi kulumisen tai vaurioiden merkkej\u00e4, erityisesti tiivisteiden ja liitoskohtien ymp\u00e4rilt\u00e4.<\/li>\n<li><strong>Asianmukainen voitelu:<\/strong> Riitt\u00e4v\u00e4n hydrauliikka\u00f6ljyn tason ja oikean voitelun varmistaminen voi est\u00e4\u00e4 tarpeetonta kulumista.<\/li>\n<li><strong>Tiivisteen vaihto:<\/strong> Tiivisteiden s\u00e4\u00e4nn\u00f6llinen tarkastus ja vaihto tarpeen mukaan voi est\u00e4\u00e4 vuotoja ja yll\u00e4pit\u00e4\u00e4 hydraulij\u00e4rjestelm\u00e4n tehokkuutta.<\/li>\n<\/ul>\n<h2>Asennusohjeet<\/h2>\n<p>Puomisylinterin oikea asennus on v\u00e4ltt\u00e4m\u00e4t\u00f6nt\u00e4 optimaalisen suorituskyvyn saavuttamiseksi. Aloita varmistamalla, ett\u00e4 kiinnityspinnat ovat puhtaat ja roskattomat. Kohdista sylinteri tarkasti koneen kiinnityspisteisiin v\u00e4ltt\u00e4\u00e4ksesi tarpeettoman rasituksen. K\u00e4yt\u00e4 sopivia kiinnityskorvakkeita sylinterin kiinnitt\u00e4miseen paikalleen ja varmista, ett\u00e4 se on tukevasti kiinnitetty. Asennuksen j\u00e4lkeen tarkista oikea kohdistus ja s\u00e4\u00e4d\u00e4 tarvittaessa sujuvan liikkeen saavuttamiseksi. On t\u00e4rke\u00e4\u00e4 noudattaa valmistajan ohjeita v\u00e4\u00e4nt\u00f6momenttiasetuksista ja hydrauliliit\u00e4nn\u00f6ist\u00e4 turvallisen ja tehokkaan asennuksen varmistamiseksi.<\/p>\n<h2>Yleiset huoltoteht\u00e4v\u00e4t<\/h2>\n<h3>S\u00e4\u00e4nn\u00f6lliset tarkastukset<\/h3>\n<p>S\u00e4\u00e4nn\u00f6llisten tarkastusten suorittaminen on elint\u00e4rke\u00e4\u00e4 puomin sylinterin toiminnan yll\u00e4pit\u00e4miseksi. T\u00e4h\u00e4n sis\u00e4ltyy sylinterin kulumisen tai vaurioiden varalta tarkastaminen, kaikkien liitosten tiukkuuden varmistaminen ja hydraulinesteen riitt\u00e4vien tasojen varmistaminen.<\/p>\n<h3>Oikea voitelu<\/h3>\n<p>Puomisylinterin riitt\u00e4v\u00e4 voitelu on ratkaisevan t\u00e4rke\u00e4\u00e4 sen pitk\u00e4n k\u00e4ytt\u00f6i\u00e4n kannalta. Tarkista voitelukohdat s\u00e4\u00e4nn\u00f6llisesti ja k\u00e4yt\u00e4 suositeltua hydrauliikka\u00f6ljy\u00e4 liikkuvien osien kitkan ja kulumisen minimoimiseksi. T\u00e4m\u00e4 auttaa my\u00f6s yll\u00e4pit\u00e4m\u00e4\u00e4n hydrauliikkaj\u00e4rjestelm\u00e4n tehokkuutta.<\/p>\n<h3>Tiivisteiden vaihto ja kalibrointitarkastukset<\/h3>\n<p>Kuluneiden tiivisteiden s\u00e4\u00e4nn\u00f6llinen vaihtaminen ja kalibrointitarkastusten suorittaminen on t\u00e4rke\u00e4\u00e4 vuotojen est\u00e4miseksi ja tehokkuuden yll\u00e4pit\u00e4miseksi. Sylinterin toiminnan tarkka seuranta auttaa tunnistamaan n\u00e4iden teht\u00e4vien tarpeen ja varmistamaan, ett\u00e4 laitteet toimivat optimaalisesti.<\/p>\n<p><img decoding=\"async\" src=\"https:\/\/www.hydraulic-cylinders.net\/wp-content\/uploads\/2025\/04\/songte-chushion-collar.webp\" alt=\"Chushion-kauluksen kuva\"><\/p>\n<h2>Turvallisuusn\u00e4k\u00f6kohdat ja ymp\u00e4rist\u00f6tekij\u00e4t<\/h2>\n<p>Hydraulisylintereit\u00e4 k\u00e4ytett\u00e4ess\u00e4 on eritt\u00e4in t\u00e4rke\u00e4\u00e4 asettaa turvallisuustoimenpiteet etusijalle. K\u00e4ytt\u00e4j\u00e4t tulee kouluttaa puomisylintereill\u00e4 varustettujen koneiden asianmukaiseen k\u00e4sittelyyn ja k\u00e4ytt\u00f6\u00f6n onnettomuuksien v\u00e4ltt\u00e4miseksi. Lis\u00e4ksi puhtaan ja j\u00e4rjestelm\u00e4llisen ty\u00f6ymp\u00e4rist\u00f6n yll\u00e4pit\u00e4minen voi auttaa v\u00e4hent\u00e4m\u00e4\u00e4n hydraulinesteen vuotoihin liittyvien ymp\u00e4rist\u00f6vaarojen riski\u00e4.<\/p>\n<h2>Vianm\u00e4\u00e4ritys ja yleiset ongelmat<\/h2>\n<ul>\n<li><strong>Hydrauli\u00f6ljyvuodot:<\/strong> T\u00e4m\u00e4 johtuu usein kuluneista tiivisteist\u00e4 tai viallisista liitoksista. S\u00e4\u00e4nn\u00f6lliset tarkastukset voivat auttaa havaitsemaan vuodot varhaisessa vaiheessa, mik\u00e4 mahdollistaa oikea-aikaiset korjaukset.<\/li>\n<li><strong>Huono suorituskyky:<\/strong> Jos puomin sylinteri ei reagoi odotetulla tavalla, se voi viitata alhaiseen hydrauliikka\u00f6ljyn tasoon tai ilmaan hydraulij\u00e4rjestelm\u00e4ss\u00e4. Nestetasojen tarkistaminen ja j\u00e4rjestelm\u00e4n ilmaaminen voivat ratkaista n\u00e4m\u00e4 ongelmat.<\/li>\n<li><strong>Ylikuumeneminen:<\/strong> Sylinterin ylikuormitus voi aiheuttaa liiallista kuumenemista. Ylikuumenemisen est\u00e4miseksi on t\u00e4rke\u00e4\u00e4 varmistaa, ettei sylinteri\u00e4 kuormiteta yli sen kapasiteetin.<\/li>\n<\/ul>\n<p>Vikojen tehokkaaksi diagnosoimiseksi ja korjaamiseksi k\u00e4ytt\u00e4jien tulee seurata tarkasti puomin sylinterin suorituskyky\u00e4. S\u00e4\u00e4nn\u00f6llisen huolto-ohjelman laatiminen voi auttaa tunnistamaan ja ratkaisemaan ongelmat ennen kuin niist\u00e4 tulee kriittisi\u00e4.<\/p>\n<p><img decoding=\"async\" src=\"https:\/\/www.hydraulic-cylinders.net\/wp-content\/uploads\/2025\/04\/songte-bushings-with-all-kinds-of-excavator-models.webp\" alt=\"Holkit Kuva\"><\/p>\n<h2>Tietoa yrityksest\u00e4mme<\/h2>\n<p>Olemme johtava hydraulisylintereiden valmistaja ja tukkumyyj\u00e4, joka tarjoaa kattavan valikoiman tuotteita sek\u00e4 kotimaisilla ett\u00e4 kansainv\u00e4lisill\u00e4 markkinoilla. Sitoutumisemme erinomaiseen laatuun taataan hienostuneilla valmistusprosesseillamme ja tiukoilla laadunvalvontatoimenpiteill\u00e4mme. K\u00e4yt\u00e4mme edistyneit\u00e4 digitaalisia valmistuslaitteita ja erikoistuneita testausj\u00e4rjestelmi\u00e4 parantaaksemme jatkuvasti tuotantokapasiteettiamme. Omistautunut teknisten asiantuntijoiden tiimimme varmistaa, ett\u00e4 t\u00e4yt\u00e4mme monipuoliset asiakastarpeet tehokkaasti ja tarkasti.<\/p>\n<p><img decoding=\"async\" src=\"https:\/\/www.hydraulic-cylinders.net\/wp-content\/uploads\/2025\/04\/songte-company-4.webp\" alt=\"Yrityksen imago\"><br \/>\n<img decoding=\"async\" src=\"https:\/\/www.hydraulic-cylinders.net\/wp-content\/uploads\/2025\/04\/songte-company-3.webp\" alt=\"Yrityksen imago\"><\/p>\n<p>Keskittymisemme ammattitaitoon, kansainv\u00e4lisiin sertifiointeihin, r\u00e4\u00e4t\u00e4l\u00f6ityihin palveluihin, edistyneisiin tuotantolaitteisiin ja poikkeukselliseen j\u00e4lkimarkkinointitukeen erottaa meid\u00e4t toimialalla ja tekee meist\u00e4 luotettavan kumppanisi hydrauliikkaratkaisuissa.<\/p>\n<p>Kirjoittaja: lyl<\/p>","protected":false},"excerpt":{"rendered":"<p>Boom Cylinder For Liugong Middle Excavator CLG920\/920D Product Overview The Boom Cylinder for Liugong Middle Excavator CLG920\/920D is a crucial hydraulic component designed to control the movement of the boom in various heavy machinery, particularly excavators. This hydraulic cylinder enables the boom to raise, lower, and tilt, facilitating efficient material handling tasks. As a specialized [&hellip;]<\/p>","protected":false},"featured_media":17877,"comment_status":"open","ping_status":"closed","template":"","meta":{"_et_pb_use_builder":"","_et_pb_old_content":"","_et_gb_content_width":""},"product_brand":[],"product_cat":[1546],"product_tag":[1547,1496],"class_list":{"0":"post-19297","1":"product","2":"type-product","3":"status-publish","4":"has-post-thumbnail","6":"product_cat-boom-cylinders","7":"product_tag-boom-cylinders","8":"product_tag-hydraulic-cylinders","10":"first","11":"instock","12":"shipping-taxable","13":"product-type-simple"},"amp_enabled":true,"_links":{"self":[{"href":"https:\/\/www.hydraulic-cylinders.net\/fi\/wp-json\/wp\/v2\/product\/19297","targetHints":{"allow":["GET"]}}],"collection":[{"href":"https:\/\/www.hydraulic-cylinders.net\/fi\/wp-json\/wp\/v2\/product"}],"about":[{"href":"https:\/\/www.hydraulic-cylinders.net\/fi\/wp-json\/wp\/v2\/types\/product"}],"replies":[{"embeddable":true,"href":"https:\/\/www.hydraulic-cylinders.net\/fi\/wp-json\/wp\/v2\/comments?post=19297"}],"wp:featuredmedia":[{"embeddable":true,"href":"https:\/\/www.hydraulic-cylinders.net\/fi\/wp-json\/wp\/v2\/media\/17877"}],"wp:attachment":[{"href":"https:\/\/www.hydraulic-cylinders.net\/fi\/wp-json\/wp\/v2\/media?parent=19297"}],"wp:term":[{"taxonomy":"product_brand","embeddable":true,"href":"https:\/\/www.hydraulic-cylinders.net\/fi\/wp-json\/wp\/v2\/product_brand?post=19297"},{"taxonomy":"product_cat","embeddable":true,"href":"https:\/\/www.hydraulic-cylinders.net\/fi\/wp-json\/wp\/v2\/product_cat?post=19297"},{"taxonomy":"product_tag","embeddable":true,"href":"https:\/\/www.hydraulic-cylinders.net\/fi\/wp-json\/wp\/v2\/product_tag?post=19297"}],"curies":[{"name":"wp","href":"https:\/\/api.w.org\/{rel}","templated":true}]}}