{"id":19313,"date":"2025-04-07T06:26:31","date_gmt":"2025-04-07T06:26:31","guid":{"rendered":"https:\/\/www.hydraulic-cylinders.net\/product\/boom-cylinder-for-xgma-small-excavator-xg815el\/"},"modified":"2025-04-07T06:26:33","modified_gmt":"2025-04-07T06:26:33","slug":"boom-cylinder-for-xgma-small-excavator-xg815el","status":"publish","type":"product","link":"https:\/\/www.hydraulic-cylinders.net\/fi\/tuote\/boom-cylinder-for-xgma-small-excavator-xg815el\/","title":{"rendered":"Puomin sylinteri XGMA-pienkaivukoneelle XG815EL"},"content":{"rendered":"<h1>Puomin sylinteri XGMA-pienkaivukoneelle XG815EL<\/h1>\n<h2>Tuotteen yleiskatsaus<\/h2>\n<p>XGMA-pienkaivukoneen XG815EL puomin sylinteri on kriittinen komponentti hydraulij\u00e4rjestelmiss\u00e4, joka parantaa erilaisten raskaiden koneiden toimivuutta. T\u00e4m\u00e4 hydraulisylinteri on erityisesti suunniteltu ohjaamaan kauhan liikett\u00e4 kaivinkoneissa, traktorikaivureissa ja etukuormaajissa, mik\u00e4 mahdollistaa kauhan tehokkaan nostamisen, laskemisen ja kallistuksen. T\u00e4m\u00e4 toiminto on v\u00e4ltt\u00e4m\u00e4t\u00f6n materiaalink\u00e4sittelyteht\u00e4viss\u00e4, sill\u00e4 se varmistaa, ett\u00e4 kuljettajat voivat suorittaa kaivu-, lastaus- ja kuljetustoimintoja tarkasti.<\/p>\n<p><img decoding=\"async\" src=\"https:\/\/www.hydraulic-cylinders.net\/wp-content\/uploads\/2025\/04\/songte-company-1.webp\" alt=\"Kaivinkoneen puomin sylinteri\" \/><\/p>\n<h3>Kauhan sylinterin m\u00e4\u00e4ritelm\u00e4 ja toiminta<\/h3>\n<p>Kauhasylinteri on hydraulinen sylinterityyppi, jolla on t\u00e4rke\u00e4 rooli raskaiden koneiden k\u00e4yt\u00f6ss\u00e4. Muuntamalla hydraulisen paineen mekaaniseksi voimaksi n\u00e4m\u00e4 sylinterit mahdollistavat kaivinkoneen kauhan tasaiset ja hallitut liikkeet. T\u00e4m\u00e4 mekanismi on v\u00e4ltt\u00e4m\u00e4t\u00f6n useissa sovelluksissa, yksinkertaisista nostoteht\u00e4vist\u00e4 monimutkaisiin kaivut\u00f6ihin. Kyky nostaa raskaita kuormia samalla kun se tarjoaa vakautta ja hallintaa, tekee kauhasylinterist\u00e4 korvaamattoman osan rakennus- ja maatalouskoneissa.<\/p>\n<h2>Tuotteen ominaisuudet<\/h2>\n<ul>\n<li><strong>Korkea lujuus ja kest\u00e4vyys:<\/strong> Eritt\u00e4in lujasta ter\u00e4ksest\u00e4 tai alumiinista valmistettu puomisylinterimme kest\u00e4\u00e4 korkeaa painetta ja raskaita kuormia, joten se sopii vaativiin ty\u00f6ymp\u00e4rist\u00f6ihin. Sen rakenne yhdist\u00e4\u00e4 kulutuskest\u00e4vyyden ja korroosiosuojauksen, mik\u00e4 pident\u00e4\u00e4 sen k\u00e4ytt\u00f6ik\u00e4\u00e4.<\/li>\n<li><strong>Tehokas hydraulinen k\u00e4ytt\u00f6:<\/strong> Puomin sylinteri hy\u00f6dynt\u00e4\u00e4 hydrauli\u00f6ljyn painetta tasaisen pidennyksen ja sis\u00e4\u00e4nvedon aikaansaamiseksi, reagoi nopeasti k\u00e4ytt\u00e4j\u00e4n komentoihin ja tarjoaa huomattavan ty\u00f6nt\u00f6- ja vetovoiman, mik\u00e4 sopii erinomaisesti raskaiden ja monimutkaisten teht\u00e4vien k\u00e4sittelyyn.<\/li>\n<li><strong>Erilaisia \u200b\u200btyyppej\u00e4:<\/strong> Sylinterimme ovat saatavilla yksitoimisina (toimii yhteen suuntaan) tai kaksitoimisina (toimii molempiin suuntiin), ja ne voidaan r\u00e4\u00e4t\u00e4l\u00f6id\u00e4 vastaamaan erilaisiin k\u00e4ytt\u00f6vaatimuksiin. Joissakin malleissa on teleskooppirakenne, joka mahdollistaa suuremman jatkeen ilman ulkomittojen kasvua, mik\u00e4 sopii t\u00e4ydellisesti ahtaisiin tiloihin.<\/li>\n<li><strong>R\u00e4\u00e4t\u00e4l\u00f6ity tuotanto:<\/strong> Pystymme valmistamaan t\u00e4t\u00e4 tuotetta varmistaen, ett\u00e4 hydraulisylinterimme ovat t\u00e4ydellisi\u00e4 korvaajia olemassa oleville malleille ja t\u00e4ytt\u00e4v\u00e4t korkeat suorituskyky- ja luotettavuusstandardit.<\/li>\n<li><strong>Kattava tuki:<\/strong> Tiimimme tarjoaa laaja-alaista tukea ja ohjausta koko valinta- ja asennusprosessin ajan varmistaen puomisylinterin optimaalisen suorituskyvyn ja pitk\u00e4n k\u00e4ytt\u00f6i\u00e4n.<\/li>\n<\/ul>\n<p><img decoding=\"async\" src=\"https:\/\/www.hydraulic-cylinders.net\/wp-content\/uploads\/2025\/04\/songte-cylinder-head-with-all-kinds-excavator-models.webp\" alt=\"Kaivinkonemallit\" \/><\/p>\n<h2>Sovellusskenaariot<\/h2>\n<h3>Rakennuslaitteet<\/h3>\n<p>Kaivinkoneissa puomin sylinteri on olennainen osa konetta, joka mahdollistaa tehokkaan kaivamisen, lastaamisen ja maaper\u00e4n tai roskien siirt\u00e4misen. Kaivurikuormaajissa kauhan sylinteri paitsi helpottaa kaivamista my\u00f6s avustaa nostotoiminnoissa, mik\u00e4 mahdollistaa monipuolisen k\u00e4yt\u00f6n rakennusty\u00f6mailla.<\/p>\n<h3>Maatalouskoneet<\/h3>\n<p>Etukuormaajissa puomin sylinteri on v\u00e4ltt\u00e4m\u00e4t\u00f6n maaper\u00e4n, hein\u00e4n ja muiden materiaalien kaivamiseen, nostamiseen ja kuljettamiseen. T\u00e4m\u00e4 hydraulinen komponentti antaa viljelij\u00f6ille mahdollisuuden parantaa tuottavuutta suorittamalla teht\u00e4vi\u00e4, jotka vaativat merkitt\u00e4v\u00e4\u00e4 nostovoimaa.<\/p>\n<h3>Kaivinkoneet<\/h3>\n<p>Kauhasylinterin ansiosta kaivinkoneen kauha tunkeutuu tehokkaasti maahan, mik\u00e4 mahdollistaa maan kaivamisen helposti. Se tukee erilaisia \u200b\u200bkaivusyvyyksi\u00e4 ja -kulmia, mik\u00e4 parantaa koneen yleist\u00e4 suorituskyky\u00e4.<\/p>\n<h3>Kuormaajat<\/h3>\n<p>Etukuormaajissa puomin sylinteri auttaa kuormien tehokkaassa nostamisessa ja tyhjent\u00e4misess\u00e4. Se tarjoaa tarvittavan voiman materiaalien tyhjent\u00e4miseen korkealla, mik\u00e4 on ratkaisevan t\u00e4rke\u00e4\u00e4 rakennus- ja maisemointit\u00f6iss\u00e4.<\/p>\n<h2>Suunnittelun\u00e4k\u00f6kohdat ja valintakriteerit<\/h2>\n<h3>Kantavuus<\/h3>\n<p>Puomisylinteri\u00e4 valittaessa kuormituskapasiteetti on ensiarvoisen t\u00e4rke\u00e4\u00e4. Sylinterin on kyett\u00e4v\u00e4 k\u00e4sittelem\u00e4\u00e4n nostettavien tai siirrett\u00e4vien kuormien enimm\u00e4ispaino ilman vikaantumisriski\u00e4. Hyvin suunnitellussa sylinteriss\u00e4 on vankka rakenne, joka jakaa rasituksen tasaisesti ja minimoi kulumisen k\u00e4yt\u00f6n aikana.<\/p>\n<h3>Tiivistyksen eheys<\/h3>\n<p>Tehokas tiivistys on ratkaisevan t\u00e4rke\u00e4\u00e4 hydraulinesteen vuotojen est\u00e4miseksi, jotka voivat vaarantaa sylinterin suorituskyvyn. Korkealaatuiset, kest\u00e4vist\u00e4 materiaaleista, kuten polyuretaanista ja nitriilikumista, valmistetut tiivisteet ovat v\u00e4ltt\u00e4m\u00e4tt\u00f6mi\u00e4 paineen ja tehokkuuden yll\u00e4pit\u00e4miseksi. Tiivisteiden kunnon s\u00e4\u00e4nn\u00f6lliset tarkastukset voivat est\u00e4\u00e4 kalliita korjauksia ja seisokkeja.<\/p>\n<h3>Kest\u00e4vyys<\/h3>\n<p>Kest\u00e4vyys varmistaa, ett\u00e4 puomin sylinteri kest\u00e4\u00e4 p\u00e4ivitt\u00e4isen k\u00e4yt\u00f6n rasitukset vaativissa ymp\u00e4rist\u00f6iss\u00e4. T\u00e4h\u00e4n sis\u00e4ltyy kulumisen ja korroosion kest\u00e4vyys, joka saavutetaan korkealaatuisten materiaalien ja pintak\u00e4sittelyjen avulla, jotka pident\u00e4v\u00e4t sylinterin k\u00e4ytt\u00f6ik\u00e4\u00e4 merkitt\u00e4v\u00e4sti.<\/p>\n<h3>Turvaominaisuudet<\/h3>\n<p>Turvallisuus on kriittinen n\u00e4k\u00f6kohta hydraulisylintereiden suunnittelussa. Ylikuormitussuojan ja oikeiden kiinnityskokoonpanojen kaltaisten ominaisuuksien sis\u00e4llytt\u00e4minen varmistaa turvallisen k\u00e4yt\u00f6n. N\u00e4m\u00e4 ominaisuudet auttavat minimoimaan hydraulisiin vikoihin liittyvi\u00e4 riskej\u00e4 ja suojaamaan sek\u00e4 k\u00e4ytt\u00e4ji\u00e4 ett\u00e4 laitteita.<\/p>\n<h3>Huolto Esteett\u00f6myys<\/h3>\n<p>Helppoa huoltoa ja tarkastusta helpottava rakenne voi pident\u00e4\u00e4 huomattavasti puomisylinterin k\u00e4ytt\u00f6ik\u00e4\u00e4. Rutiinitarkastuksia, voitelua ja tiivisteiden vaihtoa varten helposti k\u00e4sill\u00e4 olevat komponentit voivat s\u00e4\u00e4st\u00e4\u00e4 aikaa ja v\u00e4hent\u00e4\u00e4 k\u00e4ytt\u00f6kustannuksia.<\/p>\n<p><img decoding=\"async\" src=\"https:\/\/www.hydraulic-cylinders.net\/wp-content\/uploads\/2025\/04\/songte-oil-pipes-and-spare-parts.webp\" alt=\"Hydrauliset komponentit\" \/><\/p>\n<h2>Tiivistys ja voitelu<\/h2>\n<p>Puomisylinterin tehokkuus riippuu suuresti sen tiivistys- ja voiteluj\u00e4rjestelmist\u00e4. Erilaisten tiivisteiden, kuten m\u00e4nn\u00e4ntiivisteiden ja varren tiivisteiden, k\u00e4ytt\u00f6 on v\u00e4ltt\u00e4m\u00e4t\u00f6nt\u00e4 paineen yll\u00e4pit\u00e4miseksi ja hydraulinesteen vuotojen est\u00e4miseksi. Kulutusta kest\u00e4vist\u00e4 materiaaleista, kuten polyuretaanista ja nitriilikumista, valmistetut tiivisteet tarjoavat pidemm\u00e4n k\u00e4ytt\u00f6i\u00e4n ja suorituskyvyn.<\/p>\n<p>Lis\u00e4ksi sylinterin runko ja kierteitetyt p\u00e4\u00e4t tulee k\u00e4sitell\u00e4 hienoksi kulutuskest\u00e4vyyden parantamiseksi. S\u00e4\u00e4nn\u00f6llinen voitelu sopivalla hydrauliikka\u00f6ljyll\u00e4 on ratkaisevan t\u00e4rke\u00e4\u00e4 sujuvan toiminnan varmistamiseksi ja liikkuvien osien liiallisen kulumisen est\u00e4miseksi.<\/p>\n<h2>S\u00e4\u00e4nn\u00f6lliset tarkastukset ja ennaltaehk\u00e4isev\u00e4 huolto<\/h2>\n<ul>\n<li><strong>Rutiinitarkastukset:<\/strong> Tarkista sylinteri s\u00e4\u00e4nn\u00f6llisesti kulumisen, vuotojen tai vaurioiden varalta. Ongelmien varhainen havaitseminen voi est\u00e4\u00e4 merkitt\u00e4v\u00e4mpi\u00e4 ongelmia my\u00f6hemmin.<\/li>\n<li><strong>Oikea voitelu:<\/strong> Varmista, ett\u00e4 hydrauliikka\u00f6ljyn taso on optimaalinen, ja voitele liikkuvat osat s\u00e4\u00e4nn\u00f6llisesti sujuvan toiminnan yll\u00e4pit\u00e4miseksi ja kulumisen est\u00e4miseksi.<\/li>\n<li><strong>Tiivisteen vaihto:<\/strong> Tarkista tiivisteiden kuluminen s\u00e4\u00e4nn\u00f6llisesti. Vaurioituneiden tiivisteiden nopea vaihtaminen voi est\u00e4\u00e4 nestevuodot ja yll\u00e4pit\u00e4\u00e4 sylinterin tehokkuutta.<\/li>\n<\/ul>\n<h2>Asennusohjeet<\/h2>\n<p>Puomisylinterin oikea asennus on ratkaisevan t\u00e4rke\u00e4\u00e4 optimaalisen suorituskyvyn saavuttamiseksi. On t\u00e4rke\u00e4\u00e4 kohdistaa sylinteri oikein asennuksen aikana, jotta sylinterin osiin ei kohdistu tarpeetonta rasitusta. K\u00e4yt\u00e4 sopivia kiinnityskorvakkeita sylinterin kiinnitt\u00e4miseksi paikalleen varmistaen, ett\u00e4 se on vakaa ja asianmukaisesti tuettu.<\/p>\n<p>Ennen asennusta puhdista kaikki kiinnityspinnat liasta ja roskista, jotka voivat haitata asianmukaista asennusta. Kun sylinteri on asennettu, tarkista hydrauliikkaliit\u00e4nn\u00e4t vuotojen varalta ja varmista, ett\u00e4 sylinteri on t\u00e4ytetty oikein hydraulinesteell\u00e4. Asennuksen j\u00e4lkeen suorita toimintatesti varmistaaksesi, ett\u00e4 sylinteri toimii sujuvasti ja tehokkaasti.<\/p>\n<h2>Huoltoteht\u00e4v\u00e4t<\/h2>\n<h3>S\u00e4\u00e4nn\u00f6lliset tarkastukset<\/h3>\n<p>S\u00e4\u00e4nn\u00f6llisten tarkastusten suorittaminen on elint\u00e4rke\u00e4\u00e4 mahdollisten ongelmien tunnistamiseksi varhaisessa vaiheessa. Tarkista hydraulinestevuodot, tiivisteiden kulumisen merkit ja sylinterin yleinen kunto. N\u00e4iden tarkastusten dokumentointi auttaa suorituskyvyn seurannassa ja huollon suunnittelussa.<\/p>\n<h3>Asianmukainen voitelu<\/h3>\n<p>Puomin sylinterin s\u00e4\u00e4nn\u00f6llinen voitelu on ratkaisevan t\u00e4rke\u00e4\u00e4 sen toiminnan yll\u00e4pit\u00e4miseksi. Varmista, ett\u00e4 hydraulinesteen taso on riitt\u00e4v\u00e4, ja levit\u00e4 voiteluainetta liikkuviin osiin valmistajan ohjeiden mukaisesti. Riitt\u00e4v\u00e4 voitelu minimoi kitkan ja kulumisen, mik\u00e4 pident\u00e4\u00e4 sylinterin k\u00e4ytt\u00f6ik\u00e4\u00e4.<\/p>\n<h3>Tiivisteiden vaihto ja kalibrointitarkastukset<\/h3>\n<p>Tarkista tiivisteiden kuluminen s\u00e4\u00e4nn\u00f6llisesti ja vaihda ne tarvittaessa. Kalibrointitarkastukset ovat my\u00f6s t\u00e4rkeit\u00e4 sen varmistamiseksi, ett\u00e4 sylinteri toimii suunnitellun parametrien mukaisesti. Suositeltujen tarkastus- ja vaihtomenettelyjen noudattaminen yll\u00e4pit\u00e4\u00e4 puomisylinterin eheytt\u00e4 ja suorituskyky\u00e4.<\/p>\n<p><img decoding=\"async\" src=\"https:\/\/www.hydraulic-cylinders.net\/wp-content\/uploads\/2025\/04\/songte-chushion-collar.webp\" alt=\"Hydraulisylinterin komponentit\" \/><\/p>\n<h2>Turvallisuusn\u00e4k\u00f6kohdat ja ymp\u00e4rist\u00f6tekij\u00e4t<\/h2>\n<p>Turvallisuustoimenpiteet ovat ensiarvoisen t\u00e4rkeit\u00e4 hydraulisylintereit\u00e4 k\u00e4ytett\u00e4ess\u00e4. K\u00e4ytt\u00e4j\u00e4t tulee kouluttaa turvallisiin k\u00e4sittelytapoihin hydraulinesteiden vuotoihin ja laitteiden vikaantumiseen liittyvien riskien minimoimiseksi. S\u00e4\u00e4nn\u00f6lliset turvallisuustarkastukset ja k\u00e4ytt\u00f6ohjeiden noudattaminen auttavat varmistamaan turvallisen ty\u00f6ymp\u00e4rist\u00f6n.<\/p>\n<h2>Vianm\u00e4\u00e4ritys ja yleiset ongelmat<\/h2>\n<ul>\n<li><strong>Vuoto:<\/strong> Nestevuodot ovat yleinen ongelma, joka voi johtaa tehokkuuden laskuun. Asianmukainen tiivistys ja s\u00e4\u00e4nn\u00f6lliset tarkastukset auttavat tunnistamaan vuodot varhaisessa vaiheessa.<\/li>\n<li><strong>Hidas liike:<\/strong> Jos sylinteri liikkuu hitaasti, se voi viitata alhaiseen hydraulinesteen tasoon tai j\u00e4rjestelm\u00e4\u00e4n j\u00e4\u00e4neeseen ilmaan. J\u00e4rjestelm\u00e4n ilmaaminen ja hydraulinesteen lis\u00e4\u00e4minen voivat ratkaista t\u00e4m\u00e4n ongelman.<\/li>\n<li><strong>Ylikuumeneminen:<\/strong> Ylikuumeneminen voi johtua liiallisesta kuormituksesta tai riitt\u00e4m\u00e4tt\u00f6m\u00e4st\u00e4 voitelusta. Varmista asianmukainen huolto ja v\u00e4lt\u00e4 kuormitusrajojen ylitt\u00e4mist\u00e4 ylikuumenemisen est\u00e4miseksi.<\/li>\n<\/ul>\n<p>Puuttumalla n\u00e4ihin yleisiin ongelmiin nopeasti k\u00e4ytt\u00e4j\u00e4t voivat yll\u00e4pit\u00e4\u00e4 optimaalista suorituskyky\u00e4 ja pident\u00e4\u00e4 puomin sylinterin k\u00e4ytt\u00f6ik\u00e4\u00e4.<\/p>\n<p><img decoding=\"async\" src=\"https:\/\/www.hydraulic-cylinders.net\/wp-content\/uploads\/2025\/04\/songte-bushings-with-all-kinds-of-excavator-models.webp\" alt=\"Kaivinkoneen holkit\" \/><\/p>\n<h2>Johtop\u00e4\u00e4t\u00f6s<\/h2>\n<p>Yrityksemme on johtava vaihtoehtoisten hydraulisylintereiden valmistaja ja tukkumyyj\u00e4 sek\u00e4 kotimaisilla ett\u00e4 kansainv\u00e4lisill\u00e4 markkinoilla. Priorisoimme laatua ja luotamme hienostuneeseen valmistusstrategiaan, jota tukevat ammattitaitoinen henkil\u00f6st\u00f6, edistyneet digitaaliset valmistuslaitteet ja vankka testausj\u00e4rjestelm\u00e4. Sitoutumisemme valmistusalustamme parantamiseen varmistaa, ett\u00e4 t\u00e4yt\u00e4mme monipuoliset asiakastarpeet samalla, kun yll\u00e4pid\u00e4mme korkeaa tehokkuutta, tarkkuutta ja tuotteiden laatua.<\/p>\n<p>Keskittym\u00e4ll\u00e4 ammattitaitoon, kansainv\u00e4lisiin sertifiointeihin, r\u00e4\u00e4t\u00e4l\u00f6ityihin palveluihin, huippuluokan tuotantolaitteisiin ja kattavaan j\u00e4lkimarkkinointitukeen pyrimme tarjoamaan asiakkaillemme ensiluokkaisia \u200b\u200bhydrauliikkaratkaisuja.<\/p>\n<p><img decoding=\"async\" src=\"https:\/\/www.hydraulic-cylinders.net\/wp-content\/uploads\/2025\/04\/songte-company-4.webp\" alt=\"Yrityksen yleiskatsaus\" \/><br \/>\n<img decoding=\"async\" src=\"https:\/\/www.hydraulic-cylinders.net\/wp-content\/uploads\/2025\/04\/songte-company-3.webp\" alt=\"Yrityksen tuotanto\" \/><\/p>\n<p>Kirjoittaja: lyl<\/p>","protected":false},"excerpt":{"rendered":"<p>Boom Cylinder For XGMA Small Excavator XG815EL Product Overview The Boom Cylinder for the XGMA Small Excavator XG815EL is a critical component in hydraulic systems that enhances the functionality of various heavy machinery. This hydraulic cylinder is specifically designed to control the movement of the bucket in excavators, backhoes, and front loaders, enabling the bucket [&hellip;]<\/p>","protected":false},"featured_media":17878,"comment_status":"open","ping_status":"closed","template":"","meta":{"_et_pb_use_builder":"","_et_pb_old_content":"","_et_gb_content_width":""},"product_brand":[],"product_cat":[1546],"product_tag":[1547,1496],"class_list":{"0":"post-19313","1":"product","2":"type-product","3":"status-publish","4":"has-post-thumbnail","6":"product_cat-boom-cylinders","7":"product_tag-boom-cylinders","8":"product_tag-hydraulic-cylinders","10":"first","11":"instock","12":"shipping-taxable","13":"product-type-simple"},"amp_enabled":true,"_links":{"self":[{"href":"https:\/\/www.hydraulic-cylinders.net\/fi\/wp-json\/wp\/v2\/product\/19313","targetHints":{"allow":["GET"]}}],"collection":[{"href":"https:\/\/www.hydraulic-cylinders.net\/fi\/wp-json\/wp\/v2\/product"}],"about":[{"href":"https:\/\/www.hydraulic-cylinders.net\/fi\/wp-json\/wp\/v2\/types\/product"}],"replies":[{"embeddable":true,"href":"https:\/\/www.hydraulic-cylinders.net\/fi\/wp-json\/wp\/v2\/comments?post=19313"}],"wp:featuredmedia":[{"embeddable":true,"href":"https:\/\/www.hydraulic-cylinders.net\/fi\/wp-json\/wp\/v2\/media\/17878"}],"wp:attachment":[{"href":"https:\/\/www.hydraulic-cylinders.net\/fi\/wp-json\/wp\/v2\/media?parent=19313"}],"wp:term":[{"taxonomy":"product_brand","embeddable":true,"href":"https:\/\/www.hydraulic-cylinders.net\/fi\/wp-json\/wp\/v2\/product_brand?post=19313"},{"taxonomy":"product_cat","embeddable":true,"href":"https:\/\/www.hydraulic-cylinders.net\/fi\/wp-json\/wp\/v2\/product_cat?post=19313"},{"taxonomy":"product_tag","embeddable":true,"href":"https:\/\/www.hydraulic-cylinders.net\/fi\/wp-json\/wp\/v2\/product_tag?post=19313"}],"curies":[{"name":"wp","href":"https:\/\/api.w.org\/{rel}","templated":true}]}}