{"id":19315,"date":"2025-04-07T06:26:36","date_gmt":"2025-04-07T06:26:36","guid":{"rendered":"https:\/\/www.hydraulic-cylinders.net\/product\/boom-cylinder-for-xgma-middle-excavator-xg822\/"},"modified":"2025-04-07T06:26:38","modified_gmt":"2025-04-07T06:26:38","slug":"boom-cylinder-for-xgma-middle-excavator-xg822","status":"publish","type":"product","link":"https:\/\/www.hydraulic-cylinders.net\/fi\/tuote\/boom-cylinder-for-xgma-middle-excavator-xg822\/","title":{"rendered":"Puomin sylinteri XGMA-kaivinkoneelle XG822"},"content":{"rendered":"<h1>Puomin sylinteri XGMA-kaivinkoneelle XG822<\/h1>\n<h2>Puomin sylinterin yleiskatsaus<\/h2>\n<p>Puomin sylinteri on olennainen hydrauliikkakomponentti, joka on suunniteltu erityisesti XGMA-keskikaivukoneelle XG822. T\u00e4m\u00e4 hydrauliikkasylinteri on keskeinen kaivinkoneen puomin liikkeen ohjaamisessa, mink\u00e4 ansiosta se voi suorittaa erilaisia \u200b\u200bteht\u00e4vi\u00e4, kuten nostamista, laskemista ja kallistusta. Rakenne mahdollistaa tehokkaan materiaalink\u00e4sittelyn, mik\u00e4 tekee siit\u00e4 v\u00e4ltt\u00e4m\u00e4tt\u00f6m\u00e4n rakennus- ja kaivuprojekteissa.<\/p>\n<p><img decoding=\"async\" src=\"https:\/\/www.hydraulic-cylinders.net\/wp-content\/uploads\/2025\/04\/songte-company-1.webp\" alt=\"Puomin sylinteri\" \/><\/p>\n<p>Kauhasylinteri on hydraulinen sylinterityyppi, joka toimii raskaiden koneiden, erityisesti kaivinkoneiden, kaivurikuormaajien ja etukuormaajien, selk\u00e4rankana. Sen ensisijainen teht\u00e4v\u00e4 on helpottaa kauhan hallittua liikett\u00e4, jolloin k\u00e4ytt\u00e4j\u00e4t voivat suorittaa teht\u00e4vi\u00e4, kuten kaivamista, nostamista ja materiaalien kuljetusta. T\u00e4m\u00e4n komponentin roolin ymm\u00e4rt\u00e4minen on ratkaisevan t\u00e4rke\u00e4\u00e4 raskaiden laitteiden tehokkaan k\u00e4yt\u00f6n ja huollon kannalta.<\/p>\n<h2>Puomin sylinterin ominaisuudet<\/h2>\n<ul>\n<li><strong>Korkea lujuus ja kest\u00e4vyys:<\/strong> Valmistettu eritt\u00e4in lujasta ter\u00e4ksest\u00e4 tai alumiinista, kest\u00e4\u00e4 korkeaa painetta ja raskaita kuormia, sopii vaativiin ty\u00f6ymp\u00e4rist\u00f6ihin. Suunnittelussa on otettu huomioon kulutuskest\u00e4vyys ja korroosionkest\u00e4vyys k\u00e4ytt\u00f6i\u00e4n pident\u00e4miseksi.<\/li>\n<li><strong>Tehokas hydraulinen k\u00e4ytt\u00f6:<\/strong> Hydraulisen \u00f6ljynpaineen ansiosta laitetta voidaan vet\u00e4\u00e4 tasaisesti ulos ja ulos, mik\u00e4 takaa nopean vasteen ohjauskomentoihin ja voimakkaan ty\u00f6nt\u00f6- ja vetovoiman, joten se sopii erinomaisesti raskaiden kuormien k\u00e4sittelyyn ja monimutkaisiin teht\u00e4viin.<\/li>\n<li><strong>Erilaisia \u200b\u200btyyppej\u00e4:<\/strong> Saatavilla yksitoimisina (hydrauliikkaa yhteen suuntaan) tai kaksitoimisina (hydrauliikkaa molempiin suuntiin) malleina erilaisiin k\u00e4ytt\u00f6tarpeisiin. Jotkut mallit ovat teleskooppisia, mik\u00e4 mahdollistaa suuremman jatkeen ilman ulkomittojen kasvua, joten ne sopivat rajoitettuihin tiloihin.<\/li>\n<li><strong>Mukautettu valmistus:<\/strong> Tuotteemme voivat t\u00e4ydellisesti korvata olemassa olevat hydraulisylinterit, mik\u00e4 varmistaa saumattoman integroinnin ja parannetun suorituskyvyn.<\/li>\n<li><strong>Kattava testaus:<\/strong> Jokainen hydraulisylinteri k\u00e4y l\u00e4pi tiukat testit luotettavuuden ja suorituskyvyn varmistamiseksi erilaisissa olosuhteissa.<\/li>\n<\/ul>\n<p><img decoding=\"async\" src=\"https:\/\/www.hydraulic-cylinders.net\/wp-content\/uploads\/2025\/04\/songte-cylinder-head-with-all-kinds-excavator-models.webp\" alt=\"Kaivinkonemallit\" \/><\/p>\n<h2>Puomisylinterin sovellukset<\/h2>\n<h3>Rakennuslaitteet<\/h3>\n<p>Kaivinkoneissa puomin sylinteri on ratkaisevan t\u00e4rke\u00e4 kaivamisessa, lastaamisessa ja maan tai roskien siirt\u00e4misess\u00e4. Se mahdollistaa tarkan hallinnan, jolloin kuljettajat voivat kaivaa tarkasti ja tehokkaasti, mik\u00e4 tekee siit\u00e4 olennaisen t\u00e4rke\u00e4n rakennusty\u00f6mailla, joilla kaivamisella on keskeinen rooli.<\/p>\n<h3>Maatalouskoneet<\/h3>\n<p>Etukuormaajissa puomin sylinterit auttavat maan, hein\u00e4n ja muiden materiaalien kaivamisessa, nostamisessa ja kuljettamisessa. Ne parantavat koneen monipuolisuutta, jolloin se pystyy suorittamaan useita teht\u00e4vi\u00e4 tehokkaasti, mik\u00e4 on elint\u00e4rke\u00e4\u00e4 maataloust\u00f6iss\u00e4, jotka vaativat tehokasta materiaalink\u00e4sittely\u00e4.<\/p>\n<h3>Kaivuuty\u00f6t<\/h3>\n<p>Kauhan sylinteri mahdollistaa kauhan tunkeutumisen maaper\u00e4\u00e4n, mik\u00e4 helpottaa kaivuuty\u00f6ss\u00e4 ratkaisevan t\u00e4rke\u00e4\u00e4 kaivutoimintaa. T\u00e4m\u00e4 ominaisuus mahdollistaa kaivinkoneiden tehokkaan toiminnan erilaisissa maaper\u00e4olosuhteissa, mik\u00e4 tekee niist\u00e4 korvaamattomia rakentamisessa ja maisemoinnissa.<\/p>\n<h3>Kuormank\u00e4sittely<\/h3>\n<p>Etukuormaajissa puomin sylinterit auttavat materiaalien tehokkaassa nostamisessa ja tyhjent\u00e4misess\u00e4. T\u00e4m\u00e4 toiminto on olennainen ty\u00f6teht\u00e4viss\u00e4, joissa siirret\u00e4\u00e4n raskaita kuormia, olipa kyseess\u00e4 sitten rakennusala, maatalous tai materiaalink\u00e4sittely.<\/p>\n<h2>Suunnittelun\u00e4k\u00f6kohdat ja valintakriteerit<\/h2>\n<h3>Kantavuus<\/h3>\n<p>Puomisylinterin kuormankantokyky on kriittinen suunnittelukriteeri, joka m\u00e4\u00e4ritt\u00e4\u00e4, kuinka paljon painoa se voi turvallisesti nostaa ja k\u00e4sitell\u00e4. On t\u00e4rke\u00e4\u00e4 valita sylinteri, joka t\u00e4ytt\u00e4\u00e4 tai ylitt\u00e4\u00e4 koneen k\u00e4ytt\u00f6vaatimukset. T\u00e4h\u00e4n kapasiteettiin vaikuttavat sylinterin halkaisija, iskunpituus ja sen rakenteessa k\u00e4ytetty materiaali. Turvallisuuden ja tehokkuuden varmistamiseksi k\u00e4yt\u00f6n aikana on teht\u00e4v\u00e4 asianmukaiset laskelmat.<\/p>\n<h3>Tiivistyksen eheys<\/h3>\n<p>Tiivistys on elint\u00e4rke\u00e4\u00e4 hydraulij\u00e4rjestelmiss\u00e4 vuotojen est\u00e4miseksi ja paineen yll\u00e4pit\u00e4miseksi. Tiivisteiden laatu ja niiden asennus vaikuttavat suoraan puomin sylinterin suorituskykyyn ja kest\u00e4vyyteen. Korkealaatuiset tiivisteet, jotka on valmistettu materiaaleista, kuten polyuretaanista tai nitriilikumista, ovat v\u00e4ltt\u00e4m\u00e4tt\u00f6mi\u00e4 tehokkaan tiivistyksen varmistamiseksi vaihtelevissa paineolosuhteissa. Tiivisteiden s\u00e4\u00e4nn\u00f6lliset tarkastukset ja vaihtaminen voivat est\u00e4\u00e4 ennenaikaisen vikaantumisen ja parantaa hydraulij\u00e4rjestelm\u00e4n kokonaistehokkuutta.<\/p>\n<h3>Kest\u00e4vyys ja kulutuskest\u00e4vyys<\/h3>\n<p>Kest\u00e4vyys on merkitt\u00e4v\u00e4 tekij\u00e4 puomisylinteri\u00e4 valittaessa, koska se toimii vaativissa ymp\u00e4rist\u00f6iss\u00e4. Valmistuksessa k\u00e4ytettyjen materiaalien on oltava kulumisen ja korroosion kest\u00e4vi\u00e4. Eritt\u00e4in lujat seokset ja pinnoitteet voivat merkitt\u00e4v\u00e4sti parantaa sylinterin k\u00e4ytt\u00f6ik\u00e4\u00e4, mik\u00e4 v\u00e4hent\u00e4\u00e4 seisokkiaikoja ja yll\u00e4pitokustannuksia. S\u00e4\u00e4nn\u00f6llinen huolto on t\u00e4rke\u00e4ss\u00e4 roolissa sylinterin kest\u00e4vyyden s\u00e4ilytt\u00e4misess\u00e4 ja varmistaa, ett\u00e4 se kest\u00e4\u00e4 raskaan k\u00e4yt\u00f6n rasitukset.<\/p>\n<h3>Turvaominaisuudet<\/h3>\n<p>Turvaominaisuudet ovat ensiarvoisen t\u00e4rkeit\u00e4 hydraulisylintereiden suunnittelussa. Varoventtiilien, paineenalennusj\u00e4rjestelmien ja edistyneiden ohjausmekanismien sis\u00e4llytt\u00e4minen voi est\u00e4\u00e4 onnettomuuksia ja parantaa k\u00e4ytt\u00f6turvallisuutta. Sen varmistaminen, ett\u00e4 puomin sylinteri t\u00e4ytt\u00e4\u00e4 alan turvallisuusstandardit, on ratkaisevan t\u00e4rke\u00e4\u00e4 k\u00e4ytt\u00e4jien ja laitteiden suojaamiseksi k\u00e4yt\u00f6n aikana.<\/p>\n<h3>Huolto Esteett\u00f6myys<\/h3>\n<p>Suunnittelu, jossa huollon helppous on huomioitu, mahdollistaa helpommat tarkastukset, korjaukset ja osien vaihdot. Irrotettavat kannet, standardoidut kiinnikkeet ja helposti saavutettavat voitelupisteet voivat merkitt\u00e4v\u00e4sti v\u00e4hent\u00e4\u00e4 huoltoaikaa ja -kustannuksia. Huollon helppouden huomioon ottaminen suunnitteluvaiheessa voi johtaa parempaan pitk\u00e4n aikav\u00e4lin suorituskykyyn ja luotettavuuteen.<\/p>\n<p><img decoding=\"async\" src=\"https:\/\/www.hydraulic-cylinders.net\/wp-content\/uploads\/2025\/04\/songte-oil-pipes-and-spare-parts.webp\" alt=\"Hydrauliset osat\" \/><\/p>\n<h2>Sylinterin tiivistys ja voitelu<\/h2>\n<p>Tiivistys on ratkaisevan t\u00e4rke\u00e4\u00e4 hydraulisylinterien tehokkuuden ja pitk\u00e4ik\u00e4isyyden yll\u00e4pit\u00e4miseksi. Erilaisia \u200b\u200btiivisteit\u00e4, kuten m\u00e4nn\u00e4ntiivisteit\u00e4 ja varren tiivisteit\u00e4, k\u00e4ytet\u00e4\u00e4n est\u00e4m\u00e4\u00e4n hydraulinesteen vuotoja. Kest\u00e4vist\u00e4 materiaaleista, kuten polyuretaanista ja nitriilikumista, valmistetut tiivisteet tarjoavat erinomaisen kulumiskest\u00e4vyyden. Sylinterin runko ja kierteitetyt p\u00e4\u00e4t on ty\u00f6stett\u00e4v\u00e4 tarkasti kulumiskest\u00e4vyyden parantamiseksi ja tiiviin tiivistyksen varmistamiseksi, mik\u00e4 on ratkaisevan t\u00e4rke\u00e4\u00e4 j\u00e4rjestelm\u00e4n paineen yll\u00e4pit\u00e4miseksi.<\/p>\n<p>S\u00e4\u00e4nn\u00f6llinen voitelu on v\u00e4ltt\u00e4m\u00e4t\u00f6nt\u00e4 hydrauliikkakomponenttien moitteettoman toiminnan varmistamiseksi. Hydrauliikka\u00f6ljy\u00e4 on lis\u00e4tt\u00e4v\u00e4 s\u00e4\u00e4nn\u00f6llisesti riitt\u00e4v\u00e4sti, jotta varmistetaan asianmukainen toiminta ja estet\u00e4\u00e4n ylikuumeneminen. Oikean hydrauliikkanesteen valinta on my\u00f6s t\u00e4rke\u00e4\u00e4, koska se vaikuttaa hydrauliikkaj\u00e4rjestelm\u00e4n yleiseen suorituskykyyn ja pitk\u00e4ik\u00e4isyyteen. Oikeat voitelutekniikat voivat est\u00e4\u00e4 liiallista kulumista ja pident\u00e4\u00e4 puomisylinterin k\u00e4ytt\u00f6ik\u00e4\u00e4.<\/p>\n<h2>S\u00e4\u00e4nn\u00f6lliset tarkastukset ja ennaltaehk\u00e4isev\u00e4t huoltotoimenpiteet<\/h2>\n<ul>\n<li><strong>S\u00e4\u00e4nn\u00f6lliset tarkastukset:<\/strong> Rutiinitarkastusten suorittaminen auttaa tunnistamaan mahdolliset ongelmat ennen kuin ne johtavat vakaviin vikoihin. K\u00e4ytt\u00e4jien tulisi tarkistaa laitteet vuotojen, halkeamien ja ep\u00e4normaalien \u00e4\u00e4nien varalta k\u00e4yt\u00f6n aikana.<\/li>\n<li><strong>Asianmukainen voitelu:<\/strong> Hydraulij\u00e4rjestelm\u00e4n riitt\u00e4v\u00e4 voitelu est\u00e4\u00e4 liiallista kitkaa ja kulumista. Kuljettajien tulee tarkistaa \u00f6ljytasot s\u00e4\u00e4nn\u00f6llisesti ja vaihtaa nesteet tarvittaessa.<\/li>\n<li><strong>Tiivisteen vaihto:<\/strong> Tiivisteet kuluvat ajan my\u00f6t\u00e4 ja ne tulisi vaihtaa s\u00e4\u00e4nn\u00f6llisesti j\u00e4rjestelm\u00e4n eheyden yll\u00e4pit\u00e4miseksi. Tiivisteiden kunnon seuranta voi auttaa est\u00e4m\u00e4\u00e4n vuotoja ja paineh\u00e4vi\u00f6it\u00e4.<\/li>\n<\/ul>\n<h2>Asennusohjeet<\/h2>\n<p>Puomisylinterin oikea asennus on kriittisen t\u00e4rke\u00e4\u00e4 optimaalisen suorituskyvyn saavuttamiseksi. Aloita kohdistamalla sylinteri oikein koneen kiinnityspisteisiin varmistaaksesi sujuvan toiminnan. K\u00e4yt\u00e4 sopivia kiinnityskorvakkeita sylinterin kiinnitt\u00e4miseksi ja virhekohdistuksen est\u00e4miseksi k\u00e4yt\u00f6n aikana.<\/p>\n<p>Ennen asennusta tarkista kaikki osat vaurioiden tai kulumisen varalta. Varmista, ett\u00e4 hydrauliletkut ja -liit\u00e4nn\u00e4t ovat puhtaat ja ett\u00e4 niiss\u00e4 ei ole roskia. Letkujen kytkemisen j\u00e4lkeen ilmaa hydraulij\u00e4rjestelm\u00e4 poistaaksesi mahdolliset ilmaloukut, jotka voivat haitata suorituskyky\u00e4.<\/p>\n<p>Asennuksen j\u00e4lkeen testaa sylinteri kuormittamalla sit\u00e4 varmistaaksesi, ett\u00e4 se toimii oikein ja ettei siin\u00e4 ole vuotoja. Asennuksen j\u00e4lkeen suositellaan s\u00e4\u00e4nn\u00f6llisi\u00e4 uudelleentarkastuksia sen varmistamiseksi, ett\u00e4 kaikki komponentit pysyv\u00e4t turvallisina ja toimintakunnossa.<\/p>\n<h2>Yleiset huoltoteht\u00e4v\u00e4t<\/h2>\n<h3>S\u00e4\u00e4nn\u00f6lliset tarkastukset<\/h3>\n<p>S\u00e4\u00e4nn\u00f6llisten tarkastusten suorittaminen on v\u00e4ltt\u00e4m\u00e4t\u00f6nt\u00e4 puomin sylinterin eheyden yll\u00e4pit\u00e4miseksi. T\u00e4h\u00e4n sis\u00e4ltyy n\u00e4kyvien kulumisen, vuotojen tai vaurioiden merkkien tarkistaminen. N\u00e4iden ongelmien tunnistaminen varhain voi est\u00e4\u00e4 kalliita korjauksia ja seisokkeja. K\u00e4ytt\u00e4j\u00e4n tulisi laatia rutiininomainen tarkastusaikataulu hydraulisten komponenttien johdonmukaisen valvonnan varmistamiseksi.<\/p>\n<h3>Asianmukainen voitelu<\/h3>\n<p>Voitelu on elint\u00e4rke\u00e4\u00e4 hydraulisylinterien sujuvalle toiminnalle. K\u00e4ytt\u00e4j\u00e4n on varmistettava, ett\u00e4 hydrauli\u00f6ljyn taso pysyy tasaisena ja ett\u00e4 k\u00e4ytet\u00e4\u00e4n oikeanlaista \u00f6ljy\u00e4. S\u00e4\u00e4nn\u00f6lliset \u00f6ljynvaihdot ja tarkastukset voivat est\u00e4\u00e4 mekaanisia vikoja ja yll\u00e4pit\u00e4\u00e4 toiminnan tehokkuutta.<\/p>\n<h3>Tiivisteiden vaihto ja kalibrointitarkastukset<\/h3>\n<p>Tiivisteiden s\u00e4\u00e4nn\u00f6llinen vaihtaminen on ratkaisevan t\u00e4rke\u00e4\u00e4 nestevuotojen est\u00e4miseksi ja j\u00e4rjestelm\u00e4n paineen yll\u00e4pit\u00e4miseksi. K\u00e4ytt\u00e4j\u00e4n tulee seurata tiivisteiden kulumista ja vaihtaa ne tarvittaessa. Hydraulij\u00e4rjestelm\u00e4n kalibrointitarkastukset on my\u00f6s suoritettava sen varmistamiseksi, ett\u00e4 kaikki komponentit toimivat vaadittujen spesifikaatioiden mukaisesti, mik\u00e4 on olennaista turvallisuuden ja tehokkuuden kannalta.<\/p>\n<p><img decoding=\"async\" src=\"https:\/\/www.hydraulic-cylinders.net\/wp-content\/uploads\/2025\/04\/songte-chushion-collar.webp\" alt=\"Tyynykaulus\" \/><\/p>\n<h2>Turvallisuusn\u00e4k\u00f6kohdat ja ymp\u00e4rist\u00f6tekij\u00e4t<\/h2>\n<p>Hydraulij\u00e4rjestelmien kanssa ty\u00f6skennelt\u00e4ess\u00e4 turvatoimenpiteet ovat ensiarvoisen t\u00e4rkeit\u00e4. K\u00e4ytt\u00e4j\u00e4t tulee kouluttaa turvallisiin k\u00e4sittelytapoihin, erityisesti hydraulisten komponenttien toimintojen ja rajoitusten ymm\u00e4rt\u00e4miseen. Asianmukaisia \u200b\u200bturvavarusteita on k\u00e4ytett\u00e4v\u00e4 ja turvallisuusprotokollia on laadittava onnettomuuksien est\u00e4miseksi. My\u00f6s ymp\u00e4rist\u00f6tekij\u00e4t, kuten hydraulinesteiden h\u00e4vitt\u00e4minen ja vuotojen vaikutus ymp\u00e4r\u00f6iviin alueisiin, on otettava huomioon.<\/p>\n<h2>Vianm\u00e4\u00e4ritys ja yleiset ongelmat<\/h2>\n<ul>\n<li><strong>Vuoto:<\/strong> Nestevuoto voi viitata tiivisteen vikaantumiseen tai sylinterin vaurioitumiseen. Tarkista tiivisteet ja vaihda ne tarvittaessa.<\/li>\n<li><strong>Paineh\u00e4vi\u00f6:<\/strong> Hydraulisen paineen lasku voi johtua vuodoista tai riitt\u00e4m\u00e4tt\u00f6mist\u00e4 nestetasoista. Tarkista nestetasot s\u00e4\u00e4nn\u00f6llisesti ja tarkasta j\u00e4rjestelm\u00e4 vuotojen varalta.<\/li>\n<li><strong>Ep\u00e4tavallinen melu:<\/strong> K\u00e4yt\u00f6n aikana kuuluvat \u00e4\u00e4net voivat viitata mekaaniseen vikaan tai voitelun puutteeseen. Tarkista sylinterin kuluminen ja varmista, ett\u00e4 voitelu on riitt\u00e4v\u00e4.<\/li>\n<\/ul>\n<h2>Vinkkej\u00e4 tehokkaaseen viankorjaukseen<\/h2>\n<p>Ongelmien tehokkaaseen ratkaisemiseen k\u00e4ytt\u00e4jien tulisi noudattaa systemaattista l\u00e4hestymistapaa vianm\u00e4\u00e4ritykseen. Aloita dokumentoimalla oireet ja suorituskyvyn muutokset. N\u00e4m\u00e4 tiedot voivat auttaa diagnosoimaan ongelmia tehokkaammin. S\u00e4\u00e4nn\u00f6llinen huolto ja oikea-aikainen korjaus voivat est\u00e4\u00e4 pienten ongelmien pahenemisen vakaviksi vikoiksi.<\/p>\n<p>Ennaltaehk\u00e4isevien toimenpiteiden, kuten s\u00e4\u00e4nn\u00f6llisten tarkastusten ja huoltoaikataulujen, toteuttaminen voi merkitt\u00e4v\u00e4sti v\u00e4hent\u00e4\u00e4 ongelmien todenn\u00e4k\u00f6isyytt\u00e4. K\u00e4ytt\u00e4jien kouluttaminen oikeisiin k\u00e4ytt\u00f6- ja huoltok\u00e4yt\u00e4nt\u00f6ihin on my\u00f6s avainasemassa mahdollisten ongelmien minimoimiseksi.<\/p>\n<p><img decoding=\"async\" src=\"https:\/\/www.hydraulic-cylinders.net\/wp-content\/uploads\/2025\/04\/songte-bushings-with-all-kinds-of-excavator-models.webp\" alt=\"Holkit\" \/><\/p>\n<h2>Tietoa yrityksest\u00e4mme<\/h2>\n<p>Olemme johtava hydraulisten sylinterien vaihto-osien valmistaja, jolla on kattava valikoima tuotteita, jotka palvelevat kotimaisia \u200b\u200bja kansainv\u00e4lisi\u00e4 markkinoita. Sitoutumisemme huippulaatuun tuetaan kehittyneill\u00e4 valmistusprosesseilla ja vankalla tuotannonhallintastrategialla. Parannamme jatkuvasti tuotantoymp\u00e4rist\u00f6\u00e4mme ammattitaitoisen henkil\u00f6st\u00f6n, digitaalisten valmistuslaitteiden ja erikoistuneiden testausj\u00e4rjestelmien avulla.<\/p>\n<p>Edistykselliset osaamisemme mahdollistavat monipuolisten asiakastarpeiden t\u00e4ytt\u00e4misen tehokkaasti, tarkasti ja korkealla laadulla. Tarjoamme ammattitaitoista palvelua, kansainv\u00e4lisi\u00e4 sertifikaatteja ja r\u00e4\u00e4t\u00e4l\u00f6ityj\u00e4 ratkaisuja, jotka vastaavat t\u00e4ydellisesti asiakkaiden vaatimuksia. J\u00e4lkimarkkinointipalvelumme varmistaa, ett\u00e4 asiakkaat saavat jatkuvaa tukea ja apua, mik\u00e4 vahvistaa sitoutumistamme laatuun ja luotettavuuteen.<\/p>\n<p><img decoding=\"async\" src=\"https:\/\/www.hydraulic-cylinders.net\/wp-content\/uploads\/2025\/04\/songte-company-4.webp\" alt=\"Yrityksen yleiskatsaus\" \/><br \/>\n<img decoding=\"async\" src=\"https:\/\/www.hydraulic-cylinders.net\/wp-content\/uploads\/2025\/04\/songte-company-3.webp\" alt=\"Tuotantolaitos\" \/><\/p>\n<p>Kirjoittaja: lyl<\/p>","protected":false},"excerpt":{"rendered":"<p>Boom Cylinder For XGMA Middle Excavator XG822 Overview of Boom Cylinder The Boom Cylinder is an essential hydraulic component designed specifically for the XGMA Middle Excavator XG822. This hydraulic cylinder is pivotal for controlling the movement of the excavator&#8217;s boom, enabling it to perform a variety of tasks such as lifting, lowering, and tilting. The [&hellip;]<\/p>","protected":false},"featured_media":17880,"comment_status":"open","ping_status":"closed","template":"","meta":{"_et_pb_use_builder":"","_et_pb_old_content":"","_et_gb_content_width":""},"product_brand":[],"product_cat":[1546],"product_tag":[1547,1496],"class_list":{"0":"post-19315","1":"product","2":"type-product","3":"status-publish","4":"has-post-thumbnail","6":"product_cat-boom-cylinders","7":"product_tag-boom-cylinders","8":"product_tag-hydraulic-cylinders","10":"first","11":"instock","12":"shipping-taxable","13":"product-type-simple"},"amp_enabled":true,"_links":{"self":[{"href":"https:\/\/www.hydraulic-cylinders.net\/fi\/wp-json\/wp\/v2\/product\/19315","targetHints":{"allow":["GET"]}}],"collection":[{"href":"https:\/\/www.hydraulic-cylinders.net\/fi\/wp-json\/wp\/v2\/product"}],"about":[{"href":"https:\/\/www.hydraulic-cylinders.net\/fi\/wp-json\/wp\/v2\/types\/product"}],"replies":[{"embeddable":true,"href":"https:\/\/www.hydraulic-cylinders.net\/fi\/wp-json\/wp\/v2\/comments?post=19315"}],"wp:featuredmedia":[{"embeddable":true,"href":"https:\/\/www.hydraulic-cylinders.net\/fi\/wp-json\/wp\/v2\/media\/17880"}],"wp:attachment":[{"href":"https:\/\/www.hydraulic-cylinders.net\/fi\/wp-json\/wp\/v2\/media?parent=19315"}],"wp:term":[{"taxonomy":"product_brand","embeddable":true,"href":"https:\/\/www.hydraulic-cylinders.net\/fi\/wp-json\/wp\/v2\/product_brand?post=19315"},{"taxonomy":"product_cat","embeddable":true,"href":"https:\/\/www.hydraulic-cylinders.net\/fi\/wp-json\/wp\/v2\/product_cat?post=19315"},{"taxonomy":"product_tag","embeddable":true,"href":"https:\/\/www.hydraulic-cylinders.net\/fi\/wp-json\/wp\/v2\/product_tag?post=19315"}],"curies":[{"name":"wp","href":"https:\/\/api.w.org\/{rel}","templated":true}]}}