{"id":19317,"date":"2025-04-07T06:26:41","date_gmt":"2025-04-07T06:26:41","guid":{"rendered":"https:\/\/www.hydraulic-cylinders.net\/product\/boom-cylinder-for-xgma-middle-excavator-xg822fl\/"},"modified":"2025-04-07T06:26:43","modified_gmt":"2025-04-07T06:26:43","slug":"boom-cylinder-for-xgma-middle-excavator-xg822fl","status":"publish","type":"product","link":"https:\/\/www.hydraulic-cylinders.net\/fi\/tuote\/boom-cylinder-for-xgma-middle-excavator-xg822fl\/","title":{"rendered":"Puomin sylinteri XGMA-kaivinkoneelle XG822FL"},"content":{"rendered":"<h1>Puomin sylinteri XGMA-kaivinkoneelle XG822FL<\/h1>\n<h2>Johdatus puomin sylinteriin<\/h2>\n<p>Puomisylinteri on raskaiden koneiden kriittinen osa, ja se on suunniteltu erityisesti XGMA-keskikaivukoneelle XG822FL. T\u00e4m\u00e4 hydraulisylinteri ohjaa puomin liikett\u00e4, jolloin kuljettaja voi suorittaa erilaisia \u200b\u200bteht\u00e4vi\u00e4, kuten puomin nostamista, laskemista ja kallistamista tehokkaasti. Puomisylinterin toimivuus on olennaista tehokkaan toiminnan kannalta rakennus- ja kaivuuprojekteissa. Se toimii hydraulij\u00e4rjestelm\u00e4ss\u00e4, joka k\u00e4ytt\u00e4\u00e4 paineistettua nestett\u00e4 liikkeen ja voiman luomiseen. T\u00e4m\u00e4 mahdollistaa raskaiden koneiden suorittamisen teht\u00e4vi\u00e4, jotka muuten vaatisivat merkitt\u00e4v\u00e4\u00e4 manuaalista ponnistelua, mik\u00e4 parantaa tuottavuutta ja turvallisuutta ty\u00f6mailla.<\/p>\n<p><img decoding=\"async\" src=\"https:\/\/www.hydraulic-cylinders.net\/wp-content\/uploads\/2025\/04\/songte-company-1.webp\" alt=\"Puomin sylinterin kuva\"><\/p>\n<h2>Puomin sylinterin ominaisuudet<\/h2>\n<ul>\n<li><strong>Korkea lujuus ja kest\u00e4vyys:<\/strong> Korkean lujuuden ter\u00e4ksest\u00e4 tai alumiinista valmistettu puomin sylinteri on suunniteltu kest\u00e4m\u00e4\u00e4n korkeita paineita ja raskaita kuormia, joten se sopii vaativiin ty\u00f6ymp\u00e4rist\u00f6ihin. Se on suunniteltu kulumis- ja korroosiosuojatuksi, mik\u00e4 pident\u00e4\u00e4 sen k\u00e4ytt\u00f6ik\u00e4\u00e4.<\/li>\n<li><strong>Tehokas hydraulinen k\u00e4ytt\u00f6:<\/strong> Sylinteri hy\u00f6dynt\u00e4\u00e4 hydraulinestepainetta sujuvaan ulosvetoon ja sis\u00e4\u00e4nvetoon, mik\u00e4 mahdollistaa nopean reagoinnin k\u00e4ytt\u00e4j\u00e4n komentoihin ja samalla tuottaa merkitt\u00e4vi\u00e4 ty\u00f6nt\u00f6- ja vetovoimia, jotka sopivat raskaiden materiaalien k\u00e4sittelyyn ja monimutkaisiin teht\u00e4viin.<\/li>\n<li><strong>Erilaisia \u200b\u200btyyppej\u00e4:<\/strong> Vaihtoehtoja ovat yksitoimiset sylinterit (toimivat yhteen suuntaan) ja kaksitoimiset sylinterit (toimivat molempiin suuntiin) erilaisten k\u00e4ytt\u00f6tarpeiden t\u00e4ytt\u00e4miseksi. Jotkut mallit ovat teleskooppisia, mik\u00e4 mahdollistaa suuremman jatkeen ilman ulkomittojen kasvua, mik\u00e4 sopii ihanteellisesti sovelluksiin, joissa on rajoitetusti tilaa.<\/li>\n<li><strong>Monipuoliset sovellukset:<\/strong> Puomin sylinteri\u00e4 voidaan k\u00e4ytt\u00e4\u00e4 erilaisissa koneissa, mik\u00e4 parantaa sen hy\u00f6dyllisyytt\u00e4 eri sektoreilla.<\/li>\n<li><strong>Mukautettu valmistus:<\/strong> Tuotteemme voivat t\u00e4ydellisesti korvata olemassa olevat hydraulisylinterit vastaavalla tai paremmalla suorituskyvyll\u00e4 varmistaen yhteensopivuuden ja luotettavuuden.<\/li>\n<\/ul>\n<p><img decoding=\"async\" src=\"https:\/\/www.hydraulic-cylinders.net\/wp-content\/uploads\/2025\/04\/songte-cylinder-head-with-all-kinds-excavator-models.webp\" alt=\"Hydraulinen sylinteri kaivinkoneille\"><\/p>\n<h2>Puomisylinterin sovellukset<\/h2>\n<h3>Rakennuslaitteet<\/h3>\n<p>Kaivinkoneissa puomisylinterit ovat elint\u00e4rkeit\u00e4 kaivamisessa, lastaamisessa ja maan tai roskien siirt\u00e4misess\u00e4. Niiden rakenne helpottaa voiman tarkkaa kohdistamista, jolloin kuljettajat voivat hallita suuria materiaalim\u00e4\u00e4ri\u00e4 tehokkaasti. Kaivurikuormaajissa puomisylinteri auttaa paitsi kaivamisessa my\u00f6s nostot\u00f6iss\u00e4, mik\u00e4 parantaa tuottavuutta rakennusty\u00f6mailla.<\/p>\n<h3>Maatalouskoneet<\/h3>\n<p>Etukuormaajissa puomin sylinterit ovat ratkaisevan t\u00e4rkeit\u00e4 maaper\u00e4n, hein\u00e4n ja muiden materiaalien kaivamisessa, nostamisessa ja kuljettamisessa. N\u00e4iden sylinterien tuottama hydraulinen teho mahdollistaa saumattoman toiminnan, mik\u00e4 tekee niist\u00e4 korvaamattomia maatalouden ty\u00f6nkuluissa, joissa aika ja tehokkuus ovat ensiarvoisen t\u00e4rkeit\u00e4.<\/p>\n<h3>Kaivinkoneet<\/h3>\n<p>Kaivinkoneissa puomin sylinteri mahdollistaa kauhan tehokkaan tunkeutumisen maahan, mik\u00e4 helpottaa kaivamista. Hydraulinen mekanismi mahdollistaa kaivun syvyyden ja kulman tarkan hallinnan, mik\u00e4 on olennaista erilaisissa ty\u00f6maaolosuhteissa ja projektivaatimuksissa.<\/p>\n<h3>Kuormaajat<\/h3>\n<p>Etukuormaajat k\u00e4ytt\u00e4v\u00e4t puomisylintereit\u00e4 kuormien tehokkaaseen nostamiseen ja tyhjent\u00e4miseen. Puomisylinterin rakenne varmistaa, ett\u00e4 raskaita materiaaleja voidaan k\u00e4sitell\u00e4 tarkasti, mik\u00e4 parantaa merkitt\u00e4v\u00e4sti toiminnan tehokkuutta ja v\u00e4hent\u00e4\u00e4 k\u00e4ytt\u00e4jien fyysist\u00e4 rasitusta.<\/p>\n<h2>Suunnittelun\u00e4k\u00f6kohdat ja valintakriteerit<\/h2>\n<ul>\n<li><strong>Kantavuus:<\/strong> Puomisylinterin suunnittelussa on otettava huomioon sen kantama enimm\u00e4iskuorma. T\u00e4m\u00e4 edellytt\u00e4\u00e4 materiaalien painon analysointia ja sen varmistamista, ett\u00e4 sylinteri kest\u00e4\u00e4 vastaavat paineet ja voimat vioittumatta.<\/li>\n<li><strong>Tiivistyskyky:<\/strong> Tehokas tiivistys on ratkaisevan t\u00e4rke\u00e4\u00e4 hydraulisylinterien pitk\u00e4ik\u00e4isyyden ja tehokkuuden kannalta. Laadukkaat tiivisteet est\u00e4v\u00e4t nestevuodon ja kontaminaation, jotka voivat johtaa j\u00e4rjestelm\u00e4n vikaantumiseen. Tiivistemateriaalien, kuten polyuretaanin ja nitriilikumin, valinnalla on merkitt\u00e4v\u00e4 rooli sylinterin suorituskyvyss\u00e4.<\/li>\n<li><strong>Kest\u00e4vyys:<\/strong> Puomin sylinterit tulee rakentaa kest\u00e4m\u00e4\u00e4n ankaria k\u00e4ytt\u00f6olosuhteita. T\u00e4h\u00e4n sis\u00e4ltyy kulumisen, korroosion ja v\u00e4symisen kest\u00e4vyys ajan my\u00f6t\u00e4. Korkealaatuiset materiaalit ja edistyneet valmistusprosessit edist\u00e4v\u00e4t tuotteen kest\u00e4vyytt\u00e4.<\/li>\n<li><strong>Turvaominaisuudet:<\/strong> Turvallisuusn\u00e4k\u00f6kohdat ovat ensiarvoisen t\u00e4rkeit\u00e4 hydraulij\u00e4rjestelmiss\u00e4. Puomin sylintereiss\u00e4 tulisi olla turvamekanismeja, jotka est\u00e4v\u00e4t tahattoman toiminnan ja tarjoavat vikasietoisia toimintoja paineh\u00e4vi\u00f6n tai mekaanisen vian sattuessa.<\/li>\n<li><strong>Huoltomahdollisuus:<\/strong> Helpon huollon ja tarkastuksen mahdollistava rakenne voi pident\u00e4\u00e4 puomisylinterin k\u00e4ytt\u00f6ik\u00e4\u00e4 merkitt\u00e4v\u00e4sti. Osien tulisi olla helposti saatavilla rutiinitarkastuksia ja korjauksia varten ilman laajaa purkamista.<\/li>\n<\/ul>\n<p><img decoding=\"async\" src=\"https:\/\/www.hydraulic-cylinders.net\/wp-content\/uploads\/2025\/04\/songte-oil-pipes-and-spare-parts.webp\" alt=\"Hydrauliset osat\"><\/p>\n<h2>Sylinterin tiivistys ja voitelu<\/h2>\n<p>Optimaalisen suorituskyvyn varmistamiseksi puomisylintereiss\u00e4 k\u00e4ytet\u00e4\u00e4n erilaisia \u200b\u200btiivistyskomponentteja, kuten m\u00e4nn\u00e4ntiivisteit\u00e4 ja varren tiivisteit\u00e4. Tiivistemateriaalien, kuten korkealaatuisen polyuretaanin tai nitriilikumin, valinta on olennaista hydraulisen eheyden yll\u00e4pit\u00e4miseksi ja vuotojen est\u00e4miseksi. Sylinterin runko ja kierteitetyt p\u00e4\u00e4typinnat k\u00e4yv\u00e4t l\u00e4pi hienojakoisia ty\u00f6st\u00f6prosesseja kulutuskest\u00e4vyyden parantamiseksi ja yleisen kest\u00e4vyyden parantamiseksi. S\u00e4\u00e4nn\u00f6llinen voitelu hydrauli\u00f6ljyll\u00e4 on v\u00e4ltt\u00e4m\u00e4t\u00f6nt\u00e4 sylinterin sujuvan toiminnan yll\u00e4pit\u00e4miseksi ja sis\u00e4isten osien ennenaikaisen kulumisen est\u00e4miseksi. Oikeat voiteluk\u00e4yt\u00e4nn\u00f6t auttavat my\u00f6s j\u00e4\u00e4hdytt\u00e4m\u00e4\u00e4n hydraulij\u00e4rjestelm\u00e4\u00e4, mik\u00e4 pident\u00e4\u00e4 sen k\u00e4ytt\u00f6ik\u00e4\u00e4 entisest\u00e4\u00e4n.<\/p>\n<h2>Ennaltaehk\u00e4isev\u00e4t huoltotoimenpiteet<\/h2>\n<ul>\n<li><strong>S\u00e4\u00e4nn\u00f6lliset tarkastukset:<\/strong> S\u00e4\u00e4nn\u00f6lliset kulumisen, vuotojen tai muiden toimintah\u00e4iri\u00f6iden merkit voivat auttaa tunnistamaan ongelmat ennen kuin niist\u00e4 tulee vakavia. T\u00e4h\u00e4n sis\u00e4ltyy tiivisteiden, m\u00e4nn\u00e4nvarsien eheyden ja hydrauliliit\u00e4nt\u00f6jen tarkistaminen.<\/li>\n<li><strong>Asianmukainen voitelu:<\/strong> Sylinterin riitt\u00e4v\u00e4n voitelun varmistaminen oikealla hydrauliikka\u00f6ljyll\u00e4 on ratkaisevan t\u00e4rke\u00e4\u00e4. S\u00e4\u00e4nn\u00f6lliset \u00f6ljynvaihdot ja ep\u00e4puhtauksien tarkistukset voivat parantaa suorituskyky\u00e4 ja kest\u00e4vyytt\u00e4.<\/li>\n<li><strong>Tiivisteen vaihto:<\/strong> Tiivisteet tulee vaihtaa s\u00e4\u00e4nn\u00f6llisesti k\u00e4ytt\u00f6ymp\u00e4rist\u00f6n ja k\u00e4ytt\u00f6tiheyden mukaan. Kuluneet tiivisteet voivat johtaa merkitt\u00e4v\u00e4\u00e4n hydraulinesteen h\u00e4vikkiin, mik\u00e4 vaikuttaa j\u00e4rjestelm\u00e4n kokonaistehokkuuteen.<\/li>\n<\/ul>\n<h2>Asennusohjeet<\/h2>\n<p>Puomin sylinterin oikea asennus on elint\u00e4rke\u00e4\u00e4 optimaalisen suorituskyvyn ja pitk\u00e4n k\u00e4ytt\u00f6i\u00e4n kannalta. Asennuksen aikana varmista, ett\u00e4 sylinteri on kohdistettu oikein koneiston kanssa, jotta sylinteriin ja sen kiinnikkeisiin ei kohdistu tarpeetonta rasitusta. K\u00e4yt\u00e4 sopivia kiinnityskorvakkeita sylinterin kiinnitt\u00e4miseksi tukevasti paikalleen ja v\u00e4lt\u00e4 liikett\u00e4, joka voi johtaa virheelliseen kohdistukseen. On my\u00f6s t\u00e4rke\u00e4\u00e4 noudattaa valmistajan ohjeita hydrauliliit\u00e4nn\u00f6ist\u00e4 ja v\u00e4\u00e4nt\u00f6momenttiasetuksista vuotamattoman asennuksen varmistamiseksi. Asennuksen j\u00e4lkeen tarkista huolellisesti mahdolliset vuodot ja testaa hydraulij\u00e4rjestelm\u00e4 varmistaaksesi oikean toiminnan.<\/p>\n<h2>Huoltoteht\u00e4v\u00e4t<\/h2>\n<ul>\n<li><strong>S\u00e4\u00e4nn\u00f6lliset tarkastukset:<\/strong> Suorita rutiinitarkastukset mahdollisten ongelmien havaitsemiseksi varhaisessa vaiheessa. Etsi vuotoja, ep\u00e4tavallisia \u00e4\u00e4ni\u00e4 ja kulumisen merkkej\u00e4 tiivisteist\u00e4 ja tankoista.<\/li>\n<li><strong>Oikea voitelu:<\/strong> Varmista, ett\u00e4 hydrauliikka\u00f6ljyn taso on oikea ja vaihda se tarvittaessa optimaalisten voiteluolosuhteiden yll\u00e4pit\u00e4miseksi.<\/li>\n<li><strong>Tiivisteen vaihto ja kalibrointi:<\/strong> Vaihda s\u00e4\u00e4nn\u00f6llisesti kuluneet tiivisteet ja tarkista hydraulij\u00e4rjestelm\u00e4n kalibrointi varmistaaksesi, ett\u00e4 se toimii oikein. V\u00e4\u00e4rin kalibroitu j\u00e4rjestelm\u00e4 voi johtaa tehottomuuteen ja mahdollisiin vaurioihin.<\/li>\n<\/ul>\n<h2>Turvallisuusn\u00e4k\u00f6kohdat ja ymp\u00e4rist\u00f6tekij\u00e4t<\/h2>\n<p>Puomisylintereit\u00e4 k\u00e4ytett\u00e4ess\u00e4 turvatoimenpiteet ovat ratkaisevan t\u00e4rkeit\u00e4 onnettomuuksien ehk\u00e4isemiseksi ja turvallisen ty\u00f6ymp\u00e4rist\u00f6n varmistamiseksi. K\u00e4ytt\u00e4j\u00e4t tulee kouluttaa hydraulij\u00e4rjestelmien asianmukaiseen k\u00e4ytt\u00f6\u00f6n ja niihin liittyvien mahdollisten vaarojen ymm\u00e4rt\u00e4miseen. Lis\u00e4ksi on huolehdittava ymp\u00e4rist\u00f6m\u00e4\u00e4r\u00e4ysten noudattamisesta ja varmistettava, ett\u00e4 hydraulinesteit\u00e4 k\u00e4sitell\u00e4\u00e4n vastuullisesti maaper\u00e4n ja vesist\u00f6jen saastumisen est\u00e4miseksi. K\u00e4yt\u00f6n tai huollon aikana mahdollisesti esiintyvien vuotojen tai roiskeiden k\u00e4sittelemiseksi on oltava asianmukaiset eristystoimenpiteet.<\/p>\n<h2>Vianm\u00e4\u00e4ritys ja yleiset ongelmat<\/h2>\n<ul>\n<li><strong>Vuoto:<\/strong> Yksi yleisimmist\u00e4 hydraulisylintereiden ongelmista on tiivisteiden tai liitosten vuoto. T\u00e4m\u00e4 voi johtaa suorituskyvyn ja tehokkuuden heikkenemiseen. Tiivisteiden ja liitosten s\u00e4\u00e4nn\u00f6llinen tarkastus on v\u00e4ltt\u00e4m\u00e4t\u00f6nt\u00e4 vuotojen havaitsemiseksi ja korjaamiseksi nopeasti.<\/li>\n<li><strong>Reagoimaton liike:<\/strong> Jos puomin sylinteri ei reagoi odotetulla tavalla, se voi viitata hydraulipaineongelmiin tai sis\u00e4isiin vaurioihin. Hydraulij\u00e4rjestelm\u00e4n vianm\u00e4\u00e4ritys ja tukosten tarkistaminen voi auttaa korjaamaan ongelman.<\/li>\n<li><strong>Liiallinen melu:<\/strong> Ep\u00e4tavalliset \u00e4\u00e4net k\u00e4yt\u00f6n aikana voivat olla merkki sylinterin tai hydraulij\u00e4rjestelm\u00e4n kulumisesta tai vaurioista. \u00c4\u00e4nen l\u00e4hteen tutkiminen ja kuluneiden osien vaihtaminen voi est\u00e4\u00e4 lis\u00e4vaurioita.<\/li>\n<\/ul>\n<h2>Vianm\u00e4\u00e4ritysvinkkej\u00e4<\/h2>\n<p>Puomisylinterin ongelmien tehokkaaseen diagnosointiin ja ratkaisemiseen kannattaa ottaa huomioon seuraavat vianm\u00e4\u00e4ritysvinkit: Tarkista ensin s\u00e4\u00e4nn\u00f6llisesti vuotojen tai vaurioiden merkkej\u00e4. Korjaa mahdolliset vuodot heti, kun ne havaitaan, jotta hydraulinestett\u00e4 ei p\u00e4\u00e4se vuotamaan. Varmista toiseksi, ett\u00e4 hydraulipaine on suositellulla alueella optimaalisen suorituskyvyn saavuttamiseksi. Jos paine on alhainen, tutki mahdolliset syyt, kuten tukkeutuneet letkut tai kuluneet osat. Pid\u00e4 ty\u00f6ymp\u00e4rist\u00f6 puhtaana, jotta hydraulij\u00e4rjestelm\u00e4\u00e4n ei p\u00e4\u00e4se ep\u00e4puhtauksia, jotka voivat ajan my\u00f6t\u00e4 johtaa kulumiseen ja toimintah\u00e4iri\u00f6ihin.<\/p>\n<p><img decoding=\"async\" src=\"https:\/\/www.hydraulic-cylinders.net\/wp-content\/uploads\/2025\/04\/songte-bushings-with-all-kinds-of-excavator-models.webp\" alt=\"Kaivinkoneen holkit\"><\/p>\n<h2>Tietoa yrityksest\u00e4mme<\/h2>\n<p>Olemme johtava hydraulisten sylinterien vaihto-osien valmistaja, ja tarjoamme laajan valikoiman tuotteita sek\u00e4 kotimaisille ett\u00e4 kansainv\u00e4lisille markkinoille. Sitoutumisemme huippuosaamiseen n\u00e4kyy huolellisissa valmistusprosesseissamme ja keskittymisess\u00e4mme korkealaatuiseen tuotantoon. Hy\u00f6dynt\u00e4m\u00e4ll\u00e4 edistynytt\u00e4 teknologiaa, ammattitaitoista henkil\u00f6st\u00f6\u00e4 ja vankkoja tuotannonohjausstrategioita parannamme jatkuvasti valmistuskapasiteettiamme vastataksemme asiakkaidemme monipuolisiin tarpeisiin. Tuotteemme on suunniteltu tarkasti ja luotettavia, mik\u00e4 varmistaa huippuluokan ratkaisujen tarjoamisen.<\/p>\n<p><img decoding=\"async\" src=\"https:\/\/www.hydraulic-cylinders.net\/wp-content\/uploads\/2025\/04\/songte-company-4.webp\" alt=\"Yrityksen imago\"><br \/>\n<img decoding=\"async\" src=\"https:\/\/www.hydraulic-cylinders.net\/wp-content\/uploads\/2025\/04\/songte-company-3.webp\" alt=\"Yrityksen imago\"><\/p>\n<h2>Johtop\u00e4\u00e4t\u00f6s<\/h2>\n<p>Kattavan hydraulisylinterivalikoimamme ja laatuun keskittymisemme ansiosta olemme sitoutuneet tarjoamaan luotettavia tuotteita asiakkaidemme tarpeisiin. Kansainv\u00e4liset sertifikaatit, r\u00e4\u00e4t\u00e4l\u00f6idyt palvelumme, edistyneet tuotantolaitteemme ja omistautunut j\u00e4lkimarkkinointitukemme korostavat asemaamme luotettavana kumppanina hydraulisylinteriteollisuudessa.<\/p>\n<p>Kirjoittaja: lyl<\/p>","protected":false},"excerpt":{"rendered":"<p>Boom Cylinder For XGMA Middle Excavator XG822FL Introduction to Boom Cylinder The Boom Cylinder is a critical component of heavy machinery, specifically designed for the XGMA Middle Excavator XG822FL. This hydraulic cylinder controls the movement of the boom, enabling the operator to perform various tasks such as lifting, lowering, and tilting the boom effectively. The [&hellip;]<\/p>","protected":false},"featured_media":17867,"comment_status":"open","ping_status":"closed","template":"","meta":{"_et_pb_use_builder":"","_et_pb_old_content":"","_et_gb_content_width":""},"product_brand":[],"product_cat":[1546],"product_tag":[1547,1496],"class_list":{"0":"post-19317","1":"product","2":"type-product","3":"status-publish","4":"has-post-thumbnail","6":"product_cat-boom-cylinders","7":"product_tag-boom-cylinders","8":"product_tag-hydraulic-cylinders","10":"first","11":"instock","12":"shipping-taxable","13":"product-type-simple"},"amp_enabled":true,"_links":{"self":[{"href":"https:\/\/www.hydraulic-cylinders.net\/fi\/wp-json\/wp\/v2\/product\/19317","targetHints":{"allow":["GET"]}}],"collection":[{"href":"https:\/\/www.hydraulic-cylinders.net\/fi\/wp-json\/wp\/v2\/product"}],"about":[{"href":"https:\/\/www.hydraulic-cylinders.net\/fi\/wp-json\/wp\/v2\/types\/product"}],"replies":[{"embeddable":true,"href":"https:\/\/www.hydraulic-cylinders.net\/fi\/wp-json\/wp\/v2\/comments?post=19317"}],"wp:featuredmedia":[{"embeddable":true,"href":"https:\/\/www.hydraulic-cylinders.net\/fi\/wp-json\/wp\/v2\/media\/17867"}],"wp:attachment":[{"href":"https:\/\/www.hydraulic-cylinders.net\/fi\/wp-json\/wp\/v2\/media?parent=19317"}],"wp:term":[{"taxonomy":"product_brand","embeddable":true,"href":"https:\/\/www.hydraulic-cylinders.net\/fi\/wp-json\/wp\/v2\/product_brand?post=19317"},{"taxonomy":"product_cat","embeddable":true,"href":"https:\/\/www.hydraulic-cylinders.net\/fi\/wp-json\/wp\/v2\/product_cat?post=19317"},{"taxonomy":"product_tag","embeddable":true,"href":"https:\/\/www.hydraulic-cylinders.net\/fi\/wp-json\/wp\/v2\/product_tag?post=19317"}],"curies":[{"name":"wp","href":"https:\/\/api.w.org\/{rel}","templated":true}]}}