{"id":19319,"date":"2025-04-07T06:26:45","date_gmt":"2025-04-07T06:26:45","guid":{"rendered":"https:\/\/www.hydraulic-cylinders.net\/product\/boom-cylinder-for-xgma-middle-excavator-xg825el\/"},"modified":"2025-04-07T06:26:48","modified_gmt":"2025-04-07T06:26:48","slug":"boom-cylinder-for-xgma-middle-excavator-xg825el","status":"publish","type":"product","link":"https:\/\/www.hydraulic-cylinders.net\/fi\/tuote\/boom-cylinder-for-xgma-middle-excavator-xg825el\/","title":{"rendered":"Puomin sylinteri XGMA-kaivinkoneelle XG825EL"},"content":{"rendered":"<h1>Puomin sylinteri XGMA-kaivinkoneelle XG825EL<\/h1>\n<h2>Tuotteen yleiskatsaus<\/h2>\n<p>Puomisylinteri on olennainen hydrauliikkakomponentti, joka on suunniteltu erityisesti XGMA-keskikaivukoneelle XG825EL. T\u00e4ll\u00e4 hydrauliikkasylinterill\u00e4 on ratkaiseva rooli kaivinkoneen puomin liikkeen ohjaamisessa, mik\u00e4 mahdollistaa kauhan tarkan nostamisen, laskemisen ja kallistuksen. Hydraulisena toimilaitteena se k\u00e4ytt\u00e4\u00e4 hydrauliikkanestett\u00e4 tarvittavan voiman tuottamiseen raskaissa teht\u00e4viss\u00e4. Puomisylinterin tehokkuus vaikuttaa suoraan kaivinkoneen suorituskykyyn erilaisissa rakennus- ja maansiirtosovelluksissa.<\/p>\n<p><img decoding=\"async\" src=\"https:\/\/www.hydraulic-cylinders.net\/wp-content\/uploads\/2025\/04\/songte-company-1.webp\" alt=\"Puomin sylinteri\"><\/p>\n<h2>T\u00e4rkeimm\u00e4t ominaisuudet<\/h2>\n<ul>\n<li><strong>Korkea lujuus ja kest\u00e4vyys:<\/strong> Korkean lujuuden ter\u00e4ksest\u00e4 tai alumiinista valmistettu puomin sylinteri on suunniteltu kest\u00e4m\u00e4\u00e4n korkeaa painetta ja raskaita kuormia. Sen kest\u00e4vyys varmistaa toimivuuden vaativissa ty\u00f6olosuhteissa samalla kun se ottaa huomioon kulumiskest\u00e4vyyden ja korroosiosuojauksen, mik\u00e4 pident\u00e4\u00e4 sen k\u00e4ytt\u00f6ik\u00e4\u00e4.<\/li>\n<li><strong>Tehokas hydraulinen k\u00e4ytt\u00f6:<\/strong> Sylinteri toimii tasaisesti hydrauli\u00f6ljyn paineen alaisena ja reagoi nopeasti ohjauskomentoihin. T\u00e4m\u00e4 ominaisuus tarjoaa tehokkaan veto- ja ty\u00f6nt\u00f6voiman, mik\u00e4 sopii erinomaisesti raskaiden materiaalien k\u00e4sittelyyn ja monimutkaisiin teht\u00e4viin.<\/li>\n<li><strong>Erilaisia \u200b\u200btyyppej\u00e4:<\/strong> Puomisylinteri\u00e4 on saatavana erityyppisin\u00e4, mukaan lukien yksitoimiset (yhteen suuntaan toimivat) tai kaksitoimiset (molempiin suuntiin toimivat) hydraulisylinterit. Tietyt mallit ovat teleskooppisia, mik\u00e4 mahdollistaa suuremman jatkeen ilman ulkomittojen kasvua, joten ne sopivat ahtaisiin k\u00e4ytt\u00f6tarkoituksiin.<\/li>\n<li><strong>Mukautettu valmistus:<\/strong> Yrityksemme on erikoistunut puomisylintereiden valmistukseen, jotka korvaavat t\u00e4ydellisesti olemassa olevat hydraulisylinterit varmistaen yhteensopivuuden ja tehokkuuden.<\/li>\n<li><strong>Edistynyt suunnittelu:<\/strong> Jokainen sylinteri on suunniteltu tarkasti vastaamaan nykyaikaisten kaivuuteht\u00e4vien vaativia vaatimuksia varmistaen luotettavuuden ja suorituskyvyn.<\/li>\n<\/ul>\n<p><img decoding=\"async\" src=\"https:\/\/www.hydraulic-cylinders.net\/wp-content\/uploads\/2025\/04\/songte-cylinder-head-with-all-kinds-excavator-models.webp\" alt=\"Kaivinkonemallit\"><\/p>\n<h2>Sovellukset<\/h2>\n<h3>Rakennuslaitteet<\/h3>\n<p>Rakennuskoneissa puomisylinterit ovat kriittisi\u00e4 komponentteja kaivinkoneissa, ja ne ovat v\u00e4ltt\u00e4m\u00e4tt\u00f6mi\u00e4 kaivamiseen, lastaamiseen ja maan tai roskien siirt\u00e4miseen. Ne tarjoavat tarvittavan voiman puomin nostamiseen ja laskemiseen, mik\u00e4 mahdollistaa tehokkaat ja tulokselliset kaivuuty\u00f6t. Kaivurikuormaajissa puomisylinterit auttavat sek\u00e4 kaivu- ett\u00e4 nostotoiminnoissa, mik\u00e4 parantaa koneiden monipuolisuutta.<\/p>\n<h3>Maatalouskoneet<\/h3>\n<p>Maataloudessa etukuormaajat k\u00e4ytt\u00e4v\u00e4t puomisylintereit\u00e4 maaper\u00e4n, hein\u00e4n ja erilaisten materiaalien kauhaukseen, nostamiseen ja kuljettamiseen. Niiden kyky ohjata ja s\u00e4\u00e4t\u00e4\u00e4 kauhan kulmaa antaa kuljettajille mahdollisuuden suorittaa teht\u00e4vi\u00e4, kuten lastausta ja purkua tehokkaasti. Hydraulinen voima helpottaa raskaiden kuormien k\u00e4sittely\u00e4, mik\u00e4 tekee maataloustoiminnasta sujuvampaa ja tuottavampaa.<\/p>\n<h3>Kaivinkoneet<\/h3>\n<p>Kaivinkoneissa kauhan sylinteri mahdollistaa kauhan tunkeutumisen maaper\u00e4\u00e4n kaivamisen aikana. T\u00e4m\u00e4 ominaisuus on ratkaisevan t\u00e4rke\u00e4 tehokkaan kaivamisen kannalta, sill\u00e4 se mahdollistaa k\u00e4ytt\u00e4jien ylt\u00e4\u00e4 syvemmille maaper\u00e4kerroksille ja siirt\u00e4\u00e4 suurempia maam\u00e4\u00e4ri\u00e4. Sylinterin suorituskyky vaikuttaa suoraan kaivuprosessin nopeuteen ja tehokkuuteen.<\/p>\n<h3>Kuormaajat<\/h3>\n<p>Etukuormaajissa puomisylintereill\u00e4 on t\u00e4rke\u00e4 rooli kuormien tehokkaassa nostamisessa ja tyhjent\u00e4misess\u00e4. Ne tarjoavat tarvittavan hydraulisen voiman kauhan nostamiseen ja kallistamiseen, mik\u00e4 varmistaa, ett\u00e4 materiaaleja voidaan lastata kuorma-autoihin tai siirt\u00e4\u00e4 eri paikkoihin helposti. T\u00e4m\u00e4 toiminto on olennainen rakennus- ja materiaalink\u00e4sittelyaloilla.<\/p>\n<h2>Suunnittelun\u00e4k\u00f6kohdat<\/h2>\n<h3>Kantavuus<\/h3>\n<p>Puomisylinterin kuormituskapasiteetti on kriittinen suunnittelukriteeri. Se m\u00e4\u00e4ritt\u00e4\u00e4 suurimman painon, jonka sylinteri kest\u00e4\u00e4 vaurioitta. Kuormitusvaatimusten asianmukainen arviointi on v\u00e4ltt\u00e4m\u00e4t\u00f6nt\u00e4 sen varmistamiseksi, ett\u00e4 sylinteri\u00e4 k\u00e4ytet\u00e4\u00e4n sen rajoissa, mik\u00e4 est\u00e4\u00e4 vauriot ja varmistaa turvallisuuden k\u00e4yt\u00f6n aikana. Valmistajien on noudatettava tiukkoja suunnittelustandardeja taatakseen luotettavuuden ja tehokkuuden vaativissa sovelluksissa.<\/p>\n<h3>Tiivistys<\/h3>\n<p>Tehokas tiivistys on ratkaisevan t\u00e4rke\u00e4\u00e4 hydraulisylinterien suorituskyvyn kannalta. Korkealaatuiset tiivisteet est\u00e4v\u00e4t hydraulinesteen vuotamisen, mik\u00e4 on olennaista paineen ja tehokkuuden yll\u00e4pit\u00e4miseksi. Edistyneiden tiivistemateriaalien, kuten polyuretaanin tai nitriilikumin, k\u00e4ytt\u00f6 parantaa kest\u00e4vyytt\u00e4 ja v\u00e4hent\u00e4\u00e4 kulumista varmistaen pitk\u00e4aikaisen toimivuuden erilaisissa ty\u00f6olosuhteissa. Asianmukainen tiivisteiden suunnittelu edist\u00e4\u00e4 my\u00f6s hydraulij\u00e4rjestelm\u00e4n yleist\u00e4 turvallisuutta ja tehokkuutta.<\/p>\n<h3>Kest\u00e4vyys<\/h3>\n<p>Kest\u00e4vyys on hydraulisylinterin suunnittelun olennainen osa. Materiaalivalinnan, pintak\u00e4sittelyjen ja suojapinnoitteiden kaltaisten tekij\u00f6iden huomioon ottaminen voi pident\u00e4\u00e4 sylinterin k\u00e4ytt\u00f6ik\u00e4\u00e4 merkitt\u00e4v\u00e4sti. Insin\u00f6\u00f6rien on keskitytt\u00e4v\u00e4 luomaan kest\u00e4v\u00e4 rakenne, joka kest\u00e4\u00e4 haastavia ymp\u00e4rist\u00f6j\u00e4, kuten altistumisen sy\u00f6vytt\u00e4ville aineille ja \u00e4\u00e4rimm\u00e4isille l\u00e4mp\u00f6tilanvaihteluille. S\u00e4\u00e4nn\u00f6lliset tarkastukset ja huoltorutiinit ovat v\u00e4ltt\u00e4m\u00e4tt\u00f6mi\u00e4 pitk\u00e4aikaisen kest\u00e4vyyden varmistamiseksi.<\/p>\n<h3>Turvallisuus<\/h3>\n<p>Turvallisuus on ensiarvoisen t\u00e4rke\u00e4\u00e4 puomisylintereiden suunnittelussa. Insin\u00f6\u00f6rien on otettava huomioon mahdolliset vikaantumiskohdat ja sis\u00e4llytett\u00e4v\u00e4 turvaominaisuuksia riskien lievent\u00e4miseksi. N\u00e4ihin kuuluvat paineenalennusventtiilit ylipainetilanteiden est\u00e4miseksi ja kest\u00e4v\u00e4t kiinnitysvaihtoehdot vakauden varmistamiseksi k\u00e4yt\u00f6n aikana. Kansainv\u00e4listen turvallisuusstandardien noudattaminen on v\u00e4ltt\u00e4m\u00e4t\u00f6nt\u00e4 k\u00e4ytt\u00e4jien ja laitteiden suojaamiseksi kent\u00e4ll\u00e4.<\/p>\n<h3>Yll\u00e4pidett\u00e4vyys<\/h3>\n<p>Huollettavuuden suunnittelu varmistaa, ett\u00e4 hydraulisylintereit\u00e4 voidaan huoltaa helposti ja tehokkaasti. Osien helppo saatavuus, huoltoteht\u00e4vien selke\u00e4t merkinn\u00e4t ja standardoitujen osien k\u00e4ytt\u00f6 voivat yksinkertaistaa korjausprosesseja. S\u00e4\u00e4nn\u00f6llinen huolto on v\u00e4ltt\u00e4m\u00e4t\u00f6nt\u00e4 odottamattomien vikojen ehk\u00e4isemiseksi ja laitteiden k\u00e4ytt\u00f6i\u00e4n pident\u00e4miseksi.<\/p>\n<p><img decoding=\"async\" src=\"https:\/\/www.hydraulic-cylinders.net\/wp-content\/uploads\/2025\/04\/songte-oil-pipes-and-spare-parts.webp\" alt=\"Hydrauliset osat\"><\/p>\n<h2>Tiivistys ja voitelu<\/h2>\n<p>Asianmukainen tiivistys ja voitelu ovat ratkaisevan t\u00e4rkeit\u00e4 hydraulisylinterien tehokkaalle toiminnalle. Erilaisia \u200b\u200btiivisteit\u00e4, kuten m\u00e4nn\u00e4ntiivisteit\u00e4 ja varren tiivisteit\u00e4, k\u00e4ytet\u00e4\u00e4n est\u00e4m\u00e4\u00e4n nestevuotoja ja yll\u00e4pit\u00e4m\u00e4\u00e4n painetta sylinterin sis\u00e4ll\u00e4. Tiivistemateriaalit, kuten polyuretaani ja nitriilikumi, valitaan niiden kulutuskest\u00e4vyyden ja kest\u00e4vyyden perusteella. Lis\u00e4ksi sylinterin runko ja kierteitetyt p\u00e4\u00e4t ty\u00f6stet\u00e4\u00e4n hienosti kulutuskest\u00e4vyyden parantamiseksi. S\u00e4\u00e4nn\u00f6llinen voitelu hydrauli\u00f6ljyll\u00e4 on v\u00e4ltt\u00e4m\u00e4t\u00f6nt\u00e4 sujuvan toiminnan varmistamiseksi ja liikkuvien osien liiallisen kulumisen est\u00e4miseksi.<\/p>\n<h2>Ennaltaehk\u00e4isev\u00e4t huoltotoimenpiteet<\/h2>\n<ul>\n<li><strong>S\u00e4\u00e4nn\u00f6lliset tarkastukset:<\/strong> Aikatauluta s\u00e4\u00e4nn\u00f6lliset tarkastukset kulumisen, vuotojen ja muiden mahdollisten ongelmien varalta optimaalisen suorituskyvyn ja turvallisuuden varmistamiseksi.<\/li>\n<li><strong>Oikea voitelu:<\/strong> Yll\u00e4pid\u00e4 asianmukaista voitelutasoa ja k\u00e4yt\u00e4 suositeltuja hydrauliikka\u00f6ljyj\u00e4 sujuvan toiminnan varmistamiseksi ja kitkan v\u00e4hent\u00e4miseksi.<\/li>\n<li><strong>Tiivisteen vaihto:<\/strong> Tarkkaile tiivisteiden kulumista ja vaihda ne tarvittaessa nestevuotojen est\u00e4miseksi ja hydraulipaineen yll\u00e4pit\u00e4miseksi.<\/li>\n<\/ul>\n<h2>Asennusohjeet<\/h2>\n<p>Puomisylinterin asentaminen vaatii huolellista huomiota yksityiskohtiin optimaalisen suorituskyvyn varmistamiseksi. Aloita kohdistamalla sylinteri kaivinkoneen kiinnityskannattimiin ja varmista, ett\u00e4 kaikki komponentit ovat oikein paikoillaan. K\u00e4yt\u00e4 sopivia kiinnitystarvikkeita sylinterin kiinnitt\u00e4miseen paikalleen v\u00e4ltt\u00e4en virhekohdistusta, joka voi johtaa k\u00e4ytt\u00f6ongelmiin. Sylinterin kiinnitt\u00e4misen j\u00e4lkeen kytke hydrauliikkaletkut ja varmista, ett\u00e4 kaikki liitokset ovat tiukat ja vuotamattomat. Lopuksi suorita j\u00e4rjestelm\u00e4tarkastus varmistaaksesi, ett\u00e4 sylinteri toimii sujuvasti ja tehokkaasti ilman esteit\u00e4.<\/p>\n<h2>Yleiset huoltoteht\u00e4v\u00e4t<\/h2>\n<ul>\n<li><strong>S\u00e4\u00e4nn\u00f6lliset tarkastukset:<\/strong> Tee rutiinitarkastuksia kulumisen tai vaurioiden havaitsemiseksi. T\u00e4m\u00e4 auttaa havaitsemaan ongelmat ennen kuin ne pahenevat vakaviksi ongelmiksi.<\/li>\n<li><strong>Oikea voitelu:<\/strong> Riitt\u00e4v\u00e4n voitelun varmistaminen on v\u00e4ltt\u00e4m\u00e4t\u00f6nt\u00e4 hydraulisylinterin pitk\u00e4ik\u00e4isyyden kannalta. Tarkista \u00f6ljym\u00e4\u00e4r\u00e4 s\u00e4\u00e4nn\u00f6llisesti ja lis\u00e4\u00e4 tarvittaessa.<\/li>\n<li><strong>Tiivisteen vaihto:<\/strong> Tarkkaile tiivisteiden kuntoa ja vaihda ne tarvittaessa hydraulisen eheyden yll\u00e4pit\u00e4miseksi ja vuotojen est\u00e4miseksi.<\/li>\n<\/ul>\n<h2>Turvallisuusn\u00e4k\u00f6kohdat ja ymp\u00e4rist\u00f6tekij\u00e4t<\/h2>\n<p>Puomisylintereit\u00e4 k\u00e4ytett\u00e4ess\u00e4 turvatoimenpiteet ovat ensiarvoisen t\u00e4rkeit\u00e4. K\u00e4ytt\u00e4j\u00e4t on koulutettava tunnistamaan ja lievent\u00e4m\u00e4\u00e4n hydraulisiin laitteisiin liittyvi\u00e4 mahdollisia vaaroja. T\u00e4h\u00e4n sis\u00e4ltyy hydraulinesteiden vuotojen riskien, korkeapainej\u00e4rjestelmien ja turvallisten nostotekniikoiden ymm\u00e4rt\u00e4minen. Lis\u00e4ksi on otettava huomioon ymp\u00e4rist\u00f6n\u00e4k\u00f6kohdat, kuten hydraulinesteiden asianmukainen h\u00e4vitt\u00e4minen ja koneiden vaikutus ymp\u00e4r\u00f6iv\u00e4\u00e4n ekosysteemiin.<\/p>\n<h2>Vianm\u00e4\u00e4ritys ja yleiset ongelmat<\/h2>\n<ul>\n<li><strong>Vuoto:<\/strong> Tunnista vuotojen l\u00e4hde tarkastamalla tiivisteet ja liitokset. Vuotojen nopea korjaaminen on ratkaisevan t\u00e4rke\u00e4\u00e4 j\u00e4rjestelm\u00e4n tehokkuuden yll\u00e4pit\u00e4miseksi.<\/li>\n<li><strong>Ep\u00e4johdonmukainen liike:<\/strong> Jos sylinteri toimii ep\u00e4tasaisesti, tarkista hydraulinesteen tasot ja tutki, onko sylinteriss\u00e4 tukoksia tai sis\u00e4isi\u00e4 vaurioita.<\/li>\n<li><strong>Ylikuumeneminen:<\/strong> Tarkkaile hydraulij\u00e4rjestelm\u00e4n l\u00e4mp\u00f6tilaa. Ylikuumeneminen voi viitata hydraulinesteen heikkenemiseen tai riitt\u00e4m\u00e4tt\u00f6m\u00e4\u00e4n voiteluun.<\/li>\n<\/ul>\n<h2>Vianm\u00e4\u00e4ritysvinkkej\u00e4<\/h2>\n<p>Tehokkaan vianm\u00e4\u00e4rityksen varmistamiseksi k\u00e4ytt\u00e4jien tulisi tutustua yleisiin oireisiin ja ratkaisuihin. S\u00e4\u00e4nn\u00f6lliset huoltotarkastukset voivat est\u00e4\u00e4 monia ongelmia, kuten kuluneiden tiivisteiden vaihtamisen ennen kuin ne aiheuttavat vuotoja. Asianmukainen hydrauliikkaj\u00e4rjestelmien koulutus auttaa k\u00e4ytt\u00e4ji\u00e4 tunnistamaan toimintah\u00e4iri\u00f6iden varhaiset merkit, mik\u00e4 mahdollistaa oikea-aikaiset toimenpiteet, jotka parantavat puomisylinterien k\u00e4ytt\u00f6ik\u00e4\u00e4 ja suorituskyky\u00e4.<\/p>\n<p><img decoding=\"async\" src=\"https:\/\/www.hydraulic-cylinders.net\/wp-content\/uploads\/2025\/04\/songte-bushings-with-all-kinds-of-excavator-models.webp\" alt=\"Kaivinkoneen holkit\"><\/p>\n<h2>Tietoa yrityksest\u00e4mme<\/h2>\n<p>Olemme johtava hydraulisten sylinterien valmistaja, joka tunnetaan monipuolisesta tuotevalikoimastamme. Yrityksemme on vakiinnuttanut asemansa merkitt\u00e4v\u00e4n\u00e4 toimijana sek\u00e4 kotimaisilla ett\u00e4 kansainv\u00e4lisill\u00e4 markkinoilla. Noudatamme erinomaisuuden periaatteita ja hy\u00f6dynn\u00e4mme edistyneit\u00e4 valmistuksenohjausstrategioita erikoistuneissa ty\u00f6pajoissamme. Keskittymisemme ammattitaitoisiin teknikkoihin, huippuluokan digitaalisiin valmistuslaitteisiin ja tiukkaan testausj\u00e4rjestelm\u00e4\u00e4n varmistaa valmistusalustamme ja tuotteidemme laadun jatkuvan parantamisen. Sitoutumalla tehokkuuteen, tarkkuuteen ja korkeisiin laatustandardeihin t\u00e4yt\u00e4mme laajan valikoiman asiakkaiden vaatimuksia.<\/p>\n<p><img decoding=\"async\" src=\"https:\/\/www.hydraulic-cylinders.net\/wp-content\/uploads\/2025\/04\/songte-company-4.webp\" alt=\"Yrityksemme\"><br \/>\n<img decoding=\"async\" src=\"https:\/\/www.hydraulic-cylinders.net\/wp-content\/uploads\/2025\/04\/songte-company-3.webp\" alt=\"Yrityksen yleiskatsaus\"><\/p>\n<p>Kirjoittaja: lyl<\/p>","protected":false},"excerpt":{"rendered":"<p>Boom Cylinder For XGMA Middle Excavator XG825EL Product Overview The Boom Cylinder is an essential hydraulic component specifically designed for the XGMA Middle Excavator XG825EL. This hydraulic cylinder plays a critical role in controlling the movement of the excavator&#8217;s boom, allowing for precise lifting, lowering, and tilting of the bucket. As a hydraulic actuator, it [&hellip;]<\/p>","protected":false},"featured_media":17869,"comment_status":"open","ping_status":"closed","template":"","meta":{"_et_pb_use_builder":"","_et_pb_old_content":"","_et_gb_content_width":""},"product_brand":[],"product_cat":[1546],"product_tag":[1547,1496],"class_list":{"0":"post-19319","1":"product","2":"type-product","3":"status-publish","4":"has-post-thumbnail","6":"product_cat-boom-cylinders","7":"product_tag-boom-cylinders","8":"product_tag-hydraulic-cylinders","10":"first","11":"instock","12":"shipping-taxable","13":"product-type-simple"},"amp_enabled":true,"_links":{"self":[{"href":"https:\/\/www.hydraulic-cylinders.net\/fi\/wp-json\/wp\/v2\/product\/19319","targetHints":{"allow":["GET"]}}],"collection":[{"href":"https:\/\/www.hydraulic-cylinders.net\/fi\/wp-json\/wp\/v2\/product"}],"about":[{"href":"https:\/\/www.hydraulic-cylinders.net\/fi\/wp-json\/wp\/v2\/types\/product"}],"replies":[{"embeddable":true,"href":"https:\/\/www.hydraulic-cylinders.net\/fi\/wp-json\/wp\/v2\/comments?post=19319"}],"wp:featuredmedia":[{"embeddable":true,"href":"https:\/\/www.hydraulic-cylinders.net\/fi\/wp-json\/wp\/v2\/media\/17869"}],"wp:attachment":[{"href":"https:\/\/www.hydraulic-cylinders.net\/fi\/wp-json\/wp\/v2\/media?parent=19319"}],"wp:term":[{"taxonomy":"product_brand","embeddable":true,"href":"https:\/\/www.hydraulic-cylinders.net\/fi\/wp-json\/wp\/v2\/product_brand?post=19319"},{"taxonomy":"product_cat","embeddable":true,"href":"https:\/\/www.hydraulic-cylinders.net\/fi\/wp-json\/wp\/v2\/product_cat?post=19319"},{"taxonomy":"product_tag","embeddable":true,"href":"https:\/\/www.hydraulic-cylinders.net\/fi\/wp-json\/wp\/v2\/product_tag?post=19319"}],"curies":[{"name":"wp","href":"https:\/\/api.w.org\/{rel}","templated":true}]}}