{"id":19320,"date":"2025-04-07T06:26:50","date_gmt":"2025-04-07T06:26:50","guid":{"rendered":"https:\/\/www.hydraulic-cylinders.net\/product\/boom-cylinder-for-xgma-large-excavator-xg833eh\/"},"modified":"2025-04-07T06:26:52","modified_gmt":"2025-04-07T06:26:52","slug":"boom-cylinder-for-xgma-large-excavator-xg833eh","status":"publish","type":"product","link":"https:\/\/www.hydraulic-cylinders.net\/fi\/tuote\/boom-cylinder-for-xgma-large-excavator-xg833eh\/","title":{"rendered":"Puomin sylinteri XGMA-kaivukoneelle XG833EH"},"content":{"rendered":"<h1>Puomin sylinteri XGMA-kaivukoneelle XG833EH<\/h1>\n<h2>Tuotteen yleiskatsaus<\/h2>\n<p>XGMA-suurkaivukoneen XG833EH puomisylinteri on t\u00e4rke\u00e4 osa hydrauliikkaj\u00e4rjestelmi\u00e4, ja se on erityisesti suunniteltu ohjaamaan raskaiden koneiden puomin varren liikett\u00e4. T\u00e4m\u00e4 hydraulisylinteri mahdollistaa puomin ojentamisen, supistamisen ja kallistamisen, mik\u00e4 helpottaa tehokasta materiaalink\u00e4sittely\u00e4 rakennus-, kaivos- ja muissa raskaissa sovelluksissa. Sill\u00e4 on t\u00e4rke\u00e4 rooli kaivinkoneiden, kaivurikuormaajien ja etukuormaajien toiminnassa, sill\u00e4 se varmistaa tarkkuuden ja vakauden k\u00e4yt\u00f6n aikana.<\/p>\n<p><img decoding=\"async\" src=\"https:\/\/www.hydraulic-cylinders.net\/wp-content\/uploads\/2025\/04\/songte-company-1.webp\" alt=\"Kaivinkoneiden puomin sylinteri\"><\/p>\n<h3>M\u00e4\u00e4ritelm\u00e4 ja toiminnallisuus<\/h3>\n<p>Kauhasylinteri on er\u00e4\u00e4nlainen hydraulisylinteri, joka on erityisesti suunniteltu hallitsemaan raskaiden koneiden kauhan liikkeit\u00e4. N\u00e4m\u00e4 sylinterit k\u00e4ytt\u00e4v\u00e4t paineistettua hydraulinestett\u00e4 ja luovat voimakkaan voiman kauhan nostamiseen, laskemiseen ja kallistamiseen. Niiden rakenne mahdollistaa sujuvan toiminnan ja parantaa laitteiden kokonaistehokkuutta, mik\u00e4 tekee niist\u00e4 v\u00e4ltt\u00e4m\u00e4tt\u00f6mi\u00e4 erilaisissa materiaalinkuljetusteht\u00e4viss\u00e4. Hydraulisylinterit, kuten puomisylinteri, ovat elint\u00e4rkeit\u00e4 raskaissa nosto- ja siirtoteht\u00e4viss\u00e4, joissa tarkkuus ja teho ovat olennaisia.<\/p>\n<h2>T\u00e4rkeimm\u00e4t ominaisuudet<\/h2>\n<ul>\n<li><strong>Korkea lujuus ja kest\u00e4vyys:<\/strong> N\u00e4m\u00e4 lujasta ter\u00e4ksest\u00e4 tai alumiinista valmistetut sylinterit on suunniteltu kest\u00e4m\u00e4\u00e4n korkeaa painetta ja raskaita kuormia, sopivat vaativiin ty\u00f6ymp\u00e4rist\u00f6ihin ja niill\u00e4 on kulutuskest\u00e4vyys ja korroosiosuojaus k\u00e4ytt\u00f6i\u00e4n pident\u00e4miseksi.<\/li>\n<li><strong>Tehokas hydraulinen k\u00e4ytt\u00f6:<\/strong> Sylinteri toimii tasaisesti hydrauli\u00f6ljyn paineen avulla, mik\u00e4 takaa nopeat vasteajat ja tarjoaa huomattavaa ty\u00f6nt\u00f6- ja vetovoimaa raskaiden tai monimutkaisten teht\u00e4vien k\u00e4sittelyyn.<\/li>\n<li><strong>Erilaisia \u200b\u200btyyppej\u00e4:<\/strong> Saatavilla yksitoimisina (toimii yhteen suuntaan) tai kaksitoimisina (toimii molempiin suuntiin) kokoonpanoina. Tietyiss\u00e4 malleissa on teleskooppirakenne, joka pident\u00e4\u00e4 ulottuvuutta ilman ulkomittojen kasvua, mik\u00e4 sopii erinomaisesti ahtaisiin tiloihin.<\/li>\n<\/ul>\n<h3>Valmistuskyvyt<\/h3>\n<p>Olemme erikoistuneet huippulaatuisten puomisylintereiden valmistukseen, jotka korvaavat t\u00e4ydellisesti olemassa olevat hydraulisylinterit ja varmistavat optimaalisen suorituskyvyn erilaisissa sovelluksissa.<\/p>\n<p><img decoding=\"async\" src=\"https:\/\/www.hydraulic-cylinders.net\/wp-content\/uploads\/2025\/04\/songte-cylinder-head-with-all-kinds-excavator-models.webp\" alt=\"Hydraulisylinterien valmistus\"><\/p>\n<h2>Sovellukset<\/h2>\n<h3>Rakennuslaitteet<\/h3>\n<p>Kaivinkoneissa puomin sylinterit ovat v\u00e4ltt\u00e4m\u00e4tt\u00f6mi\u00e4 kaivamiseen, lastaamiseen ja maaper\u00e4n tai roskien siirt\u00e4miseen. Ne antavat kaivinkoneen puomille mahdollisuuden ulottua ja tunkeutua tehokkaasti maahan. Kaivurikuormaajissa n\u00e4m\u00e4 sylinterit helpottavat sek\u00e4 kaivu- ett\u00e4 nostotoimintoja, mik\u00e4 tekee niist\u00e4 monipuolisia ty\u00f6kaluja rakennusteollisuudessa.<\/p>\n<h3>Maatalouskoneet<\/h3>\n<p>Etukuormaajissa puomisylintereit\u00e4 k\u00e4ytet\u00e4\u00e4n maan, hein\u00e4n ja muiden materiaalien kaivamiseen, nostamiseen ja kuljettamiseen, ja niill\u00e4 on ratkaiseva rooli maatalousteht\u00e4viss\u00e4. Niiden luotettavuus varmistaa, ett\u00e4 viljelij\u00e4t voivat hallita ty\u00f6m\u00e4\u00e4r\u00e4\u00e4ns\u00e4 tehokkaasti ja minimaalisilla seisokkiajoilla.<\/p>\n<h3>Kaivinkoneet<\/h3>\n<p>Puomisylinterit mahdollistavat kaivinkoneiden kaivutoiminnot tunkeutumalla maaper\u00e4\u00e4n, jolloin kauha tunkeutuu maahan. T\u00e4m\u00e4 toiminto on olennainen erilaisissa kaivuprojekteissa asuinrakentamisesta laajamittaisiin infrastruktuurihankkeisiin.<\/p>\n<h3>Kuormaajat<\/h3>\n<p>Etukuormaajissa puomisylinterit auttavat kuormien tehokkaassa nostamisessa ja tyhjent\u00e4misess\u00e4. Niiden kest\u00e4v\u00e4 rakenne varmistaa, ett\u00e4 raskaita materiaaleja voidaan siirt\u00e4\u00e4 helposti, mik\u00e4 parantaa tuottavuutta ty\u00f6mailla.<\/p>\n<h2>Suunnittelun\u00e4k\u00f6kohdat ja valintastandardit<\/h2>\n<h3>Kantavuus<\/h3>\n<p>Puomisylinteri\u00e4 suunniteltaessa kuormituskapasiteetti on kriittinen tekij\u00e4. Se m\u00e4\u00e4ritt\u00e4\u00e4, kuinka paljon painoa sylinteri voi turvallisesti nostaa ja k\u00e4sitell\u00e4. T\u00e4m\u00e4 huomio on olennainen sylinteri\u00e4 k\u00e4ytt\u00e4vien raskaiden koneiden turvallisuuden ja toimivuuden varmistamiseksi. Insin\u00f6\u00f6rien on laskettava k\u00e4yt\u00f6n aikana odotettavissa olevat enimm\u00e4iskuormat ottaen huomioon tekij\u00e4t, kuten painon jakautuminen ja suoritettavan ty\u00f6n tyyppi. Suuri kuormituskapasiteetti vaatii kest\u00e4vi\u00e4 materiaaleja ja suunnittelua, jotta estet\u00e4\u00e4n viat k\u00e4yt\u00f6n aikana.<\/p>\n<h3>Tiivistyskyky<\/h3>\n<p>Tiivistys on elint\u00e4rke\u00e4\u00e4 hydraulisylintereiss\u00e4 nestevuotojen est\u00e4miseksi ja paineen yll\u00e4pit\u00e4miseksi. Tehokkaiden tiivisteiden on kestett\u00e4v\u00e4 korkeita paineita ja l\u00e4mp\u00f6tiloja sek\u00e4 kulumista. Kest\u00e4vist\u00e4 materiaaleista, kuten polyuretaanista tai nitriilikumista, valmistetut tiivisteet varmistavat pitk\u00e4n k\u00e4ytt\u00f6i\u00e4n ja tehokkuuden. Asianmukainen tiivistys vaikuttaa hydraulij\u00e4rjestelm\u00e4n kokonaissuorituskykyyn ja luotettavuuteen, joten se on olennainen osa suunnittelua.<\/p>\n<h3>Kest\u00e4vyys<\/h3>\n<p>Kest\u00e4vyys on ensiarvoisen t\u00e4rke\u00e4\u00e4 puomisylinteri\u00e4 valittaessa, erityisesti vaativissa ymp\u00e4rist\u00f6iss\u00e4. Kest\u00e4v\u00e4 sylinteri kest\u00e4\u00e4 ankaria olosuhteita, kuten \u00e4\u00e4rimm\u00e4isi\u00e4 l\u00e4mp\u00f6tiloja, p\u00f6ly\u00e4, mutaa ja kemikaaleja. Valmistajat saavuttavat kest\u00e4vyyden materiaalivalinnoilla ja edistyneill\u00e4 suunnittelutekniikoilla varmistaen, ett\u00e4 sylinteri toimii luotettavasti pitki\u00e4 aikoja.<\/p>\n<h3>Turvaominaisuudet<\/h3>\n<p>Turvaominaisuuksien sis\u00e4llytt\u00e4minen puomisylinterien suunnitteluun on ratkaisevan t\u00e4rke\u00e4\u00e4 onnettomuuksien ehk\u00e4isemiseksi k\u00e4yt\u00f6n aikana. Varoventtiilit, paineenalennusj\u00e4rjestelm\u00e4t ja h\u00e4t\u00e4pys\u00e4ytysmekanismit edist\u00e4v\u00e4t hydraulij\u00e4rjestelmien yleist\u00e4 turvallisuutta. N\u00e4iden ominaisuuksien sis\u00e4llytt\u00e4minen suunnitteluun auttaa lievent\u00e4m\u00e4\u00e4n raskaiden koneiden k\u00e4ytt\u00f6\u00f6n liittyvi\u00e4 riskej\u00e4.<\/p>\n<h3>Huolton\u00e4k\u00f6kohdat<\/h3>\n<p>Huollettavuuden huomioiva suunnittelu varmistaa, ett\u00e4 puomin sylinterit ovat helposti huollettavissa. T\u00e4m\u00e4 sis\u00e4lt\u00e4\u00e4 tarkastusten, voitelun ja korjausten tekemisen. S\u00e4\u00e4nn\u00f6llinen huolto on avainasemassa sylinterin k\u00e4ytt\u00f6i\u00e4n pident\u00e4misess\u00e4 ja sen suorituskyvyn yll\u00e4pit\u00e4misess\u00e4. Huoltoa helpottavat ominaisuudet auttavat alentamaan k\u00e4ytt\u00f6kustannuksia ja lis\u00e4\u00e4m\u00e4\u00e4n turvallisuutta.<\/p>\n<p><img decoding=\"async\" src=\"https:\/\/www.hydraulic-cylinders.net\/wp-content\/uploads\/2025\/04\/songte-oil-pipes-and-spare-parts.webp\" alt=\"Hydraulisylinterin osat\"><\/p>\n<h2>Tiivistys ja voitelu<\/h2>\n<p>Tehokas tiivistys ja voitelu ovat v\u00e4ltt\u00e4m\u00e4tt\u00f6mi\u00e4 puomisylinterien optimaalisen suorituskyvyn kannalta. Erilaiset tiivistyskomponentit, kuten m\u00e4nn\u00e4ntiivisteet ja varren tiivisteet, ovat elint\u00e4rkeit\u00e4 hydraulinesteen vuotamisen est\u00e4miseksi. Kulutusta kest\u00e4vist\u00e4 materiaaleista, kuten polyuretaanista ja nitriilikumista, valmistettuja tiivisteit\u00e4 k\u00e4ytet\u00e4\u00e4n yleisesti kest\u00e4vyyden varmistamiseksi. Lis\u00e4ksi sylinterin runko ja kierteitetyt p\u00e4\u00e4typinnat on hienosti k\u00e4sitelty kulutuskest\u00e4vyyden parantamiseksi. S\u00e4\u00e4nn\u00f6llinen voitelu hydrauli\u00f6ljyll\u00e4 on v\u00e4ltt\u00e4m\u00e4t\u00f6nt\u00e4 sujuvan toiminnan yll\u00e4pit\u00e4miseksi ja liikkuvien osien kulumisen est\u00e4miseksi, mik\u00e4 varmistaa sylinterin pitk\u00e4n k\u00e4ytt\u00f6i\u00e4n.<\/p>\n<h2>Ennaltaehk\u00e4isev\u00e4t huoltotoimenpiteet<\/h2>\n<ul>\n<li><strong>S\u00e4\u00e4nn\u00f6lliset tarkastukset:<\/strong> Suorita rutiinitarkastuksia kulumisen ja mahdollisten ongelmien tunnistamiseksi varhaisessa vaiheessa. S\u00e4\u00e4nn\u00f6lliset tarkastukset auttavat ehk\u00e4isem\u00e4\u00e4n vakavia vikoja ja pident\u00e4m\u00e4\u00e4n hydraulisylinterin k\u00e4ytt\u00f6ik\u00e4\u00e4.<\/li>\n<li><strong>Asianmukainen voitelu:<\/strong> Varmista, ett\u00e4 sylinteri on voideltu riitt\u00e4v\u00e4sti oikeanlaisella hydrauliikka\u00f6ljyll\u00e4. T\u00e4m\u00e4 k\u00e4yt\u00e4nt\u00f6 minimoi liikkuvien osien kitkan ja kulumisen, mik\u00e4 edist\u00e4\u00e4 tehokasta toimintaa.<\/li>\n<li><strong>Tiivisteen vaihto:<\/strong> Tarkkaile tiivisteiden kuntoa ja vaihda ne tarvittaessa. Kuluneet tai vaurioituneet tiivisteet voivat johtaa vuotoihin, mik\u00e4 heikent\u00e4\u00e4 suorituskyky\u00e4 ja turvallisuutta.<\/li>\n<\/ul>\n<h2>Asennusohjeet<\/h2>\n<p>Puomisylinterien oikea asennus on ratkaisevan t\u00e4rke\u00e4\u00e4 niiden suorituskyvyn ja pitk\u00e4n k\u00e4ytt\u00f6i\u00e4n kannalta. Aloita varmistamalla, ett\u00e4 kiinnityspinnat ovat puhtaat ja roskattomat. K\u00e4yt\u00e4 sopivia kohdistusty\u00f6kaluja varmistaaksesi, ett\u00e4 sylinteri on kohdistettu oikein koneiston kanssa, jotta v\u00e4ltet\u00e4\u00e4n tarpeeton rasitus. Kun kiinnit\u00e4t sylinteri\u00e4, k\u00e4yt\u00e4 sopivia kiinnitystelineit\u00e4 sen riitt\u00e4v\u00e4n vakauttamiseksi. Noudata valmistajan ohjeita v\u00e4\u00e4nt\u00f6momentin asetuksista, jotta sylinteri ei vaurioidu asennuksen aikana. Tarkista s\u00e4\u00e4nn\u00f6llisesti kohdistus ja kiinnit\u00e4 kiinnitykset varmistaaksesi, ett\u00e4 sylinteri toimii sujuvasti ja tehokkaasti.<\/p>\n<h2>Yleiset huoltoteht\u00e4v\u00e4t<\/h2>\n<h3>S\u00e4\u00e4nn\u00f6lliset tarkastukset<\/h3>\n<p>S\u00e4\u00e4nn\u00f6llisten tarkastusten suorittaminen on elint\u00e4rke\u00e4\u00e4 mahdollisten ongelmien tunnistamiseksi ennen niiden pahenemista. Tarkista sylinteri kulumisen, vuotojen tai korroosion merkkien varalta. Kiinnit\u00e4 erityist\u00e4 huomiota tiivisteisiin ja kiinnitysosiin varmistaaksesi, ett\u00e4 kaikki toimii oikein. Dokumentoi kaikki l\u00f6yd\u00f6kset, jotta voit seurata kuntoa ajan kuluessa ja puuttua ongelmiin nopeasti.<\/p>\n<h3>Asianmukainen voitelu<\/h3>\n<p>Oikean voitelun yll\u00e4pit\u00e4minen on v\u00e4ltt\u00e4m\u00e4t\u00f6nt\u00e4 hydraulisylinterien sujuvalle toiminnalle. K\u00e4yt\u00e4 valmistajan suosittelemaa hydrauli\u00f6ljy\u00e4 ja varmista, ett\u00e4 sit\u00e4 on t\u00e4ytetty oikeaan tasoon. S\u00e4\u00e4nn\u00f6llinen voitelu v\u00e4hent\u00e4\u00e4 kitkaa ja kulumista, jolloin sylinteri toimii tehokkaasti. Laadi voiteluaikataulu k\u00e4yt\u00f6n ja ymp\u00e4rist\u00f6olosuhteiden perusteella varmistaaksesi johdonmukaisen huollon.<\/p>\n<h3>Tiivisteiden vaihto ja kalibrointitarkastukset<\/h3>\n<p>Vaihda tiivisteet heti, kun kuluminen tai vuoto ilmenee, jotta hydraulij\u00e4rjestelm\u00e4n eheys s\u00e4ilyy. Aikatauluta s\u00e4\u00e4nn\u00f6lliset kalibrointitarkastukset varmistaaksesi, ett\u00e4 sylinteri toimii m\u00e4\u00e4riteltyjen parametrien mukaisesti. Oikea kohdistus ja toiminta ovat v\u00e4ltt\u00e4m\u00e4tt\u00f6mi\u00e4 turvallisuuden ja suorituskyvyn kannalta, ja kaikkiin poikkeamiin on puututtava v\u00e4litt\u00f6m\u00e4sti.<\/p>\n<p><img decoding=\"async\" src=\"https:\/\/www.hydraulic-cylinders.net\/wp-content\/uploads\/2025\/04\/songte-chushion-collar.webp\" alt=\"Sylinterin pehmustekaulus\"><\/p>\n<h2>Turvallisuusn\u00e4k\u00f6kohdat ja ymp\u00e4rist\u00f6tekij\u00e4t<\/h2>\n<p>Hydraulisylintereit\u00e4 k\u00e4ytett\u00e4ess\u00e4 on ehdottoman t\u00e4rke\u00e4\u00e4 noudattaa turvallisuustoimenpiteit\u00e4 onnettomuuksien v\u00e4ltt\u00e4miseksi. K\u00e4ytt\u00e4j\u00e4t on koulutettava koneiden asianmukaiseen k\u00e4ytt\u00f6\u00f6n ja heid\u00e4n on ymm\u00e4rrett\u00e4v\u00e4 hydraulij\u00e4rjestelmiin liittyv\u00e4t mahdolliset vaarat. Lis\u00e4ksi ymp\u00e4rist\u00f6yst\u00e4v\u00e4llisten hydraulinesteiden k\u00e4ytt\u00f6 voi lievent\u00e4\u00e4 ymp\u00e4rist\u00f6vaikutuksia ja edist\u00e4\u00e4 kest\u00e4vyytt\u00e4 ja turvallisuutta toiminnassa.<\/p>\n<h2>Yleisten ongelmien vianm\u00e4\u00e4ritys<\/h2>\n<ul>\n<li><strong>Vuoto:<\/strong> Jos huomaat hydraulinestett\u00e4 vuotavan sylinterist\u00e4, tarkista tiivisteet vaurioiden varalta ja vaihda ne tarvittaessa. Varmista, ett\u00e4 sylinteri on asennettu oikein ja ett\u00e4 kaikki liitokset ovat tiukat.<\/li>\n<li><strong>Riitt\u00e4m\u00e4t\u00f6n teho:<\/strong> Jos sylinteri ei toimi odotetulla tavalla, tarkista, ett\u00e4 hydraulinesteen taso on riitt\u00e4v\u00e4 ja ett\u00e4 j\u00e4rjestelm\u00e4ss\u00e4 ei ole tukoksia. Tarkista, onko hydrauliletkuissa ilmavuotoja.<\/li>\n<li><strong>Oudot \u00e4\u00e4net:<\/strong> Ep\u00e4tavalliset \u00e4\u00e4net k\u00e4yt\u00f6n aikana voivat viitata mekaanisiin ongelmiin tai riitt\u00e4m\u00e4tt\u00f6m\u00e4\u00e4n voiteluun. Tarkista kuluminen ja varmista, ett\u00e4 sylinteri on riitt\u00e4v\u00e4sti voideltu vaurioiden v\u00e4ltt\u00e4miseksi.<\/li>\n<\/ul>\n<h2>Vianm\u00e4\u00e4ritysvinkkej\u00e4<\/h2>\n<p>Jotta ongelmat voidaan vianm\u00e4\u00e4ritt\u00e4\u00e4 tehokkaasti, huolla ja tarkasta hydrauliikkaj\u00e4rjestelm\u00e4 s\u00e4\u00e4nn\u00f6llisesti. Pid\u00e4 kirjaa kaikista havaituista ongelmista tunnistaaksesi kaavoja, jotka voivat viitata taustalla oleviin ongelmiin. Toteuta ennaltaehk\u00e4isevi\u00e4 toimenpiteit\u00e4, kuten rutiinitarkastuksia ja tiivisteiden oikea-aikaista vaihtoa, ongelmien minimoimiseksi ja hydrauliikkaj\u00e4rjestelm\u00e4n tehokkaan toiminnan varmistamiseksi.<\/p>\n<p><img decoding=\"async\" src=\"https:\/\/www.hydraulic-cylinders.net\/wp-content\/uploads\/2025\/04\/songte-bushings-with-all-kinds-of-excavator-models.webp\" alt=\"Kaivinkoneen holkit\"><\/p>\n<h2>Yrityksen yleiskatsaus<\/h2>\n<p>Olemme johtava hydraulisten sylinterien vaihto-osien valmistaja, joka tarjoaa laajan valikoiman tuotteita sek\u00e4 kotimaisille ett\u00e4 kansainv\u00e4lisille markkinoille. Yrityksemme on sitoutunut huippuosaamiseen ja hy\u00f6dynt\u00e4\u00e4 hienostuneita valmistusstrategioita ja edistynytt\u00e4 teknologiaa varmistaakseen erinomaisen tuotteiden laadun. Tiimimme koostuu ammattitaitoisista ammattilaisista, jotka ovat omistautuneet parantamaan valmistusj\u00e4rjestelm\u00e4\u00e4mme ja varmistamaan, ett\u00e4 t\u00e4yt\u00e4mme monipuoliset asiakastarpeet tehokkaasti, tarkasti ja laadukkaasti.<\/p>\n<p><img decoding=\"async\" src=\"https:\/\/www.hydraulic-cylinders.net\/wp-content\/uploads\/2025\/04\/songte-company-4.webp\" alt=\"Yrityksen valmistusprosessi\"><br \/>\n<img decoding=\"async\" src=\"https:\/\/www.hydraulic-cylinders.net\/wp-content\/uploads\/2025\/04\/songte-company-3.webp\" alt=\"Hydraulisylinterin tuotanto\"><\/p>\n<p>Sitoutumisemme ammattitaitoon n\u00e4kyy kansainv\u00e4lisiss\u00e4 sertifikaateissamme, r\u00e4\u00e4t\u00e4l\u00f6idyiss\u00e4 palveluissamme, edistyneiss\u00e4 tuotantolaitteissamme ja vankassa j\u00e4lkimarkkinointituessamme. Pyrimme tarjoamaan asiakkaidemme erityistarpeisiin r\u00e4\u00e4t\u00e4l\u00f6ityj\u00e4 ratkaisuja varmistaen heid\u00e4n tyytyv\u00e4isyytens\u00e4 ja tuotteidemme pitk\u00e4aikaisen suorituskyvyn.<\/p>\n<p>Kirjoittaja: lyl<\/p>","protected":false},"excerpt":{"rendered":"<p>Boom Cylinder For XGMA Large Excavator XG833EH Product Overview The Boom Cylinder for the XGMA Large Excavator XG833EH is a crucial component in hydraulic systems, specifically designed to control the movement of the boom arm in heavy machinery. This hydraulic cylinder allows the boom to extend, retract, and tilt, facilitating efficient material handling tasks in [&hellip;]<\/p>","protected":false},"featured_media":17870,"comment_status":"open","ping_status":"closed","template":"","meta":{"_et_pb_use_builder":"","_et_pb_old_content":"","_et_gb_content_width":""},"product_brand":[],"product_cat":[1546],"product_tag":[1547,1496],"class_list":{"0":"post-19320","1":"product","2":"type-product","3":"status-publish","4":"has-post-thumbnail","6":"product_cat-boom-cylinders","7":"product_tag-boom-cylinders","8":"product_tag-hydraulic-cylinders","10":"first","11":"instock","12":"shipping-taxable","13":"product-type-simple"},"amp_enabled":true,"_links":{"self":[{"href":"https:\/\/www.hydraulic-cylinders.net\/fi\/wp-json\/wp\/v2\/product\/19320","targetHints":{"allow":["GET"]}}],"collection":[{"href":"https:\/\/www.hydraulic-cylinders.net\/fi\/wp-json\/wp\/v2\/product"}],"about":[{"href":"https:\/\/www.hydraulic-cylinders.net\/fi\/wp-json\/wp\/v2\/types\/product"}],"replies":[{"embeddable":true,"href":"https:\/\/www.hydraulic-cylinders.net\/fi\/wp-json\/wp\/v2\/comments?post=19320"}],"wp:featuredmedia":[{"embeddable":true,"href":"https:\/\/www.hydraulic-cylinders.net\/fi\/wp-json\/wp\/v2\/media\/17870"}],"wp:attachment":[{"href":"https:\/\/www.hydraulic-cylinders.net\/fi\/wp-json\/wp\/v2\/media?parent=19320"}],"wp:term":[{"taxonomy":"product_brand","embeddable":true,"href":"https:\/\/www.hydraulic-cylinders.net\/fi\/wp-json\/wp\/v2\/product_brand?post=19320"},{"taxonomy":"product_cat","embeddable":true,"href":"https:\/\/www.hydraulic-cylinders.net\/fi\/wp-json\/wp\/v2\/product_cat?post=19320"},{"taxonomy":"product_tag","embeddable":true,"href":"https:\/\/www.hydraulic-cylinders.net\/fi\/wp-json\/wp\/v2\/product_tag?post=19320"}],"curies":[{"name":"wp","href":"https:\/\/api.w.org\/{rel}","templated":true}]}}