{"id":19322,"date":"2025-04-07T06:26:55","date_gmt":"2025-04-07T06:26:55","guid":{"rendered":"https:\/\/www.hydraulic-cylinders.net\/product\/boom-cylinder-for-xgma-large-excavator-xg836mh\/"},"modified":"2025-04-07T06:26:57","modified_gmt":"2025-04-07T06:26:57","slug":"boom-cylinder-for-xgma-large-excavator-xg836mh","status":"publish","type":"product","link":"https:\/\/www.hydraulic-cylinders.net\/fi\/tuote\/boom-cylinder-for-xgma-large-excavator-xg836mh\/","title":{"rendered":"Puomin sylinteri XGMA-kaivukoneelle XG836MH"},"content":{"rendered":"<h1>Puomin sylinteri XGMA-kaivukoneelle XG836MH<\/h1>\n<h2>Johdatus puomin sylintereihin<\/h2>\n<p>XGMA-suurkaivukoneen XG836MH puomisylinteri on kriittinen komponentti raskaiden koneiden k\u00e4ytt\u00f6\u00f6n. T\u00e4m\u00e4 hydraulisylinteri on erikoistunut kaivinkoneen lis\u00e4laitteiden, kuten kauhojen, liikkeen ohjaamiseen, mahdollistaen t\u00e4rke\u00e4t teht\u00e4v\u00e4t, kuten nostamisen, laskemisen ja kallistuksen. Se helpottaa tehokasta materiaalink\u00e4sittely\u00e4, mik\u00e4 tekee siit\u00e4 t\u00e4rke\u00e4n osan erilaisia \u200b\u200brakennus- ja kaivuprojekteja.<\/p>\n<p><img decoding=\"async\" src=\"https:\/\/www.hydraulic-cylinders.net\/wp-content\/uploads\/2025\/04\/songte-company-1.webp\" alt=\"Kaivinkoneiden puomin sylinteri\" \/><\/p>\n<h3>Kauhasylinterien ymm\u00e4rt\u00e4minen<\/h3>\n<p>Kauhasylinterit ovat hydraulisia mekanismeja, jotka on erityisesti suunniteltu hallitsemaan raskaiden rakennuslaitteiden, kuten kaivinkoneiden, kaivurikuormaajien ja etukuormaajien, kauhojen liikett\u00e4. Ne toimivat hydraulij\u00e4rjestelm\u00e4ss\u00e4, jossa paineistettua nestett\u00e4 k\u00e4ytet\u00e4\u00e4n liikkeen luomiseen. T\u00e4m\u00e4 sovellus mahdollistaa kauhan suorittamisen olennaisissa toiminnoissa, joita tarvitaan materiaalien tehokkaaseen kaivamiseen, kuljettamiseen ja kippaamiseen. N\u00e4iden sylinterien suunnittelu ja toiminta ovat ratkaisevan t\u00e4rkeit\u00e4 optimaalisen suorituskyvyn saavuttamiseksi vaativissa ty\u00f6ymp\u00e4rist\u00f6iss\u00e4.<\/p>\n<h2>Puomin sylinterin ominaisuudet<\/h2>\n<ul>\n<li><strong>Korkea lujuus ja kest\u00e4vyys:<\/strong> N\u00e4m\u00e4 sylinterit on valmistettu eritt\u00e4in lujasta ter\u00e4ksest\u00e4 tai alumiinista, ja ne kest\u00e4v\u00e4t korkeita paineita ja raskaita kuormia varmistaen luotettavuuden my\u00f6s ankarissa ty\u00f6olosuhteissa.<\/li>\n<li><strong>Tehokas hydraulinen k\u00e4ytt\u00f6:<\/strong> Hydrauli\u00f6ljyn painetta hy\u00f6dynt\u00e4v\u00e4 puomin sylinteri mahdollistaa sujuvan ojennuksen ja sis\u00e4\u00e4nvedon, mik\u00e4 vastaa k\u00e4ytt\u00e4j\u00e4n komentoihin nopeasti ja tuottaa tehokkaita ty\u00f6nt\u00f6- ja vetovoimia.<\/li>\n<li><strong>Erilaisia \u200b\u200btyyppej\u00e4:<\/strong> N\u00e4it\u00e4 sylintereit\u00e4 on saatavana yksi- ja kaksitoimisina malleina, ja ne vastaavat erilaisiin k\u00e4ytt\u00f6tarpeisiin. Jotkut mallit ovat teleskooppisia, mik\u00e4 mahdollistaa pidemm\u00e4n ulottuvuuden ilman ulkomittojen kasvua.<\/li>\n<li><strong>Helppo integrointi:<\/strong> Suunniteltu korvaamaan saumattomasti olemassa olevat hydraulisylinterit, mik\u00e4 varmistaa sujuvat p\u00e4ivitykset ja huollot.<\/li>\n<li><strong>Huoltoyst\u00e4v\u00e4llinen muotoilu:<\/strong> Suunniteltu yksinkertaisia \u200b\u200bhuoltotoimenpiteit\u00e4 varten, mik\u00e4 pident\u00e4\u00e4 k\u00e4ytt\u00f6ik\u00e4\u00e4 ja v\u00e4hent\u00e4\u00e4 seisokkiaikoja.<\/li>\n<\/ul>\n<p><img decoding=\"async\" src=\"https:\/\/www.hydraulic-cylinders.net\/wp-content\/uploads\/2025\/04\/songte-cylinder-head-with-all-kinds-excavator-models.webp\" alt=\"Kaivinkonemallit\" \/><\/p>\n<h2>Puomisylinterin sovellukset<\/h2>\n<h3>Rakennuslaitteet<\/h3>\n<p>Kaivinkoneissa puomisylintereill\u00e4 on t\u00e4rke\u00e4 rooli maan tai roskien kaivamisessa, lastaamisessa ja siirt\u00e4misess\u00e4. Niiden kyky hallita kauhan liikett\u00e4 tehokkaasti on ratkaisevan t\u00e4rke\u00e4\u00e4 onnistuneiden kaivut\u00f6iden kannalta. Lis\u00e4ksi kaivurikuormaajissa ne auttavat sek\u00e4 ojissa ett\u00e4 materiaalien nostamisessa, mik\u00e4 parantaa rakennusty\u00f6maiden kokonaistuottavuutta.<\/p>\n<h3>Maatalouskoneet<\/h3>\n<p>Etukuormaajissa puomisylinterit vastaavat maaper\u00e4n, hein\u00e4n ja muiden materiaalien kaivamisesta, nostamisesta ja kuljettamisesta. Niiden kest\u00e4v\u00e4 rakenne varmistaa, ett\u00e4 ne pystyv\u00e4t k\u00e4sittelem\u00e4\u00e4n merkitt\u00e4vi\u00e4 painoja, mik\u00e4 tekee niist\u00e4 v\u00e4ltt\u00e4m\u00e4tt\u00f6mi\u00e4 maatalousteht\u00e4viss\u00e4. Ne mahdollistavat maanviljelij\u00f6iden ja urakoitsijoiden tehokkaan suorittamisen erilaisissa teht\u00e4viss\u00e4, kuten materiaalien lastaamisen ja purkamisen, mik\u00e4 parantaa maatalousalan tuottavuutta.<\/p>\n<h3>Kaivinkoneet<\/h3>\n<p>Kaivinkoneissa puomisylinteri mahdollistaa kauhan tehokkaan tunkeutumisen maaper\u00e4\u00e4n. T\u00e4m\u00e4 ominaisuus on olennainen erilaisissa kaivut\u00f6iss\u00e4, aina maisemoinnista laajoihin rakennusprojekteihin. Puomisylinterin rakenne varmistaa kauhan liikkeiden tarkan hallinnan, mik\u00e4 on elint\u00e4rke\u00e4\u00e4 ymp\u00e4r\u00f6ivien alueiden h\u00e4iri\u00f6iden minimoimiseksi.<\/p>\n<h3>Kuormaajat<\/h3>\n<p>Etukuormaajissa n\u00e4m\u00e4 sylinterit helpottavat materiaalien tehokasta nostamista ja tyhjent\u00e4mist\u00e4. Niiden hydrauliset ominaisuudet mahdollistavat nopean ohjauksen, mik\u00e4 on olennaista nopeatempoisissa rakennusymp\u00e4rist\u00f6iss\u00e4. Puomisylinterien tarjoama tehokkuus lis\u00e4\u00e4 kuormaajien kokonaisk\u00e4ytt\u00f6kapasiteettia, mik\u00e4 tekee niist\u00e4 tehokkaampia materiaalink\u00e4sittelyteht\u00e4viss\u00e4.<\/p>\n<h2>Suunnittelun\u00e4k\u00f6kohdat ja valintakriteerit<\/h2>\n<h3>Kantavuus<\/h3>\n<p>Puomisylinterien suunnittelussa on priorisoitava kuormankestoa, jotta ne kest\u00e4v\u00e4t kaivinkoneen lis\u00e4laitteiden ja siirrett\u00e4vien materiaalien painon. Insin\u00f6\u00f6rit laskevat tarvittavan kuorman k\u00e4ytt\u00f6tarkoituksen perusteella varmistaen, ett\u00e4 sylinteri voi toimia turvallisesti ilman vikaantumisriski\u00e4.<\/p>\n<h3>Tiivistystehokkuus<\/h3>\n<p>Asianmukainen tiivistys on v\u00e4ltt\u00e4m\u00e4t\u00f6nt\u00e4 hydraulinesteen vuotojen est\u00e4miseksi, jotka voivat johtaa tehokkuuden heikkenemiseen ja hydraulij\u00e4rjestelm\u00e4n vaurioihin. Kest\u00e4vist\u00e4 materiaaleista, kuten polyuretaanista tai nitriilikumista, valmistetut korkealaatuiset tiivisteet parantavat tiivistyskyky\u00e4 ja v\u00e4hent\u00e4v\u00e4t samalla huoltotarvetta.<\/p>\n<h3>Kest\u00e4vyys<\/h3>\n<p>Kest\u00e4vyys on ratkaisevan t\u00e4rke\u00e4\u00e4 puomisylintereille, koska ne altistuvat k\u00e4yt\u00f6n aikana \u00e4\u00e4rimm\u00e4isille olosuhteille ja voimille. Kulumista kest\u00e4vien materiaalien valinta sek\u00e4 suojapinnoitteet pident\u00e4\u00e4 sylinterin k\u00e4ytt\u00f6ik\u00e4\u00e4 ja v\u00e4hent\u00e4\u00e4 vaihtotarvetta.<\/p>\n<h3>Turvallisuus<\/h3>\n<p>Puomisylinterien suunnittelussa on t\u00e4rke\u00e4\u00e4 ottaa huomioon turvaominaisuudet, erityisesti raskaissa koneissa, joissa toimintah\u00e4iri\u00f6t voivat johtaa onnettomuuksiin. Turvamekanismien, kuten paineenalennusventtiilien ja kest\u00e4vien kiinnitysj\u00e4rjestelmien, sis\u00e4llytt\u00e4minen minimoi hydraulisiin vikoihin liittyv\u00e4t riskit.<\/p>\n<h3>Yll\u00e4pidett\u00e4vyys<\/h3>\n<p>Puomisylinterien suunnittelu helppoa huoltoa silm\u00e4ll\u00e4 pit\u00e4en varmistaa, ett\u00e4 k\u00e4ytt\u00e4j\u00e4t voivat tarkistaa ongelmat usein ja suorittaa tarvittavat korjaukset ilman pitki\u00e4 seisokkeja. Ominaisuudet, kuten helposti k\u00e4sill\u00e4 olevat rasvanipat ja helposti vaihdettavat tiivisteet, parantavat huollettavuutta.<\/p>\n<p><img decoding=\"async\" src=\"https:\/\/www.hydraulic-cylinders.net\/wp-content\/uploads\/2025\/04\/songte-oil-pipes-and-spare-parts.webp\" alt=\"Hydrauliset osat\" \/><\/p>\n<h2>Tiivistys ja voitelu<\/h2>\n<p>Tehokas tiivistys ja voitelu ovat elint\u00e4rkeit\u00e4 puomisylinterien suorituskyvyn ja pitk\u00e4n k\u00e4ytt\u00f6i\u00e4n kannalta. Hydraulisen paineen yll\u00e4pit\u00e4miseksi ja nesteh\u00e4vi\u00f6iden est\u00e4miseksi k\u00e4ytet\u00e4\u00e4n erilaisia \u200b\u200btiivisteit\u00e4, kuten m\u00e4nn\u00e4ntiivisteit\u00e4 ja varren tiivisteit\u00e4. Materiaaleja, kuten polyuretaania ja nitriilikumia, k\u00e4ytet\u00e4\u00e4n yleisesti niiden kulutusta kest\u00e4vien ominaisuuksien vuoksi. Sylinterin runko ja kierteitetyt p\u00e4\u00e4typinnat k\u00e4yv\u00e4t l\u00e4pi hienok\u00e4sittelyt kest\u00e4vyyden ja kulutuskest\u00e4vyyden parantamiseksi. Lis\u00e4ksi s\u00e4\u00e4nn\u00f6llinen voitelu hydrauli\u00f6ljyll\u00e4 on v\u00e4ltt\u00e4m\u00e4t\u00f6nt\u00e4 sujuvan toiminnan varmistamiseksi ja liikkuvien osien v\u00e4lisen kitkan minimoimiseksi.<\/p>\n<h2>S\u00e4\u00e4nn\u00f6lliset tarkastukset ja ennaltaehk\u00e4isev\u00e4t huoltotoimenpiteet<\/h2>\n<ul>\n<li><strong>S\u00e4\u00e4nn\u00f6lliset tarkastukset:<\/strong> S\u00e4\u00e4nn\u00f6llisten tarkastusten tekeminen auttaa tunnistamaan mahdolliset ongelmat ennen kuin ne pahenevat. Tarkista vuodot, kuluminen ja oikea linjaus.<\/li>\n<li><strong>Oikea voitelu:<\/strong> Varmista, ett\u00e4 kaikki liikkuvat osat on riitt\u00e4v\u00e4sti voideltu kitkan v\u00e4hent\u00e4miseksi ja kulumisen est\u00e4miseksi. K\u00e4yt\u00e4 suositeltua hydrauliikka\u00f6ljy\u00e4 optimaalisen suorituskyvyn saavuttamiseksi.<\/li>\n<li><strong>Tiivisteen vaihto:<\/strong> Vaihda tiivisteet s\u00e4\u00e4nn\u00f6llisesti k\u00e4yt\u00f6n mukaan sylinterin eheyden yll\u00e4pit\u00e4miseksi. Tarkista tiivisteet kulumisen merkkien varalta ja vaihda ne tarvittaessa.<\/li>\n<\/ul>\n<h2>Asennusohjeet<\/h2>\n<p>Puomin sylinterin oikea asennus on ratkaisevan t\u00e4rke\u00e4\u00e4 optimaalisen suorituskyvyn saavuttamiseksi. Aloita varmistamalla, ett\u00e4 ty\u00f6alue on puhdas ja roskaton. Kohdista sylinteri oikein kiinnityskiinnikkeisiin k\u00e4ytt\u00e4m\u00e4ll\u00e4 sopivia asennuslaitteita sen kiinnitt\u00e4miseksi paikalleen. Varmista, ett\u00e4 hydrauliikkaliit\u00e4nn\u00e4t ovat tiukat ja vuotamattomat. Asennuksen j\u00e4lkeen tarkista sylinterin kohdistus, jotta v\u00e4ltyt\u00e4\u00e4n tarpeettomalta rasitukselta k\u00e4yt\u00f6n aikana. Asennuksen j\u00e4lkeen suorita koeajo varmistaaksesi toimivuuden ja tee tarvittavat s\u00e4\u00e4d\u00f6t hydraulij\u00e4rjestelm\u00e4\u00e4n sujuvan toiminnan varmistamiseksi.<\/p>\n<h2>Yleiset huoltoteht\u00e4v\u00e4t<\/h2>\n<ul>\n<li><strong>S\u00e4\u00e4nn\u00f6lliset tarkastukset:<\/strong> S\u00e4\u00e4nn\u00f6lliset vuotojen ja kulumisen merkkien tarkastukset auttavat yll\u00e4pit\u00e4m\u00e4\u00e4n sylinterin tehokkuutta. Tarkista kaikki liitokset ja tiivisteet varmistaaksesi, ett\u00e4 ne ovat ehj\u00e4t.<\/li>\n<li><strong>Oikea voitelu:<\/strong> Riitt\u00e4v\u00e4n voitelutason yll\u00e4pit\u00e4minen on elint\u00e4rke\u00e4\u00e4. Varmista, ett\u00e4 sylinteri on voideltu valmistajan suositusten mukaisesti ennenaikaisen kulumisen est\u00e4miseksi.<\/li>\n<li><strong>Tiivisteen vaihto:<\/strong> Tarkista tiivisteiden kunto s\u00e4\u00e4nn\u00f6llisesti ja vaihda ne tarvittaessa. T\u00e4m\u00e4 teht\u00e4v\u00e4 est\u00e4\u00e4 hydraulinesteen h\u00e4vikin ja yll\u00e4pit\u00e4\u00e4 j\u00e4rjestelm\u00e4n painetta.<\/li>\n<\/ul>\n<h2>Turvallisuusn\u00e4k\u00f6kohdat ja ymp\u00e4rist\u00f6tekij\u00e4t<\/h2>\n<p>Puomisylintereit\u00e4 k\u00e4ytett\u00e4ess\u00e4 turvatoimenpiteet ovat ensiarvoisen t\u00e4rkeit\u00e4. Kuljettajien on noudatettava kaikkia turvallisuusohjeita, mukaan lukien asianmukaisten henkil\u00f6nsuojainten (PPE) k\u00e4ytt\u00f6 riskien minimoimiseksi k\u00e4yt\u00f6n aikana. Hydraulij\u00e4rjestelmien k\u00e4sittelyyn liittyv\u00e4 asianmukainen koulutus on v\u00e4ltt\u00e4m\u00e4t\u00f6nt\u00e4 onnettomuuksien ehk\u00e4isemiseksi. Lis\u00e4ksi ymp\u00e4rist\u00f6tekij\u00f6iden huomioiminen on ratkaisevan t\u00e4rke\u00e4\u00e4; varmistamalla, ett\u00e4 hydraulinesteet eiv\u00e4t vuoda ymp\u00e4rist\u00f6\u00f6n, voidaan lievent\u00e4\u00e4 ekologisia riskej\u00e4.<\/p>\n<h2>Vianm\u00e4\u00e4ritys ja yleiset ongelmat<\/h2>\n<ul>\n<li><strong>Vuoto:<\/strong> Tarkasta kaikki tiivisteet ja liitokset kulumisen tai vaurioiden varalta. Vaihda kaikki vialliset tiivisteet ja varmista, ett\u00e4 liitokset ovat tiukat.<\/li>\n<li><strong>Huono suorituskyky:<\/strong> Tarkista hydraulinesteen m\u00e4\u00e4r\u00e4 ja laatu. Liian alhainen nestem\u00e4\u00e4r\u00e4 voi johtaa riitt\u00e4m\u00e4tt\u00f6m\u00e4\u00e4n suorituskykyyn, joten varmista, ett\u00e4 se t\u00e4ytt\u00e4\u00e4 vaatimukset.<\/li>\n<li><strong>Melu k\u00e4yt\u00f6n aikana:<\/strong> Ep\u00e4tavalliset \u00e4\u00e4net voivat viitata mekaanisiin ongelmiin. Tarkista, onko linjauksessa virheit\u00e4 tai vaurioituneita osia, jotka saattavat vaatia s\u00e4\u00e4t\u00f6\u00e4 tai vaihtoa.<\/li>\n<\/ul>\n<h2>Vianm\u00e4\u00e4ritysvinkkej\u00e4<\/h2>\n<p>Puomisylintereiden ongelmien tehokkaaksi diagnosoimiseksi ja ratkaisemiseksi k\u00e4ytt\u00e4jien tulee pit\u00e4\u00e4 kattavaa huoltolokia. Pid\u00e4 kirjaa tarkastuksista, korjauksista ja nesteiden vaihdoista. S\u00e4\u00e4nn\u00f6llinen hydrauliikkaj\u00e4rjestelmien koulutus voi auttaa k\u00e4ytt\u00e4ji\u00e4 tunnistamaan ongelmat varhaisessa vaiheessa. Toteuta ennaltaehk\u00e4isevi\u00e4 toimenpiteit\u00e4, kuten rutiinitarkastuksia ja huoltoaikataulujen noudattamista, mahdollisten vikojen riskin minimoimiseksi.<\/p>\n<p><img decoding=\"async\" src=\"https:\/\/www.hydraulic-cylinders.net\/wp-content\/uploads\/2025\/04\/songte-bushings-with-all-kinds-of-excavator-models.webp\" alt=\"Kaivinkoneen holkit\" \/><\/p>\n<h2>Tietoa yrityksest\u00e4mme<\/h2>\n<p>Olemme johtava hydraulisten sylinterien vaihto-osien valmistaja, joka tarjoaa kattavan valikoiman tuotteita sek\u00e4 kotimaisille ett\u00e4 kansainv\u00e4lisille markkinoille. Sitoutumisemme ensiluokkaiseen laatuun tukee hienostunut valmistusstrategia, joka hy\u00f6dynt\u00e4\u00e4 edistynytt\u00e4 teknologiaa ja ammattitaitoista henkil\u00f6st\u00f6\u00e4. K\u00e4ytt\u00e4m\u00e4ll\u00e4 huippuluokan digitaalisia valmistuslaitteita ja ammattimaisia \u200b\u200btestausj\u00e4rjestelmi\u00e4 parannamme jatkuvasti tuotantokapasiteettiamme. Painopisteemme tehokkuudessa, tarkkuudessa ja korkeissa laatustandardeissa vastaa asiakkaidemme monipuolisiin tarpeisiin.<\/p>\n<p><img decoding=\"async\" src=\"https:\/\/www.hydraulic-cylinders.net\/wp-content\/uploads\/2025\/04\/songte-company-4.webp\" alt=\"Yrityksen yleiskatsaus\" \/><br \/>\n<img decoding=\"async\" src=\"https:\/\/www.hydraulic-cylinders.net\/wp-content\/uploads\/2025\/04\/songte-company-3.webp\" alt=\"Yrityksen tilat\" \/><\/p>\n<p>Asiantuntemuksemme ulottuu kansainv\u00e4lisiin sertifikaatteihin, r\u00e4\u00e4t\u00e4l\u00f6ityihin palveluihin ja poikkeukselliseen j\u00e4lkimarkkinointitukeen, mik\u00e4 varmistaa asiakkaillemme parhaan mahdollisen palvelun ja tuotteiden luotettavuuden.<\/p>\n<p>Kirjoittaja: lyl<\/p>","protected":false},"excerpt":{"rendered":"<p>Boom Cylinder For XGMA Large Excavator XG836MH Introduction to Boom Cylinders The Boom Cylinder for the XGMA Large Excavator XG836MH is a critical component designed for heavy machinery operations. This hydraulic cylinder specializes in controlling the movement of excavator attachments, such as buckets, enabling essential tasks such as lifting, lowering, and tilting. It facilitates effective [&hellip;]<\/p>","protected":false},"featured_media":17872,"comment_status":"open","ping_status":"closed","template":"","meta":{"_et_pb_use_builder":"","_et_pb_old_content":"","_et_gb_content_width":""},"product_brand":[],"product_cat":[1546],"product_tag":[1547,1496],"class_list":{"0":"post-19322","1":"product","2":"type-product","3":"status-publish","4":"has-post-thumbnail","6":"product_cat-boom-cylinders","7":"product_tag-boom-cylinders","8":"product_tag-hydraulic-cylinders","10":"first","11":"instock","12":"shipping-taxable","13":"product-type-simple"},"amp_enabled":true,"_links":{"self":[{"href":"https:\/\/www.hydraulic-cylinders.net\/fi\/wp-json\/wp\/v2\/product\/19322","targetHints":{"allow":["GET"]}}],"collection":[{"href":"https:\/\/www.hydraulic-cylinders.net\/fi\/wp-json\/wp\/v2\/product"}],"about":[{"href":"https:\/\/www.hydraulic-cylinders.net\/fi\/wp-json\/wp\/v2\/types\/product"}],"replies":[{"embeddable":true,"href":"https:\/\/www.hydraulic-cylinders.net\/fi\/wp-json\/wp\/v2\/comments?post=19322"}],"wp:featuredmedia":[{"embeddable":true,"href":"https:\/\/www.hydraulic-cylinders.net\/fi\/wp-json\/wp\/v2\/media\/17872"}],"wp:attachment":[{"href":"https:\/\/www.hydraulic-cylinders.net\/fi\/wp-json\/wp\/v2\/media?parent=19322"}],"wp:term":[{"taxonomy":"product_brand","embeddable":true,"href":"https:\/\/www.hydraulic-cylinders.net\/fi\/wp-json\/wp\/v2\/product_brand?post=19322"},{"taxonomy":"product_cat","embeddable":true,"href":"https:\/\/www.hydraulic-cylinders.net\/fi\/wp-json\/wp\/v2\/product_cat?post=19322"},{"taxonomy":"product_tag","embeddable":true,"href":"https:\/\/www.hydraulic-cylinders.net\/fi\/wp-json\/wp\/v2\/product_tag?post=19322"}],"curies":[{"name":"wp","href":"https:\/\/api.w.org\/{rel}","templated":true}]}}