{"id":19342,"date":"2025-04-07T06:28:00","date_gmt":"2025-04-07T06:28:00","guid":{"rendered":"https:\/\/www.hydraulic-cylinders.net\/product\/boom-cylinder-for-jcm-small-excavator-jcm913b\/"},"modified":"2025-04-07T06:28:02","modified_gmt":"2025-04-07T06:28:02","slug":"boom-cylinder-for-jcm-small-excavator-jcm913b","status":"publish","type":"product","link":"https:\/\/www.hydraulic-cylinders.net\/fi\/tuote\/boom-cylinder-for-jcm-small-excavator-jcm913b\/","title":{"rendered":"Puomin sylinteri JCM:n pienelle kaivinkoneelle JCM913B"},"content":{"rendered":"<h1>Puomin sylinteri JCM:n pienelle kaivinkoneelle JCM913B<\/h1>\n<h2>Tuotteen yleiskatsaus<\/h2>\n<p>JCM Small Excavator JCM913B -kaivukoneen puomin sylinteri on erikoishydraulinen sylinteri, joka on suunniteltu ohjaamaan puomin liikett\u00e4 erilaisissa raskaissa koneissa, kuten kaivinkoneissa, kaivurikuormaajissa ja etukuormaajissa. T\u00e4m\u00e4 sylinteri mahdollistaa puomin nostamisen, laskemisen ja kallistuksen, mik\u00e4 helpottaa tehokasta materiaalink\u00e4sittely\u00e4. Hydraulij\u00e4rjestelmien keskeisen\u00e4 osana se mahdollistaa tarkan ohjauksen ja ohjattavuuden, mik\u00e4 on olennaista rakennus- ja maanrakennust\u00f6iss\u00e4.<\/p>\n<p><img decoding=\"async\" src=\"https:\/\/www.hydraulic-cylinders.net\/wp-content\/uploads\/2025\/04\/songte-company-1.webp\" alt=\"Puomin sylinteri\" \/><\/p>\n<h2>Puomin sylinterin ominaisuudet<\/h2>\n<ul>\n<li><strong>Korkea lujuus ja kest\u00e4vyys:<\/strong> Valmistettu eritt\u00e4in lujasta ter\u00e4ksest\u00e4 tai alumiinista, kest\u00e4\u00e4 korkeaa painetta ja raskaita kuormia, sopii vaativiin ty\u00f6ymp\u00e4rist\u00f6ihin, joissa keskityt\u00e4\u00e4n kulutuskest\u00e4vyyteen ja korroosionestoon.<\/li>\n<li><strong>Tehokas hydraulinen k\u00e4ytt\u00f6:<\/strong> Hydraulisen \u00f6ljynpaineen ansiosta laite mahdollistaa sujuvan pidennyksen ja sis\u00e4\u00e4nvedon, reagoi nopeasti ohjauskomentoihin ja tarjoaa samalla tehokkaan ty\u00f6nt\u00f6- ja vetovoiman, mik\u00e4 sopii erinomaisesti raskaiden ja monimutkaisten teht\u00e4vien k\u00e4sittelyyn.<\/li>\n<li><strong>Erilaisia \u200b\u200btyyppej\u00e4:<\/strong> Saatavilla yksitoimisina (hydraulinen k\u00e4ytt\u00f6 yhteen suuntaan) tai kaksitoimisina (hydraulinen k\u00e4ytt\u00f6 molempiin suuntiin) kokoonpanoina erilaisten k\u00e4ytt\u00f6tarpeiden t\u00e4ytt\u00e4miseksi. Tietyt mallit ovat teleskooppisia, mik\u00e4 mahdollistaa suuremman pidennyspituuden ilman ulkomittojen kasvua, mik\u00e4 sopii ahtaisiin k\u00e4ytt\u00f6tarkoituksiin.<\/li>\n<\/ul>\n<h2>Valmistuskykymme<\/h2>\n<p>Meill\u00e4 on valmiudet valmistaa t\u00e4t\u00e4 tuotetta, joka tarjoaa t\u00e4ydelliset korvikkeet hydraulisylintereille.<\/p>\n<p><img decoding=\"async\" src=\"https:\/\/www.hydraulic-cylinders.net\/wp-content\/uploads\/2025\/04\/songte-cylinder-head-with-all-kinds-excavator-models.webp\" alt=\"Hydraulisylinterien valmistus\" \/><\/p>\n<h2>Sovellusskenaariot<\/h2>\n<h3>Rakennuslaitteet<\/h3>\n<p>Kaivinkoneissa puomin sylinterit ovat ratkaisevan t\u00e4rkeit\u00e4 kaivamisessa, lastaamisessa ja maan tai roskien siirt\u00e4misess\u00e4. Ne mahdollistavat rakennusty\u00f6mailla tarvittavan tarkan hallinnan, mik\u00e4 tekee niist\u00e4 korvaamattomia tehokkaassa maanrakennuksessa.<\/p>\n<h3>Maatalouskoneet<\/h3>\n<p>Etukuormaajissa n\u00e4it\u00e4 sylintereit\u00e4 k\u00e4ytet\u00e4\u00e4n maaper\u00e4n, hein\u00e4n ja muiden materiaalien kauhaukseen, nostamiseen ja kuljettamiseen, ja niill\u00e4 on t\u00e4rke\u00e4 rooli erilaisissa maatalousteht\u00e4viss\u00e4.<\/p>\n<h3>Kaivinkoneet<\/h3>\n<p>Maahan tunkeutuvan puomin sylinterin ansiosta se mahdollistaa tehokkaat kaivutoiminnot ja parantaa kaivut\u00f6iden tuottavuutta antamalla kauhan toimia optimaalisesti.<\/p>\n<h3>Kuormaajat<\/h3>\n<p>Etukuormaajissa puomin sylinterit auttavat kuormien tehokkaassa nostamisessa ja tyhjent\u00e4misess\u00e4, mik\u00e4 tarjoaa tarvittavan lujuuden ja hallinnan raskaiden materiaalien tehokkaaseen k\u00e4sittelyyn.<\/p>\n<h2>Suunnittelun\u00e4k\u00f6kohdat ja valintakriteerit<\/h2>\n<h3>Kantavuus<\/h3>\n<p>Puomin sylinterin kuormakapasiteetti on harkittava huolellisesti, jotta varmistetaan, ett\u00e4 se pystyy k\u00e4sittelem\u00e4\u00e4n odotetun enimm\u00e4iskuorman vaarantamatta turvallisuutta tai suorituskyky\u00e4. Materiaalien painon ja k\u00e4ytt\u00f6vaatimusten arviointi auttaa valitsemaan oikeat ominaisuudet.<\/p>\n<h3>Tiivistyskyky<\/h3>\n<p>Tehokas tiivistys on ratkaisevan t\u00e4rke\u00e4\u00e4 hydraulinesteen vuotojen est\u00e4miseksi, jotka voivat johtaa suorituskykyongelmiin. Korkealaatuisten tiivisteiden valitseminen parantaa sylinterin luotettavuutta ja v\u00e4hent\u00e4\u00e4 huoltov\u00e4li\u00e4.<\/p>\n<h3>Kest\u00e4vyys<\/h3>\n<p>Materiaalivalinnat ovat avainasemassa sylinterin kest\u00e4vyyden kannalta, ja eritt\u00e4in lujat materiaalit ovat v\u00e4ltt\u00e4m\u00e4tt\u00f6mi\u00e4 pitk\u00e4n k\u00e4ytt\u00f6i\u00e4n kannalta vaativissa olosuhteissa. S\u00e4\u00e4nn\u00f6lliset arvioinnit voivat auttaa m\u00e4\u00e4ritt\u00e4m\u00e4\u00e4n sylinterin k\u00e4ytt\u00f6i\u00e4n ja suorituskyvyn.<\/p>\n<h3>Turvaominaisuudet<\/h3>\n<p>Turvaominaisuuksien, kuten ylikuormitussuojan ja paineenalennusventtiilien, sis\u00e4llytt\u00e4minen suunnitteluun varmistaa turvallisen k\u00e4yt\u00f6n ja minimoi onnettomuusriskin koneiden k\u00e4yt\u00f6n aikana.<\/p>\n<h3>Huolto Esteett\u00f6myys<\/h3>\n<p>Sylinterin suunnittelu siten, ett\u00e4 huoltokohteisiin on helppo p\u00e4\u00e4st\u00e4 k\u00e4siksi, on eritt\u00e4in t\u00e4rke\u00e4\u00e4. T\u00e4m\u00e4 helpottaa s\u00e4\u00e4nn\u00f6llisi\u00e4 tarkastuksia ja korjauksia, mik\u00e4 lopulta pident\u00e4\u00e4 sylinterin k\u00e4ytt\u00f6ik\u00e4\u00e4.<\/p>\n<p><img decoding=\"async\" src=\"https:\/\/www.hydraulic-cylinders.net\/wp-content\/uploads\/2025\/04\/songte-oil-pipes-and-spare-parts.webp\" alt=\"Hydraulisylinterin komponentit\" \/><\/p>\n<h2>Tiivistys ja voitelu<\/h2>\n<p>Erilaisilla tiivisteill\u00e4, kuten m\u00e4nn\u00e4ntiivisteill\u00e4 ja varren tiivisteill\u00e4, on merkitt\u00e4v\u00e4 rooli hydraulisylinterien toiminnan yll\u00e4pit\u00e4misess\u00e4. Polyuretaanista ja nitriilikumista valmistettuja tiivisteit\u00e4 suositaan niiden kulutusta kest\u00e4vien ominaisuuksien vuoksi. Sylinterin runko ja kierteitetyt p\u00e4\u00e4typinnat koneistetaan tarkasti kest\u00e4vyyden parantamiseksi. S\u00e4\u00e4nn\u00f6llinen voitelu hydrauli\u00f6ljyll\u00e4 on v\u00e4ltt\u00e4m\u00e4t\u00f6nt\u00e4 optimaalisen toiminnan varmistamiseksi ja kulumisen est\u00e4miseksi.<\/p>\n<h2>S\u00e4\u00e4nn\u00f6llinen tarkastus ja ennaltaehk\u00e4isev\u00e4 huolto<\/h2>\n<ul>\n<li><strong>S\u00e4\u00e4nn\u00f6lliset tarkastukset:<\/strong> Tee s\u00e4\u00e4nn\u00f6llisi\u00e4 tarkastuksia kulumisen ja mahdollisten ongelmien tunnistamiseksi. T\u00e4m\u00e4 k\u00e4yt\u00e4nt\u00f6 auttaa puuttumaan ongelmiin ennen kuin ne k\u00e4rjistyv\u00e4t vakaviksi vioiksi.<\/li>\n<li><strong>Asianmukainen voitelu:<\/strong> Riitt\u00e4v\u00e4n voitelun varmistaminen est\u00e4\u00e4 kitkaa ja kulumista, mik\u00e4 parantaa sylinterin tehokkuutta ja k\u00e4ytt\u00f6ik\u00e4\u00e4.<\/li>\n<li><strong>Tiivisteen vaihto:<\/strong> Tarkista tiivisteiden kuluminen s\u00e4\u00e4nn\u00f6llisesti ja vaihda ne tarvittaessa hydraulisen eheyden yll\u00e4pit\u00e4miseksi ja vuotojen est\u00e4miseksi.<\/li>\n<\/ul>\n<h2>Asennusohjeet<\/h2>\n<p>Puomin sylinterin oikea asennus on ratkaisevan t\u00e4rke\u00e4\u00e4 optimaalisen suorituskyvyn varmistamiseksi. Noudata seuraavia ohjeita:<\/p>\n<ul>\n<li>Varmista, ett\u00e4 kaikki osat ovat puhtaat ennen asennusta.<\/li>\n<li>Kohdista sylinteri oikein v\u00e4ltt\u00e4\u00e4ksesi liiallista rasitusta; k\u00e4yt\u00e4 sopivia kiinnitystelineit\u00e4 vakauttamiseen.<\/li>\n<li>Kiinnit\u00e4 kaikki liittimet ja liit\u00e4nn\u00e4t vuotojen est\u00e4miseksi ja varmista, ett\u00e4 hydrauliikkalinjat ovat taitoksettomat ja vaurioitumattomat.<\/li>\n<\/ul>\n<h2>Huoltoteht\u00e4v\u00e4t<\/h2>\n<ul>\n<li><strong>S\u00e4\u00e4nn\u00f6lliset tarkastukset:<\/strong> S\u00e4\u00e4nn\u00f6lliset tarkastukset auttavat tunnistamaan kulumisen merkit varhaisessa vaiheessa, mik\u00e4 on ratkaisevan t\u00e4rke\u00e4\u00e4 k\u00e4ytt\u00f6katkosten ehk\u00e4isemiseksi.<\/li>\n<li><strong>Asianmukainen voitelu:<\/strong> Voitelu on elint\u00e4rke\u00e4\u00e4 kitkan ja kulumisen minimoimiseksi, mik\u00e4 osaltaan pident\u00e4\u00e4 sylinterin k\u00e4ytt\u00f6ik\u00e4\u00e4.<\/li>\n<li><strong>Tiivisteen vaihto:<\/strong> Kuluneiden tiivisteiden nopea vaihtaminen on v\u00e4ltt\u00e4m\u00e4t\u00f6nt\u00e4 hydraulisen paineen yll\u00e4pit\u00e4miseksi ja vuotojen est\u00e4miseksi.<\/li>\n<\/ul>\n<h2>Turvallisuusn\u00e4k\u00f6kohdat ja ymp\u00e4rist\u00f6tekij\u00e4t<\/h2>\n<p>Turvallisuustoimenpiteiden korostaminen hydraulisylintereiden k\u00e4yt\u00f6n aikana on kriittisen t\u00e4rke\u00e4\u00e4. K\u00e4ytt\u00e4j\u00e4t tulisi kouluttaa asianmukaisiin k\u00e4sittelymenetelmiin ja h\u00e4t\u00e4tilanneprotokolliin hydraulisiin vikoihin liittyvien riskien minimoimiseksi.<\/p>\n<h2>Vianm\u00e4\u00e4ritys ja yleiset ongelmat<\/h2>\n<ul>\n<li><strong>Vuoto:<\/strong> Vuodon oireita ovat heikentynyt suorituskyky. Tarkista tiivisteet ja liitokset vaurioiden varalta.<\/li>\n<li><strong>Hidas toiminta:<\/strong> T\u00e4m\u00e4 voi viitata alhaiseen hydraulinesteen tasoon tai tukoksiin j\u00e4rjestelm\u00e4ss\u00e4. Varmista, ett\u00e4 nestetasot ovat riitt\u00e4v\u00e4t ja putket ovat puhtaat.<\/li>\n<li><strong>Melu k\u00e4yt\u00f6n aikana:<\/strong> Ep\u00e4tavalliset \u00e4\u00e4net voivat viitata sis\u00e4isiin vaurioihin tai v\u00e4h\u00e4iseen voiteluun. Tutki tilanne v\u00e4litt\u00f6m\u00e4sti lis\u00e4vaurioiden est\u00e4miseksi.<\/li>\n<\/ul>\n<h2>Vianm\u00e4\u00e4ritysvinkkej\u00e4<\/h2>\n<p>Jotta vianm\u00e4\u00e4ritys olisi tehokasta, varmista, ett\u00e4 noudatat n\u00e4it\u00e4 ohjeita:<\/p>\n<ul>\n<li>Tarkista nestetasot s\u00e4\u00e4nn\u00f6llisesti ja vaihda tarvittaessa v\u00e4ltt\u00e4\u00e4ksesi liian alhaisen paineen.<\/li>\n<li>Suorita rutiinitarkastukset kaikille tiivisteille ja liitoksille vuotojen havaitsemiseksi varhaisessa vaiheessa.<\/li>\n<li>Toteuta ennaltaehk\u00e4isevi\u00e4 huolto-ohjelmia odottamattomien vikojen minimoimiseksi.<\/li>\n<\/ul>\n<p><img decoding=\"async\" src=\"https:\/\/www.hydraulic-cylinders.net\/wp-content\/uploads\/2025\/04\/songte-bushings-with-all-kinds-of-excavator-models.webp\" alt=\"Kaivinkoneen osat\" \/><\/p>\n<h2>Yrityksen yleiskatsaus<\/h2>\n<p>Olemme korvaavien hydraulisylintereiden valmistaja ja tarjoamme kattavan tuotevalikoiman. Olemme yksi johtavista valmistajista ja tukkumyyjist\u00e4 sek\u00e4 kotimaisilla ett\u00e4 kansainv\u00e4lisill\u00e4 markkinoilla. Laadun huippuosaamisen periaatteiden mukaisesti hy\u00f6dynn\u00e4mme hienostuneita valmistuspajastrategioita tuotannonhallinnan parantamiseksi. Keskittym\u00e4ll\u00e4 tekniseen osaamiseen, digitaalisiin huippuluokan valmistuslaitteisiin ja ammattimaisiin testausj\u00e4rjestelmiin parannamme jatkuvasti ty\u00f6pajatuotantoamme ja optimoimme tuotteiden laadun tuotantoreittej\u00e4. Vankan osaamisemme ansiosta pystymme vastaamaan monipuolisiin asiakastarpeisiin tehokkaasti, tarkasti ja laadukkaasti.<\/p>\n<p><img decoding=\"async\" src=\"https:\/\/www.hydraulic-cylinders.net\/wp-content\/uploads\/2025\/04\/songte-company-4.webp\" alt=\"Yritysvalmistus\" \/><br \/>\n<img decoding=\"async\" src=\"https:\/\/www.hydraulic-cylinders.net\/wp-content\/uploads\/2025\/04\/songte-company-3.webp\" alt=\"Yrityksen laitteet\" \/><\/p>\n<p>Kirjoittaja: lyl<\/p>","protected":false},"excerpt":{"rendered":"<p>Boom Cylinder For JCM Small Excavator JCM913B Product Overview The Boom Cylinder for JCM Small Excavator JCM913B is a specialized hydraulic cylinder designed to control the movement of the boom on various heavy machinery such as excavators, backhoe loaders, and front loaders. This cylinder enables the boom to lift, lower, and tilt, facilitating efficient material [&hellip;]<\/p>","protected":false},"featured_media":17877,"comment_status":"open","ping_status":"closed","template":"","meta":{"_et_pb_use_builder":"","_et_pb_old_content":"","_et_gb_content_width":""},"product_brand":[],"product_cat":[1546],"product_tag":[1547,1496],"class_list":{"0":"post-19342","1":"product","2":"type-product","3":"status-publish","4":"has-post-thumbnail","6":"product_cat-boom-cylinders","7":"product_tag-boom-cylinders","8":"product_tag-hydraulic-cylinders","10":"first","11":"instock","12":"shipping-taxable","13":"product-type-simple"},"amp_enabled":true,"_links":{"self":[{"href":"https:\/\/www.hydraulic-cylinders.net\/fi\/wp-json\/wp\/v2\/product\/19342","targetHints":{"allow":["GET"]}}],"collection":[{"href":"https:\/\/www.hydraulic-cylinders.net\/fi\/wp-json\/wp\/v2\/product"}],"about":[{"href":"https:\/\/www.hydraulic-cylinders.net\/fi\/wp-json\/wp\/v2\/types\/product"}],"replies":[{"embeddable":true,"href":"https:\/\/www.hydraulic-cylinders.net\/fi\/wp-json\/wp\/v2\/comments?post=19342"}],"wp:featuredmedia":[{"embeddable":true,"href":"https:\/\/www.hydraulic-cylinders.net\/fi\/wp-json\/wp\/v2\/media\/17877"}],"wp:attachment":[{"href":"https:\/\/www.hydraulic-cylinders.net\/fi\/wp-json\/wp\/v2\/media?parent=19342"}],"wp:term":[{"taxonomy":"product_brand","embeddable":true,"href":"https:\/\/www.hydraulic-cylinders.net\/fi\/wp-json\/wp\/v2\/product_brand?post=19342"},{"taxonomy":"product_cat","embeddable":true,"href":"https:\/\/www.hydraulic-cylinders.net\/fi\/wp-json\/wp\/v2\/product_cat?post=19342"},{"taxonomy":"product_tag","embeddable":true,"href":"https:\/\/www.hydraulic-cylinders.net\/fi\/wp-json\/wp\/v2\/product_tag?post=19342"}],"curies":[{"name":"wp","href":"https:\/\/api.w.org\/{rel}","templated":true}]}}