{"id":19346,"date":"2025-04-07T06:28:09","date_gmt":"2025-04-07T06:28:09","guid":{"rendered":"https:\/\/www.hydraulic-cylinders.net\/product\/boom-cylinder-for-jcm-large-excavator-jcm936f\/"},"modified":"2025-04-07T06:28:12","modified_gmt":"2025-04-07T06:28:12","slug":"boom-cylinder-for-jcm-large-excavator-jcm936f","status":"publish","type":"product","link":"https:\/\/www.hydraulic-cylinders.net\/fi\/tuote\/boom-cylinder-for-jcm-large-excavator-jcm936f\/","title":{"rendered":"JCM-kaivukoneen puomin sylinteri JCM936F"},"content":{"rendered":"<h1>JCM-kaivukoneen puomin sylinteri JCM936F<\/h1>\n<h2>Tuotteen yleiskatsaus<\/h2>\n<p>JCM:n suuren kaivinkoneen JCM936F puomin sylinteri on t\u00e4rke\u00e4 hydrauliikkakomponentti, joka on erityisesti suunniteltu ohjaamaan kaivinkoneen puomin liikett\u00e4. T\u00e4m\u00e4 hydrauliikkasylinteri on v\u00e4ltt\u00e4m\u00e4t\u00f6n erilaisten raskaiden koneiden, kuten kaivinkoneiden, kaivinkoneiden ja etukuormaajien, k\u00e4yt\u00f6ss\u00e4. Puomin sylinterin ensisijainen teht\u00e4v\u00e4 on mahdollistaa puomin nostaminen, laskeminen ja kallistaminen, mik\u00e4 helpottaa materiaalien tehokasta k\u00e4sittely\u00e4 rakennus- ja kaivuuteht\u00e4viss\u00e4.<\/p>\n<p><img decoding=\"async\" src=\"https:\/\/www.hydraulic-cylinders.net\/wp-content\/uploads\/2025\/04\/songte-company-1.webp\" alt=\"Puomin sylinteri JCM936F:lle\" \/><\/p>\n<h3>M\u00e4\u00e4ritelm\u00e4 ja toiminta<\/h3>\n<p>Kauhasylinteri on hydraulinen sylinterityyppi, jota k\u00e4ytet\u00e4\u00e4n laajasti raskaissa koneissa. Sen toiminta perustuu hydraulinesteiden k\u00e4ytt\u00f6\u00f6n liikkeen luomisessa, jolloin k\u00e4ytt\u00e4j\u00e4t voivat nostaa ja k\u00e4sitell\u00e4 raskaita kuormia tarkasti ja helposti. Hydraulij\u00e4rjestelm\u00e4n rakenne varmistaa, ett\u00e4 sylinteri kest\u00e4\u00e4 korkeita paineita, mik\u00e4 tekee siit\u00e4 luotettavan vaativiin teht\u00e4viin erilaisissa ymp\u00e4rist\u00f6iss\u00e4.<\/p>\n<h2>Puomin sylinterin ominaisuudet<\/h2>\n<ul>\n<li><strong>Korkea lujuus ja kest\u00e4vyys:<\/strong> Korkean lujuuden omaavasta ter\u00e4ksest\u00e4 tai alumiinista valmistettu puomin sylinteri on suunniteltu kest\u00e4m\u00e4\u00e4n korkeita paineita ja raskaita kuormia, mik\u00e4 varmistaa suorituskyvyn vaativissa ty\u00f6olosuhteissa.<\/li>\n<li><strong>Tehokas hydraulinen k\u00e4ytt\u00f6:<\/strong> Hydrauli\u00f6ljyn paineen ansiosta se mahdollistaa tasaisen laajennuksen ja supistumisen, ja se reagoi nopeasti ohjauskomentoihin. Se tarjoaa huomattavan ty\u00f6nt\u00f6- ja vetovoiman, joka sopii erinomaisesti raskaiden materiaalien k\u00e4sittelyyn.<\/li>\n<li><strong>Erilaisia \u200b\u200btyyppej\u00e4:<\/strong> Saatavilla yksitoimisina (hydraulinen vain yhteen suuntaan) tai kaksitoimisina (hydraulinen molempiin suuntiin) malleina, mik\u00e4 mahdollistaa joustavan k\u00e4yt\u00f6n erityistarpeiden mukaan.<\/li>\n<li><strong>Kompakti muotoilu:<\/strong> Joissakin malleissa on teleskooppirakenne, joka mahdollistaa suuremman pidennysosan ilman ulkomittojen kasvua, mik\u00e4 tekee niist\u00e4 sopivia ahtaisiin k\u00e4ytt\u00f6tarkoituksiin.<\/li>\n<li><strong>Mukautettu valmistus:<\/strong> Voimme valmistaa t\u00e4m\u00e4n tuotteen ja korvata olemassa olevat hydraulisylinterit saumattomasti varmistaen yhteensopivuuden ja suorituskyvyn.<\/li>\n<\/ul>\n<p><img decoding=\"async\" src=\"https:\/\/www.hydraulic-cylinders.net\/wp-content\/uploads\/2025\/04\/songte-cylinder-head-with-all-kinds-excavator-models.webp\" alt=\"Kaivinkoneen sylinterimallit\" \/><\/p>\n<h2>Puomisylinterin sovellukset<\/h2>\n<h3>Rakennuslaitteet<\/h3>\n<p>Kaivinkoneissa puomin sylinterill\u00e4 on ratkaiseva rooli kaivamisessa, lastaamisessa ja maan tai roskien siirt\u00e4misess\u00e4. Hydraulij\u00e4rjestelm\u00e4 antaa k\u00e4ytt\u00e4jille mahdollisuuden hallita kaivinkoneen liikkeit\u00e4 tehokkaasti, mik\u00e4 varmistaa tarkkuuden esimerkiksi ojituksessa ja ty\u00f6maan valmistelussa. Puomin sylinterin tasainen pidennys ja supistus mahdollistavat suuremman k\u00e4yt\u00f6n joustavuuden ja soveltuvat erilaisiin rakennustilanteisiin.<\/p>\n<h3>Maatalouskoneet<\/h3>\n<p>Etukuormaajissa puomisylinterit helpottavat maaper\u00e4n, hein\u00e4n ja muiden materiaalien kaivamista, nostamista ja kuljetusta. Sylinterin tuottama hydraulinen voima varmistaa, ett\u00e4 raskaat kuormat voidaan nostaa minimaalisella vaivalla, mik\u00e4 parantaa maataloustoiminnan tuottavuutta. N\u00e4iden sylinterien mukautuvuus mahdollistaa niiden tehokkaan toiminnan erilaisissa maatalousymp\u00e4rist\u00f6iss\u00e4, mik\u00e4 tekee niist\u00e4 v\u00e4ltt\u00e4m\u00e4tt\u00f6mi\u00e4 ty\u00f6kaluja maanviljelij\u00f6ille.<\/p>\n<h3>Kaivuuty\u00f6t<\/h3>\n<p>Puomin sylinteri mahdollistaa kaivinkoneiden tehokkaan tunkeutumisen maahan, mik\u00e4 mahdollistaa tehokkaan kaivun. Sylinterin laajentuessa se tarjoaa tarvittavan voiman kovan maaper\u00e4n tai kivisen maaston l\u00e4pi murtautumiseen, mik\u00e4 tekee kaivut\u00f6ist\u00e4 nopeampia ja v\u00e4hemm\u00e4n ty\u00f6voimavaltaisia. T\u00e4m\u00e4 toiminto on ratkaisevan t\u00e4rke\u00e4 useilla aloilla, kuten kaivostoiminnassa ja infrastruktuurin kehitt\u00e4misess\u00e4.<\/p>\n<h3>Kuormaajan toiminnot<\/h3>\n<p>Etukuormaajissa puomin sylinteri auttaa kuormien tehokkaassa nostamisessa ja tyhjent\u00e4misess\u00e4. Hydraulinen mekanismi varmistaa, ett\u00e4 kuljettajat voivat nopeasti nostaa kauhan, kuljettaa materiaaleja ja vapauttaa ne tarkkoihin paikkoihin. T\u00e4m\u00e4 nopea ja tehokas toiminta on elint\u00e4rke\u00e4\u00e4 tuottavuuden yll\u00e4pit\u00e4miseksi rakennusty\u00f6mailla.<\/p>\n<h2>Suunnittelun\u00e4k\u00f6kohdat ja valintakriteerit<\/h2>\n<h3>Kantavuus<\/h3>\n<p>Puomisylinterin kuormituskapasiteetti on ensiarvoisen t\u00e4rke\u00e4\u00e4, koska se m\u00e4\u00e4ritt\u00e4\u00e4 painon, jota se pystyy turvallisesti k\u00e4sittelem\u00e4\u00e4n k\u00e4yt\u00f6n aikana. Tekij\u00e4t, kuten materiaalin lujuus, sylinterin mitat ja hydrauliset painearvot, vaikuttavat kaikki t\u00e4h\u00e4n kapasiteettiin. On ratkaisevan t\u00e4rke\u00e4\u00e4 valita sylinteri, joka vastaa tai ylitt\u00e4\u00e4 k\u00e4ytt\u00f6vaatimukset, jotta v\u00e4ltet\u00e4\u00e4n viat ja varmistetaan turvallinen k\u00e4ytt\u00f6. Valintaprosessiin tulisi aina liitt\u00e4\u00e4 asianmukaisia \u200b\u200blaskelmia ja arviointeja optimaalisen suorituskyvyn ja turvallisuuden takaamiseksi.<\/p>\n<h3>Tiivistyskyky<\/h3>\n<p>Tiivistys on ratkaisevan t\u00e4rke\u00e4\u00e4 hydraulisen paineen yll\u00e4pit\u00e4miseksi ja vuotojen est\u00e4miseksi. Korkealaatuiset tiivisteet, kuten kest\u00e4vist\u00e4 materiaaleista, kuten polyuretaanista ja nitriilikumista, valmistetut m\u00e4nn\u00e4ntiivisteet ja varren tiivisteet, ovat v\u00e4ltt\u00e4m\u00e4tt\u00f6mi\u00e4. N\u00e4m\u00e4 tiivisteet tulisi valita niiden kulumiskest\u00e4vyyden ja sylinterin k\u00e4ytt\u00f6olosuhteiden kest\u00e4vyyden perusteella. Tehokas tiivistys ei ainoastaan \u200b\u200bpidenn\u00e4 sylinterin k\u00e4ytt\u00f6ik\u00e4\u00e4, vaan varmistaa my\u00f6s luotettavan suorituskyvyn k\u00e4yt\u00f6n aikana.<\/p>\n<h3>Kest\u00e4vyys<\/h3>\n<p>Kest\u00e4vyys on t\u00e4rke\u00e4 ominaisuus puomisylinterien suunnittelussa. Rakennemateriaalien on kestett\u00e4v\u00e4 paitsi k\u00e4yt\u00f6n mekaanisia rasituksia my\u00f6s ymp\u00e4rist\u00f6tekij\u00f6it\u00e4, kuten korroosiota ja hankausta. Kest\u00e4v\u00e4ss\u00e4 rakenteessa k\u00e4ytet\u00e4\u00e4n pintak\u00e4sittelyj\u00e4 ja suojapinnoitteita, jotka parantavat kulumiskest\u00e4vyytt\u00e4 ja pident\u00e4v\u00e4t sylinterin k\u00e4ytt\u00f6ik\u00e4\u00e4. Investoimalla korkealaatuisiin materiaaleihin ja suunnitteluun v\u00e4hennet\u00e4\u00e4n vikoja ja huoltotarpeita ajan my\u00f6t\u00e4.<\/p>\n<h3>Turvaominaisuudet<\/h3>\n<p>Turvallisuuden tulisi aina olla etusijalla hydraulisylinterien suunnittelussa. Paineenalennusventtiilien kaltaisten ominaisuuksien toteuttaminen voi est\u00e4\u00e4 ylipaineistuksen, kun taas vahvistetut rakenteet parantavat kest\u00e4vyytt\u00e4 kuormituksen aikana. Lis\u00e4ksi on t\u00e4rke\u00e4\u00e4 varmistaa, ett\u00e4 sylinterin rakenne mahdollistaa helpon p\u00e4\u00e4syn huoltokohteisiin. S\u00e4\u00e4nn\u00f6lliset turvatarkastukset ja alan standardien noudattaminen auttavat lievent\u00e4m\u00e4\u00e4n hydraulisiin toimintoihin liittyvi\u00e4 riskej\u00e4.<\/p>\n<h3>Yll\u00e4pidett\u00e4vyys<\/h3>\n<p>Helppo huolto on toinen t\u00e4rke\u00e4 suunnittelukriteeri. Hyvin suunniteltu puomin sylinteri mahdollistaa suoraviivaiset tarkastukset, korjaukset ja komponenttien vaihdot. T\u00e4m\u00e4 helppok\u00e4ytt\u00f6isyys ei ainoastaan \u200b\u200bhelpota rutiinihuoltoa, vaan my\u00f6s minimoi seisokkiajat korjaustoimenpiteiden aikana. S\u00e4\u00e4nn\u00f6llisten huoltoprotokollien, mukaan lukien tiivisteiden voitelun ja tarkastuksen, tulisi olla osa k\u00e4ytt\u00f6ohjeita hydraulisylinterin pitk\u00e4ik\u00e4isyyden ja luotettavuuden varmistamiseksi.<\/p>\n<p><img decoding=\"async\" src=\"https:\/\/www.hydraulic-cylinders.net\/wp-content\/uploads\/2025\/04\/songte-oil-pipes-and-spare-parts.webp\" alt=\"Hydraulisylinterin varaosat\" \/><\/p>\n<h2>Tiivistys ja voitelu<\/h2>\n<p>Tehokkaat tiivistys- ja voiteluk\u00e4yt\u00e4nn\u00f6t ovat v\u00e4ltt\u00e4m\u00e4tt\u00f6mi\u00e4 hydraulisylinterien optimaalisen suorituskyvyn kannalta. Erilaiset tiivistyskomponentit, mukaan lukien m\u00e4nn\u00e4ntiivisteet ja varren tiivisteet, tulisi valita kulutusta kest\u00e4vist\u00e4 materiaaleista, kuten polyuretaanista ja nitriilikumista. N\u00e4m\u00e4 materiaalit auttavat luomaan kest\u00e4v\u00e4n esteen hydraulinesteen vuotoja vastaan \u200b\u200bja s\u00e4ilytt\u00e4v\u00e4t samalla eheytens\u00e4 \u00e4\u00e4rimm\u00e4isiss\u00e4 olosuhteissa. Lis\u00e4ksi sylinterin runko ja kierteitetyt p\u00e4\u00e4typinnat tulisi ty\u00f6st\u00e4\u00e4 tarkasti kulutuskest\u00e4vyyden parantamiseksi.<\/p>\n<p>S\u00e4\u00e4nn\u00f6llinen voitelu on v\u00e4ltt\u00e4m\u00e4t\u00f6nt\u00e4 puomin sylinterin toimintatehon yll\u00e4pit\u00e4miseksi. Riitt\u00e4v\u00e4 hydrauli\u00f6ljytaso on pidett\u00e4v\u00e4 yll\u00e4, ja s\u00e4\u00e4nn\u00f6lliset t\u00e4ytt\u00f6t ovat v\u00e4ltt\u00e4m\u00e4tt\u00f6mi\u00e4 sujuvan toiminnan varmistamiseksi. Voiteluprosessissa tulisi k\u00e4ytt\u00e4\u00e4 valmistajan m\u00e4\u00e4rittelem\u00e4\u00e4 oikean tyyppist\u00e4 ja viskositeettista hydrauli\u00f6ljy\u00e4, koska se vaikuttaa sylinterin suorituskykyyn ja k\u00e4ytt\u00f6ik\u00e4\u00e4n.<\/p>\n<h2>Ennaltaehk\u00e4isev\u00e4t huoltotoimenpiteet<\/h2>\n<ul>\n<li><strong>S\u00e4\u00e4nn\u00f6lliset tarkastukset:<\/strong> Suorita s\u00e4\u00e4nn\u00f6lliset silm\u00e4m\u00e4\u00e4r\u00e4iset tarkastukset kulumisen tai vaurioiden varalta. Etsi vuotoja, halkeamia ja korroosiota, jotka voivat viitata mahdolliseen vikaan.<\/li>\n<li><strong>Oikea voitelu:<\/strong> Varmista, ett\u00e4 kaikki liikkuvat osat on voideltu riitt\u00e4v\u00e4sti valmistajan ohjeiden mukaisesti. Riitt\u00e4m\u00e4t\u00f6n voitelu voi johtaa lis\u00e4\u00e4ntyneeseen kitkaan ja ennenaikaiseen kulumiseen.<\/li>\n<li><strong>Tiivisteen vaihto:<\/strong> Vaihda tiivisteet tarvittaessa, erityisesti jos vuotoja havaitaan. Kuluneet tiivisteet voivat heikent\u00e4\u00e4 hydrauliikkatehokkuutta ja johtaa j\u00e4rjestelm\u00e4n vikaantumiseen.<\/li>\n<\/ul>\n<h2>Asennusohjeet<\/h2>\n<p>Puomisylinterin JCM936F asentaminen onnistuu seuraavasti:<\/p>\n<ol>\n<li><strong>Valmistelu:<\/strong> Ker\u00e4\u00e4 kaikki tarvittavat ty\u00f6kalut ja osat ennen asennusta.<\/li>\n<li><strong>Tasaus:<\/strong> Varmista, ett\u00e4 sylinteri on oikein kohdistettu kiinnityspisteisiin. V\u00e4\u00e4r\u00e4 kohdistus voi aiheuttaa liiallista rasitusta ja kulumista.<\/li>\n<li><strong>Asennus:<\/strong> Kiinnit\u00e4 sylinteri paikalleen k\u00e4ytt\u00e4m\u00e4ll\u00e4 sopivia kiinnityskorvakkeita. Varmista, ett\u00e4 kaikki pultit on kiristetty valmistajan ohjeiden mukaisesti.<\/li>\n<li><strong>Hydrauliset liit\u00e4nn\u00e4t:<\/strong> Kytke hydrauliikkalinjat varmistaen, ettei niiss\u00e4 ole vuotoja. Noudata oikeaa reitityst\u00e4 vaurioiden v\u00e4ltt\u00e4miseksi.<\/li>\n<li><strong>Testaus:<\/strong> Asennuksen j\u00e4lkeen testaa sylinterin toiminta kuormitettuna varmistaaksesi, ett\u00e4 kaikki toimii odotetulla tavalla. Tarkkaile ep\u00e4tavallisia \u00e4\u00e4ni\u00e4 tai vuotoja.<\/li>\n<\/ol>\n<h2>Yleiset huoltoteht\u00e4v\u00e4t<\/h2>\n<ul>\n<li><strong>S\u00e4\u00e4nn\u00f6lliset tarkastukset:<\/strong> Kulumisen ja vaurioiden havaitsemiseksi varhaisessa vaiheessa tee hydraulij\u00e4rjestelm\u00e4n ja sylinterin s\u00e4\u00e4nn\u00f6lliset tarkastukset. Etsi vuotoja ja ep\u00e4tavallisia kulumismalleja.<\/li>\n<li><strong>Oikea voitelu:<\/strong> Pid\u00e4 yll\u00e4 riitt\u00e4v\u00e4\u00e4 voitelutasoa tarkistamalla ja lis\u00e4\u00e4m\u00e4ll\u00e4 hydrauliikka\u00f6ljy\u00e4 s\u00e4\u00e4nn\u00f6llisesti. T\u00e4m\u00e4 edist\u00e4\u00e4 sujuvaa toimintaa ja est\u00e4\u00e4 kulumista.<\/li>\n<li><strong>Tiivisteen vaihto:<\/strong> Tarkista tiivisteet usein ja vaihda ne heti ensimm\u00e4isten heikkenemisen oireiden ilmetess\u00e4. T\u00e4m\u00e4 on ratkaisevan t\u00e4rke\u00e4\u00e4 hydraulisen tehokkuuden yll\u00e4pit\u00e4miseksi ja vuotojen est\u00e4miseksi.<\/li>\n<\/ul>\n<p>Oikeanlainen asennus, voitelu ja s\u00e4\u00e4t\u00f6 ovat t\u00e4rkeit\u00e4. Asennuksen aikana varmista sylinterin oikea kohdistus, sill\u00e4 virheellinen kohdistus voi johtaa sen rikkoutumiseen. K\u00e4yt\u00e4 asennuksessa sopivia kiinnikkeit\u00e4 ja noudata suositeltuja tarkastus-, korjaus- ja vaihtoprotokollia varmistaaksesi puomisylinterin pitk\u00e4n k\u00e4ytt\u00f6i\u00e4n.<\/p>\n<p><img decoding=\"async\" src=\"https:\/\/www.hydraulic-cylinders.net\/wp-content\/uploads\/2025\/04\/songte-chushion-collar.webp\" alt=\"Puomin sylinterin pehmustekaulus\" \/><\/p>\n<h2>Turvallisuusn\u00e4k\u00f6kohdat ja ymp\u00e4rist\u00f6tekij\u00e4t<\/h2>\n<p>Hydraulisylinterien kanssa ty\u00f6skennelt\u00e4ess\u00e4 turvatoimenpiteet ovat ensiarvoisen t\u00e4rkeit\u00e4. K\u00e4ytt\u00e4jien tulee noudattaa tiukkoja ohjeita turvallisen k\u00e4yt\u00f6n varmistamiseksi ja riskien minimoimiseksi. Henkil\u00f6kohtaisten suojavarusteiden (PPE) k\u00e4ytt\u00f6 k\u00e4yt\u00f6n aikana on olennaista, koska hydraulinestevuodot voivat aiheuttaa vaaroja. Lis\u00e4ksi raskaiden koneiden ja hydraulisten komponenttien tehokas k\u00e4sittely edellytt\u00e4\u00e4 asianmukaista koulutusta. Tietoisuus mahdollisista ymp\u00e4rist\u00f6vaikutuksista, kuten nestevuodoista, on ratkaisevan t\u00e4rke\u00e4\u00e4; siksi asianmukaiset eristys- ja h\u00e4vitysk\u00e4yt\u00e4nn\u00f6t ovat olennaisia \u200b\u200bekologisen jalanj\u00e4ljen minimoimiseksi.<\/p>\n<h2>Vianm\u00e4\u00e4ritys ja yleiset ongelmat<\/h2>\n<ul>\n<li><strong>Vuoto:<\/strong> Jatkuvat nestevuodot voivat viitata kuluneisiin tiivisteisiin tai vaurioituneisiin hydrauliletkuihin. Tarkista tiivisteet ja vaihda ne tarvittaessa.<\/li>\n<li><strong>Hidas toiminta:<\/strong> Jos sylinteri toimii hitaasti, se voi johtua alhaisesta hydrauliikka\u00f6ljyn m\u00e4\u00e4r\u00e4st\u00e4 tai ep\u00e4puhtauksista. Tarkista \u00f6ljyn m\u00e4\u00e4r\u00e4 ja laatu ja vaihda tarvittaessa.<\/li>\n<li><strong>Ei liikett\u00e4:<\/strong> Jos sylinteri ei liiku, tarkista hydrauliikkaletkujen tukokset tai viallinen pumppu. Varmista, ett\u00e4 j\u00e4rjestelm\u00e4ss\u00e4 on riitt\u00e4v\u00e4 paine.<\/li>\n<\/ul>\n<p>Ongelmien tehokkaaseen diagnosointiin ja ratkaisemiseen tarvitaan perusteellisia tarkastuksia. S\u00e4\u00e4nn\u00f6llinen huolto voi auttaa ehk\u00e4isem\u00e4\u00e4n monia hydraulisylintereihin liittyvi\u00e4 yleisi\u00e4 ongelmia. K\u00e4ytt\u00e4jien tulisi tutustua j\u00e4rjestelm\u00e4\u00e4n voidakseen tunnistaa ja korjata ongelmat ennen kuin ne k\u00e4rjistyv\u00e4t merkitt\u00e4v\u00e4mmiksi ongelmiksi.<\/p>\n<p><img decoding=\"async\" src=\"https:\/\/www.hydraulic-cylinders.net\/wp-content\/uploads\/2025\/04\/songte-bushings-with-all-kinds-of-excavator-models.webp\" alt=\"Holkit eri kaivinkonemalleihin\" \/><\/p>\n<h2>Yrityksen yleiskatsaus<\/h2>\n<p>Olemme johtava hydraulisylintereiden valmistaja, joka on erikoistunut korvaavien sylintereiden valmistukseen erilaisiin sovelluksiin. Laaja tuotevalikoimamme on asettanut meid\u00e4t yhdeksi johtavista valmistajista ja tukkumyyjist\u00e4 sek\u00e4 kotimaisilla ett\u00e4 kansainv\u00e4lisill\u00e4 markkinoilla. Noudatamme erinomaisuuden periaatteita ja hy\u00f6dynn\u00e4mme teollisen tuotannon hallintastrategioita. Sitoutumisemme laatuun perustuu ammattitaitoisen teknisen henkil\u00f6st\u00f6n, edistyneiden digitaalisten valmistuslaitteiden ja ammattimaisten testausj\u00e4rjestelmien k\u00e4ytt\u00f6\u00f6n.<\/p>\n<p>Keskittymisemme valmistusalustojen parantamiseen parantaa tuotteiden laatua ja vastaa samalla monipuolisiin asiakastarpeisiin tehokkaasti ja tarkasti. Tarjoamme kansainv\u00e4lisi\u00e4 sertifiointeja, r\u00e4\u00e4t\u00e4l\u00f6it\u00e4vi\u00e4 palveluita ja poikkeuksellista j\u00e4lkimarkkinointitukea varmistaaksemme tyytyv\u00e4isyyden ja luotettavuuden jokaisessa toimitetussa tuotteessa.<\/p>\n<p><img decoding=\"async\" src=\"https:\/\/www.hydraulic-cylinders.net\/wp-content\/uploads\/2025\/04\/songte-company-4.webp\" alt=\"Tuotantolaitoksemme\" \/><br \/>\n<img decoding=\"async\" src=\"https:\/\/www.hydraulic-cylinders.net\/wp-content\/uploads\/2025\/04\/songte-company-3.webp\" alt=\"Hydraulisylinterin tuotanto\" \/><\/p>\n<p>Kirjoittaja: lyl<\/p>","protected":false},"excerpt":{"rendered":"<p>Boom Cylinder For JCM Large Excavator JCM936F Product Overview The Boom Cylinder for JCM Large Excavator JCM936F is a vital hydraulic component specifically designed to control the movement of the excavator&#8217;s boom. This hydraulic cylinder is essential in operating various heavy machinery, including excavators, backhoe loaders, and front loaders. The primary function of the boom [&hellip;]<\/p>","protected":false},"featured_media":17881,"comment_status":"open","ping_status":"closed","template":"","meta":{"_et_pb_use_builder":"","_et_pb_old_content":"","_et_gb_content_width":""},"product_brand":[],"product_cat":[1546],"product_tag":[1547,1496],"class_list":{"0":"post-19346","1":"product","2":"type-product","3":"status-publish","4":"has-post-thumbnail","6":"product_cat-boom-cylinders","7":"product_tag-boom-cylinders","8":"product_tag-hydraulic-cylinders","10":"first","11":"instock","12":"shipping-taxable","13":"product-type-simple"},"amp_enabled":true,"_links":{"self":[{"href":"https:\/\/www.hydraulic-cylinders.net\/fi\/wp-json\/wp\/v2\/product\/19346","targetHints":{"allow":["GET"]}}],"collection":[{"href":"https:\/\/www.hydraulic-cylinders.net\/fi\/wp-json\/wp\/v2\/product"}],"about":[{"href":"https:\/\/www.hydraulic-cylinders.net\/fi\/wp-json\/wp\/v2\/types\/product"}],"replies":[{"embeddable":true,"href":"https:\/\/www.hydraulic-cylinders.net\/fi\/wp-json\/wp\/v2\/comments?post=19346"}],"wp:featuredmedia":[{"embeddable":true,"href":"https:\/\/www.hydraulic-cylinders.net\/fi\/wp-json\/wp\/v2\/media\/17881"}],"wp:attachment":[{"href":"https:\/\/www.hydraulic-cylinders.net\/fi\/wp-json\/wp\/v2\/media?parent=19346"}],"wp:term":[{"taxonomy":"product_brand","embeddable":true,"href":"https:\/\/www.hydraulic-cylinders.net\/fi\/wp-json\/wp\/v2\/product_brand?post=19346"},{"taxonomy":"product_cat","embeddable":true,"href":"https:\/\/www.hydraulic-cylinders.net\/fi\/wp-json\/wp\/v2\/product_cat?post=19346"},{"taxonomy":"product_tag","embeddable":true,"href":"https:\/\/www.hydraulic-cylinders.net\/fi\/wp-json\/wp\/v2\/product_tag?post=19346"}],"curies":[{"name":"wp","href":"https:\/\/api.w.org\/{rel}","templated":true}]}}