{"id":19350,"date":"2025-04-07T06:28:19","date_gmt":"2025-04-07T06:28:19","guid":{"rendered":"https:\/\/www.hydraulic-cylinders.net\/product\/boom-cylinder-for-liebherr-middle-excavator-r934\/"},"modified":"2025-04-07T06:28:31","modified_gmt":"2025-04-07T06:28:31","slug":"boom-cylinder-for-liebherr-middle-excavator-r934","status":"publish","type":"product","link":"https:\/\/www.hydraulic-cylinders.net\/fi\/tuote\/boom-cylinder-for-liebherr-middle-excavator-r934\/","title":{"rendered":"Puomin sylinteri Liebherr Middle -kaivukoneelle R934"},"content":{"rendered":"<h1>Puomin sylinteri Liebherr Middle -kaivukoneelle R934<\/h1>\n<h2>Tuotteen yleiskatsaus<\/h2>\n<p>Liebherr Middle Excavator R934 -kaivukoneen puomin sylinteri on erikoishydraulisylinteri, joka on suunniteltu ohjaamaan erilaisten raskaiden koneiden osien, erityisesti kauhan, liikett\u00e4. T\u00e4ll\u00e4 hydraulisylinterill\u00e4 on ratkaiseva rooli hydraulij\u00e4rjestelmiss\u00e4, sill\u00e4 se mahdollistaa kauhojen nostamisen, laskemisen ja kallistuksen, mik\u00e4 helpottaa materiaalink\u00e4sittelyteht\u00e4vi\u00e4 tehokkaasti. Se on suunniteltu vastaamaan rakennus- ja kaivuty\u00f6sovellusten vaativiin vaatimuksiin ja varmistamaan luotettavan toiminnan my\u00f6s raskaissa kuormissa ja vaikeissa olosuhteissa.<\/p>\n<p><img decoding=\"async\" src=\"https:\/\/www.hydraulic-cylinders.net\/wp-content\/uploads\/2025\/04\/songte-company-1.webp\" alt=\"Puomin sylinteri Liebherr Middle Excavator R934 -kaivukoneelle\"><\/p>\n<h3>Kauhasylinterien m\u00e4\u00e4ritelm\u00e4 ja toiminta<\/h3>\n<p>Kauhasylinterit, jotka tunnetaan my\u00f6s puomisylinterien nimell\u00e4, ovat hydraulisylintereit\u00e4, jotka on erityisesti suunniteltu ohjaamaan raskaiden koneiden, kuten kaivinkoneiden, kaivinkoneiden ja etukuormaajien, kauhojen liikett\u00e4. Ne mahdollistavat kauhan nostamisen, laskemisen ja kallistumisen, mik\u00e4 tarjoaa monipuolisuutta materiaalin siirt\u00e4misess\u00e4 ja kaivuut\u00f6iss\u00e4. Hydraulij\u00e4rjestelm\u00e4 k\u00e4ytt\u00e4\u00e4 paineistettua nestett\u00e4 liikkeen luomiseen, mik\u00e4 on v\u00e4ltt\u00e4m\u00e4t\u00f6nt\u00e4 erilaisten toimintojen tehokkaalle suorittamiselle. N\u00e4m\u00e4 sylinterit ovat keskeisess\u00e4 asemassa tuottavuuden ja toiminnan tehokkuuden parantamisessa rakennus- ja kaivuualoilla.<\/p>\n<h2>Puomin sylinterin ominaisuudet<\/h2>\n<ul>\n<li><strong>Korkea lujuus ja kest\u00e4vyys:<\/strong> Tyypillisesti eritt\u00e4in lujasta ter\u00e4ksest\u00e4 tai alumiinista valmistetut sylinterit on suunniteltu kest\u00e4m\u00e4\u00e4n korkeaa painetta ja raskaita kuormia, joten ne sopivat vaativiin ty\u00f6ymp\u00e4rist\u00f6ihin.<\/li>\n<li><strong>Tehokas hydraulinen k\u00e4ytt\u00f6:<\/strong> Hydrauli\u00f6ljyn painetta hy\u00f6dynt\u00e4v\u00e4 puomin sylinteri varmistaa sujuvan ojennuksen ja sis\u00e4\u00e4nvedon, mik\u00e4 mahdollistaa nopean reagoinnin k\u00e4ytt\u00e4j\u00e4n komentoihin ja tuottaa tehokkaan ty\u00f6nt\u00f6- ja vetovoiman.<\/li>\n<li><strong>Erilaisia \u200b\u200btyyppej\u00e4:<\/strong> Saatavilla yksitoimisina (hydraulinen teho yhteen suuntaan) ja kaksitoimisina (hydraulinen teho molempiin suuntiin) kokoonpanoina, r\u00e4\u00e4t\u00e4l\u00f6ityn\u00e4 erilaisiin k\u00e4ytt\u00f6tarpeisiin.<\/li>\n<li><strong>Kompaktit suunnitteluvaihtoehdot:<\/strong> Tietyt mallit ovat teleskooppisia, mik\u00e4 mahdollistaa pidemm\u00e4n ulottuvuuden ilman ulkomittojen kasvua, joten ne sopivat t\u00e4ydellisesti rajoitettuihin tiloihin.<\/li>\n<li><strong>Korroosionkest\u00e4vyys:<\/strong> Suunniteltu kulutusta ja korroosiota kest\u00e4viksi ominaisuuksiksi k\u00e4ytt\u00f6i\u00e4n pident\u00e4miseksi ja huoltotarpeen minimoimiseksi.<\/li>\n<\/ul>\n<p>Valmistamme t\u00e4t\u00e4 tuotetta, ja tuotteemme korvaavat t\u00e4ydellisesti olemassa olevat hydraulisylinterit.<\/p>\n<p><img decoding=\"async\" src=\"https:\/\/www.hydraulic-cylinders.net\/wp-content\/uploads\/2025\/04\/songte-cylinder-head-with-all-kinds-excavator-models.webp\" alt=\"Hydraulisylinterin tuotanto\"><\/p>\n<h2>Hydraulisylinterin sovellukset<\/h2>\n<h3>Rakennuslaitteet<\/h3>\n<p>Kaivinkoneissa puomin sylinterit ovat ratkaisevan t\u00e4rkeit\u00e4 kaivamisessa, lastaamisessa ja maan tai roskien siirt\u00e4misess\u00e4. Ne mahdollistavat kauhan liikkeiden tarkan hallinnan, mik\u00e4 parantaa koneen kokonaistehokkuutta. Kaivurikuormaajissa kauhan sylinteri helpottaa sek\u00e4 kaivamista ett\u00e4 nostamista, mik\u00e4 tekee siit\u00e4 v\u00e4ltt\u00e4m\u00e4tt\u00f6m\u00e4n ty\u00f6kalun rakennusty\u00f6mailla.<\/p>\n<h3>Maatalouskoneet<\/h3>\n<p>Etukuormaajissa puomisylintereit\u00e4 k\u00e4ytet\u00e4\u00e4n maan, hein\u00e4n ja muiden materiaalien kaivamiseen, nostamiseen ja kuljettamiseen. Ne tarjoavat tarvittavan voiman raskaiden kuormien tehokkaaseen k\u00e4sittelyyn, mik\u00e4 on olennaista maataloustoiminnassa.<\/p>\n<h3>Kaivinkoneen sovellukset<\/h3>\n<p>Kaivinkoneissa kauhan sylinteri mahdollistaa kauhan tunkeutumisen maaper\u00e4\u00e4n, mik\u00e4 mahdollistaa tehokkaan kaivun. T\u00e4m\u00e4 toiminto on elint\u00e4rke\u00e4 erilaisissa kaivut\u00f6iss\u00e4, sill\u00e4 se varmistaa kaivutoimien tuottavuuden ja tehokkuuden.<\/p>\n<h3>Kuormaajan toiminnot<\/h3>\n<p>Etukuormaajissa puomin sylinterit auttavat kuormien tehokkaassa nostamisessa ja tyhjent\u00e4misess\u00e4. Niiden suorituskyky vaikuttaa suoraan materiaalink\u00e4sittelyteht\u00e4vien nopeuteen ja tehokkuuteen ty\u00f6maalla, mik\u00e4 tekee niist\u00e4 keskeisen osan kuormaajan toiminnassa.<\/p>\n<h2>Suunnittelun\u00e4k\u00f6kohdat ja valintakriteerit<\/h2>\n<h3>Kantavuus<\/h3>\n<p>Puomisylinterin kuormituskapasiteetti on ensiarvoisen t\u00e4rke\u00e4\u00e4, koska sen on kyett\u00e4v\u00e4 k\u00e4sittelem\u00e4\u00e4n k\u00e4yt\u00f6n aikana odotettavissa oleva enimm\u00e4ispaino. Insin\u00f6\u00f6rien on analysoitava erityisi\u00e4 sovelluksia ja valittava sylinterit, jotka kest\u00e4v\u00e4t huippukuormituksia ilman vikaantumisriski\u00e4. T\u00e4m\u00e4 huomio varmistaa pitk\u00e4n k\u00e4ytt\u00f6i\u00e4n ja luotettavuuden vaativissa ymp\u00e4rist\u00f6iss\u00e4.<\/p>\n<h3>Tiivistys ja kest\u00e4vyys<\/h3>\n<p>Tiivistys on kriittisen t\u00e4rke\u00e4\u00e4 hydraulisen paineen yll\u00e4pit\u00e4miseksi ja nestevuotojen est\u00e4miseksi. Korkealaatuisten tiivisteiden ja materiaalien, kuten polyuretaanin ja nitriilikumin, k\u00e4ytt\u00f6 parantaa sylinterin suorituskyky\u00e4 ja k\u00e4ytt\u00f6ik\u00e4\u00e4. Hyvin suunniteltu tiivistej\u00e4rjestelm\u00e4 suojaa ep\u00e4puhtauksilta ja varmistaa sujuvan toiminnan.<\/p>\n<h3>Turvaominaisuudet<\/h3>\n<p>Turvallinen suunnittelu on olennaista, erityisesti raskaissa koneissa, joissa hydrauliset viat voivat johtaa onnettomuuksiin. Koneisiin tulisi integroida kest\u00e4vi\u00e4 turvaominaisuuksia, kuten paineenalennusventtiilej\u00e4 ja turvalukkoja, riskien lievent\u00e4miseksi ja k\u00e4ytt\u00e4j\u00e4n turvallisuuden varmistamiseksi koneen k\u00e4yt\u00f6n aikana.<\/p>\n<h3>Huolto Esteett\u00f6myys<\/h3>\n<p>Hydraulisylinterien suunnittelussa on t\u00e4rke\u00e4\u00e4 ottaa huomioon huoltomahdollisuus seisokkiaikojen minimoimiseksi. Helposti vaihdettavat tiivisteet ja helposti saavutettavat voitelukohdat mahdollistavat s\u00e4\u00e4nn\u00f6llisen huollon, pident\u00e4v\u00e4t sylinterin k\u00e4ytt\u00f6ik\u00e4\u00e4 ja varmistavat optimaalisen suorituskyvyn.<\/p>\n<p><img decoding=\"async\" src=\"https:\/\/www.hydraulic-cylinders.net\/wp-content\/uploads\/2025\/04\/songte-oil-pipes-and-spare-parts.webp\" alt=\"Hydraulisylinterin osat\"><\/p>\n<h2>Tiivistys ja voitelu<\/h2>\n<p>Asianmukainen tiivistys ja voitelu ovat elint\u00e4rkeit\u00e4 hydraulisylinterien tehokkaalle toiminnalle. Hydraulisen paineen yll\u00e4pit\u00e4miseen ja \u00f6ljyvuotojen est\u00e4miseen k\u00e4ytet\u00e4\u00e4n erilaisia \u200b\u200btiivistyskomponentteja, kuten m\u00e4nn\u00e4ntiivisteit\u00e4 ja varren tiivisteit\u00e4. Kest\u00e4vist\u00e4 materiaaleista, kuten polyuretaanista ja nitriilikumista, valmistetut tiivisteet ovat edullisia niiden kulumisen ja kemikaalien kest\u00e4vyyden vuoksi. Lis\u00e4ksi sylinterin runko ja kierteitetyt p\u00e4\u00e4t tulee ty\u00f6st\u00e4\u00e4 tarkasti kulumiskest\u00e4vyyden parantamiseksi. S\u00e4\u00e4nn\u00f6llinen voitelu sopivalla hydrauli\u00f6ljyll\u00e4 on v\u00e4ltt\u00e4m\u00e4t\u00f6nt\u00e4 sujuvan toiminnan varmistamiseksi ja sylinterin k\u00e4ytt\u00f6i\u00e4n pident\u00e4miseksi.<\/p>\n<h2>S\u00e4\u00e4nn\u00f6llinen huolto ja ennaltaehk\u00e4isev\u00e4t toimenpiteet<\/h2>\n<ul>\n<li><strong>Rutiinitarkastukset:<\/strong> S\u00e4\u00e4nn\u00f6lliset vuotojen, kulumisen ja vaurioiden tarkastukset ovat v\u00e4ltt\u00e4m\u00e4tt\u00f6mi\u00e4 ongelmien havaitsemiseksi varhaisessa vaiheessa. M\u00e4\u00e4r\u00e4aikaiset tarkastukset auttavat yll\u00e4pit\u00e4m\u00e4\u00e4n optimaalista suorituskyky\u00e4 ja turvallisuutta.<\/li>\n<li><strong>Oikea voitelu:<\/strong> Hydraulisten komponenttien riitt\u00e4v\u00e4 voitelu varmistaa sujuvan toiminnan. K\u00e4ytt\u00e4jien tulee noudattaa voiteluaikatauluja ja k\u00e4ytt\u00e4\u00e4 suositeltuja hydrauli\u00f6ljyj\u00e4.<\/li>\n<li><strong>Tiivisteen vaihto:<\/strong> Tiivisteet tulee vaihtaa s\u00e4\u00e4nn\u00f6llisesti osana huoltorutiineja vuotojen ja paineh\u00e4vi\u00f6iden est\u00e4miseksi. Tiivisteiden kunnon valvonta voi pident\u00e4\u00e4 sylinterin k\u00e4ytt\u00f6ik\u00e4\u00e4.<\/li>\n<\/ul>\n<h2>Asennusohjeet<\/h2>\n<p>Puomin sylinterin oikea asentaminen on ratkaisevan t\u00e4rke\u00e4\u00e4 optimaalisen toiminnan kannalta. Varmista, ett\u00e4 sylinteri on kohdistettu oikein asennuksen aikana, sill\u00e4 virheellinen kohdistus voi johtaa ennenaikaiseen kulumiseen ja rikkoutumiseen. K\u00e4yt\u00e4 sopivia kiinnitystelineit\u00e4 sylinterin kiinnitt\u00e4miseen ja liikkumisen est\u00e4miseen k\u00e4yt\u00f6n aikana. Noudata valmistajan ohjeita v\u00e4\u00e4nt\u00f6momenttien ja asennusmenetelmien suhteen. Asennuksen j\u00e4lkeen suorita perusteellinen tarkastus varmistaaksesi, ett\u00e4 kaikki komponentit ovat kiinni ja toimivat oikein. Oikea kohdistus ja kiinnitys v\u00e4hent\u00e4v\u00e4t toimintaongelmien riski\u00e4 ja pident\u00e4v\u00e4t laitteen k\u00e4ytt\u00f6ik\u00e4\u00e4.<\/p>\n<h2>Yleiset huoltoteht\u00e4v\u00e4t<\/h2>\n<ul>\n<li><strong>S\u00e4\u00e4nn\u00f6lliset tarkastukset:<\/strong> Tee s\u00e4\u00e4nn\u00f6llisi\u00e4 tarkastuksia kulumisen, vaurioiden tai vuotojen varalta. Varhainen havaitseminen auttaa ehk\u00e4isem\u00e4\u00e4n merkitt\u00e4v\u00e4mpi\u00e4 ongelmia ja kalliita korjauksia.<\/li>\n<li><strong>Asianmukainen voitelu:<\/strong> Voitele hydraulisylinteri s\u00e4\u00e4nn\u00f6llisesti varmistaaksesi sujuvan toiminnan. Noudata voiteluaikatauluja ja k\u00e4yt\u00e4 suositeltuja \u00f6ljyj\u00e4 suorituskyvyn yll\u00e4pit\u00e4miseksi.<\/li>\n<li><strong>Tiivisteen vaihto:<\/strong> Tarkkaile tiivisteiden kuntoa ja vaihda ne tarvittaessa. Kuluneet tiivisteet voivat johtaa hydraulinesteen h\u00e4vikkiin ja vaikuttaa sylinterin suorituskykyyn.<\/li>\n<\/ul>\n<h2>Turvallisuusn\u00e4k\u00f6kohdat ja ymp\u00e4rist\u00f6tekij\u00e4t<\/h2>\n<p>Turvatoimenpiteiden toteuttaminen on ratkaisevan t\u00e4rke\u00e4\u00e4 hydraulisylintereit\u00e4 k\u00e4ytett\u00e4ess\u00e4. K\u00e4ytt\u00e4j\u00e4t tulee kouluttaa ymm\u00e4rt\u00e4m\u00e4\u00e4n mahdolliset vaarat ja noudattamaan turvallisuusprotokollia, kuten asianmukaisten henkil\u00f6nsuojainten k\u00e4ytt\u00f6\u00e4 ja k\u00e4ytt\u00f6ohjeiden noudattamista. Hydraulij\u00e4rjestelmien hyv\u00e4n huollon ja vuotojen v\u00e4ltt\u00e4misen varmistaminen minimoi ymp\u00e4rist\u00f6vaikutukset ja mahdolliset vaarat. Lis\u00e4ksi hydraulinesteet on h\u00e4vitett\u00e4v\u00e4 asianmukaisesti paikallisten m\u00e4\u00e4r\u00e4ysten mukaisesti ymp\u00e4rist\u00f6n suojelemiseksi.<\/p>\n<h2>Vianm\u00e4\u00e4ritys ja yleiset ongelmat<\/h2>\n<ul>\n<li><strong>Hydrauliset vuodot:<\/strong> Yksi yleisimmist\u00e4 ongelmista, jonka usein aiheuttavat kuluneet tiivisteet tai vaurioituneet letkut. S\u00e4\u00e4nn\u00f6lliset tarkastukset voivat auttaa tunnistamaan vuodot varhaisessa vaiheessa.<\/li>\n<li><strong>Hidas toiminta:<\/strong> T\u00e4m\u00e4 voi viitata alhaiseen hydrauliikka\u00f6ljyn tasoon tai likaantumiseen. Nesteen m\u00e4\u00e4r\u00e4n ja puhtauden tarkistaminen voi ratkaista t\u00e4m\u00e4n ongelman.<\/li>\n<li><strong>Ep\u00e4tavalliset \u00e4\u00e4net:<\/strong> Hankaavat tai vinkuvat \u00e4\u00e4net voivat viitata mekaanisiin ongelmiin. N\u00e4ihin tulee puuttua viipym\u00e4tt\u00e4 lis\u00e4vaurioiden est\u00e4miseksi.<\/li>\n<\/ul>\n<h2>Vianm\u00e4\u00e4ritysvinkkej\u00e4<\/h2>\n<p>Hydraulisylinterien ongelmien vianm\u00e4\u00e4rityksess\u00e4 aloita tarkistamalla n\u00e4kyv\u00e4t vuodot ja arvioimalla nestetasot. Jos toiminta vaikuttaa hitaalta, tarkista hydraulineste ep\u00e4puhtauksien varalta ja vaihda se tarvittaessa. S\u00e4\u00e4nn\u00f6llinen huolto voi v\u00e4hent\u00e4\u00e4 merkitt\u00e4v\u00e4sti yleisten ongelmien todenn\u00e4k\u00f6isyytt\u00e4 ja pident\u00e4\u00e4 hydraulij\u00e4rjestelm\u00e4n k\u00e4ytt\u00f6ik\u00e4\u00e4. Huoltoloki voi auttaa seuraamaan suorituskyvyn kehityst\u00e4 ja tunnistamaan mahdolliset ongelmat ennen kuin ne pahenevat.<\/p>\n<p><img decoding=\"async\" src=\"https:\/\/www.hydraulic-cylinders.net\/wp-content\/uploads\/2025\/04\/songte-bushings-with-all-kinds-of-excavator-models.webp\" alt=\"Hydraulisylinterin holkit\"><\/p>\n<h2>Tietoa yrityksest\u00e4mme<\/h2>\n<p>Olemme johtava hydraulisten sylinterien vaihto-osien valmistaja, joka tarjoaa kattavan valikoiman tuotteita sek\u00e4 kotimaisille ett\u00e4 kansainv\u00e4lisille markkinoille. Sitoutumisemme huippuosaamiseen heijastuu huolellisissa valmistuksen hallintastrategioissamme, joita tukevat edistyneet valmistuslaitteet ja omistautunut ty\u00f6voima. Keskitymme korkeaan tehokkuuteen, tarkkuuteen ja laatuun vastataksemme monipuolisiin asiakastarpeisiin. Osaamiseemme kuuluvat kansainv\u00e4linen sertifiointi, r\u00e4\u00e4t\u00e4l\u00f6idyt palvelut ja vankka myynnin j\u00e4lkeinen tukij\u00e4rjestelm\u00e4, jotka varmistavat asiakastyytyv\u00e4isyyden ja luotettavuuden.<\/p>\n<p><img decoding=\"async\" src=\"https:\/\/www.hydraulic-cylinders.net\/wp-content\/uploads\/2025\/04\/songte-company-4.webp\" alt=\"Yrityksen yleiskatsaus\"><br \/>\n<img decoding=\"async\" src=\"https:\/\/www.hydraulic-cylinders.net\/wp-content\/uploads\/2025\/04\/songte-company-3.webp\" alt=\"Yrityksen tuotantolaitos\"><\/p>\n<p>Kirjoittaja: lyl<\/p>","protected":false},"excerpt":{"rendered":"<p>Boom Cylinder For Liebherr Middle Excavator R934 Product Overview The Boom Cylinder for Liebherr Middle Excavator R934 is a specialized hydraulic cylinder designed to control the movement of various heavy machinery components, particularly the bucket. This hydraulic cylinder plays a crucial role in hydraulic systems, enabling the lifting, lowering, and tilting of buckets to facilitate [&hellip;]<\/p>","protected":false},"featured_media":17870,"comment_status":"open","ping_status":"closed","template":"","meta":{"_et_pb_use_builder":"","_et_pb_old_content":"","_et_gb_content_width":""},"product_brand":[],"product_cat":[1546],"product_tag":[1547,1496],"class_list":{"0":"post-19350","1":"product","2":"type-product","3":"status-publish","4":"has-post-thumbnail","6":"product_cat-boom-cylinders","7":"product_tag-boom-cylinders","8":"product_tag-hydraulic-cylinders","10":"first","11":"instock","12":"shipping-taxable","13":"product-type-simple"},"amp_enabled":true,"_links":{"self":[{"href":"https:\/\/www.hydraulic-cylinders.net\/fi\/wp-json\/wp\/v2\/product\/19350","targetHints":{"allow":["GET"]}}],"collection":[{"href":"https:\/\/www.hydraulic-cylinders.net\/fi\/wp-json\/wp\/v2\/product"}],"about":[{"href":"https:\/\/www.hydraulic-cylinders.net\/fi\/wp-json\/wp\/v2\/types\/product"}],"replies":[{"embeddable":true,"href":"https:\/\/www.hydraulic-cylinders.net\/fi\/wp-json\/wp\/v2\/comments?post=19350"}],"wp:featuredmedia":[{"embeddable":true,"href":"https:\/\/www.hydraulic-cylinders.net\/fi\/wp-json\/wp\/v2\/media\/17870"}],"wp:attachment":[{"href":"https:\/\/www.hydraulic-cylinders.net\/fi\/wp-json\/wp\/v2\/media?parent=19350"}],"wp:term":[{"taxonomy":"product_brand","embeddable":true,"href":"https:\/\/www.hydraulic-cylinders.net\/fi\/wp-json\/wp\/v2\/product_brand?post=19350"},{"taxonomy":"product_cat","embeddable":true,"href":"https:\/\/www.hydraulic-cylinders.net\/fi\/wp-json\/wp\/v2\/product_cat?post=19350"},{"taxonomy":"product_tag","embeddable":true,"href":"https:\/\/www.hydraulic-cylinders.net\/fi\/wp-json\/wp\/v2\/product_tag?post=19350"}],"curies":[{"name":"wp","href":"https:\/\/api.w.org\/{rel}","templated":true}]}}