{"id":19360,"date":"2025-04-07T06:29:59","date_gmt":"2025-04-07T06:29:59","guid":{"rendered":"https:\/\/www.hydraulic-cylinders.net\/product\/boom-cylinder-for-liebherr-large-excavator-r954c\/"},"modified":"2025-04-07T06:30:13","modified_gmt":"2025-04-07T06:30:13","slug":"boom-cylinder-for-liebherr-large-excavator-r954c","status":"publish","type":"product","link":"https:\/\/www.hydraulic-cylinders.net\/fi\/tuote\/boom-cylinder-for-liebherr-large-excavator-r954c\/","title":{"rendered":"Puomin sylinteri Liebherr-kaivukoneelle R954C"},"content":{"rendered":"<h1>Puomin sylinteri Liebherr-kaivukoneelle R954C<\/h1>\n<h2>Puomin sylinterin yleiskatsaus<\/h2>\n<p>Puomin sylinteri on kriittinen osa raskaiden koneiden hydraulij\u00e4rjestelmiss\u00e4, erityisesti kaivinkoneissa, kuten Liebherr R954C:ss\u00e4. Sen ensisijainen teht\u00e4v\u00e4 on ohjata puomin liikett\u00e4, jolloin se voi nousta, laskea ja ojentaa tarpeen mukaan erilaisten materiaalink\u00e4sittelyteht\u00e4vien aikana. T\u00e4m\u00e4 hydraulisylinteri muuntaa hydraulinesteen paineen mekaaniseksi liikkeeksi, mik\u00e4 mahdollistaa kaivinkoneen tehokkaan toiminnan vaativissa ymp\u00e4rist\u00f6iss\u00e4.<\/p>\n<p><img decoding=\"async\" src=\"https:\/\/www.hydraulic-cylinders.net\/wp-content\/uploads\/2025\/04\/songte-company-1.webp\" alt=\"Kaivinkoneen puomin sylinteri\" \/><\/p>\n<h3>M\u00e4\u00e4ritelm\u00e4 ja soveltaminen<\/h3>\n<p>Kauhasylinteri on hydraulinen sylinterityyppi, joka on erityisesti suunniteltu ohjaamaan raskaiden koneiden, kuten kaivinkoneiden, traktorikaivureiden ja etukuormaajien, kauhojen liikett\u00e4. Se mahdollistaa kauhan nostamisen, laskemisen ja kallistumisen, mik\u00e4 helpottaa tehokasta materiaalink\u00e4sittely\u00e4. N\u00e4m\u00e4 sylinterit ovat v\u00e4ltt\u00e4m\u00e4tt\u00f6mi\u00e4 sen varmistamiseksi, ett\u00e4 k\u00e4ytt\u00e4j\u00e4t voivat suorittaa teht\u00e4vi\u00e4, kuten kaivamista, nostamista ja materiaalien kuljettamista, tarkasti ja helposti.<\/p>\n<h2>Puomin sylinterin t\u00e4rkeimm\u00e4t ominaisuudet<\/h2>\n<ul>\n<li><strong>Korkea lujuus ja kest\u00e4vyys:<\/strong> N\u00e4m\u00e4 sylinterit on valmistettu eritt\u00e4in lujasta ter\u00e4ksest\u00e4 tai alumiinista, ja ne kest\u00e4v\u00e4t korkeita paineita ja raskaita kuormia, joten ne sopivat vaativiin ty\u00f6ymp\u00e4rist\u00f6ihin.<\/li>\n<li><strong>Tehokas hydraulinen k\u00e4ytt\u00f6:<\/strong> Puomin sylinterit hy\u00f6dynt\u00e4v\u00e4t hydrauli\u00f6ljyn painetta sujuvaan ojennukseen ja sis\u00e4\u00e4nvetoon, mik\u00e4 mahdollistaa nopean reagoinnin k\u00e4ytt\u00e4j\u00e4n komentoihin ja tehokkaat ty\u00f6nt\u00f6- ja veto-ominaisuudet.<\/li>\n<li><strong>Erilaisia \u200b\u200btyyppej\u00e4:<\/strong> Saatavilla yksitoimisina (k\u00e4ytt\u00e4\u00e4 hydraulipainetta yhteen suuntaan) ja kaksitoimisina malleina (toimii molempiin suuntiin). Joissakin malleissa on teleskooppirakenteet, jotka mahdollistavat suuremman jatkeen ilman ulkomittojen kasvua.<\/li>\n<\/ul>\n<h3>Valmistuksen huippuosaaminen<\/h3>\n<p>Olemme erikoistuneet puomisylintereiden valmistukseen, jotka korvaavat t\u00e4ydellisesti kaivinkoneiden nykyiset hydraulisylinterit.<\/p>\n<p><img decoding=\"async\" src=\"https:\/\/www.hydraulic-cylinders.net\/wp-content\/uploads\/2025\/04\/songte-cylinder-head-with-all-kinds-excavator-models.webp\" alt=\"Kaivinkonemallit\" \/><\/p>\n<h2>Sovellusskenaariot<\/h2>\n<h3>Rakennuslaitteet<\/h3>\n<p>Kaivinkoneissa puomin sylinterit ovat ratkaisevan t\u00e4rkeit\u00e4 kaivamisessa, lastaamisessa ja maan tai roskien siirt\u00e4misess\u00e4. Niiden avulla kuljettaja voi helposti k\u00e4sitell\u00e4 kauhaa, mik\u00e4 varmistaa maksimaalisen tehokkuuden rakennusprojektien aikana. Puomin nosto- ja laskumahdollisuus mahdollistaa tarkan kaivuty\u00f6n, ja hydrauliikkaj\u00e4rjestelm\u00e4 tarjoaa tarvittavan tehon raskaiden kuormien k\u00e4sittelyyn.<\/p>\n<h3>Maatalouskoneet<\/h3>\n<p>Etukuormaajissa puomisylintereit\u00e4 k\u00e4ytet\u00e4\u00e4n maan, hein\u00e4n ja muiden materiaalien kauhaamiseen, nostamiseen ja kuljettamiseen. Ne tarjoavat tarvittavan voiman n\u00e4iden teht\u00e4vien tehokkaaseen suorittamiseen, mik\u00e4 tekee niist\u00e4 v\u00e4ltt\u00e4m\u00e4tt\u00f6mi\u00e4 maanviljelij\u00f6ille ja maatalousty\u00f6ntekij\u00f6ille.<\/p>\n<h3>Kaivinkoneet<\/h3>\n<p>Kaivinkoneissa kauhan sylinteri helpottaa kaivamista, koska kauha tunkeutuu tehokkaasti maahan. T\u00e4m\u00e4 ominaisuus on elint\u00e4rke\u00e4 kaivut\u00f6iss\u00e4, joten puomin sylinteri on keskeinen osa optimaalisen tuottavuuden saavuttamista.<\/p>\n<h3>Kuormaajat<\/h3>\n<p>Etukuormaajissa puomisylinterit auttavat materiaalien tehokkaassa nostamisessa ja tyhjent\u00e4misess\u00e4. Niiden rakenne varmistaa vakaan toiminnan lastausteht\u00e4vien aikana, mik\u00e4 on olennaista ty\u00f6maiden tuottavuuden yll\u00e4pit\u00e4miseksi.<\/p>\n<h2>Suunnittelun\u00e4k\u00f6kohdat ja valintakriteerit<\/h2>\n<h3>Kantavuus<\/h3>\n<p>Puomisylinterin kuormituskyky on ensiarvoisen t\u00e4rke\u00e4\u00e4. Se m\u00e4\u00e4ritt\u00e4\u00e4, kuinka paljon painoa sylinteri kest\u00e4\u00e4 turvallisesti k\u00e4yt\u00f6n aikana. Oikean kuormituskyvyn valinta varmistaa, ett\u00e4 kone toimii turvallisissa rajoissa, est\u00e4en viat tai onnettomuudet.<\/p>\n<h3>Tiivistys ja kest\u00e4vyys<\/h3>\n<p>Tehokas tiivistys on ratkaisevan t\u00e4rke\u00e4\u00e4 hydraulinesteen vuotojen est\u00e4miseksi, jotka voivat johtaa tehokkuuden heikkenemiseen ja lis\u00e4\u00e4ntyneeseen kulumiseen. Kest\u00e4v\u00e4t tiivistemateriaalit varmistavat pitk\u00e4ik\u00e4isyyden ja luotettavuuden, jotka ovat olennaisia \u200b\u200btehokkaille hydraulij\u00e4rjestelmille.<\/p>\n<h3>Turvallisuus<\/h3>\n<p>Suunnittelun turvaominaisuudet, kuten ylikuormitussuoja ja paineenalennusj\u00e4rjestelm\u00e4t, ovat elint\u00e4rkeit\u00e4 onnettomuuksien ehk\u00e4isemiseksi k\u00e4yt\u00f6n aikana. Hyvin suunniteltu puomin sylinteri parantaa koneiston yleist\u00e4 turvallisuutta.<\/p>\n<h3>Yll\u00e4pidett\u00e4vyys<\/h3>\n<p>Helppo huolto on t\u00e4rke\u00e4 tekij\u00e4 hydraulisylintereiden suunnittelussa. Komponenttien tulee olla helposti saatavilla tarkastusta ja huoltoa varten, jotta ne voidaan pit\u00e4\u00e4 optimaalisessa toimintakunnossa.<\/p>\n<p><img decoding=\"async\" src=\"https:\/\/www.hydraulic-cylinders.net\/wp-content\/uploads\/2025\/04\/songte-oil-pipes-and-spare-parts.webp\" alt=\"Hydrauliset komponentit\" \/><\/p>\n<h2>Tiivistys ja voitelu<\/h2>\n<p>Tehokas tiivistys saavutetaan k\u00e4ytt\u00e4m\u00e4ll\u00e4 erilaisia \u200b\u200bkomponentteja, kuten m\u00e4nn\u00e4ntiivisteit\u00e4 ja varren tiivisteit\u00e4, jotka on usein valmistettu kulutusta kest\u00e4vist\u00e4 materiaaleista, kuten polyuretaanista ja nitriilikumista. Sylinterin runko ja kierteitetyt p\u00e4\u00e4t ty\u00f6stet\u00e4\u00e4n tarkasti kulutuskest\u00e4vyyden parantamiseksi. S\u00e4\u00e4nn\u00f6llinen voitelu hydrauliikka\u00f6ljyll\u00e4 on v\u00e4ltt\u00e4m\u00e4t\u00f6nt\u00e4 optimaalisen suorituskyvyn yll\u00e4pit\u00e4miseksi ja kulumisen est\u00e4miseksi.<\/p>\n<h2>Ennaltaehk\u00e4isev\u00e4t huoltotoimenpiteet<\/h2>\n<ul>\n<li><strong>S\u00e4\u00e4nn\u00f6lliset tarkastukset:<\/strong> Tarkista usein vuodot, kuluminen ja mahdolliset vauriot havaitaksesi ongelmat ajoissa.<\/li>\n<li><strong>Oikea voitelu:<\/strong> Varmista, ett\u00e4 hydrauliikka\u00f6ljy\u00e4 on t\u00e4ytetty suositeltuun m\u00e4\u00e4r\u00e4\u00e4n asti ja ett\u00e4 se on j\u00e4rjestelm\u00e4lle oikeanlaista.<\/li>\n<li><strong>Tiivisteen vaihto:<\/strong> Tarkista tiivisteiden kuluminen s\u00e4\u00e4nn\u00f6llisesti ja vaihda ne tarvittaessa j\u00e4rjestelm\u00e4n eheyden yll\u00e4pit\u00e4miseksi.<\/li>\n<\/ul>\n<h2>Asennusohjeet<\/h2>\n<p>Puomisylinterin asianmukainen asennus on v\u00e4ltt\u00e4m\u00e4t\u00f6nt\u00e4 optimaalisen suorituskyvyn saavuttamiseksi. Aloita varmistamalla, ett\u00e4 kaikki komponentit ovat puhtaita ja roskista vapaita. Kohdista sylinteri oikein kiinnityskannattimiin k\u00e4ytt\u00e4m\u00e4ll\u00e4 sopivia tukia est\u00e4\u00e4ksesi virhekohdistuksen asennuksen aikana. Kirist\u00e4 pultit valmistajan ohjeiden mukaisesti ja tarkista kaikki liitokset kahdesti varmistaaksesi, ettei vuotoja esiinny, ennen kuin k\u00e4yt\u00e4t konetta.<\/p>\n<h2>Yleiset huoltoteht\u00e4v\u00e4t<\/h2>\n<h3>S\u00e4\u00e4nn\u00f6lliset tarkastukset<\/h3>\n<p>S\u00e4\u00e4nn\u00f6lliset tarkastukset auttavat tunnistamaan mahdolliset ongelmat ennen kuin ne pahenevat. Etsi merkkej\u00e4 vuodoista, ep\u00e4tavallisista \u00e4\u00e4nist\u00e4 tai suorituskyvyn laskuista ja korjaa ne v\u00e4litt\u00f6m\u00e4sti lis\u00e4vaurioiden est\u00e4miseksi.<\/p>\n<h3>Oikea voitelu<\/h3>\n<p>Varmista, ett\u00e4 hydrauliikka\u00f6ljyn taso pysyy tasaisena ja ett\u00e4 \u00f6ljy sopii j\u00e4rjestelm\u00e4n vaatimuksiin. Oikea voitelu v\u00e4hent\u00e4\u00e4 kitkaa ja kulumista, mik\u00e4 pident\u00e4\u00e4 sylinterin k\u00e4ytt\u00f6ik\u00e4\u00e4.<\/p>\n<h3>Tiivisteiden vaihto ja kalibrointitarkastukset<\/h3>\n<p>Vaihda kuluneet tiivisteet viipym\u00e4tt\u00e4 vuotojen est\u00e4miseksi ja j\u00e4rjestelm\u00e4n paineen yll\u00e4pit\u00e4miseksi. Kalibrointitarkastukset ovat v\u00e4ltt\u00e4m\u00e4tt\u00f6mi\u00e4 sen varmistamiseksi, ett\u00e4 kaikki komponentit toimivat oikein, mik\u00e4 edist\u00e4\u00e4 yleist\u00e4 turvallisuutta ja tehokkuutta.<\/p>\n<p><img decoding=\"async\" src=\"https:\/\/www.hydraulic-cylinders.net\/wp-content\/uploads\/2025\/04\/songte-chushion-collar.webp\" alt=\"Tyynykaulus\" \/><\/p>\n<h2>Turvallisuusn\u00e4k\u00f6kohdat ja ymp\u00e4rist\u00f6tekij\u00e4t<\/h2>\n<p>Turvatoimenpiteiden toteuttaminen hydraulisylintereiden kanssa ty\u00f6skennelless\u00e4 on ensiarvoisen t\u00e4rke\u00e4\u00e4 onnettomuuksien ehk\u00e4isemiseksi. Varmista, ett\u00e4 k\u00e4ytt\u00e4j\u00e4t ovat koulutettuja turvallisiin k\u00e4sittelytapoihin ja ett\u00e4 he k\u00e4ytt\u00e4v\u00e4t asianmukaisia \u200b\u200bsuojavarusteita. Lis\u00e4ksi ota huomioon hydraulinestevuotojen ymp\u00e4rist\u00f6vaikutukset ja h\u00e4vit\u00e4 \u00f6ljyiset materiaalit vastuullisesti.<\/p>\n<h2>Vianm\u00e4\u00e4ritys ja yleiset ongelmat<\/h2>\n<ul>\n<li><strong>Vuoto:<\/strong> Yleens\u00e4 kuluneiden tiivisteiden tai vaurioituneiden osien aiheuttama. S\u00e4\u00e4nn\u00f6llinen tarkastus ja oikea-aikainen vaihto voivat lievent\u00e4\u00e4 t\u00e4t\u00e4 ongelmaa.<\/li>\n<li><strong>Heikentynyt suorituskyky:<\/strong> T\u00e4m\u00e4 voi johtua alhaisesta hydrauliikka\u00f6ljyn m\u00e4\u00e4r\u00e4st\u00e4 tai ep\u00e4puhtauksista. Nestetasojen tarkistaminen ja puhtauden varmistaminen voivat korjata t\u00e4m\u00e4n.<\/li>\n<li><strong>Ylikuumeneminen:<\/strong> Voi johtua liiallisesta ty\u00f6kuormasta tai riitt\u00e4m\u00e4tt\u00f6m\u00e4st\u00e4 voitelusta. Varmista, ett\u00e4 sylinteri\u00e4 ei paineta rajojen yli ja ett\u00e4 voitelu s\u00e4ilyy.<\/li>\n<\/ul>\n<h2>Ongelmanratkaisuvinkkej\u00e4<\/h2>\n<p>Jotta voit tehokkaasti diagnosoida ja ratkaista ongelmia, pid\u00e4 yll\u00e4 suorituskykylokia tunnistaaksesi toistuvat kaavat. K\u00e4yt\u00e4 ennaltaehk\u00e4isevi\u00e4 toimenpiteit\u00e4, kuten s\u00e4\u00e4nn\u00f6llist\u00e4 huoltoa, mahdollisten ongelmien minimoimiseksi ja varmista, ett\u00e4 j\u00e4rjestelm\u00e4t pysyv\u00e4t luotettavina ja tehokkaina.<\/p>\n<p><img decoding=\"async\" src=\"https:\/\/www.hydraulic-cylinders.net\/wp-content\/uploads\/2025\/04\/songte-bushings-with-all-kinds-of-excavator-models.webp\" alt=\"Kaivinkoneiden holkit\" \/><\/p>\n<h2>Tietoa yrityksest\u00e4mme<\/h2>\n<p>Olemme johtava hydraulisylinterien valmistaja ja tukkumyyj\u00e4, joka on erikoistunut laadukkaisiin varaosiin. Sitoutumisemme huippuosaamiseen antaa meille mahdollisuuden erottua sek\u00e4 kotimaisilla ett\u00e4 kansainv\u00e4lisill\u00e4 markkinoilla. Hy\u00f6dynn\u00e4mme hienostunutta tuotannonohjausstrategiaa, jota tukevat ammattitaitoiset teknikot, edistyneet valmistuslaitteet ja vankka testausj\u00e4rjestelm\u00e4. Jatkuvat parannuksemme varmistavat korkean tehokkuuden, tarkkuuden ja laadun, jotka vastaavat monipuolisiin asiakastarpeisiin.<\/p>\n<p><img decoding=\"async\" src=\"https:\/\/www.hydraulic-cylinders.net\/wp-content\/uploads\/2025\/04\/songte-company-4.webp\" alt=\"Yrityksen yleiskatsaus\" \/><br \/>\n<img decoding=\"async\" src=\"https:\/\/www.hydraulic-cylinders.net\/wp-content\/uploads\/2025\/04\/songte-company-3.webp\" alt=\"Yrityksen tilat\" \/><\/p>\n<p>Omistautumisemme ammattitaitoon, kansainv\u00e4lisiin sertifiointeihin, r\u00e4\u00e4t\u00e4l\u00f6ityihin palveluihin, edistyneisiin tuotantolaitteisiin ja kattavaan myynninj\u00e4lkeiseen tukeen varmistavat, ett\u00e4 pysymme luotettavana kumppanina hydraulisylinteriteollisuudessa.<\/p>\n<p>Kirjoittaja: lyl<\/p>","protected":false},"excerpt":{"rendered":"<p>Boom Cylinder For Liebherr Large Excavator R954C Overview of the Boom Cylinder The Boom Cylinder is a critical component in the hydraulic systems of heavy machinery, specifically in excavators like the Liebherr R954C. Its primary function is to control the movement of the boom, allowing it to lift, lower, and extend as needed during various [&hellip;]<\/p>","protected":false},"featured_media":17880,"comment_status":"open","ping_status":"closed","template":"","meta":{"_et_pb_use_builder":"","_et_pb_old_content":"","_et_gb_content_width":""},"product_brand":[],"product_cat":[1546],"product_tag":[1547,1496],"class_list":{"0":"post-19360","1":"product","2":"type-product","3":"status-publish","4":"has-post-thumbnail","6":"product_cat-boom-cylinders","7":"product_tag-boom-cylinders","8":"product_tag-hydraulic-cylinders","10":"first","11":"instock","12":"shipping-taxable","13":"product-type-simple"},"amp_enabled":true,"_links":{"self":[{"href":"https:\/\/www.hydraulic-cylinders.net\/fi\/wp-json\/wp\/v2\/product\/19360","targetHints":{"allow":["GET"]}}],"collection":[{"href":"https:\/\/www.hydraulic-cylinders.net\/fi\/wp-json\/wp\/v2\/product"}],"about":[{"href":"https:\/\/www.hydraulic-cylinders.net\/fi\/wp-json\/wp\/v2\/types\/product"}],"replies":[{"embeddable":true,"href":"https:\/\/www.hydraulic-cylinders.net\/fi\/wp-json\/wp\/v2\/comments?post=19360"}],"wp:featuredmedia":[{"embeddable":true,"href":"https:\/\/www.hydraulic-cylinders.net\/fi\/wp-json\/wp\/v2\/media\/17880"}],"wp:attachment":[{"href":"https:\/\/www.hydraulic-cylinders.net\/fi\/wp-json\/wp\/v2\/media?parent=19360"}],"wp:term":[{"taxonomy":"product_brand","embeddable":true,"href":"https:\/\/www.hydraulic-cylinders.net\/fi\/wp-json\/wp\/v2\/product_brand?post=19360"},{"taxonomy":"product_cat","embeddable":true,"href":"https:\/\/www.hydraulic-cylinders.net\/fi\/wp-json\/wp\/v2\/product_cat?post=19360"},{"taxonomy":"product_tag","embeddable":true,"href":"https:\/\/www.hydraulic-cylinders.net\/fi\/wp-json\/wp\/v2\/product_tag?post=19360"}],"curies":[{"name":"wp","href":"https:\/\/api.w.org\/{rel}","templated":true}]}}