{"id":19371,"date":"2025-04-07T06:30:49","date_gmt":"2025-04-07T06:30:49","guid":{"rendered":"https:\/\/www.hydraulic-cylinders.net\/product\/boom-cylinder-for-sdlg-middle-excavator-lg6235\/"},"modified":"2025-04-07T06:30:53","modified_gmt":"2025-04-07T06:30:53","slug":"boom-cylinder-for-sdlg-middle-excavator-lg6235","status":"publish","type":"product","link":"https:\/\/www.hydraulic-cylinders.net\/fi\/tuote\/boom-cylinder-for-sdlg-middle-excavator-lg6235\/","title":{"rendered":"Puomin sylinteri SDLG-kaivukoneelle LG6235"},"content":{"rendered":"<h1>Puomin sylinteri SDLG-kaivukoneelle LG6235<\/h1>\n<h2>Tuotteen yleiskatsaus<\/h2>\n<p>SDLG-keskikaivukoneen LG6235 puomin sylinteri on raskaiden koneiden hydraulij\u00e4rjestelm\u00e4n t\u00e4rke\u00e4 osa. Se ohjaa puomin liikett\u00e4, jolloin kuljettaja voi nostaa, laskea ja kallistaa kaivinkoneen vartta erilaisia \u200b\u200bteht\u00e4vi\u00e4 varten. T\u00e4ll\u00e4 hydraulisylinterill\u00e4 on t\u00e4rke\u00e4 rooli tehokkaiden materiaalink\u00e4sittelytoimintojen, kuten kaivamisen, lastaamisen ja materiaalien kuljetuksen, varmistamisessa.<\/p>\n<p>Hydraulisylinterin\u00e4 puomin sylinteri on erityisesti suunniteltu vastaamaan raskaiden rakennus- ja maatalouslaitteiden vaativiin vaatimuksiin. Se tarjoaa tarvittavan voiman kaivinkoneen puomin k\u00e4sittelyyn, mik\u00e4 mahdollistaa tarkan ohjauksen ja tehokkaan toiminnan erilaisissa ymp\u00e4rist\u00f6iss\u00e4.<\/p>\n<p><img decoding=\"async\" src=\"https:\/\/www.hydraulic-cylinders.net\/wp-content\/uploads\/2025\/04\/songte-company-1.webp\" alt=\"Puomin sylinteri\"><\/p>\n<h2>Puomin sylinterin ominaisuudet<\/h2>\n<ul>\n<li><strong>Korkea lujuus ja kest\u00e4vyys:<\/strong> T\u00e4m\u00e4 lujasta ter\u00e4ksest\u00e4 tai alumiinista valmistettu sylinteri kest\u00e4\u00e4 korkeaa painetta ja raskaita kuormia vaativissa k\u00e4ytt\u00f6olosuhteissa. Se on suunniteltu kest\u00e4m\u00e4\u00e4n kulumista ja korroosiota, mik\u00e4 pident\u00e4\u00e4 sen k\u00e4ytt\u00f6ik\u00e4\u00e4.<\/li>\n<li><strong>Tehokas hydraulinen k\u00e4ytt\u00f6:<\/strong> Hydrauli\u00f6ljyn paineen ansiosta sylinteri saavuttaa tasaisen laajentumisen ja sis\u00e4\u00e4nvedon, mik\u00e4 vastaa nopeasti k\u00e4ytt\u00f6komentoihin ja tuottaa tehokkaan ty\u00f6nt\u00f6- ja vetovoiman, mik\u00e4 sopii ihanteellisesti raskaiden ja monimutkaisten teht\u00e4vien k\u00e4sittelyyn.<\/li>\n<li><strong>Erilaisia \u200b\u200btyyppej\u00e4:<\/strong> Saatavilla yksitoimisina (hydraulisesti k\u00e4yt\u00f6ss\u00e4 yhteen suuntaan) tai kaksitoimisina (hydraulisesti k\u00e4yt\u00f6ss\u00e4 molempiin suuntiin) malleina, mik\u00e4 mahdollistaa valinnan tiettyjen k\u00e4ytt\u00f6tarpeiden mukaan. Joissakin malleissa on teleskooppirakenne, joka mahdollistaa suuremman jatkeen ilman ulkomittojen kasvua, mik\u00e4 sopii ahtaisiin tiloihin.<\/li>\n<li><strong>Mukautettavat ratkaisut:<\/strong> Valmistuskykymme ansiosta voimme valmistaa sylintereit\u00e4, jotka korvaavat t\u00e4ydellisesti olemassa olevat hydraulisylinterit ja varmistavat saumattoman integroinnin erilaisiin kaivinkonemalleihin.<\/li>\n<li><strong>Tarkkuustekniikka:<\/strong> Jokainen puomin sylinteri on suunniteltu t\u00e4ytt\u00e4m\u00e4\u00e4n tiukat laatustandardit, mik\u00e4 varmistaa luotettavan suorituskyvyn vaativissa olosuhteissa.<\/li>\n<\/ul>\n<p><img decoding=\"async\" src=\"https:\/\/www.hydraulic-cylinders.net\/wp-content\/uploads\/2025\/04\/songte-cylinder-head-with-all-kinds-excavator-models.webp\" alt=\"Kaivinkonemallit\"><\/p>\n<h2>Puomisylinterin sovellukset<\/h2>\n<h3>Rakennuslaitteet<\/h3>\n<p>Kaivinkoneissa puomin sylinterit ovat v\u00e4ltt\u00e4m\u00e4tt\u00f6mi\u00e4 maan tai roskien kaivamiseen, lastaamiseen ja siirt\u00e4miseen. Ne helpottavat kaivuprosessia tarjoamalla tarvittavan voiman maan tunkeutumiseen ja materiaalien tehokkaaseen nostamiseen. Kaivurikuormaajissa n\u00e4m\u00e4 sylinterit auttavat sek\u00e4 kaivamisessa ett\u00e4 nostamisessa, mik\u00e4 tekee niist\u00e4 monipuolisia ty\u00f6kaluja rakennusty\u00f6mailla.<\/p>\n<h3>Maatalouskoneet<\/h3>\n<p>Etukuormaajissa k\u00e4ytett\u00e4v\u00e4t puomisylinterit ovat ratkaisevan t\u00e4rkeit\u00e4 maaper\u00e4n, hein\u00e4n ja muiden materiaalien kaivamisessa, nostamisessa ja kuljettamisessa. Niiden avulla maanviljelij\u00e4t voivat suorittaa teht\u00e4vi\u00e4, kuten lastata rehua, siirt\u00e4\u00e4 maaper\u00e4\u00e4 istutusta varten ja jopa k\u00e4sitell\u00e4 suuria hein\u00e4paaleja, mik\u00e4 parantaa merkitt\u00e4v\u00e4sti maatilojen tuottavuutta.<\/p>\n<h3>Kaivinkoneet<\/h3>\n<p>Kaivinkoneissa puomisylinterit mahdollistavat kauhan tehokkaan tunkeutumisen maaper\u00e4\u00e4n, mik\u00e4 mahdollistaa tehokkaan kaivun. N\u00e4iden sylinterien tarjoama tarkka ohjaus varmistaa, ett\u00e4 kuljettajat voivat kaivaa haluttuun syvyyteen ja siirt\u00e4\u00e4 materiaaleja tarkasti.<\/p>\n<h3>Kuormaajat<\/h3>\n<p>Etukuormaajissa puomisylinterit auttavat kuormien tehokkaassa nostamisessa ja tyhjent\u00e4misess\u00e4. Niiden kest\u00e4v\u00e4 rakenne mahdollistaa raskaiden materiaalien k\u00e4sittelyn ja tarjoaa samalla k\u00e4ytt\u00e4j\u00e4lle tarvittavan hallinnan kuormien tarkkaan sijoittamiseen tyhjent\u00e4misen tai siirt\u00e4misen aikana.<\/p>\n<h2>Suunnittelun\u00e4k\u00f6kohdat ja valintakriteerit<\/h2>\n<h3>Kantavuus<\/h3>\n<p>Puomisylinterin kuormituskapasiteetti on ratkaisevan t\u00e4rke\u00e4 sen varmistamiseksi, ett\u00e4 se kest\u00e4\u00e4 odotetun painon k\u00e4yt\u00f6n aikana. Insin\u00f6\u00f6rit suunnittelevat n\u00e4m\u00e4 sylinterit kest\u00e4m\u00e4\u00e4n tiettyj\u00e4 kuormia varmistaen turvallisuuden ja luotettavuuden k\u00e4yt\u00f6n aikana. On t\u00e4rke\u00e4\u00e4 valita sylinteri, jonka kuormituskapasiteetti ylitt\u00e4\u00e4 suurimman odotetun kuormituksen, jotta v\u00e4ltet\u00e4\u00e4n viat.<\/p>\n<h3>Tiivistys<\/h3>\n<p>Tehokas tiivistys on v\u00e4ltt\u00e4m\u00e4t\u00f6nt\u00e4 hydraulinesteen vuotojen est\u00e4miseksi ja optimaalisen paineen yll\u00e4pit\u00e4miseksi j\u00e4rjestelm\u00e4ss\u00e4. Korkealaatuisia tiivisteit\u00e4 k\u00e4ytet\u00e4\u00e4n tiiviin istuvuuden varmistamiseksi, ja eri materiaalit valitaan niiden kest\u00e4vyyden perusteella ymp\u00e4rist\u00f6olosuhteissa. Asianmukainen tiivistys auttaa parantamaan suorituskyky\u00e4 ja pitk\u00e4ik\u00e4isyytt\u00e4.<\/p>\n<h3>Kest\u00e4vyys<\/h3>\n<p>Kest\u00e4vyys on merkitt\u00e4v\u00e4 tekij\u00e4 puomisylintereiden suunnittelussa. Materiaalit valitaan niiden kulumis-, korroosio- ja \u00e4\u00e4rimm\u00e4isten olosuhteiden kest\u00e4vyyden perusteella, mik\u00e4 varmistaa pitk\u00e4n k\u00e4ytt\u00f6i\u00e4n. S\u00e4\u00e4nn\u00f6llinen huolto on my\u00f6s ratkaisevan t\u00e4rke\u00e4\u00e4 kest\u00e4vyyden ja suorituskyvyn yll\u00e4pit\u00e4miseksi ajan kuluessa.<\/p>\n<h3>Turvallisuus<\/h3>\n<p>Puomisylinterien suunnitteluun on integroitu turvaominaisuuksia onnettomuuksien ja toimintah\u00e4iri\u00f6iden est\u00e4miseksi. N\u00e4it\u00e4 voivat olla paineenalennusventtiilit ja turvalukot, jotka varmistavat, ettei sylinteri toimi turvallisten rajojen ulkopuolella. Turvallisuuden varmistaminen suojaa paitsi laitteita my\u00f6s k\u00e4ytt\u00e4j\u00e4\u00e4 ja ymp\u00e4rill\u00e4 olevaa henkil\u00f6st\u00f6\u00e4.<\/p>\n<h3>Yll\u00e4pidett\u00e4vyys<\/h3>\n<p>Puomisylinterien suunnittelussa on t\u00e4rke\u00e4\u00e4 ottaa huomioon huolto huomioon. Huoltokohtiin, kuten rasvanippoihin ja tarkastusportteihin, helpon p\u00e4\u00e4syn mahdollistavat ominaisuudet helpottavat s\u00e4\u00e4nn\u00f6llisi\u00e4 tarkastuksia ja huoltoa, mik\u00e4 minimoi seisokkiajat ja pident\u00e4\u00e4 laitteiden k\u00e4ytt\u00f6ik\u00e4\u00e4.<\/p>\n<p><img decoding=\"async\" src=\"https:\/\/www.hydraulic-cylinders.net\/wp-content\/uploads\/2025\/04\/songte-oil-pipes-and-spare-parts.webp\" alt=\"\u00d6ljyputket ja varaosat\"><\/p>\n<h2>Tiivistys ja voitelu<\/h2>\n<p>Tiivistys- ja voiteluj\u00e4rjestelmien eheys on elint\u00e4rke\u00e4\u00e4 puomisylinterien suorituskyvylle. K\u00e4ytet\u00e4\u00e4n erilaisia \u200b\u200btiivisteit\u00e4, mukaan lukien m\u00e4nn\u00e4ntiivisteet ja varren tiivisteet, jotka on tyypillisesti valmistettu kest\u00e4vist\u00e4 materiaaleista, kuten polyuretaanista ja nitriilikumista. N\u00e4m\u00e4 materiaalit valitaan niiden kulutuskest\u00e4vyyden ja ankarien ymp\u00e4rist\u00f6olosuhteiden kest\u00e4vyyden perusteella.<\/p>\n<p>Sylinterin runko ja kierteitetyt p\u00e4\u00e4typinnat k\u00e4sitell\u00e4\u00e4n hienovaraisesti niiden kulutuskest\u00e4vyyden parantamiseksi. S\u00e4\u00e4nn\u00f6llinen voitelu hydrauliikka\u00f6ljyll\u00e4 on v\u00e4ltt\u00e4m\u00e4t\u00f6nt\u00e4 kitkan ja kulumisen v\u00e4hent\u00e4miseksi, mik\u00e4 varmistaa sujuvan toiminnan. \u00d6ljytasojen seuranta ja tarvittaessa \u00f6ljyn lis\u00e4\u00e4minen on t\u00e4rke\u00e4\u00e4 optimaalisen suorituskyvyn yll\u00e4pit\u00e4miseksi.<\/p>\n<h2>Ennaltaehk\u00e4isev\u00e4t huoltotoimenpiteet<\/h2>\n<ul>\n<li><strong>S\u00e4\u00e4nn\u00f6lliset tarkastukset:<\/strong> Tarkista sylinterit perusteellisesti mahdollisten kulumisen tai vaurioiden varalta. Etsi vuotoja, halkeamia tai muodonmuutoksia, jotka voivat viitata mahdollisiin vikoihin.<\/li>\n<li><strong>Asianmukainen voitelu:<\/strong> Varmista, ett\u00e4 hydrauliikka\u00f6ljy on riitt\u00e4v\u00e4sti voideltu valmistajan ohjeiden mukaisesti. T\u00e4m\u00e4 auttaa v\u00e4hent\u00e4m\u00e4\u00e4n kitkaa ja pident\u00e4\u00e4 sylinterin k\u00e4ytt\u00f6ik\u00e4\u00e4.<\/li>\n<li><strong>Tiivisteen vaihto:<\/strong> Tarkista tiivisteiden kuluminen s\u00e4\u00e4nn\u00f6llisesti ja vaihda ne tarvittaessa nestevuotojen est\u00e4miseksi ja toiminnan tehokkuuden yll\u00e4pit\u00e4miseksi.<\/li>\n<\/ul>\n<h2>Asennusohjeet<\/h2>\n<p>Puomisylinterin oikea asennus on ratkaisevan t\u00e4rke\u00e4\u00e4 sen suorituskyvyn ja pitk\u00e4n k\u00e4ytt\u00f6i\u00e4n kannalta. Noudata n\u00e4it\u00e4 ohjeita tarkan asennuksen varmistamiseksi:<\/p>\n<ol>\n<li>Varmista, ett\u00e4 kaikki kiinnityspinnat ovat puhtaat ja vapaat roskista.<\/li>\n<li>Kohdista sylinteri tarkasti kiinnityspisteisiin virhekohdistusten v\u00e4ltt\u00e4miseksi.<\/li>\n<li>Kiinnit\u00e4 sylinteri paikalleen k\u00e4ytt\u00e4m\u00e4ll\u00e4 sopivia kiinnityskiinnikkeit\u00e4 ja varmista, ett\u00e4 se on tiukasti kiinni.<\/li>\n<li>Kytke hydrauliikkaletkut ja varmista, ettei vuotoja ole ja ett\u00e4 kaikki liittimet on kiristetty kunnolla.<\/li>\n<li>Testaa j\u00e4rjestelm\u00e4 asennuksen j\u00e4lkeen varmistaaksesi, ett\u00e4 sylinteri toimii sujuvasti ja tehokkaasti.<\/li>\n<\/ol>\n<h2>Yleiset huoltoteht\u00e4v\u00e4t<\/h2>\n<ul>\n<li><strong>S\u00e4\u00e4nn\u00f6lliset tarkastukset:<\/strong> Tarkista sylinteri s\u00e4\u00e4nn\u00f6llisesti kulumisen tai vuotojen varalta. Ongelmien varhainen havaitseminen voi est\u00e4\u00e4 merkitt\u00e4v\u00e4mpi\u00e4 ongelmia my\u00f6hemmin.<\/li>\n<li><strong>Asianmukainen voitelu:<\/strong> Varmista hydraulij\u00e4rjestelm\u00e4n s\u00e4\u00e4nn\u00f6llinen voitelu valmistajan suositusten mukaisesti optimaalisen suorituskyvyn yll\u00e4pit\u00e4miseksi.<\/li>\n<li><strong>Tiivisteen vaihto:<\/strong> Tarkista tiivisteiden kunto s\u00e4\u00e4nn\u00f6llisesti ja vaihda ne tarvittaessa vuotojen est\u00e4miseksi ja tehokkaan toiminnan varmistamiseksi.<\/li>\n<\/ul>\n<h2>Turvallisuusn\u00e4k\u00f6kohdat ja ymp\u00e4rist\u00f6tekij\u00e4t<\/h2>\n<p>Hydraulij\u00e4rjestelmien kanssa ty\u00f6skennelt\u00e4ess\u00e4 turvatoimenpiteet ovat ensiarvoisen t\u00e4rkeit\u00e4. K\u00e4ytt\u00e4jien on aina k\u00e4ytett\u00e4v\u00e4 asianmukaisia \u200b\u200bhenkil\u00f6nsuojaimia ja noudatettava turvallisuusprotokollia puomisylintereit\u00e4 k\u00e4sitelless\u00e4\u00e4n. On t\u00e4rke\u00e4\u00e4 varmistaa, ett\u00e4 ty\u00f6tila on esteet\u00f6n ja ett\u00e4 kaikki henkil\u00f6st\u00f6 on tietoinen toimintatavoista onnettomuuksien ehk\u00e4isemiseksi.<\/p>\n<h2>Vianm\u00e4\u00e4ritys ja yleiset ongelmat<\/h2>\n<ul>\n<li><strong>Nestevuodot:<\/strong> Tarkista sylinterin tiivisteiden ymp\u00e4rill\u00e4 hydrauliikka\u00f6ljyn vuotojen merkkej\u00e4. T\u00e4m\u00e4 voi viitata kuluneisiin tiivisteisiin tai vaurioituneisiin liitoksiin.<\/li>\n<li><strong>Hidas toiminta:<\/strong> Jos sylinteri liikkuu hitaasti, se voi johtua alhaisesta hydraulinesteen tasosta tai tukoksesta hydrauliletkuissa.<\/li>\n<li><strong>Liiallinen melu:<\/strong> Ep\u00e4tavalliset \u00e4\u00e4net k\u00e4yt\u00f6n aikana voivat viitata sylinterin mekaanisiin ongelmiin, ja ne on tutkittava v\u00e4litt\u00f6m\u00e4sti.<\/li>\n<\/ul>\n<h2>Vianm\u00e4\u00e4ritysvinkkej\u00e4<\/h2>\n<p>Jos puomin sylinteriss\u00e4 on ongelmia, noudata n\u00e4it\u00e4 vianm\u00e4\u00e4ritysvinkkej\u00e4:<\/p>\n<ol>\n<li>Tarkista hydraulinesteen m\u00e4\u00e4r\u00e4 ja lis\u00e4\u00e4 tarvittaessa varmistaaksesi, ett\u00e4 j\u00e4rjestelm\u00e4 on riitt\u00e4v\u00e4sti voitelussa.<\/li>\n<li>Tarkasta tiivisteet ja liittimet vaurioiden tai kulumisen varalta ja vaihda kaikki vaurioituneet osat.<\/li>\n<li>Suorita s\u00e4\u00e4nn\u00f6llisesti ennakoivaa huoltoa mahdollisten ongelmien v\u00e4ltt\u00e4miseksi, mik\u00e4 lis\u00e4\u00e4 luotettavuutta ja pident\u00e4\u00e4 sylinterin k\u00e4ytt\u00f6ik\u00e4\u00e4.<\/li>\n<\/ol>\n<p><img decoding=\"async\" src=\"https:\/\/www.hydraulic-cylinders.net\/wp-content\/uploads\/2025\/04\/songte-bushings-with-all-kinds-of-excavator-models.webp\" alt=\"Kaivinkonemallien holkit\"><\/p>\n<h2>Tietoa yrityksest\u00e4mme<\/h2>\n<p>Olemme johtava hydraulisten sylinterien vaihto-osien valmistaja, joka tarjoaa kattavan valikoiman tuotteita sek\u00e4 kotimaisille ett\u00e4 kansainv\u00e4lisille markkinoille. Sitoutumisemme huippuosaamiseen n\u00e4kyy hienostuneissa valmistusprosesseissamme ja laadunvalvontastrategioissamme. Hy\u00f6dynt\u00e4m\u00e4ll\u00e4 teknist\u00e4 asiantuntemusta, edistyneit\u00e4 digitaalisia valmistuslaitteita ja vankkaa testausj\u00e4rjestelm\u00e4\u00e4 parannamme jatkuvasti tuotantokapasiteettiamme.<\/p>\n<p>Keskittymisemme korkeaan tehokkuuteen, tarkkuuteen ja laatuun mahdollistaa monipuolisten asiakasvaatimusten t\u00e4ytt\u00e4misen. Tarjoamme r\u00e4\u00e4t\u00e4l\u00f6ityj\u00e4 palveluita varmistaaksemme, ett\u00e4 ratkaisumme vastaavat t\u00e4ydellisesti asiakkaiden tarpeita. Palvelua tukee ammattimainen j\u00e4lkimarkkinointipalvelu, joka takaa tyytyv\u00e4isyyden ja luotettavuuden.<\/p>\n<p><img decoding=\"async\" src=\"https:\/\/www.hydraulic-cylinders.net\/wp-content\/uploads\/2025\/04\/songte-company-4.webp\" alt=\"Yrityksen yleiskatsaus\"><br \/>\n<img decoding=\"async\" src=\"https:\/\/www.hydraulic-cylinders.net\/wp-content\/uploads\/2025\/04\/songte-company-3.webp\" alt=\"Yrityksen tilat\"><\/p>\n<p>Kirjoittaja: lyl<\/p>","protected":false},"excerpt":{"rendered":"<p>Boom Cylinder For SDLG Middle Excavator LG6235 Product Overview The boom cylinder for the SDLG middle excavator LG6235 is a crucial component in the hydraulic system of heavy machinery. It controls the movement of the boom, allowing the operator to raise, lower, and tilt the excavator arm for various tasks. This hydraulic cylinder plays a [&hellip;]<\/p>","protected":false},"featured_media":17876,"comment_status":"open","ping_status":"closed","template":"","meta":{"_et_pb_use_builder":"","_et_pb_old_content":"","_et_gb_content_width":""},"product_brand":[],"product_cat":[1546],"product_tag":[1547,1496],"class_list":{"0":"post-19371","1":"product","2":"type-product","3":"status-publish","4":"has-post-thumbnail","6":"product_cat-boom-cylinders","7":"product_tag-boom-cylinders","8":"product_tag-hydraulic-cylinders","10":"first","11":"instock","12":"shipping-taxable","13":"product-type-simple"},"amp_enabled":true,"_links":{"self":[{"href":"https:\/\/www.hydraulic-cylinders.net\/fi\/wp-json\/wp\/v2\/product\/19371","targetHints":{"allow":["GET"]}}],"collection":[{"href":"https:\/\/www.hydraulic-cylinders.net\/fi\/wp-json\/wp\/v2\/product"}],"about":[{"href":"https:\/\/www.hydraulic-cylinders.net\/fi\/wp-json\/wp\/v2\/types\/product"}],"replies":[{"embeddable":true,"href":"https:\/\/www.hydraulic-cylinders.net\/fi\/wp-json\/wp\/v2\/comments?post=19371"}],"wp:featuredmedia":[{"embeddable":true,"href":"https:\/\/www.hydraulic-cylinders.net\/fi\/wp-json\/wp\/v2\/media\/17876"}],"wp:attachment":[{"href":"https:\/\/www.hydraulic-cylinders.net\/fi\/wp-json\/wp\/v2\/media?parent=19371"}],"wp:term":[{"taxonomy":"product_brand","embeddable":true,"href":"https:\/\/www.hydraulic-cylinders.net\/fi\/wp-json\/wp\/v2\/product_brand?post=19371"},{"taxonomy":"product_cat","embeddable":true,"href":"https:\/\/www.hydraulic-cylinders.net\/fi\/wp-json\/wp\/v2\/product_cat?post=19371"},{"taxonomy":"product_tag","embeddable":true,"href":"https:\/\/www.hydraulic-cylinders.net\/fi\/wp-json\/wp\/v2\/product_tag?post=19371"}],"curies":[{"name":"wp","href":"https:\/\/api.w.org\/{rel}","templated":true}]}}