{"id":19385,"date":"2025-04-07T06:31:35","date_gmt":"2025-04-07T06:31:35","guid":{"rendered":"https:\/\/www.hydraulic-cylinders.net\/product\/boom-cylinder-for-jcm-small-excavator-906d\/"},"modified":"2025-04-07T06:31:38","modified_gmt":"2025-04-07T06:31:38","slug":"boom-cylinder-for-jcm-small-excavator-906d","status":"publish","type":"product","link":"https:\/\/www.hydraulic-cylinders.net\/fi\/tuote\/boom-cylinder-for-jcm-small-excavator-906d\/","title":{"rendered":"JCM-kaivukoneen 906D puomin sylinteri"},"content":{"rendered":"<h1>JCM-kaivukoneen 906D puomin sylinteri<\/h1>\n<h2>Johdatus puomin sylintereihin<\/h2>\n<p>Puomisylinteri, joka tunnetaan my\u00f6s kauhan sylinterin\u00e4, on kriittinen osa hydraulij\u00e4rjestelmiss\u00e4, joita k\u00e4ytet\u00e4\u00e4n erilaisissa raskaissa koneissa, kuten kaivinkoneissa, traktorikaivureissa ja etukuormaajissa. N\u00e4m\u00e4 hydraulisylinterit on suunniteltu ohjaamaan kauhan liikett\u00e4, jolloin se voi nousta, laskea ja kallistua. T\u00e4m\u00e4 toiminto on v\u00e4ltt\u00e4m\u00e4t\u00f6n materiaalink\u00e4sittelyteht\u00e4viss\u00e4, sill\u00e4 se mahdollistaa kuljettajien tehokkaan materiaalien kaivamisen, lastaamisen ja kuljettamisen. Puomisylinterin roolia hydraulij\u00e4rjestelmiss\u00e4 ei voida yliarvioida, sill\u00e4 se vaikuttaa suoraan raskaiden laitteiden suorituskykyyn ja tehokkuuteen rakennus- ja maataloussovelluksissa.<\/p>\n<p><img decoding=\"async\" src=\"https:\/\/www.hydraulic-cylinders.net\/wp-content\/uploads\/2025\/04\/songte-company-1.webp\" alt=\"Puomin sylinteri\" \/><\/p>\n<h2>Puomin sylinterin ominaisuudet<\/h2>\n<h3>1. Korkea lujuus ja kest\u00e4vyys<\/h3>\n<p>N\u00e4m\u00e4 sylinterit on tyypillisesti valmistettu lujasta ter\u00e4ksest\u00e4 tai alumiinista, ja ne on suunniteltu kest\u00e4m\u00e4\u00e4n korkeita paineita ja raskaita kuormia. Niiden kest\u00e4v\u00e4 rakenne tekee niist\u00e4 sopivia vaativiin ty\u00f6ymp\u00e4rist\u00f6ihin, ja niiden kulutusta ja korroosiota kest\u00e4v\u00e4t mallit pident\u00e4v\u00e4t niiden k\u00e4ytt\u00f6ik\u00e4\u00e4.<\/p>\n<h3>2. Tehokas hydraulinen toiminta<\/h3>\n<p>Puomin sylinteri hy\u00f6dynt\u00e4\u00e4 hydrauli\u00f6ljyn painetta sujuvan pidennyksen ja sis\u00e4\u00e4nvedon aikaansaamiseksi, mik\u00e4 mahdollistaa nopean reagoinnin k\u00e4ytt\u00e4j\u00e4n komentoihin. T\u00e4m\u00e4 ominaisuus tarjoaa huomattavaa ty\u00f6nt\u00f6- ja vetovoimaa, mik\u00e4 tekee siit\u00e4 ihanteellisen raskaiden esineiden k\u00e4sittelyyn ja monimutkaisten operatiivisten teht\u00e4vien suorittamiseen.<\/p>\n<h3>3. Tyyppien monimuotoisuus<\/h3>\n<p>N\u00e4m\u00e4 sylinterit voidaan valita k\u00e4ytt\u00f6tarpeiden mukaan, ja vaihtoehtoina on yksitoimiset (hydraulinen paine kohdistuu yhteen suuntaan) tai kaksitoimiset (hydraulinen paine kohdistuu molempiin suuntiin) kokoonpanot. Tietyiss\u00e4 malleissa on teleskooppirakenteet, jotka mahdollistavat suuremman jatkeen ilman ulkomittojen kasvua, mik\u00e4 tekee niist\u00e4 t\u00e4ydellisi\u00e4 ahtaissa tiloissa k\u00e4ytett\u00e4viin sovelluksiin.<\/p>\n<h3>4. R\u00e4\u00e4t\u00e4l\u00f6ity valmistus<\/h3>\n<p>Olemme erikoistuneet puomisylintereiden valmistukseen ja tarjoamme t\u00e4ydellisi\u00e4 korvaajia erilaisissa kaivinkonemalleissa k\u00e4ytett\u00e4ville hydraulisylintereille.<\/p>\n<p><img decoding=\"async\" src=\"https:\/\/www.hydraulic-cylinders.net\/wp-content\/uploads\/2025\/04\/songte-cylinder-head-with-all-kinds-excavator-models.webp\" alt=\"Kaivinkonemallit\" \/><\/p>\n<h3>5. Monipuoliset sovellukset<\/h3>\n<p>N\u00e4it\u00e4 sylintereit\u00e4 k\u00e4ytet\u00e4\u00e4n laajalti useilla teollisuudenaloilla, mukaan lukien:<\/p>\n<ul>\n<li><strong>Rakennuslaitteet:<\/strong> Kaivinkoneissa puomin sylinterit ovat ratkaisevan t\u00e4rkeit\u00e4 kaivamisessa, lastaamisessa ja maaper\u00e4n tai roskien siirt\u00e4misess\u00e4. Kaivinkoneissa ne helpottavat sek\u00e4 kaivu- ett\u00e4 nostotoimintoja, mik\u00e4 parantaa tuottavuutta ty\u00f6mailla.<\/li>\n<li><strong>Maatalouskoneet:<\/strong> Etukuormaajissa k\u00e4ytett\u00e4v\u00e4t puomisylinterit auttavat maaper\u00e4n, hein\u00e4n ja muiden maatalousprosesseissa v\u00e4ltt\u00e4m\u00e4tt\u00f6mien materiaalien kauhaamisessa, nostamisessa ja kuljettamisessa.<\/li>\n<li><strong>Kaivinkoneet:<\/strong> Puomin sylinteri mahdollistaa kauhan tehokkaan tunkeutumisen maahan, jolloin k\u00e4ytt\u00e4j\u00e4t voivat kaivaa tehokkaasti.<\/li>\n<li><strong>Kuormaajat:<\/strong> Etukuormaajissa puomin sylinterit auttavat kuormien nostamisessa ja tyhjent\u00e4misess\u00e4, mik\u00e4 tarjoaa tehokkaan materiaalink\u00e4sittelyn.<\/li>\n<\/ul>\n<h2>Suunnittelun\u00e4k\u00f6kohdat ja valintakriteerit<\/h2>\n<h3>Kantavuus<\/h3>\n<p>Puomisylinterin kuormituskapasiteetti on kriittinen tekij\u00e4 sen suunnittelussa. Se on suunniteltava kest\u00e4m\u00e4\u00e4n sen k\u00e4yt\u00f6n aikana mahdollisesti kohtaama enimm\u00e4ispaino. Ylikuormitus voi johtaa mekaanisiin vaurioihin, mik\u00e4 aiheuttaa turvallisuusriskej\u00e4 ja laitevaurioita. Asianmukaiset laskelmat ja materiaalivalinnat varmistavat, ett\u00e4 sylinteri toimii tehokkaasti odotettujen kuormien alla.<\/p>\n<h3>Tiivistyskyky<\/h3>\n<p>Tiivistys on elint\u00e4rke\u00e4\u00e4 hydraulinesteen eheyden yll\u00e4pit\u00e4miseksi ja vuotojen est\u00e4miseksi. Korkealaatuiset tiivisteet, kuten m\u00e4nn\u00e4ntiivisteet ja varren tiivisteet, ovat v\u00e4ltt\u00e4m\u00e4tt\u00f6mi\u00e4 optimaalisen suorituskyvyn saavuttamiseksi. Materiaalien, kuten polyuretaanin tai nitriilikumin, valinta parantaa kest\u00e4vyytt\u00e4 ja kulumiskest\u00e4vyytt\u00e4 varmistaen pitk\u00e4aikaisen luotettavuuden.<\/p>\n<h3>Kest\u00e4vyys<\/h3>\n<p>Kest\u00e4vyys on merkitt\u00e4v\u00e4 tekij\u00e4 puomisylintereiden suunnittelussa. Niiden on kestett\u00e4v\u00e4 jatkuvan liikkeen ja ankarien ymp\u00e4rist\u00f6olosuhteiden aiheuttamaa kulumista. Pintak\u00e4sittelyt ja suojapinnoitteet voivat parantaa n\u00e4iden komponenttien pitk\u00e4ik\u00e4isyytt\u00e4, v\u00e4hent\u00e4\u00e4 huoltotarvetta ja pident\u00e4\u00e4 k\u00e4ytt\u00f6ik\u00e4\u00e4.<\/p>\n<h3>Turvaominaisuudet<\/h3>\n<p>Turvallisuus on hydraulij\u00e4rjestelmiss\u00e4 ensiarvoisen t\u00e4rke\u00e4\u00e4. Puomisylintereiss\u00e4 tulisi olla onnettomuuksien est\u00e4miseksi turvaominaisuuksia, kuten paineenalennusventtiilit ja kest\u00e4v\u00e4t rakenteet, jotka kest\u00e4v\u00e4t odottamattomia kuormia. Perusteelliset testit ja sertifiointi varmistavat turvallisuusstandardien noudattamisen.<\/p>\n<h3>Huolto Esteett\u00f6myys<\/h3>\n<p>Puomisylinterien suunnittelu huolto mieless\u00e4 pit\u00e4en helpottaa s\u00e4\u00e4nn\u00f6llisi\u00e4 tarkastuksia ja korjauksia. Helposti saavutettavat komponentit mahdollistavat tehokkaan huollon, minimoivat seisokkiajat ja varmistavat laitteiden toiminnan pysymisen. Hyvin suunniteltu huoltostrategia voi merkitt\u00e4v\u00e4sti parantaa sylinterien k\u00e4ytt\u00f6ik\u00e4\u00e4.<\/p>\n<p><img decoding=\"async\" src=\"https:\/\/www.hydraulic-cylinders.net\/wp-content\/uploads\/2025\/04\/songte-oil-pipes-and-spare-parts.webp\" alt=\"\u00d6ljyputket ja varaosat\" \/><\/p>\n<h2>Tiivistys ja voitelu<\/h2>\n<p>Tehokas tiivistys ja voitelu ovat ratkaisevan t\u00e4rkeit\u00e4 puomisylinterien suorituskyvylle. Erilaiset tiivistyskomponentit, kuten m\u00e4nn\u00e4ntiivisteet ja varren tiivisteet, est\u00e4v\u00e4t hydraulinesteen vuodot ja yll\u00e4pit\u00e4v\u00e4t painetta. Kest\u00e4vist\u00e4 materiaaleista, kuten polyuretaanista ja nitriilikumista, valmistetut tiivisteet parantavat kulumiskest\u00e4vyytt\u00e4 ja ymp\u00e4rist\u00f6vaikutusten kest\u00e4vyytt\u00e4.<\/p>\n<p>Lis\u00e4ksi sylinterin runko ja kierteitetyt pinnat tulisi hienokoneistaa kulumiskest\u00e4vyyden parantamiseksi. S\u00e4\u00e4nn\u00f6llinen voitelu sopivalla hydrauliikka\u00f6ljyll\u00e4 varmistaa sujuvan toiminnan ja est\u00e4\u00e4 kitkasta johtuvaa kulumista. Voitelutason asianmukainen yll\u00e4pito on v\u00e4ltt\u00e4m\u00e4t\u00f6nt\u00e4 sylinterien pitk\u00e4ik\u00e4isyydelle.<\/p>\n<h2>Ennaltaehk\u00e4isev\u00e4t huoltotoimenpiteet<\/h2>\n<ul>\n<li><strong>S\u00e4\u00e4nn\u00f6lliset tarkastukset:<\/strong> Rutiinitarkastusten suorittaminen on olennaista kulumisen tai vaurioiden merkkien havaitsemiseksi. K\u00e4ytt\u00e4jien tulee tarkastaa sylinteri silm\u00e4m\u00e4\u00e4r\u00e4isesti vuotojen, halkeamien ja muiden ongelmien varalta.<\/li>\n<li><strong>Voitelu:<\/strong> Hydrauli\u00f6ljyn pit\u00e4minen oikealla tasolla ja kaikkien liikkuvien osien riitt\u00e4v\u00e4 voitelu v\u00e4hent\u00e4v\u00e4t kitkaa ja kulumista, mik\u00e4 pident\u00e4\u00e4 sylinterin k\u00e4ytt\u00f6ik\u00e4\u00e4.<\/li>\n<li><strong>Tiivisteen vaihto:<\/strong> Kuluneiden tiivisteiden s\u00e4\u00e4nn\u00f6llinen tarkastus ja vaihto est\u00e4v\u00e4t nestevuodot ja yll\u00e4pit\u00e4v\u00e4t j\u00e4rjestelm\u00e4n tehokkuutta varmistaen optimaalisen suorituskyvyn.<\/li>\n<\/ul>\n<h2>Asennusohjeet<\/h2>\n<p>Puomisylinterin oikea asentaminen on ratkaisevan t\u00e4rke\u00e4\u00e4 sen suorituskyvyn kannalta. T\u00e4ss\u00e4 on t\u00e4rkeimm\u00e4t noudatettavat vaiheet:<\/p>\n<ol>\n<li><strong>Valmistelu:<\/strong> Varmista, ett\u00e4 kaikki ty\u00f6kalut ja materiaalit ovat valmiina. Varmista, ett\u00e4 uusi sylinteri vastaa olemassa olevan sylinterin teknisi\u00e4 tietoja.<\/li>\n<li><strong>Tasaus:<\/strong> Kohdista sylinteri oikein koneiston kiinnityspisteisiin. V\u00e4\u00e4r\u00e4 kohdistus voi aiheuttaa ennenaikaista kulumista ja rikkoutumista.<\/li>\n<li><strong>Asennus:<\/strong> Kiinnit\u00e4 sylinteri sopivilla kiinnityskiinnikkeill\u00e4. Varmista, ett\u00e4 pultit ja kiinnikkeet on kiristetty suositeltuihin momentteihin.<\/li>\n<li><strong>Hydrauliset liit\u00e4nn\u00e4t:<\/strong> Liit\u00e4 hydrauliletkut varmistaen, ettei niiss\u00e4 ole mutkia tai tukoksia, jotka voisivat est\u00e4\u00e4 nesteen virtausta.<\/li>\n<li><strong>Testaus:<\/strong> Asennuksen j\u00e4lkeen koeajolla on varmistettava, ett\u00e4 sylinteri toimii tasaisesti eik\u00e4 vuotoja esiinny.<\/li>\n<\/ol>\n<h2>Huoltoteht\u00e4v\u00e4t<\/h2>\n<h3>1. S\u00e4\u00e4nn\u00f6lliset tarkastukset<\/h3>\n<p>Rutiinitarkastusten tekeminen auttaa havaitsemaan kulumisen ja mahdollisten vikojen varhaisia \u200b\u200bmerkkej\u00e4. Tarkasta sylinteri n\u00e4kyvien vaurioiden, kuten halkeamien tai vuotojen, varalta. Ongelmien nopea korjaaminen voi est\u00e4\u00e4 merkitt\u00e4v\u00e4mpi\u00e4 ongelmia ja kalliita korjauksia.<\/p>\n<h3>2. Oikea voitelu<\/h3>\n<p>Asianmukainen voitelu on v\u00e4ltt\u00e4m\u00e4t\u00f6nt\u00e4 sylinterin sujuvalle toiminnalle. Tarkista s\u00e4\u00e4nn\u00f6llisesti hydrauliikka\u00f6ljyn tasot ja varmista, ett\u00e4 kaikki liikkuvat osat on voideltu riitt\u00e4v\u00e4sti. Oikea voitelu v\u00e4hent\u00e4\u00e4 kitkaa ja pident\u00e4\u00e4 sylinterin k\u00e4ytt\u00f6ik\u00e4\u00e4.<\/p>\n<h3>3. Tiivisteen vaihto<\/h3>\n<p>Tiivisteill\u00e4 on t\u00e4rke\u00e4 rooli hydraulisen paineen yll\u00e4pit\u00e4misess\u00e4. Tarkista s\u00e4\u00e4nn\u00f6llisesti kuluminen ja vaihda tiivisteet tarvittaessa. Tehokkaiden tiivisteiden yll\u00e4pito on ratkaisevan t\u00e4rke\u00e4\u00e4 nestevuotojen est\u00e4miseksi ja optimaalisen suorituskyvyn varmistamiseksi.<\/p>\n<h2>Turvallisuusn\u00e4k\u00f6kohdat ja ymp\u00e4rist\u00f6tekij\u00e4t<\/h2>\n<p>Hydraulij\u00e4rjestelmi\u00e4 k\u00e4ytett\u00e4ess\u00e4 turvatoimenpiteet ovat ensiarvoisen t\u00e4rkeit\u00e4. K\u00e4ytt\u00e4j\u00e4t tulee kouluttaa laitteiden turvalliseen k\u00e4sittelyyn ja k\u00e4ytt\u00f6ohjeiden noudattamisen t\u00e4rkeyteen. Asianmukaisesti huolletut sylinterit v\u00e4hent\u00e4v\u00e4t onnettomuuksien ja laitevikojen riski\u00e4. Lis\u00e4ksi on otettava huomioon ymp\u00e4rist\u00f6yst\u00e4v\u00e4lliset k\u00e4yt\u00e4nn\u00f6t, mukaan lukien hydraulinesteiden ja k\u00e4ytettyjen komponenttien vastuullinen h\u00e4vitt\u00e4minen ymp\u00e4rist\u00f6vaikutusten minimoimiseksi.<\/p>\n<h2>Vianm\u00e4\u00e4ritys ja yleiset ongelmat<\/h2>\n<ul>\n<li><strong>Vuoto:<\/strong> Yleinen ongelma viittaa usein kuluneisiin tiivisteisiin tai vaurioituneisiin sylinterirunkoihin. Tarkista tiivisteet ja vaihda ne tarvittaessa.<\/li>\n<li><strong>Heikentynyt suorituskyky:<\/strong> Jos puomin sylinteri toimii hitaasti tai tehottomasti, se voi viitata alhaiseen hydrauliikka\u00f6ljyn tasoon tai ilmaan j\u00e4rjestelm\u00e4ss\u00e4. Tarkista \u00f6ljyn tasot ja ilmaa j\u00e4rjestelm\u00e4 tarvittaessa.<\/li>\n<li><strong>Ep\u00e4tavalliset \u00e4\u00e4net:<\/strong> Hankaavat tai kolinat voivat viitata mekaanisiin ongelmiin. Tutki l\u00f6ysi\u00e4 osia tai sis\u00e4isi\u00e4 vaurioita.<\/li>\n<\/ul>\n<h2>Vianm\u00e4\u00e4ritysvinkkej\u00e4<\/h2>\n<p>Puomisylinterin ongelmien tehokkaaseen diagnosointiin ja ratkaisemiseen noudata n\u00e4it\u00e4 vinkkej\u00e4:<\/p>\n<ul>\n<li>Seuraa s\u00e4\u00e4nn\u00f6llisesti suorituskyky\u00e4 ja tee tarkastuksia ongelmien havaitsemiseksi varhaisessa vaiheessa.<\/li>\n<li>Pid\u00e4 tarkkaa kirjaa huoltotoimista, jotta voit tunnistaa toistuvat ongelmat tai mallit.<\/li>\n<li>Toteuta ennaltaehk\u00e4isevi\u00e4 toimenpiteit\u00e4 ongelmien minimoimiseksi, kuten asianmukainen voitelu ja tiivisteiden vaihto oikea-aikaisesti.<\/li>\n<\/ul>\n<p><img decoding=\"async\" src=\"https:\/\/www.hydraulic-cylinders.net\/wp-content\/uploads\/2025\/04\/songte-bushings-with-all-kinds-of-excavator-models.webp\" alt=\"Kaivinkoneen holkit\" \/><\/p>\n<h2>Tietoa yrityksest\u00e4mme<\/h2>\n<p>Olemme johtava hydraulisten varaosien valmistaja ja tukkumyyj\u00e4, ja olemme tunnettuja sek\u00e4 kotimaisilla ett\u00e4 kansainv\u00e4lisill\u00e4 markkinoilla. Sitoutumisemme huippuosaamiseen n\u00e4kyy kattavassa tuotevalikoimassamme ja korkeiden laatustandardien noudattamisessa.<\/p>\n<p>K\u00e4yt\u00e4mme hienos\u00e4\u00e4detty\u00e4 tuotannonohjausstrategiaa, jossa hy\u00f6dynn\u00e4mme ammattitaitoisia ammattilaisia, edistyneit\u00e4 digitaalisia valmistuslaitteita ja erikoistuneita testausj\u00e4rjestelmi\u00e4 valmistusprosessiemme parantamiseksi. Vankat kyvykkyytemme varmistavat, ett\u00e4 pystymme vastaamaan monipuolisiin asiakastarpeisiin tehokkaasti, tarkasti ja laadukkaasti.<\/p>\n<p>Lis\u00e4ksi tarjoamme r\u00e4\u00e4t\u00e4l\u00f6ityj\u00e4 ratkaisuja, kansainv\u00e4lisi\u00e4 sertifikaatteja ja erinomaista huoltopalvelua asiakastyytyv\u00e4isyyden varmistamiseksi.<\/p>\n<p><img decoding=\"async\" src=\"https:\/\/www.hydraulic-cylinders.net\/wp-content\/uploads\/2025\/04\/songte-company-4.webp\" alt=\"Yrityksen yleiskatsaus\" \/><br \/>\n<img decoding=\"async\" src=\"https:\/\/www.hydraulic-cylinders.net\/wp-content\/uploads\/2025\/04\/songte-company-3.webp\" alt=\"Yrityksen tilat\" \/><\/p>\n<p>Kirjoittaja: lyl<\/p>","protected":false},"excerpt":{"rendered":"<p>Boom Cylinder For JCM Small Excavator 906D Introduction to Boom Cylinders The boom cylinder, also known as a bucket cylinder, is a critical component in hydraulic systems used in various heavy machinery, such as excavators, backhoes, and front loaders. These hydraulic cylinders are designed to control the movement of the bucket, allowing it to lift, [&hellip;]<\/p>","protected":false},"featured_media":17875,"comment_status":"open","ping_status":"closed","template":"","meta":{"_et_pb_use_builder":"","_et_pb_old_content":"","_et_gb_content_width":""},"product_brand":[],"product_cat":[1546],"product_tag":[1547,1496],"class_list":{"0":"post-19385","1":"product","2":"type-product","3":"status-publish","4":"has-post-thumbnail","6":"product_cat-boom-cylinders","7":"product_tag-boom-cylinders","8":"product_tag-hydraulic-cylinders","10":"first","11":"instock","12":"shipping-taxable","13":"product-type-simple"},"amp_enabled":true,"_links":{"self":[{"href":"https:\/\/www.hydraulic-cylinders.net\/fi\/wp-json\/wp\/v2\/product\/19385","targetHints":{"allow":["GET"]}}],"collection":[{"href":"https:\/\/www.hydraulic-cylinders.net\/fi\/wp-json\/wp\/v2\/product"}],"about":[{"href":"https:\/\/www.hydraulic-cylinders.net\/fi\/wp-json\/wp\/v2\/types\/product"}],"replies":[{"embeddable":true,"href":"https:\/\/www.hydraulic-cylinders.net\/fi\/wp-json\/wp\/v2\/comments?post=19385"}],"wp:featuredmedia":[{"embeddable":true,"href":"https:\/\/www.hydraulic-cylinders.net\/fi\/wp-json\/wp\/v2\/media\/17875"}],"wp:attachment":[{"href":"https:\/\/www.hydraulic-cylinders.net\/fi\/wp-json\/wp\/v2\/media?parent=19385"}],"wp:term":[{"taxonomy":"product_brand","embeddable":true,"href":"https:\/\/www.hydraulic-cylinders.net\/fi\/wp-json\/wp\/v2\/product_brand?post=19385"},{"taxonomy":"product_cat","embeddable":true,"href":"https:\/\/www.hydraulic-cylinders.net\/fi\/wp-json\/wp\/v2\/product_cat?post=19385"},{"taxonomy":"product_tag","embeddable":true,"href":"https:\/\/www.hydraulic-cylinders.net\/fi\/wp-json\/wp\/v2\/product_tag?post=19385"}],"curies":[{"name":"wp","href":"https:\/\/api.w.org\/{rel}","templated":true}]}}