{"id":19407,"date":"2025-04-07T06:32:57","date_gmt":"2025-04-07T06:32:57","guid":{"rendered":"https:\/\/www.hydraulic-cylinders.net\/product\/boom-cylinder-for-bobcat-small-excavator-e42\/"},"modified":"2025-04-07T06:33:03","modified_gmt":"2025-04-07T06:33:03","slug":"boom-cylinder-for-bobcat-small-excavator-e42","status":"publish","type":"product","link":"https:\/\/www.hydraulic-cylinders.net\/fi\/tuote\/boom-cylinder-for-bobcat-small-excavator-e42\/","title":{"rendered":"Puomin sylinteri Bobcat-pienkaivukoneeseen E42"},"content":{"rendered":"<h1>Puomin sylinteri Bobcat-pienkaivukoneeseen E42<\/h1>\n<h2>Tuotteen yleiskatsaus<\/h2>\n<p>Bobcat Small Excavator E42 -puomisylinteri on t\u00e4rke\u00e4 osa raskaiden koneiden, erityisesti kaivinkoneiden, traktorikaivureiden ja etukuormaajien, hydrauliikkaj\u00e4rjestelm\u00e4\u00e4. T\u00e4m\u00e4 hydraulisylinteri on erityisesti suunniteltu ohjaamaan kauhan liikett\u00e4, jolloin se voi nostaa, laskea ja kallistua tehokkaasti. T\u00e4llainen toiminnallisuus on olennaista materiaalink\u00e4sittelyteht\u00e4viss\u00e4, sill\u00e4 se varmistaa, ett\u00e4 kuljettajat voivat suorittaa kaivu-, nosto- ja kuljetustoimintoja helposti ja tarkasti.<\/p>\n<p><img decoding=\"async\" src=\"https:\/\/www.hydraulic-cylinders.net\/wp-content\/uploads\/2025\/04\/songte-company-1.webp\" alt=\"Kaivinkoneiden puomin sylinteri\" \/><\/p>\n<h3>Kauhasylinterien toiminta ja sovellukset<\/h3>\n<p>Kauhasylinteri on hydraulinen sylinterityyppi, jolla on keskeinen rooli erilaisten raskaiden laitteiden hydraulij\u00e4rjestelmiss\u00e4. Se mahdollistaa kauhan useiden toimintojen suorittamisen, mukaan lukien:<\/p>\n<ul>\n<li><strong>Nostaminen:<\/strong> Kauhasylinterin ansiosta kauha nousee, mik\u00e4 helpottaa materiaalien lastaamista kuorma-autoihin tai muihin laitteisiin.<\/li>\n<li><strong>Laskeminen:<\/strong> Se mahdollistaa kauhan laskeutumisen hallinnan ja varmistaa tarkkuuden materiaalien asettamisessa.<\/li>\n<li><strong>Kallistus:<\/strong> Kauhan kallistusmahdollisuus parantaa hallintaa kaivamisen ja tyhjent\u00e4misen aikana.<\/li>\n<\/ul>\n<p>N\u00e4m\u00e4 toiminnot ovat elint\u00e4rkeit\u00e4 rakennus-, kaivos- ja maataloust\u00f6iss\u00e4, joissa vaaditaan raskaita nostoja ja tarkkaa materiaalink\u00e4sittely\u00e4.<\/p>\n<h2>Puomin sylinterin ominaisuudet<\/h2>\n<p>Bobcat E42:n puomin sylinteriss\u00e4 on useita ominaisuuksia, jotka parantavat sen suorituskyky\u00e4 ja kest\u00e4vyytt\u00e4:<\/p>\n<ul>\n<li><strong>Korkea lujuus ja kest\u00e4vyys:<\/strong> T\u00e4m\u00e4 sylinteri on valmistettu eritt\u00e4in lujasta ter\u00e4ksest\u00e4 tai alumiinista, ja se kest\u00e4\u00e4 korkeita paineita ja raskaita kuormia, joten se sopii vaativiin ty\u00f6ymp\u00e4rist\u00f6ihin.<\/li>\n<li><strong>Tehokas hydraulinen k\u00e4ytt\u00f6:<\/strong> Se hy\u00f6dynt\u00e4\u00e4 hydrauli\u00f6ljynpainetta tasaisiin teleskooppiliikkeisiin, tarjoaa nopean vasteen k\u00e4ytt\u00e4j\u00e4n komentoihin ja tehokkaat ty\u00f6nt\u00f6- ja veto-ominaisuudet.<\/li>\n<li><strong>Erilaisia \u200b\u200btyyppej\u00e4:<\/strong> K\u00e4ytt\u00f6tarpeista riippuen k\u00e4ytt\u00e4j\u00e4t voivat valita yksitoimisten (yhteen suuntaan toimiva) tai kaksitoimisten (kahdeen suuntaan toimiva) sylinterien v\u00e4lill\u00e4, ja tietyiss\u00e4 malleissa on teleskooppiominaisuudet ulottuvuuden parantamiseksi.<\/li>\n<li><strong>Korroosion- ja kulutuskest\u00e4vyys:<\/strong> Suunniteltu kulutusta ja korroosiota kest\u00e4vist\u00e4 materiaaleista, mik\u00e4 takaa pidemm\u00e4n k\u00e4ytt\u00f6i\u00e4n my\u00f6s haastavissa olosuhteissa.<\/li>\n<li><strong>Helppo vaihto:<\/strong> Tuotteemme on suunniteltu korvaamaan t\u00e4ydellisesti olemassa olevat hydraulisylinterit ja varmistamaan saumattoman integroinnin koneisiisi.<\/li>\n<\/ul>\n<p><img decoding=\"async\" src=\"https:\/\/www.hydraulic-cylinders.net\/wp-content\/uploads\/2025\/04\/songte-cylinder-head-with-all-kinds-excavator-models.webp\" alt=\"Hydraulisylinterin vaihto\" \/><\/p>\n<h2>Sovellusskenaariot<\/h2>\n<h3>Rakennuslaitteet<\/h3>\n<p>Kaivinkoneissa puomisylinteri on v\u00e4ltt\u00e4m\u00e4t\u00f6n kaivamiseen, lastaamiseen ja maaper\u00e4n tai roskien siirt\u00e4miseen. Tuotettu hydraulinen voima mahdollistaa kovan maan tehokkaan kaivamisen ja materiaalien kuljettamisen. Kaivurikuormaajat hy\u00f6tyv\u00e4t kauhasylinterin kyvyst\u00e4 auttaa sek\u00e4 kaivamisessa ett\u00e4 nostamisessa, mik\u00e4 tekee siit\u00e4 monipuolisen erilaisiin teht\u00e4viin ty\u00f6maalla.<\/p>\n<h3>Maatalouskoneet<\/h3>\n<p>Etukuormaajat k\u00e4ytt\u00e4v\u00e4t puomin sylinteri\u00e4 maan, hein\u00e4n ja muiden materiaalien kauhaukseen, nostamiseen ja kuljettamiseen. T\u00e4m\u00e4 toiminto on elint\u00e4rke\u00e4 maatilan toiminnoissa, sill\u00e4 se mahdollistaa nopean ja tehokkaan materiaalink\u00e4sittelyn, joka parantaa tuottavuutta.<\/p>\n<h3>Kaivinkoneet<\/h3>\n<p>Kauhasylinteri mahdollistaa kaivinkoneiden kaivutoiminnan, koska kauha tunkeutuu tehokkaasti maaper\u00e4\u00e4n. T\u00e4m\u00e4 toiminto on ratkaisevan t\u00e4rke\u00e4 erilaisissa rakennusprojekteissa, joissa vaaditaan tarkkaa kaivamista.<\/p>\n<h3>Kuormaajat<\/h3>\n<p>Etukuormaajissa puomin sylinteri auttaa kuormien tehokkaassa nostamisessa ja tyhjent\u00e4misess\u00e4. T\u00e4m\u00e4 ominaisuus on ratkaisevan t\u00e4rke\u00e4 materiaalink\u00e4sittelytoiminnoissa, joissa nopeat l\u00e4pimenoajat ovat hy\u00f6dyllisi\u00e4 tuottavuudelle.<\/p>\n<h2>Suunnittelun\u00e4k\u00f6kohdat<\/h2>\n<p>Puomin sylinterin suunnittelussa on otettu huomioon useita keskeisi\u00e4 n\u00e4k\u00f6kohtia:<\/p>\n<ul>\n<li><strong>Kantavuus:<\/strong> On ensiarvoisen t\u00e4rke\u00e4\u00e4 varmistaa, ett\u00e4 sylinteri kest\u00e4\u00e4 odotetut kuormat vioittumatta. Vaadittavan kuormituskapasiteetin laskeminen edellytt\u00e4\u00e4 sylinterin k\u00e4yt\u00f6n aikana kohtaaman enimm\u00e4ispainon ymm\u00e4rt\u00e4mist\u00e4.<\/li>\n<li><strong>Tiivistys:<\/strong> Tehokas tiivistys on v\u00e4ltt\u00e4m\u00e4t\u00f6nt\u00e4 hydraulinesteen vuotojen est\u00e4miseksi ja j\u00e4rjestelm\u00e4n paineen yll\u00e4pit\u00e4miseksi. Pitk\u00e4ik\u00e4isyyden varmistamiseksi k\u00e4ytet\u00e4\u00e4n kest\u00e4vist\u00e4 materiaaleista valmistettuja korkealaatuisia tiivisteit\u00e4.<\/li>\n<li><strong>Kest\u00e4vyys:<\/strong> Suunnittelussa korostetaan materiaaleja ja suunnittelua, jotka kest\u00e4v\u00e4t kentt\u00e4k\u00e4yt\u00f6n rasitukset. T\u00e4h\u00e4n sis\u00e4ltyy kulumisen ja korroosion kest\u00e4vyys.<\/li>\n<li><strong>Turvallisuus:<\/strong> Turvaominaisuudet, mukaan lukien paineenalennusventtiilit, on integroitu est\u00e4m\u00e4\u00e4n ylikuormitus ja mahdolliset onnettomuudet k\u00e4yt\u00f6n aikana.<\/li>\n<li><strong>Huolto:<\/strong> Suunnittelussa keskityt\u00e4\u00e4n my\u00f6s helppoon huoltoon, mik\u00e4 mahdollistaa yksinkertaiset tarkastukset ja korjaukset samalla varmistaen, ett\u00e4 sylinteri pysyy toimintakunnossa.<\/li>\n<\/ul>\n<p><img decoding=\"async\" src=\"https:\/\/www.hydraulic-cylinders.net\/wp-content\/uploads\/2025\/04\/songte-oil-pipes-and-spare-parts.webp\" alt=\"Hydraulisylinterin osat\" \/><\/p>\n<h2>Tiivistys ja voitelu<\/h2>\n<p>Oikea tiivistys ja voitelu ovat ratkaisevan t\u00e4rkeit\u00e4 hydraulisylinterien tehokkaalle toiminnalle. Erilaisten tiivistyskomponenttien, kuten m\u00e4nn\u00e4ntiivisteiden ja varren tiivisteiden, k\u00e4ytt\u00f6 varmistaa, ett\u00e4 hydraulineste pysyy sylinterin sis\u00e4ll\u00e4. Polyuretaanista tai nitriilikumista valmistetut tiivisteet tarjoavat erinomaisen kulutuskest\u00e4vyyden. Sylinterin runko ja kierteitetyt p\u00e4\u00e4t k\u00e4sitell\u00e4\u00e4n tarkasti kest\u00e4vyyden parantamiseksi. S\u00e4\u00e4nn\u00f6llinen voitelu hydrauli\u00f6ljyll\u00e4 on v\u00e4ltt\u00e4m\u00e4t\u00f6nt\u00e4 kitkan ja kulumisen minimoimiseksi, mik\u00e4 varmistaa sujuvan toiminnan ja pident\u00e4\u00e4 sylinterin k\u00e4ytt\u00f6ik\u00e4\u00e4.<\/p>\n<h2>Ennaltaehk\u00e4isev\u00e4t huoltotoimenpiteet<\/h2>\n<p>S\u00e4\u00e4nn\u00f6llinen huolto on v\u00e4ltt\u00e4m\u00e4t\u00f6nt\u00e4 puomisylinterin pitk\u00e4ik\u00e4isyyden ja tehokkuuden kannalta. T\u00e4ss\u00e4 on joitakin keskeisi\u00e4 toimenpiteit\u00e4:<\/p>\n<ul>\n<li><strong>S\u00e4\u00e4nn\u00f6lliset tarkastukset:<\/strong> Tee s\u00e4\u00e4nn\u00f6llisi\u00e4 tarkastuksia kulumisen tai vaurioiden havaitsemiseksi varhaisessa vaiheessa. Tarkista vuodot, taipuneet tangot ja muut kulumisen merkit.<\/li>\n<li><strong>Asianmukainen voitelu:<\/strong> Varmista, ett\u00e4 sylinteri on asianmukaisesti voideltu hydrauliikka\u00f6ljyll\u00e4 kitkan v\u00e4hent\u00e4miseksi ja ylikuumenemisen est\u00e4miseksi.<\/li>\n<li><strong>Tiivisteen vaihto:<\/strong> Vaihda tiivisteet tarvittaessa tehokkuuden yll\u00e4pit\u00e4miseksi ja vuotojen est\u00e4miseksi. S\u00e4\u00e4nn\u00f6lliset tarkastukset voivat auttaa tunnistamaan tiivisteiden kulumisen.<\/li>\n<\/ul>\n<h2>Asennusohjeet<\/h2>\n<p>Puomisylinterin oikea asennus on ratkaisevan t\u00e4rke\u00e4\u00e4 optimaalisen suorituskyvyn saavuttamiseksi. Noudata n\u00e4it\u00e4 ohjeita varmistaaksesi oikean asennuksen:<\/p>\n<ul>\n<li><strong>Tasaus:<\/strong> Varmista, ett\u00e4 sylinteri on kohdistettu oikein kiinnityspisteisiin. V\u00e4\u00e4r\u00e4 kohdistus voi johtaa ennenaikaiseen kulumiseen ja mahdolliseen rikkoutumiseen.<\/li>\n<li><strong>K\u00e4yt\u00e4 sopivia tukia:<\/strong> K\u00e4yt\u00e4 sopivia kiinnityskorvakkeita sylinterin kiinnitt\u00e4miseksi tukevasti paikalleen. T\u00e4m\u00e4 est\u00e4\u00e4 sen liikkumisen k\u00e4yt\u00f6n aikana.<\/li>\n<li><strong>Tarkista liit\u00e4nn\u00e4t:<\/strong> Varmista ennen koneen k\u00e4ytt\u00f6\u00e4, ett\u00e4 kaikki hydrauliset liit\u00e4nn\u00e4t ovat kiinni ja vuodottomat.<\/li>\n<li><strong>Testitoiminto:<\/strong> Asennuksen j\u00e4lkeen testaa hydraulij\u00e4rjestelm\u00e4 varmistaaksesi, ett\u00e4 sylinteri toimii tasaisesti ja tehokkaasti.<\/li>\n<\/ul>\n<p><img decoding=\"async\" src=\"https:\/\/www.hydraulic-cylinders.net\/wp-content\/uploads\/2025\/04\/songte-chushion-collar.webp\" alt=\"Sylinterin asennus\" \/><\/p>\n<h2>Turvallisuusn\u00e4k\u00f6kohdat<\/h2>\n<p>Hydraulisylinterien kanssa ty\u00f6skennelt\u00e4ess\u00e4 on t\u00e4rke\u00e4\u00e4 asettaa turvallisuus etusijalle. K\u00e4ytt\u00e4jien on k\u00e4ytett\u00e4v\u00e4 asianmukaisia \u200b\u200bhenkil\u00f6nsuojaimia ja varmistettava, ett\u00e4 kaikkia turvaohjeita noudatetaan k\u00e4yt\u00f6n aikana. Koulutus hydraulij\u00e4rjestelmien oikeanlaiseen k\u00e4sittelyyn ja k\u00e4ytt\u00f6\u00f6n on ratkaisevan t\u00e4rke\u00e4\u00e4 onnettomuuksien ja vammojen ehk\u00e4isemiseksi.<\/p>\n<h2>Yleisten ongelmien vianm\u00e4\u00e4ritys<\/h2>\n<p>Hydraulisylinterien yleisi\u00e4 ongelmia voidaan usein diagnosoida seuraavilla tavoilla:<\/p>\n<ul>\n<li><strong>Vuoto:<\/strong> Tunnista vuotojen l\u00e4hde, joka usein johtuu kuluneista tiivisteist\u00e4. Vuotojen nopea korjaaminen on olennaista j\u00e4rjestelm\u00e4n paineen yll\u00e4pit\u00e4miseksi.<\/li>\n<li><strong>Hidas toiminta:<\/strong> Jos sylinteri toimii hitaasti, tarkista hydraulinesteen tasot ja varmista, ettei hydrauliletkuissa ole tukoksia.<\/li>\n<li><strong>Ylikuumeneminen:<\/strong> Ylikuumeneminen voi olla merkki riitt\u00e4m\u00e4tt\u00f6m\u00e4st\u00e4 voitelusta tai liiallisesta kuormituksesta. S\u00e4\u00e4nn\u00f6lliset tarkastukset voivat est\u00e4\u00e4 n\u00e4iden ongelmien pahenemisen.<\/li>\n<\/ul>\n<p>Tehokkaan vianm\u00e4\u00e4rityksen varmistamiseksi pid\u00e4 yksityiskohtaista lokia kaikista ongelmista ja suoritetuista huoltotoimenpiteist\u00e4, jotta toistuvia ongelmia voidaan diagnosoida helpommin.<\/p>\n<p><img decoding=\"async\" src=\"https:\/\/www.hydraulic-cylinders.net\/wp-content\/uploads\/2025\/04\/songte-bushings-with-all-kinds-of-excavator-models.webp\" alt=\"Yleisi\u00e4 ongelmia hydraulisylintereiss\u00e4\" \/><\/p>\n<h2>Yrityksen yleiskatsaus<\/h2>\n<p>Olemme varaosien hydraulisylintereiden valmistaja. Kattava tuotevalikoimamme tekee meist\u00e4 johtavan valmistajan ja tukkumyyj\u00e4n sek\u00e4 kotimaisilla ett\u00e4 kansainv\u00e4lisill\u00e4 markkinoilla. Sitoutumisemme huippuosaamiseen n\u00e4kyy hienostuneissa valmistuksenohjausstrategioissamme, joissa hy\u00f6dynn\u00e4mme edistynytt\u00e4 teknologiaa ja ammattitaitoista henkil\u00f6st\u00f6\u00e4. Vahvan osaamisemme ansiosta pystymme vastaamaan monipuolisiin asiakastarpeisiin tehokkaasti, tarkasti ja laadukkaasti.<\/p>\n<p><strong>Erikoistuminen:<\/strong> Tiimimme koostuu hydrauliikkaj\u00e4rjestelmien asiantuntijoista, jotka varmistavat, ett\u00e4 tuotteemme t\u00e4ytt\u00e4v\u00e4t ja ylitt\u00e4v\u00e4t alan standardit.<\/p>\n<p><strong>Kansainv\u00e4linen sertifiointi:<\/strong> Tuotteemme ovat sertifioituja ja t\u00e4ytt\u00e4v\u00e4t maailmanlaajuiset laatustandardit, mik\u00e4 takaa luotettavuuden ja turvallisuuden.<\/p>\n<p><strong>Mukautetut ratkaisut:<\/strong> Tarjoamme r\u00e4\u00e4t\u00e4l\u00f6ityj\u00e4 ratkaisuja vastaamaan erityisi\u00e4 operatiivisia tarpeita ja tarjoamme asiakkaille joustavia vaihtoehtoja koneisiinsa.<\/p>\n<p><strong>Edistyneet valmistuslaitteet:<\/strong> K\u00e4ytt\u00e4m\u00e4ll\u00e4 huippuluokan valmistustekniikkaa varmistamme korkealaatuisen tuotannon.<\/p>\n<p><strong>Myynnin j\u00e4lkeinen palvelu:<\/strong> Omistautunut asiakaspalvelutiimimme on sitoutunut tarjoamaan tukea ja apua asiakastyytyv\u00e4isyyden ja tuotteiden suorituskyvyn varmistamiseksi.<\/p>\n<p><img decoding=\"async\" src=\"https:\/\/www.hydraulic-cylinders.net\/wp-content\/uploads\/2025\/04\/songte-company-4.webp\" alt=\"Yritysvalmistus\" \/><br \/>\n<img decoding=\"async\" src=\"https:\/\/www.hydraulic-cylinders.net\/wp-content\/uploads\/2025\/04\/songte-company-3.webp\" alt=\"Yrityksen tuotteet\" \/><\/p>\n<p>Kirjoittaja: lyl<\/p>","protected":false},"excerpt":{"rendered":"<p>Boom Cylinder For Bobcat Small Excavator E42 Product Overview The Boom Cylinder for Bobcat Small Excavator E42 is a crucial component in the hydraulic system of heavy machinery, particularly in excavators, backhoes, and front loaders. This hydraulic cylinder is specifically designed to control the movement of the bucket, allowing it to lift, lower, and tilt [&hellip;]<\/p>","protected":false},"featured_media":17867,"comment_status":"open","ping_status":"closed","template":"","meta":{"_et_pb_use_builder":"","_et_pb_old_content":"","_et_gb_content_width":""},"product_brand":[],"product_cat":[1546],"product_tag":[1547,1496],"class_list":{"0":"post-19407","1":"product","2":"type-product","3":"status-publish","4":"has-post-thumbnail","6":"product_cat-boom-cylinders","7":"product_tag-boom-cylinders","8":"product_tag-hydraulic-cylinders","10":"first","11":"instock","12":"shipping-taxable","13":"product-type-simple"},"amp_enabled":true,"_links":{"self":[{"href":"https:\/\/www.hydraulic-cylinders.net\/fi\/wp-json\/wp\/v2\/product\/19407","targetHints":{"allow":["GET"]}}],"collection":[{"href":"https:\/\/www.hydraulic-cylinders.net\/fi\/wp-json\/wp\/v2\/product"}],"about":[{"href":"https:\/\/www.hydraulic-cylinders.net\/fi\/wp-json\/wp\/v2\/types\/product"}],"replies":[{"embeddable":true,"href":"https:\/\/www.hydraulic-cylinders.net\/fi\/wp-json\/wp\/v2\/comments?post=19407"}],"wp:featuredmedia":[{"embeddable":true,"href":"https:\/\/www.hydraulic-cylinders.net\/fi\/wp-json\/wp\/v2\/media\/17867"}],"wp:attachment":[{"href":"https:\/\/www.hydraulic-cylinders.net\/fi\/wp-json\/wp\/v2\/media?parent=19407"}],"wp:term":[{"taxonomy":"product_brand","embeddable":true,"href":"https:\/\/www.hydraulic-cylinders.net\/fi\/wp-json\/wp\/v2\/product_brand?post=19407"},{"taxonomy":"product_cat","embeddable":true,"href":"https:\/\/www.hydraulic-cylinders.net\/fi\/wp-json\/wp\/v2\/product_cat?post=19407"},{"taxonomy":"product_tag","embeddable":true,"href":"https:\/\/www.hydraulic-cylinders.net\/fi\/wp-json\/wp\/v2\/product_tag?post=19407"}],"curies":[{"name":"wp","href":"https:\/\/api.w.org\/{rel}","templated":true}]}}