{"id":19410,"date":"2025-04-07T06:33:09","date_gmt":"2025-04-07T06:33:09","guid":{"rendered":"https:\/\/www.hydraulic-cylinders.net\/product\/boom-cylinder-for-bobcat-small-excavator-e324\/"},"modified":"2025-04-07T06:33:12","modified_gmt":"2025-04-07T06:33:12","slug":"boom-cylinder-for-bobcat-small-excavator-e324","status":"publish","type":"product","link":"https:\/\/www.hydraulic-cylinders.net\/fi\/tuote\/boom-cylinder-for-bobcat-small-excavator-e324\/","title":{"rendered":"Puomin sylinteri Bobcat-pienkaivukoneeseen E324"},"content":{"rendered":"<h1>Puomin sylinteri Bobcat-pienkaivukoneeseen E324<\/h1>\n<h2>Tuotteen yleiskatsaus<\/h2>\n<p>Bobcat Small Excavator E324 -puomin sylinteri on t\u00e4rke\u00e4 hydrauliikkakomponentti, joka on suunniteltu erityisesti kaivinkoneiden puomin liikkeen ohjaamiseen. T\u00e4m\u00e4 hydrauliikkasylinteri helpottaa kauhan nostamista, laskemista ja kallistusta, mik\u00e4 on olennaista erilaisissa materiaalink\u00e4sittelyteht\u00e4viss\u00e4. Kauhan sylinteri on r\u00e4\u00e4t\u00e4l\u00f6ity kest\u00e4m\u00e4\u00e4n rakennus- ja kaivuuty\u00f6n vaativia ymp\u00e4rist\u00f6j\u00e4.<\/p>\n<p><img decoding=\"async\" src=\"https:\/\/www.hydraulic-cylinders.net\/wp-content\/uploads\/2025\/04\/songte-company-1.webp\" alt=\"Puomin sylinteri\"><\/p>\n<h3>M\u00e4\u00e4ritelm\u00e4 ja toiminta<\/h3>\n<p>Kauhasylinteri on hydraulinen sylinterityyppi, joka on erityisesti suunniteltu hallitsemaan raskaiden koneiden kauhojen liikett\u00e4 kaivinkoneissa, kaivinkoneissa ja etukuormaajissa. T\u00e4m\u00e4 hydraulinen komponentti muuntaa hydraulisen energian mekaaniseksi energiaksi, jolloin kauha voi suorittaa tehokkaasti t\u00e4rkeit\u00e4 teht\u00e4vi\u00e4, kuten kaivamista, nostamista ja materiaalien siirt\u00e4mist\u00e4. N\u00e4iden sylinterien suunnittelussa korostetaan kest\u00e4vyytt\u00e4 ja luotettavuutta varmistaen, ett\u00e4 ne kest\u00e4v\u00e4t korkeita paineita ja raskaita kuormia erilaisissa ty\u00f6olosuhteissa.<\/p>\n<h2>Puomin sylinterin ominaisuudet<\/h2>\n<ul>\n<li><strong>Korkea lujuus ja kest\u00e4vyys:<\/strong> Korkean lujuuden omaavasta ter\u00e4ksest\u00e4 tai alumiinista valmistettu sylinteri on rakennettu kest\u00e4m\u00e4\u00e4n korkeaa painetta ja raskaita kuormia, joten se sopii vaativiin ty\u00f6ymp\u00e4rist\u00f6ihin. Sen suunnittelussa keskityt\u00e4\u00e4n kulumiskest\u00e4vyyteen ja korroosiosuojaukseen, mik\u00e4 pident\u00e4\u00e4 sen k\u00e4ytt\u00f6ik\u00e4\u00e4.<\/li>\n<li><strong>Tehokas hydraulinen k\u00e4ytt\u00f6:<\/strong> Hydrauli\u00f6ljyn painetta hy\u00f6dynt\u00e4v\u00e4 sylinteri varmistaa tasaisen ulos- ja sis\u00e4\u00e4nvedon, reagoi nopeasti ohjauskomentoihin ja tarjoaa huomattavaa ty\u00f6nt\u00f6- ja vetovoimaa, mik\u00e4 sopii erinomaisesti raskaiden ja monimutkaisten teht\u00e4vien k\u00e4sittelyyn.<\/li>\n<li><strong>Erilaisia \u200b\u200btyyppej\u00e4:<\/strong> Saatavilla useissa eri kokoonpanoissa, mukaan lukien yksitoimiset (hydraulinen toiminta yhteen suuntaan) ja kaksitoimiset (hydraulinen toiminta molempiin suuntiin). Tietyiss\u00e4 malleissa on teleskooppirakenne, joka mahdollistaa suuremman jatkeen ilman ulkomittojen kasvua, joten se sopii ahtaisiin tiloihin.<\/li>\n<li><strong>Monipuoliset sovellukset:<\/strong> Puomisylinterin mukautuvuus tekee siit\u00e4 sopivan monenlaisiin k\u00e4ytt\u00f6tarkoituksiin erityyppisiss\u00e4 koneissa, mik\u00e4 parantaa sen k\u00e4ytett\u00e4vyytt\u00e4 eri teollisuudenaloilla.<\/li>\n<li><strong>Tarkkuustekniikka:<\/strong> Valmistettu eritt\u00e4in tarkasti, mik\u00e4 takaa erinomaisen suorituskyvyn ja yhteensopivuuden laajan valikoiman konemalleja.<\/li>\n<\/ul>\n<p>Valmistamme t\u00e4t\u00e4 tuotetta, ja hydraulisylinterimme voivat t\u00e4ydellisesti korvata olemassa olevat mallit.<\/p>\n<p><img decoding=\"async\" src=\"https:\/\/www.hydraulic-cylinders.net\/wp-content\/uploads\/2025\/04\/songte-cylinder-head-with-all-kinds-excavator-models.webp\" alt=\"Hydraulinen sylinteri kaivinkoneille\"><\/p>\n<h2>Puomisylinterin sovellukset<\/h2>\n<h3>Rakennuslaitteet<\/h3>\n<p>Rakennuskoneissa puomin sylinterit ovat olennainen osa kaivinkoneita, ja ne helpottavat maan tai roskien kaivamista, lastaamista ja siirt\u00e4mist\u00e4. Ne tarjoavat tarvittavan voiman puomin pident\u00e4miseen ja lyhent\u00e4miseen, mik\u00e4 mahdollistaa tehokkaan toiminnan kaivut\u00f6iss\u00e4. N\u00e4iden sylinterien tarjoama tarkka ohjaus varmistaa, ett\u00e4 materiaaleja k\u00e4sitell\u00e4\u00e4n turvallisesti ja tehokkaasti, mik\u00e4 maksimoi ty\u00f6maan tuottavuuden.<\/p>\n<h3>Maatalouskoneet<\/h3>\n<p>Maatalouskoneissa etukuormaajat k\u00e4ytt\u00e4v\u00e4t puomisylintereit\u00e4 maaper\u00e4n, hein\u00e4n ja muiden materiaalien kauhaamiseen, nostamiseen ja kuljettamiseen. N\u00e4m\u00e4 sylinterit lis\u00e4\u00e4v\u00e4t kuormaajien monipuolisuutta, mink\u00e4 ansiosta ne voivat suorittaa monenlaisia \u200b\u200bteht\u00e4vi\u00e4 materiaalien lastaamisesta per\u00e4vaunuihin peltojen raivaamiseen. Niiden luotettavuus on ratkaisevan t\u00e4rke\u00e4\u00e4 maataloustoiminnan tehokkuuden yll\u00e4pit\u00e4miseksi.<\/p>\n<h3>Kaivinkoneet<\/h3>\n<p>Kaivinkoneissa puomin sylinteri on elint\u00e4rke\u00e4, jotta kauha p\u00e4\u00e4see tunkeutumaan maahan ja helpottaa kaivamista. T\u00e4m\u00e4 hydraulinen komponentti on suunniteltu tarjoamaan tarvittava voima kovan maaper\u00e4n l\u00e4pimurtoon, mik\u00e4 on olennaista perustust\u00f6iss\u00e4 ja ty\u00f6maan valmistelussa. Puomin sylinterin tehokkuus vaikuttaa suoraan kaivinkoneen kokonaissuorituskykyyn ja tuottavuuteen.<\/p>\n<h3>Kuormaajat<\/h3>\n<p>Etukuormaajissa puomin sylinterit auttavat kuormien tehokkaassa nostamisessa ja tyhjent\u00e4misess\u00e4. Niiden kyky nostaa ja laskea kauhaa nopeasti on elint\u00e4rke\u00e4\u00e4 esimerkiksi materiaalien lastaamisessa kuorma-autoihin ja varastokasojen purkamisessa. T\u00e4m\u00e4 tehokkuus ei ainoastaan \u200b\u200bs\u00e4\u00e4st\u00e4 aikaa, vaan my\u00f6s parantaa lastausprosessin turvallisuutta ja tehokkuutta.<\/p>\n<h2>Suunnittelun\u00e4k\u00f6kohdat<\/h2>\n<h3>Kantavuus<\/h3>\n<p>Puomisylinteri\u00e4 suunniteltaessa kuormituskapasiteetti on ensisijainen huomioitava seikka. Se m\u00e4\u00e4ritt\u00e4\u00e4 suurimman painon, jonka sylinteri voi nostaa turvallisesti vaarantamatta rakenteellista eheytt\u00e4. Valmistajien on otettava huomioon mahdolliset ylikuormitusolosuhteet ja varmistettava, ett\u00e4 sylinterin materiaali kest\u00e4\u00e4 k\u00e4yt\u00f6n aikana syntyv\u00e4t voimat.<\/p>\n<h3>Tiivistys<\/h3>\n<p>Tehokas tiivistys on v\u00e4ltt\u00e4m\u00e4t\u00f6nt\u00e4 hydraulinesteen vuotojen est\u00e4miseksi ja paineen yll\u00e4pit\u00e4miseksi sylinteriss\u00e4. Kest\u00e4vyyden ja suorituskyvyn parantamiseksi k\u00e4ytet\u00e4\u00e4n edistyneit\u00e4 tiivistystekniikoita, kuten m\u00e4nn\u00e4ntiivisteit\u00e4 ja m\u00e4nn\u00e4nvarren tiivisteit\u00e4, jotka on valmistettu esimerkiksi polyuretaanista ja nitriilikumista. Asianmukainen tiivistys varmistaa hydraulij\u00e4rjestelm\u00e4n pitk\u00e4ik\u00e4isyyden ja v\u00e4hent\u00e4\u00e4 huoltotarvetta.<\/p>\n<h3>Kest\u00e4vyys<\/h3>\n<p>Kest\u00e4vyys on kriittinen tekij\u00e4 hydraulisylintereiden suunnittelussa. K\u00e4ytettyjen materiaalien on kestett\u00e4v\u00e4 kulumista, korroosiota ja painev\u00e4symist\u00e4. Korkealaatuiset materiaalit ja pinnoitteet voivat pident\u00e4\u00e4 sylinterin k\u00e4ytt\u00f6ik\u00e4\u00e4 merkitt\u00e4v\u00e4sti, mik\u00e4 tekee siit\u00e4 luotettavamman vaativissa k\u00e4ytt\u00f6olosuhteissa.<\/p>\n<h3>Turvallisuus<\/h3>\n<p>Turvaominaisuudet ovat olennainen osa hydraulisylinterin suunnittelua. Valmistajien on sis\u00e4llytett\u00e4v\u00e4 suunnitteluelementtej\u00e4, jotka est\u00e4v\u00e4t katastrofaaliset viat, kuten murtolevyt tai paineenalennusventtiilit, k\u00e4ytt\u00e4jien ja koneiden suojaamiseksi. Lis\u00e4ksi sylinteri on suunniteltava kest\u00e4m\u00e4\u00e4n odottamattomia kuormia ilman vikoja.<\/p>\n<h3>Yll\u00e4pidett\u00e4vyys<\/h3>\n<p>Helppo huolto on toinen t\u00e4rke\u00e4 n\u00e4k\u00f6kohta. Suunnittelun tulisi mahdollistaa tiivisteiden ja muiden komponenttien yksinkertainen tarkastus ja vaihto ilman laajaa purkamista. Helppo p\u00e4\u00e4sy huoltopisteisiin voi auttaa pident\u00e4m\u00e4\u00e4n sylinterin k\u00e4ytt\u00f6ik\u00e4\u00e4 ja minimoimaan seisokkiaikoja korjausten aikana.<\/p>\n<p><img decoding=\"async\" src=\"https:\/\/www.hydraulic-cylinders.net\/wp-content\/uploads\/2025\/04\/songte-oil-pipes-and-spare-parts.webp\" alt=\"\u00d6ljyputket ja varaosat\"><\/p>\n<h2>Tiivistys ja voitelu<\/h2>\n<p>Oikea tiivistys ja voitelu ovat ratkaisevan t\u00e4rkeit\u00e4 hydraulisylinterien optimaalisen suorituskyvyn kannalta. Hydraulisylinterien vuotojen est\u00e4miseksi k\u00e4ytet\u00e4\u00e4n erilaisia \u200b\u200btiivistetyyppej\u00e4, kuten m\u00e4nn\u00e4ntiivisteit\u00e4 ja varren tiivisteit\u00e4. Tiivisteet valmistetaan usein kest\u00e4vist\u00e4 materiaaleista, kuten polyuretaanista ja nitriilikumista, kest\u00e4m\u00e4\u00e4n hydraulisten sovellusten vaativia olosuhteita.<\/p>\n<p>Sylinterin runko ja kierteitetyt p\u00e4\u00e4typinnat viimeistell\u00e4\u00e4n huolellisesti kulutuskest\u00e4vyyden parantamiseksi ja tiiviin tiivistyksen varmistamiseksi. S\u00e4\u00e4nn\u00f6llinen voitelu sopivalla hydrauliikka\u00f6ljyll\u00e4 on v\u00e4ltt\u00e4m\u00e4t\u00f6nt\u00e4 optimaalisen suorituskyvyn yll\u00e4pit\u00e4miseksi, kitkan v\u00e4hent\u00e4miseksi ja sis\u00e4isten komponenttien kulumisen est\u00e4miseksi. Hydrauliikka\u00f6ljyn s\u00e4\u00e4nn\u00f6llinen tarkistus ja t\u00e4ydennys ovat v\u00e4ltt\u00e4m\u00e4tt\u00f6mi\u00e4 sylinterin pitk\u00e4ik\u00e4isyyden ja tehokkuuden varmistamiseksi.<\/p>\n<h2>Ennaltaehk\u00e4isev\u00e4t huoltotoimenpiteet<\/h2>\n<ul>\n<li><strong>S\u00e4\u00e4nn\u00f6lliset tarkastukset:<\/strong> Suorita rutiinitarkastuksia vuotojen, kulumisen merkkien ja mahdollisten vikoihin johtavien ongelmien varalta. S\u00e4\u00e4nn\u00f6lliset tarkastukset auttavat tunnistamaan ongelmat varhaisessa vaiheessa, varmistamaan oikea-aikaisen huollon ja v\u00e4hent\u00e4m\u00e4\u00e4n laitteiden seisokkiajan riski\u00e4.<\/li>\n<li><strong>Oikea voitelu:<\/strong> Varmista, ett\u00e4 hydraulij\u00e4rjestelm\u00e4 on riitt\u00e4v\u00e4sti voideltu liikkuvien osien v\u00e4lisen kitkan minimoimiseksi. K\u00e4yt\u00e4 valmistajan suosittelemaa hydrauli\u00f6ljy\u00e4 ja noudata voiteluaikataulua optimaalisen suorituskyvyn yll\u00e4pit\u00e4miseksi.<\/li>\n<li><strong>Tiivisteen vaihto:<\/strong> Tarkista tiivisteet s\u00e4\u00e4nn\u00f6llisesti kulumisen tai vaurioiden varalta. Tiivisteiden vaihtaminen tarvittaessa voi est\u00e4\u00e4 hydraulinesteen vuodot ja yll\u00e4pit\u00e4\u00e4 j\u00e4rjestelm\u00e4n paineen varmistaen hydraulij\u00e4rjestelm\u00e4n tehokkuuden ja luotettavuuden.<\/li>\n<\/ul>\n<h2>Asennusohjeet<\/h2>\n<p>Puomisylinterin asianmukainen asennus on v\u00e4ltt\u00e4m\u00e4t\u00f6nt\u00e4 optimaalisen suorituskyvyn ja pitk\u00e4n k\u00e4ytt\u00f6i\u00e4n varmistamiseksi. Aloita valmistelemalla asennusalue ja varmista, ett\u00e4 kaikki komponentit ovat puhtaita ja roskista vapaita. Kohdista sylinteri tarkasti ja varmista, ett\u00e4 se on tuettu asianmukaisesti sopivilla kiinnikkeill\u00e4, jotta est\u00e4t virhekohdistuksen k\u00e4yt\u00f6n aikana.<\/p>\n<p>Asennuksen aikana on eritt\u00e4in t\u00e4rke\u00e4\u00e4 noudattaa valmistajan ohjeita v\u00e4\u00e4nt\u00f6momenttien osalta, jotta v\u00e4ltet\u00e4\u00e4n sylinterin tai kiinnitysosien vaurioituminen. Asennuksen j\u00e4lkeen testaa hydraulij\u00e4rjestelm\u00e4 vuotojen varalta ja varmista, ett\u00e4 sylinteri toimii sujuvasti koko liikeradallaan. Asennuksen j\u00e4lkeen on suoritettava s\u00e4\u00e4nn\u00f6llisi\u00e4 tarkastuksia jatkuvan suorituskyvyn ja turvallisuuden varmistamiseksi.<\/p>\n<h2>Yleiset huoltoteht\u00e4v\u00e4t<\/h2>\n<ul>\n<li><strong>S\u00e4\u00e4nn\u00f6lliset tarkastukset:<\/strong> Suorita hydraulisylinterin perusteelliset tarkastukset s\u00e4\u00e4nn\u00f6llisesti mahdollisten kulumisen tai vaurioiden merkkien havaitsemiseksi. T\u00e4m\u00e4 sis\u00e4lt\u00e4\u00e4 vuotojen tarkistamisen, tiivisteiden tutkimisen ja kaikkien liitosten lujuuden varmistamisen. S\u00e4\u00e4nn\u00f6lliset tarkastukset auttavat havaitsemaan mahdolliset ongelmat ennen kuin ne pahenevat ja johtavat merkitt\u00e4v\u00e4mpiin ongelmiin.<\/li>\n<li><strong>Oikea voitelu:<\/strong> Voitelu on elint\u00e4rke\u00e4\u00e4 sylinterin kitkan ja kulumisen v\u00e4hent\u00e4miseksi. Noudata suositeltua voiteluaikataulua ja k\u00e4yt\u00e4 sopivaa hydrauli\u00f6ljy\u00e4 varmistaaksesi sujuvan toiminnan. Oikea voitelu pident\u00e4\u00e4 hydraulij\u00e4rjestelm\u00e4n k\u00e4ytt\u00f6ik\u00e4\u00e4 ja minimoi huoltotarpeet.<\/li>\n<li><strong>Tiivisteen vaihto:<\/strong> Ajan my\u00f6t\u00e4 tiivisteet voivat kulua tai vaurioitua, mik\u00e4 johtaa vuotoihin. Tarkista tiivisteet s\u00e4\u00e4nn\u00f6llisesti ja vaihda ne tarvittaessa optimaalisen suorituskyvyn yll\u00e4pit\u00e4miseksi ja nesteh\u00e4vi\u00f6iden est\u00e4miseksi. Tehokas tiivistys varmistaa hydraulij\u00e4rjestelm\u00e4n tehokkuuden ja parantaa turvallisuutta.<\/li>\n<\/ul>\n<p>Asennuksen aikana varmista, ett\u00e4 sylinteri on oikein kohdistettu ja kiinnitetty asianmukaisilla kiinnikkeill\u00e4. T\u00e4m\u00e4 kohdistus on ratkaisevan t\u00e4rke\u00e4\u00e4 k\u00e4yt\u00f6n aikaisen virhekohdistuksen est\u00e4miseksi, joka voi johtaa ennenaikaiseen kulumiseen ja rikkoutumiseen. Sis\u00e4llyt\u00e4 suositellut tarkastus-, korjaus- ja vaihtotoimenpiteet osaksi huolto-ohjelmaasi sylinterin k\u00e4ytt\u00f6i\u00e4n maksimoimiseksi.<\/p>\n<p><img decoding=\"async\" src=\"https:\/\/www.hydraulic-cylinders.net\/wp-content\/uploads\/2025\/04\/songte-chushion-collar.webp\" alt=\"Tyynykaulus\"><\/p>\n<h2>Turvallisuusn\u00e4k\u00f6kohdat<\/h2>\n<p>Turvatoimenpiteiden toteuttaminen hydraulisylintereit\u00e4 k\u00e4ytett\u00e4ess\u00e4 on ensiarvoisen t\u00e4rke\u00e4\u00e4. K\u00e4ytt\u00e4jien tulee olla tietoisia sylinterin k\u00e4ytt\u00f6rajoista, mukaan lukien kuormituskapasiteetti, jotta v\u00e4ltet\u00e4\u00e4n ylikuormitus, joka voi johtaa katastrofaalisiin vikoihin. K\u00e4ytt\u00e4jien asianmukainen koulutus turvallisista k\u00e4sittelytavoista on v\u00e4ltt\u00e4m\u00e4t\u00f6nt\u00e4 hydraulij\u00e4rjestelmiin liittyvien riskien minimoimiseksi.<\/p>\n<h2>Vianm\u00e4\u00e4ritys ja yleiset ongelmat<\/h2>\n<ul>\n<li><strong>Vuoto-ongelmat:<\/strong> Yksi yleisimmist\u00e4 hydraulisylintereiden ongelmista on vuoto, jonka usein aiheuttavat kuluneet tiivisteet. S\u00e4\u00e4nn\u00f6lliset tarkastukset ja tiivisteiden oikea-aikainen vaihto voivat lievent\u00e4\u00e4 t\u00e4t\u00e4 ongelmaa.<\/li>\n<li><strong>Paineh\u00e4vi\u00f6:<\/strong> J\u00e4rjestelm\u00e4n paineen lasku voi viitata hydrauliikkalinjojen vuotoihin tai tukoksiin. Ongelman l\u00e4hteen tunnistaminen perusteellisten tarkastusten avulla on ratkaisevan t\u00e4rke\u00e4\u00e4 tehokkaan ratkaisun l\u00f6yt\u00e4miseksi.<\/li>\n<li><strong>Hidas toiminta:<\/strong> Jos sylinteri toimii normaalia hitaammin, se voi viitata voitelun tarpeeseen tai hydraulinesteen mahdolliseen ep\u00e4puhtauteen. S\u00e4\u00e4nn\u00f6llinen huolto ja nesteen laadun seuranta ovat v\u00e4ltt\u00e4m\u00e4tt\u00f6mi\u00e4 t\u00e4m\u00e4n ongelman est\u00e4miseksi.<\/li>\n<\/ul>\n<p>N\u00e4iden ongelmien tehokkaaksi diagnosoimiseksi ja ratkaisemiseksi k\u00e4ytt\u00e4jien tulisi noudattaa systemaattista l\u00e4hestymistapaa, johon kuuluu tiivisteiden tarkistaminen, putkien tarkastaminen tukosten varalta ja asianmukaisen voitelun varmistaminen. Ennaltaehk\u00e4isev\u00e4t toimenpiteet, kuten s\u00e4\u00e4nn\u00f6llinen huolto ja tarkastukset, voivat merkitt\u00e4v\u00e4sti v\u00e4hent\u00e4\u00e4 n\u00e4iden ongelmien todenn\u00e4k\u00f6isyytt\u00e4.<\/p>\n<p><img decoding=\"async\" src=\"https:\/\/www.hydraulic-cylinders.net\/wp-content\/uploads\/2025\/04\/songte-bushings-with-all-kinds-of-excavator-models.webp\" alt=\"Kaivinkonemallien holkit\"><\/p>\n<h2>Yrityksen yleiskatsaus<\/h2>\n<p>Olemme johtava hydraulisten sylinterien vaihto-osien valmistaja. Tarjoamme laajan valikoiman tuotteita, jotka tekev\u00e4t meist\u00e4 merkitt\u00e4v\u00e4n toimijan sek\u00e4 kotimaisilla ett\u00e4 kansainv\u00e4lisill\u00e4 markkinoilla. Sitoutumisemme huippuosaamiseen n\u00e4kyy huolellisissa valmistusprosesseissamme, joita ohjaa teollisen tuotannon hallinnan strategia.<\/p>\n<p>Parannamme jatkuvasti valmistusymp\u00e4rist\u00f6\u00e4mme integroimalla teknologista asiantuntemusta, huippuluokan digitaalisia valmistuslaitteita ja erikoistuneita testausj\u00e4rjestelmi\u00e4. T\u00e4m\u00e4 omistautuminen mahdollistaa sen, ett\u00e4 pystymme vastaamaan laajaan valikoimaan asiakkaidemme tarpeita tehokkaasti, tarkasti ja laadukkaasti.<\/p>\n<p><img decoding=\"async\" src=\"https:\/\/www.hydraulic-cylinders.net\/wp-content\/uploads\/2025\/04\/songte-company-4.webp\" alt=\"Yrityksen yleiskatsaus\"><br \/>\n<img decoding=\"async\" src=\"https:\/\/www.hydraulic-cylinders.net\/wp-content\/uploads\/2025\/04\/songte-company-3.webp\" alt=\"Yritysvalmistus\"><\/p>\n<h2>Johtop\u00e4\u00e4t\u00f6s<\/h2>\n<p>Yhteenvetona voidaan todeta, ett\u00e4 Bobcat Small Excavator E324 -puomisylinteri on t\u00e4rke\u00e4 komponentti, joka varmistaa raskaiden koneiden tehokkaan toiminnan erilaisissa sovelluksissa. Keskittyen kest\u00e4vyyteen, turvallisuuteen ja suorituskykyyn, hydrauliikkasylinterimme on suunniteltu vastaamaan alan tiukkoihin vaatimuksiin ja tarjoamaan optimaalista palvelua ja luotettavuutta.<\/p>\n<p>Kirjoittaja: lyl<\/p>","protected":false},"excerpt":{"rendered":"<p>Boom Cylinder For Bobcat Small Excavator E324 Product Overview The Boom Cylinder for Bobcat Small Excavator E324 is a crucial hydraulic component designed specifically for controlling the movement of the boom on excavators. This hydraulic cylinder facilitates the lifting, lowering, and tilting of the bucket, which is essential for various material handling tasks. The bucket [&hellip;]<\/p>","protected":false},"featured_media":17870,"comment_status":"open","ping_status":"closed","template":"","meta":{"_et_pb_use_builder":"","_et_pb_old_content":"","_et_gb_content_width":""},"product_brand":[],"product_cat":[1546],"product_tag":[1547,1496],"class_list":{"0":"post-19410","1":"product","2":"type-product","3":"status-publish","4":"has-post-thumbnail","6":"product_cat-boom-cylinders","7":"product_tag-boom-cylinders","8":"product_tag-hydraulic-cylinders","10":"first","11":"instock","12":"shipping-taxable","13":"product-type-simple"},"amp_enabled":true,"_links":{"self":[{"href":"https:\/\/www.hydraulic-cylinders.net\/fi\/wp-json\/wp\/v2\/product\/19410","targetHints":{"allow":["GET"]}}],"collection":[{"href":"https:\/\/www.hydraulic-cylinders.net\/fi\/wp-json\/wp\/v2\/product"}],"about":[{"href":"https:\/\/www.hydraulic-cylinders.net\/fi\/wp-json\/wp\/v2\/types\/product"}],"replies":[{"embeddable":true,"href":"https:\/\/www.hydraulic-cylinders.net\/fi\/wp-json\/wp\/v2\/comments?post=19410"}],"wp:featuredmedia":[{"embeddable":true,"href":"https:\/\/www.hydraulic-cylinders.net\/fi\/wp-json\/wp\/v2\/media\/17870"}],"wp:attachment":[{"href":"https:\/\/www.hydraulic-cylinders.net\/fi\/wp-json\/wp\/v2\/media?parent=19410"}],"wp:term":[{"taxonomy":"product_brand","embeddable":true,"href":"https:\/\/www.hydraulic-cylinders.net\/fi\/wp-json\/wp\/v2\/product_brand?post=19410"},{"taxonomy":"product_cat","embeddable":true,"href":"https:\/\/www.hydraulic-cylinders.net\/fi\/wp-json\/wp\/v2\/product_cat?post=19410"},{"taxonomy":"product_tag","embeddable":true,"href":"https:\/\/www.hydraulic-cylinders.net\/fi\/wp-json\/wp\/v2\/product_tag?post=19410"}],"curies":[{"name":"wp","href":"https:\/\/api.w.org\/{rel}","templated":true}]}}