{"id":19412,"date":"2025-04-07T06:33:15","date_gmt":"2025-04-07T06:33:15","guid":{"rendered":"https:\/\/www.hydraulic-cylinders.net\/product\/boom-cylinder-for-bobcat-small-excavator-e35i\/"},"modified":"2025-04-07T06:33:17","modified_gmt":"2025-04-07T06:33:17","slug":"boom-cylinder-for-bobcat-small-excavator-e35i","status":"publish","type":"product","link":"https:\/\/www.hydraulic-cylinders.net\/fi\/tuote\/boom-cylinder-for-bobcat-small-excavator-e35i\/","title":{"rendered":"Puomin sylinteri Bobcat E35i -kaivukoneeseen"},"content":{"rendered":"<h1>Puomin sylinteri Bobcat E35i -kaivukoneeseen<\/h1>\n<h2>Johdatus puomin sylinteriin<\/h2>\n<p>The <strong>Puomin sylinteri<\/strong> on ratkaiseva osa hydrauliikkaj\u00e4rjestelmiss\u00e4, erityisesti raskaissa koneissa, kuten kaivinkoneissa, traktorikaivureissa ja etukuormaajissa. T\u00e4m\u00e4 hydrauliikkasylinteri ohjaa kauhan liikett\u00e4, jolloin se voi nousta, laskea ja kallistua, mik\u00e4 helpottaa erilaisia \u200b\u200bmateriaalink\u00e4sittelyteht\u00e4vi\u00e4. Kauhasylinteri, joka on erityisesti suunniteltu parantamaan toiminnan tehokkuutta, on merkitt\u00e4v\u00e4ss\u00e4 roolissa n\u00e4iden koneiden toiminnassa. Sen rakenne varmistaa, ett\u00e4 se kest\u00e4\u00e4 korkeaa painetta ja raskaita kuormia, mik\u00e4 tekee siit\u00e4 sopivan vaativiin ty\u00f6ymp\u00e4rist\u00f6ihin.<\/p>\n<p><img decoding=\"async\" src=\"https:\/\/www.hydraulic-cylinders.net\/wp-content\/uploads\/2025\/04\/songte-company-1.webp\" alt=\"Puomin sylinteri\"><\/p>\n<h2>Puomin sylinterin ominaisuudet<\/h2>\n<ul>\n<li><strong>Korkea lujuus ja kest\u00e4vyys:<\/strong> Se on valmistettu eritt\u00e4in lujasta ter\u00e4ksest\u00e4 tai alumiinista, ja se kest\u00e4\u00e4 korkeita paineita ja raskaita kuormia. Se sopii vaativiin ty\u00f6olosuhteisiin ja varmistaa samalla pitk\u00e4n k\u00e4ytt\u00f6i\u00e4n.<\/li>\n<li><strong>Tehokas hydraulinen k\u00e4ytt\u00f6:<\/strong> Hydraulisen \u00f6ljynpaineen ansiosta laitetta voidaan vet\u00e4\u00e4 ulos ja ulos tasaisesti, mik\u00e4 takaa nopean reagoinnin ohjauskomentoihin ja tehokkaan ty\u00f6nt\u00f6- ja vetovoiman, joten se sopii erinomaisesti raskaisiin ja monimutkaisiin teht\u00e4viin.<\/li>\n<li><strong>Erilaisia \u200b\u200btyyppej\u00e4:<\/strong> Saatavilla yksitoimisina (toimii yhteen suuntaan) tai kaksitoimisina (toimii molempiin suuntiin) sylinterein\u00e4 erilaisiin k\u00e4ytt\u00f6tarpeisiin. Tietyt mallit on suunniteltu teleskooppitoimisiksi, mik\u00e4 mahdollistaa suuremman jatkeen ilman ulkomittojen kasvua, mik\u00e4 sopii t\u00e4ydellisesti ahtaisiin sovelluksiin.<\/li>\n<li><strong>Mukautettu valmistus:<\/strong> Tuotantokykymme ansiosta voimme luoda sylintereit\u00e4, jotka korvaavat t\u00e4ydellisesti olemassa olevat hydraulisylinterit varmistaen yhteensopivuuden ja suorituskyvyn.<\/li>\n<\/ul>\n<p><img decoding=\"async\" src=\"https:\/\/www.hydraulic-cylinders.net\/wp-content\/uploads\/2025\/04\/songte-cylinder-head-with-all-kinds-excavator-models.webp\" alt=\"Puomin sylinterin mittatilausty\u00f6n\u00e4 valmistus\"><\/p>\n<h2>Sovellusskenaariot<\/h2>\n<h3>Rakennuslaitteet<\/h3>\n<p>Kaivinkoneissa puomin sylinteri on elint\u00e4rke\u00e4 kaivamisessa, lastaamisessa ja maaper\u00e4n tai roskien siirt\u00e4misess\u00e4. Se mahdollistaa tarkan hallinnan kaivamisen aikana, jolloin kuljettajat voivat suorittaa teht\u00e4vi\u00e4 tehokkaasti ja tuloksellisesti. Kaivurikuormaajissa sylinteri edist\u00e4\u00e4 merkitt\u00e4v\u00e4sti sek\u00e4 kaivamista ett\u00e4 nostamista, mik\u00e4 parantaa koneen monipuolisuutta erilaisissa rakennusteht\u00e4viss\u00e4.<\/p>\n<h3>Maatalouskoneet<\/h3>\n<p>Etukuormaajissa puomisylintereit\u00e4 k\u00e4ytet\u00e4\u00e4n maan, hein\u00e4n ja muiden materiaalien kaivamiseen, nostamiseen ja kuljettamiseen. Ne helpottavat raskaiden kuormien siirt\u00e4mist\u00e4 ja parantavat tuottavuutta maataloustoiminnassa, jossa aika ja tehokkuus ovat ratkaisevan t\u00e4rkeit\u00e4.<\/p>\n<h3>Kaivinkoneet<\/h3>\n<p>Puomin sylinteri mahdollistaa kaivinkoneiden tehokkaan tunkeutumisen maahan. T\u00e4m\u00e4 tekee siit\u00e4 v\u00e4ltt\u00e4m\u00e4tt\u00f6m\u00e4n erilaisissa kaivut\u00f6iss\u00e4 varmistaen, ett\u00e4 kauha p\u00e4\u00e4see haluttuun syvyyteen s\u00e4ilytt\u00e4en samalla vakauden ja hallinnan koko prosessin ajan.<\/p>\n<h3>Kuormaajat<\/h3>\n<p>Etukuormaajissa puomin sylinterit auttavat materiaalien nostamisessa ja tyhjent\u00e4misess\u00e4, ja niill\u00e4 on ratkaiseva rooli materiaalink\u00e4sittelyss\u00e4. Ne varmistavat, ett\u00e4 kone pystyy suorittamaan n\u00e4m\u00e4 teht\u00e4v\u00e4t sujuvasti, mik\u00e4 parantaa toiminnan kokonaistehokkuutta.<\/p>\n<h2>Suunnittelun\u00e4k\u00f6kohdat ja valintakriteerit<\/h2>\n<h3>Kantavuus<\/h3>\n<p>Puomisylinteri\u00e4 valittaessa kuormituskapasiteetti on olennainen huomioon otettava n\u00e4k\u00f6kohta. Se viittaa sylinterin enimm\u00e4ispainoon vaarantamatta sen eheytt\u00e4 tai toiminnallista tehokkuutta. Oikein mitoitettu kuormituskapasiteetti varmistaa, ett\u00e4 sylinteri toimii optimaalisesti todellisissa k\u00e4ytt\u00f6olosuhteissa est\u00e4en viat, jotka voivat johtaa k\u00e4ytt\u00f6katkoihin tai turvallisuusriskeihin.<\/p>\n<h3>Tiivistyskyky<\/h3>\n<p>Hydraulisylinterien tiivistysj\u00e4rjestelm\u00e4t ovat kriittisi\u00e4 nestevuotojen est\u00e4miseksi ja tehokkaan toiminnan varmistamiseksi. Korkealaatuisten tiivisteiden, kuten kest\u00e4vist\u00e4 materiaaleista valmistettujen m\u00e4nn\u00e4n- ja varren tiivisteiden, k\u00e4ytt\u00f6 on v\u00e4ltt\u00e4m\u00e4t\u00f6nt\u00e4. N\u00e4iden tiivisteiden on oltava suunniteltu kest\u00e4m\u00e4\u00e4n korkeita paineita ja est\u00e4m\u00e4\u00e4n kontaminaatiota, joka voi vaikuttaa merkitt\u00e4v\u00e4sti suorituskykyyn ja pitk\u00e4ik\u00e4isyyteen.<\/p>\n<h3>Kest\u00e4vyys<\/h3>\n<p>Kest\u00e4vyys on elint\u00e4rke\u00e4\u00e4 hydraulisylintereille, erityisesti vaativissa ymp\u00e4rist\u00f6iss\u00e4. On t\u00e4rke\u00e4\u00e4 valita materiaaleja, jotka kest\u00e4v\u00e4t kulumista, korroosiota ja korkeaa painetta. T\u00e4h\u00e4n kuuluvat pinnoitteet, jotka tarjoavat lis\u00e4suojaa ymp\u00e4rist\u00f6tekij\u00f6ilt\u00e4, \u200b\u200bmik\u00e4 pident\u00e4\u00e4 sylinterin k\u00e4ytt\u00f6ik\u00e4\u00e4 ja v\u00e4hent\u00e4\u00e4 huoltotarvetta.<\/p>\n<h3>Turvaominaisuudet<\/h3>\n<p>Turvallisuus on ensiarvoisen t\u00e4rke\u00e4\u00e4 hydraulisylintereiden suunnittelussa. Paineenalennusventtiilien ja vikasietomekanismien kaltaiset ominaisuudet ovat olennaisia \u200b\u200bodottamattomien vikojen est\u00e4miseksi. N\u00e4m\u00e4 turvatoimenpiteet suojaavat sek\u00e4 k\u00e4ytt\u00e4j\u00e4\u00e4 ett\u00e4 laitteita ja varmistavat, ett\u00e4 j\u00e4rjestelm\u00e4 toimii aina turvallisten parametrien mukaisesti.<\/p>\n<h3>Huolto Esteett\u00f6myys<\/h3>\n<p>My\u00f6s huollon helppous on otettava huomioon sylinteri\u00e4 valittaessa. Rakenteet, jotka mahdollistavat helpon p\u00e4\u00e4syn osiin tarkastusta, voitelua ja korjauksia varten, voivat s\u00e4\u00e4st\u00e4\u00e4 aikaa ja kustannuksia pitk\u00e4ll\u00e4 aikav\u00e4lill\u00e4. T\u00e4h\u00e4n kuuluvat ominaisuudet, jotka helpottavat helppoa purkamista ja kokoamista, mik\u00e4 varmistaa, ett\u00e4 rutiinihuolto voidaan suorittaa tehokkaasti.<\/p>\n<p><img decoding=\"async\" src=\"https:\/\/www.hydraulic-cylinders.net\/wp-content\/uploads\/2025\/04\/songte-oil-pipes-and-spare-parts.webp\" alt=\"Hydrauliset komponentit\"><\/p>\n<h2>Tiivistys ja voitelu<\/h2>\n<p>Tehokas tiivistys ja voitelu ovat kriittisi\u00e4 hydraulisylinterien toiminnalle. Erilaisia \u200b\u200btiivistyselementtej\u00e4, kuten m\u00e4nn\u00e4ntiivisteit\u00e4 ja varren tiivisteit\u00e4, k\u00e4ytet\u00e4\u00e4n vuotojen est\u00e4miseksi ja tehokkaan paineenpit\u00e4vyyden varmistamiseksi. Polyuretaanista ja nitriilikumista valmistettuja tiivisteit\u00e4 k\u00e4ytet\u00e4\u00e4n usein niiden kulutuskest\u00e4vyyden ja kest\u00e4vyyden vuoksi. Lis\u00e4ksi sylinterin runko ja kierteitetyt p\u00e4\u00e4typinnat kiillotetaan hienoksi kulutuskest\u00e4vyyden parantamiseksi. S\u00e4\u00e4nn\u00f6llinen voitelu riitt\u00e4v\u00e4ll\u00e4 hydrauli\u00f6ljyll\u00e4 on v\u00e4ltt\u00e4m\u00e4t\u00f6nt\u00e4 sujuvan toiminnan yll\u00e4pit\u00e4miseksi ja kulumisen est\u00e4miseksi.<\/p>\n<h2>S\u00e4\u00e4nn\u00f6llinen tarkastus ja ennaltaehk\u00e4isev\u00e4 huolto<\/h2>\n<ul>\n<li><strong>Rutiinitarkastukset:<\/strong> Tee s\u00e4\u00e4nn\u00f6llisi\u00e4 tarkastuksia tunnistaaksesi kulumisen tai vaurioiden merkit varhaisessa vaiheessa. Etsi vuotoja, ep\u00e4tavallisia \u00e4\u00e4ni\u00e4 tai suorituskykyongelmia, jotka voivat viitata taustalla oleviin ongelmiin.<\/li>\n<li><strong>Oikea voitelu:<\/strong> Varmista, ett\u00e4 hydrauliikka\u00f6ljyn taso on optimaalinen ja ett\u00e4 kaikki liikkuvat osat on voitelutettu oikein. T\u00e4m\u00e4 est\u00e4\u00e4 liiallista kitkaa ja kulumista ja pident\u00e4\u00e4 sylinterin k\u00e4ytt\u00f6ik\u00e4\u00e4.<\/li>\n<li><strong>Tiivisteen vaihto:<\/strong> Tarkista tiivisteiden kunto s\u00e4\u00e4nn\u00f6llisesti ja vaihda ne tarvittaessa. Kuluneet tiivisteet voivat johtaa nestevuotoihin, mik\u00e4 heikent\u00e4\u00e4 j\u00e4rjestelm\u00e4n tehokkuutta ja lis\u00e4\u00e4 vikaantumisriski\u00e4.<\/li>\n<\/ul>\n<h2>Asennusohjeet<\/h2>\n<p>Puomin sylinterin oikea asennus on ratkaisevan t\u00e4rke\u00e4\u00e4 optimaalisen suorituskyvyn saavuttamiseksi. Aloita varmistamalla, ett\u00e4 kaikki komponentit ovat puhtaita ja roskista vapaita. Kohdista sylinteri tarkasti kiinnityspisteisiin k\u00e4ytt\u00e4m\u00e4ll\u00e4 sopivia kiinnikkeit\u00e4 tukena. Kirist\u00e4 kaikki pultit valmistajan ohjeiden mukaisesti vakauden varmistamiseksi. Asennuksen j\u00e4lkeen tarkista kohdistus varmistaaksesi, ett\u00e4 sylinteri toimii sujuvasti. On my\u00f6s t\u00e4rke\u00e4\u00e4 t\u00e4ytt\u00e4\u00e4 j\u00e4rjestelm\u00e4 hydrauliikka\u00f6ljyll\u00e4 ja suorittaa toimintatesti ennen laitteen t\u00e4ydellist\u00e4 k\u00e4ytt\u00f6\u00f6nottoa.<\/p>\n<h2>Huoltoteht\u00e4v\u00e4t<\/h2>\n<ul>\n<li><strong>S\u00e4\u00e4nn\u00f6lliset tarkastukset:<\/strong> S\u00e4\u00e4nn\u00f6lliset kulumisen tai vaurioiden merkkien tarkastukset voivat est\u00e4\u00e4 suurempia ongelmia my\u00f6hemmin. Tarkista, kuuluuko k\u00e4yt\u00f6n aikana vuotoja tai ep\u00e4tavallisia \u00e4\u00e4ni\u00e4.<\/li>\n<li><strong>Asianmukainen voitelu:<\/strong> K\u00e4yt\u00e4 suositeltua hydrauliikka\u00f6ljy\u00e4 ja varmista, ett\u00e4 \u00f6ljym\u00e4\u00e4r\u00e4t pysyv\u00e4t korkeina, jotta osien kuluminen ja repe\u00e4minen estyv\u00e4t.<\/li>\n<li><strong>Tiivisteen vaihto ja kalibrointi:<\/strong> Vaihda kuluneet tiivisteet s\u00e4\u00e4nn\u00f6llisesti ja kalibroi j\u00e4rjestelm\u00e4 varmistaaksesi, ett\u00e4 se toimii suunnitellusti. T\u00e4m\u00e4 on ratkaisevan t\u00e4rke\u00e4\u00e4 turvallisuuden ja tehokkuuden yll\u00e4pit\u00e4miseksi.<\/li>\n<\/ul>\n<h2>Turvallisuusn\u00e4k\u00f6kohdat ja ymp\u00e4rist\u00f6tekij\u00e4t<\/h2>\n<p>Hydraulisylintereit\u00e4 k\u00e4sitelt\u00e4ess\u00e4 on t\u00e4rke\u00e4\u00e4 toteuttaa turvatoimenpiteit\u00e4. K\u00e4ytt\u00e4jien on k\u00e4ytett\u00e4v\u00e4 asianmukaisia \u200b\u200bhenkil\u00f6nsuojaimia ja noudatettava vakiintuneita turvallisuusprotokollia riskien minimoimiseksi. S\u00e4\u00e4nn\u00f6llinen turvallisuuskoulutus voi auttaa ehk\u00e4isem\u00e4\u00e4n onnettomuuksia ja varmistamaan, ett\u00e4 kaikki henkil\u00f6st\u00f6 on tietoinen hydraulij\u00e4rjestelmiin liittyvist\u00e4 mahdollisista vaaroista.<\/p>\n<h2>Vianm\u00e4\u00e4ritys ja yleiset ongelmat<\/h2>\n<ul>\n<li><strong>Vuoto:<\/strong> Jos sylinterist\u00e4 vuotaa \u00f6ljy\u00e4, tarkista tiivisteet kulumisen tai vaurioiden varalta. Tiivisteiden vaihtaminen voi ratkaista ongelman.<\/li>\n<li><strong>Hidas toiminta:<\/strong> Jos sylinteri toimii hitaasti, tarkista hydraulinesteen tasot ja mahdolliset tukokset letkuissa. Hydraulij\u00e4rjestelm\u00e4ss\u00e4 oleva ilma voi my\u00f6s hidastaa suorituskyky\u00e4.<\/li>\n<li><strong>Ep\u00e4tavalliset \u00e4\u00e4net:<\/strong> K\u00e4yt\u00f6n aikana kuuluvat \u00e4\u00e4net voivat viitata kulumiseen tai linjausvirheeseen. Tarkista sylinteri ja sit\u00e4 ymp\u00e4r\u00f6iv\u00e4t osat mahdollisten korjausta vaativien ongelmien varalta.<\/li>\n<\/ul>\n<h2>Vianm\u00e4\u00e4ritysvinkkej\u00e4<\/h2>\n<p>Ongelmien tehokkaan diagnosoinnin ja ratkaisemisen kannalta on t\u00e4rke\u00e4\u00e4 pit\u00e4\u00e4 kirjaa kaikista kohdatuista ongelmista ja niiden ratkaisuista. N\u00e4iden lokien s\u00e4\u00e4nn\u00f6llinen tarkistaminen voi auttaa tunnistamaan malleja ja ehk\u00e4isem\u00e4\u00e4n tulevia ongelmia. Lis\u00e4ksi rutiinihuollon ja tarkastusten aikatauluttaminen voi havaita ongelmat varhaisessa vaiheessa, mik\u00e4 v\u00e4hent\u00e4\u00e4 katastrofaalisten vikojen todenn\u00e4k\u00f6isyytt\u00e4 ja pident\u00e4\u00e4 laitteiden k\u00e4ytt\u00f6ik\u00e4\u00e4.<\/p>\n<p><img decoding=\"async\" src=\"https:\/\/www.hydraulic-cylinders.net\/wp-content\/uploads\/2025\/04\/songte-bushings-with-all-kinds-of-excavator-models.webp\" alt=\"Hydrauliset osat\"><\/p>\n<h2>Tietoa yrityksest\u00e4mme<\/h2>\n<p>Olemme erikoistuneet varaosien hydraulisylintereiden valmistukseen ja olemme yksi johtavista valmistajista ja tukkukauppiaista kotimaisilla ja kansainv\u00e4lisill\u00e4 markkinoilla. Sitoutumisemme huippuosaamiseen tukee hienostunut valmistusstrategia, johon kuuluu eritt\u00e4in ammattitaitoisen teknisen henkil\u00f6st\u00f6n, digitaalisten huippuluokan valmistuslaitteiden ja ammattimaisten testausj\u00e4rjestelmien k\u00e4ytt\u00f6. Parannamme jatkuvasti valmistusymp\u00e4rist\u00f6\u00e4mme parantaaksemme tuotteiden laatua ja varmistaaksemme, ett\u00e4 vastaamme monipuolisiin asiakastarpeisiin tehokkaasti, tarkasti ja korkealaatuisesti.<\/p>\n<p><img decoding=\"async\" src=\"https:\/\/www.hydraulic-cylinders.net\/wp-content\/uploads\/2025\/04\/songte-company-4.webp\" alt=\"Yrityksen yleiskatsaus\"><br \/>\n<img decoding=\"async\" src=\"https:\/\/www.hydraulic-cylinders.net\/wp-content\/uploads\/2025\/04\/songte-company-3.webp\" alt=\"Tuotantolaitokset\"><\/p>\n<p>Yrityksemme on ylpe\u00e4 ammattitaidostaan, kansainv\u00e4lisist\u00e4 sertifikaateistaan, r\u00e4\u00e4t\u00e4l\u00f6idyist\u00e4 palveluistaan, edistyneist\u00e4 tuotantolaitteistaan \u200b\u200bja poikkeuksellisesta j\u00e4lkimarkkinointituestaan. Olemme omistautuneet tarjoamaan huippuluokan tuotteita ja palveluita, jotka erottuvat hydraulisylinteriteollisuudessa.<\/p>\n<p>Kirjoittaja: lyl<\/p>","protected":false},"excerpt":{"rendered":"<p>Boom Cylinder For Bobcat Small Excavator E35i Introduction to Boom Cylinder The Boom Cylinder is a crucial component in hydraulic systems, particularly in heavy machinery like excavators, backhoes, and front loaders. This hydraulic cylinder controls the movement of the bucket, allowing it to lift, lower, and tilt, thus facilitating various material handling tasks. The bucket [&hellip;]<\/p>","protected":false},"featured_media":17872,"comment_status":"open","ping_status":"closed","template":"","meta":{"_et_pb_use_builder":"","_et_pb_old_content":"","_et_gb_content_width":""},"product_brand":[],"product_cat":[1546],"product_tag":[1547,1496],"class_list":{"0":"post-19412","1":"product","2":"type-product","3":"status-publish","4":"has-post-thumbnail","6":"product_cat-boom-cylinders","7":"product_tag-boom-cylinders","8":"product_tag-hydraulic-cylinders","10":"first","11":"instock","12":"shipping-taxable","13":"product-type-simple"},"amp_enabled":true,"_links":{"self":[{"href":"https:\/\/www.hydraulic-cylinders.net\/fi\/wp-json\/wp\/v2\/product\/19412","targetHints":{"allow":["GET"]}}],"collection":[{"href":"https:\/\/www.hydraulic-cylinders.net\/fi\/wp-json\/wp\/v2\/product"}],"about":[{"href":"https:\/\/www.hydraulic-cylinders.net\/fi\/wp-json\/wp\/v2\/types\/product"}],"replies":[{"embeddable":true,"href":"https:\/\/www.hydraulic-cylinders.net\/fi\/wp-json\/wp\/v2\/comments?post=19412"}],"wp:featuredmedia":[{"embeddable":true,"href":"https:\/\/www.hydraulic-cylinders.net\/fi\/wp-json\/wp\/v2\/media\/17872"}],"wp:attachment":[{"href":"https:\/\/www.hydraulic-cylinders.net\/fi\/wp-json\/wp\/v2\/media?parent=19412"}],"wp:term":[{"taxonomy":"product_brand","embeddable":true,"href":"https:\/\/www.hydraulic-cylinders.net\/fi\/wp-json\/wp\/v2\/product_brand?post=19412"},{"taxonomy":"product_cat","embeddable":true,"href":"https:\/\/www.hydraulic-cylinders.net\/fi\/wp-json\/wp\/v2\/product_cat?post=19412"},{"taxonomy":"product_tag","embeddable":true,"href":"https:\/\/www.hydraulic-cylinders.net\/fi\/wp-json\/wp\/v2\/product_tag?post=19412"}],"curies":[{"name":"wp","href":"https:\/\/api.w.org\/{rel}","templated":true}]}}