{"id":19415,"date":"2025-04-07T06:33:25","date_gmt":"2025-04-07T06:33:25","guid":{"rendered":"https:\/\/www.hydraulic-cylinders.net\/product\/boom-cylinder-for-bobcat-small-excavator-e85\/"},"modified":"2025-04-07T06:33:28","modified_gmt":"2025-04-07T06:33:28","slug":"boom-cylinder-for-bobcat-small-excavator-e85","status":"publish","type":"product","link":"https:\/\/www.hydraulic-cylinders.net\/fi\/tuote\/boom-cylinder-for-bobcat-small-excavator-e85\/","title":{"rendered":"Puomin sylinteri Bobcat-pienkaivukoneeseen E85"},"content":{"rendered":"<h1>Puomin sylinteri Bobcat-pienkaivukoneeseen E85<\/h1>\n<h2>Tuotteen yleiskatsaus<\/h2>\n<p>Bobcat Small Excavator E85 -puomisylinteri on t\u00e4rke\u00e4 hydrauliikkakomponentti, jolla on ratkaiseva rooli raskaiden koneiden suorituskyvyss\u00e4. T\u00e4m\u00e4 hydrauliikkasylinteri on erityisesti suunniteltu ohjaamaan puomin liikett\u00e4 kaivinkoneissa, kaivinkoneissa ja etukuormaajissa. Se mahdollistaa puomin nostamisen, laskemisen ja kallistuksen, mik\u00e4 helpottaa tehokasta materiaalink\u00e4sittely\u00e4. Kauhasylinteri on pohjimmiltaan hydrauliikkasylinteri, joka muuntaa hydraulisen paineen mekaaniseksi voimaksi, mik\u00e4 mahdollistaa sujuvat ja hallitut liikkeet. T\u00e4m\u00e4 on erityisen t\u00e4rke\u00e4\u00e4 rakennus- ja kaivuuty\u00f6sovelluksissa, joissa vaaditaan tarkkuutta ja tehoa.<\/p>\n<p><img decoding=\"async\" src=\"https:\/\/www.hydraulic-cylinders.net\/wp-content\/uploads\/2025\/04\/songte-company-1.webp\" alt=\"Hydraulisylinterin kuva\"><\/p>\n<h2>Puomin sylinterin ominaisuudet<\/h2>\n<ul>\n<li><strong>Korkea lujuus ja kest\u00e4vyys:<\/strong> T\u00e4m\u00e4 eritt\u00e4in lujasta ter\u00e4ksest\u00e4 tai alumiinista valmistettu sylinteri kest\u00e4\u00e4 korkeaa painetta ja raskaita kuormia, joten se sopii vaativiin ty\u00f6ymp\u00e4rist\u00f6ihin. Suunnittelussa on otettu huomioon kulutuskest\u00e4vyys ja korroosionkest\u00e4vyys tuotteen k\u00e4ytt\u00f6i\u00e4n pident\u00e4miseksi.<\/li>\n<li><strong>Tehokas hydraulinen k\u00e4ytt\u00f6:<\/strong> Hydraulisen nesteen paineen ansiosta laitetta voidaan vet\u00e4\u00e4 ulos ja ulos tasaisesti, mik\u00e4 mahdollistaa nopean reagoinnin ohjauskomentoihin ja tarjoaa vahvan ty\u00f6nt\u00f6- ja vetovoiman raskaiden ja monimutkaisten teht\u00e4vien k\u00e4sittelyyn.<\/li>\n<li><strong>Erilaisia \u200b\u200btyyppej\u00e4:<\/strong> Saatavilla yksitoimisina (hydraulisesti yhteen suuntaan) tai kaksitoimisina (hydraulisesti molempiin suuntiin) sylinterein\u00e4 erilaisiin k\u00e4ytt\u00f6tarpeisiin. Joissakin malleissa on teleskooppirakenne, joka mahdollistaa suuremman jatkeen ilman ulkomittojen kasvua, mik\u00e4 sopii erinomaisesti ahtaisiin sovelluksiin.<\/li>\n<li><strong>Yhteensopivuus:<\/strong> Tuotteemme korvaavat t\u00e4ydellisesti n\u00e4m\u00e4 hydraulisylinterit varmistaen saumattoman integroinnin ja toiminnan.<\/li>\n<li><strong>Monipuoliset sovellukset:<\/strong> Voidaan k\u00e4ytt\u00e4\u00e4 erilaisissa koneissa, mik\u00e4 parantaa teht\u00e4vien kokonaistuottavuutta ja tehokkuutta.<\/li>\n<\/ul>\n<p><img decoding=\"async\" src=\"https:\/\/www.hydraulic-cylinders.net\/wp-content\/uploads\/2025\/04\/songte-cylinder-head-with-all-kinds-excavator-models.webp\" alt=\"Kaivinkoneen mallisylinteri\"><\/p>\n<h2>Puomisylinterin sovellukset<\/h2>\n<h3>Rakennuslaitteet<\/h3>\n<p>Kaivinkoneissa puomisylinterit ovat v\u00e4ltt\u00e4m\u00e4tt\u00f6mi\u00e4 tehokkaaseen maan tai roskien kaivamiseen, lastaamiseen ja siirt\u00e4miseen. Ne mahdollistavat tarkat liikkeet, joita tarvitaan syvien ojien kaivamiseen tai raskaiden kuormien nostamiseen. Nopea pidennys- ja supistuskyky varmistaa, ett\u00e4 rakennusty\u00f6t suoritetaan tehokkaasti, mik\u00e4 tekee niist\u00e4 korvaamattomia mill\u00e4 tahansa rakennusty\u00f6maalla.<\/p>\n<h3>Maatalouskoneet<\/h3>\n<p>Etukuormaajissa k\u00e4ytett\u00e4v\u00e4t puomisylinterit auttavat maan, hein\u00e4n ja muiden materiaalien kaivamisessa, nostamisessa ja kuljettamisessa. Niiden kyky k\u00e4sitell\u00e4 raskaita kuormia ja samalla varmistaa tarkka hallinta on ratkaisevan t\u00e4rke\u00e4\u00e4 maatalousymp\u00e4rist\u00f6iss\u00e4, joissa oikea-aikainen ja tarkka toiminta voi vaikuttaa merkitt\u00e4v\u00e4sti tuottavuuteen.<\/p>\n<h3>Kaivinkoneet<\/h3>\n<p>Kaivinkoneissa puomin sylinteri mahdollistaa kauhan tehokkaan tunkeutumisen maaper\u00e4\u00e4n, mik\u00e4 mahdollistaa tehokkaan kaivamisen. T\u00e4m\u00e4 toiminto on elint\u00e4rke\u00e4 useissa sovelluksissa, aina maisemoinnista suuriin rakennusprojekteihin, joissa nopea ja tarkka kaivaminen on ensiarvoisen t\u00e4rke\u00e4\u00e4.<\/p>\n<h3>Kuormaajat<\/h3>\n<p>Etukuormaajissa puomisylintereill\u00e4 on ratkaiseva rooli kuormien tehokkaassa nostamisessa ja tyhjent\u00e4misess\u00e4. Niiden lujuus ja reagointikyky tekev\u00e4t niist\u00e4 ihanteellisia materiaalien k\u00e4sittelyyn varastoissa, rakennusty\u00f6mailla ja pelloilla, joissa nopea ja tehokas materiaalink\u00e4sittely on v\u00e4ltt\u00e4m\u00e4t\u00f6nt\u00e4.<\/p>\n<h2>Suunnittelun\u00e4k\u00f6kohdat ja valintakriteerit<\/h2>\n<h3>Kantavuus<\/h3>\n<p>Puomisylinterin kuormituskapasiteetti on ratkaisevan t\u00e4rke\u00e4 seikka. Se on suunniteltava kest\u00e4m\u00e4\u00e4n sen k\u00e4yt\u00f6ss\u00e4 kohtaama enimm\u00e4iskuormitus. T\u00e4m\u00e4 varmistaa, ett\u00e4 sylinteri toimii turvallisesti ja tehokkaasti paineen alaisena ilman vikoja. Riitt\u00e4v\u00e4n kapasiteetin omaavan sylinterin valitseminen on elint\u00e4rke\u00e4\u00e4 laitevaurioiden v\u00e4ltt\u00e4miseksi ja toiminnan tehokkuuden yll\u00e4pit\u00e4miseksi. Koneen teknisiin tietoihin ja odotettuihin kuormiin perustuvat asianmukaiset laskelmat ovat olennaisia \u200b\u200boikean valinnan tekemiseksi.<\/p>\n<h3>Tiivistys<\/h3>\n<p>Tehokas tiivistys on ratkaisevan t\u00e4rke\u00e4\u00e4 hydraulisen paineen yll\u00e4pit\u00e4miseksi ja vuotojen est\u00e4miseksi. Tiivisteiden valinnassa tulisi etusijalle asettaa materiaalit, jotka kest\u00e4v\u00e4t kulutusta ja k\u00e4ytt\u00f6ymp\u00e4rist\u00f6\u00e4. Korkealaatuisia polyuretaanista tai nitriilikumista valmistettuja tiivisteit\u00e4 suositellaan niiden kest\u00e4vyyden ja kemikaalienkest\u00e4vyyden vuoksi. Asianmukainen tiivisteiden suunnittelu vaikuttaa merkitt\u00e4v\u00e4sti sylinterin yleiseen luotettavuuteen ja pitk\u00e4ik\u00e4isyyteen.<\/p>\n<h3>Kest\u00e4vyys<\/h3>\n<p>Kest\u00e4vyys on olennaista puomisylintereille, erityisesti vaativissa sovelluksissa. K\u00e4ytettyjen materiaalien tulee kest\u00e4\u00e4 kulumista ja korroosiota, mik\u00e4 varmistaa, ett\u00e4 sylinteri kest\u00e4\u00e4 raskaan k\u00e4yt\u00f6n. S\u00e4\u00e4nn\u00f6lliset tarkastukset ja huolto voivat auttaa tunnistamaan kulumisen merkit varhaisessa vaiheessa, mik\u00e4 pident\u00e4\u00e4 tuotteen k\u00e4ytt\u00f6ik\u00e4\u00e4. Investoimalla korkealaatuisiin materiaaleihin ja rakennustekniikoihin voidaan lievent\u00e4\u00e4 usein tapahtuviin vaihtoihin ja seisokkeihin liittyvi\u00e4 ongelmia.<\/p>\n<h3>Turvallisuus<\/h3>\n<p>Turvaominaisuudet on integroitava suunnitteluun k\u00e4ytt\u00e4jien ja koneiden suojaamiseksi. T\u00e4h\u00e4n sis\u00e4ltyy paineenalennusventtiilien sis\u00e4llytt\u00e4minen ja sen varmistaminen, ett\u00e4 sylinteri voi toimia turvallisesti \u00e4\u00e4rimm\u00e4isiss\u00e4 olosuhteissa. S\u00e4\u00e4nn\u00f6lliset turvallisuustarkastukset ja turvallisuusprotokollien noudattaminen ovat v\u00e4ltt\u00e4m\u00e4tt\u00f6mi\u00e4 hydraulisiin vikoihin liittyvien riskien lievent\u00e4miseksi.<\/p>\n<h3>Yll\u00e4pidett\u00e4vyys<\/h3>\n<p>Huollon helppouden tulisi olla ensisijainen kriteeri puomisylinteri\u00e4 valittaessa. Suunnitteluominaisuudet, jotka mahdollistavat helpon p\u00e4\u00e4syn osiin voitelua, tarkastusta ja korjausta varten, voivat s\u00e4\u00e4st\u00e4\u00e4 aikaa ja kustannuksia. Ennakoivan huolto-ohjelman toteuttaminen voi parantaa sylinterin luotettavuutta ja varmistaa, ett\u00e4 se toimii tehokkaasti koko k\u00e4ytt\u00f6ik\u00e4ns\u00e4 ajan.<\/p>\n<p><img decoding=\"async\" src=\"https:\/\/www.hydraulic-cylinders.net\/wp-content\/uploads\/2025\/04\/songte-oil-pipes-and-spare-parts.webp\" alt=\"Hydraulisten osien kuva\"><\/p>\n<h2>Tiivistys ja voitelu<\/h2>\n<p>Asianmukainen tiivistys on elint\u00e4rke\u00e4\u00e4 hydraulij\u00e4rjestelmiss\u00e4. Erilaiset tiivisteet, kuten m\u00e4nn\u00e4ntiivisteet ja varren tiivisteet, est\u00e4v\u00e4t hydraulinesteen vuotamisen ja yll\u00e4pit\u00e4v\u00e4t paineen sylinterin sis\u00e4ll\u00e4. Tiivisteiden tulisi olla kest\u00e4vi\u00e4 materiaaleja, kuten polyuretaania tai nitriilikumia, kest\u00e4m\u00e4\u00e4n kulumista ja ymp\u00e4rist\u00f6olosuhteita. Lis\u00e4ksi sylinterin runko ja kierteitetyt p\u00e4\u00e4typinnat on k\u00e4sitelt\u00e4v\u00e4 hienosti kulutuskest\u00e4vyyden lis\u00e4\u00e4miseksi. S\u00e4\u00e4nn\u00f6llinen voitelu sopivalla hydrauli\u00f6ljyll\u00e4 on v\u00e4ltt\u00e4m\u00e4t\u00f6nt\u00e4 kitkan minimoimiseksi ja suorituskyvyn parantamiseksi. T\u00e4m\u00e4 ei ainoastaan \u200b\u200bpident\u00e4 tiivisteiden k\u00e4ytt\u00f6ik\u00e4\u00e4, vaan my\u00f6s varmistaa hydraulij\u00e4rjestelm\u00e4n sujuvan toiminnan.<\/p>\n<h2>S\u00e4\u00e4nn\u00f6llinen tarkastus ja ennaltaehk\u00e4isev\u00e4 huolto<\/h2>\n<ul>\n<li><strong>S\u00e4\u00e4nn\u00f6lliset tarkastukset:<\/strong> Aikatauluta rutiinitarkastukset kulumisen tai vaurioiden merkkien tunnistamiseksi. T\u00e4m\u00e4 ennakoiva l\u00e4hestymistapa voi auttaa havaitsemaan ongelmat varhaisessa vaiheessa, ennen kuin ne eskaloituvat merkitt\u00e4viksi ongelmiksi.<\/li>\n<li><strong>Asianmukainen voitelu:<\/strong> Varmista, ett\u00e4 hydrauliikka\u00f6ljyn taso on oikea ja ett\u00e4 se on oikeanlaista optimaalisen suorituskyvyn saavuttamiseksi. Tarkista \u00f6ljy s\u00e4\u00e4nn\u00f6llisesti ja vaihda se tarvittaessa v\u00e4ltt\u00e4\u00e4ksesi voiteluh\u00e4iri\u00f6ihin liittyv\u00e4t ongelmat.<\/li>\n<li><strong>Tiivisteen vaihto:<\/strong> Tarkkaile tiivisteiden kulumista ja vaihda ne tarvittaessa vuotojen est\u00e4miseksi ja paineen yll\u00e4pit\u00e4miseksi j\u00e4rjestelm\u00e4ss\u00e4. S\u00e4\u00e4nn\u00f6lliset tiivisteiden tarkastukset ovat v\u00e4ltt\u00e4m\u00e4tt\u00f6mi\u00e4 hydraulisylinterin pitk\u00e4ik\u00e4isyyden kannalta.<\/li>\n<\/ul>\n<h2>Asennusohjeet<\/h2>\n<p>Puomisylinterin oikea asennus on ratkaisevan t\u00e4rke\u00e4\u00e4 optimaalisen suorituskyvyn saavuttamiseksi. Aloita varmistamalla, ett\u00e4 sylinteri on kohdistettu oikein kiinnityskannattimiin, sill\u00e4 virheellinen kohdistus voi aiheuttaa liiallista kulumista ja mahdollisen rikkoutumisen. K\u00e4yt\u00e4 sopivia kiinnitystarvikkeita sylinterin kiinnitt\u00e4miseen paikalleen ja v\u00e4lt\u00e4 ylikirist\u00e4mist\u00e4, joka voi vahingoittaa komponentteja. Noudata valmistajan ohjeita hydrauliliit\u00e4nn\u00f6ist\u00e4 ja varmista, ett\u00e4 kaikki liittimet ovat tiukasti kiinni vuotojen est\u00e4miseksi. Asennuksen j\u00e4lkeen suorita koeajo tarkistaaksesi mahdolliset toiminnan ep\u00e4s\u00e4\u00e4nn\u00f6llisyydet. Tarkkaile sylinteri\u00e4 s\u00e4\u00e4nn\u00f6llisesti ensimm\u00e4isen k\u00e4yt\u00f6n aikana varmistaaksesi, ett\u00e4 kaikki toimii oikein ja turvallisesti.<\/p>\n<h2>Yleiset huoltoteht\u00e4v\u00e4t<\/h2>\n<h3>S\u00e4\u00e4nn\u00f6lliset tarkastukset<\/h3>\n<p>S\u00e4\u00e4nn\u00f6llisten tarkastusten suorittaminen on olennaista mahdollisten ongelmien tunnistamiseksi ennen kuin niist\u00e4 tulee vakavia. Tarkista vuotojen, kulumisen ja yleisen toimivuuden merkit. Visuaalinen tarkastus voi usein paljastaa ongelmia, joihin on puututtava. L\u00f6yd\u00f6sten dokumentointi ja niihin puuttuminen nopeasti voi auttaa yll\u00e4pit\u00e4m\u00e4\u00e4n toiminnan tehokkuutta.<\/p>\n<h3>Asianmukainen voitelu<\/h3>\n<p>Hydraulij\u00e4rjestelm\u00e4n s\u00e4\u00e4nn\u00f6llinen voitelu on elint\u00e4rke\u00e4\u00e4 kitkan ja kulumisen minimoimiseksi. K\u00e4yt\u00e4 suositeltua hydrauli\u00f6ljy\u00e4 ja varmista, ett\u00e4 kaikki liikkuvat osat saavat riitt\u00e4v\u00e4sti voitelua. T\u00e4m\u00e4 k\u00e4yt\u00e4nt\u00f6 ei ainoastaan \u200b\u200bpidenn\u00e4 komponenttien k\u00e4ytt\u00f6ik\u00e4\u00e4, vaan my\u00f6s parantaa j\u00e4rjestelm\u00e4n yleist\u00e4 suorituskyky\u00e4. Voiteluaikataulun laatiminen voi auttaa yll\u00e4pit\u00e4m\u00e4\u00e4n johdonmukaisuutta t\u00e4ss\u00e4 teht\u00e4v\u00e4ss\u00e4.<\/p>\n<h3>Tiivisteen vaihto<\/h3>\n<p>Tiivisteiden vaihtaminen osana s\u00e4\u00e4nn\u00f6llist\u00e4 huoltoa on ratkaisevan t\u00e4rke\u00e4\u00e4 vuotojen ehk\u00e4isemiseksi. Tarkkaile tiivisteiden kuntoa ja vaihda ne ennen kuin ne osoittavat merkitt\u00e4v\u00e4\u00e4 kulumista. Asianmukainen tiivisteiden huolto varmistaa, ett\u00e4 j\u00e4rjestelm\u00e4 yll\u00e4pit\u00e4\u00e4 paineen ja toimii oikein, jolloin v\u00e4ltet\u00e4\u00e4n hydraulisiin vikoihin liittyv\u00e4t kalliit korjaukset.<\/p>\n<p><img decoding=\"async\" src=\"https:\/\/www.hydraulic-cylinders.net\/wp-content\/uploads\/2025\/04\/songte-chushion-collar.webp\" alt=\"Tyynykauluksen kuva\"><\/p>\n<h2>Turvallisuusn\u00e4k\u00f6kohdat ja ymp\u00e4rist\u00f6tekij\u00e4t<\/h2>\n<p>Hydraulij\u00e4rjestelmien kanssa ty\u00f6skennelt\u00e4ess\u00e4 turvatoimenpiteet ovat ensiarvoisen t\u00e4rkeit\u00e4. K\u00e4ytt\u00e4j\u00e4t tulee kouluttaa laitteiden turvalliseen k\u00e4ytt\u00f6\u00f6n ja heid\u00e4n tulee olla tietoisia hydraulisiin vikoihin liittyvist\u00e4 mahdollisista vaaroista. Henkil\u00f6kohtaisia \u200b\u200bsuojavarusteita (PPE) tulee k\u00e4ytt\u00e4\u00e4 riskien minimoimiseksi k\u00e4yt\u00f6n ja huollon aikana. Lis\u00e4ksi on otettava huomioon ymp\u00e4rist\u00f6n\u00e4k\u00f6kohdat keskittyen hydraulinesteiden ja -materiaalien asianmukaiseen k\u00e4sittelyyn ja h\u00e4vitt\u00e4miseen kontaminaation est\u00e4miseksi ja ymp\u00e4rist\u00f6m\u00e4\u00e4r\u00e4ysten noudattamisen varmistamiseksi.<\/p>\n<h2>Vianm\u00e4\u00e4ritys ja yleiset ongelmat<\/h2>\n<ul>\n<li><strong>Vuoto:<\/strong> Yleens\u00e4 kuluneiden tiivisteiden tai virheellisen asennuksen aiheuttama. Tarkista tiivisteet ja liittimet ja vaihda tarvittaessa.<\/li>\n<li><strong>Matala paine:<\/strong> Voi viitata j\u00e4rjestelm\u00e4n vuotoihin, riitt\u00e4m\u00e4tt\u00f6m\u00e4\u00e4n hydrauliikkanesteeseen tai pumpun ongelmiin. Tarkasta j\u00e4rjestelm\u00e4 huolellisesti ongelman l\u00e4hteen selvitt\u00e4miseksi.<\/li>\n<li><strong>Reagoimaton sylinteri:<\/strong> T\u00e4m\u00e4 voi johtua hydrauliikkalinjoihin j\u00e4\u00e4neest\u00e4 ilmasta, alhaisista nestetasoista tai tukoksista. Ilmaa j\u00e4rjestelm\u00e4, tarkista nestetasot ja poista mahdolliset tukokset.<\/li>\n<\/ul>\n<h2>Vianm\u00e4\u00e4ritysvinkkej\u00e4<\/h2>\n<p>Ongelmia diagnosoitaessa aloita tarkastelemalla toimintaparametreja ja tarkastamalla mahdolliset n\u00e4kyv\u00e4t vauriot. Nesteiden tasojen ja laadun tarkistaminen voi usein paljastaa toimintah\u00e4iri\u00f6iden syyn. K\u00e4yt\u00e4 systemaattista l\u00e4hestymistapaa vianm\u00e4\u00e4ritykseen ja dokumentoi l\u00f6yd\u00f6kset ja toteutetut toimenpiteet kattavan huoltohistorian luomiseksi. Ennaltaehk\u00e4isev\u00e4t toimenpiteet, kuten s\u00e4\u00e4nn\u00f6llinen huolto ja j\u00e4rjestelm\u00e4tarkastukset, voivat v\u00e4hent\u00e4\u00e4 merkitt\u00e4v\u00e4sti tulevien ongelmien todenn\u00e4k\u00f6isyytt\u00e4.<\/p>\n<p><img decoding=\"async\" src=\"https:\/\/www.hydraulic-cylinders.net\/wp-content\/uploads\/2025\/04\/songte-bushings-with-all-kinds-of-excavator-models.webp\" alt=\"Kaivinkoneen holkit kuva\"><\/p>\n<h2>Yrityksen yleiskatsaus<\/h2>\n<p>Olemme johtava hydraulisten sylinterien vaihto-osien valmistaja, joka tarjoaa kattavan valikoiman tuotteita sek\u00e4 kotimaisille ett\u00e4 kansainv\u00e4lisille markkinoille. Sitoutumisemme huippulaatuun tukee huolellisia valmistusstrategioitamme ja edistyneit\u00e4 tuotannonhallintaj\u00e4rjestelmi\u00e4mme. Hy\u00f6dynt\u00e4m\u00e4ll\u00e4 ammattitaitoista teknist\u00e4 henkil\u00f6st\u00f6\u00e4 ja huippuluokan digitaalisia valmistuslaitteita parannamme jatkuvasti tuotantoymp\u00e4rist\u00f6j\u00e4mme parantaaksemme tuotteiden laatua. Kyvykkyytemme ansiosta pystymme t\u00e4ytt\u00e4m\u00e4\u00e4n monipuoliset asiakasvaatimukset tehokkaasti ja tarkasti varmistaen korkean asiakastyytyv\u00e4isyyden.<\/p>\n<p>Ammattitaitomme heijastuu kansainv\u00e4lisiss\u00e4 sertifikaateissamme ja tarjoamissamme r\u00e4\u00e4t\u00e4l\u00f6idyiss\u00e4 palveluissa. K\u00e4yt\u00e4mme huippuluokan tuotantolaitteita ja yll\u00e4pid\u00e4mme vankkaa myynninj\u00e4lkeist\u00e4 tukea vastataksemme asiakkaiden tiedusteluihin ja huolenaiheisiin. Sitoutumisemme laatuun ja palveluun pyrimme olemaan alan ensisijainen valinta hydraulisylintereiden toimittajana.<\/p>\n<p><img decoding=\"async\" src=\"https:\/\/www.hydraulic-cylinders.net\/wp-content\/uploads\/2025\/04\/songte-company-4.webp\" alt=\"Yrityksen imago\"><br \/>\n<img decoding=\"async\" src=\"https:\/\/www.hydraulic-cylinders.net\/wp-content\/uploads\/2025\/04\/songte-company-3.webp\" alt=\"Yrityksen imago\"><\/p>\n<p>Kirjoittaja: lyl<\/p>","protected":false},"excerpt":{"rendered":"<p>Boom Cylinder For Bobcat Small Excavator E85 Product Overview The Boom Cylinder for Bobcat Small Excavator E85 is a vital hydraulic component that plays a crucial role in the performance of heavy machinery. This hydraulic cylinder is specifically designed to control the movement of the boom in excavators, backhoes, and front loaders. It enables the [&hellip;]<\/p>","protected":false},"featured_media":17875,"comment_status":"open","ping_status":"closed","template":"","meta":{"_et_pb_use_builder":"","_et_pb_old_content":"","_et_gb_content_width":""},"product_brand":[],"product_cat":[1546],"product_tag":[1547,1496],"class_list":{"0":"post-19415","1":"product","2":"type-product","3":"status-publish","4":"has-post-thumbnail","6":"product_cat-boom-cylinders","7":"product_tag-boom-cylinders","8":"product_tag-hydraulic-cylinders","10":"first","11":"instock","12":"shipping-taxable","13":"product-type-simple"},"amp_enabled":true,"_links":{"self":[{"href":"https:\/\/www.hydraulic-cylinders.net\/fi\/wp-json\/wp\/v2\/product\/19415","targetHints":{"allow":["GET"]}}],"collection":[{"href":"https:\/\/www.hydraulic-cylinders.net\/fi\/wp-json\/wp\/v2\/product"}],"about":[{"href":"https:\/\/www.hydraulic-cylinders.net\/fi\/wp-json\/wp\/v2\/types\/product"}],"replies":[{"embeddable":true,"href":"https:\/\/www.hydraulic-cylinders.net\/fi\/wp-json\/wp\/v2\/comments?post=19415"}],"wp:featuredmedia":[{"embeddable":true,"href":"https:\/\/www.hydraulic-cylinders.net\/fi\/wp-json\/wp\/v2\/media\/17875"}],"wp:attachment":[{"href":"https:\/\/www.hydraulic-cylinders.net\/fi\/wp-json\/wp\/v2\/media?parent=19415"}],"wp:term":[{"taxonomy":"product_brand","embeddable":true,"href":"https:\/\/www.hydraulic-cylinders.net\/fi\/wp-json\/wp\/v2\/product_brand?post=19415"},{"taxonomy":"product_cat","embeddable":true,"href":"https:\/\/www.hydraulic-cylinders.net\/fi\/wp-json\/wp\/v2\/product_cat?post=19415"},{"taxonomy":"product_tag","embeddable":true,"href":"https:\/\/www.hydraulic-cylinders.net\/fi\/wp-json\/wp\/v2\/product_tag?post=19415"}],"curies":[{"name":"wp","href":"https:\/\/api.w.org\/{rel}","templated":true}]}}