{"id":19439,"date":"2025-04-07T06:47:35","date_gmt":"2025-04-07T06:47:35","guid":{"rendered":"https:\/\/www.hydraulic-cylinders.net\/product\/boom-cylinder-for-case-small-excavator-cx58c\/"},"modified":"2025-04-07T06:47:38","modified_gmt":"2025-04-07T06:47:38","slug":"boom-cylinder-for-case-small-excavator-cx58c","status":"publish","type":"product","link":"https:\/\/www.hydraulic-cylinders.net\/fi\/tuote\/boom-cylinder-for-case-small-excavator-cx58c\/","title":{"rendered":"Puomin sylinteri Case Small -kaivukoneeseen CX58C"},"content":{"rendered":"<h1>Puomin sylinteri Case Small -kaivukoneeseen CX58C<\/h1>\n<h2>Puomisylinterien ymm\u00e4rt\u00e4minen<\/h2>\n<p>Puomin sylinteri on t\u00e4rke\u00e4 hydraulinen komponentti, joka on suunniteltu erityisesti raskaiden koneiden, kuten kaivinkoneiden, traktorikaivureiden ja etukuormaajien, kauhojen liikkeen ohjaamiseen. T\u00e4m\u00e4 hydraulinen sylinteri mahdollistaa kauhan nostamisen, laskemisen ja kallistumisen, mik\u00e4 helpottaa tehokasta materiaalink\u00e4sittely\u00e4. Erikoishydraulisena laitteena sill\u00e4 on ratkaiseva rooli n\u00e4iden koneiden sujuvan toiminnan varmistamisessa, jotta ne voivat suorittaa tehokkaasti teht\u00e4vi\u00e4, kuten kaivamista, nostamista ja materiaalien kuljettamista.<\/p>\n<p><img decoding=\"async\" src=\"https:\/\/www.hydraulic-cylinders.net\/wp-content\/uploads\/2025\/04\/songte-company-1.webp\" alt=\"Hydraulinen sylinteri\"><\/p>\n<h3>M\u00e4\u00e4ritelm\u00e4 ja yleiskatsaus<\/h3>\n<p>Kauhasylinteri on hydraulinen sylinterityyppi, joka toimii hydraulij\u00e4rjestelm\u00e4ss\u00e4 ja muuntaa hydraulisen energian mekaaniseksi voimaksi. Se on erityisen t\u00e4rke\u00e4 rakennuskoneissa ja maatalouskoneissa, joissa se vaikuttaa suoraan toiminnan suorituskykyyn ja tehokkuuteen. Sylinterin kyky tarjota hallittua liikett\u00e4 on ratkaisevan t\u00e4rke\u00e4\u00e4, koska se varmistaa tarkkuuden ja tehon nosto- ja kaivuteht\u00e4viss\u00e4. T\u00e4m\u00e4n hydraulij\u00e4rjestelm\u00e4n integroitu rakenne ei ainoastaan \u200b\u200bparanna tuottavuutta, vaan my\u00f6s edist\u00e4\u00e4 raskaiden koneiden yleist\u00e4 turvallisuutta ja tehokkuutta.<\/p>\n<h2>Puomin sylinterin t\u00e4rkeimm\u00e4t ominaisuudet<\/h2>\n<ul>\n<li><strong>Korkea lujuus ja kest\u00e4vyys:<\/strong> Korkean lujuuden omaavasta ter\u00e4ksest\u00e4 tai alumiinista valmistettu puomin sylinteri on suunniteltu kest\u00e4m\u00e4\u00e4n korkeita paineita ja raskaita kuormia, mik\u00e4 tekee siit\u00e4 ihanteellisen vaativiin ty\u00f6ymp\u00e4rist\u00f6ihin. Sen rakenne on ottanut huomioon kulutuskest\u00e4vyyden ja korroosionkest\u00e4vyyden, mik\u00e4 pident\u00e4\u00e4 huomattavasti sen k\u00e4ytt\u00f6ik\u00e4\u00e4.<\/li>\n<li><strong>Tehokas hydraulinen k\u00e4ytt\u00f6:<\/strong> Hydraulisen \u00f6ljynpaineen ansiosta t\u00e4m\u00e4 sylinteri reagoi nopeasti ohjauskomentoihin ja tuottaa tehokkaita ty\u00f6nt\u00f6- ja vetovoimia, jotka sopivat raskaisiin nostoihin ja monimutkaisiin teht\u00e4viin.<\/li>\n<li><strong>Saatavilla erilaisia \u200b\u200btyyppej\u00e4:<\/strong> Tarpeista riippuen k\u00e4ytt\u00e4j\u00e4t voivat valita yksitoimiset (yhteen suuntaan toimivat) tai kaksitoimiset (molempiin suuntiin toimivat) sylinterit. Jotkut mallit ovat teleskooppisia, mik\u00e4 mahdollistaa suuremman jatkeen ilman ulkomittojen kasvua, mik\u00e4 sopii erinomaisesti tilarajoitteisiin sovelluksiin.<\/li>\n<li><strong>Mukautettavat ratkaisut:<\/strong> Valmistamme t\u00e4m\u00e4n tuotteen tarkasti varmistaen, ett\u00e4 sylinterimme korvaavat t\u00e4ydellisesti olemassa olevat hydraulisylinterit, joita k\u00e4ytet\u00e4\u00e4n erilaisissa koneissa.<\/li>\n<li><strong>Edistynyt suunnitteluteknologia:<\/strong> Puomisylinterimme on suunniteltu huipputeknologiaa k\u00e4ytt\u00e4en, mik\u00e4 takaa yhteensopivuuden eri kaivinkonemallien kanssa ja optimoi suorituskyvyn ja luotettavuuden.<\/li>\n<\/ul>\n<p><img decoding=\"async\" src=\"https:\/\/www.hydraulic-cylinders.net\/wp-content\/uploads\/2025\/04\/songte-cylinder-head-with-all-kinds-excavator-models.webp\" alt=\"Kaivinkonemallit\"><\/p>\n<h2>Puomisylinterin sovellukset<\/h2>\n<h3>Rakennuslaitteet<\/h3>\n<p>Kaivinkoneissa puomisylinterit ovat keskeisess\u00e4 asemassa kaivamisessa, lastaamisessa ja maaper\u00e4n tai roskien siirt\u00e4misess\u00e4. Ne mahdollistavat kauhan tarkan liikkeen, mik\u00e4 parantaa tuottavuutta rakennusty\u00f6mailla. Puomisylinterin tarjoama ohjaus yksinkertaistaa kuljettajan teht\u00e4vi\u00e4 ja mahdollistaa tehokkaan kaivamisen ja materiaalin k\u00e4sittelyn.<\/p>\n<h3>Maatalouskoneet<\/h3>\n<p>Etukuormaajissa puomisylintereit\u00e4 k\u00e4ytet\u00e4\u00e4n kaivamiseen, nostamiseen ja materiaalien, kuten mullan, hein\u00e4n ja muiden maataloustuotteiden, kuljettamiseen. Niiden kest\u00e4v\u00e4 rakenne varmistaa, ett\u00e4 ne selviytyv\u00e4t maataloust\u00f6iden vaativasta luonteesta, jolloin viljelij\u00e4t voivat hallita teht\u00e4vi\u00e4\u00e4n tehokkaasti.<\/p>\n<h3>Kaivuty\u00f6t<\/h3>\n<p>Kaivinkoneet ovat eritt\u00e4in riippuvaisia \u200b\u200bpuomisylintereist\u00e4 kaivuprosessissa. Kauhan tehokas tunkeutuminen maaper\u00e4\u00e4n mahdollistaa syvemm\u00e4n ja tehokkaamman kaivun, mik\u00e4 on olennaista erilaisissa rakennus- ja maisemointiprojekteissa.<\/p>\n<h3>Loader-sovellukset<\/h3>\n<p>Etukuormaajissa puomisylinterit auttavat kuormien tehokkaassa nostamisessa ja tyhjent\u00e4misess\u00e4. Niiden rakenne varmistaa, ett\u00e4 raskaita materiaaleja voidaan nostaa ja kallistaa, mik\u00e4 mahdollistaa tehokkaan purkamisen ja siten maksimoi tuottavuuden ja minimoi teht\u00e4viin k\u00e4ytett\u00e4v\u00e4n ajan.<\/p>\n<h2>Suunnittelun\u00e4k\u00f6kohdat ja valintakriteerit<\/h2>\n<h3>Kantavuus<\/h3>\n<p>Puomisylinteri\u00e4 valittaessa on t\u00e4rke\u00e4\u00e4 ottaa huomioon sen kuormituskapasiteetti. Sylinterin on kyett\u00e4v\u00e4 k\u00e4sittelem\u00e4\u00e4n nostettavan tai siirrett\u00e4v\u00e4n kuorman enimm\u00e4ispaino ilman vikaantumisriski\u00e4. Sylinterin ylikuormitus voi johtaa vakaviin vikoihin ja onnettomuuksiin, mink\u00e4 vuoksi on t\u00e4rke\u00e4\u00e4 valita sylinteri, joka ylitt\u00e4\u00e4 odotetut kuormitusvaatimukset.<\/p>\n<h3>Tiivistysj\u00e4rjestelm\u00e4t<\/h3>\n<p>Luotettava tiivistysj\u00e4rjestelm\u00e4 on v\u00e4ltt\u00e4m\u00e4t\u00f6n hydraulinesteen vuotojen est\u00e4miseksi ja optimaalisen suorituskyvyn varmistamiseksi. Sopivat tiivisteet tulee valita k\u00e4ytt\u00f6ymp\u00e4rist\u00f6n mukaan, ja kest\u00e4vyyden ja kulumisenkest\u00e4vyyden vuoksi on saatavilla vaihtoehtoja, kuten polyuretaani ja nitriilikumi. Laadukas tiivistys vaikuttaa merkitt\u00e4v\u00e4sti sylinterin tehokkuuteen ja pitk\u00e4ik\u00e4isyyteen.<\/p>\n<h3>Kest\u00e4vyys<\/h3>\n<p>Kest\u00e4vyys on keskeinen tekij\u00e4 hydraulisylintereit\u00e4 valittaessa. Rakenteessa k\u00e4ytettyjen materiaalien tulee kest\u00e4\u00e4 kulumista ja korroosiota, erityisesti ankarissa olosuhteissa. Eritt\u00e4in lujat materiaalit yhdistettyn\u00e4 suojapinnoitteisiin voivat parantaa sylinterin pitk\u00e4ik\u00e4isyytt\u00e4 varmistaen, ett\u00e4 se kest\u00e4\u00e4 s\u00e4\u00e4nn\u00f6llist\u00e4 k\u00e4ytt\u00f6\u00e4 heikkenem\u00e4tt\u00e4.<\/p>\n<h3>Turvaominaisuudet<\/h3>\n<p>Turvallisuus on hydraulisylinterien suunnittelussa ensiarvoisen t\u00e4rke\u00e4\u00e4. Paineenalennusventtiilien ja ylikuormitussuojamekanismien kaltaisten ominaisuuksien sis\u00e4llytt\u00e4minen voi est\u00e4\u00e4 onnettomuuksia ja laitevikoja. On t\u00e4rke\u00e4\u00e4 varmistaa, ett\u00e4 n\u00e4m\u00e4 ominaisuudet on integroitu suunnitteluun turvallisen k\u00e4yt\u00f6n edist\u00e4miseksi kent\u00e4ll\u00e4.<\/p>\n<h3>Huolto Esteett\u00f6myys<\/h3>\n<p>Hydraulisylinterin suunnittelu ottaen huomioon huoltomahdollisuuden, voi helpottaa merkitt\u00e4v\u00e4sti huoltoprosessia. Helpon tarkastuksen, puhdistuksen ja osien vaihdon mahdollistavat ominaisuudet voivat s\u00e4\u00e4st\u00e4\u00e4 aikaa ja v\u00e4hent\u00e4\u00e4 pitkittyneisiin seisokkiaikoihin liittyvi\u00e4 kustannuksia. Kaikkien komponenttien helppo saatavuus helpottaa s\u00e4\u00e4nn\u00f6llisi\u00e4 huoltotarkastuksia.<\/p>\n<p><img decoding=\"async\" src=\"https:\/\/www.hydraulic-cylinders.net\/wp-content\/uploads\/2025\/04\/songte-oil-pipes-and-spare-parts.webp\" alt=\"Hydrauliset osat\"><\/p>\n<h2>Tiivistys ja voitelu<\/h2>\n<p>Hydraulij\u00e4rjestelm\u00e4n tehokkuus riippuu suuresti sen tiiviydest\u00e4 ja voitelusta. Puomin sylinteriss\u00e4 tulisi k\u00e4ytt\u00e4\u00e4 erilaisia \u200b\u200btiivisteit\u00e4, kuten m\u00e4nn\u00e4ntiivisteit\u00e4 ja varren tiivisteit\u00e4. Kest\u00e4vist\u00e4 materiaaleista, kuten polyuretaanista ja nitriilikumista, valmistetut tiivisteet parantavat kulutuskest\u00e4vyytt\u00e4 ja pitk\u00e4ik\u00e4isyytt\u00e4. Lis\u00e4ksi sylinterin runko ja kierteitetyt p\u00e4\u00e4typinnat on k\u00e4sitelt\u00e4v\u00e4 huolellisesti kulutuskest\u00e4vyyden parantamiseksi.<\/p>\n<p>S\u00e4\u00e4nn\u00f6llinen voitelu on ratkaisevan t\u00e4rke\u00e4\u00e4 optimaalisten k\u00e4ytt\u00f6olosuhteiden yll\u00e4pit\u00e4miseksi. Hydrauliikka\u00f6ljy\u00e4 tulee lis\u00e4t\u00e4 s\u00e4\u00e4nn\u00f6llisesti sujuvan toiminnan varmistamiseksi ja kulumisen est\u00e4miseksi. Asianmukainen voitelu minimoi kitkan ja l\u00e4mm\u00f6n muodostumisen, jotka voivat vahingoittaa sis\u00e4isi\u00e4 komponentteja ajan my\u00f6t\u00e4.<\/p>\n<h2>S\u00e4\u00e4nn\u00f6lliset tarkastukset ja ennaltaehk\u00e4isev\u00e4t huoltotoimenpiteet<\/h2>\n<ul>\n<li><strong>Rutiinitarkastukset:<\/strong> Tarkista puomin sylinteri s\u00e4\u00e4nn\u00f6llisesti kulumisen tai vaurioiden varalta. Tarkista vuodot ja varmista, ett\u00e4 kaikki tiivisteet toimivat oikein.<\/li>\n<li><strong>Oikea voitelu:<\/strong> Pid\u00e4 sylinterin voiteluohjetta kulumisen est\u00e4miseksi ja tehokkaan toiminnan varmistamiseksi. Tarkista hydrauliikka\u00f6ljyn m\u00e4\u00e4r\u00e4 ja lis\u00e4\u00e4 tarvittaessa.<\/li>\n<li><strong>Tiivisteen vaihto:<\/strong> Tarkkaile tiivisteiden kuntoa s\u00e4\u00e4nn\u00f6llisesti. Vaihda kuluneet tai vaurioituneet tiivisteet viipym\u00e4tt\u00e4 vuotojen ja hydraulisen paineen menetyksen v\u00e4ltt\u00e4miseksi.<\/li>\n<\/ul>\n<h2>Asennusohjeet<\/h2>\n<p>Puomin sylinterin oikea asennus on elint\u00e4rke\u00e4\u00e4 optimaalisen suorituskyvyn saavuttamiseksi. Aloita varmistamalla, ett\u00e4 kiinnityspinnat ovat puhtaat ja roskattomat. Kohdista sylinteri oikein olemassa oleviin kiinnikkeisiin, jotta v\u00e4lt\u00e4t virheelliset kohdistusongelmat, jotka voivat johtaa ennenaikaiseen kulumiseen tai rikkoutumiseen. K\u00e4yt\u00e4 asianmukaisia \u200b\u200bkiinnityskorvakkeita sylinterin kiinnitt\u00e4miseen paikalleen ja varmista, ett\u00e4 se on riitt\u00e4v\u00e4sti tuettu k\u00e4yt\u00f6n aikana.<\/p>\n<p>Kun liit\u00e4t hydrauliikkalinjoja, varmista, ettei niiss\u00e4 ole mutkia tai tukoksia, jotka voisivat est\u00e4\u00e4 nesteen virtausta. Tarkista kaikkien liitosten tiiviys vuotojen est\u00e4miseksi. Asennuksen j\u00e4lkeen suorita koek\u00e4ytt\u00f6 varmistaaksesi, ett\u00e4 sylinteri toimii tasaisesti eik\u00e4 vuotoja tai ep\u00e4tavallisia \u00e4\u00e4ni\u00e4 esiinny.<\/p>\n<h2>Yleiset huoltoteht\u00e4v\u00e4t<\/h2>\n<ul>\n<li><strong>S\u00e4\u00e4nn\u00f6lliset tarkastukset:<\/strong> Tarkastukset tulisi suorittaa s\u00e4\u00e4nn\u00f6llisin v\u00e4liajoin mahdollisten ongelmien havaitsemiseksi varhaisessa vaiheessa. Etsi merkkej\u00e4 kulumisesta, vuodoista tai virheellisest\u00e4 linjauksesta ja korjaa ne viipym\u00e4tt\u00e4 kalliiden korjausten v\u00e4ltt\u00e4miseksi.<\/li>\n<li><strong>Asianmukainen voitelu:<\/strong> Varmista, ett\u00e4 hydrauliikkaj\u00e4rjestelm\u00e4 on riitt\u00e4v\u00e4sti voideltu optimaalisen suorituskyvyn yll\u00e4pit\u00e4miseksi. Tarkista \u00f6ljym\u00e4\u00e4r\u00e4t s\u00e4\u00e4nn\u00f6llisesti ja lis\u00e4\u00e4 hydrauliikkanestett\u00e4 tarvittaessa sujuvan toiminnan varmistamiseksi.<\/li>\n<li><strong>Tiivisteen vaihto ja kalibrointi:<\/strong> Arvioi tiivisteiden kunto s\u00e4\u00e4nn\u00f6llisesti ja vaihda ne tarvittaessa. Kalibrointitarkastukset varmistavat, ett\u00e4 j\u00e4rjestelm\u00e4 toimii turvallisten parametrien mukaisesti, est\u00e4en ylikuormitukset ja mahdolliset viat.<\/li>\n<\/ul>\n<h2>Turvallisuusn\u00e4k\u00f6kohdat ja ymp\u00e4rist\u00f6tekij\u00e4t<\/h2>\n<p>Hydraulisylintereit\u00e4 k\u00e4ytett\u00e4ess\u00e4 on eritt\u00e4in t\u00e4rke\u00e4\u00e4 toteuttaa turvatoimenpiteit\u00e4 k\u00e4ytt\u00e4jien ja laitteiden suojaamiseksi. Asianmukainen koulutus hydraulisten j\u00e4rjestelmien k\u00e4ytt\u00f6\u00f6n ja huoltoon on v\u00e4ltt\u00e4m\u00e4t\u00f6nt\u00e4 onnettomuuksien minimoimiseksi. Noudata aina valmistajan ohjeita kuormitusrajoista ja k\u00e4ytt\u00f6tavoista.<\/p>\n<p>Ymp\u00e4rist\u00f6tekij\u00f6ill\u00e4 on my\u00f6s merkitt\u00e4v\u00e4 rooli hydrauliikkaj\u00e4rjestelmien pitk\u00e4ik\u00e4isyydess\u00e4. Varmista, ett\u00e4 ty\u00f6ymp\u00e4rist\u00f6 on vapaa ep\u00e4puhtauksista ja ett\u00e4 hydraulinesteet h\u00e4vitet\u00e4\u00e4n asianmukaisesti ymp\u00e4rist\u00f6vaikutusten minimoimiseksi.<\/p>\n<h2>Vianm\u00e4\u00e4ritys ja yleiset ongelmat<\/h2>\n<ul>\n<li><strong>Vuoto:<\/strong> Vuodot voivat johtua kuluneista tiivisteist\u00e4 tai vaurioituneista osista. S\u00e4\u00e4nn\u00f6lliset tarkastukset on teht\u00e4v\u00e4 vuotojen havaitsemiseksi varhaisessa vaiheessa ja vaurioituneiden osien vaihtamiseksi.<\/li>\n<li><strong>Ep\u00e4johdonmukainen toiminta:<\/strong> Jos puomin sylinteri ei liiku ulos tai sis\u00e4\u00e4n tasaisesti, se voi viitata alhaiseen hydrauliikka\u00f6ljyn tasoon tai ilmaan j\u00e4rjestelm\u00e4ss\u00e4. Tarkista nestetasot ja ilmaa j\u00e4rjestelm\u00e4 tarvittaessa.<\/li>\n<li><strong>Oudot \u00e4\u00e4net:<\/strong> Ep\u00e4tavalliset \u00e4\u00e4net k\u00e4yt\u00f6n aikana voivat viitata sis\u00e4isiin vaurioihin tai voitelun puutteeseen. Tutki \u00e4\u00e4nen l\u00e4hde ja korjaa mahdolliset ongelmat viipym\u00e4tt\u00e4.<\/li>\n<\/ul>\n<h2>Vinkkej\u00e4 ongelmien vianm\u00e4\u00e4ritykseen<\/h2>\n<p>Puomisylinterin ongelmien tehokas diagnosointi aloita tarkistamalla n\u00e4kyv\u00e4t vauriot tai kulumiset. Varmista, ett\u00e4 hydraulinesteen taso on riitt\u00e4v\u00e4 ja ett\u00e4 hydrauliletkuissa ei ole tukoksia. Jos vuotoja on, tunnista niiden l\u00e4hde ja vaihda vaurioituneet tiivisteet tai komponentit tarvittaessa. S\u00e4\u00e4nn\u00f6lliset huoltotoimenpiteet voivat auttaa ehk\u00e4isem\u00e4\u00e4n monia yleisi\u00e4 ongelmia, mik\u00e4 pident\u00e4\u00e4 hydraulisylinterin k\u00e4ytt\u00f6ik\u00e4\u00e4 ja varmistaa luotettavan suorituskyvyn.<\/p>\n<p><img decoding=\"async\" src=\"https:\/\/www.hydraulic-cylinders.net\/wp-content\/uploads\/2025\/04\/songte-bushings-with-all-kinds-of-excavator-models.webp\" alt=\"Kaivinkoneen holkit\"><\/p>\n<h2>Tietoa yrityksest\u00e4mme<\/h2>\n<p>Olemme johtava hydraulisten sylinterien valmistaja, joka tarjoaa kattavan valikoiman tuotteita. Sitoutumisemme huippuosaamiseen on tehnyt meist\u00e4 merkitt\u00e4v\u00e4n toimijan sek\u00e4 kotimaisilla ett\u00e4 kansainv\u00e4lisill\u00e4 markkinoilla. Noudatamme korkeita laatustandardeja ja hy\u00f6dynn\u00e4mme teollisen tuotannon hallintastrategiaa hienos\u00e4\u00e4detyiss\u00e4 tuotantotiloissamme. Yrityksemme parantaa jatkuvasti tuotantokapasiteettiaan ammattitaitoisen henkil\u00f6st\u00f6n, edistyneiden digitaalisten valmistuslaitteiden ja ammattimaisten testausj\u00e4rjestelmien avulla.<\/p>\n<p>Olemme ylpeit\u00e4 kyvyst\u00e4mme tarjota r\u00e4\u00e4t\u00e4l\u00f6ityj\u00e4 ratkaisuja vastaamaan asiakkaiden monipuolisiin tarpeisiin. Keskittymisemme korkeaan tehokkuuteen, tarkkuuteen ja laatuun varmistaa, ett\u00e4 t\u00e4yt\u00e4mme ja ylit\u00e4mme markkinoiden vaatimukset. Vahvan luovan kapasiteettimme ansiosta olemme omistautuneet toimittamaan tuotteita, jotka parantavat suorituskyky\u00e4 ja luotettavuutta.<\/p>\n<p><img decoding=\"async\" src=\"https:\/\/www.hydraulic-cylinders.net\/wp-content\/uploads\/2025\/04\/songte-company-4.webp\" alt=\"Yrityksen yleiskatsaus\"><br \/>\n<img decoding=\"async\" src=\"https:\/\/www.hydraulic-cylinders.net\/wp-content\/uploads\/2025\/04\/songte-company-3.webp\" alt=\"Tuotantolaitokset\"><\/p>\n<p>Kirjoittaja: lyl<\/p>","protected":false},"excerpt":{"rendered":"<p>Boom Cylinder For Case Small Excavator CX58C Understanding Boom Cylinders The Boom Cylinder is a vital hydraulic component designed specifically for controlling the movement of buckets in heavy machinery such as excavators, backhoes, and front loaders. This hydraulic cylinder allows the bucket to lift, lower, and tilt, facilitating efficient material handling operations. As a specialized [&hellip;]<\/p>","protected":false},"featured_media":17868,"comment_status":"open","ping_status":"closed","template":"","meta":{"_et_pb_use_builder":"","_et_pb_old_content":"","_et_gb_content_width":""},"product_brand":[],"product_cat":[1546],"product_tag":[1547,1496],"class_list":{"0":"post-19439","1":"product","2":"type-product","3":"status-publish","4":"has-post-thumbnail","6":"product_cat-boom-cylinders","7":"product_tag-boom-cylinders","8":"product_tag-hydraulic-cylinders","10":"first","11":"instock","12":"shipping-taxable","13":"product-type-simple"},"amp_enabled":true,"_links":{"self":[{"href":"https:\/\/www.hydraulic-cylinders.net\/fi\/wp-json\/wp\/v2\/product\/19439","targetHints":{"allow":["GET"]}}],"collection":[{"href":"https:\/\/www.hydraulic-cylinders.net\/fi\/wp-json\/wp\/v2\/product"}],"about":[{"href":"https:\/\/www.hydraulic-cylinders.net\/fi\/wp-json\/wp\/v2\/types\/product"}],"replies":[{"embeddable":true,"href":"https:\/\/www.hydraulic-cylinders.net\/fi\/wp-json\/wp\/v2\/comments?post=19439"}],"wp:featuredmedia":[{"embeddable":true,"href":"https:\/\/www.hydraulic-cylinders.net\/fi\/wp-json\/wp\/v2\/media\/17868"}],"wp:attachment":[{"href":"https:\/\/www.hydraulic-cylinders.net\/fi\/wp-json\/wp\/v2\/media?parent=19439"}],"wp:term":[{"taxonomy":"product_brand","embeddable":true,"href":"https:\/\/www.hydraulic-cylinders.net\/fi\/wp-json\/wp\/v2\/product_brand?post=19439"},{"taxonomy":"product_cat","embeddable":true,"href":"https:\/\/www.hydraulic-cylinders.net\/fi\/wp-json\/wp\/v2\/product_cat?post=19439"},{"taxonomy":"product_tag","embeddable":true,"href":"https:\/\/www.hydraulic-cylinders.net\/fi\/wp-json\/wp\/v2\/product_tag?post=19439"}],"curies":[{"name":"wp","href":"https:\/\/api.w.org\/{rel}","templated":true}]}}