{"id":19440,"date":"2025-04-07T06:47:38","date_gmt":"2025-04-07T06:47:38","guid":{"rendered":"https:\/\/www.hydraulic-cylinders.net\/product\/boom-cylinder-for-case-small-excavator-cx75\/"},"modified":"2025-04-07T06:47:41","modified_gmt":"2025-04-07T06:47:41","slug":"boom-cylinder-for-case-small-excavator-cx75","status":"publish","type":"product","link":"https:\/\/www.hydraulic-cylinders.net\/fi\/tuote\/boom-cylinder-for-case-small-excavator-cx75\/","title":{"rendered":"Puomin sylinteri Case Small Excavator CX75 -kaivukoneeseen"},"content":{"rendered":"<h1>Puomin sylinteri Case Small Excavator CX75 -kaivukoneeseen<\/h1>\n<h2>Puomin sylinterin ymm\u00e4rt\u00e4minen<\/h2>\n<p>Puomin sylinteri, joka tunnetaan my\u00f6s kauhan sylinterin\u00e4, on t\u00e4rke\u00e4 osa hydrauliikkaj\u00e4rjestelmi\u00e4. Se on erityisesti suunniteltu ohjaamaan erilaisten raskaiden koneiden, kuten kaivinkoneiden, traktorikaivureiden ja etukuormaajien, lis\u00e4laitteiden liikett\u00e4. T\u00e4m\u00e4 hydraulisylinteri mahdollistaa kauhan nostamisen, laskemisen ja kallistumisen, mik\u00e4 helpottaa tehokasta materiaalink\u00e4sittely\u00e4. Sill\u00e4 on ratkaiseva rooli laitteiden toiminnassa, sill\u00e4 se mahdollistaa tarkat liikkeet, jotka ovat olennaisia \u200b\u200brakennusty\u00f6mailla ja muissa raskaissa sovelluksissa.<\/p>\n<p>Puomin sylinteri on v\u00e4ltt\u00e4m\u00e4t\u00f6n esimerkiksi kaivamisessa ja nostamisessa, joissa se muuntaa hydraulisen paineen mekaaniseksi voimaksi. Sen suunnittelussa k\u00e4ytet\u00e4\u00e4n yleens\u00e4 tehokkaita tiivisteit\u00e4 ja kest\u00e4vi\u00e4 materiaaleja, jotka kest\u00e4v\u00e4t huomattavia paineita ja raskaita kuormia. Puomin sylinterin tehokkuus vaikuttaa suoraan sen tukemien koneiden tehokkuuteen ja kykyyn.<\/p>\n<p><img decoding=\"async\" src=\"https:\/\/www.hydraulic-cylinders.net\/wp-content\/uploads\/2025\/04\/songte-company-1.webp\" alt=\"Puomin sylinteri\"><\/p>\n<h2>Puomin sylinterin t\u00e4rkeimm\u00e4t ominaisuudet<\/h2>\n<ul>\n<li><strong>Korkea lujuus ja kest\u00e4vyys:<\/strong> Eritt\u00e4in lujasta ter\u00e4ksest\u00e4 tai alumiinista valmistetut puomisylinterimme kest\u00e4v\u00e4t korkeaa painetta ja raskaita kuormia, joten ne sopivat vaativiin ty\u00f6ymp\u00e4rist\u00f6ihin.<\/li>\n<li><strong>Tehokas hydraulinen k\u00e4ytt\u00f6:<\/strong> Hydrauli\u00f6ljyn painetta hy\u00f6dynt\u00e4v\u00e4 puomin sylinteri tarjoaa tasaiset pidennys- ja sis\u00e4\u00e4nvetoliikkeet ja pystyy reagoimaan nopeasti k\u00e4ytt\u00e4j\u00e4n komentoihin.<\/li>\n<li><strong>Erilaisia \u200b\u200btyyppej\u00e4:<\/strong> Saatavilla yksitoimisina (toimii yhteen suuntaan) tai kaksitoimisina (toimii molempiin suuntiin) kokoonpanoina, jotka sopivat erilaisiin k\u00e4ytt\u00f6tarpeisiin. Jotkut mallit on suunniteltu teleskooppimaiseksi pidemm\u00e4n ulottuvuuden saavuttamiseksi.<\/li>\n<li><strong>Huoltoyst\u00e4v\u00e4llinen muotoilu:<\/strong> Sylinterimme on suunniteltu siten, ett\u00e4 komponentteihin on helppo p\u00e4\u00e4st\u00e4 k\u00e4siksi korjausta ja huoltoa varten, mik\u00e4 varmistaa niiden pitk\u00e4n k\u00e4ytt\u00f6i\u00e4n ja luotettavuuden.<\/li>\n<li><strong>Yhteensopivuus:<\/strong> N\u00e4m\u00e4 puomisylinterit voivat t\u00e4ydellisesti korvata olemassa olevat hydraulisylinterit erilaisissa konemalleissa, mik\u00e4 tarjoaa k\u00e4ytt\u00e4jille saumattoman siirtym\u00e4n.<\/li>\n<\/ul>\n<p><img decoding=\"async\" src=\"https:\/\/www.hydraulic-cylinders.net\/wp-content\/uploads\/2025\/04\/songte-cylinder-head-with-all-kinds-excavator-models.webp\" alt=\"Puomin sylinterin yhteensopivuus\"><\/p>\n<h2>Puomisylinterin sovellukset<\/h2>\n<h3>Rakennuslaitteet<\/h3>\n<p>Kaivinkoneissa puomin sylinterit ovat ratkaisevan t\u00e4rkeit\u00e4 kaivamisessa, lastaamisessa ja maan tai roskien siirt\u00e4misess\u00e4. Ne mahdollistavat kauhan tehokkaan tunkeutumisen maahan, mik\u00e4 helpottaa toimintaa rakennusty\u00f6mailla, joilla maanrakennust\u00f6it\u00e4 tehd\u00e4\u00e4n usein. Puomin korkeuden ja kulman hallintamahdollisuus on olennaista kaivut\u00f6iden tarkkuuden kannalta, mik\u00e4 tekee n\u00e4ist\u00e4 sylintereist\u00e4 v\u00e4ltt\u00e4m\u00e4tt\u00f6mi\u00e4 nykyaikaisissa rakennusprojekteissa.<\/p>\n<h3>Maatalouskoneet<\/h3>\n<p>Puomisylintereill\u00e4 varustettuja etukuormaimia k\u00e4ytet\u00e4\u00e4n maan, hein\u00e4n ja muiden materiaalien kauhaukseen, nostamiseen ja kuljettamiseen. N\u00e4iden sylinterien avulla viljelij\u00e4t voivat siirt\u00e4\u00e4 suuria m\u00e4\u00e4ri\u00e4 materiaalia helposti, mik\u00e4 parantaa maataloustoiminnan tuottavuutta ja tehokkuutta. Liikkeen joustavuus mahdollistaa erilaisia \u200b\u200bteht\u00e4vi\u00e4 kuorma-autojen lastaamisesta peltojen valmisteluun kylv\u00f6\u00e4 varten.<\/p>\n<h3>Kaivinkoneet<\/h3>\n<p>Kaivinkoneissa puomin sylinterill\u00e4 on t\u00e4rke\u00e4 rooli kaivuprosessissa. Se mahdollistaa kauhan tehokkaan tunkeutumisen maaper\u00e4\u00e4n, mik\u00e4 helpottaa materiaalien kaivamista. Puomin sylinterin tuottama hydraulinen teho varmistaa, ett\u00e4 kaivinkone pystyy selviytym\u00e4\u00e4n vaikeista kaivuteht\u00e4vist\u00e4 minimaalisella vaivalla.<\/p>\n<h3>Kuormaajat<\/h3>\n<p>Etukuormaajissa puomin sylinterit auttavat kuormien tehokkaassa nostamisessa ja tyhjent\u00e4misess\u00e4. N\u00e4iden sylinterien tarjoama tarkka ohjaus antaa kuljettajille mahdollisuuden k\u00e4sitell\u00e4 materiaaleja huolellisesti, est\u00e4\u00e4 vuodot ja varmistaa, ett\u00e4 kuormat sijoitetaan tarkasti tarvittavaan paikkaan. T\u00e4m\u00e4 tehokkuus on ratkaisevan t\u00e4rke\u00e4\u00e4 sek\u00e4 rakennus- ett\u00e4 materiaalink\u00e4sittelytoiminnoissa.<\/p>\n<h2>Suunnittelun\u00e4k\u00f6kohdat ja valintakriteerit<\/h2>\n<h3>Kantavuus<\/h3>\n<p>Puomisylinteri\u00e4 valittaessa on t\u00e4rke\u00e4\u00e4 ottaa huomioon sen kuormituskapasiteetti. Sylinterin on kyett\u00e4v\u00e4 k\u00e4sittelem\u00e4\u00e4n sen k\u00e4yt\u00f6n aikana kohtaama enimm\u00e4ispaino. T\u00e4m\u00e4 varmistaa turvallisuuden ja tehokkuuden ja est\u00e4\u00e4 mahdolliset ylikuormituksesta johtuvat laiteviat.<\/p>\n<h3>Tiivistystekniikka<\/h3>\n<p>Tehokas tiivistys on ratkaisevan t\u00e4rke\u00e4\u00e4 hydraulisylintereiss\u00e4, koska se est\u00e4\u00e4 nestevuodot, jotka voivat heikent\u00e4\u00e4 suorituskyky\u00e4 ja painetta. Tiivisteiden, kuten m\u00e4nn\u00e4ntiivisteiden ja varren tiivisteiden, valinta m\u00e4\u00e4r\u00e4\u00e4 sylinterin pitk\u00e4ik\u00e4isyyden ja tehokkuuden. Korkealaatuiset tiivisteet, jotka on valmistettu materiaaleista, kuten polyuretaanista tai nitriilist\u00e4, ovat v\u00e4ltt\u00e4m\u00e4tt\u00f6mi\u00e4 kest\u00e4vyyden ja kulumiskest\u00e4vyyden kannalta.<\/p>\n<h3>Kest\u00e4vyys<\/h3>\n<p>Puomisylinterin rakenteessa k\u00e4ytettyjen materiaalien on oltava riitt\u00e4v\u00e4n kest\u00e4vi\u00e4 kest\u00e4m\u00e4\u00e4n ankaria k\u00e4ytt\u00f6olosuhteita. Sylinterill\u00e4, joka kest\u00e4\u00e4 korroosiota, hankausta ja iskuja, on pidempi k\u00e4ytt\u00f6ik\u00e4, mik\u00e4 v\u00e4hent\u00e4\u00e4 huoltokustannuksia ja seisokkiaikoja.<\/p>\n<h3>Turvaominaisuudet<\/h3>\n<p>Turvallisuus on ensiarvoisen t\u00e4rke\u00e4\u00e4 hydrauliikkaj\u00e4rjestelmien kanssa toimittaessa. Puomin sylintereiss\u00e4 tulisi olla ominaisuuksia, jotka est\u00e4v\u00e4t ylipaineen, kuten paineenalennusventtiilit. N\u00e4m\u00e4 turvamekanismit suojaavat k\u00e4ytt\u00e4ji\u00e4 ja laitteita mahdollisilta vaaroilta k\u00e4yt\u00f6n aikana.<\/p>\n<h3>Huolto Esteett\u00f6myys<\/h3>\n<p>Kunnossapidon suunnittelu on ratkaisevan t\u00e4rke\u00e4\u00e4 sen varmistamiseksi, ett\u00e4 sylinterit ovat helposti huollettavia. Irrotettavien p\u00e4\u00e4tykansien ja helposti saavutettavien voitelupisteiden kaltaiset ominaisuudet voivat merkitt\u00e4v\u00e4sti v\u00e4hent\u00e4\u00e4 kunnossapitoaikaa ja -kustannuksia, pit\u00e4en koneet toimintakunnossa pidemp\u00e4\u00e4n.<\/p>\n<p><img decoding=\"async\" src=\"https:\/\/www.hydraulic-cylinders.net\/wp-content\/uploads\/2025\/04\/songte-oil-pipes-and-spare-parts.webp\" alt=\"Hydraulisylinterin huolto-osat\"><\/p>\n<h2>Tiivistys ja voitelu<\/h2>\n<p>Tehokas tiivistys ja voitelu ovat ratkaisevan t\u00e4rkeit\u00e4 puomisylinterien suorituskyvylle. Erilaiset tiivisteet, mukaan lukien m\u00e4nn\u00e4ntiivisteet ja varren tiivisteet, ovat olennaisia \u200b\u200bhydraulinesteen vuotojen est\u00e4miseksi. Kest\u00e4vien materiaalien, kuten polyuretaanin ja nitriilikumin, k\u00e4ytt\u00f6 tiivisteiss\u00e4 parantaa niiden kulutuskest\u00e4vyytt\u00e4 ja pident\u00e4\u00e4 sylinterin k\u00e4ytt\u00f6ik\u00e4\u00e4. Sylinterin runko ja kierteitetyt p\u00e4\u00e4typinnat koneistetaan tarkasti kulutuskest\u00e4vyyden parantamiseksi ja optimaalisen suorituskyvyn varmistamiseksi.<\/p>\n<p>S\u00e4\u00e4nn\u00f6llinen voitelu on v\u00e4ltt\u00e4m\u00e4t\u00f6nt\u00e4 sujuvan toiminnan yll\u00e4pit\u00e4miseksi. Hydrauliikka\u00f6ljy\u00e4 on lis\u00e4tt\u00e4v\u00e4 s\u00e4\u00e4nn\u00f6llisesti sen varmistamiseksi, ett\u00e4 kaikki liikkuvat osat ovat riitt\u00e4v\u00e4sti voideltuja, mik\u00e4 v\u00e4hent\u00e4\u00e4 kitkaa ja kulumista. Asianmukainen voitelu auttaa my\u00f6s l\u00e4mm\u00f6n haihduttamisessa, yll\u00e4pit\u00e4\u00e4 optimaalisia k\u00e4ytt\u00f6l\u00e4mp\u00f6tiloja ja est\u00e4\u00e4 ylikuumenemisen.<\/p>\n<h2>S\u00e4\u00e4nn\u00f6llinen huolto ja ennaltaehk\u00e4isev\u00e4t toimenpiteet<\/h2>\n<ul>\n<li><strong>S\u00e4\u00e4nn\u00f6lliset tarkastukset:<\/strong> S\u00e4\u00e4nn\u00f6llisten tarkastusten suorittaminen voi auttaa tunnistamaan kulumiskohdat ja mahdolliset vikaantumiskohdat ennen kuin niist\u00e4 tulee merkitt\u00e4vi\u00e4 ongelmia. Etsi merkkej\u00e4 vuodoista, korroosiosta tai ep\u00e4tavallisista kulumiskuvioista tiivisteiss\u00e4 ja tankoissa.<\/li>\n<li><strong>Asianmukainen voitelu:<\/strong> Varmista, ett\u00e4 sylinteri voidellaan s\u00e4\u00e4nn\u00f6llisesti sopivalla hydrauliikka\u00f6ljyll\u00e4. Liiallinen voitelu voi aiheuttaa paineen nousua, kun taas alivoitelu voi johtaa lis\u00e4\u00e4ntyneeseen kulumiseen ja rikkoutumiseen.<\/li>\n<li><strong>Tiivisteen vaihto:<\/strong> Tiivisteet tulee vaihtaa heti, kun kulumisen merkkej\u00e4 ilmenee. Korkealaatuisten vaihtotiivisteiden k\u00e4ytt\u00f6 voi est\u00e4\u00e4 vuotoja ja yll\u00e4pit\u00e4\u00e4 hydraulipainetta.<\/li>\n<\/ul>\n<h2>Asennusohjeet<\/h2>\n<p>Puomisylinterin oikea asennus on ratkaisevan t\u00e4rke\u00e4\u00e4 sen suorituskyvyn ja pitk\u00e4n k\u00e4ytt\u00f6i\u00e4n kannalta. T\u00e4ss\u00e4 on t\u00e4rkeimm\u00e4t noudatettavat vaiheet:<\/p>\n<ol>\n<li><strong>Valmistelu:<\/strong> Varmista, ett\u00e4 ty\u00f6alue on puhdas ja vapaa roskista. Tarkista, ett\u00e4 kaikki osat ovat yhteensopivia ja hyv\u00e4ss\u00e4 kunnossa.<\/li>\n<li><strong>Tasaus:<\/strong> Kohdista sylinteri oikein koneiston kiinnityspisteisiin. V\u00e4\u00e4r\u00e4 kohdistus voi johtaa ennenaikaiseen kulumiseen ja rikkoutumiseen.<\/li>\n<li><strong>Asennus:<\/strong> Kiinnit\u00e4 sylinteri sopivilla kiinnityskiinnikkeill\u00e4. Varmista, ett\u00e4 pultit on kiristetty valmistajan ohjeiden mukaisesti, jotta ne eiv\u00e4t l\u00f6ysty k\u00e4yt\u00f6n aikana.<\/li>\n<li><strong>Testaus:<\/strong> Asennuksen j\u00e4lkeen on teht\u00e4v\u00e4 toimintatesti varmistaakseen, ett\u00e4 sylinteri toimii sujuvasti ja tehokkaasti.<\/li>\n<\/ol>\n<h2>Yleiset huoltoteht\u00e4v\u00e4t<\/h2>\n<h3>S\u00e4\u00e4nn\u00f6lliset tarkastukset<\/h3>\n<p>Puomisylinterin s\u00e4\u00e4nn\u00f6lliset tarkastukset ovat v\u00e4ltt\u00e4m\u00e4tt\u00f6mi\u00e4 kulumisen tai vaurioiden havaitsemiseksi varhaisessa vaiheessa. Etsi n\u00e4kyvi\u00e4 vuotoja ja ep\u00e4tavallisia \u00e4\u00e4ni\u00e4 k\u00e4yt\u00f6n aikana ja varmista, ett\u00e4 kaikki liit\u00e4nn\u00e4t ovat tukevasti kiinni. Laadi s\u00e4\u00e4nn\u00f6llinen tarkastusaikataulu optimaalisen suorituskyvyn yll\u00e4pit\u00e4miseksi ja odottamattomien vikojen est\u00e4miseksi.<\/p>\n<h3>Oikea voitelu<\/h3>\n<p>Oikean voitelutason yll\u00e4pit\u00e4minen on kriittist\u00e4 hydraulij\u00e4rjestelm\u00e4n tehokkuudelle. Tarkista s\u00e4\u00e4nn\u00f6llisesti hydrauli\u00f6ljyn tasot ja varmista, ett\u00e4 k\u00e4yt\u00e4t oikeanlaista \u00f6ljy\u00e4 tiivisteiden ja liikkuvien osien kulumisen est\u00e4miseksi. Tehokas voiteluaikataulu v\u00e4hent\u00e4\u00e4 merkitt\u00e4v\u00e4sti toimintah\u00e4iri\u00f6iden riski\u00e4 ja pident\u00e4\u00e4 sylinterin k\u00e4ytt\u00f6ik\u00e4\u00e4.<\/p>\n<h3>Tiivisteiden vaihto ja kalibrointitarkastukset<\/h3>\n<p>Tiivisteet on tarkistettava usein kulumisen varalta ja ne on vaihdettava tarvittaessa hydraulisen eheyden yll\u00e4pit\u00e4miseksi. Kalibrointitarkistukset on teht\u00e4v\u00e4 sen varmistamiseksi, ett\u00e4 sylinteri toimii oikeilla painealueilla. Oikein kalibroidut sylinterit parantavat suorituskyky\u00e4 ja est\u00e4v\u00e4t k\u00e4ytt\u00f6vaaroja.<\/p>\n<h2>Turvallisuusn\u00e4k\u00f6kohdat ja ymp\u00e4rist\u00f6tekij\u00e4t<\/h2>\n<p>Hydraulisylinterien k\u00e4yt\u00f6ss\u00e4 turvatoimenpiteet ovat elint\u00e4rkeit\u00e4. K\u00e4ytt\u00e4j\u00e4t tulee aina kouluttaa hydraulij\u00e4rjestelmill\u00e4 varustettujen koneiden turvalliseen k\u00e4ytt\u00f6\u00f6n. T\u00e4h\u00e4n sis\u00e4ltyy korkeapainej\u00e4rjestelmiin liittyvien riskien ymm\u00e4rt\u00e4minen ja asianmukaisten turvallisuusprotokollien noudattaminen, kuten suojavarusteiden k\u00e4ytt\u00f6 ja sen varmistaminen, ett\u00e4 ty\u00f6alueella ei ole sivullisia. Lis\u00e4ksi ymp\u00e4rist\u00f6vaikutusten huomioon ottaminen on ratkaisevan t\u00e4rke\u00e4\u00e4; ymp\u00e4rist\u00f6yst\u00e4v\u00e4llisten hydraulinesteiden k\u00e4ytt\u00f6 voi minimoida vuotoihin ja roiskeisiin liittyv\u00e4t riskit.<\/p>\n<h2>Yleisten ongelmien vianm\u00e4\u00e4ritys<\/h2>\n<ul>\n<li><strong>Paineh\u00e4vi\u00f6:<\/strong> T\u00e4m\u00e4n voivat aiheuttaa hydraulij\u00e4rjestelm\u00e4n vuodot, ilma letkuissa tai vialliset tiivisteet. Tarkista n\u00e4kyvien vuotojen varalta ja varmista, ett\u00e4 nesteen taso on oikea.<\/li>\n<li><strong>Hidas liike:<\/strong> Jos sylinteri reagoi hitaasti, se voi viitata voitelun tarpeeseen tai hydrauliikka\u00f6ljyn likaantumiseen. Tarkista ja vaihda \u00f6ljy tarvittaessa.<\/li>\n<li><strong>Ep\u00e4tavalliset \u00e4\u00e4net:<\/strong> Hankaavat tai kolisevat \u00e4\u00e4net voivat olla merkki sylinterin mekaanisista ongelmista. V\u00e4lit\u00f6n tarkastus on tarpeen lis\u00e4vaurioiden est\u00e4miseksi.<\/li>\n<\/ul>\n<p>N\u00e4iden ongelmien ratkaisemiseksi on t\u00e4rke\u00e4\u00e4 toteuttaa ennaltaehk\u00e4isevi\u00e4 toimenpiteit\u00e4, kuten s\u00e4\u00e4nn\u00f6llisi\u00e4 huoltotarkastuksia, asianmukaista nesteiden hallintaa ja k\u00e4ytt\u00e4jien kouluttamista vianetsint\u00e4tekniikoihin.<\/p>\n<p><img decoding=\"async\" src=\"https:\/\/www.hydraulic-cylinders.net\/wp-content\/uploads\/2025\/04\/songte-bushings-with-all-kinds-of-excavator-models.webp\" alt=\"Yleisi\u00e4 ongelmia puomin sylintereiss\u00e4\"><\/p>\n<h2>Tietoa yrityksest\u00e4mme<\/h2>\n<p>Olemme johtava hydraulisten varaosien valmistaja ja tukkumyyj\u00e4, joka on tunnettu sek\u00e4 kotimaassa ett\u00e4 kansainv\u00e4lisesti. Laaja tuotevalikoimamme sijoittaa meid\u00e4t hydraulisten sylinterien markkinoiden johtavien valmistajien joukkoon. Noudatamme erinomaisuuden laatufilosofiaa ja luotamme hienostuneisiin tuotannonohjausstrategioihin huippumoderneissa tuotantolaitoksissamme.<\/p>\n<p>Sitoutumisemme osaavan henkil\u00f6st\u00f6n, edistyneiden digitaalisten valmistuslaitteiden ja kattavien testausj\u00e4rjestelmien hy\u00f6dynt\u00e4miseen mahdollistaa tuotantokapasiteettimme jatkuvan parantamisen. Priorisoimme korkeaa tehokkuutta, tarkkuutta ja laatua voidaksemme vastata asiakkaidemme monipuolisiin tarpeisiin.<\/p>\n<p><img decoding=\"async\" src=\"https:\/\/www.hydraulic-cylinders.net\/wp-content\/uploads\/2025\/04\/songte-company-4.webp\" alt=\"Yrityksemme\"><br \/>\n<img decoding=\"async\" src=\"https:\/\/www.hydraulic-cylinders.net\/wp-content\/uploads\/2025\/04\/songte-company-3.webp\" alt=\"Tuotantolaitoksemme\"><\/p>\n<p>Kirjoittaja: lyl<\/p>","protected":false},"excerpt":{"rendered":"<p>Boom Cylinder For Case Small Excavator CX75 Understanding the Boom Cylinder The boom cylinder, also known as the bucket cylinder, is a vital component in hydraulic systems, specifically designed to control the movement of various heavy machinery attachments like those found on excavators, backhoes, and front loaders. This hydraulic cylinder enables the bucket to lift, [&hellip;]<\/p>","protected":false},"featured_media":17869,"comment_status":"open","ping_status":"closed","template":"","meta":{"_et_pb_use_builder":"","_et_pb_old_content":"","_et_gb_content_width":""},"product_brand":[],"product_cat":[1546],"product_tag":[1547,1496],"class_list":{"0":"post-19440","1":"product","2":"type-product","3":"status-publish","4":"has-post-thumbnail","6":"product_cat-boom-cylinders","7":"product_tag-boom-cylinders","8":"product_tag-hydraulic-cylinders","10":"first","11":"instock","12":"shipping-taxable","13":"product-type-simple"},"amp_enabled":true,"_links":{"self":[{"href":"https:\/\/www.hydraulic-cylinders.net\/fi\/wp-json\/wp\/v2\/product\/19440","targetHints":{"allow":["GET"]}}],"collection":[{"href":"https:\/\/www.hydraulic-cylinders.net\/fi\/wp-json\/wp\/v2\/product"}],"about":[{"href":"https:\/\/www.hydraulic-cylinders.net\/fi\/wp-json\/wp\/v2\/types\/product"}],"replies":[{"embeddable":true,"href":"https:\/\/www.hydraulic-cylinders.net\/fi\/wp-json\/wp\/v2\/comments?post=19440"}],"wp:featuredmedia":[{"embeddable":true,"href":"https:\/\/www.hydraulic-cylinders.net\/fi\/wp-json\/wp\/v2\/media\/17869"}],"wp:attachment":[{"href":"https:\/\/www.hydraulic-cylinders.net\/fi\/wp-json\/wp\/v2\/media?parent=19440"}],"wp:term":[{"taxonomy":"product_brand","embeddable":true,"href":"https:\/\/www.hydraulic-cylinders.net\/fi\/wp-json\/wp\/v2\/product_brand?post=19440"},{"taxonomy":"product_cat","embeddable":true,"href":"https:\/\/www.hydraulic-cylinders.net\/fi\/wp-json\/wp\/v2\/product_cat?post=19440"},{"taxonomy":"product_tag","embeddable":true,"href":"https:\/\/www.hydraulic-cylinders.net\/fi\/wp-json\/wp\/v2\/product_tag?post=19440"}],"curies":[{"name":"wp","href":"https:\/\/api.w.org\/{rel}","templated":true}]}}