{"id":19441,"date":"2025-04-07T06:47:41","date_gmt":"2025-04-07T06:47:41","guid":{"rendered":"https:\/\/www.hydraulic-cylinders.net\/product\/boom-cylinder-for-case-small-excavator-cx130b\/"},"modified":"2025-04-07T06:47:44","modified_gmt":"2025-04-07T06:47:44","slug":"boom-cylinder-for-case-small-excavator-cx130b","status":"publish","type":"product","link":"https:\/\/www.hydraulic-cylinders.net\/fi\/tuote\/boom-cylinder-for-case-small-excavator-cx130b\/","title":{"rendered":"Puomin sylinteri Case Small -kaivukoneeseen CX130B"},"content":{"rendered":"<h1>Puomin sylinteri Case Small -kaivukoneeseen CX130B<\/h1>\n<h2>Tuotteen yleiskatsaus<\/h2>\n<p>Case Small Excavator CX130B -kaivukoneen puomisylinteri on erikoishydraulisylinteri, joka on suunniteltu ohjaamaan kauhan liikett\u00e4 erilaisissa raskaissa koneissa, kuten kaivinkoneissa, kaivurikuormaajissa ja etukuormaajissa. T\u00e4m\u00e4 hydraulinen komponentti mahdollistaa kauhan nostamisen, laskemisen ja kallistumisen, mik\u00e4 helpottaa tehokasta materiaalink\u00e4sittely\u00e4. Kauhasylinterill\u00e4 on ratkaiseva rooli hydraulij\u00e4rjestelmiss\u00e4, sill\u00e4 se mahdollistaa sujuvat ja tarkat liikkeet, jotka ovat v\u00e4ltt\u00e4m\u00e4tt\u00f6mi\u00e4 kaivu- ja lastaustoiminnoissa.<\/p>\n<p><img decoding=\"async\" src=\"https:\/\/www.hydraulic-cylinders.net\/wp-content\/uploads\/2025\/04\/songte-company-1.webp\" alt=\"Kaivinkoneiden puomin sylinteri\" \/><\/p>\n<h2>Puomin sylinterin ominaisuudet<\/h2>\n<ul>\n<li><strong>Korkea lujuus ja kest\u00e4vyys:<\/strong> T\u00e4m\u00e4 sylinteri on valmistettu eritt\u00e4in lujasta ter\u00e4ksest\u00e4 tai alumiinista, ja se on suunniteltu kest\u00e4m\u00e4\u00e4n korkeaa painetta ja raskaita kuormia, joten se sopii vaativiin ty\u00f6ymp\u00e4rist\u00f6ihin.<\/li>\n<li><strong>Tehokas hydraulinen k\u00e4ytt\u00f6:<\/strong> Hydraulisen \u00f6ljynpaineen ansiosta laitetta voidaan vet\u00e4\u00e4 ulos ja ulos tasaisesti, mik\u00e4 mahdollistaa nopean reagoinnin ohjauskomentoihin ja tarjoaa tehokkaan ty\u00f6nt\u00f6- ja vetovoiman.<\/li>\n<li><strong>Saatavilla erilaisia \u200b\u200btyyppej\u00e4:<\/strong> Vaihtoehtoina yksitoimiset (hydraulinen paine yhteen suuntaan) tai kaksitoimiset (hydraulinen paine molempiin suuntiin) sylinterit, ja jotkut mallit ovat teleskooppisia, mik\u00e4 mahdollistaa suuremman jatkeen ilman ulkomittojen kasvua.<\/li>\n<li><strong>Mukautettavat ratkaisut:<\/strong> Tuotteemme voidaan valmistaa korvaamaan t\u00e4ydellisesti olemassa olevat hydraulisylinterit, mik\u00e4 varmistaa yhteensopivuuden eri kaivinkonemallien kanssa.<\/li>\n<li><strong>Kustannustehokas suunnittelu:<\/strong> Suunniteltu minimoimaan huollon tarve ja optimoimaan suorituskyky, mik\u00e4 alentaa koneiden kokonaisk\u00e4ytt\u00f6kustannuksia.<\/li>\n<\/ul>\n<p><img decoding=\"async\" src=\"https:\/\/www.hydraulic-cylinders.net\/wp-content\/uploads\/2025\/04\/songte-cylinder-head-with-all-kinds-excavator-models.webp\" alt=\"Kaivinkoneen sylinterimallit\" \/><\/p>\n<h2>Puomisylinterin sovellukset<\/h2>\n<h3>Rakennuslaitteet<\/h3>\n<p>Rakennuskoneissa puomisylinterit ovat elint\u00e4rkeit\u00e4 kaivinkoneissa, sill\u00e4 ne mahdollistavat kaivamisen, lastaamisen ja maan tai roskien siirt\u00e4misen. Kaivurikuormaajissa kauhan sylinteri auttaa sek\u00e4 kaivu- ett\u00e4 nostoteht\u00e4viss\u00e4 ja edist\u00e4\u00e4 tehokasta toimintaa ty\u00f6mailla.<\/p>\n<h3>Maatalouskoneet<\/h3>\n<p>Etukuormaajissa k\u00e4ytett\u00e4v\u00e4t puomisylinterit helpottavat maaper\u00e4n, hein\u00e4n ja muiden materiaalien kaapimista, nostamista ja kuljetusta. T\u00e4m\u00e4 monipuolisuus on olennaista maataloust\u00f6iss\u00e4, jotka vaativat luotettavia materiaalink\u00e4sittelylaitteita.<\/p>\n<h3>Kaivinkoneet<\/h3>\n<p>Kaivinkoneissa puomin sylinteri mahdollistaa kauhan tehokkaan tunkeutumisen maahan, mik\u00e4 mahdollistaa kaivuty\u00f6t. Sen rakenne varmistaa, ett\u00e4 kauha pysyy vakaana erilaisissa maaper\u00e4n tunkeutumisteht\u00e4viss\u00e4.<\/p>\n<h3>Kuormaajat<\/h3>\n<p>Etukuormaajissa puomin sylinterit auttavat materiaalien tehokkaassa nostamisessa ja tyhjent\u00e4misess\u00e4. Niiden hydraulinen teho on ratkaisevan t\u00e4rke\u00e4\u00e4 raskaiden kuormien k\u00e4sittelyss\u00e4 ja tuottavuuden parantamisessa rakennus- ja maatalousymp\u00e4rist\u00f6iss\u00e4.<\/p>\n<h2>Suunnittelun\u00e4k\u00f6kohdat ja valintakriteerit<\/h2>\n<h3>Kantavuus<\/h3>\n<p>Puomisylinterin kuormituskapasiteetti on suunnittelussa olennainen seikka. Sen on kyett\u00e4v\u00e4 k\u00e4sittelem\u00e4\u00e4n k\u00e4yt\u00f6n aikana aiheutuvaa painoa ja voimia. Insin\u00f6\u00f6rit arvioivat kaivinkoneeseen kohdistuvat kuormat m\u00e4\u00e4ritt\u00e4\u00e4kseen sylinterille sopivat tekniset tiedot.<\/p>\n<h3>Tiivisteen eheys<\/h3>\n<p>Tiivistys on ratkaisevan t\u00e4rke\u00e4\u00e4 hydraulisen paineen yll\u00e4pit\u00e4miseksi ja nestevuotojen est\u00e4miseksi. Korkealaatuisten tiivisteiden, kuten m\u00e4nn\u00e4ntiivisteiden ja varren tiivisteiden, valinta varmistaa hydraulisylinterin optimaalisen suorituskyvyn ja pitk\u00e4n k\u00e4ytt\u00f6i\u00e4n. S\u00e4\u00e4nn\u00f6lliset tarkastukset ja huolto ovat v\u00e4ltt\u00e4m\u00e4tt\u00f6mi\u00e4 tiivisteiden eheyden yll\u00e4pit\u00e4miseksi.<\/p>\n<h3>Kest\u00e4vyys<\/h3>\n<p>Kest\u00e4vyys on ensiarvoisen t\u00e4rke\u00e4\u00e4 hydraulisylinterien suunnittelussa, koska n\u00e4m\u00e4 komponentit altistuvat suurelle rasitukselle ja vaihteleville ymp\u00e4rist\u00f6olosuhteille. Kulumista ja korroosiota kest\u00e4v\u00e4t materiaalit ja pinnoitteet ovat olennaisia \u200b\u200bpuomisylinterin k\u00e4ytt\u00f6i\u00e4n pident\u00e4miseksi.<\/p>\n<h3>Turvaominaisuudet<\/h3>\n<p>Turvallisuussuunnitteluun kuuluu ominaisuuksien integrointi, jotka minimoivat k\u00e4yt\u00f6n aikaiset riskit. N\u00e4ihin kuuluvat ylikuormituksen est\u00e4v\u00e4t paineenalennusventtiilit ja tukevat kiinnityspisteet vakauden parantamiseksi k\u00e4yt\u00f6n aikana.<\/p>\n<h3>Yll\u00e4pidett\u00e4vyys<\/h3>\n<p>Hyvin suunnitellun hydraulisylinterin tulisi olla helppo huoltaa. T\u00e4m\u00e4 sis\u00e4lt\u00e4\u00e4 helposti saavutettavat voitelukohdat, yksinkertaiset tiivisteiden vaihtomenettelyt sek\u00e4 selke\u00e4t tarkastus- ja huolto-ohjeet jatkuvan toiminnan tehokkuuden varmistamiseksi.<\/p>\n<p><img decoding=\"async\" src=\"https:\/\/www.hydraulic-cylinders.net\/wp-content\/uploads\/2025\/04\/songte-oil-pipes-and-spare-parts.webp\" alt=\"Hydrauliset osat ja lis\u00e4varusteet\" \/><\/p>\n<h2>Tiivistys ja voitelu<\/h2>\n<p>Puomisylinterien tiivistys ja voitelu ovat elint\u00e4rkeit\u00e4 niiden tehokkuuden ja pitk\u00e4ik\u00e4isyyden kannalta. Yleisesti k\u00e4ytet\u00e4\u00e4n erilaisia \u200b\u200btiivistyskomponentteja, kuten m\u00e4nn\u00e4ntiivisteit\u00e4 ja varren tiivisteit\u00e4. Materiaalien, kuten polyuretaanin ja nitriilikumin, valinta on ratkaisevan t\u00e4rke\u00e4\u00e4 niiden kulutuskest\u00e4vyyden kannalta. Lis\u00e4ksi sylinterin rungon ja kierteitettyjen p\u00e4iden huolellinen pintak\u00e4sittely parantaa kest\u00e4vyytt\u00e4 kulumista vastaan. S\u00e4\u00e4nn\u00f6llinen voitelu hydrauliikka\u00f6ljyll\u00e4 on v\u00e4ltt\u00e4m\u00e4t\u00f6nt\u00e4 sujuvan toiminnan yll\u00e4pit\u00e4miseksi ja sis\u00e4isten osien ennenaikaisen kulumisen est\u00e4miseksi.<\/p>\n<h2>Ennaltaehk\u00e4isev\u00e4t huoltotoimenpiteet<\/h2>\n<ul>\n<li><strong>S\u00e4\u00e4nn\u00f6lliset tarkastukset:<\/strong> Rutiininomaiset visuaaliset ja toiminnalliset tarkastukset tulisi suorittaa kulumisen, vuotojen tai vaurioiden havaitsemiseksi. Varhainen havaitseminen auttaa puuttumaan mahdollisiin ongelmiin ennen kuin ne pahenevat.<\/li>\n<li><strong>Oikea voitelu:<\/strong> Hydraulisylinterin riitt\u00e4v\u00e4 voitelu oikeanlaisella hydrauli\u00f6ljyll\u00e4 v\u00e4hent\u00e4\u00e4 kitkaa ja kulumista, mik\u00e4 pident\u00e4\u00e4 sylinterin k\u00e4ytt\u00f6ik\u00e4\u00e4.<\/li>\n<li><strong>Tiivisteen vaihto:<\/strong> Tiivisteet on tarkastettava s\u00e4\u00e4nn\u00f6llisesti, ja kaikki kuluneet tai vaurioituneet tiivisteet on vaihdettava viipym\u00e4tt\u00e4 vuotojen est\u00e4miseksi ja hydraulisen paineen yll\u00e4pit\u00e4miseksi.<\/li>\n<\/ul>\n<h2>Asennusohjeet<\/h2>\n<p>Puomin sylinterin oikea asennus on ratkaisevan t\u00e4rke\u00e4\u00e4 optimaalisen suorituskyvyn saavuttamiseksi. Aloita varmistamalla, ett\u00e4 sylinteri on kohdistettu oikein kiinnitystelineiden kanssa. K\u00e4yt\u00e4 sopivia asennusty\u00f6kaluja sylinterin kiinnitt\u00e4miseen paikalleen ja tarkista, ett\u00e4 kaikki liitokset on kiristetty valmistajan ohjeiden mukaisesti. On t\u00e4rke\u00e4\u00e4 tarkistaa mahdolliset esteet, jotka voisivat haitata sylinterin liikett\u00e4 k\u00e4yt\u00f6n aikana. Asennuksen j\u00e4lkeen testaa hydraulij\u00e4rjestelm\u00e4 varmistaaksesi, ett\u00e4 sylinteri toimii sujuvasti ilman vuotoja tai ep\u00e4s\u00e4\u00e4nn\u00f6llisyyksi\u00e4.<\/p>\n<h2>Huoltoteht\u00e4v\u00e4t<\/h2>\n<ul>\n<li><strong>S\u00e4\u00e4nn\u00f6lliset tarkastukset:<\/strong> Tee hydraulij\u00e4rjestelm\u00e4n s\u00e4\u00e4nn\u00f6llisi\u00e4 tarkastuksia mahdollisten ongelmien havaitsemiseksi varhaisessa vaiheessa.<\/li>\n<li><strong>Asianmukainen voitelu:<\/strong> Varmista, ett\u00e4 sylinteri on voideltu valmistajan suositusten mukaisesti suorituskyvyn yll\u00e4pit\u00e4miseksi.<\/li>\n<li><strong>Tiivisteen vaihto:<\/strong> Tarkkaile tiivisteiden kuntoa ja vaihda ne tarvittaessa vuotojen est\u00e4miseksi ja hydraulipaineen yll\u00e4pit\u00e4miseksi.<\/li>\n<\/ul>\n<h2>Turvallisuusn\u00e4k\u00f6kohdat ja ymp\u00e4rist\u00f6tekij\u00e4t<\/h2>\n<p>Turvatoimenpiteet ovat ensiarvoisen t\u00e4rkeit\u00e4 hydrauliikkaj\u00e4rjestelmien kanssa ty\u00f6skennelt\u00e4ess\u00e4. K\u00e4ytt\u00e4j\u00e4t tulisi kouluttaa asianmukaisiin k\u00e4sittelymenetelmiin riskien minimoimiseksi k\u00e4yt\u00f6n aikana. Lis\u00e4ksi tulisi kiinnitt\u00e4\u00e4 huomiota ymp\u00e4rist\u00f6tekij\u00f6ihin, kuten hydraulinesteiden vuotojen est\u00e4miseen, joilla voi olla haitallisia vaikutuksia ymp\u00e4r\u00f6iv\u00e4\u00e4n ekosysteemiin.<\/p>\n<h2>Vianm\u00e4\u00e4ritys ja yleiset ongelmat<\/h2>\n<ul>\n<li><strong>Vuoto:<\/strong> Yleens\u00e4 kuluneiden tiivisteiden aiheuttama. Tarkista tiivisteet ja vaihda tarvittaessa.<\/li>\n<li><strong>Huono suorituskyky:<\/strong> Saattaa viitata riitt\u00e4m\u00e4tt\u00f6m\u00e4\u00e4n voiteluun tai hydrauliikka\u00f6ljyn tasoon. Tarkista hydrauliikka\u00f6ljyn m\u00e4\u00e4r\u00e4 ja lis\u00e4\u00e4 sit\u00e4 tarvittaessa.<\/li>\n<li><strong>Sylinterien jumittuminen:<\/strong> Usein v\u00e4\u00e4r\u00e4n kohdistuksen vuoksi. Varmista oikea kohdistus asennuksen ja s\u00e4\u00e4nn\u00f6llisten huoltotarkastusten aikana.<\/li>\n<\/ul>\n<h2>Vianm\u00e4\u00e4ritysvinkkej\u00e4<\/h2>\n<p>Tehokkaan vianm\u00e4\u00e4rityksen varmistamiseksi k\u00e4ytt\u00e4jien tulisi pit\u00e4\u00e4 kirjaa suorituskykyongelmista ja niiden korjaavista toimenpiteist\u00e4. Yleisten vikatilojen ymm\u00e4rt\u00e4minen auttaa diagnosoimaan ongelmat nopeasti. S\u00e4\u00e4nn\u00f6llinen ennakoiva huolto voi merkitt\u00e4v\u00e4sti v\u00e4hent\u00e4\u00e4 vikojen esiintyvyytt\u00e4 ja parantaa hydraulij\u00e4rjestelm\u00e4n yleist\u00e4 luotettavuutta.<\/p>\n<p><img decoding=\"async\" src=\"https:\/\/www.hydraulic-cylinders.net\/wp-content\/uploads\/2025\/04\/songte-bushings-with-all-kinds-of-excavator-models.webp\" alt=\"Kaivinkoneen holkit\" \/><\/p>\n<h2>Tietoa yrityksest\u00e4mme<\/h2>\n<p>Olemme johtava hydraulisten sylinterien valmistaja ja tukkumyyj\u00e4, joka on sitoutunut tarjoamaan kattavan valikoiman tuotteita, jotka vastaavat kotimaisten ja kansainv\u00e4listen markkinoiden tarpeisiin. Huippuosaamiseen keskittymist\u00e4mme tukee hienostunut valmistusstrategia, jossa hy\u00f6dynnet\u00e4\u00e4n edistynytt\u00e4 teknologiaa ja eritt\u00e4in tarkkoja valmistusprosesseja. Parannamme jatkuvasti tuotantokapasiteettiamme varmistaaksemme tuotteiden korkean laadun ja vastataksemme tehokkaasti asiakkaiden monipuolisiin tarpeisiin.<\/p>\n<p>Asiantuntemukseemme kuuluu:<\/p>\n<ul>\n<li><strong>Ammattimaisuus:<\/strong> Tiimimme koostuu ammattitaitoisista ammattilaisista, jotka ovat omistautuneet korkealaatuisten hydrauliikkakomponenttien valmistukseen.<\/li>\n<li><strong>Kansainv\u00e4liset sertifikaatit:<\/strong> Tuotteemme t\u00e4ytt\u00e4v\u00e4t kansainv\u00e4liset laatustandardit, mik\u00e4 takaa niiden luotettavuuden ja suorituskyvyn.<\/li>\n<li><strong>Mukautetut palvelut:<\/strong> Tarjoamme r\u00e4\u00e4t\u00e4l\u00f6ityj\u00e4 ratkaisuja, jotka on r\u00e4\u00e4t\u00e4l\u00f6ity vastaamaan asiakkaan erityisvaatimuksia.<\/li>\n<li><strong>Edistyneet laitteet:<\/strong> K\u00e4ytt\u00e4m\u00e4ll\u00e4 huippuluokan valmistuslaitteita tarkkuuden ja tehokkuuden takaamiseksi.<\/li>\n<li><strong>Myynnin j\u00e4lkeinen tuki:<\/strong> Tarjoamme vankkaa myynninj\u00e4lkeist\u00e4 palvelua asiakastyytyv\u00e4isyyden ja tuen varmistamiseksi.<\/li>\n<\/ul>\n<p><img decoding=\"async\" src=\"https:\/\/www.hydraulic-cylinders.net\/wp-content\/uploads\/2025\/04\/songte-company-4.webp\" alt=\"Yrityksemme\" \/><br \/>\n<img decoding=\"async\" src=\"https:\/\/www.hydraulic-cylinders.net\/wp-content\/uploads\/2025\/04\/songte-company-3.webp\" alt=\"Valmistusprosessi\" \/><\/p>\n<p>Kirjoittaja: lyl<\/p>","protected":false},"excerpt":{"rendered":"<p>Boom Cylinder For Case Small Excavator CX130B Product Overview The Boom Cylinder for Case Small Excavator CX130B is a specialized hydraulic cylinder designed for controlling the movement of the bucket in various heavy machinery, such as excavators, backhoe loaders, and front loaders. This hydraulic component allows the bucket to lift, lower, and tilt, facilitating efficient [&hellip;]<\/p>","protected":false},"featured_media":17870,"comment_status":"open","ping_status":"closed","template":"","meta":{"_et_pb_use_builder":"","_et_pb_old_content":"","_et_gb_content_width":""},"product_brand":[],"product_cat":[1546],"product_tag":[1547,1496],"class_list":{"0":"post-19441","1":"product","2":"type-product","3":"status-publish","4":"has-post-thumbnail","6":"product_cat-boom-cylinders","7":"product_tag-boom-cylinders","8":"product_tag-hydraulic-cylinders","10":"first","11":"instock","12":"shipping-taxable","13":"product-type-simple"},"amp_enabled":true,"_links":{"self":[{"href":"https:\/\/www.hydraulic-cylinders.net\/fi\/wp-json\/wp\/v2\/product\/19441","targetHints":{"allow":["GET"]}}],"collection":[{"href":"https:\/\/www.hydraulic-cylinders.net\/fi\/wp-json\/wp\/v2\/product"}],"about":[{"href":"https:\/\/www.hydraulic-cylinders.net\/fi\/wp-json\/wp\/v2\/types\/product"}],"replies":[{"embeddable":true,"href":"https:\/\/www.hydraulic-cylinders.net\/fi\/wp-json\/wp\/v2\/comments?post=19441"}],"wp:featuredmedia":[{"embeddable":true,"href":"https:\/\/www.hydraulic-cylinders.net\/fi\/wp-json\/wp\/v2\/media\/17870"}],"wp:attachment":[{"href":"https:\/\/www.hydraulic-cylinders.net\/fi\/wp-json\/wp\/v2\/media?parent=19441"}],"wp:term":[{"taxonomy":"product_brand","embeddable":true,"href":"https:\/\/www.hydraulic-cylinders.net\/fi\/wp-json\/wp\/v2\/product_brand?post=19441"},{"taxonomy":"product_cat","embeddable":true,"href":"https:\/\/www.hydraulic-cylinders.net\/fi\/wp-json\/wp\/v2\/product_cat?post=19441"},{"taxonomy":"product_tag","embeddable":true,"href":"https:\/\/www.hydraulic-cylinders.net\/fi\/wp-json\/wp\/v2\/product_tag?post=19441"}],"curies":[{"name":"wp","href":"https:\/\/api.w.org\/{rel}","templated":true}]}}