{"id":19443,"date":"2025-04-07T06:47:47","date_gmt":"2025-04-07T06:47:47","guid":{"rendered":"https:\/\/www.hydraulic-cylinders.net\/product\/boom-cylinder-for-case-middle-excavator-cx21b-em\/"},"modified":"2025-04-07T06:47:49","modified_gmt":"2025-04-07T06:47:49","slug":"boom-cylinder-for-case-middle-excavator-cx21b-em","status":"publish","type":"product","link":"https:\/\/www.hydraulic-cylinders.net\/fi\/tuote\/boom-cylinder-for-case-middle-excavator-cx21b-em\/","title":{"rendered":"Puomin sylinteri Case Middle -kaivukoneeseen CX21B-EM"},"content":{"rendered":"<h1>Puomin sylinteri Case Middle -kaivukoneeseen CX21B-EM<\/h1>\n<h2>Puomisylinterien ymm\u00e4rt\u00e4minen<\/h2>\n<p>Case Middle Excavator CX21B-EM -kaivukoneen puomin sylinteri on t\u00e4rke\u00e4 osa raskaiden koneiden hydraulij\u00e4rjestelmi\u00e4. N\u00e4m\u00e4 hydraulisylinterit on erityisesti suunniteltu ohjaamaan kauhojen liikett\u00e4 kaivinkoneissa, kaivurikuormaajissa ja etukuormaajissa. Ne mahdollistavat kauhan nostamisen, laskemisen ja kallistumisen, mik\u00e4 helpottaa tehokkaita materiaalink\u00e4sittelyteht\u00e4vi\u00e4.<\/p>\n<p><img decoding=\"async\" src=\"https:\/\/www.hydraulic-cylinders.net\/wp-content\/uploads\/2025\/04\/songte-company-1.webp\" alt=\"Hydraulinen sylinteri\" \/><\/p>\n<p>Kauhasylinteri on tyypillisesti hydraulinen sylinterityyppi, joka toimii hydrauli\u00f6ljyn paineen avulla. T\u00e4m\u00e4 mahdollistaa sujuvat ojennus- ja sis\u00e4\u00e4nvetoliikkeet, reagoi nopeasti k\u00e4ytt\u00e4j\u00e4n komentoihin ja tuottaa samalla tehokkaita veto- ja ty\u00f6nt\u00f6voimia. Ne on suunniteltu kest\u00e4viksi ja suorituskykyisiksi, mink\u00e4 vuoksi ne ovat v\u00e4ltt\u00e4m\u00e4tt\u00f6mi\u00e4 monissa sovelluksissa rakennuskoneista maatalouskoneisiin.<\/p>\n<h2>Puomin sylinterin ominaisuudet<\/h2>\n<ul>\n<li><strong>Korkea lujuus ja kest\u00e4vyys:<\/strong> N\u00e4m\u00e4 sylinterit on valmistettu eritt\u00e4in lujasta ter\u00e4ksest\u00e4 tai alumiinista, ja ne kest\u00e4v\u00e4t korkeita paineita ja raskaita kuormia, joten ne sopivat vaativiin ty\u00f6ymp\u00e4rist\u00f6ihin. Ne on suunniteltu kulutus- ja korroosionkest\u00e4vyys mieless\u00e4 pit\u00e4en, mik\u00e4 pident\u00e4\u00e4 niiden k\u00e4ytt\u00f6ik\u00e4\u00e4.<\/li>\n<li><strong>Tehokas hydraulinen k\u00e4ytt\u00f6:<\/strong> Hydrauli\u00f6ljyn painetta hy\u00f6dynt\u00e4v\u00e4t n\u00e4m\u00e4 sylinterit tarjoavat tasaisen ulos- ja sis\u00e4\u00e4nvedon. Ne reagoivat nopeasti komentoihin ja tuottavat suuren veto- ja ty\u00f6nt\u00f6voiman, mik\u00e4 on v\u00e4ltt\u00e4m\u00e4t\u00f6nt\u00e4 raskaiden esineiden k\u00e4sittelyss\u00e4 ja monimutkaisissa teht\u00e4viss\u00e4.<\/li>\n<li><strong>Erilaisia \u200b\u200btyyppej\u00e4:<\/strong> N\u00e4it\u00e4 sylintereit\u00e4 on saatavana yksitoimisina (hydraulisesti yhteen suuntaan) tai kaksitoimisina (molempiin suuntiin), ja ne voidaan r\u00e4\u00e4t\u00e4l\u00f6id\u00e4 vastaamaan tiettyj\u00e4 k\u00e4ytt\u00f6tarpeita. Tietyt mallit ovat teleskooppisia, mik\u00e4 mahdollistaa suuremman jatkeen ilman ulkomittojen kasvua, mik\u00e4 on ihanteellista ahtaissa tiloissa.<\/li>\n<li><strong>Vankka rakenne:<\/strong> Puomisylinterin suunnittelussa on otettu huomioon raskaan k\u00e4yt\u00f6n tiukat vaatimukset, mik\u00e4 varmistaa luotettavuuden ja optimaalisen suorituskyvyn erilaisissa k\u00e4ytt\u00f6olosuhteissa.<\/li>\n<li><strong>Helppo integrointi:<\/strong> Puomisylinterimme voi saumattomasti korvata olemassa olevat hydraulisylinterit, mik\u00e4 varmistaa yhteensopivuuden ja vaivattoman asennuksen.<\/li>\n<\/ul>\n<p><img decoding=\"async\" src=\"https:\/\/www.hydraulic-cylinders.net\/wp-content\/uploads\/2025\/04\/songte-cylinder-head-with-all-kinds-excavator-models.webp\" alt=\"Kaivinkonemallit\" \/><\/p>\n<h2>Puomisylinterin sovellukset<\/h2>\n<h3>Rakennuslaitteet<\/h3>\n<p>Rakennuskoneissa puomin sylinteri on ratkaisevan t\u00e4rke\u00e4 kaivinkoneissa. Sill\u00e4 on merkitt\u00e4v\u00e4 rooli kaivamisessa, lastaamisessa ja maaper\u00e4n tai roskien siirt\u00e4misess\u00e4. Sen tuottama hydraulinen teho mahdollistaa kaivinkoneen n\u00e4iden teht\u00e4vien tehokkaan suorittamisen, mik\u00e4 tekee siit\u00e4 v\u00e4ltt\u00e4m\u00e4tt\u00f6m\u00e4n ty\u00f6kalun mill\u00e4 tahansa ty\u00f6maalla. Kaivurikuormaajissa kauhan sylinteri auttaa sek\u00e4 kaivut\u00f6iss\u00e4 ett\u00e4 nostotoiminnoissa, mik\u00e4 tarjoaa monipuolisuutta erilaisten materiaalien k\u00e4sittelyss\u00e4.<\/p>\n<h3>Maatalouskoneet<\/h3>\n<p>Maatalouskoneissa puomin sylinteri\u00e4 k\u00e4ytet\u00e4\u00e4n usein etukuormaajissa. N\u00e4iss\u00e4 koneissa se vastaa maan, hein\u00e4n ja muiden materiaalien kauhaamisesta, nostamisesta ja kuljettamisesta. Hydraulinen toiminta mahdollistaa raskaiden nostojen suorittamisen helposti, mik\u00e4 tehostaa toimintaa maatiloilla ja maatalousymp\u00e4rist\u00f6iss\u00e4.<\/p>\n<h3>Kaivinkoneet<\/h3>\n<p>Kaivinkoneissa puomin sylinteri helpottaa kaivamista antamalla kauhan tunkeutua tehokkaasti maaper\u00e4\u00e4n. T\u00e4m\u00e4 hydraulinen toiminto on v\u00e4ltt\u00e4m\u00e4t\u00f6n erilaisten kaivut\u00f6iden suorittamisessa ojituksesta perustusten kaivamiseen, varmistaen, ett\u00e4 kuljettajat voivat saavuttaa tarkkoja ja tehokkaita kaivuliikkeit\u00e4.<\/p>\n<h3>Kuormaajat<\/h3>\n<p>Etukuormaajissa puomisylinterit auttavat materiaalien tehokkaassa nostamisessa ja tyhjent\u00e4misess\u00e4. T\u00e4m\u00e4 toiminto on ratkaisevan t\u00e4rke\u00e4 esimerkiksi kuorma-autojen lastaamisessa tai ty\u00f6maiden raivauksessa, joissa tehokas materiaalink\u00e4sittely voi vaikuttaa merkitt\u00e4v\u00e4sti tuottavuuteen.<\/p>\n<h2>Suunnittelun\u00e4k\u00f6kohdat ja valintastandardit<\/h2>\n<h3>Kantavuus<\/h3>\n<p>Puomisylinteri\u00e4 suunniteltaessa kuormituskapasiteetti on ensisijainen huomioitava seikka. Sylinterin on kestett\u00e4v\u00e4 sen nostamiseen tai siirt\u00e4miseen k\u00e4ytt\u00e4m\u00e4 enimm\u00e4ispaino. Riitt\u00e4m\u00e4tt\u00f6m\u00e4n kuormituskapasiteetin omaava sylinteri voi pett\u00e4\u00e4 paineen alla, mik\u00e4 johtaa laitevaurioihin tai vaarallisiin ty\u00f6olosuhteisiin. Siksi valmistajat suorittavat usein tiukkoja testej\u00e4 varmistaakseen, ett\u00e4 heid\u00e4n tuotteensa t\u00e4ytt\u00e4v\u00e4t tai ylitt\u00e4v\u00e4t vaaditut kuormitusvaatimukset.<\/p>\n<h3>Tiivistys<\/h3>\n<p>Tiivistys on toinen hydraulisylinterin suunnittelun t\u00e4rke\u00e4 osa. Tehokkaat tiivisteet est\u00e4v\u00e4t hydraulinesteen vuotamisen, mik\u00e4 voi heikent\u00e4\u00e4 tehokkuutta ja johtaa hydraulij\u00e4rjestelm\u00e4n vikaantumiseen. Korkealaatuiset tiivisteet ovat v\u00e4ltt\u00e4m\u00e4tt\u00f6mi\u00e4 paineen yll\u00e4pit\u00e4miseksi ja sylinterin pitk\u00e4ik\u00e4isyyden varmistamiseksi. Kest\u00e4vyyden ja kulumiskest\u00e4vyyden parantamiseksi k\u00e4ytet\u00e4\u00e4n erilaisia \u200b\u200bmateriaaleja, kuten polyuretaania ja nitriilikumia.<\/p>\n<h3>Kest\u00e4vyys<\/h3>\n<p>Kest\u00e4vyys on keskeinen tekij\u00e4 puomisylinterin suunnittelussa. Koska sylinterit toimivat vaativissa olosuhteissa, ne on valmistettava materiaaleista, jotka kest\u00e4v\u00e4t kulumista, korroosiota ja v\u00e4symist\u00e4. Valmistajat k\u00e4ytt\u00e4v\u00e4t usein edistyneit\u00e4 materiaaleja ja pinnoitteita parantaakseen tuotteidensa k\u00e4ytt\u00f6ik\u00e4\u00e4 ja varmistaakseen, ett\u00e4 ne toimivat erilaisissa ymp\u00e4rist\u00f6olosuhteissa.<\/p>\n<h3>Turvallisuus<\/h3>\n<p>Turvallisuusn\u00e4k\u00f6kohdat ovat ensiarvoisen t\u00e4rkeit\u00e4 hydraulisylintereiden suunnittelussa. Paineenalennusventtiilien ja vikasietomekanismien kaltaiset ominaisuudet ovat ratkaisevan t\u00e4rkeit\u00e4 \u00e4killisten painepiikin tai sylinterin vikaantumisen aiheuttamien onnettomuuksien est\u00e4miseksi. Valmistajien on noudatettava turvallisuusstandardeja ja -m\u00e4\u00e4r\u00e4yksi\u00e4 varmistaakseen, ett\u00e4 heid\u00e4n tuotteensa ovat turvallisia k\u00e4ytt\u00e4\u00e4 raskaissa koneissa.<\/p>\n<h3>Huolto<\/h3>\n<p>Huolto on olennainen osa puomisylinterin suunnittelua. Helppo p\u00e4\u00e4sy komponentteihin huoltoa ja korjauksia varten voi merkitt\u00e4v\u00e4sti v\u00e4hent\u00e4\u00e4 seisokkiaikaa ja yll\u00e4pitokustannuksia. Valmistajat suunnittelevat usein sylintereit\u00e4 ominaisuuksilla, jotka mahdollistavat suoraviivaiset tarkastukset ja huollon, mik\u00e4 varmistaa pitk\u00e4aikaisen luotettavuuden ja suorituskyvyn.<\/p>\n<p><img decoding=\"async\" src=\"https:\/\/www.hydraulic-cylinders.net\/wp-content\/uploads\/2025\/04\/songte-oil-pipes-and-spare-parts.webp\" alt=\"\u00d6ljyputket ja varaosat\" \/><\/p>\n<h2>Tiivistys ja voitelu<\/h2>\n<p>Tehokas tiivistys ja voitelu ovat elint\u00e4rkeit\u00e4 hydraulisylinterien suorituskyvyn ja pitk\u00e4n k\u00e4ytt\u00f6i\u00e4n kannalta. Erilaiset tiivistyskomponentit, kuten m\u00e4nn\u00e4ntiivisteet ja varren tiivisteet, ovat v\u00e4ltt\u00e4m\u00e4tt\u00f6mi\u00e4 hydraulinesteen vuotojen est\u00e4miseksi. Tiivistemateriaalien, kuten polyuretaanin ja nitriilikumin, valinnalla on merkitt\u00e4v\u00e4 rooli kokonaiskest\u00e4vyyden ja kulutuskest\u00e4vyyden kannalta.<\/p>\n<p>Sylinterin runko ja kierteitetyt p\u00e4\u00e4typinnat koneistetaan tarkasti kulutuskest\u00e4vyyden parantamiseksi ja sen varmistamiseksi, ett\u00e4 sylinteri s\u00e4ilytt\u00e4\u00e4 eheytens\u00e4 ajan kuluessa. S\u00e4\u00e4nn\u00f6llinen voitelu hydrauliikka\u00f6ljyll\u00e4 on v\u00e4ltt\u00e4m\u00e4t\u00f6nt\u00e4, koska se v\u00e4hent\u00e4\u00e4 kitkaa ja est\u00e4\u00e4 sis\u00e4isten osien kulumista optimoiden sylinterin toiminnan.<\/p>\n<h2>S\u00e4\u00e4nn\u00f6llinen huolto ja ennaltaehk\u00e4isev\u00e4t toimenpiteet<\/h2>\n<ul>\n<li><strong>Rutiinitarkastukset:<\/strong> Puomisylinterin s\u00e4\u00e4nn\u00f6lliset tarkastukset ovat v\u00e4ltt\u00e4m\u00e4tt\u00f6mi\u00e4 mahdollisten ongelmien tunnistamiseksi ennen niiden pahenemista. K\u00e4ytt\u00e4jien tulee tarkistaa kulumisen, vuotojen tai vaurioiden merkit ja puuttua n\u00e4ihin ongelmiin viipym\u00e4tt\u00e4 optimaalisen suorituskyvyn yll\u00e4pit\u00e4miseksi.<\/li>\n<li><strong>Oikea voitelu:<\/strong> Sylinterin riitt\u00e4v\u00e4 voitelu on ratkaisevan t\u00e4rke\u00e4\u00e4 sujuvan toiminnan kannalta. K\u00e4ytt\u00e4jien tulee noudattaa valmistajan suosituksia voiteluv\u00e4leist\u00e4 ja k\u00e4ytt\u00e4\u00e4 oikeanlaista hydrauli\u00f6ljy\u00e4 liiallisen kulumisen est\u00e4miseksi.<\/li>\n<li><strong>Tiivisteen vaihto:<\/strong> Ajan my\u00f6t\u00e4 tiivisteet voivat heiket\u00e4 ja ne on vaihdettava. Tiivisteiden s\u00e4\u00e4nn\u00f6llinen tarkistaminen kulumisen merkkien varalta voi auttaa est\u00e4m\u00e4\u00e4n vuotoja ja yll\u00e4pit\u00e4m\u00e4\u00e4n hydraulij\u00e4rjestelm\u00e4n tehokkuutta. K\u00e4ytt\u00e4j\u00e4n tulee olla valmis vaihtamaan tiivisteet osana rutiinihuoltoa.<\/li>\n<\/ul>\n<h2>Asennusohjeet<\/h2>\n<p>Puomisylinterin oikea asennus on elint\u00e4rke\u00e4\u00e4 sen suorituskyvyn ja pitk\u00e4n k\u00e4ytt\u00f6i\u00e4n kannalta. Aloita varmistamalla, ett\u00e4 kiinnityspinnat ovat puhtaat ja roskattomat. Kohdista sylinteri oikein kiinnityspisteisiin k\u00e4ytt\u00e4m\u00e4ll\u00e4 sopivia asennuskiinnikkeit\u00e4 kiinnitt\u00e4\u00e4ksesi sen paikalleen. Kun sylinteri on kohdistettu, kirist\u00e4 kiinnityspultit tasaisesti, jotta sylinteriin ei kohdistu rasitusta.<\/p>\n<p>Kiinnit\u00e4 huomiota hydrauliliit\u00e4nt\u00f6ihin ja varmista, ett\u00e4 ne ovat oikein asennettuja ja vuotamattomia. Asennuksen j\u00e4lkeen suorita painekoe varmistaaksesi, ett\u00e4 hydraulij\u00e4rjestelm\u00e4 toimii oikein. Tarkista asennus s\u00e4\u00e4nn\u00f6llisesti kulumisen tai linjausvirheiden varalta, sill\u00e4 pienetkin poikkeamat voivat ajan my\u00f6t\u00e4 johtaa merkitt\u00e4viin suorituskykyongelmiin.<\/p>\n<h2>Huoltoteht\u00e4v\u00e4t<\/h2>\n<ul>\n<li><strong>S\u00e4\u00e4nn\u00f6lliset tarkastukset:<\/strong> Aikatauluta s\u00e4\u00e4nn\u00f6lliset tarkastukset puomisylinterin kunnon arvioimiseksi. Etsi merkkej\u00e4 kulumisesta, korroosiosta tai hydraulinesteen vuodoista. Ongelmien varhainen tunnistaminen voi est\u00e4\u00e4 merkitt\u00e4v\u00e4mpi\u00e4 ongelmia my\u00f6hemmin.<\/li>\n<li><strong>Asianmukainen voitelu:<\/strong> Varmista, ett\u00e4 sylinteri on voideltu valmistajan ohjeiden mukaisesti. K\u00e4yt\u00e4 korkealaatuista hydrauliikka\u00f6ljy\u00e4 ja pid\u00e4 \u00f6ljytaso oikeana kitkan ja kulumisen minimoimiseksi.<\/li>\n<li><strong>Tiivisteiden vaihto ja kalibrointitarkastukset:<\/strong> Tarkkaile tiivisteiden kulumista ja vaihda ne tarvittaessa. Kalibrointitarkastukset tulee suorittaa s\u00e4\u00e4nn\u00f6llisesti sen varmistamiseksi, ett\u00e4 sylinteri toimii m\u00e4\u00e4riteltyjen parametrien puitteissa, mik\u00e4 parantaa kokonaistehokkuutta.<\/li>\n<\/ul>\n<h2>Turvallisuusn\u00e4k\u00f6kohdat ja ymp\u00e4rist\u00f6tekij\u00e4t<\/h2>\n<p>Puomisylinterin kaltaisia \u200b\u200bhydraulisylintereit\u00e4 k\u00e4ytett\u00e4ess\u00e4 on t\u00e4rke\u00e4\u00e4 asettaa turvatoimenpiteet etusijalle. K\u00e4ytt\u00e4j\u00e4t tulee kouluttaa oikeisiin k\u00e4sittelytekniikoihin onnettomuusriskin minimoimiseksi. Varmista aina, ett\u00e4 suojavarusteita k\u00e4ytet\u00e4\u00e4n k\u00e4yt\u00f6n aikana, ja noudata kaikkia turvallisuusm\u00e4\u00e4r\u00e4yksi\u00e4 sek\u00e4 henkil\u00f6st\u00f6n ett\u00e4 laitteiden suojaamiseksi. Lis\u00e4ksi on otettava huomioon ymp\u00e4rist\u00f6tekij\u00e4t, kuten k\u00e4ytt\u00f6olosuhteet ja mahdolliset vaarat, jotka voivat vaikuttaa hydraulij\u00e4rjestelm\u00e4n suorituskykyyn.<\/p>\n<h2>Vianm\u00e4\u00e4ritys ja yleiset ongelmat<\/h2>\n<ul>\n<li><strong>Vuoto:<\/strong> Yksi yleinen ongelma on vuoto, joka voi johtua kuluneista tiivisteist\u00e4 tai virheellisest\u00e4 asennuksesta. Vianm\u00e4\u00e4rityksess\u00e4 tarkasta tiivisteet ja liitokset kulumisen tai vaurioiden varalta ja vaihda ne tarvittaessa.<\/li>\n<li><strong>Heikentynyt suorituskyky:<\/strong> Jos puomin sylinterin teho tai reagointikyky on heikentynyt, se voi viitata alhaiseen hydrauliikka\u00f6ljyn tasoon tai likaantumiseen. Tarkista \u00f6ljyn tasot ja laatu ja vaihda tarvittaessa suorituskyvyn palauttamiseksi.<\/li>\n<li><strong>Ep\u00e4tavallinen melu:<\/strong> K\u00e4yt\u00f6n aikana kuuluvat oudot \u00e4\u00e4net viittaavat usein mekaanisiin ongelmiin. Tarkista sylinteri kulumisen tai sis\u00e4isten vaurioiden varalta ja korjaa n\u00e4m\u00e4 ongelmat viipym\u00e4tt\u00e4 lis\u00e4ongelmien v\u00e4ltt\u00e4miseksi.<\/li>\n<\/ul>\n<h2>Vianm\u00e4\u00e4ritysvinkkej\u00e4<\/h2>\n<p>Puomisylinterin ongelmien tehokkaaseen diagnosointiin ja ratkaisemiseen kannattaa ottaa huomioon seuraavat vianm\u00e4\u00e4ritysvinkit: tunnista mahdolliset vuodot ja vaihda kuluneet tiivisteet viipym\u00e4tt\u00e4, pid\u00e4 nestetasot oikein suorituskyvyn heikkenemisen est\u00e4miseksi ja tarkista sylinteri s\u00e4\u00e4nn\u00f6llisesti kulumisen tai vaurioiden varalta. Toteuta ennaltaehk\u00e4isevi\u00e4 toimenpiteit\u00e4, kuten rutiinihuolto ja asianmukainen k\u00e4ytt\u00e4jien koulutus, tulevien ongelmien riskin minimoimiseksi.<\/p>\n<p><img decoding=\"async\" src=\"https:\/\/www.hydraulic-cylinders.net\/wp-content\/uploads\/2025\/04\/songte-bushings-with-all-kinds-of-excavator-models.webp\" alt=\"Kaivinkonemallien holkit\" \/><\/p>\n<h2>Yrityksen yleiskatsaus<\/h2>\n<p>Olemme johtava hydraulisten sylinterien vaihto-osien valmistaja, joka tarjoaa kattavan valikoiman tuotteita sek\u00e4 kotimaisille ett\u00e4 kansainv\u00e4lisille markkinoille. Sitoutumisemme huippulaatuun n\u00e4kyy hienostuneissa valmistusprosesseissamme, joita tukevat edistynyt teknologia ja ammattitaitoiset ammattilaiset. Parannamme jatkuvasti valmistuskapasiteettiamme vastataksemme monipuolisiin asiakastarpeisiin korkealla tehokkuudella, tarkkuudella ja laadulla.<\/p>\n<p>Yrityksemme on ylpe\u00e4 r\u00e4\u00e4t\u00e4l\u00f6ityjen palveluiden, kansainv\u00e4listen sertifikaattien ja vankan j\u00e4lkimarkkinointituen tarjoamisesta. Huippuluokan tuotantolaitteemme ja huolelliset laadunvalvontatoimenpiteemme varmistavat, ett\u00e4 jokainen tuote t\u00e4ytt\u00e4\u00e4 korkeimmat standardit. Keskittym\u00e4ll\u00e4 vahvasti innovaatioihin ja asiakastyytyv\u00e4isyyteen olemme omistautuneet tarjoamaan ratkaisuja, jotka tehostavat asiakkaidemme toimintaa.<\/p>\n<p><img decoding=\"async\" src=\"https:\/\/www.hydraulic-cylinders.net\/wp-content\/uploads\/2025\/04\/songte-company-4.webp\" alt=\"Yrityksen yleiskatsaus\" \/><br \/>\n<img decoding=\"async\" src=\"https:\/\/www.hydraulic-cylinders.net\/wp-content\/uploads\/2025\/04\/songte-company-3.webp\" alt=\"Yrityksen laitteet\" \/><\/p>\n<p>Kirjoittaja: lyl<\/p>","protected":false},"excerpt":{"rendered":"<p>Boom Cylinder For Case Middle Excavator CX21B-EM Understanding Boom Cylinders The Boom Cylinder for Case Middle Excavator CX21B-EM is a vital component of hydraulic systems used in heavy machinery. These hydraulic cylinders are specifically designed to control the movement of buckets in excavators, backhoe loaders, and front loaders. They enable the bucket to lift, lower, [&hellip;]<\/p>","protected":false},"featured_media":17872,"comment_status":"open","ping_status":"closed","template":"","meta":{"_et_pb_use_builder":"","_et_pb_old_content":"","_et_gb_content_width":""},"product_brand":[],"product_cat":[1546],"product_tag":[1547,1496],"class_list":{"0":"post-19443","1":"product","2":"type-product","3":"status-publish","4":"has-post-thumbnail","6":"product_cat-boom-cylinders","7":"product_tag-boom-cylinders","8":"product_tag-hydraulic-cylinders","10":"first","11":"instock","12":"shipping-taxable","13":"product-type-simple"},"amp_enabled":true,"_links":{"self":[{"href":"https:\/\/www.hydraulic-cylinders.net\/fi\/wp-json\/wp\/v2\/product\/19443","targetHints":{"allow":["GET"]}}],"collection":[{"href":"https:\/\/www.hydraulic-cylinders.net\/fi\/wp-json\/wp\/v2\/product"}],"about":[{"href":"https:\/\/www.hydraulic-cylinders.net\/fi\/wp-json\/wp\/v2\/types\/product"}],"replies":[{"embeddable":true,"href":"https:\/\/www.hydraulic-cylinders.net\/fi\/wp-json\/wp\/v2\/comments?post=19443"}],"wp:featuredmedia":[{"embeddable":true,"href":"https:\/\/www.hydraulic-cylinders.net\/fi\/wp-json\/wp\/v2\/media\/17872"}],"wp:attachment":[{"href":"https:\/\/www.hydraulic-cylinders.net\/fi\/wp-json\/wp\/v2\/media?parent=19443"}],"wp:term":[{"taxonomy":"product_brand","embeddable":true,"href":"https:\/\/www.hydraulic-cylinders.net\/fi\/wp-json\/wp\/v2\/product_brand?post=19443"},{"taxonomy":"product_cat","embeddable":true,"href":"https:\/\/www.hydraulic-cylinders.net\/fi\/wp-json\/wp\/v2\/product_cat?post=19443"},{"taxonomy":"product_tag","embeddable":true,"href":"https:\/\/www.hydraulic-cylinders.net\/fi\/wp-json\/wp\/v2\/product_tag?post=19443"}],"curies":[{"name":"wp","href":"https:\/\/api.w.org\/{rel}","templated":true}]}}