{"id":19444,"date":"2025-04-07T06:47:49","date_gmt":"2025-04-07T06:47:49","guid":{"rendered":"https:\/\/www.hydraulic-cylinders.net\/product\/boom-cylinder-for-case-middle-excavator-cx220b\/"},"modified":"2025-04-07T06:47:52","modified_gmt":"2025-04-07T06:47:52","slug":"boom-cylinder-for-case-middle-excavator-cx220b","status":"publish","type":"product","link":"https:\/\/www.hydraulic-cylinders.net\/fi\/tuote\/boom-cylinder-for-case-middle-excavator-cx220b\/","title":{"rendered":"Puomin sylinteri Case Middle -kaivukoneeseen CX220B"},"content":{"rendered":"<h1>Puomin sylinteri Case Middle -kaivukoneeseen CX220B<\/h1>\n<h2>Tuotteen yleiskatsaus<\/h2>\n<p>Case Middle Excavator CX220B -kaivukoneen puomin sylinteri on erikoishydraulinen sylinteri, joka on suunniteltu ohjaamaan kaivinkoneiden puomin liikett\u00e4. T\u00e4m\u00e4 olennainen osa mahdollistaa puomin nostamisen, laskemisen ja kallistumisen, mik\u00e4 helpottaa erilaisia \u200b\u200bmateriaalink\u00e4sittelyteht\u00e4vi\u00e4 rakennus- ja kaivuut\u00f6iss\u00e4.<\/p>\n<p>Hydraulisylintereill\u00e4, erityisesti kauhan sylintereill\u00e4, on ratkaiseva rooli raskaiden koneiden hydraulij\u00e4rjestelmiss\u00e4. Muuntamalla hydraulinesteen paineen mekaaniseksi voimaksi ne tarjoavat raskaissa teht\u00e4viss\u00e4 tarvittavaa lujuutta ja tarkkuutta. Puomin sylinteri varmistaa, ett\u00e4 kaivinkone voi suorittaa teht\u00e4v\u00e4ns\u00e4 tehokkaasti niin kaivamisessa, nostamisessa kuin materiaalien siirt\u00e4misess\u00e4kin.<\/p>\n<p><img decoding=\"async\" src=\"https:\/\/www.hydraulic-cylinders.net\/wp-content\/uploads\/2025\/04\/songte-company-1.webp\" alt=\"Puomin sylinteri\" \/><\/p>\n<h2>T\u00e4rkeimm\u00e4t ominaisuudet<\/h2>\n<ul>\n<li><strong>Korkea lujuus ja kest\u00e4vyys:<\/strong> T\u00e4m\u00e4 sylinteri on valmistettu eritt\u00e4in lujasta ter\u00e4ksest\u00e4 tai alumiinista, ja se on rakennettu kest\u00e4m\u00e4\u00e4n korkeaa painetta ja raskaita kuormia. Se mukautuu vaativiin ty\u00f6ymp\u00e4rist\u00f6ihin ja pident\u00e4\u00e4 samalla k\u00e4ytt\u00f6ik\u00e4\u00e4.<\/li>\n<li><strong>Tehokas hydraulinen k\u00e4ytt\u00f6:<\/strong> Sylinteri hy\u00f6dynt\u00e4\u00e4 hydrauli\u00f6ljyn painetta sujuvaan sis\u00e4\u00e4n- ja ulosvetoon, mik\u00e4 tarjoaa nopeat vasteet ohjauskomentoihin ja tehokkaat ty\u00f6nt\u00f6-\/vetovoimat, jotka sopivat ihanteellisesti raskaisiin ja monimutkaisiin teht\u00e4viin.<\/li>\n<li><strong>Erilaisia \u200b\u200btyyppej\u00e4:<\/strong> Saatavilla yksi- ja kaksitoimisina kokoonpanoina erilaisiin k\u00e4ytt\u00f6tarpeisiin. Tietyiss\u00e4 malleissa on teleskooppirakenne, joka mahdollistaa suuremman jatkeen ilman ulkomittojen kasvua, joten se sopii t\u00e4ydellisesti ahtaisiin sovelluksiin.<\/li>\n<li><strong>Helppo integrointi:<\/strong> Tuotteemme voivat saumattomasti korvata olemassa olevat hydraulisylinterit, mik\u00e4 varmistaa yhteensopivuuden eri kaivinkonemallien kanssa.<\/li>\n<\/ul>\n<p><img decoding=\"async\" src=\"https:\/\/www.hydraulic-cylinders.net\/wp-content\/uploads\/2025\/04\/songte-cylinder-head-with-all-kinds-excavator-models.webp\" alt=\"Kaivinkonemallit\" \/><\/p>\n<h2>Sovellukset<\/h2>\n<h3>Rakennuslaitteet<\/h3>\n<p>Kaivinkoneissa puomisylinterit ovat kriittisi\u00e4 kaivamisessa, lastaamisessa ja maaper\u00e4n tai roskien siirt\u00e4misess\u00e4. Ne varmistavat tehokkaaseen kaivamiseen ja nostamiseen tarvittavan tarkan ohjauksen, mik\u00e4 tekee niist\u00e4 korvaamattomia rakennusprojekteissa. N\u00e4iden hydraulisylinterien tehokkuus vaikuttaa suoraan koneen toiminnan nopeuteen ja tehokkuuteen.<\/p>\n<h3>Maatalouskoneet<\/h3>\n<p>Etukuormaajissa puomisylintereit\u00e4 k\u00e4ytet\u00e4\u00e4n maan, hein\u00e4n ja muiden materiaalien kauhaukseen, nostamiseen ja kuljettamiseen. Niiden kest\u00e4v\u00e4 rakenne mahdollistaa raskaiden kuormien tehokkaan k\u00e4sittelyn, mik\u00e4 lis\u00e4\u00e4 maataloustoiminnan tuottavuutta.<\/p>\n<h3>Kaivuty\u00f6t<\/h3>\n<p>Kaivinkoneissa kauhan sylinterit mahdollistavat puomin tehokkaan tunkeutumisen maahan, mik\u00e4 helpottaa kaivuprosessia. T\u00e4m\u00e4 ominaisuus on ratkaisevan t\u00e4rke\u00e4 rakennus-, maisemointi- ja kaivosteollisuudessa, joissa tarkkuus ja teho ovat v\u00e4ltt\u00e4m\u00e4tt\u00f6mi\u00e4 onnistuneelle toiminnalle.<\/p>\n<h3>Loader-sovellukset<\/h3>\n<p>Etukuormaajissa puomisylinterit auttavat materiaalien tehokkaassa nostamisessa ja tyhjent\u00e4misess\u00e4. Niiden rakenne mahdollistaa maksimaalisen ulottuvuuden ja hallinnan, mik\u00e4 varmistaa, ett\u00e4 kuormaaja pystyy k\u00e4sittelem\u00e4\u00e4n erilaisia \u200b\u200bmateriaaleja helposti, mik\u00e4 parantaa ty\u00f6nkulkua ja tuottavuutta.<\/p>\n<h2>Suunnittelun\u00e4k\u00f6kohdat<\/h2>\n<h3>Kantavuus<\/h3>\n<p>Puomin sylinterin suunnittelun on heijastettava sen kuormituskyky\u00e4 turvallisen ja tehokkaan toiminnan varmistamiseksi. Hyvin suunniteltu sylinteri kest\u00e4\u00e4 k\u00e4yt\u00f6n aikana ilmenev\u00e4t voimat ilman vikaantumisriski\u00e4. Insin\u00f6\u00f6rit ottavat huomioon tekij\u00e4t, kuten materiaalin lujuuden ja sylinterin mitat, t\u00e4ytt\u00e4\u00e4kseen erityiset kuormitusvaatimukset.<\/p>\n<h3>Tiivisteen eheys<\/h3>\n<p>Tiivisteiden eheys on elint\u00e4rke\u00e4\u00e4 hydraulisylintereille. Tiivisteiden on estett\u00e4v\u00e4 hydraulinesteen vuodot ja samalla minimoitava kitka. Oikeiden materiaalien, kuten polyuretaanin ja nitriilikumin, valinta parantaa kest\u00e4vyytt\u00e4 ja suorituskyky\u00e4 paineen alla, mik\u00e4 osaltaan vaikuttaa hydraulij\u00e4rjestelmien kokonaistehokkuuteen.<\/p>\n<h3>Kest\u00e4vyys<\/h3>\n<p>Kest\u00e4vyys on kriittinen tekij\u00e4 hydraulisylintereiden suunnittelussa. K\u00e4ytettyjen materiaalien on kestett\u00e4v\u00e4 kulumista ja korroosiota pitk\u00e4n k\u00e4ytt\u00f6i\u00e4n varmistamiseksi, erityisesti ankarissa olosuhteissa. Suunnittelussa tulisi olla ominaisuuksia, jotka parantavat kest\u00e4vyytt\u00e4 ulkoisille tekij\u00f6ille ja mekaaniselle rasitukselle.<\/p>\n<h3>Turvaominaisuudet<\/h3>\n<p>Turvallisuus on hydraulisylinterien suunnittelussa ensiarvoisen t\u00e4rke\u00e4\u00e4. Ominaisuudet, kuten paineenalennusventtiilit ja ylikuormitussuojamekanismit, est\u00e4v\u00e4t mahdolliset vaarat k\u00e4yt\u00f6n aikana. S\u00e4\u00e4nn\u00f6lliset huoltotarkastukset edist\u00e4v\u00e4t my\u00f6s turvallista toimintaa varmistamalla, ett\u00e4 sylinterit toimivat m\u00e4\u00e4riteltyjen rajojen sis\u00e4ll\u00e4.<\/p>\n<h3>Yll\u00e4pidett\u00e4vyys<\/h3>\n<p>Suunnittelussa tulisi keskitty\u00e4 my\u00f6s huollettavuuteen. T\u00e4h\u00e4n sis\u00e4ltyy helppo p\u00e4\u00e4sy tarkastuksia ja korjauksia varten sek\u00e4 varaosien saatavuus. Hyvin suunniteltu sylinteri mahdollistaa suoraviivaisen huollon, mik\u00e4 minimoi seisokkiajat ja maksimoi tuottavuuden.<\/p>\n<p><img decoding=\"async\" src=\"https:\/\/www.hydraulic-cylinders.net\/wp-content\/uploads\/2025\/04\/songte-oil-pipes-and-spare-parts.webp\" alt=\"\u00d6ljyputket ja varaosat\" \/><\/p>\n<h2>Tiivistys ja voitelu<\/h2>\n<p>Tehokas tiivistys ja voitelu ovat v\u00e4ltt\u00e4m\u00e4tt\u00f6mi\u00e4 hydraulisylinterien suorituskyvyn ja pitk\u00e4ik\u00e4isyyden kannalta. Erilaisia \u200b\u200btiivisteit\u00e4, kuten m\u00e4nn\u00e4ntiivisteit\u00e4 ja varren tiivisteit\u00e4, k\u00e4ytet\u00e4\u00e4n est\u00e4m\u00e4\u00e4n nestevuotoja. Kulutusta kest\u00e4vist\u00e4 materiaaleista, kuten polyuretaanista ja nitriilikumista, valmistetut tiivisteet varmistavat luotettavan suorituskyvyn ajan kuluessa.<\/p>\n<p>Sylinterin runko ja kierteitetyt p\u00e4\u00e4typinnat viimeistell\u00e4\u00e4n tarkasti kulutuskest\u00e4vyyden parantamiseksi. S\u00e4\u00e4nn\u00f6llinen voitelu hydrauliikka\u00f6ljyll\u00e4 on v\u00e4ltt\u00e4m\u00e4t\u00f6nt\u00e4 optimaalisen suorituskyvyn yll\u00e4pit\u00e4miseksi, mik\u00e4 v\u00e4hent\u00e4\u00e4 liikkuvien osien kitkaa ja kulumista.<\/p>\n<h2>Ennaltaehk\u00e4isev\u00e4t huoltotoimenpiteet<\/h2>\n<ul>\n<li><strong>S\u00e4\u00e4nn\u00f6lliset tarkastukset:<\/strong> Tee s\u00e4\u00e4nn\u00f6llisi\u00e4 silm\u00e4m\u00e4\u00e4r\u00e4isi\u00e4 tarkastuksia vuotojen, kulumisen tai vaurioiden varalta, jotta mahdolliset ongelmat voidaan tunnistaa ajoissa.<\/li>\n<li><strong>Oikea voitelu:<\/strong> Varmista, ett\u00e4 hydrauliikka\u00f6ljyn taso on oikea ja sit\u00e4 lis\u00e4t\u00e4\u00e4n tarvittaessa voitelun tehokkuuden yll\u00e4pit\u00e4miseksi.<\/li>\n<li><strong>Tiivisteen vaihto:<\/strong> Tarkkaile tiivisteiden kulumista ja vaihda ne tarvittaessa vuotojen est\u00e4miseksi ja optimaalisen suorituskyvyn yll\u00e4pit\u00e4miseksi.<\/li>\n<\/ul>\n<h2>Asennusohjeet<\/h2>\n<p>Puomin sylinterin oikea asennus on ratkaisevan t\u00e4rke\u00e4\u00e4 optimaalisen suorituskyvyn saavuttamiseksi. Noudata n\u00e4it\u00e4 ohjeita varmistaaksesi oikean asennuksen:<\/p>\n<ol>\n<li>Varmista, ett\u00e4 asennusalue on puhdas eik\u00e4 siin\u00e4 ole roskia, jotka voisivat h\u00e4irit\u00e4 sylinterin toimintaa.<\/li>\n<li>Kohdista sylinteri tarkasti puomin rakenteeseen est\u00e4\u00e4ksesi virhekohdistuksen k\u00e4yt\u00f6n aikana.<\/li>\n<li>K\u00e4yt\u00e4 sopivia kiinnitystelineit\u00e4 ja ty\u00f6kaluja sylinterin kiinnitt\u00e4miseen tukevasti ja vakauden varmistamiseksi k\u00e4yt\u00f6n aikana.<\/li>\n<li>Asennuksen j\u00e4lkeen tarkista oikeat nestetasot ja suorita koeajo varmistaaksesi oikean toiminnan.<\/li>\n<\/ol>\n<h2>Yleiset huoltoteht\u00e4v\u00e4t<\/h2>\n<ul>\n<li><strong>S\u00e4\u00e4nn\u00f6lliset tarkastukset:<\/strong> Usein tehdyill\u00e4 tarkastuksilla voidaan havaita mahdolliset ongelmat ennen kuin ne pahenevat. Etsi merkkej\u00e4 kulumisesta, vuodoista tai virheellisest\u00e4 linjauksesta.<\/li>\n<li><strong>Oikea voitelu:<\/strong> Varmista, ett\u00e4 sylinteri ja sen liikkuvat osat on voideltu riitt\u00e4v\u00e4sti kitkasta johtuvien vaurioiden est\u00e4miseksi ja toiminnan tehokkuuden yll\u00e4pit\u00e4miseksi.<\/li>\n<li><strong>Tiivisteen vaihto:<\/strong> Tarkista tiivisteiden kuluminen s\u00e4\u00e4nn\u00f6llisesti ja vaihda ne tarvittaessa hydrauliikka\u00f6ljyn vuotojen v\u00e4ltt\u00e4miseksi ja j\u00e4rjestelm\u00e4n paineen yll\u00e4pit\u00e4miseksi.<\/li>\n<\/ul>\n<h2>Turvallisuusn\u00e4k\u00f6kohdat ja ymp\u00e4rist\u00f6tekij\u00e4t<\/h2>\n<p>Turvallisuustoimenpiteiden on oltava etusijalla hydraulisylintereit\u00e4 k\u00e4ytett\u00e4ess\u00e4. K\u00e4ytt\u00e4jill\u00e4 tulee olla sertifikaatti ja koulutus kyseisten laitteiden k\u00e4ytt\u00f6\u00f6n asianmukaisen k\u00e4sittelyn varmistamiseksi. Lis\u00e4ksi ymp\u00e4rist\u00f6standardien noudattaminen on ratkaisevan t\u00e4rke\u00e4\u00e4. T\u00e4h\u00e4n sis\u00e4ltyy hydraulinesteiden vuotojen hallinta ja sen varmistaminen, ett\u00e4 kaikki j\u00e4temateriaalit h\u00e4vitet\u00e4\u00e4n vastuullisesti.<\/p>\n<h2>Vianm\u00e4\u00e4ritys ja yleiset ongelmat<\/h2>\n<ul>\n<li><strong>Vuoto-ongelmat:<\/strong> Tarkista tiivisteiden ja liitosten kuluminen; vaihda tarvittaessa.<\/li>\n<li><strong>Riitt\u00e4m\u00e4t\u00f6n voima:<\/strong> Tarkista nestetasot ja varmista, ett\u00e4 hydrauliikka\u00f6ljy\u00e4 on riitt\u00e4v\u00e4sti.<\/li>\n<li><strong>Hitaat liikkeet:<\/strong> Varmista, ett\u00e4 hydraulij\u00e4rjestelm\u00e4ss\u00e4 ei ole ilmakuplia ja ett\u00e4 pumppu toimii oikein.<\/li>\n<\/ul>\n<p>N\u00e4iden ongelmien nopea korjaaminen voi parantaa hydrauliikkaj\u00e4rjestelm\u00e4n k\u00e4ytt\u00f6ik\u00e4\u00e4 ja suorituskyky\u00e4.<\/p>\n<p><img decoding=\"async\" src=\"https:\/\/www.hydraulic-cylinders.net\/wp-content\/uploads\/2025\/04\/songte-bushings-with-all-kinds-of-excavator-models.webp\" alt=\"Kaivinkoneen holkit\" \/><\/p>\n<h2>Yrityksen yleiskatsaus<\/h2>\n<p>Olemme johtava vaihtoehtoisten hydraulisylintereiden valmistaja. Tarjoamme kattavan valikoiman tuotteita, jotka sijoittavat meid\u00e4t johtavien hydraulisylintereiden valmistajien ja tukkukauppiaiden joukkoon sek\u00e4 kotimaisilla ett\u00e4 kansainv\u00e4lisill\u00e4 markkinoilla. Sitoutumisemme huippuosaamiseen vahvistetaan omistautumisellamme korkealaatuisille valmistusk\u00e4yt\u00e4nn\u00f6ille.<\/p>\n<p>Keskittyen tarkkuusvalmistukseen, hy\u00f6dynn\u00e4mme edistynytt\u00e4 teknologiaa ja ammattitaitoisia teknikkoja parantaaksemme jatkuvasti tuotantokapasiteettiamme. Tuotteemme on suunniteltu vastaamaan monipuolisiin asiakastarpeisiin, ja niit\u00e4 tukevat kansainv\u00e4liset sertifikaatit ja r\u00e4\u00e4t\u00e4l\u00f6idyt palvelut. Laajat tuotantolaitteet ja vahva j\u00e4lkimarkkinointitukij\u00e4rjestelm\u00e4 varmistavat, ett\u00e4 t\u00e4yt\u00e4mme ja ylit\u00e4mme asiakkaiden odotukset.<\/p>\n<p><img decoding=\"async\" src=\"https:\/\/www.hydraulic-cylinders.net\/wp-content\/uploads\/2025\/04\/songte-company-4.webp\" alt=\"Yrityksen yleiskatsaus\" \/><br \/>\n<img decoding=\"async\" src=\"https:\/\/www.hydraulic-cylinders.net\/wp-content\/uploads\/2025\/04\/songte-company-3.webp\" alt=\"Yrityksen tuotanto\" \/><\/p>\n<p>Kirjoittaja: lyl<\/p>","protected":false},"excerpt":{"rendered":"<p>Boom Cylinder For Case Middle Excavator CX220B Product Overview The Boom Cylinder for Case Middle Excavator CX220B is a specialized hydraulic cylinder designed to control the movement of the boom on excavators. This essential component enables the boom to lift, lower, and tilt, facilitating various material handling tasks in construction and excavation applications. Hydraulic cylinders, [&hellip;]<\/p>","protected":false},"featured_media":17873,"comment_status":"open","ping_status":"closed","template":"","meta":{"_et_pb_use_builder":"","_et_pb_old_content":"","_et_gb_content_width":""},"product_brand":[],"product_cat":[1546],"product_tag":[1547,1496],"class_list":{"0":"post-19444","1":"product","2":"type-product","3":"status-publish","4":"has-post-thumbnail","6":"product_cat-boom-cylinders","7":"product_tag-boom-cylinders","8":"product_tag-hydraulic-cylinders","10":"first","11":"instock","12":"shipping-taxable","13":"product-type-simple"},"amp_enabled":true,"_links":{"self":[{"href":"https:\/\/www.hydraulic-cylinders.net\/fi\/wp-json\/wp\/v2\/product\/19444","targetHints":{"allow":["GET"]}}],"collection":[{"href":"https:\/\/www.hydraulic-cylinders.net\/fi\/wp-json\/wp\/v2\/product"}],"about":[{"href":"https:\/\/www.hydraulic-cylinders.net\/fi\/wp-json\/wp\/v2\/types\/product"}],"replies":[{"embeddable":true,"href":"https:\/\/www.hydraulic-cylinders.net\/fi\/wp-json\/wp\/v2\/comments?post=19444"}],"wp:featuredmedia":[{"embeddable":true,"href":"https:\/\/www.hydraulic-cylinders.net\/fi\/wp-json\/wp\/v2\/media\/17873"}],"wp:attachment":[{"href":"https:\/\/www.hydraulic-cylinders.net\/fi\/wp-json\/wp\/v2\/media?parent=19444"}],"wp:term":[{"taxonomy":"product_brand","embeddable":true,"href":"https:\/\/www.hydraulic-cylinders.net\/fi\/wp-json\/wp\/v2\/product_brand?post=19444"},{"taxonomy":"product_cat","embeddable":true,"href":"https:\/\/www.hydraulic-cylinders.net\/fi\/wp-json\/wp\/v2\/product_cat?post=19444"},{"taxonomy":"product_tag","embeddable":true,"href":"https:\/\/www.hydraulic-cylinders.net\/fi\/wp-json\/wp\/v2\/product_tag?post=19444"}],"curies":[{"name":"wp","href":"https:\/\/api.w.org\/{rel}","templated":true}]}}