{"id":19447,"date":"2025-04-07T06:48:00","date_gmt":"2025-04-07T06:48:00","guid":{"rendered":"https:\/\/www.hydraulic-cylinders.net\/product\/boom-cylinder-for-case-large-excavator-cx300b\/"},"modified":"2025-04-07T06:48:02","modified_gmt":"2025-04-07T06:48:02","slug":"boom-cylinder-for-case-large-excavator-cx300b","status":"publish","type":"product","link":"https:\/\/www.hydraulic-cylinders.net\/fi\/tuote\/boom-cylinder-for-case-large-excavator-cx300b\/","title":{"rendered":"Puomin sylinteri Case Large -kaivukoneeseen CX300B"},"content":{"rendered":"<h1>Puomin sylinteri Case Large -kaivukoneeseen CX300B<\/h1>\n<h2>Johdatus puomin sylinteriin<\/h2>\n<p>Puomin sylinteri on olennainen hydraulinen komponentti, joka on suunniteltu erityisesti raskaiden koneiden, kuten kaivinkoneiden, traktorikaivureiden ja etukuormaajien, kauhojen liikkeen ohjaamiseen. T\u00e4m\u00e4 hydraulinen sylinteri mahdollistaa kauhan nostamisen, laskemisen ja kallistumisen, mik\u00e4 helpottaa tehokasta materiaalink\u00e4sittely\u00e4. Hydraulij\u00e4rjestelmiss\u00e4 toimivat sylinterit muuntavat hydraulisen energian mekaaniseksi voimaksi, mik\u00e4 mahdollistaa tehokkaat liikkeet, joita tarvitaan erilaisissa rakennus- ja maataloussovelluksissa.<\/p>\n<p><img decoding=\"async\" src=\"https:\/\/www.hydraulic-cylinders.net\/wp-content\/uploads\/2025\/04\/songte-company-1.webp\" alt=\"Puomin sylinterin kuva\" \/><\/p>\n<h3>M\u00e4\u00e4ritelm\u00e4 ja yleiskatsaus<\/h3>\n<p>Puomisylinteri on hydraulinen sylinterityyppi, jota k\u00e4ytet\u00e4\u00e4n ensisijaisesti kaivinkoneen varren ohjaamiseen. Sen teht\u00e4v\u00e4 on ratkaisevan t\u00e4rke\u00e4, koska se mahdollistaa kauhan tarkan ja tehokkaan ohjaamisen. Puomisylinteri ojentaa ja supistaa kauhan asennon s\u00e4\u00e4t\u00e4miseksi, mik\u00e4 tekee siit\u00e4 v\u00e4ltt\u00e4m\u00e4tt\u00f6m\u00e4n teht\u00e4viss\u00e4, kuten kaivamisessa, nostamisessa ja materiaalien kuljetuksessa. N\u00e4m\u00e4 sylinterit on suunniteltu k\u00e4sittelem\u00e4\u00e4n korkeaa painetta ja raskaita kuormia, mik\u00e4 varmistaa niiden tehokkaan toiminnan my\u00f6s vaativissa ymp\u00e4rist\u00f6iss\u00e4.<\/p>\n<h2>Puomin sylinterin t\u00e4rkeimm\u00e4t ominaisuudet<\/h2>\n<ul>\n<li><strong>Korkea lujuus ja kest\u00e4vyys:<\/strong> Tyypillisesti eritt\u00e4in lujasta ter\u00e4ksest\u00e4 tai alumiinista valmistetut puomisylinterit kest\u00e4v\u00e4t korkeaa painetta ja raskaita kuormia, ja ne on suunniteltu kest\u00e4m\u00e4\u00e4n kulumista ja korroosiota sek\u00e4 pident\u00e4m\u00e4\u00e4n niiden k\u00e4ytt\u00f6ik\u00e4\u00e4.<\/li>\n<li><strong>Tehokas hydraulinen k\u00e4ytt\u00f6:<\/strong> Hydraulisen \u00f6ljynpaineen ansiosta ne mahdollistavat tasaisen ulosvedon ja sis\u00e4\u00e4nvedon, ja ne reagoivat nopeasti ohjauskomentoihin tarjoten merkitt\u00e4v\u00e4\u00e4 ty\u00f6nt\u00f6- ja vetovoimaa raskaisiin ja monimutkaisiin teht\u00e4viin.<\/li>\n<li><strong>Erilaisia \u200b\u200btyyppej\u00e4:<\/strong> N\u00e4it\u00e4 sylintereit\u00e4 on saatavilla yksi- tai kaksitoimisina kokoonpanoina, ja ne voidaan valita k\u00e4ytt\u00f6tarpeiden mukaan. Joissakin malleissa on teleskooppimaisia \u200b\u200bulottuvuuksia pidennettyin\u00e4 ilman ulkomittojen kasvua.<\/li>\n<li><strong>Mukautusvaihtoehdot:<\/strong> Tarjoamme r\u00e4\u00e4t\u00e4l\u00f6ityj\u00e4 ratkaisuja varmistaaksemme, ett\u00e4 puomin sylinteri t\u00e4ytt\u00e4\u00e4 koneen erityisvaatimukset, parantaen yhteensopivuutta ja suorituskyky\u00e4.<\/li>\n<li><strong>Helppo huolto:<\/strong> Suunniteltu helppok\u00e4ytt\u00f6iseksi, mahdollistaa helpot tarkastukset ja korjaukset, varmistaa pitk\u00e4n k\u00e4ytt\u00f6i\u00e4n ja luotettavan suorituskyvyn.<\/li>\n<\/ul>\n<h2>Puomisylinterin sovellukset<\/h2>\n<h3>Rakennuslaitteet<\/h3>\n<p>Rakennuskoneissa, kuten kaivinkoneissa, puomisylintereill\u00e4 on t\u00e4rke\u00e4 rooli maan tai roskien kaivamisessa, lastaamisessa ja siirt\u00e4misess\u00e4. Ne ovat olennainen osa koneen kyky\u00e4 suorittaa raskaita nostoteht\u00e4vi\u00e4, mink\u00e4 ansiosta k\u00e4ytt\u00e4j\u00e4t voivat k\u00e4sitell\u00e4 materiaaleja tehokkaasti ty\u00f6maalla. Puomisylintereiden tarjoama tarkkuus ja teho mahdollistavat ojien, perustusten ja muiden kriittisten maanmuokkaust\u00f6iden kaivamisen.<\/p>\n<h3>Maatalouskoneet<\/h3>\n<p>Maataloudessa etukuormaajat k\u00e4ytt\u00e4v\u00e4t puomisylintereit\u00e4 esimerkiksi maan, hein\u00e4n ja muiden materiaalien kaivamiseen, nostamiseen ja kuljettamiseen. Tarjoamalla tarvittavan nostovoiman ne mahdollistavat viljelij\u00f6iden toiminnan tehokkaamman hallinnan, mik\u00e4 lis\u00e4\u00e4 tuottavuutta ja tehokkuutta peltot\u00f6iss\u00e4.<\/p>\n<h3>Kaivinkoneet<\/h3>\n<p>Kaivinkoneissa puomin sylinteri on v\u00e4ltt\u00e4m\u00e4t\u00f6n kaivut\u00f6iden suorittamisessa. Sen avulla kauha tunkeutuu tehokkaasti maahan, mik\u00e4 helpottaa maan tai kiven kaivamista. T\u00e4m\u00e4 ominaisuus on ratkaisevan t\u00e4rke\u00e4 useissa projekteissa, kuten ty\u00f6maan valmistelussa, maisemoinnissa ja purkut\u00f6iss\u00e4.<\/p>\n<h3>Kuormaajat<\/h3>\n<p>Etukuormaajissa puomin sylinterit auttavat kuormien tehokkaassa nostamisessa ja tyhjent\u00e4misess\u00e4. Ne mahdollistavat koneen nostaa materiaaleja kuljetusta tai sijoittelua varten, mik\u00e4 parantaa lastaustoimintojen kokonaistehokkuutta rakennus- ja maisemointiteht\u00e4viss\u00e4.<\/p>\n<h2>Suunnittelun\u00e4k\u00f6kohdat ja valintakriteerit<\/h2>\n<h3>Kantavuus<\/h3>\n<p>Puomisylinteri\u00e4 valittaessa yksi t\u00e4rkeimmist\u00e4 huomioitavista tekij\u00f6ist\u00e4 on sen kuormituskapasiteetti. T\u00e4m\u00e4 spesifikaatio m\u00e4\u00e4rittelee sylinterin nostaman enimm\u00e4ispainon vaarantamatta sen rakenteellista eheytt\u00e4. On t\u00e4rke\u00e4\u00e4 ymm\u00e4rt\u00e4\u00e4 tiettyjen teht\u00e4vien kuormitusvaatimukset asianmukaisesti. Esimerkiksi rakennusty\u00f6mailla tarvitaan usein sylintereit\u00e4, jotka pystyv\u00e4t k\u00e4sittelem\u00e4\u00e4n huomattavaa painoa, mik\u00e4 edellytt\u00e4\u00e4 koneen vaatimusten perusteellista arviointia.<\/p>\n<h3>Tiivistysmekanismit<\/h3>\n<p>Tehokas tiivistys on ratkaisevan t\u00e4rke\u00e4\u00e4 hydraulinesteen vuotojen est\u00e4miseksi ja sylinterin suorituskyvyn yll\u00e4pit\u00e4miseksi. Korkealaatuisten tiivisteiden, kuten m\u00e4nn\u00e4ntiivisteiden ja varren tiivisteiden, tulisi olla valmistettu kest\u00e4vist\u00e4 materiaaleista, kuten polyuretaanista ja nitriilikumista, kest\u00e4m\u00e4\u00e4n kulumista ja ymp\u00e4rist\u00f6tekij\u00f6it\u00e4. Oikean tiivistysmekanismin varmistaminen voi v\u00e4hent\u00e4\u00e4 merkitt\u00e4v\u00e4sti yll\u00e4pitokustannuksia ja seisokkiaikoja.<\/p>\n<h3>Kest\u00e4vyys<\/h3>\n<p>Kest\u00e4vyys on toinen keskeinen tekij\u00e4 puomisylinterien suunnittelussa. Ne tulisi rakentaa kest\u00e4m\u00e4\u00e4n ankaria k\u00e4ytt\u00f6olosuhteita, kuten korkeaa painetta, \u00e4\u00e4rimm\u00e4isi\u00e4 l\u00e4mp\u00f6tiloja ja altistumista ep\u00e4puhtauksille. T\u00e4m\u00e4 kest\u00e4vyys voidaan saavuttaa luotettavien materiaalien valinnalla ja pintak\u00e4sittelyill\u00e4, jotka parantavat kulutuskest\u00e4vyytt\u00e4. Sylinterin kunnon s\u00e4\u00e4nn\u00f6llinen arviointi voi auttaa tunnistamaan mahdolliset ongelmat ennen kuin ne johtavat kalliisiin korjauksiin.<\/p>\n<h3>Turvaominaisuudet<\/h3>\n<p>Turvallisuus on hydraulij\u00e4rjestelmiss\u00e4 ensiarvoisen t\u00e4rke\u00e4\u00e4. Puomin sylinterit tulisi suunnitella ominaisuuksilla, jotka est\u00e4v\u00e4t onnettomuuksia, kuten paineenalennusventtiileill\u00e4, jotka mahdollistavat hydraulipaineen hallitun vapauttamisen j\u00e4rjestelm\u00e4n ylikuormituksen sattuessa. Turvaominaisuuksien integrointi suunnitteluun voi auttaa suojaamaan k\u00e4ytt\u00e4ji\u00e4 ja koneita, mik\u00e4 v\u00e4hent\u00e4\u00e4 onnettomuusriski\u00e4 ty\u00f6paikalla.<\/p>\n<h3>Yll\u00e4pidett\u00e4vyys<\/h3>\n<p>Helppo huolto on olennaista puomisylinterien pitk\u00e4ik\u00e4isyyden ja luotettavuuden kannalta. Hyvin suunniteltu hydraulisylinteri mahdollistaa nopean p\u00e4\u00e4syn sis\u00e4isiin komponentteihin tarkastusta, voitelua ja tarvittaessa vaihtoa varten. S\u00e4\u00e4nn\u00f6lliset huoltotarkastukset ovat elint\u00e4rkeit\u00e4 sen varmistamiseksi, ett\u00e4 kaikki osat toimivat tehokkaasti ja estet\u00e4\u00e4n odottamattomat viat k\u00e4yt\u00f6n aikana.<\/p>\n<p><img decoding=\"async\" src=\"https:\/\/www.hydraulic-cylinders.net\/wp-content\/uploads\/2025\/04\/songte-oil-pipes-and-spare-parts.webp\" alt=\"Hydrauliset osat\" \/><\/p>\n<h2>Hydraulisylinterin tiivistys ja voitelu<\/h2>\n<p>Asianmukainen tiivistys ja voitelu ovat ratkaisevan t\u00e4rkeit\u00e4 puomisylinterien tehokkaalle toiminnalle. K\u00e4ytet\u00e4\u00e4n erilaisia \u200b\u200btiivisteit\u00e4, mukaan lukien m\u00e4nn\u00e4ntiivisteit\u00e4 ja varren tiivisteit\u00e4, jotka on valmistettu kulutusta kest\u00e4vist\u00e4 materiaaleista, kuten polyuretaanista ja nitriilikumista. N\u00e4m\u00e4 materiaalit varmistavat, ett\u00e4 tiivisteet kest\u00e4v\u00e4t hydraulisen toiminnan ja ymp\u00e4rist\u00f6n rasitukset.<\/p>\n<p>Sylinterin runko ja kierteitetyt p\u00e4\u00e4typinnat k\u00e4sitell\u00e4\u00e4n hienosti kulutuskest\u00e4vyyden parantamiseksi, mik\u00e4 pident\u00e4\u00e4 hydraulij\u00e4rjestelm\u00e4n k\u00e4ytt\u00f6ik\u00e4\u00e4. On my\u00f6s t\u00e4rke\u00e4\u00e4 lis\u00e4t\u00e4 s\u00e4\u00e4nn\u00f6llisesti sopiva m\u00e4\u00e4r\u00e4 hydrauli\u00f6ljy\u00e4 voitelua varten, sill\u00e4 se auttaa yll\u00e4pit\u00e4m\u00e4\u00e4n j\u00e4rjestelm\u00e4n tehokkuutta ja est\u00e4\u00e4 ylikuumenemisen tai liiallisen kulumisen.<\/p>\n<h2>Ennaltaehk\u00e4isev\u00e4t huoltotoimenpiteet<\/h2>\n<ul>\n<li><strong>S\u00e4\u00e4nn\u00f6lliset tarkastukset:<\/strong> Tarkista hydraulisylinteri s\u00e4\u00e4nn\u00f6llisesti silm\u00e4m\u00e4\u00e4r\u00e4isesti kulumisen, vuotojen tai vaurioiden varalta. Ongelmien varhainen tunnistaminen voi auttaa ehk\u00e4isem\u00e4\u00e4n merkitt\u00e4v\u00e4mpi\u00e4 ongelmia my\u00f6hemmin.<\/li>\n<li><strong>Asianmukainen voitelu:<\/strong> Varmista, ett\u00e4 sylinteri on riitt\u00e4v\u00e4sti voideltu valmistajan ohjeiden mukaisesti. T\u00e4m\u00e4 auttaa yll\u00e4pit\u00e4m\u00e4\u00e4n sujuvaa toimintaa ja v\u00e4hent\u00e4\u00e4 kitkaa liikkuvien osien v\u00e4lill\u00e4.<\/li>\n<li><strong>Tiivisteen vaihto:<\/strong> Tarkista tiivisteiden kuluminen s\u00e4\u00e4nn\u00f6llisesti ja vaihda ne tarvittaessa. Kuluneet tiivisteet voivat johtaa nestevuotoihin ja heikent\u00e4\u00e4 hydraulij\u00e4rjestelm\u00e4n tehokkuutta.<\/li>\n<\/ul>\n<h2>Oikeat asennusohjeet<\/h2>\n<p>Puomisylinterin oikea asentaminen on elint\u00e4rke\u00e4\u00e4 sen optimaalisen suorituskyvyn kannalta. Varmista ensin, ett\u00e4 kaikki kiinnityspinnat ovat puhtaat ja roskattomat. Kohdista sylinteri oikein asennuksen aikana, jotta komponentteihin ei kohdistu tarpeetonta rasitusta.<\/p>\n<p>Sylinterin kiinnitt\u00e4miseen on t\u00e4rke\u00e4\u00e4 k\u00e4ytt\u00e4\u00e4 asianmukaisia \u200b\u200bkiinnitystelineit\u00e4, sill\u00e4 se varmistaa vakauden ja est\u00e4\u00e4 liikkumisen k\u00e4yt\u00f6n aikana. Noudata valmistajan asennusohjeita tarkasti ja kiinnit\u00e4 huomiota kiinnityspulttien kiristysmomentteihin varmistaaksesi, ett\u00e4 ne on kiristetty riitt\u00e4v\u00e4sti.<\/p>\n<p>Asennuksen j\u00e4lkeen testaa hydraulij\u00e4rjestelm\u00e4 varmistaaksesi, ett\u00e4 sylinteri toimii sujuvasti. Tarkista mahdolliset vuodot tai ep\u00e4tavalliset \u00e4\u00e4net, jotka voivat viitata asennusongelmiin. Oikea kohdistus ja turvallinen asennus pident\u00e4v\u00e4t hydraulij\u00e4rjestelm\u00e4n k\u00e4ytt\u00f6ik\u00e4\u00e4 ja tehokkuutta.<\/p>\n<h2>Yleiset huoltoteht\u00e4v\u00e4t<\/h2>\n<ul>\n<li><strong>S\u00e4\u00e4nn\u00f6lliset tarkastukset:<\/strong> Rutiinitarkastusten suorittaminen on ratkaisevan t\u00e4rke\u00e4\u00e4 mahdollisten ongelmien tunnistamiseksi ennen niiden pahenemista. Etsi kulumisen ja vaurioiden merkkej\u00e4 ja varmista, ett\u00e4 tiivisteet ja liitokset ovat ehj\u00e4t.<\/li>\n<li><strong>Asianmukainen voitelu:<\/strong> Noudata suositeltua voiteluaikataulua pit\u00e4\u00e4ksesi hydraulisylinterin oikean toiminnan. Oikea voitelu minimoi kitkan ja kulumisen varmistaen sujuvan toiminnan.<\/li>\n<li><strong>Tiivisteen vaihto:<\/strong> Tarkkaile tiivisteiden kuntoa s\u00e4\u00e4nn\u00f6llisesti ja vaihda ne heti, kun kulumisen ensimm\u00e4iset merkit n\u00e4kyv\u00e4t. T\u00e4m\u00e4 ennakoiva toimenpide auttaa yll\u00e4pit\u00e4m\u00e4\u00e4n j\u00e4rjestelm\u00e4n tehokkuutta ja ehk\u00e4isee vuotoja.<\/li>\n<\/ul>\n<p>Asennus edellytt\u00e4\u00e4 my\u00f6s sylinterin oikean kohdistuksen varmistamista rasituksen ja ennenaikaisen vikaantumisen est\u00e4miseksi. Oikeiden kiinnitystelineiden k\u00e4ytt\u00f6 voi parantaa merkitt\u00e4v\u00e4sti vakautta ja toiminnan tehokkuutta. S\u00e4\u00e4nn\u00f6lliset tarkastukset, korjaukset ja osien vaihdot pident\u00e4v\u00e4t puomisylinterin k\u00e4ytt\u00f6ik\u00e4\u00e4 ja varmistavat, ett\u00e4 se toimii edelleen parhaalla mahdollisella tavalla.<\/p>\n<p><img decoding=\"async\" src=\"https:\/\/www.hydraulic-cylinders.net\/wp-content\/uploads\/2025\/04\/songte-chushion-collar.webp\" alt=\"Tyynykaulus\" \/><\/p>\n<h2>Turvallisuusn\u00e4k\u00f6kohdat ja ymp\u00e4rist\u00f6tekij\u00e4t<\/h2>\n<p>Hydraulij\u00e4rjestelmien kanssa ty\u00f6skennelt\u00e4ess\u00e4 turvatoimenpiteet ovat olennaisia \u200b\u200bk\u00e4ytt\u00e4jien ja laitteiden suojaamiseksi. Noudata aina turvallisuusprotokollia hydraulisylintereit\u00e4 k\u00e4sitelless\u00e4si, mukaan lukien asianmukaisten henkil\u00f6nsuojainten (PPE) k\u00e4ytt\u00f6. Varmista, ett\u00e4 kaikki k\u00e4ytt\u00e4j\u00e4t ovat koulutettuja turvallisiin k\u00e4ytt\u00f6tapoihin ja ymm\u00e4rt\u00e4v\u00e4t hydraulij\u00e4rjestelmiin liittyv\u00e4t mahdolliset vaarat.<\/p>\n<p>Lis\u00e4ksi ymp\u00e4rist\u00f6n\u00e4k\u00f6kohtia ei pid\u00e4 unohtaa. Hydrauliikkanesteiden ja muiden materiaalien asianmukainen h\u00e4vitt\u00e4minen on elint\u00e4rke\u00e4\u00e4 ymp\u00e4rist\u00f6vaikutusten minimoimiseksi. Hydrauliikkaj\u00e4rjestelmien s\u00e4\u00e4nn\u00f6llinen huolto ja valvonta voivat auttaa ehk\u00e4isem\u00e4\u00e4n vuotoja ja suojella siten sek\u00e4 k\u00e4ytt\u00e4ji\u00e4 ett\u00e4 ymp\u00e4r\u00f6iv\u00e4\u00e4 ymp\u00e4rist\u00f6\u00e4.<\/p>\n<h2>Vianm\u00e4\u00e4ritys ja yleiset ongelmat<\/h2>\n<ul>\n<li><strong>Heikentynyt suorituskyky:<\/strong> Jos puomin sylinterin teho tai reagointikyky on heikentynyt, tarkista hydraulinesteen tasot, vuodot tai tukokset hydrauliletkuissa. N\u00e4m\u00e4 ongelmat voivat merkitt\u00e4v\u00e4sti haitata suorituskyky\u00e4.<\/li>\n<li><strong>Nestevuodot:<\/strong> Vuotoja voi esiinty\u00e4 kuluneiden tiivisteiden tai vaurioituneiden osien vuoksi. Tarkasta kaikki tiivisteet ja letkut s\u00e4\u00e4nn\u00f6llisesti ja vaihda vaurioituneet osat est\u00e4\u00e4ksesi lis\u00e4nesteh\u00e4vi\u00f6t.<\/li>\n<li><strong>Ep\u00e4tavalliset \u00e4\u00e4net:<\/strong> Ep\u00e4tavalliset \u00e4\u00e4net k\u00e4yt\u00f6n aikana voivat viitata sis\u00e4isiin ongelmiin, kuten kavitaatioon tai mekaaniseen kulumiseen. Tutki \u00e4\u00e4nen l\u00e4hde ja korjaa se viipym\u00e4tt\u00e4 v\u00e4ltt\u00e4\u00e4ksesi laajat vauriot.<\/li>\n<\/ul>\n<h2>Vianm\u00e4\u00e4ritysvinkkej\u00e4 ja -ratkaisuja<\/h2>\n<p>Tehokkaaseen vianm\u00e4\u00e4ritykseen kuuluu ongelmien perimm\u00e4isen syyn tunnistaminen ja ratkaisujen nopea toteuttaminen. Jos suorituskyky on heikentynyt, tarkista hydraulinesteen tasot ja ilmaa j\u00e4rjestelm\u00e4 mahdollisten ilmataskujen poistamiseksi.<\/p>\n<p>Nestevuotojen korjaamiseksi tarkasta tiivisteet ja letkut huolellisesti ja vaihda tarvittaessa kaikki kuluneet tai vaurioituneet osat. S\u00e4\u00e4nn\u00f6llinen huolto voi minimoida t\u00e4llaisten ongelmien esiintymisen. Ep\u00e4tavallisten \u00e4\u00e4nien varalta hydraulij\u00e4rjestelm\u00e4n huolellinen tarkastus voi paljastaa taustalla olevia mekaanisia ongelmia, jotka vaativat huomiota.<\/p>\n<p><img decoding=\"async\" src=\"https:\/\/www.hydraulic-cylinders.net\/wp-content\/uploads\/2025\/04\/songte-bushings-with-all-kinds-of-excavator-models.webp\" alt=\"Holkit Kuva\" \/><\/p>\n<h2>Yrityksen yleiskatsaus<\/h2>\n<p>Olemme johtava hydraulisten sylinterien vaihto-osien valmistaja, joka tarjoaa kattavan valikoiman tuotteita sek\u00e4 kotimaisille ett\u00e4 kansainv\u00e4lisille markkinoille. Sitoutumisemme huippuosaamiseen kannustaa meit\u00e4 noudattamaan korkeita laatustandardeja ja hy\u00f6dynt\u00e4m\u00e4\u00e4n samalla edistyneit\u00e4 valmistus- ja hallintastrategioita.<\/p>\n<p>Tuotantolaitoksemme hy\u00f6dynt\u00e4v\u00e4t huipputeknologiaa ja ammattitaitoista teknist\u00e4 henkil\u00f6st\u00f6\u00e4 valmistuskapasiteettimme parantamiseksi. Asetamme laadun etusijalle tuotantoprosessimme kaikissa vaiheissa varmistaaksemme, ett\u00e4 tuotteemme vastaavat asiakkaidemme monipuolisiin tarpeisiin. Vankkaa tuotantoalustaamme tukee kehittynyt laadunvalvontaj\u00e4rjestelm\u00e4, jonka avulla voimme toimittaa tehokkaita, tarkkoja ja korkealaatuisia tuotteita jatkuvasti.<\/p>\n<p>Lis\u00e4ksi tarjontaamme kuuluu r\u00e4\u00e4t\u00e4l\u00f6ityj\u00e4 ratkaisuja, jotka on r\u00e4\u00e4t\u00e4l\u00f6ity tiettyihin operatiivisiin vaatimuksiin. Vahva j\u00e4lkimarkkinointituki varmistaa asiakastyytyv\u00e4isyyden koko tuotteen elinkaaren ajan.<\/p>\n<p><img decoding=\"async\" src=\"https:\/\/www.hydraulic-cylinders.net\/wp-content\/uploads\/2025\/04\/songte-company-4.webp\" alt=\"Yrityskuva 1\" \/><br \/>\n<img decoding=\"async\" src=\"https:\/\/www.hydraulic-cylinders.net\/wp-content\/uploads\/2025\/04\/songte-company-3.webp\" alt=\"Yrityskuva 2\" \/><\/p>\n<p>Kirjoittaja: lyl<\/p>","protected":false},"excerpt":{"rendered":"<p>Boom Cylinder For Case Large Excavator CX300B Introduction to Boom Cylinder The Boom Cylinder is an essential hydraulic component designed specifically for controlling the movement of buckets in heavy machinery such as excavators, backhoes, and front loaders. This hydraulic cylinder allows the bucket to lift, lower, and tilt, facilitating efficient material handling tasks. Operating within [&hellip;]<\/p>","protected":false},"featured_media":17876,"comment_status":"open","ping_status":"closed","template":"","meta":{"_et_pb_use_builder":"","_et_pb_old_content":"","_et_gb_content_width":""},"product_brand":[],"product_cat":[1546],"product_tag":[1547,1496],"class_list":{"0":"post-19447","1":"product","2":"type-product","3":"status-publish","4":"has-post-thumbnail","6":"product_cat-boom-cylinders","7":"product_tag-boom-cylinders","8":"product_tag-hydraulic-cylinders","10":"first","11":"instock","12":"shipping-taxable","13":"product-type-simple"},"amp_enabled":true,"_links":{"self":[{"href":"https:\/\/www.hydraulic-cylinders.net\/fi\/wp-json\/wp\/v2\/product\/19447","targetHints":{"allow":["GET"]}}],"collection":[{"href":"https:\/\/www.hydraulic-cylinders.net\/fi\/wp-json\/wp\/v2\/product"}],"about":[{"href":"https:\/\/www.hydraulic-cylinders.net\/fi\/wp-json\/wp\/v2\/types\/product"}],"replies":[{"embeddable":true,"href":"https:\/\/www.hydraulic-cylinders.net\/fi\/wp-json\/wp\/v2\/comments?post=19447"}],"wp:featuredmedia":[{"embeddable":true,"href":"https:\/\/www.hydraulic-cylinders.net\/fi\/wp-json\/wp\/v2\/media\/17876"}],"wp:attachment":[{"href":"https:\/\/www.hydraulic-cylinders.net\/fi\/wp-json\/wp\/v2\/media?parent=19447"}],"wp:term":[{"taxonomy":"product_brand","embeddable":true,"href":"https:\/\/www.hydraulic-cylinders.net\/fi\/wp-json\/wp\/v2\/product_brand?post=19447"},{"taxonomy":"product_cat","embeddable":true,"href":"https:\/\/www.hydraulic-cylinders.net\/fi\/wp-json\/wp\/v2\/product_cat?post=19447"},{"taxonomy":"product_tag","embeddable":true,"href":"https:\/\/www.hydraulic-cylinders.net\/fi\/wp-json\/wp\/v2\/product_tag?post=19447"}],"curies":[{"name":"wp","href":"https:\/\/api.w.org\/{rel}","templated":true}]}}