{"id":19448,"date":"2025-04-07T06:48:04","date_gmt":"2025-04-07T06:48:04","guid":{"rendered":"https:\/\/www.hydraulic-cylinders.net\/product\/boom-cylinder-for-case-large-excavator-cx360b\/"},"modified":"2025-04-07T06:48:06","modified_gmt":"2025-04-07T06:48:06","slug":"boom-cylinder-for-case-large-excavator-cx360b","status":"publish","type":"product","link":"https:\/\/www.hydraulic-cylinders.net\/fi\/tuote\/boom-cylinder-for-case-large-excavator-cx360b\/","title":{"rendered":"Puomin sylinteri Case Large -kaivukoneeseen CX360B"},"content":{"rendered":"<h1>Puomin sylinteri Case Large -kaivukoneeseen CX360B<\/h1>\n<h2>Puomin sylinterin yleiskatsaus<\/h2>\n<p>Puomin sylinteri on kriittinen osa raskaiden koneiden hydraulij\u00e4rjestelm\u00e4ss\u00e4, erityisesti kaivinkoneissa, traktorikaivureissa ja etukuormaajissa. Sen ensisijainen teht\u00e4v\u00e4 on ohjata kauhan liikett\u00e4, jolloin se voi nostaa, laskea ja kallistua tehokkaasti. T\u00e4m\u00e4 helpottaa erilaisia \u200b\u200bmateriaalink\u00e4sittelyteht\u00e4vi\u00e4 ja on v\u00e4ltt\u00e4m\u00e4t\u00f6n osa koneen toimintaa. Kauhan sylinteri toimii hydraulisen paineen avulla, joka tarjoaa tarvittavan voiman raskaiden teht\u00e4vien suorittamiseen tarkasti ja tehokkaasti.<\/p>\n<p>Kauhasylinteri on pohjimmiltaan hydraulinen sylinteri, joka on erityisesti suunniteltu hallitsemaan raskaiden laitteiden dynaamisia toimintoja. N\u00e4iden sylinterien avulla k\u00e4ytt\u00e4j\u00e4t voivat manipuloida kauhan asentoa varmistaen optimaalisen suorituskyvyn kaivu-, lastaus- ja purkutoiminnoissa.<\/p>\n<p><img decoding=\"async\" src=\"https:\/\/www.hydraulic-cylinders.net\/wp-content\/uploads\/2025\/04\/songte-company-1.webp\" alt=\"Puomin sylinteri\"><\/p>\n<h2>Puomin sylinterin ominaisuudet<\/h2>\n<ul>\n<li><strong>Korkea lujuus ja kest\u00e4vyys:<\/strong> N\u00e4m\u00e4 sylinterit on valmistettu eritt\u00e4in lujasta ter\u00e4ksest\u00e4 tai alumiinista, ja ne kest\u00e4v\u00e4t korkeaa painetta ja raskaita kuormia, joten ne sopivat vaativiin ty\u00f6ymp\u00e4rist\u00f6ihin.<\/li>\n<li><strong>Tehokas hydraulinen k\u00e4ytt\u00f6:<\/strong> Sylinteri hy\u00f6dynt\u00e4\u00e4 hydrauli\u00f6ljyn painetta sujuvaan ulos- ja sis\u00e4\u00e4nvetoon, mik\u00e4 takaa nopean reagoinnin k\u00e4ytt\u00e4j\u00e4n komentoihin.<\/li>\n<li><strong>Erilaisia \u200b\u200btyyppej\u00e4:<\/strong> Saatavilla yksitoimisina (paine k\u00e4ytet\u00e4\u00e4n yhteen suuntaan) tai kaksitoimisina (paine k\u00e4ytet\u00e4\u00e4n molempiin suuntiin) kokoonpanoina erilaisiin k\u00e4ytt\u00f6tarpeisiin.<\/li>\n<li><strong>Tilaa s\u00e4\u00e4st\u00e4v\u00e4 suunnittelu:<\/strong> Tietyiss\u00e4 malleissa on teleskooppirakenne, joka mahdollistaa suuremman pidennysosan ilman ulkomittojen kasvua, mik\u00e4 sopii erinomaisesti ahtaisiin tiloihin.<\/li>\n<li><strong>Korroosionkest\u00e4vyys:<\/strong> Suunnittelussa on otettu huomioon kulumiskest\u00e4vyys ja korroosionkest\u00e4vyys, mik\u00e4 pident\u00e4\u00e4 sylinterin k\u00e4ytt\u00f6ik\u00e4\u00e4 haastavissa olosuhteissa.<\/li>\n<\/ul>\n<h2>Tuotantokapasiteetti<\/h2>\n<p>Valmistamme puomisylinterin, joka korvaa t\u00e4ydellisesti n\u00e4m\u00e4 hydraulisylinterit varmistaen korkean yhteensopivuuden ja suorituskyvyn. Tuotantokapasiteettimme ansiosta pystymme vastaamaan tehokkaasti markkinoiden monipuolisiin tarpeisiin.<\/p>\n<p><img decoding=\"async\" src=\"https:\/\/www.hydraulic-cylinders.net\/wp-content\/uploads\/2025\/04\/songte-cylinder-head-with-all-kinds-excavator-models.webp\" alt=\"Hydraulisylinterin tuotanto\"><\/p>\n<h2>Puomisylinterin sovellukset<\/h2>\n<h3>Rakennuslaitteet<\/h3>\n<p>Kaivinkoneissa puomisylintereill\u00e4 on t\u00e4rke\u00e4 rooli maan tai roskien kaivamisessa, lastaamisessa ja siirt\u00e4misess\u00e4. Ne tarjoavat tarvittavan voiman maan tunkeutumiseen, mik\u00e4 tekee kaivamisesta tehokasta ja tuloksellista. Kaivurikuormaajissa sylinteri auttaa sek\u00e4 kaivamisessa ett\u00e4 nostamisessa, mik\u00e4 parantaa monipuolisuutta rakennusty\u00f6mailla.<\/p>\n<h3>Maatalouskoneet<\/h3>\n<p>Etukuormaajissa puomin sylinterit ovat ratkaisevan t\u00e4rkeit\u00e4 maaper\u00e4n, hein\u00e4n ja muiden materiaalien kaivamisessa, nostamisessa ja kuljettamisessa. T\u00e4m\u00e4 toiminto on olennainen osa erilaisia \u200b\u200bmaatalousteht\u00e4vi\u00e4 ja varmistaa maataloustoiminnan tuottavuuden ja tehokkuuden.<\/p>\n<h3>Kaivinkoneet<\/h3>\n<p>Kaivinkoneissa puomin sylinteri mahdollistaa kauhan tehokkaan tunkeutumisen maaper\u00e4\u00e4n, mik\u00e4 helpottaa kaivuprosessia. T\u00e4m\u00e4 toiminto on olennainen erilaisissa kaivu- ja rakennusprojekteissa, ja se vaikuttaa suoraan tuottavuuteen.<\/p>\n<h3>Kuormaajat<\/h3>\n<p>Etukuormaajissa puomin sylinteri auttaa materiaalien tehokkaassa nostamisessa ja tyhjent\u00e4misess\u00e4. Sylinterin tasainen toiminta varmistaa, ett\u00e4 raskaat kuormat voidaan nostaa ja tyhjent\u00e4\u00e4 helposti, mik\u00e4 tehostaa materiaalink\u00e4sittely\u00e4.<\/p>\n<h2>Suunnittelun\u00e4k\u00f6kohdat<\/h2>\n<h3>Kantavuus<\/h3>\n<p>Puomisylinteri\u00e4 suunniteltaessa kuormituskapasiteetti on ratkaiseva tekij\u00e4. Sylinterin on kestett\u00e4v\u00e4 huomattavia voimia k\u00e4yt\u00f6n aikana, ja sen suunnittelussa tulisi k\u00e4ytt\u00e4\u00e4 kest\u00e4vi\u00e4 materiaaleja turvallisuuden ja luotettavuuden varmistamiseksi.<\/p>\n<h3>Tiivistys ja kest\u00e4vyys<\/h3>\n<p>Tehokas tiivistys on elint\u00e4rke\u00e4\u00e4 hydraulinesteiden vuotojen est\u00e4miseksi, jotka voivat vaarantaa suorituskyvyn ja turvallisuuden. Korkealaatuiset, kest\u00e4vist\u00e4 materiaaleista, kuten polyuretaanista ja nitriilikumista, valmistetut tiivisteet ovat v\u00e4ltt\u00e4m\u00e4tt\u00f6mi\u00e4 hydraulisen eheyden yll\u00e4pit\u00e4miseksi.<\/p>\n<h3>Turvaominaisuudet<\/h3>\n<p>Turvallisuus on ensiarvoisen t\u00e4rke\u00e4\u00e4 puomisylintereiden suunnittelussa. Paineenalennusventtiilien ja vikasietolaitteiden kaltaiset ominaisuudet ovat ratkaisevan t\u00e4rkeit\u00e4 vakavien vikojen est\u00e4miseksi k\u00e4yt\u00f6n aikana. Suunnittelun on t\u00e4ytett\u00e4v\u00e4 tiukat turvallisuusstandardit k\u00e4ytt\u00e4jien ja laitteiden suojaamiseksi.<\/p>\n<h3>Huolto ja korjattavuus<\/h3>\n<p>Suunnittelussa tulisi ottaa huomioon my\u00f6s huollon helppous. Tarkastusten ja korjausten helppo saavutettavuus voi merkitt\u00e4v\u00e4sti v\u00e4hent\u00e4\u00e4 seisokkiaikoja ja k\u00e4ytt\u00f6kustannuksia. Valmistajien tulisi antaa selke\u00e4t ohjeet huoltok\u00e4yt\u00e4nn\u00f6ist\u00e4.<\/p>\n<p><img decoding=\"async\" src=\"https:\/\/www.hydraulic-cylinders.net\/wp-content\/uploads\/2025\/04\/songte-oil-pipes-and-spare-parts.webp\" alt=\"Hydrauliset osat\"><\/p>\n<h2>Tiivistys ja voitelu<\/h2>\n<p>Useissa tiivistekomponenteissa, kuten m\u00e4nn\u00e4ntiivisteiss\u00e4 ja varren tiivisteiss\u00e4, k\u00e4ytet\u00e4\u00e4n kulumista kest\u00e4vi\u00e4 materiaaleja. Asianmukainen tiivistys varmistaa, ett\u00e4 hydraulineste pysyy sylinterin sis\u00e4ll\u00e4 est\u00e4en vuodot ja yll\u00e4pit\u00e4en paineen. Lis\u00e4ksi sylinterin runko ja kierteitetyt p\u00e4\u00e4t pintak\u00e4sitell\u00e4\u00e4n huolellisesti kulutuskest\u00e4vyyden parantamiseksi. S\u00e4\u00e4nn\u00f6llinen voitelu hydrauli\u00f6ljyll\u00e4 on v\u00e4ltt\u00e4m\u00e4t\u00f6nt\u00e4 sujuvan toiminnan ja pitk\u00e4n k\u00e4ytt\u00f6i\u00e4n varmistamiseksi.<\/p>\n<h2>Ennaltaehk\u00e4isev\u00e4t huoltotoimenpiteet<\/h2>\n<ul>\n<li><strong>S\u00e4\u00e4nn\u00f6lliset tarkastukset:<\/strong> Rutiininomaisten tarkastusten suorittaminen auttaa tunnistamaan mahdolliset ongelmat ennen kuin ne eskaloituvat, mik\u00e4 varmistaa turvallisuuden ja luotettavuuden.<\/li>\n<li><strong>Oikea voitelu:<\/strong> Riitt\u00e4v\u00e4 voitelu est\u00e4\u00e4 kulumista ja pit\u00e4\u00e4 hydrauliikkakomponentit toiminnassa moitteettomasti.<\/li>\n<li><strong>Tiivisteen vaihto:<\/strong> Tiivisteiden s\u00e4\u00e4nn\u00f6llinen vaihtaminen auttaa yll\u00e4pit\u00e4m\u00e4\u00e4n hydrauliikkaj\u00e4rjestelm\u00e4n eheytt\u00e4 ja ehk\u00e4isee vuotoja.<\/li>\n<\/ul>\n<h2>Asennusohjeet<\/h2>\n<p>Oikea asennus on ratkaisevan t\u00e4rke\u00e4\u00e4 optimaalisen suorituskyvyn saavuttamiseksi. Varmista, ett\u00e4 sylinteri on kohdistettu oikein koneen kiinnityspisteisiin, jotta v\u00e4ltet\u00e4\u00e4n tarpeeton rasitus. On suositeltavaa k\u00e4ytt\u00e4\u00e4 sopivia kiinnikkeit\u00e4 sylinterin kiinnitt\u00e4miseksi paikalleen. Noudata valmistajan ohjeita kiristys- ja v\u00e4\u00e4nt\u00f6momenttim\u00e4\u00e4ritelmien suhteen vaurioiden v\u00e4ltt\u00e4miseksi. Asennuksen j\u00e4lkeen tarkista mahdollisten hydrauliikkavuotojen varalta ja varmista, ett\u00e4 nestetasot ovat riitt\u00e4v\u00e4t k\u00e4ytt\u00f6\u00e4 varten.<\/p>\n<h2>Yleiset huoltoteht\u00e4v\u00e4t<\/h2>\n<h3>S\u00e4\u00e4nn\u00f6lliset tarkastukset<\/h3>\n<p>Puomin sylinterin s\u00e4\u00e4nn\u00f6lliset tarkastukset ovat olennaisia \u200b\u200bkulumisen havaitsemiseksi varhaisessa vaiheessa. Etsi merkkej\u00e4 vuodoista, ep\u00e4tavallisista \u00e4\u00e4nist\u00e4 tai muista toiminnan poikkeavuuksista. Tarkastushavaintojen dokumentointi auttaa seuraamaan sylinterin suorituskyky\u00e4 ajan kuluessa.<\/p>\n<h3>Asianmukainen voitelu<\/h3>\n<p>Oikea voitelu on elint\u00e4rke\u00e4\u00e4 sen varmistamiseksi, ett\u00e4 kaikki sylinterin liikkuvat osat toimivat sujuvasti. K\u00e4yt\u00e4 suositeltuja hydrauliikka\u00f6ljyj\u00e4 ja noudata voiteluaikatauluja koskevia ohjeita kitkan ja kulumisen est\u00e4miseksi.<\/p>\n<h3>Tiivisteiden vaihto ja kalibrointitarkastukset<\/h3>\n<p>Tarkista tiivisteiden kuluminen s\u00e4\u00e4nn\u00f6llisesti ja vaihda ne tarvittaessa. Kalibrointitarkastukset varmistavat, ett\u00e4 sylinteri toimii m\u00e4\u00e4ritettyjen parametrien mukaisesti, mik\u00e4 parantaa turvallisuutta ja suorituskyky\u00e4. N\u00e4iden teht\u00e4vien laiminly\u00f6nti voi johtaa vakaviin k\u00e4ytt\u00f6ongelmiin.<\/p>\n<p><img decoding=\"async\" src=\"https:\/\/www.hydraulic-cylinders.net\/wp-content\/uploads\/2025\/04\/songte-chushion-collar.webp\" alt=\"Sylinterin asennus\"><\/p>\n<h2>Turvallisuusn\u00e4k\u00f6kohdat ja ymp\u00e4rist\u00f6tekij\u00e4t<\/h2>\n<p>Puomisylintereit\u00e4 k\u00e4ytett\u00e4ess\u00e4 on ensiarvoisen t\u00e4rke\u00e4\u00e4 noudattaa turvatoimenpiteit\u00e4. Kuljettajien on oltava tietoisia hydraulij\u00e4rjestelmiin liittyvist\u00e4 mahdollisista vaaroista, kuten nestevuodoista ja paineen noususta. S\u00e4\u00e4nn\u00f6llinen koulutus turvallisista k\u00e4ytt\u00f6tavoista voi lievent\u00e4\u00e4 riskej\u00e4 ja edist\u00e4\u00e4 turvallista ty\u00f6ymp\u00e4rist\u00f6\u00e4.<\/p>\n<h2>Vianm\u00e4\u00e4ritys ja yleiset ongelmat<\/h2>\n<ul>\n<li><strong>Hydrauli\u00f6ljyvuodot:<\/strong> Usein johtuvat kuluneista tiivisteist\u00e4 tai vaurioituneista letkuista, mik\u00e4 johtaa tehokkuuden heikkenemiseen.<\/li>\n<li><strong>Ep\u00e4tavalliset \u00e4\u00e4net:<\/strong> Hankaavat tai poksahtelevat \u00e4\u00e4net voivat viitata mekaaniseen vikaan tai riitt\u00e4m\u00e4tt\u00f6m\u00e4\u00e4n voiteluun.<\/li>\n<li><strong>Hidas toiminta:<\/strong> T\u00e4m\u00e4 voi johtua alhaisesta hydraulinestetasosta tai viallisesta pumpusta, mik\u00e4 vaikuttaa kokonaissuorituskykyyn.<\/li>\n<\/ul>\n<h2>Vianm\u00e4\u00e4ritysvinkkej\u00e4<\/h2>\n<p>Ongelmien tehokas diagnosointi aloitetaan tarkistamalla hydraulinesteen tasot ja tutkimalla vuodot. S\u00e4\u00e4nn\u00f6llinen huolto ja pienten ongelmien nopea huomiointi voivat est\u00e4\u00e4 vakavia vikoja. Ennaltaehk\u00e4isevien toimenpiteiden, kuten aikataulun mukaisten tarkastusten, toteuttaminen on v\u00e4ltt\u00e4m\u00e4t\u00f6nt\u00e4 tulevien ongelmien minimoimiseksi.<\/p>\n<p><img decoding=\"async\" src=\"https:\/\/www.hydraulic-cylinders.net\/wp-content\/uploads\/2025\/04\/songte-bushings-with-all-kinds-of-excavator-models.webp\" alt=\"Hydraulisylinterin vianm\u00e4\u00e4ritys\"><\/p>\n<h2>Tietoa yrityksest\u00e4mme<\/h2>\n<p>Olemme johtava hydraulisten sylinterien vaihtolaitteiden valmistaja, joka tarjoaa laajan valikoiman tuotteita sek\u00e4 kotimaisille ett\u00e4 kansainv\u00e4lisille markkinoille. Sitoutumisemme huippuosaamiseen kannustaa meit\u00e4 jatkuvasti parantamaan valmistusprosessejamme hy\u00f6dynt\u00e4en edistynytt\u00e4 teknologiaa ja ammattitaitoista henkil\u00f6st\u00f6\u00e4. Asetamme tuotantolinjoillamme laadun ja tarkkuuden etusijalle varmistaaksemme, ett\u00e4 tuotteemme t\u00e4ytt\u00e4v\u00e4t korkeimmat standardit.<\/p>\n<p>Keskittyen ammattitaitoon, meill\u00e4 on kansainv\u00e4lisi\u00e4 sertifikaatteja, jotka vahvistavat sitoutumisemme laatuun. R\u00e4\u00e4t\u00e4l\u00f6idyt palvelumme mahdollistavat asiakkaiden erityistarpeiden t\u00e4ytt\u00e4misen, ja huippuluokan tuotantolaitteemme takaavat korkean tehokkuuden. Omistautunut myynnin j\u00e4lkeinen palvelutiimimme on aina valmiina auttamaan asiakkaita kaikissa heid\u00e4n tarvitsemissaan tiedusteluissa tai tuessa.<\/p>\n<p><img decoding=\"async\" src=\"https:\/\/www.hydraulic-cylinders.net\/wp-content\/uploads\/2025\/04\/songte-company-4.webp\" alt=\"Yrityksen yleiskatsaus\"><br \/>\n<img decoding=\"async\" src=\"https:\/\/www.hydraulic-cylinders.net\/wp-content\/uploads\/2025\/04\/songte-company-3.webp\" alt=\"Tuotantolaitos\"><\/p>\n<p>Kirjoittaja: lyl<\/p>","protected":false},"excerpt":{"rendered":"<p>Boom Cylinder For Case Large Excavator CX360B Overview of Boom Cylinder The boom cylinder is a critical component in the hydraulic system of heavy machinery, especially in excavators, backhoes, and front loaders. Its primary function is to control the movement of the bucket, allowing it to lift, lower, and tilt effectively. This facilitates various material [&hellip;]<\/p>","protected":false},"featured_media":17877,"comment_status":"open","ping_status":"closed","template":"","meta":{"_et_pb_use_builder":"","_et_pb_old_content":"","_et_gb_content_width":""},"product_brand":[],"product_cat":[1546],"product_tag":[1547,1496],"class_list":{"0":"post-19448","1":"product","2":"type-product","3":"status-publish","4":"has-post-thumbnail","6":"product_cat-boom-cylinders","7":"product_tag-boom-cylinders","8":"product_tag-hydraulic-cylinders","10":"first","11":"instock","12":"shipping-taxable","13":"product-type-simple"},"amp_enabled":true,"_links":{"self":[{"href":"https:\/\/www.hydraulic-cylinders.net\/fi\/wp-json\/wp\/v2\/product\/19448","targetHints":{"allow":["GET"]}}],"collection":[{"href":"https:\/\/www.hydraulic-cylinders.net\/fi\/wp-json\/wp\/v2\/product"}],"about":[{"href":"https:\/\/www.hydraulic-cylinders.net\/fi\/wp-json\/wp\/v2\/types\/product"}],"replies":[{"embeddable":true,"href":"https:\/\/www.hydraulic-cylinders.net\/fi\/wp-json\/wp\/v2\/comments?post=19448"}],"wp:featuredmedia":[{"embeddable":true,"href":"https:\/\/www.hydraulic-cylinders.net\/fi\/wp-json\/wp\/v2\/media\/17877"}],"wp:attachment":[{"href":"https:\/\/www.hydraulic-cylinders.net\/fi\/wp-json\/wp\/v2\/media?parent=19448"}],"wp:term":[{"taxonomy":"product_brand","embeddable":true,"href":"https:\/\/www.hydraulic-cylinders.net\/fi\/wp-json\/wp\/v2\/product_brand?post=19448"},{"taxonomy":"product_cat","embeddable":true,"href":"https:\/\/www.hydraulic-cylinders.net\/fi\/wp-json\/wp\/v2\/product_cat?post=19448"},{"taxonomy":"product_tag","embeddable":true,"href":"https:\/\/www.hydraulic-cylinders.net\/fi\/wp-json\/wp\/v2\/product_tag?post=19448"}],"curies":[{"name":"wp","href":"https:\/\/api.w.org\/{rel}","templated":true}]}}