{"id":19452,"date":"2025-04-07T06:48:15","date_gmt":"2025-04-07T06:48:15","guid":{"rendered":"https:\/\/www.hydraulic-cylinders.net\/product\/boom-cylinder-for-case-wheel-excavator-wx168\/"},"modified":"2025-04-07T06:48:18","modified_gmt":"2025-04-07T06:48:18","slug":"boom-cylinder-for-case-wheel-excavator-wx168","status":"publish","type":"product","link":"https:\/\/www.hydraulic-cylinders.net\/fi\/tuote\/boom-cylinder-for-case-wheel-excavator-wx168\/","title":{"rendered":"Puomin sylinteri Case-py\u00f6r\u00e4kaivukoneeseen WX168"},"content":{"rendered":"<h1>Puomin sylinteri Case-py\u00f6r\u00e4kaivukoneeseen WX168<\/h1>\n<h2>Tuotteen m\u00e4\u00e4ritelm\u00e4 ja yleiskatsaus<\/h2>\n<p>Case Wheel Excavator WX168 -puomisylinteri on erikoishydraulinen sylinteri, joka on suunniteltu ohjaamaan puomin liikett\u00e4 erilaisissa raskaissa koneissa, kuten kaivinkoneissa, kaivurikuormaajissa ja etukuormaajissa. T\u00e4m\u00e4 sylinteri mahdollistaa puomin nostamisen, laskemisen ja kallistamisen, mik\u00e4 helpottaa tehokasta materiaalink\u00e4sittely\u00e4. Puomisylinterill\u00e4 on ratkaiseva rooli hydraulij\u00e4rjestelmiss\u00e4, sill\u00e4 se muuntaa hydraulisen paineen mekaaniseksi voimaksi, mik\u00e4 mahdollistaa tarkat ja tehokkaat liikkeet, jotka ovat v\u00e4ltt\u00e4m\u00e4tt\u00f6mi\u00e4 rakennus- ja kaivut\u00f6iss\u00e4.<\/p>\n<p><img decoding=\"async\" src=\"https:\/\/www.hydraulic-cylinders.net\/wp-content\/uploads\/2025\/04\/songte-company-1.webp\" alt=\"Kaivinkoneiden puomin sylinteri\" \/><\/p>\n<h2>Puomin sylinterin t\u00e4rkeimm\u00e4t ominaisuudet<\/h2>\n<ul>\n<li><strong>Korkea lujuus ja kest\u00e4vyys:<\/strong> Valmistettu eritt\u00e4in lujasta ter\u00e4ksest\u00e4 tai alumiinista, suunniteltu kest\u00e4m\u00e4\u00e4n korkeaa painetta ja raskaita kuormia, sopii vaativiin ty\u00f6ymp\u00e4rist\u00f6ihin, kulutuskest\u00e4vyys ja korroosionkest\u00e4vyys pident\u00e4v\u00e4t k\u00e4ytt\u00f6ik\u00e4\u00e4.<\/li>\n<li><strong>Tehokas hydraulinen k\u00e4ytt\u00f6:<\/strong> K\u00e4ytt\u00e4\u00e4 hydrauli\u00f6ljyn painetta sujuvaan pidennykseen ja sis\u00e4\u00e4nvetoon, reagoi nopeasti ohjauskomentoihin ja tarjoaa merkitt\u00e4v\u00e4\u00e4 ty\u00f6nt\u00f6- ja vetovoimaa, mik\u00e4 sopii erinomaisesti raskaiden ja monimutkaisten teht\u00e4vien k\u00e4sittelyyn.<\/li>\n<li><strong>Erilaisia \u200b\u200btyyppej\u00e4:<\/strong> Saatavilla yksitoimisina (hydraulisesti yhteen suuntaan) tai kaksitoimisina (hydraulisesti molempiin suuntiin) sylinterein\u00e4 erilaisiin k\u00e4ytt\u00f6tarpeisiin; tietyt mallit ovat teleskooppisia, mik\u00e4 mahdollistaa suuremman jatkeen ilman ulkomittojen kasvua, joten ne sopivat ahtaisiin sovelluksiin.<\/li>\n<li><strong>Mukautettava tuotanto:<\/strong> Voimme valmistaa t\u00e4m\u00e4n tuotteen r\u00e4\u00e4t\u00e4l\u00f6ityn\u00e4 erityistarpeisiin, ja se tarjoaa t\u00e4ydellisen korvauksen olemassa oleville hydraulisylintereille.<\/li>\n<\/ul>\n<p><img decoding=\"async\" src=\"https:\/\/www.hydraulic-cylinders.net\/wp-content\/uploads\/2025\/04\/songte-cylinder-head-with-all-kinds-excavator-models.webp\" alt=\"Mukautettu puomin sylinteri\" \/><\/p>\n<h2>Puomisylinterin sovellukset<\/h2>\n<h3>Rakennuslaitteet<\/h3>\n<p>Kaivinkoneissa puomin sylinterit ovat elint\u00e4rkeit\u00e4 kaivamisessa, lastaamisessa ja maaper\u00e4n tai roskien siirt\u00e4misess\u00e4. Ne mahdollistavat puomin tehokkaan pident\u00e4misen ja sis\u00e4\u00e4nvedon, jolloin kuljettajat voivat suorittaa monenlaisia \u200b\u200bteht\u00e4vi\u00e4 tarkasti. Kaivurikuormaajissa puomin sylinterit auttavat paitsi kaivamisessa my\u00f6s kuormien nostamisessa, mik\u00e4 tekee niist\u00e4 v\u00e4ltt\u00e4m\u00e4tt\u00f6mi\u00e4 rakennusty\u00f6mailla, joilla tarvitaan monipuolisuutta ja tehoa.<\/p>\n<h3>Maatalouskoneet<\/h3>\n<p>Etukuormaajissa k\u00e4ytett\u00e4v\u00e4t puomisylinterit hoitavat teht\u00e4vi\u00e4, kuten maan, hein\u00e4n ja muiden materiaalien kaivamista, nostamista ja kuljetusta. Niiden tehokas toiminta parantaa tuottavuutta maataloussovelluksissa, jolloin viljelij\u00e4t voivat k\u00e4sitell\u00e4 raskaita kuormia helposti, mik\u00e4 v\u00e4hent\u00e4\u00e4 manuaalista ty\u00f6t\u00e4 ja lis\u00e4\u00e4 toiminnan tehokkuutta.<\/p>\n<h3>Kaivinkoneet<\/h3>\n<p>Puomin sylinteri mahdollistaa kaivinkoneen kauhan tunkeutumisen maaper\u00e4\u00e4n, mik\u00e4 mahdollistaa tehokkaat kaivutoiminnot. T\u00e4m\u00e4 ominaisuus on ratkaisevan t\u00e4rke\u00e4 erilaisissa rakennus- ja kaivuuteht\u00e4viss\u00e4, joissa on p\u00e4\u00e4st\u00e4v\u00e4 merkitt\u00e4viin syvyyksiin ja nostettava raskaita materiaaleja. Hydraulij\u00e4rjestelm\u00e4n tehokkuus vaikuttaa suoraan kaivut\u00f6iden suorituskykyyn ja nopeuteen.<\/p>\n<h3>Kuormaajat<\/h3>\n<p>Etukuormaajissa puomisylinterit helpottavat kuormien tehokasta nostamista ja tyhjent\u00e4mist\u00e4. Niiden rakenne mahdollistaa sujuvan toiminnan, mik\u00e4 on olennaista esimerkiksi roskien raivauksessa, materiaalien siirt\u00e4misess\u00e4 ja rakennusty\u00f6maan siivouksessa. Puomisylinterin tuottama hydraulinen teho varmistaa, ett\u00e4 kuormia voidaan k\u00e4sitell\u00e4 turvallisesti ja tehokkaasti.<\/p>\n<h2>Suunnittelun\u00e4k\u00f6kohdat ja valintakriteerit<\/h2>\n<h3>Kantavuus<\/h3>\n<p>Kantavuus on puomisylinterien suunnittelussa olennainen seikka. Se m\u00e4\u00e4ritt\u00e4\u00e4 sylinterin kantaman enimm\u00e4ispainon vaarantamatta suorituskyky\u00e4 tai turvallisuutta. Valmistajien on arvioitava erityiset sovellusvaatimukset ja varmistettava, ett\u00e4 sylinteri toimii tehokkaasti erilaisissa kuormitusolosuhteissa. Oikein suunniteltu sylinteri, jolla on oikea kantavuus, parantaa yleist\u00e4 toiminnan tehokkuutta ja turvallisuutta ty\u00f6mailla.<\/p>\n<h3>Tiivistys ja kest\u00e4vyys<\/h3>\n<p>Tehokas tiivistys on ratkaisevan t\u00e4rke\u00e4\u00e4 hydraulisylintereille, sill\u00e4 se est\u00e4\u00e4 nestevuodot ja varmistaa optimaalisen suorituskyvyn. Kest\u00e4vist\u00e4 materiaaleista, kuten polyuretaanista tai nitriilikumista, valmistetut korkealaatuiset tiivisteet ovat v\u00e4ltt\u00e4m\u00e4tt\u00f6mi\u00e4. N\u00e4iden tiivisteiden on kestett\u00e4v\u00e4 rakennusymp\u00e4rist\u00f6iss\u00e4 tyypillisi\u00e4 k\u00e4ytt\u00f6paineita ja ymp\u00e4rist\u00f6olosuhteita. Hyvin suljettu sylinteri edist\u00e4\u00e4 pitk\u00e4ik\u00e4isyytt\u00e4 ja v\u00e4hent\u00e4\u00e4 yll\u00e4pitokustannuksia.<\/p>\n<h3>Turvaominaisuudet<\/h3>\n<p>Turvallisuus on ensiarvoisen t\u00e4rke\u00e4\u00e4 puomisylinterien suunnittelussa. Paineenalennusventtiilit, jotka est\u00e4v\u00e4t liiallisen paineen nousun, parantavat k\u00e4ytt\u00f6turvallisuutta. Lis\u00e4ksi kest\u00e4vien materiaalien k\u00e4ytt\u00f6 ja huolellinen suunnittelu voivat v\u00e4hent\u00e4\u00e4 sylinterien vikaantumisriski\u00e4 k\u00e4yt\u00f6n aikana. Turvallisuuden tulisi aina olla etusijalla hydrauliikkaj\u00e4rjestelmien suunnittelussa k\u00e4ytt\u00e4jien ja koneiden suojaamiseksi.<\/p>\n<p><img decoding=\"async\" src=\"https:\/\/www.hydraulic-cylinders.net\/wp-content\/uploads\/2025\/04\/songte-oil-pipes-and-spare-parts.webp\" alt=\"Hydraulisylinterin suunnittelu\" \/><\/p>\n<h2>Hydraulisylinterin tiivistys ja voitelu<\/h2>\n<p>Asianmukainen tiivistys ja voitelu ovat elint\u00e4rkeit\u00e4 hydraulisylinterien tehokkaalle toiminnalle. Erilaiset tiivistyskomponentit, kuten m\u00e4nn\u00e4ntiivisteet ja varren tiivisteet, varmistavat, ett\u00e4 hydraulineste pysyy sylinterin sis\u00e4ll\u00e4 est\u00e4en vuodot, jotka voivat johtaa suorituskykyongelmiin. Kulutusta kest\u00e4vist\u00e4 materiaaleista, kuten polyuretaanista ja nitriilikumista, valmistettuja tiivisteit\u00e4 k\u00e4ytet\u00e4\u00e4n yleisesti kest\u00e4vyyden parantamiseksi. Tiivistyksen lis\u00e4ksi sylinterin runko ja kierteitetyt p\u00e4\u00e4typinnat ty\u00f6stet\u00e4\u00e4n tarkasti kulutuskest\u00e4vyyden ja yleisen k\u00e4ytt\u00f6i\u00e4n parantamiseksi.<\/p>\n<p>S\u00e4\u00e4nn\u00f6llinen voitelu on v\u00e4ltt\u00e4m\u00e4t\u00f6nt\u00e4 sylinterin optimaalisen suorituskyvyn yll\u00e4pit\u00e4miseksi. K\u00e4ytt\u00e4j\u00e4n on varmistettava, ett\u00e4 hydrauliikka\u00f6ljy\u00e4 lis\u00e4t\u00e4\u00e4n s\u00e4\u00e4nn\u00f6llisesti sopiva m\u00e4\u00e4r\u00e4 liikkuvien osien kitkan ja kulumisen minimoimiseksi. N\u00e4m\u00e4 ennakoivat huoltotoimenpiteet voivat pident\u00e4\u00e4 hydrauliikkaj\u00e4rjestelm\u00e4n k\u00e4ytt\u00f6ik\u00e4\u00e4 merkitt\u00e4v\u00e4sti.<\/p>\n<h2>Ennaltaehk\u00e4isev\u00e4t huoltotoimenpiteet<\/h2>\n<ul>\n<li><strong>S\u00e4\u00e4nn\u00f6lliset tarkastukset:<\/strong> S\u00e4\u00e4nn\u00f6lliset tarkastukset kulumisen tai hydraulinesteen vuotojen varalta ovat v\u00e4ltt\u00e4m\u00e4tt\u00f6mi\u00e4. Ongelmien varhainen havaitseminen voi est\u00e4\u00e4 kalliita korjauksia ja varmistaa jatkuvan tehokkaan toiminnan.<\/li>\n<li><strong>Oikea voitelu:<\/strong> Varmista, ett\u00e4 hydrauliikka\u00f6ljy\u00e4 on t\u00e4ytetty suositeltuun m\u00e4\u00e4r\u00e4\u00e4n asti ja ett\u00e4 \u00f6ljy\u00e4 vaihdetaan tarvittaessa optimaalisen voitelun ja suorituskyvyn yll\u00e4pit\u00e4miseksi.<\/li>\n<li><strong>Tiivisteen vaihto:<\/strong> Tarkista tiivisteet s\u00e4\u00e4nn\u00f6llisesti kulumisen merkkien varalta ja vaihda ne tarvittaessa vuotojen est\u00e4miseksi ja paineen yll\u00e4pit\u00e4miseksi.<\/li>\n<\/ul>\n<h2>Puomin sylinterin asennusohjeet<\/h2>\n<p>Puomin sylinterin oikea asennus on ratkaisevan t\u00e4rke\u00e4\u00e4 optimaalisen suorituskyvyn ja pitk\u00e4ik\u00e4isyyden varmistamiseksi. Aloita kohdistamalla sylinteri tarkasti kaivinkoneen kiinnityspisteisiin. Asianmukaisten kiinnitystelineiden k\u00e4ytt\u00f6\u00e4 suositellaan sylinterin kiinnitt\u00e4miseksi tehokkaasti paikalleen. Asennuksen aikana on t\u00e4rke\u00e4\u00e4 varmistaa, ett\u00e4 hydrauliikkalinjat on kytketty oikein nestevuotojen est\u00e4miseksi ja toiminnan tehokkuuden varmistamiseksi.<\/p>\n<p>Asennuksen j\u00e4lkeen tarkista j\u00e4rjestelm\u00e4 perusteellisesti varmistaaksesi, ett\u00e4 kaikki liit\u00e4nn\u00e4t ovat tukevasti kiinni ja ett\u00e4 sylinteri toimii sujuvasti. Testaa sylinteri\u00e4 eri kuormilla varmistaaksesi, ett\u00e4 se toimii oikein ja t\u00e4ytt\u00e4\u00e4 k\u00e4ytt\u00f6vaatimukset.<\/p>\n<h2>Yleiset huoltoteht\u00e4v\u00e4t<\/h2>\n<h3>S\u00e4\u00e4nn\u00f6lliset tarkastukset<\/h3>\n<p>Suorita s\u00e4\u00e4nn\u00f6llisi\u00e4 tarkastuksia mahdollisten ongelmien tunnistamiseksi varhaisessa vaiheessa. Tarkista kulumisen ja repe\u00e4misen merkit, vuodot ja oikea kohdistus. Varhainen havaitseminen voi est\u00e4\u00e4 merkitt\u00e4v\u00e4mpi\u00e4 ongelmia ja v\u00e4hent\u00e4\u00e4 seisokkiaikaa.<\/p>\n<h3>Asianmukainen voitelu<\/h3>\n<p>Varmista, ett\u00e4 hydrauliikka\u00f6ljyn taso pysyy jatkuvasti oikeana ja ett\u00e4 \u00f6ljy vaihdetaan tarvittaessa. T\u00e4m\u00e4 voitelu on v\u00e4ltt\u00e4m\u00e4t\u00f6nt\u00e4 tehokkaan toiminnan kannalta ja pident\u00e4\u00e4 sylinterin k\u00e4ytt\u00f6ik\u00e4\u00e4.<\/p>\n<h3>Tiivisteiden vaihto ja kalibrointitarkastukset<\/h3>\n<p>Vaihda tiivisteet s\u00e4\u00e4nn\u00f6llisesti vuotojen est\u00e4miseksi ja hydraulij\u00e4rjestelm\u00e4n paineen yll\u00e4pit\u00e4miseksi. Kalibrointitarkastukset on suoritettava sen varmistamiseksi, ett\u00e4 sylinteri toimii mahdollisimman tehokkaasti ja turvallisesti, varmistaen, ett\u00e4 kohdistus on oikea asennuksen aikana.<\/p>\n<p><img decoding=\"async\" src=\"https:\/\/www.hydraulic-cylinders.net\/wp-content\/uploads\/2025\/04\/songte-chushion-collar.webp\" alt=\"Asennus ja huolto\" \/><\/p>\n<h2>Turvallisuusn\u00e4k\u00f6kohdat ja ymp\u00e4rist\u00f6tekij\u00e4t<\/h2>\n<p>Hydraulisylinterien kanssa ty\u00f6skennelt\u00e4ess\u00e4 turvatoimenpiteet ovat ratkaisevan t\u00e4rkeit\u00e4. K\u00e4ytt\u00e4jien tulee saada asianmukainen koulutus laitteiden turvalliseen k\u00e4sittelyyn. K\u00e4yt\u00e4 suojavarusteita ja noudata turvallisuusprotokollia hydraulij\u00e4rjestelmiin liittyvien riskien minimoimiseksi. Lis\u00e4ksi ymp\u00e4rist\u00f6n\u00e4k\u00f6kohdat, kuten hydraulinesteiden asianmukainen h\u00e4vitt\u00e4minen ja laitteiden huolto vuotojen est\u00e4miseksi, ovat olennaisia \u200b\u200bekosysteemin suojelemiseksi.<\/p>\n<h2>Vianm\u00e4\u00e4ritys ja yleiset ongelmat<\/h2>\n<ul>\n<li><strong>Vuoto:<\/strong> Yksi yleisimmist\u00e4 ongelmista on hydraulinesteen vuoto, joka voi viitata tiivisteen vikaantumiseen. S\u00e4\u00e4nn\u00f6lliset tarkastukset voivat auttaa havaitsemaan t\u00e4m\u00e4n varhaisessa vaiheessa.<\/li>\n<li><strong>Hidas vaste:<\/strong> Jos puomin sylinteri reagoi hitaasti, se voi tarkoittaa alhaista hydraulinesteen tasoa tai j\u00e4rjestelm\u00e4\u00e4n j\u00e4\u00e4nytt\u00e4 ilmaa, joka on ilmattava.<\/li>\n<li><strong>Ep\u00e4tasainen liike:<\/strong> Jos sylinteri liikkuu ep\u00e4tasaisesti, se voi viitata hydraulipaineongelmaan tai virheelliseen linjaukseen asennuksen aikana.<\/li>\n<\/ul>\n<h2>Vianm\u00e4\u00e4ritysvinkkej\u00e4 ja -ratkaisuja<\/h2>\n<p>Puomisylinterin ongelmien tehokkaaseen diagnosointiin ja ratkaisemiseen k\u00e4ytt\u00e4jien tulisi kehitt\u00e4\u00e4 systemaattinen l\u00e4hestymistapa. Vuotojen varalta tarkista tiivisteet ja vaihda ne tarvittaessa. Hitaiden reaktioiden yhteydess\u00e4 varmista, ett\u00e4 hydraulinesteen taso on riitt\u00e4v\u00e4, ja ilmaa j\u00e4rjestelm\u00e4, jos siin\u00e4 on ilmaa.<\/p>\n<p>Toteuttamalla ennaltaehk\u00e4isevi\u00e4 toimenpiteit\u00e4, kuten s\u00e4\u00e4nn\u00f6llisi\u00e4 tarkastuksia ja huoltoa, mahdolliset ongelmat voidaan minimoida, mik\u00e4 parantaa hydraulij\u00e4rjestelm\u00e4n tehokkuutta ja pitk\u00e4ik\u00e4isyytt\u00e4.<\/p>\n<p><img decoding=\"async\" src=\"https:\/\/www.hydraulic-cylinders.net\/wp-content\/uploads\/2025\/04\/songte-bushings-with-all-kinds-of-excavator-models.webp\" alt=\"Hydraulisylinterin vianm\u00e4\u00e4ritys\" \/><\/p>\n<h2>Tietoa yrityksest\u00e4mme<\/h2>\n<p>Olemme johtava vaihtoehtoisten hydraulisylintereiden valmistaja, ja tarjoamme kattavan tuotevalikoiman, joka on tehnyt meist\u00e4 merkitt\u00e4v\u00e4n toimijan sek\u00e4 kotimaisilla ett\u00e4 kansainv\u00e4lisill\u00e4 markkinoilla. Sitoutumisemme poikkeukselliseen laatuun n\u00e4kyy hienostuneissa tuotannonohjausstrategioissamme ja edistyneiss\u00e4 tuotantolaitoksissamme. Parannamme jatkuvasti tuotantoymp\u00e4rist\u00f6\u00e4mme palkkaamalla ammattitaitoisia teknikkoja, huippuluokan digitaalisia valmistuslaitteita ja ammattimaisia \u200b\u200btestausj\u00e4rjestelmi\u00e4.<\/p>\n<p>Keskittym\u00e4ll\u00e4 tehokkuuteen, tarkkuuteen ja laatuun vastaamme asiakkaidemme monipuolisiin tarpeisiin. Tuotteemme on suunniteltu t\u00e4ytt\u00e4m\u00e4\u00e4n kansainv\u00e4liset standardit, mik\u00e4 varmistaa luotettavuuden ja tehokkuuden erilaisissa sovelluksissa. Tarjoamme my\u00f6s r\u00e4\u00e4t\u00e4l\u00f6ityj\u00e4 palveluita, jotka on r\u00e4\u00e4t\u00e4l\u00f6ity vastaamaan erityisvaatimuksia, mik\u00e4 parantaa kyky\u00e4mme palvella monipuolisia markkinoita.<\/p>\n<p><img decoding=\"async\" src=\"https:\/\/www.hydraulic-cylinders.net\/wp-content\/uploads\/2025\/04\/songte-company-4.webp\" alt=\"Yrityksemme\" \/><br \/>\n<img decoding=\"async\" src=\"https:\/\/www.hydraulic-cylinders.net\/wp-content\/uploads\/2025\/04\/songte-company-3.webp\" alt=\"Hydraulisylinterien valmistus\" \/><\/p>\n<p>Kirjoittaja: lyl<\/p>","protected":false},"excerpt":{"rendered":"<p>Boom Cylinder For Case Wheel Excavator WX168 Product Definition and Overview The Boom Cylinder for Case Wheel Excavator WX168 is a specialized hydraulic cylinder designed to control the movement of the boom on various heavy machinery, including excavators, backhoe loaders, and front loaders. This cylinder allows the boom to lift, lower, and tilt, facilitating effective [&hellip;]<\/p>","protected":false},"featured_media":17881,"comment_status":"open","ping_status":"closed","template":"","meta":{"_et_pb_use_builder":"","_et_pb_old_content":"","_et_gb_content_width":""},"product_brand":[],"product_cat":[1546],"product_tag":[1547,1496],"class_list":{"0":"post-19452","1":"product","2":"type-product","3":"status-publish","4":"has-post-thumbnail","6":"product_cat-boom-cylinders","7":"product_tag-boom-cylinders","8":"product_tag-hydraulic-cylinders","10":"first","11":"instock","12":"shipping-taxable","13":"product-type-simple"},"amp_enabled":true,"_links":{"self":[{"href":"https:\/\/www.hydraulic-cylinders.net\/fi\/wp-json\/wp\/v2\/product\/19452","targetHints":{"allow":["GET"]}}],"collection":[{"href":"https:\/\/www.hydraulic-cylinders.net\/fi\/wp-json\/wp\/v2\/product"}],"about":[{"href":"https:\/\/www.hydraulic-cylinders.net\/fi\/wp-json\/wp\/v2\/types\/product"}],"replies":[{"embeddable":true,"href":"https:\/\/www.hydraulic-cylinders.net\/fi\/wp-json\/wp\/v2\/comments?post=19452"}],"wp:featuredmedia":[{"embeddable":true,"href":"https:\/\/www.hydraulic-cylinders.net\/fi\/wp-json\/wp\/v2\/media\/17881"}],"wp:attachment":[{"href":"https:\/\/www.hydraulic-cylinders.net\/fi\/wp-json\/wp\/v2\/media?parent=19452"}],"wp:term":[{"taxonomy":"product_brand","embeddable":true,"href":"https:\/\/www.hydraulic-cylinders.net\/fi\/wp-json\/wp\/v2\/product_brand?post=19452"},{"taxonomy":"product_cat","embeddable":true,"href":"https:\/\/www.hydraulic-cylinders.net\/fi\/wp-json\/wp\/v2\/product_cat?post=19452"},{"taxonomy":"product_tag","embeddable":true,"href":"https:\/\/www.hydraulic-cylinders.net\/fi\/wp-json\/wp\/v2\/product_tag?post=19452"}],"curies":[{"name":"wp","href":"https:\/\/api.w.org\/{rel}","templated":true}]}}