{"id":19455,"date":"2025-04-07T06:48:35","date_gmt":"2025-04-07T06:48:35","guid":{"rendered":"https:\/\/www.hydraulic-cylinders.net\/product\/boom-cylinder-for-zhenyu-small-excavator-zy330\/"},"modified":"2025-04-07T06:48:37","modified_gmt":"2025-04-07T06:48:37","slug":"boom-cylinder-for-zhenyu-small-excavator-zy330","status":"publish","type":"product","link":"https:\/\/www.hydraulic-cylinders.net\/fi\/tuote\/boom-cylinder-for-zhenyu-small-excavator-zy330\/","title":{"rendered":"Puomin sylinteri Zhenyu-pienelle kaivinkoneelle ZY330"},"content":{"rendered":"<h1>Puomin sylinteri Zhenyu-pienelle kaivinkoneelle ZY330<\/h1>\n<h2>Johdatus puomin sylintereihin<\/h2>\n<p>Puomisylinteri on raskaiden koneiden hydraulij\u00e4rjestelm\u00e4n t\u00e4rke\u00e4 osa, joka on erityisesti suunniteltu ohjaamaan kaivinkoneen kauhojen liikkeit\u00e4. Sill\u00e4 on ratkaiseva rooli teht\u00e4vien, kuten kauhan nostamisen, laskemisen ja kallistuksen, mahdollistamisessa, mik\u00e4 helpottaa tehokasta materiaalink\u00e4sittely\u00e4. Muuntamalla hydraulienergian mekaaniseksi liikkeeksi puomisylinterit antavat k\u00e4ytt\u00e4jille mahdollisuuden suorittaa erilaisia \u200b\u200btoimintoja tarkasti ja nopeasti.<\/p>\n<p><img decoding=\"async\" src=\"https:\/\/www.hydraulic-cylinders.net\/wp-content\/uploads\/2025\/04\/songte-company-1.webp\" alt=\"Puomin sylinteri\"><\/p>\n<h3>M\u00e4\u00e4ritelm\u00e4 ja yleiskatsaus<\/h3>\n<p>Puomisylinteri on hydraulinen sylinterityyppi, joka on erityisesti suunniteltu raskaille laitteille, kuten kaivinkoneille, traktorikaivureille ja etukuormaajille. Sen ensisijainen teht\u00e4v\u00e4 on ohjata kauhan liikett\u00e4, jotta se voi suorittaa kaivamisessa ja materiaalin kuljetuksessa t\u00e4rkeit\u00e4 teht\u00e4vi\u00e4. N\u00e4m\u00e4 sylinterit mahdollistavat kauhan liikkeiden tarkan hallinnan, mik\u00e4 tarjoaa tarvittavan voiman nostamiseen ja kallistukseen, mik\u00e4 on olennaista rakennus- ja maataloussovelluksissa.<\/p>\n<h2>Puomin sylinterin t\u00e4rkeimm\u00e4t ominaisuudet<\/h2>\n<ul>\n<li><strong>Korkea lujuus ja kest\u00e4vyys:<\/strong> Tyypillisesti lujasta ter\u00e4ksest\u00e4 tai alumiinista valmistetut puomisylinterit on suunniteltu kest\u00e4m\u00e4\u00e4n korkeaa painetta ja raskaita kuormia, joten ne sopivat vaativiin ty\u00f6ymp\u00e4rist\u00f6ihin. Ne on suunniteltu kest\u00e4m\u00e4\u00e4n kulutusta ja korroosiota, mik\u00e4 pident\u00e4\u00e4 niiden k\u00e4ytt\u00f6ik\u00e4\u00e4.<\/li>\n<li><strong>Tehokas hydraulinen k\u00e4ytt\u00f6:<\/strong> Hydrauli\u00f6ljyn painetta hy\u00f6dynt\u00e4v\u00e4t puomin sylinterit mahdollistavat sujuvan pidennyksen ja sis\u00e4\u00e4nvedon, mik\u00e4 mahdollistaa nopean reagoinnin k\u00e4ytt\u00e4j\u00e4n komentoihin. Ne tarjoavat tehokkaan ty\u00f6nt\u00f6- ja vetovoiman, mik\u00e4 sopii erinomaisesti raskaiden materiaalien k\u00e4sittelyyn ja monimutkaisiin teht\u00e4viin.<\/li>\n<li><strong>Erilaisia \u200b\u200btyyppej\u00e4:<\/strong> Puomisylinterit ovat saatavilla yksitoimisina (hydrauliikkaa k\u00e4ytet\u00e4\u00e4n yhteen suuntaan) tai kaksitoimisina (hydrauliikkaa k\u00e4ytet\u00e4\u00e4n molempiin suuntiin), ja niit\u00e4 voidaan r\u00e4\u00e4t\u00e4l\u00f6id\u00e4 erilaisiin k\u00e4ytt\u00f6tarpeisiin. Joissakin malleissa on teleskooppirakenne, joka mahdollistaa suuremman jatkeen ilman ulkomittojen kasvua, mik\u00e4 sopii t\u00e4ydellisesti tilarajoitteisiin sovelluksiin.<\/li>\n<li><strong>Yhteensopivuus:<\/strong> Tuotteemme valmistetaan huolellisesti toimimaan ihanteellisina korvaajina olemassa oleville hydraulisylintereille varmistaen saumattoman integroinnin ja suorituskyvyn.<\/li>\n<\/ul>\n<p><img decoding=\"async\" src=\"https:\/\/www.hydraulic-cylinders.net\/wp-content\/uploads\/2025\/04\/songte-cylinder-head-with-all-kinds-excavator-models.webp\" alt=\"Kaivinkonemallit\"><\/p>\n<h2>Puomisylinterin sovellukset<\/h2>\n<h3>Rakennuslaitteet<\/h3>\n<p>Rakennuskoneissa puomisylinterit ovat olennainen osa kaivinkoneita, ja ne tarjoavat tarvittavan voiman maan tai roskien kaivamiseen, lastaamiseen ja siirt\u00e4miseen. Ne helpottavat tehokkaita kaivuprosesseja ja lis\u00e4\u00e4v\u00e4t rakennusty\u00f6maiden kokonaistuottavuutta.<\/p>\n<h3>Maatalouskoneet<\/h3>\n<p>Etukuormaajissa k\u00e4ytett\u00e4v\u00e4t puomisylinterit ovat v\u00e4ltt\u00e4m\u00e4tt\u00f6mi\u00e4 maaper\u00e4n, hein\u00e4n ja muiden materiaalien kaivamiseen, nostamiseen ja kuljettamiseen. Niiden kyky k\u00e4sitell\u00e4 raskaita kuormia tekee niist\u00e4 korvaamattomia maataloust\u00f6iss\u00e4.<\/p>\n<h3>Kaivinkoneet<\/h3>\n<p>Kaivinkoneissa puomisylinterit mahdollistavat kauhan tunkeutumisen maahan, mik\u00e4 mahdollistaa tehokkaan kaivuty\u00f6n. T\u00e4m\u00e4 ominaisuus on ratkaisevan t\u00e4rke\u00e4 erilaisissa projekteissa aina maisemoinnista laajamittaiseen kaivamiseen.<\/p>\n<h3>Kuormaajat<\/h3>\n<p>Etukuormaajissa puomin sylinterit auttavat kuormien tehokkaassa nostamisessa ja tyhjent\u00e4misess\u00e4. Niill\u00e4 on t\u00e4rke\u00e4 rooli materiaalink\u00e4sittelyss\u00e4, sill\u00e4 ne parantavat kuormaajan k\u00e4ytt\u00f6ominaisuuksia.<\/p>\n<h2>Suunnittelun\u00e4k\u00f6kohdat ja valintakriteerit<\/h2>\n<h3>Kantavuus<\/h3>\n<p>Puomisylinteri\u00e4 suunniteltaessa kuormituskapasiteetti on kriittinen tekij\u00e4. Sylinterin on kyett\u00e4v\u00e4 k\u00e4sittelem\u00e4\u00e4n kauhan nostama enimm\u00e4ispaino samalla, kun se varmistaa turvallisuuden ja suorituskyvyn. Huomioitavia tekij\u00f6it\u00e4 ovat materiaalin lujuus, sylinterin mitat ja hydrauliset painearvot, jotta voidaan taata luotettavuus raskaiden kuormien alla.<\/p>\n<h3>Tiivistys<\/h3>\n<p>Tehokas tiivistys on ensiarvoisen t\u00e4rke\u00e4\u00e4 hydraulij\u00e4rjestelmiss\u00e4 nestevuotojen ja kontaminaation est\u00e4miseksi. Tiivistemateriaalien, kuten polyuretaanin ja nitriilikumin, valinta on olennaista pitk\u00e4ik\u00e4isyyden ja suorituskyvyn varmistamiseksi. Sylinterirungon ja kierrepintojen tarkka ty\u00f6st\u00f6 parantaa tiivistyksen tehokkuutta ja edist\u00e4\u00e4 j\u00e4rjestelm\u00e4n kokonaisluotettavuutta.<\/p>\n<h3>Kest\u00e4vyys<\/h3>\n<p>Kest\u00e4vyys on olennaista puomisylintereille, koska ne toimivat vaativissa ymp\u00e4rist\u00f6iss\u00e4. Materiaalivalinnat, pintak\u00e4sittely ja suunnitteluominaisuudet on optimoitava kulumisen ja korroosion kest\u00e4miseksi, mik\u00e4 varmistaa pidemm\u00e4n k\u00e4ytt\u00f6i\u00e4n ja alhaisemmat huoltokustannukset.<\/p>\n<h3>Turvallisuus<\/h3>\n<p>Turvallisuus on ratkaisevan t\u00e4rke\u00e4 n\u00e4k\u00f6kohta hydraulisylintereiden suunnittelussa. Ominaisuuksia, kuten paineenalennusventtiilej\u00e4, ylikuormitussuojaa ja kest\u00e4v\u00e4\u00e4 rakennetta, on toteutettava katastrofaalisten vikojen est\u00e4miseksi ja varmistettava laitteiden ja niiden k\u00e4ytt\u00e4jien turvallinen toiminta.<\/p>\n<h3>Huolto<\/h3>\n<p>Kunnossapitoon liittyvi\u00e4 n\u00e4k\u00f6kohtia ovat tarkastusten ja korjausten helppous, varaosien saatavuus sek\u00e4 purkamisen ja kokoamisen monimutkaisuus. Hyvin suunniteltu sylinteri yksinkertaistaa huoltotoimia, v\u00e4hent\u00e4\u00e4 seisokkiaikoja ja parantaa kokonaistehokkuutta.<\/p>\n<p><img decoding=\"async\" src=\"https:\/\/www.hydraulic-cylinders.net\/wp-content\/uploads\/2025\/04\/songte-oil-pipes-and-spare-parts.webp\" alt=\"Hydrauliset osat\"><\/p>\n<h2>Tiivistys ja voitelu<\/h2>\n<p>Puomisylinterien tiivistysj\u00e4rjestelm\u00e4 on ratkaisevan t\u00e4rke\u00e4 hydraulisen eheyden yll\u00e4pit\u00e4miseksi. Erilaisia \u200b\u200btiivisteit\u00e4, kuten m\u00e4nn\u00e4ntiivisteit\u00e4 ja varren tiivisteit\u00e4, k\u00e4ytet\u00e4\u00e4n varmistamaan, ett\u00e4 hydraulineste pysyy sylinterin sis\u00e4ll\u00e4. Kest\u00e4vien materiaalien, kuten polyuretaanin ja nitriilikumin, k\u00e4ytt\u00f6 parantaa kulumiskest\u00e4vyytt\u00e4 ja ymp\u00e4rist\u00f6tekij\u00f6iden kest\u00e4vyytt\u00e4. Lis\u00e4ksi sylinterin runko ja kierteitetyt p\u00e4\u00e4t k\u00e4yv\u00e4t l\u00e4pi hienojakoisia ty\u00f6st\u00f6prosesseja kulumiskest\u00e4vyyden parantamiseksi, mik\u00e4 edist\u00e4\u00e4 kokonaistehokkuutta. S\u00e4\u00e4nn\u00f6llinen voitelu hydrauli\u00f6ljyll\u00e4 on v\u00e4ltt\u00e4m\u00e4t\u00f6nt\u00e4 sujuvan toiminnan varmistamiseksi ja ennenaikaisen kulumisen est\u00e4miseksi, joten optimaalisen suorituskyvyn yll\u00e4pit\u00e4miseksi on teht\u00e4v\u00e4 s\u00e4\u00e4nn\u00f6llisi\u00e4 tarkastuksia.<\/p>\n<h2>S\u00e4\u00e4nn\u00f6lliset tarkastukset ja ennaltaehk\u00e4isev\u00e4 huolto<\/h2>\n<ul>\n<li><strong>S\u00e4\u00e4nn\u00f6lliset tarkastukset:<\/strong> S\u00e4\u00e4nn\u00f6llisten silm\u00e4m\u00e4\u00e4r\u00e4isten ja toiminnallisten tarkastusten suorittaminen voi auttaa tunnistamaan kulumisen merkit tai vauriot varhaisessa vaiheessa ja ehk\u00e4isem\u00e4\u00e4n lis\u00e4ongelmia.<\/li>\n<li><strong>Voitelu:<\/strong> Riitt\u00e4v\u00e4n voitelun yll\u00e4pit\u00e4minen on v\u00e4ltt\u00e4m\u00e4t\u00f6nt\u00e4 sujuvan toiminnan ja pitk\u00e4n k\u00e4ytt\u00f6i\u00e4n kannalta. Varmista, ett\u00e4 hydrauliikka\u00f6ljyn tasoja seurataan ja niit\u00e4 t\u00e4ydennet\u00e4\u00e4n tarvittaessa.<\/li>\n<li><strong>Tiivisteen vaihto:<\/strong> Tarkista tiivisteiden kuluminen s\u00e4\u00e4nn\u00f6llisesti ja vaihda ne viipym\u00e4tt\u00e4 nestevuotojen est\u00e4miseksi ja hydraulisen tehokkuuden yll\u00e4pit\u00e4miseksi.<\/li>\n<\/ul>\n<h2>Asennusohjeet<\/h2>\n<p>Puomisylinterien oikea asennus on elint\u00e4rke\u00e4\u00e4 optimaalisen suorituskyvyn varmistamiseksi. Aloita varmistamalla, ett\u00e4 ty\u00f6tila on puhdas ja roskaton. Kohdista sylinteri tarkasti kiinnityspisteisiin k\u00e4ytt\u00e4m\u00e4ll\u00e4 sopivia asennuskiinnikkeit\u00e4 kiinnitt\u00e4\u00e4ksesi sen paikalleen. Noudata valmistajan ohjeita v\u00e4\u00e4nt\u00f6momenttien suhteen varmistaaksesi tiukan istuvuuden. Oikea kohdistus on ratkaisevan t\u00e4rke\u00e4\u00e4 sylinterin kohtuuttoman rasituksen est\u00e4miseksi k\u00e4yt\u00f6n aikana. Asennuksen j\u00e4lkeen suorita perusteellinen tarkastus ja testaa hydraulij\u00e4rjestelm\u00e4 varmistaaksesi, ett\u00e4 kaikki toimii oikein. S\u00e4\u00e4d\u00f6t voivat olla tarpeen suorituskyvyn optimoimiseksi.<\/p>\n<h2>Huoltoteht\u00e4v\u00e4t<\/h2>\n<ul>\n<li><strong>S\u00e4\u00e4nn\u00f6lliset tarkastukset:<\/strong> Suorita s\u00e4\u00e4nn\u00f6lliset tarkistukset vuotojen, kulumisen ja yleisen kunnon varalta. Ongelmien varhainen havaitseminen voi est\u00e4\u00e4 vakavia vikoja ja kalliita korjauksia.<\/li>\n<li><strong>Oikea voitelu:<\/strong> Varmista, ett\u00e4 hydrauliikka\u00f6ljy\u00e4 lis\u00e4t\u00e4\u00e4n s\u00e4\u00e4nn\u00f6llisesti sujuvan toiminnan yll\u00e4pit\u00e4miseksi ja kulumisen est\u00e4miseksi. Noudata valmistajien ohjeita voiteluv\u00e4leist\u00e4.<\/li>\n<li><strong>Tiivisteiden vaihto ja kalibrointitarkastukset:<\/strong> Tarkasta tiivisteet s\u00e4\u00e4nn\u00f6llisesti ja vaihda ne tarvittaessa. Hydraulij\u00e4rjestelm\u00e4n kalibrointi varmistaa tarkan toiminnan ja voi auttaa ehk\u00e4isem\u00e4\u00e4n tulevia ongelmia.<\/li>\n<\/ul>\n<h2>Turvallisuusn\u00e4k\u00f6kohdat ja ymp\u00e4rist\u00f6tekij\u00e4t<\/h2>\n<p>Puomisylintereit\u00e4 k\u00e4ytett\u00e4ess\u00e4 turvatoimenpiteet ovat ensiarvoisen t\u00e4rkeit\u00e4. K\u00e4ytt\u00e4j\u00e4t tulee kouluttaa ymm\u00e4rt\u00e4m\u00e4\u00e4n hydraulij\u00e4rjestelmiin liittyv\u00e4t mahdolliset riskit. Asianmukaisia \u200b\u200bhenkil\u00f6nsuojaimia on k\u00e4ytett\u00e4v\u00e4 aina. Ymp\u00e4rist\u00f6tekij\u00e4t, kuten altistuminen \u00e4\u00e4rimm\u00e4isille l\u00e4mp\u00f6tiloille ja sy\u00f6vytt\u00e4ville aineille, on my\u00f6s otettava huomioon puomisylintereit\u00e4 valittaessa ja huollettaessa. Turvallisuusprotokollien toteuttaminen ja s\u00e4\u00e4nn\u00f6llinen koulutus voivat merkitt\u00e4v\u00e4sti v\u00e4hent\u00e4\u00e4 onnettomuuksia ja parantaa ty\u00f6paikan turvallisuutta.<\/p>\n<h2>Yleisten ongelmien vianm\u00e4\u00e4ritys<\/h2>\n<ul>\n<li><strong>Nestevuodot:<\/strong> Tarkista tiivisteet ja liitokset kulumisen tai vaurioiden varalta ja varmista, ett\u00e4 hydraulinesteen taso pysyy tasaisena.<\/li>\n<li><strong>Hidas toiminta:<\/strong> T\u00e4m\u00e4 voi viitata alhaiseen hydraulinesteen tasoon tai ilmaan j\u00e4rjestelm\u00e4ss\u00e4. Ilmaa j\u00e4rjestelm\u00e4 ja tarkista mahdolliset tukokset.<\/li>\n<li><strong>Reagoimaton sylinteri:<\/strong> Varmista, ett\u00e4 hydraulinen paine on riitt\u00e4v\u00e4 ja ett\u00e4 kaikki liit\u00e4nn\u00e4t ovat tiukasti kiinni. Tutki mahdolliset tukokset hydrauliikkalinjoissa.<\/li>\n<\/ul>\n<h2>Vianm\u00e4\u00e4ritysvinkkej\u00e4<\/h2>\n<p>Tehokkaan vianm\u00e4\u00e4rityksen varmistamiseksi yll\u00e4pid\u00e4 yksityiskohtaista huoltolokia ongelmien ja korjausten seuraamiseksi. Tarkista s\u00e4\u00e4nn\u00f6llisesti operatiivisen suorituskyvyn tiedot tunnistaaksesi trendit, jotka voivat viitata taustalla oleviin ongelmiin. Toteuta ennaltaehk\u00e4isevi\u00e4 toimenpiteit\u00e4, kuten rutiinihuoltoa ja tarkastuksia, mahdollisten ongelmien minimoimiseksi. K\u00e4ytt\u00e4jien kouluttaminen ongelmien varhaisten merkkien tunnistamiseen voi parantaa j\u00e4rjestelm\u00e4n yleist\u00e4 luotettavuutta.<\/p>\n<p><img decoding=\"async\" src=\"https:\/\/www.hydraulic-cylinders.net\/wp-content\/uploads\/2025\/04\/songte-bushings-with-all-kinds-of-excavator-models.webp\" alt=\"Kaivinkoneen holkit\"><\/p>\n<h2>Tietoa yrityksest\u00e4mme<\/h2>\n<p>Olemme varaosien hydraulisylintereiden valmistaja ja tarjoamme kattavan tuotevalikoiman, joka tekee meist\u00e4 yhden johtavista valmistajista ja tukkumyyjist\u00e4 sek\u00e4 kotimaisilla ett\u00e4 kansainv\u00e4lisill\u00e4 markkinoilla. Noudatamme poikkeuksellisia laatustandardeja hy\u00f6dynt\u00e4en hienostunutta valmistuspajaamme ja teollisen tuotannon hallintastrategiaa. Yrityksemme parantaa jatkuvasti tuotantoalustaansa teknisen osaamisen, digitaalisten huippuluokan valmistuslaitteiden ja erikoistuneiden testausj\u00e4rjestelmien avulla varmistaen tehokkaat tuotantoreitit ja erinomaisen tuotteiden laadun.<\/p>\n<p><img decoding=\"async\" src=\"https:\/\/www.hydraulic-cylinders.net\/wp-content\/uploads\/2025\/04\/songte-company-4.webp\" alt=\"Yrityksen yleiskatsaus\"><br \/>\n<img decoding=\"async\" src=\"https:\/\/www.hydraulic-cylinders.net\/wp-content\/uploads\/2025\/04\/songte-company-3.webp\" alt=\"Valmistusprosessi\"><\/p>\n<p>Sitoutumisemme erikoistumiseen, kansainv\u00e4lisiin sertifiointeihin, r\u00e4\u00e4t\u00e4l\u00f6it\u00e4viin palveluihin, edistyneisiin tuotantolaitteisiin ja poikkeukselliseen j\u00e4lkimarkkinointitukeen varmistavat, ett\u00e4 vastaamme asiakkaidemme monipuolisiin tarpeisiin tehokkaasti.<\/p>\n<p>Kirjoittaja: lyl<\/p>","protected":false},"excerpt":{"rendered":"<p>Boom Cylinder For Zhenyu Small Excavator ZY330 Introduction to Boom Cylinders The Boom Cylinder is a vital component in the hydraulic system of heavy machinery, specifically designed for controlling the movement of excavator buckets. It plays a crucial role in enabling tasks such as lifting, lowering, and tilting the bucket, facilitating efficient material handling operations. [&hellip;]<\/p>","protected":false},"featured_media":17869,"comment_status":"open","ping_status":"closed","template":"","meta":{"_et_pb_use_builder":"","_et_pb_old_content":"","_et_gb_content_width":""},"product_brand":[],"product_cat":[1546],"product_tag":[1547,1496],"class_list":{"0":"post-19455","1":"product","2":"type-product","3":"status-publish","4":"has-post-thumbnail","6":"product_cat-boom-cylinders","7":"product_tag-boom-cylinders","8":"product_tag-hydraulic-cylinders","10":"first","11":"instock","12":"shipping-taxable","13":"product-type-simple"},"amp_enabled":true,"_links":{"self":[{"href":"https:\/\/www.hydraulic-cylinders.net\/fi\/wp-json\/wp\/v2\/product\/19455","targetHints":{"allow":["GET"]}}],"collection":[{"href":"https:\/\/www.hydraulic-cylinders.net\/fi\/wp-json\/wp\/v2\/product"}],"about":[{"href":"https:\/\/www.hydraulic-cylinders.net\/fi\/wp-json\/wp\/v2\/types\/product"}],"replies":[{"embeddable":true,"href":"https:\/\/www.hydraulic-cylinders.net\/fi\/wp-json\/wp\/v2\/comments?post=19455"}],"wp:featuredmedia":[{"embeddable":true,"href":"https:\/\/www.hydraulic-cylinders.net\/fi\/wp-json\/wp\/v2\/media\/17869"}],"wp:attachment":[{"href":"https:\/\/www.hydraulic-cylinders.net\/fi\/wp-json\/wp\/v2\/media?parent=19455"}],"wp:term":[{"taxonomy":"product_brand","embeddable":true,"href":"https:\/\/www.hydraulic-cylinders.net\/fi\/wp-json\/wp\/v2\/product_brand?post=19455"},{"taxonomy":"product_cat","embeddable":true,"href":"https:\/\/www.hydraulic-cylinders.net\/fi\/wp-json\/wp\/v2\/product_cat?post=19455"},{"taxonomy":"product_tag","embeddable":true,"href":"https:\/\/www.hydraulic-cylinders.net\/fi\/wp-json\/wp\/v2\/product_tag?post=19455"}],"curies":[{"name":"wp","href":"https:\/\/api.w.org\/{rel}","templated":true}]}}