{"id":19463,"date":"2025-04-07T06:48:56","date_gmt":"2025-04-07T06:48:56","guid":{"rendered":"https:\/\/www.hydraulic-cylinders.net\/product\/boom-cylinder-for-world-middle-excavator-w2215-8\/"},"modified":"2025-04-07T06:48:59","modified_gmt":"2025-04-07T06:48:59","slug":"boom-cylinder-for-world-middle-excavator-w2215-8","status":"publish","type":"product","link":"https:\/\/www.hydraulic-cylinders.net\/fi\/tuote\/boom-cylinder-for-world-middle-excavator-w2215-8\/","title":{"rendered":"Puomin sylinteri World Middle -kaivukoneelle W2215-8"},"content":{"rendered":"<h1>Puomin sylinteri World Middle -kaivukoneelle W2215-8<\/h1>\n<h2>Puomin sylinterin yleiskatsaus<\/h2>\n<p>Puomin sylinteri on hydraulij\u00e4rjestelmien t\u00e4rke\u00e4 osa, ja se on erityisesti suunniteltu ohjaamaan kauhojen liikett\u00e4 erilaisissa raskaissa koneissa, kuten kaivinkoneissa, kaivurikuormaajissa ja etukuormaajissa. T\u00e4m\u00e4 hydraulisylinteri mahdollistaa kauhan nostamisen, laskemisen ja kallistumisen, mik\u00e4 helpottaa tehokkaita materiaalink\u00e4sittelyteht\u00e4vi\u00e4. Pohjimmiltaan puomin sylinteri muuntaa hydraulisen paineen lineaariseksi liikkeeksi, jolloin k\u00e4ytt\u00e4j\u00e4t voivat suorittaa monimutkaisia \u200b\u200bkaivu-, lastaus- ja nostoteht\u00e4vi\u00e4 tarkasti ja helposti.<\/p>\n<p><img decoding=\"async\" src=\"https:\/\/www.hydraulic-cylinders.net\/wp-content\/uploads\/2025\/04\/songte-company-1.webp\" alt=\"Puomin sylinteri\" \/><\/p>\n<h2>Puomin sylinterin ominaisuudet<\/h2>\n<ul>\n<li>\n<h3>Korkea lujuus ja kest\u00e4vyys<\/h3>\n<p>Erikoislujuuster\u00e4ksest\u00e4 tai alumiinista valmistetut puomisylinterit on suunniteltu kest\u00e4m\u00e4\u00e4n korkeaa painetta ja raskaita kuormia vaativissa ty\u00f6ymp\u00e4rist\u00f6iss\u00e4. Niiden rakenteessa on keskitytty kulumiskest\u00e4vyyteen ja korroosiosuojaukseen, mik\u00e4 pident\u00e4\u00e4 niiden k\u00e4ytt\u00f6ik\u00e4\u00e4 merkitt\u00e4v\u00e4sti.<\/p>\n<\/li>\n<li>\n<h3>Tehokas hydraulinen k\u00e4ytt\u00f6<\/h3>\n<p>Puomin sylinteri hy\u00f6dynt\u00e4\u00e4 hydrauli\u00f6ljyn painetta tasaisten ojennus- ja sis\u00e4\u00e4nvetoliikkeiden saavuttamiseksi. T\u00e4m\u00e4 mahdollistaa nopean reagoinnin ohjauskomentoihin ja tarjoaa voimakkaan ty\u00f6nt\u00f6- ja vetovoiman, mik\u00e4 tekee siit\u00e4 ihanteellisen raskaiden materiaalien k\u00e4sittelyyn ja monimutkaisiin operatiivisiin teht\u00e4viin.<\/p>\n<\/li>\n<li>\n<h3>Erilaiset tyypit<\/h3>\n<p>Puomisylinterit ovat saatavilla useissa eri kokoonpanoissa, ja ne voidaan valita yksitoimisiksi (toimivat yhteen suuntaan) tai kaksitoimisiksi (toimivat molempiin suuntiin) erilaisten k\u00e4ytt\u00f6tarpeiden mukaan. Joissakin malleissa on teleskooppirakenne, joka mahdollistaa suuremman jatkeen ilman ulkomittojen kasvua, mik\u00e4 sopii ahtaisiin sovelluksiin.<\/p>\n<\/li>\n<\/ul>\n<h2>Tuotantokapasiteetit<\/h2>\n<p>Yrityksemme on erikoistunut puomisylintereiden valmistukseen, mik\u00e4 varmistaa, ett\u00e4 tuotteemme korvaavat t\u00e4ydellisesti olemassa olevat hydraulisylinterit erilaisissa sovelluksissa.<\/p>\n<p><img decoding=\"async\" src=\"https:\/\/www.hydraulic-cylinders.net\/wp-content\/uploads\/2025\/04\/songte-cylinder-head-with-all-kinds-excavator-models.webp\" alt=\"Kaivinkonemallit\" \/><\/p>\n<h2>Puomisylinterien sovellukset<\/h2>\n<ul>\n<li>\n<h3>Rakennuslaitteet<\/h3>\n<p>In excavators, boom cylinders play a vital role in digging, loading, and moving soil or debris. Their ability to control the bucket&#8217;s angle and depth allows for efficient excavation processes. In backhoe loaders, these cylinders assist not only in digging but also in lifting materials, enhancing overall productivity on construction sites.<\/p>\n<\/li>\n<li>\n<h3>Maatalouskoneet<\/h3>\n<p>Etukuormaajissa k\u00e4ytett\u00e4v\u00e4t puomisylinterit ovat v\u00e4ltt\u00e4m\u00e4tt\u00f6mi\u00e4 maaper\u00e4n, hein\u00e4n ja muiden materiaalien kaivamiseen, nostamiseen ja kuljettamiseen. Niiden luotettava suorituskyky edist\u00e4\u00e4 tehokasta maataloustoimintaa ja mahdollistaa maataloustuotteiden nopean k\u00e4sittelyn.<\/p>\n<\/li>\n<li>\n<h3>Kaivaminen<\/h3>\n<p>Puomisylinterit mahdollistavat kaivinkoneiden tehokkaan tunkeutumisen maaper\u00e4\u00e4n, mik\u00e4 helpottaa kaivuprosessia. T\u00e4m\u00e4 ominaisuus on ratkaisevan t\u00e4rke\u00e4 erilaisissa kaivuprojekteissa, kuten perustuksissa, maisemoinnissa ja kunnallistekniikan asennuksessa, joissa vaaditaan tarkkaa kaivamista.<\/p>\n<\/li>\n<li>\n<h3>Kuormaajat<\/h3>\n<p>Etukuormaajissa puomisylinterit auttavat materiaalien tehokkaassa nostamisessa ja tyhjent\u00e4misess\u00e4. Niiden rakenne varmistaa, ett\u00e4 kuormat voidaan nostaa ja kallistaa turvallisesti, mik\u00e4 lis\u00e4\u00e4 monipuolisuutta materiaalink\u00e4sittelyteht\u00e4viss\u00e4 ty\u00f6mailla.<\/p>\n<\/li>\n<\/ul>\n<h2>Puomisylinterien suunnittelun\u00e4k\u00f6kohtia<\/h2>\n<ul>\n<li>\n<h3>Kantavuus<\/h3>\n<p>Ensisijainen suunnittelukriteeri on puomisylinterin kuormituskyky. Jokainen sylinteri on suunniteltava kest\u00e4m\u00e4\u00e4n odotettu enimm\u00e4iskuorma vaarantamatta turvallisuutta tai suorituskyky\u00e4. Sopivan kuormituskyvyn laskeminen edellytt\u00e4\u00e4 materiaalien painon, k\u00e4ytt\u00f6ymp\u00e4rist\u00f6n ja koneen k\u00e4ytt\u00f6tarkoituksen arviointia. Suurikapasiteettiset sylinterit on rakennettava kest\u00e4vist\u00e4 materiaaleista, jotta ne eiv\u00e4t vaurioidu \u00e4\u00e4rimm\u00e4isiss\u00e4 olosuhteissa ja varmistavat luotettavuuden ja turvallisuuden k\u00e4yt\u00f6n aikana.<\/p>\n<\/li>\n<li>\n<h3>Tiivistyskyky<\/h3>\n<p>Tehokas tiivistys on ratkaisevan t\u00e4rke\u00e4\u00e4 hydraulij\u00e4rjestelmiss\u00e4 vuotojen est\u00e4miseksi ja paineen yll\u00e4pit\u00e4miseksi. Puomin sylinterit on suunniteltu edistyneill\u00e4 tiivistystekniikoilla, joissa k\u00e4ytet\u00e4\u00e4n materiaaleja, kuten polyuretaania tai nitriilikumia, kest\u00e4vyyden ja kulumisenkest\u00e4vyyden parantamiseksi. Suunnittelun on varmistettava, ett\u00e4 tiivisteet pysyv\u00e4t tehokkaina vaihtelevissa l\u00e4mp\u00f6tiloissa, paineissa ja hydraulinesteille altistumisessa. S\u00e4\u00e4nn\u00f6llinen huolto ja tarkastukset ovat v\u00e4ltt\u00e4m\u00e4tt\u00f6mi\u00e4 tiivisteiden ehjyyden varmistamiseksi, sill\u00e4 kaikki heikkeneminen voi johtaa suorituskykyongelmiin ja lis\u00e4t\u00e4 k\u00e4ytt\u00f6kustannuksia.<\/p>\n<\/li>\n<li>\n<h3>Kest\u00e4vyys<\/h3>\n<p>Kest\u00e4vyys on keskeinen tekij\u00e4 puomisylinterien suunnittelussa. Niiden on kestett\u00e4v\u00e4 ankaria k\u00e4ytt\u00f6olosuhteita, mukaan lukien altistuminen hankaaville hiukkasille, \u00e4\u00e4rimm\u00e4isille l\u00e4mp\u00f6tiloille ja sy\u00f6vytt\u00e4ville aineille. Valmistajat lis\u00e4\u00e4v\u00e4t usein ominaisuuksia, kuten kovakromausta ja erikoispinnoitteita pinnan kovuuden ja korroosionkest\u00e4vyyden parantamiseksi. T\u00e4m\u00e4 kest\u00e4vyyden huomioiminen ei ainoastaan \u200b\u200bpidenn\u00e4 sylinterien k\u00e4ytt\u00f6ik\u00e4\u00e4, vaan my\u00f6s v\u00e4hent\u00e4\u00e4 korjausten ja vaihtojen tiheytt\u00e4, mik\u00e4 johtaa kustannuss\u00e4\u00e4st\u00f6ihin k\u00e4ytt\u00e4jille.<\/p>\n<\/li>\n<li>\n<h3>Turvaominaisuudet<\/h3>\n<p>Turvallisuus on ensiarvoisen t\u00e4rke\u00e4\u00e4 hydrauliikkakomponenttien suunnittelussa. Puomisylinterit on varustettu ominaisuuksilla, kuten paineenalennusventtiileill\u00e4, jotka auttavat est\u00e4m\u00e4\u00e4n ylipaineistuksen ja mahdolliset rikkoutumiset. Suunnittelussa on otettava huomioon my\u00f6s sylinterin yleinen rakenteellinen eheys, jotta se kest\u00e4\u00e4 odottamattomia iskuja tai kuormia. S\u00e4\u00e4nn\u00f6lliset tarkastukset ja turvallisuusprotokollien noudattaminen voivat auttaa lievent\u00e4m\u00e4\u00e4n hydrauliikkalaitteiden vikaantumiseen liittyvi\u00e4 riskej\u00e4 ja varmistamaan turvallisen k\u00e4yt\u00f6n erilaisissa sovelluksissa.<\/p>\n<\/li>\n<li>\n<h3>Huollon helppous<\/h3>\n<p>Puomisylinterien suunnittelu helposti huollettaviksi voi parantaa huomattavasti toiminnan tehokkuutta. Ominaisuudet, kuten helposti saavutettavat rasvanipat ja modulaariset komponentit, mahdollistavat nopeamman huollon ja vaihdon. Hyvin harkittu suunnittelu helpottaa rutiinihuoltoteht\u00e4vi\u00e4, v\u00e4hent\u00e4\u00e4 seisokkiaikoja ja parantaa tuottavuutta. Valmistajien tulisi my\u00f6s tarjota selke\u00e4t ohjeet ja dokumentaatio huoltomenettelyist\u00e4 varmistaakseen, ett\u00e4 k\u00e4ytt\u00e4j\u00e4t voivat tehokkaasti huolehtia laitteistaan.<\/p>\n<\/li>\n<\/ul>\n<p><img decoding=\"async\" src=\"https:\/\/www.hydraulic-cylinders.net\/wp-content\/uploads\/2025\/04\/songte-oil-pipes-and-spare-parts.webp\" alt=\"\u00d6ljyputket ja varaosat\" \/><\/p>\n<h2>Puomisylinterien tiivistys ja voitelu<\/h2>\n<p>Asianmukainen tiivistys ja voitelu ovat elint\u00e4rkeit\u00e4 puomisylinterien optimaalisen suorituskyvyn kannalta. Erilaiset tiivistyskomponentit, kuten m\u00e4nn\u00e4ntiivisteet ja varren tiivisteet, ovat ratkaisevan t\u00e4rkeit\u00e4 vuotojen est\u00e4misess\u00e4 ja paineen yll\u00e4pit\u00e4misess\u00e4. Tiivistemateriaalien, kuten polyuretaanin ja nitriilikumin, valinta varmistaa kest\u00e4vyyden ja kulumisenkest\u00e4vyyden, mik\u00e4 on olennaista korkeapaineymp\u00e4rist\u00f6iss\u00e4. Lis\u00e4ksi sylinterin runko ja kierteitetyt p\u00e4\u00e4typinnat on hienosti k\u00e4sitelty kulumisenkest\u00e4vyyden parantamiseksi.<\/p>\n<p>S\u00e4\u00e4nn\u00f6llinen voitelu hydrauliikka\u00f6ljyll\u00e4 on v\u00e4ltt\u00e4m\u00e4t\u00f6nt\u00e4 sujuvan toiminnan varmistamiseksi ja liikkuvien osien v\u00e4lisen kitkan v\u00e4hent\u00e4miseksi. K\u00e4ytt\u00e4jien tulee seurata \u00f6ljytasoja ja lis\u00e4t\u00e4 voiteluainetta tarvittaessa optimaalisen suorituskyvyn yll\u00e4pit\u00e4miseksi. Rutiininomaisen voiteluohjelman toteuttaminen voi pident\u00e4\u00e4 merkitt\u00e4v\u00e4sti hydrauliikkaj\u00e4rjestelm\u00e4n k\u00e4ytt\u00f6ik\u00e4\u00e4 ja est\u00e4\u00e4 laiminly\u00f6nnist\u00e4 johtuvia kalliita korjauksia.<\/p>\n<h2>Ennaltaehk\u00e4isev\u00e4t huoltotoimenpiteet<\/h2>\n<ul>\n<li>\n<h3>S\u00e4\u00e4nn\u00f6lliset tarkastukset<\/h3>\n<p>Puomisylinterien s\u00e4\u00e4nn\u00f6lliset tarkastukset ovat olennaisia \u200b\u200bkulumisen, vuotojen tai vaurioiden merkkien tunnistamiseksi. K\u00e4ytt\u00e4j\u00e4n tulee tarkistaa tiivisteet, liitokset ja sylinterin runko mahdollisten poikkeavuuksien varalta. Tarkastusten aikana havaittujen ongelmien nopea korjaaminen voi est\u00e4\u00e4 merkitt\u00e4v\u00e4mpi\u00e4 ongelmia ja varmistaa, ett\u00e4 laitteet toimivat turvallisesti.<\/p>\n<\/li>\n<li>\n<h3>Asianmukainen voitelu<\/h3>\n<p>Oikean voitelun yll\u00e4pit\u00e4minen on ratkaisevan t\u00e4rke\u00e4\u00e4 puomisylinterien pitk\u00e4ik\u00e4isyyden kannalta. Kuljettajien tulee noudattaa valmistajan suosituksia voiteluv\u00e4leist\u00e4 ja varmistaa, ett\u00e4 k\u00e4ytet\u00e4\u00e4n oikeanlaista hydrauliikka\u00f6ljy\u00e4. \u00d6ljytasojen s\u00e4\u00e4nn\u00f6llinen tarkistaminen ja t\u00e4ydent\u00e4minen auttaa v\u00e4ltt\u00e4m\u00e4\u00e4n sylinterien osien liiallista kulumista.<\/p>\n<\/li>\n<li>\n<h3>Tiivisteen vaihto<\/h3>\n<p>Ajan my\u00f6t\u00e4 tiivisteet voivat kulua ja menett\u00e4\u00e4 tehokkuutensa. On eritt\u00e4in t\u00e4rke\u00e4\u00e4 vaihtaa tiivisteet heti ensimm\u00e4isten heikkenemisen oireiden ilmetess\u00e4 vuotojen est\u00e4miseksi ja hydraulisen paineen yll\u00e4pit\u00e4miseksi. K\u00e4ytt\u00e4j\u00e4n tulee pit\u00e4\u00e4 varastossa vaihtotiivisteit\u00e4 ja noudattaa aikataulutettua huoltosuunnitelmaa varmistaakseen oikea-aikaisen vaihdon.<\/p>\n<\/li>\n<\/ul>\n<h2>Puomisylinterien asennusohjeet<\/h2>\n<p>Puomisylinterin asentaminen vaatii huolellista huomiota yksityiskohtiin optimaalisen suorituskyvyn ja pitk\u00e4n k\u00e4ytt\u00f6i\u00e4n varmistamiseksi. T\u00e4ss\u00e4 on joitakin t\u00e4rkeit\u00e4 ohjeita:<\/p>\n<ul>\n<li>Varmista, ett\u00e4 ty\u00f6alue on puhdas ja vapaa roskista, jotta v\u00e4ltyt\u00e4\u00e4n kontaminaatiolta asennuksen aikana.<\/li>\n<li>K\u00e4yt\u00e4 sopivia kohdistusty\u00f6kaluja sylinterin kohdistamiseksi oikein kiinnityspisteisiin. V\u00e4\u00e4r\u00e4 kohdistus voi aiheuttaa ennenaikaista kulumista ja rikkoutumista.<\/li>\n<li>Employ suitable mounting brackets to secure the cylinder in place. Ensure that all fasteners are tightened to the manufacturer&#8217;s specifications.<\/li>\n<li>Tarkista hydrauliikkaliitokset vuotojen varalta asennuksen j\u00e4lkeen. Suorita painekoe varmistaaksesi j\u00e4rjestelm\u00e4n eheyden ennen laitteen uudelleen k\u00e4ytt\u00f6\u00f6nottoa.<\/li>\n<li>Tarkista k\u00e4ytt\u00f6oppaasta mahdolliset asennussuositukset tai -vaatimukset varmistaaksesi turvallisuusstandardien noudattamisen.<\/li>\n<\/ul>\n<h2>Yleiset huoltoteht\u00e4v\u00e4t<\/h2>\n<ul>\n<li>\n<h3>S\u00e4\u00e4nn\u00f6lliset tarkastukset<\/h3>\n<p>Puomin sylinterin s\u00e4\u00e4nn\u00f6lliset tarkastukset ovat v\u00e4ltt\u00e4m\u00e4tt\u00f6mi\u00e4 mahdollisten ongelmien havaitsemiseksi varhaisessa vaiheessa. Etsi vuotoja, korroosiota tai fyysisi\u00e4 vaurioita. Dokumentoi ja korjaa kaikki l\u00f6yd\u00f6kset viipym\u00e4tt\u00e4, jotta v\u00e4ltyt\u00e4\u00e4n suuremmilta ongelmilta my\u00f6hemmin.<\/p>\n<\/li>\n<li>\n<h3>Asianmukainen voitelu<\/h3>\n<p>Lubrication should be performed regularly according to the manufacturer&#8217;s guidelines. Ensure that the right hydraulic oil is used and that lubrication points are easily accessible for maintenance. Proper lubrication minimizes wear and tear on moving parts, enhancing cylinder performance.<\/p>\n<\/li>\n<li>\n<h3>Tiivisteen vaihto ja kalibrointi<\/h3>\n<p>Tarkkaile tiivisteiden kuntoa ja vaihda ne, kun kulumisen merkkej\u00e4 on havaittavissa. Hydraulij\u00e4rjestelm\u00e4n kalibrointi on my\u00f6s ratkaisevan t\u00e4rke\u00e4\u00e4 optimaalisen suorituskyvyn yll\u00e4pit\u00e4miseksi. Noudata valmistajan ohjeita kaikkien tarvittavien s\u00e4\u00e4t\u00f6jen suhteen oikean toiminnan varmistamiseksi.<\/p>\n<\/li>\n<\/ul>\n<p><img decoding=\"async\" src=\"https:\/\/www.hydraulic-cylinders.net\/wp-content\/uploads\/2025\/04\/songte-chushion-collar.webp\" alt=\"Tyynykaulus\" \/><\/p>\n<h2>Turvallisuusn\u00e4k\u00f6kohdat ja ymp\u00e4rist\u00f6tekij\u00e4t<\/h2>\n<p>Puomisylintereiden kanssa ty\u00f6skennelt\u00e4ess\u00e4 on asetettava etusijalle turvatoimenpiteet k\u00e4ytt\u00e4jien ja laitteiden suojaamiseksi. Hydraulij\u00e4rjestelm\u00e4n k\u00e4yt\u00f6n asianmukainen koulutus on v\u00e4ltt\u00e4m\u00e4t\u00f6nt\u00e4 onnettomuuksien ehk\u00e4isemiseksi. K\u00e4ytt\u00e4jien on aina k\u00e4ytett\u00e4v\u00e4 asianmukaisia \u200b\u200bsuojavarusteita ja noudatettava vakiintuneita turvallisuusprotokollia hydraulisiin vikoihin liittyvien riskien minimoimiseksi.<\/p>\n<p>My\u00f6s ymp\u00e4rist\u00f6tekij\u00e4t, kuten hydraulinesteiden vaikutus paikallisiin ekosysteemeihin, on otettava huomioon. Vuotojen ehk\u00e4isytoimenpiteiden toteuttaminen ja ymp\u00e4rist\u00f6yst\u00e4v\u00e4llisten hydrauli\u00f6ljyjen k\u00e4ytt\u00f6 voivat auttaa v\u00e4hent\u00e4m\u00e4\u00e4n ymp\u00e4rist\u00f6haittojen mahdollisuutta. S\u00e4\u00e4nn\u00f6llisen turvallisuuden ja ymp\u00e4rist\u00f6nsuojelun parhaiden k\u00e4yt\u00e4nt\u00f6jen koulutuksen tulisi olla osa toimintatapoja.<\/p>\n<h2>Vianm\u00e4\u00e4ritys ja yleiset ongelmat<\/h2>\n<ul>\n<li>\n<h3>Vuoto-ongelmat<\/h3>\n<p>Hydraulij\u00e4rjestelm\u00e4n vuodot voivat johtua kuluneista tiivisteist\u00e4 tai vaurioituneista liitoksista. Jos vuoto havaitaan, on t\u00e4rke\u00e4\u00e4 tunnistaa sen l\u00e4hde ja puuttua siihen v\u00e4litt\u00f6m\u00e4sti, sill\u00e4 pienetkin vuodot voivat ajan my\u00f6t\u00e4 johtaa merkitt\u00e4viin suorituskykyongelmiin.<\/p>\n<\/li>\n<li>\n<h3>Heikentynyt suorituskyky<\/h3>\n<p>Jos puomin sylinteri ei toimi tasaisesti tai siit\u00e4 puuttuu tehoa, syyn\u00e4 voi olla alhainen hydrauli\u00f6ljyn taso tai likaantuminen. Tarkista nestetasot s\u00e4\u00e4nn\u00f6llisesti ja vaihda hydrauli\u00f6ljy, jos se n\u00e4ytt\u00e4\u00e4 likaiselta tai kuluneelta.<\/p>\n<\/li>\n<li>\n<h3>Melu k\u00e4yt\u00f6n aikana<\/h3>\n<p>Ep\u00e4tavalliset \u00e4\u00e4net k\u00e4yt\u00f6n aikana voivat viitata sis\u00e4iseen kulumiseen tai vaurioihin. On t\u00e4rke\u00e4\u00e4 tutkia kaikki ep\u00e4normaalit \u00e4\u00e4net viipym\u00e4tt\u00e4, sill\u00e4 ne voivat olla merkkej\u00e4 syvemmist\u00e4 mekaanisista ongelmista j\u00e4rjestelm\u00e4ss\u00e4.<\/p>\n<\/li>\n<\/ul>\n<p>Ongelmien tehokkaaksi diagnosoimiseksi ja ratkaisemiseksi k\u00e4ytt\u00e4jien tulee suorittaa rutiinitarkastuksia ja pit\u00e4\u00e4 yll\u00e4 yksityiskohtaista kirjaa kaikista kohtaamistaan \u200b\u200bongelmista. Toteuttaa ennaltaehk\u00e4isevi\u00e4 toimenpiteit\u00e4, kuten s\u00e4\u00e4nn\u00f6llisi\u00e4 huoltoaikatauluja ja j\u00e4rjestelm\u00e4n valvontaa, mahdollisten ongelmien minimoimiseksi.<\/p>\n<p><img decoding=\"async\" src=\"https:\/\/www.hydraulic-cylinders.net\/wp-content\/uploads\/2025\/04\/songte-bushings-with-all-kinds-of-excavator-models.webp\" alt=\"Kaivinkonemallien holkit\" \/><\/p>\n<h2>Yrityksen esittely<\/h2>\n<p>Olemme johtava hydraulisten sylinterien vaihto-osien valmistaja, jolla on kattava valikoima tuotteita, jotka vastaavat kotimaisten ja kansainv\u00e4listen markkinoiden monipuolisiin tarpeisiin. Sitoutumisemme huippuosaamiseen heijastuu huolellisissa valmistuksenohjausstrategioissamme, jotka perustuvat ammattitaitoiseen henkil\u00f6st\u00f6\u00f6n, edistyneisiin digitaalisiin valmistuslaitteisiin ja erikoistuneisiin testausj\u00e4rjestelmiin. T\u00e4m\u00e4 sitoutuminen laatuun antaa meille mahdollisuuden parantaa tuotantokapasiteettiamme jatkuvasti ja vastata asiakkaiden kysynt\u00e4\u00e4n tehokkaasti.<\/p>\n<p>Yrityksemme erottuu alalla ammattitaitoon keskittymisell\u00e4mme, kansainv\u00e4lisill\u00e4 sertifioinneillamme ja r\u00e4\u00e4t\u00e4l\u00f6idyill\u00e4 palveluillamme. K\u00e4yt\u00e4mme huippuluokan tuotantolaitteita ja yll\u00e4pid\u00e4mme vankkaa j\u00e4lkimarkkinointitukea asiakastyytyv\u00e4isyyden varmistamiseksi. T\u00e4m\u00e4 kokonaisvaltainen l\u00e4hestymistapa mahdollistaa tuotteiden toimittamisen, jotka t\u00e4ytt\u00e4v\u00e4t korkeimmat laatu- ja suorituskykystandardit.<\/p>\n<p><img decoding=\"async\" src=\"https:\/\/www.hydraulic-cylinders.net\/wp-content\/uploads\/2025\/04\/songte-company-4.webp\" alt=\"Yrityksen yleiskatsaus\" \/><br \/>\n<img decoding=\"async\" src=\"https:\/\/www.hydraulic-cylinders.net\/wp-content\/uploads\/2025\/04\/songte-company-3.webp\" alt=\"Yrityksen tilat\" \/><\/p>\n<p>Kirjoittaja: lyl<\/p>","protected":false},"excerpt":{"rendered":"<p>Boom Cylinder For World Middle Excavator W2215-8 Overview of Boom Cylinder The boom cylinder is a crucial component in hydraulic systems, specifically designed to control the movement of buckets in various heavy machinery such as excavators, backhoe loaders, and front loaders. This hydraulic cylinder enables the bucket to lift, lower, and tilt, facilitating efficient material [&hellip;]<\/p>","protected":false},"featured_media":17877,"comment_status":"open","ping_status":"closed","template":"","meta":{"_et_pb_use_builder":"","_et_pb_old_content":"","_et_gb_content_width":""},"product_brand":[],"product_cat":[1546],"product_tag":[1547,1496],"class_list":{"0":"post-19463","1":"product","2":"type-product","3":"status-publish","4":"has-post-thumbnail","6":"product_cat-boom-cylinders","7":"product_tag-boom-cylinders","8":"product_tag-hydraulic-cylinders","10":"first","11":"instock","12":"shipping-taxable","13":"product-type-simple"},"amp_enabled":true,"_links":{"self":[{"href":"https:\/\/www.hydraulic-cylinders.net\/fi\/wp-json\/wp\/v2\/product\/19463","targetHints":{"allow":["GET"]}}],"collection":[{"href":"https:\/\/www.hydraulic-cylinders.net\/fi\/wp-json\/wp\/v2\/product"}],"about":[{"href":"https:\/\/www.hydraulic-cylinders.net\/fi\/wp-json\/wp\/v2\/types\/product"}],"replies":[{"embeddable":true,"href":"https:\/\/www.hydraulic-cylinders.net\/fi\/wp-json\/wp\/v2\/comments?post=19463"}],"wp:featuredmedia":[{"embeddable":true,"href":"https:\/\/www.hydraulic-cylinders.net\/fi\/wp-json\/wp\/v2\/media\/17877"}],"wp:attachment":[{"href":"https:\/\/www.hydraulic-cylinders.net\/fi\/wp-json\/wp\/v2\/media?parent=19463"}],"wp:term":[{"taxonomy":"product_brand","embeddable":true,"href":"https:\/\/www.hydraulic-cylinders.net\/fi\/wp-json\/wp\/v2\/product_brand?post=19463"},{"taxonomy":"product_cat","embeddable":true,"href":"https:\/\/www.hydraulic-cylinders.net\/fi\/wp-json\/wp\/v2\/product_cat?post=19463"},{"taxonomy":"product_tag","embeddable":true,"href":"https:\/\/www.hydraulic-cylinders.net\/fi\/wp-json\/wp\/v2\/product_tag?post=19463"}],"curies":[{"name":"wp","href":"https:\/\/api.w.org\/{rel}","templated":true}]}}