{"id":19464,"date":"2025-04-07T06:48:59","date_gmt":"2025-04-07T06:48:59","guid":{"rendered":"https:\/\/www.hydraulic-cylinders.net\/product\/boom-cylinder-for-world-middle-excavator-w2225lc-8\/"},"modified":"2025-04-07T06:49:02","modified_gmt":"2025-04-07T06:49:02","slug":"boom-cylinder-for-world-middle-excavator-w2225lc-8","status":"publish","type":"product","link":"https:\/\/www.hydraulic-cylinders.net\/fi\/tuote\/boom-cylinder-for-world-middle-excavator-w2225lc-8\/","title":{"rendered":"Puomin sylinteri World Middle -kaivukoneelle W2225LC-8"},"content":{"rendered":"<h1>Puomin sylinteri World Middle -kaivukoneelle W2225LC-8<\/h1>\n<h2>Puomin sylinterin yleiskatsaus<\/h2>\n<p>Puomin sylinteri, joka on erityisesti suunniteltu raskaille koneille, kuten kaivinkoneille, on kriittisess\u00e4 roolissa hydraulij\u00e4rjestelmiss\u00e4. T\u00e4m\u00e4n tyyppinen hydraulisylinteri on v\u00e4ltt\u00e4m\u00e4t\u00f6n kauhan liikkeen ohjaamiseksi kaivinkoneissa, kaivurikuormaajissa ja etukuormaajissa. Hydraulisylinteri mahdollistaa kauhan nostamisen, laskemisen ja kallistumisen, mik\u00e4 helpottaa materiaalin kuljetusteht\u00e4vien tehokasta k\u00e4sittely\u00e4.<\/p>\n<p><img decoding=\"async\" src=\"https:\/\/www.hydraulic-cylinders.net\/wp-content\/uploads\/2025\/04\/songte-company-1.webp\" alt=\"Puomin sylinteri\"><\/p>\n<h3>Kauhasylinterien toiminta ja k\u00e4ytt\u00f6<\/h3>\n<p>Kauhasylinterit ovat hydraulisylintereit\u00e4, jotka on erityisesti suunniteltu raskaiden koneiden k\u00e4ytt\u00f6\u00f6n. Ne ovat elint\u00e4rkeit\u00e4 kaivuuprosessissa, sill\u00e4 niiden avulla k\u00e4ytt\u00e4j\u00e4t voivat kaivaa ja siirt\u00e4\u00e4 maata ja roskia tehokkaasti. N\u00e4iden sylinterien toimivuus varmistaa, ett\u00e4 laitteet voivat suorittaa erilaisia \u200b\u200bteht\u00e4vi\u00e4 kaivamisesta nostamiseen, jotka kaikki ovat ratkaisevan t\u00e4rkeit\u00e4 rakennus- ja kaivuuprojekteissa.<\/p>\n<h2>Puomin sylinterin ominaisuudet<\/h2>\n<ul>\n<li><strong>Korkea lujuus ja kest\u00e4vyys:<\/strong> Tyypillisesti eritt\u00e4in lujasta ter\u00e4ksest\u00e4 tai alumiinista valmistetut sylinterit kest\u00e4v\u00e4t korkeaa painetta ja raskaita kuormia, joten ne sopivat vaativiin ty\u00f6ymp\u00e4rist\u00f6ihin.<\/li>\n<li><strong>Tehokas hydraulinen k\u00e4ytt\u00f6:<\/strong> Hydrauli\u00f6ljyn paineen ansiosta ne mahdollistavat tasaisen ulosvedon ja sis\u00e4\u00e4nvedon, ja ne reagoivat nopeasti k\u00e4ytt\u00e4j\u00e4n komentoihin tarjoten tehokkaat ty\u00f6nt\u00f6- ja veto-ominaisuudet.<\/li>\n<li><strong>Erilaisia \u200b\u200btyyppej\u00e4:<\/strong> Saatavilla yksitoimisina (yhteen suuntaan toimivat) tai kaksitoimisina (molempiin suuntiin toimivat) sylinterein\u00e4 erilaisten k\u00e4ytt\u00f6tarpeiden t\u00e4ytt\u00e4miseksi; jotkut mallit ovat teleskooppisia, mik\u00e4 mahdollistaa suuremman jatkeen ilman ulkomittojen kasvua.<\/li>\n<li><strong>Mukautettavat vaihtoehdot:<\/strong> Saatavilla on r\u00e4\u00e4t\u00e4l\u00f6ityj\u00e4 ratkaisuja tietyille koneille ja sovelluksille, mik\u00e4 varmistaa optimaalisen suorituskyvyn erilaisissa tilanteissa.<\/li>\n<li><strong>Huoltoyst\u00e4v\u00e4llinen muotoilu:<\/strong> Suunniteltu helppoa huoltoa varten, jolloin k\u00e4ytt\u00e4j\u00e4t voivat suorittaa s\u00e4\u00e4nn\u00f6llisi\u00e4 tarkastuksia ja korjauksia ilman pitki\u00e4 seisokkeja.<\/li>\n<\/ul>\n<p>Valmistamme t\u00e4t\u00e4 tuotetta ja sylinterimme voivat t\u00e4ydellisesti korvata markkinoilla olevat hydraulisylinterit.<\/p>\n<p><img decoding=\"async\" src=\"https:\/\/www.hydraulic-cylinders.net\/wp-content\/uploads\/2025\/04\/songte-cylinder-head-with-all-kinds-excavator-models.webp\" alt=\"Kaivinkonemallit\"><\/p>\n<h2>Puomisylinterien sovellukset<\/h2>\n<h3>Rakennuslaitteet<\/h3>\n<p>Rakennuskoneissa, kuten kaivinkoneissa, puomin sylinterit ovat v\u00e4ltt\u00e4m\u00e4tt\u00f6mi\u00e4 kaivamiseen, lastaamiseen ja maaper\u00e4n tai roskien siirt\u00e4miseen. Hydraulisen voiman avulla k\u00e4ytt\u00e4j\u00e4 voi hallita kauhan syvyytt\u00e4 ja kulmaa, mik\u00e4 varmistaa tarkkuuden kaivut\u00f6iss\u00e4.<\/p>\n<h3>Maatalouskoneet<\/h3>\n<p>Etukuormaajat k\u00e4ytt\u00e4v\u00e4t usein puomisylintereit\u00e4 maan, hein\u00e4n ja muiden materiaalien kauhaamiseen, nostamiseen ja kuljettamiseen. N\u00e4iden sylinterien tehokkuus vaikuttaa suoraan maataloustoiminnan tuottavuuteen, mik\u00e4 tekee niist\u00e4 korvaamattomia nykyaikaisissa viljelytekniikoissa.<\/p>\n<h3>Kaivinkoneet<\/h3>\n<p>Kaivinkoneissa puomin sylinterit helpottavat kaivuliikett\u00e4 antamalla kauhan tunkeutua maaper\u00e4\u00e4n. T\u00e4m\u00e4 toiminto on ratkaisevan t\u00e4rke\u00e4 tehokkaan kaivun kannalta, sill\u00e4 se varmistaa, ett\u00e4 kone voi suorittaa teht\u00e4v\u00e4ns\u00e4 tehokkaasti ilman hydraulij\u00e4rjestelm\u00e4n liiallista rasitusta.<\/p>\n<h3>Kuormaajat<\/h3>\n<p>Etukuormaajissa puomin sylinterit auttavat kuormien tehokkaassa nostamisessa ja tyhjent\u00e4misess\u00e4. Niiden rakenne mahdollistaa saumattoman siirtymisen lastaamisen ja purkamisen v\u00e4lill\u00e4, mik\u00e4 optimoi ty\u00f6nkulun rakennusty\u00f6mailla ja muissa materiaalink\u00e4sittelyymp\u00e4rist\u00f6iss\u00e4.<\/p>\n<h2>Suunnittelun\u00e4k\u00f6kohdat ja valintakriteerit<\/h2>\n<ul>\n<li><strong>Kantavuus:<\/strong> Suunnittelun on kestett\u00e4v\u00e4 odotettu enimm\u00e4iskuormitus vioittumatta varmistaen, ett\u00e4 sylinteri voi toimia paineen alaisena ja s\u00e4ilytt\u00e4\u00e4 rakenteellisen eheyden ajan kuluessa.<\/li>\n<li><strong>Tiivistys:<\/strong> Tehokas tiivistys on ratkaisevan t\u00e4rke\u00e4\u00e4 hydraulinesteen vuotojen est\u00e4miseksi, jotka voivat johtaa tehokkuuden heikkenemiseen ja mahdollisiin j\u00e4rjestelm\u00e4vikoihin. Asianmukaiset tiivisteet varmistavat my\u00f6s, ett\u00e4 ep\u00e4puhtaudet eiv\u00e4t p\u00e4\u00e4se hydraulij\u00e4rjestelm\u00e4\u00e4n, mik\u00e4 pident\u00e4\u00e4 sylinterin k\u00e4ytt\u00f6ik\u00e4\u00e4.<\/li>\n<li><strong>Kest\u00e4vyys:<\/strong> Materiaalit on valittava kulumisenkest\u00e4vyyden perusteella, jotta sylinteri kest\u00e4\u00e4 raskaan k\u00e4yt\u00f6n rasitukset. T\u00e4h\u00e4n sis\u00e4ltyy korroosion- ja hankauksenkest\u00e4vyys, jotka voivat vaikuttaa merkitt\u00e4v\u00e4sti suorituskykyyn.<\/li>\n<li><strong>Turvallisuus:<\/strong> Suunnittelussa on oltava turvaominaisuuksia onnettomuuksien est\u00e4miseksi k\u00e4yt\u00f6n aikana. N\u00e4ihin kuuluvat paineenalennusventtiilit ja h\u00e4t\u00e4pys\u00e4ytysmekanismit k\u00e4ytt\u00e4jien ja koneiden suojaamiseksi.<\/li>\n<li><strong>Yll\u00e4pidett\u00e4vyys:<\/strong> Suunnittelun tulisi mahdollistaa helppo p\u00e4\u00e4sy huoltoa ja korjauksia varten. T\u00e4m\u00e4 auttaa minimoimaan seisokkiajat ja varmistaa, ett\u00e4 hydrauliikkaj\u00e4rjestelm\u00e4t pysyv\u00e4t optimaalisessa toimintakunnossa.<\/li>\n<\/ul>\n<p><img decoding=\"async\" src=\"https:\/\/www.hydraulic-cylinders.net\/wp-content\/uploads\/2025\/04\/songte-oil-pipes-and-spare-parts.webp\" alt=\"\u00d6ljyputket ja varaosat\"><\/p>\n<h2>Puomin sylinterin tiivistys ja voitelu<\/h2>\n<p>Asianmukainen tiivistys ja voitelu ovat ratkaisevan t\u00e4rkeit\u00e4 puomisylinterien tehokkaalle toiminnalle. Erilaisia \u200b\u200btiivistyskomponentteja, kuten m\u00e4nn\u00e4ntiivisteit\u00e4 ja varren tiivisteit\u00e4, k\u00e4ytet\u00e4\u00e4n varmistamaan, ett\u00e4 hydraulineste pysyy j\u00e4rjestelm\u00e4ss\u00e4. Tiivisteet voidaan valmistaa materiaaleista, kuten polyuretaanista ja nitriilikumista, kest\u00e4vyyden ja kulumiskest\u00e4vyyden parantamiseksi.<\/p>\n<p>Sylinterin runko ja kierteitetyt p\u00e4\u00e4typinnat tulisi ty\u00f6st\u00e4\u00e4 hienosti kulumiskest\u00e4vyyden parantamiseksi. S\u00e4\u00e4nn\u00f6llinen voitelu on my\u00f6s v\u00e4ltt\u00e4m\u00e4t\u00f6nt\u00e4, ja k\u00e4ytt\u00e4jien on lis\u00e4tt\u00e4v\u00e4 s\u00e4\u00e4nn\u00f6llisesti sopiva m\u00e4\u00e4r\u00e4 hydrauli\u00f6ljy\u00e4 sujuvan toiminnan varmistamiseksi ja liikkuvien osien kulumisen est\u00e4miseksi.<\/p>\n<h2>Ennaltaehk\u00e4isev\u00e4t huoltotoimenpiteet<\/h2>\n<ul>\n<li><strong>S\u00e4\u00e4nn\u00f6lliset tarkastukset:<\/strong> Tee puomin sylinterille perusteelliset tarkastukset mahdollisten kulumisen, vuotojen tai vaurioiden tunnistamiseksi. S\u00e4\u00e4nn\u00f6lliset tarkastukset auttavat havaitsemaan ongelmat ennen kuin ne muuttuvat kalliiksi korjauksiksi.<\/li>\n<li><strong>Asianmukainen voitelu:<\/strong> Varmista, ett\u00e4 hydrauliikkaj\u00e4rjestelm\u00e4 on riitt\u00e4v\u00e4sti voideltu. K\u00e4yt\u00e4 oikeanlaista ja oikeanlaista hydrauliikka\u00f6ljy\u00e4 optimaalisen suorituskyvyn yll\u00e4pit\u00e4miseksi ja ylikuumenemisen est\u00e4miseksi.<\/li>\n<li><strong>Tiivisteen vaihto:<\/strong> Tarkista tiivisteet s\u00e4\u00e4nn\u00f6llisesti kulumisen tai vaurioiden varalta ja vaihda ne tarvittaessa. Tehokkaiden tiivisteiden yll\u00e4pito on elint\u00e4rke\u00e4\u00e4 hydraulinesteen vuotojen est\u00e4miseksi ja tehokkaan toiminnan varmistamiseksi.<\/li>\n<\/ul>\n<h2>Puomin sylinterin asennusohjeet<\/h2>\n<p>Puomin sylinterin oikea asennus on v\u00e4ltt\u00e4m\u00e4t\u00f6nt\u00e4 optimaalisen suorituskyvyn saavuttamiseksi. Aloita varmistamalla, ett\u00e4 asennusalue on puhdas ja roskaton. Kohdista sylinteri oikein, jotta kiinnityksiin ei kohdistu rasitusta ja jotta toiminta on sujuvaa.<\/p>\n<p>K\u00e4yt\u00e4 sopivia kiinnityskiinnikkeit\u00e4 sylinterin kiinnitt\u00e4miseen paikalleen. N\u00e4iden kiinnikkeiden tulee olla riitt\u00e4v\u00e4n vahvoja kest\u00e4m\u00e4\u00e4n k\u00e4ytt\u00f6rasituksia taipumatta tai rikkoutumatta. Asennuksen j\u00e4lkeen tarkista kohdistus ja toimivuus ennen laitteen k\u00e4ytt\u00f6\u00f6nottoa. Tarkkaile sylinterin suorituskyky\u00e4 s\u00e4\u00e4nn\u00f6llisesti asennuksen j\u00e4lkeen varmistaaksesi sen pitk\u00e4ik\u00e4isyyden ja luotettavuuden.<\/p>\n<h2>Yleiset huoltoteht\u00e4v\u00e4t<\/h2>\n<ul>\n<li><strong>S\u00e4\u00e4nn\u00f6lliset tarkastukset:<\/strong> Puomisylinterin rutiinitarkastusten suorittaminen on kriittist\u00e4. N\u00e4ihin kuuluvat vuotojen tarkistaminen, tiivisteiden kunnon arviointi ja kaikkien komponenttien oikean toiminnan varmistaminen.<\/li>\n<li><strong>Oikea voitelu:<\/strong> Riitt\u00e4v\u00e4 voitelu on v\u00e4ltt\u00e4m\u00e4t\u00f6nt\u00e4 sylinterin suorituskyvyn yll\u00e4pit\u00e4miseksi. K\u00e4ytt\u00e4jien on varmistettava, ett\u00e4 hydrauliikka\u00f6ljyn taso on riitt\u00e4v\u00e4 ja ett\u00e4 voiteluun k\u00e4ytet\u00e4\u00e4n oikeanlaista \u00f6ljy\u00e4.<\/li>\n<li><strong>Tiivisteen vaihto ja kalibrointi:<\/strong> Kuluneiden tiivisteiden s\u00e4\u00e4nn\u00f6llinen vaihtaminen ja hydraulij\u00e4rjestelm\u00e4n asianmukainen kalibrointi on elint\u00e4rke\u00e4\u00e4 toimintah\u00e4iri\u00f6iden ehk\u00e4isemiseksi. Kalibrointi varmistaa, ett\u00e4 j\u00e4rjestelm\u00e4 toimii m\u00e4\u00e4riteltyjen parametrien mukaisesti, mik\u00e4 parantaa tehokkuutta ja turvallisuutta.<\/li>\n<\/ul>\n<p><img decoding=\"async\" src=\"https:\/\/www.hydraulic-cylinders.net\/wp-content\/uploads\/2025\/04\/songte-chushion-collar.webp\" alt=\"Tyynykaulus\"><\/p>\n<h2>Turvallisuusn\u00e4k\u00f6kohdat ja ymp\u00e4rist\u00f6tekij\u00e4t<\/h2>\n<p>Puomisylintereit\u00e4 k\u00e4ytett\u00e4ess\u00e4 turvatoimenpiteiden toteuttaminen on ensiarvoisen t\u00e4rke\u00e4\u00e4. K\u00e4ytt\u00e4j\u00e4t tulee kouluttaa tunnistamaan mahdolliset vaarat ja noudattamaan turvallisuusprotokollia riskien minimoimiseksi. Laitteet tulee tarkastaa s\u00e4\u00e4nn\u00f6llisesti turvallisten ty\u00f6olosuhteiden varmistamiseksi. Lis\u00e4ksi on otettava huomioon ymp\u00e4rist\u00f6n\u00e4k\u00f6kohdat, kuten hydraulinesteen vuotojen est\u00e4minen, jotka voisivat vahingoittaa ymp\u00e4r\u00f6iv\u00e4\u00e4 aluetta.<\/p>\n<h2>Vianm\u00e4\u00e4ritys ja yleiset ongelmat<\/h2>\n<ul>\n<li><strong>Vuoto:<\/strong> Hydrauli\u00f6ljyvuotoja voi esiinty\u00e4 kuluneiden tiivisteiden tai vaurioituneiden letkujen vuoksi. S\u00e4\u00e4nn\u00f6llinen tarkastus on tarpeen vuotojen havaitsemiseksi varhaisessa vaiheessa.<\/li>\n<li><strong>Tehon menetys:<\/strong> Hydraulisen tehon lasku voi viitata alhaisiin nestetasoihin tai tukoksiin hydraulij\u00e4rjestelm\u00e4ss\u00e4. Nesteiden ja letkujen tarkistaminen voi auttaa ratkaisemaan t\u00e4m\u00e4n ongelman.<\/li>\n<li><strong>Ep\u00e4johdonmukainen liike:<\/strong> Jos puomin sylinteri ei liiku ulos tai sis\u00e4\u00e4n tasaisesti, se voi johtua riitt\u00e4m\u00e4tt\u00f6m\u00e4st\u00e4 voitelusta tai sis\u00e4isist\u00e4 vaurioista. Vianm\u00e4\u00e4ritys ja huolto ovat v\u00e4ltt\u00e4m\u00e4tt\u00f6mi\u00e4 t\u00e4m\u00e4n ongelman korjaamiseksi.<\/li>\n<\/ul>\n<p>Ongelmien tehokkaaseen diagnosointiin ja ratkaisemiseen k\u00e4ytt\u00e4jien tulisi yll\u00e4pit\u00e4\u00e4 vianm\u00e4\u00e4rityksen tarkistuslistaa. T\u00e4m\u00e4n tarkistuslistan tulisi sis\u00e4lt\u00e4\u00e4 vaiheet oireiden tunnistamiseksi, mahdollisten syiden arvioimiseksi ja korjaavien toimenpiteiden toteuttamiseksi. Ennaltaehk\u00e4isev\u00e4t toimenpiteet, kuten s\u00e4\u00e4nn\u00f6llinen huolto ja huolellinen valvonta, voivat merkitt\u00e4v\u00e4sti v\u00e4hent\u00e4\u00e4 ongelmien todenn\u00e4k\u00f6isyytt\u00e4.<\/p>\n<p><img decoding=\"async\" src=\"https:\/\/www.hydraulic-cylinders.net\/wp-content\/uploads\/2025\/04\/songte-bushings-with-all-kinds-of-excavator-models.webp\" alt=\"Kaivinkonemallien holkit\"><\/p>\n<h2>Yrityksen yleiskatsaus<\/h2>\n<p>Olemme johtava hydraulisten sylinterien vaihto-osien valmistaja, joka tarjoaa kattavan valikoiman tuotteita sek\u00e4 kotimaisille ett\u00e4 kansainv\u00e4lisille markkinoille. Sitoumuksemme huippulaatuun tuetaan hienostuneella valmistuksenohjausstrategialla ja edistyneell\u00e4 teknologisella integraatiolla.<\/p>\n<p>Olemme ylpeit\u00e4 teknisest\u00e4 asiantuntemuksestamme ja investoinneistamme huippuluokan digitaalisiin valmistuslaitteisiin, mik\u00e4 varmistaa, ett\u00e4 tuotteemme t\u00e4ytt\u00e4v\u00e4t tiukat laatustandardit. Vahvat tutkimus- ja kehityskykymme mahdollistavat jatkuvan innovoinnin ja tarjoamme r\u00e4\u00e4t\u00e4l\u00f6ityj\u00e4 ratkaisuja, jotka on r\u00e4\u00e4t\u00e4l\u00f6ity vastaamaan monipuolisiin asiakasvaatimuksiin.<\/p>\n<p><img decoding=\"async\" src=\"https:\/\/www.hydraulic-cylinders.net\/wp-content\/uploads\/2025\/04\/songte-company-4.webp\" alt=\"Yrityksen yleiskatsaus 1\"><br \/>\n<img decoding=\"async\" src=\"https:\/\/www.hydraulic-cylinders.net\/wp-content\/uploads\/2025\/04\/songte-company-3.webp\" alt=\"Yrityksen yleiskatsaus 2\"><\/p>\n<p>Omistautumisemme kansainv\u00e4listen sertifiointien, r\u00e4\u00e4t\u00e4l\u00f6ityjen palveluiden ja poikkeuksellisen j\u00e4lkimarkkinointituen tarjoamiseen erottaa meid\u00e4t hydraulisylinterien valmistusteollisuudessa. Pyrimme kaikessa toiminnassamme korkeaan tehokkuuteen, tarkkuuteen ja laatuun vastataksemme asiakkaidemme vaihteleviin tarpeisiin.<\/p>\n<p>Kirjoittaja: lyl<\/p>","protected":false},"excerpt":{"rendered":"<p>Boom Cylinder For World Middle Excavator W2225LC-8 Overview of the Boom Cylinder The boom cylinder, specifically designed for heavy machinery such as excavators, plays a critical role in hydraulic systems. This type of hydraulic cylinder is essential for controlling the movement of the bucket in excavators, backhoe loaders, and front loaders. The hydraulic cylinder enables [&hellip;]<\/p>","protected":false},"featured_media":17878,"comment_status":"open","ping_status":"closed","template":"","meta":{"_et_pb_use_builder":"","_et_pb_old_content":"","_et_gb_content_width":""},"product_brand":[],"product_cat":[1546],"product_tag":[1547,1496],"class_list":{"0":"post-19464","1":"product","2":"type-product","3":"status-publish","4":"has-post-thumbnail","6":"product_cat-boom-cylinders","7":"product_tag-boom-cylinders","8":"product_tag-hydraulic-cylinders","10":"first","11":"instock","12":"shipping-taxable","13":"product-type-simple"},"amp_enabled":true,"_links":{"self":[{"href":"https:\/\/www.hydraulic-cylinders.net\/fi\/wp-json\/wp\/v2\/product\/19464","targetHints":{"allow":["GET"]}}],"collection":[{"href":"https:\/\/www.hydraulic-cylinders.net\/fi\/wp-json\/wp\/v2\/product"}],"about":[{"href":"https:\/\/www.hydraulic-cylinders.net\/fi\/wp-json\/wp\/v2\/types\/product"}],"replies":[{"embeddable":true,"href":"https:\/\/www.hydraulic-cylinders.net\/fi\/wp-json\/wp\/v2\/comments?post=19464"}],"wp:featuredmedia":[{"embeddable":true,"href":"https:\/\/www.hydraulic-cylinders.net\/fi\/wp-json\/wp\/v2\/media\/17878"}],"wp:attachment":[{"href":"https:\/\/www.hydraulic-cylinders.net\/fi\/wp-json\/wp\/v2\/media?parent=19464"}],"wp:term":[{"taxonomy":"product_brand","embeddable":true,"href":"https:\/\/www.hydraulic-cylinders.net\/fi\/wp-json\/wp\/v2\/product_brand?post=19464"},{"taxonomy":"product_cat","embeddable":true,"href":"https:\/\/www.hydraulic-cylinders.net\/fi\/wp-json\/wp\/v2\/product_cat?post=19464"},{"taxonomy":"product_tag","embeddable":true,"href":"https:\/\/www.hydraulic-cylinders.net\/fi\/wp-json\/wp\/v2\/product_tag?post=19464"}],"curies":[{"name":"wp","href":"https:\/\/api.w.org\/{rel}","templated":true}]}}