{"id":19479,"date":"2025-04-07T06:49:55","date_gmt":"2025-04-07T06:49:55","guid":{"rendered":"https:\/\/www.hydraulic-cylinders.net\/product\/boom-cylinder-for-jingong-wheel-type-jcm909l\/"},"modified":"2025-04-07T06:49:57","modified_gmt":"2025-04-07T06:49:57","slug":"boom-cylinder-for-jingong-wheel-type-jcm909l","status":"publish","type":"product","link":"https:\/\/www.hydraulic-cylinders.net\/fi\/tuote\/boom-cylinder-for-jingong-wheel-type-jcm909l\/","title":{"rendered":"Jingong-py\u00f6r\u00e4n puomin sylinteri, tyyppi JCM909L"},"content":{"rendered":"<h1>Jingong-py\u00f6r\u00e4n puomin sylinteri, tyyppi JCM909L<\/h1>\n<h2>Tuotteen yleiskatsaus<\/h2>\n<p>Jingong-py\u00f6r\u00e4tyypin JCM909L puomisylinteri on t\u00e4rke\u00e4 osa raskaissa koneissa, ja se on erityisesti suunniteltu ohjaamaan puomien liikett\u00e4 kaivinkoneissa, kaivurikuormaajissa ja etukuormaajissa. T\u00e4m\u00e4 hydraulisylinteri helpottaa puomin nostamista, laskemista ja kallistusta, mik\u00e4 tehostaa materiaalink\u00e4sittelyteht\u00e4vi\u00e4. Hydraulij\u00e4rjestelmiss\u00e4 puomisylintereill\u00e4 on ratkaiseva rooli, koska ne muuntavat hydraulisen paineen mekaaniseksi liikkeeksi, mik\u00e4 mahdollistaa tarkan ohjauksen erilaisissa toiminnoissa.<\/p>\n<p>Hydraulisylinterin\u00e4 puomisylinteri on suunniteltu kest\u00e4m\u00e4\u00e4n korkeita paineita ja raskaita kuormia. Se on yleens\u00e4 valmistettu eritt\u00e4in lujasta ter\u00e4ksest\u00e4 tai alumiinista, mik\u00e4 varmistaa kest\u00e4vyyden ja suorituskyvyn my\u00f6s ankarissa ty\u00f6ymp\u00e4rist\u00f6iss\u00e4. T\u00e4m\u00e4n sylinterin suunnittelussa keskityt\u00e4\u00e4n kulumiskest\u00e4vyyteen ja korroosiosuojaukseen, mik\u00e4 pident\u00e4\u00e4 merkitt\u00e4v\u00e4sti sen k\u00e4ytt\u00f6ik\u00e4\u00e4.<\/p>\n<p><img decoding=\"async\" src=\"https:\/\/www.hydraulic-cylinders.net\/wp-content\/uploads\/2025\/04\/songte-company-1.webp\" alt=\"Puomin sylinteri\" \/><\/p>\n<h2>Puomin sylinterin ominaisuudet<\/h2>\n<ul>\n<li>\n<h3>Korkea lujuus ja kest\u00e4vyys<\/h3>\n<p>        Tyypillisesti eritt\u00e4in lujasta ter\u00e4ksest\u00e4 tai alumiinista valmistettu sylinteri kest\u00e4\u00e4 korkeaa painetta ja raskaita kuormia, joten se sopii haastaviin ty\u00f6olosuhteisiin ja varmistaa samalla pitk\u00e4n k\u00e4ytt\u00f6i\u00e4n.<\/li>\n<li>\n<h3>Tehokas hydraulinen k\u00e4ytt\u00f6<\/h3>\n<p>        Puomin sylinteri hy\u00f6dynt\u00e4\u00e4 hydrauli\u00f6ljyn painetta sujuvaan pidennykseen ja sis\u00e4\u00e4nvetoon, reagoi nopeasti ohjauskomentoihin ja tuottaa tehokkaita ty\u00f6nt\u00f6- ja vetovoimia raskaiden ja monimutkaisten teht\u00e4vien k\u00e4sittelyyn.<\/li>\n<li>\n<h3>Saatavilla erilaisia \u200b\u200btyyppej\u00e4<\/h3>\n<p>        Vaihtoehtoihin kuuluvat yksitoimiset (yhteen suuntaan toimivat) tai kaksitoimiset (molempiin suuntiin toimivat) sylinterit. Joissakin malleissa on teleskooppirakenne, joka mahdollistaa pidemm\u00e4n ulottuvuuden ilman ulkomittojen kasvua, mik\u00e4 sopii erinomaisesti ahtaisiin sovelluksiin.<\/li>\n<li>\n<h3>Tarkkuustekniikka<\/h3>\n<p>        Jokainen sylinteri on suunniteltu huolellisesti optimaalisen suorituskyvyn saavuttamiseksi, mik\u00e4 varmistaa, ett\u00e4 jokainen komponentti toimii saumattomasti hydraulij\u00e4rjestelm\u00e4ss\u00e4 ja parantaa siten koneen kokonaistehokkuutta.<\/li>\n<li>\n<h3>Mukautetut valmistusmahdollisuudet<\/h3>\n<p>        Valmistusprosessimme ansiosta voimme valmistaa sylintereit\u00e4, jotka korvaavat t\u00e4ydellisesti olemassa olevat hydraulisylinterit varmistaen yhteensopivuuden ja toimivuuden eri konemerkkien ja -mallien v\u00e4lill\u00e4.<\/h3>\n<\/li>\n<\/ul>\n<p><img decoding=\"async\" src=\"https:\/\/www.hydraulic-cylinders.net\/wp-content\/uploads\/2025\/04\/songte-cylinder-head-with-all-kinds-excavator-models.webp\" alt=\"Kaivinkonemallit\" \/><\/p>\n<h2>Puomisylinterin sovellukset<\/h2>\n<h3>Rakennuslaitteet<\/h3>\n<p>Kaivinkoneissa puomin sylinterit ovat v\u00e4ltt\u00e4m\u00e4tt\u00f6mi\u00e4 kaivamiseen, lastaamiseen ja maaper\u00e4n tai roskien siirt\u00e4miseen. Ne tarjoavat tarvittavan voiman puomin ojentamiseksi ulosp\u00e4in ja alasp\u00e4in, mik\u00e4 mahdollistaa tehokkaan kaivamisen. Kaivurikuormaajissa n\u00e4m\u00e4 sylinterit auttavat paitsi kaivamisessa my\u00f6s nostotoiminnoissa, mik\u00e4 parantaa koneen monipuolisuutta ja toimivuutta.<\/p>\n<h3>Maatalouskoneet<\/h3>\n<p>Etukuormaajien puomisylinterit mahdollistavat maaper\u00e4n, hein\u00e4n ja muiden materiaalien nostamisen, kaivamisen ja kuljettamisen maatalousymp\u00e4rist\u00f6iss\u00e4. Niiden kest\u00e4v\u00e4 rakenne varmistaa, ett\u00e4 ne selviytyv\u00e4t maataloust\u00f6iden vaatimuksista ja tarjoavat viljelij\u00f6ille luotettavat varusteet p\u00e4ivitt\u00e4isiin teht\u00e4viins\u00e4.<\/p>\n<h3>Kaivinkoneet<\/h3>\n<p>Kaivinkoneissa puomin sylinterit helpottavat kaivuprosessia mahdollistamalla kauhan tehokkaan tunkeutumisen maaper\u00e4\u00e4n. T\u00e4m\u00e4 toiminto on elint\u00e4rke\u00e4 tehokkaalle toiminnalle rakennus- ja purkuprojekteissa, joissa tarvitaan tarkkuutta ja tehoa kovempien materiaalien l\u00e4pimurtoon.<\/p>\n<h3>Kuormaajat<\/h3>\n<p>Etukuormaajissa puomisylinterit auttavat kuorman tehokkaassa nostamisessa ja tyhjent\u00e4misess\u00e4. Niiden rakenne mahdollistaa sujuvat siirtym\u00e4t nosto- ja tyhjennysasentojen v\u00e4lill\u00e4, mik\u00e4 mahdollistaa nopean ja tehokkaan materiaalink\u00e4sittelyn ty\u00f6mailla.<\/p>\n<h2>Suunnittelun\u00e4k\u00f6kohdat ja valintakriteerit<\/h2>\n<h3>Kantavuus<\/h3>\n<p>Puomisylinteri\u00e4 valittaessa on ratkaisevan t\u00e4rke\u00e4\u00e4 ymm\u00e4rt\u00e4\u00e4 sen kuormituskapasiteetti. Sylinterin on kyett\u00e4v\u00e4 k\u00e4sittelem\u00e4\u00e4n odotettu enimm\u00e4iskuorma ilman vikaantumisriski\u00e4. T\u00e4m\u00e4 edellytt\u00e4\u00e4 nostettavien kuormien painon ja k\u00e4ytt\u00f6ymp\u00e4rist\u00f6n analysointia. Sopivan kuormituskapasiteetin omaavan sylinterin valitseminen varmistaa turvallisuuden ja optimaalisen suorituskyvyn, mik\u00e4 v\u00e4hent\u00e4\u00e4 mekaanisten vikojen riski\u00e4.<\/p>\n<h3>Tiivistys ja kest\u00e4vyys<\/h3>\n<p>Tehokkaat tiivistysj\u00e4rjestelm\u00e4t ovat v\u00e4ltt\u00e4m\u00e4tt\u00f6mi\u00e4 hydraulisylintereille, koska ne est\u00e4v\u00e4t vuodot ja yll\u00e4pit\u00e4v\u00e4t paineen. Kest\u00e4vist\u00e4 materiaaleista, kuten polyuretaanista tai nitriilikumista, valmistetut korkealaatuiset tiivisteet ovat v\u00e4ltt\u00e4m\u00e4tt\u00f6mi\u00e4 kulumisen ja repeytymisen kest\u00e4miseksi. Asianmukainen tiivistys pident\u00e4\u00e4 hydraulinesteen k\u00e4ytt\u00f6ik\u00e4\u00e4 ja varmistaa sylinterin sujuvan toiminnan ajan mittaan.<\/p>\n<h3>Turvaominaisuudet<\/h3>\n<p>Turvallisuus on hydraulij\u00e4rjestelmiss\u00e4 ensiarvoisen t\u00e4rke\u00e4\u00e4. Sylinterit on suunniteltava integroiduilla turvaominaisuuksilla, kuten paineenalennusventtiileill\u00e4 ja kest\u00e4v\u00e4ll\u00e4 rakenteella, onnettomuuksien est\u00e4miseksi k\u00e4yt\u00f6n aikana. Luotettavilla turvamekanismeilla varustetun sylinterin valitseminen auttaa lievent\u00e4m\u00e4\u00e4n hydraulisiin vikoihin liittyvi\u00e4 riskej\u00e4 ja lis\u00e4\u00e4 k\u00e4ytt\u00e4j\u00e4n luottamusta.<\/p>\n<h3>Yll\u00e4pidett\u00e4vyys<\/h3>\n<p>Helppo huolto on toinen t\u00e4rke\u00e4 n\u00e4k\u00f6kohta. Hyvin suunnitellun puomisylinterin tulisi mahdollistaa yksinkertainen tarkastus ja huolto, mik\u00e4 mahdollistaa s\u00e4\u00e4nn\u00f6llisen huollon ilman laajaa purkamista. T\u00e4m\u00e4 v\u00e4hent\u00e4\u00e4 seisokkiaikoja ja auttaa yll\u00e4pit\u00e4m\u00e4\u00e4n laitteen suorituskyky\u00e4 koko sen k\u00e4ytt\u00f6i\u00e4n ajan.<\/p>\n<p><img decoding=\"async\" src=\"https:\/\/www.hydraulic-cylinders.net\/wp-content\/uploads\/2025\/04\/songte-oil-pipes-and-spare-parts.webp\" alt=\"Hydrauliset varaosat\" \/><\/p>\n<h2>Tiivistys ja voitelu<\/h2>\n<p>Tehokas tiivistys ja voitelu ovat ratkaisevan t\u00e4rkeit\u00e4 puomisylinterien pitk\u00e4ik\u00e4isyyden ja suorituskyvyn kannalta. Erilaisia \u200b\u200btiivisteit\u00e4, kuten m\u00e4nn\u00e4ntiivisteit\u00e4 ja varren tiivisteit\u00e4, k\u00e4ytet\u00e4\u00e4n vuotojen est\u00e4miseen ja hydraulisen paineen yll\u00e4pit\u00e4miseen. Kulutusta kest\u00e4vist\u00e4 materiaaleista, kuten polyuretaanista ja nitriilikumista, valmistetut tiivisteet varmistavat kest\u00e4vyyden ankarissa olosuhteissa. Lis\u00e4ksi sylinterin runko ja kierteitetyt p\u00e4\u00e4typinnat on hienosti k\u00e4sitelty kulutuskest\u00e4vyyden parantamiseksi.<\/p>\n<p>S\u00e4\u00e4nn\u00f6llinen voitelu hydrauliikka\u00f6ljyll\u00e4 on v\u00e4ltt\u00e4m\u00e4t\u00f6nt\u00e4, koska se v\u00e4hent\u00e4\u00e4 liikkuvien osien v\u00e4list\u00e4 kitkaa ja kulumista. Asianmukainen voitelu est\u00e4\u00e4 my\u00f6s ylikuumenemisen varmistaen, ett\u00e4 hydrauliikkaj\u00e4rjestelm\u00e4 toimii sujuvasti ja tehokkaasti.<\/p>\n<h2>S\u00e4\u00e4nn\u00f6llinen tarkastus ja ennaltaehk\u00e4isev\u00e4 huolto<\/h2>\n<ul>\n<li>\n<h3>Tarkista vuodot<\/h3>\n<p>        Tarkista hydraulisylinteri s\u00e4\u00e4nn\u00f6llisesti mahdollisten \u00f6ljyvuotojen varalta. Vuotojen nopea korjaaminen voi est\u00e4\u00e4 lis\u00e4vaurioita ja yll\u00e4pit\u00e4\u00e4 j\u00e4rjestelm\u00e4n eheytt\u00e4.<\/h3>\n<\/li>\n<li>\n<h3>Voiteluohjelma<\/h3>\n<p>        Laadi s\u00e4\u00e4nn\u00f6llinen voiteluaikataulu varmistaaksesi, ett\u00e4 kaikki liikkuvat osat on voideltu riitt\u00e4v\u00e4sti. T\u00e4m\u00e4 auttaa parantamaan suorituskyky\u00e4 ja pident\u00e4m\u00e4\u00e4n sylinterin k\u00e4ytt\u00f6ik\u00e4\u00e4.<\/h3>\n<\/li>\n<li>\n<h3>Tiivisteen vaihto<\/h3>\n<p>        Tarkkaile tiivisteiden kuntoa ja vaihda ne tarvittaessa. Kuluneet tiivisteet voivat johtaa hydraulinesteen vuotoihin, mik\u00e4 heikent\u00e4\u00e4 sylinterin tehokkuutta.<\/h3>\n<\/li>\n<\/ul>\n<h2>Asennusohjeet<\/h2>\n<p>Puomisylinterin oikea asennus on ratkaisevan t\u00e4rke\u00e4\u00e4 optimaalisen suorituskyvyn saavuttamiseksi. Aloita varmistamalla, ett\u00e4 kaikki kiinnityspinnat ovat puhtaat ja roskattomat. Kohdista sylinteri tarkasti kiinnityspisteisiin, jotta komponentteihin ei kohdistu tarpeetonta rasitusta. K\u00e4yt\u00e4 sopivia kiinnityskorvakkeita sylinterin kiinnitt\u00e4miseen paikalleen varmistaen, ett\u00e4 se on vakaa ja hyvin tuettu.<\/p>\n<p>Asennuksen j\u00e4lkeen tarkista, ett\u00e4 hydrauliikkalinjat on kytketty oikein ja tarkista, ettei siin\u00e4 ole merkkej\u00e4 vuodoista. Testaa lis\u00e4ksi sylinterin toiminta ennen t\u00e4ytt\u00e4 k\u00e4ytt\u00f6\u00f6nottoa varmistaaksesi, ett\u00e4 kaikki toimii odotetulla tavalla. N\u00e4iden ohjeiden noudattaminen auttaa varmistamaan puomisylinterin pitk\u00e4aikaisen suorituskyvyn.<\/p>\n<h2>Yleiset huoltoteht\u00e4v\u00e4t<\/h2>\n<ul>\n<li>\n<h3>S\u00e4\u00e4nn\u00f6lliset tarkastukset<\/h3>\n<p>        S\u00e4\u00e4nn\u00f6lliset tarkastukset mahdollistavat mahdollisten ongelmien varhaisen tunnistamisen. T\u00e4m\u00e4 ennakoiva l\u00e4hestymistapa auttaa yll\u00e4pit\u00e4m\u00e4\u00e4n hydraulij\u00e4rjestelm\u00e4n eheytt\u00e4 ja ehk\u00e4isee kalliita korjauksia.<\/h3>\n<\/li>\n<li>\n<h3>Asianmukainen voitelu<\/h3>\n<p>        Sylinterin hyv\u00e4 voitelu on v\u00e4ltt\u00e4m\u00e4t\u00f6nt\u00e4 sen sujuvan toiminnan kannalta. Tarkista hydrauliikka\u00f6ljy s\u00e4\u00e4nn\u00f6llisesti ja t\u00e4yt\u00e4 se tarvittaessa optimaalisen suorituskyvyn yll\u00e4pit\u00e4miseksi.<\/h3>\n<\/li>\n<li>\n<h3>Tiivisteen vaihto ja kalibrointi<\/h3>\n<p>        Kuluneiden tiivisteiden oikea-aikainen vaihto ja kalibrointitarkastukset ovat elint\u00e4rkeit\u00e4 hydraulisen tehokkuuden yll\u00e4pit\u00e4miseksi. Oikein kalibroidut j\u00e4rjestelm\u00e4t toimivat tehokkaammin ja turvallisemmin.<\/h3>\n<\/li>\n<\/ul>\n<p>Oikea asennus, voitelu ja s\u00e4\u00e4t\u00f6 ovat elint\u00e4rkeit\u00e4 puomin sylinterin pitk\u00e4n k\u00e4ytt\u00f6i\u00e4n varmistamiseksi. Asennuksen aikana varmista sylinterin oikea kohdistus virheellisten kohdistusongelmien v\u00e4ltt\u00e4miseksi. Oikeiden kiinnitystelineiden k\u00e4ytt\u00f6 kiinnitt\u00e4\u00e4 sylinterin tehokkaasti. Noudata suositeltuja tarkastus-, korjaus- ja vaihtomenettelyj\u00e4 hydraulij\u00e4rjestelm\u00e4n suorituskyvyn maksimoimiseksi.<\/p>\n<p><img decoding=\"async\" src=\"https:\/\/www.hydraulic-cylinders.net\/wp-content\/uploads\/2025\/04\/songte-chushion-collar.webp\" alt=\"Tyynykaulus\" \/><\/p>\n<h2>Turvallisuus- ja ymp\u00e4rist\u00f6n\u00e4k\u00f6kohdat<\/h2>\n<p>Hydraulisylinterien kanssa ty\u00f6skennelt\u00e4ess\u00e4 on t\u00e4rke\u00e4\u00e4 toteuttaa turvatoimenpiteit\u00e4 onnettomuuksien ja vammojen ehk\u00e4isemiseksi. K\u00e4ytt\u00e4j\u00e4t tulee kouluttaa hydraulisten laitteiden asianmukaiseen k\u00e4sittelyyn ja k\u00e4ytt\u00f6\u00f6n. S\u00e4\u00e4nn\u00f6lliset turvallisuustarkastukset ja huoltotarkastukset voivat auttaa tunnistamaan mahdolliset vaarat ja varmistamaan turvallisen ty\u00f6ymp\u00e4rist\u00f6n. Lis\u00e4ksi on otettava huomioon hydraulinesteiden ymp\u00e4rist\u00f6vaikutukset ja valittava mahdollisuuksien mukaan biohajoavia vaihtoehtoja ymp\u00e4rist\u00f6haittojen minimoimiseksi.<\/p>\n<h2>Vianm\u00e4\u00e4ritys ja yleiset ongelmat<\/h2>\n<ul>\n<li>\n<h3>Vuoto-ongelmat<\/h3>\n<p>        Kuluneiden tiivisteiden tai vaurioituneiden osien aiheuttamat hydrauliikkavuodot voivat vaikuttaa merkitt\u00e4v\u00e4sti suorituskykyyn. S\u00e4\u00e4nn\u00f6lliset tarkastukset voivat auttaa havaitsemaan ja korjaamaan n\u00e4m\u00e4 ongelmat ennen kuin ne pahenevat.<\/h3>\n<\/li>\n<li>\n<h3>Hidas vasteaika<\/h3>\n<p>        Jos puomin sylinteri reagoi hitaasti ohjaussy\u00f6tteisiin, se voi viitata alhaiseen hydrauliikka\u00f6ljyn tasoon tai ilmaan j\u00e4rjestelm\u00e4ss\u00e4. Nestetasojen tarkistaminen ja ilman poistaminen voivat ratkaista n\u00e4m\u00e4 ongelmat.<\/h3>\n<\/li>\n<li>\n<h3>Liiallinen melu tai t\u00e4rin\u00e4<\/h3>\n<p>        Ep\u00e4tavalliset \u00e4\u00e4net tai t\u00e4rin\u00e4t k\u00e4yt\u00f6n aikana voivat olla merkki mekaanisista ongelmista, kuten linjausvirheist\u00e4 tai kuluneista osista. N\u00e4iden oireiden tutkiminen nopeasti voi est\u00e4\u00e4 lis\u00e4vaurioita.<\/h3>\n<\/li>\n<\/ul>\n<p>Ymm\u00e4rt\u00e4m\u00e4ll\u00e4 yleisi\u00e4 ongelmia ja niiden ratkaisuja k\u00e4ytt\u00e4j\u00e4t voivat tehokkaasti vianm\u00e4\u00e4ritt\u00e4\u00e4 ongelmia ja yll\u00e4pit\u00e4\u00e4 sylinterin optimaalista toimintaa. Ennaltaehk\u00e4isev\u00e4t toimenpiteet, kuten s\u00e4\u00e4nn\u00f6lliset tarkastukset ja oikea-aikaiset korjaukset, auttavat minimoimaan mahdolliset ongelmat ja parantamaan kokonaissuorituskyky\u00e4.<\/p>\n<p><img decoding=\"async\" src=\"https:\/\/www.hydraulic-cylinders.net\/wp-content\/uploads\/2025\/04\/songte-bushings-with-all-kinds-of-excavator-models.webp\" alt=\"Kaivinkonemallien holkit\" \/><\/p>\n<h2>Yrityksen esittely<\/h2>\n<p>Olemme johtava hydraulisylintereiden valmistaja ja tukkumyyj\u00e4, joka tarjoaa laajan valikoiman tuotteita kotimaisille ja kansainv\u00e4lisille markkinoille. Sitoutumisemme huippulaatuun perustuu hienostuneeseen valmistusprosessiin ja edistyneisiin tuotannonohjausstrategioihin. Keskittym\u00e4ll\u00e4 tekniseen osaamiseen, huippuluokan digitaalisiin valmistuslaitteisiin ja vankkoihin testausj\u00e4rjestelmiin parannamme jatkuvasti valmistusymp\u00e4rist\u00f6\u00e4mme parantaaksemme tuotteidemme laatua.<\/p>\n<p>Kykymme vastata monipuolisiin asiakastarpeisiin tehokkaasti ja tarkasti. Olemme ylpeit\u00e4 r\u00e4\u00e4t\u00e4l\u00f6idyist\u00e4 ratkaisuistamme, kansainv\u00e4lisist\u00e4 sertifikaateistamme ja poikkeuksellisesta j\u00e4lkimarkkinointituestamme, jotka varmistavat asiakkaillemme korkeimman mahdollisen palvelun. Huippumodernit tuotantolaitoksemme mahdollistavat tarkkuuden ja tehokkuuden yll\u00e4pit\u00e4misen koko valmistusprosessin ajan.<\/p>\n<p><img decoding=\"async\" src=\"https:\/\/www.hydraulic-cylinders.net\/wp-content\/uploads\/2025\/04\/songte-company-4.webp\" alt=\"Yrityksen yleiskatsaus\" \/><br \/>\n<img decoding=\"async\" src=\"https:\/\/www.hydraulic-cylinders.net\/wp-content\/uploads\/2025\/04\/songte-company-3.webp\" alt=\"Valmistusprosessi\" \/><\/p>\n<p>Kirjoittaja: lyl<\/p>","protected":false},"excerpt":{"rendered":"<p>Boom Cylinder For Jingong Wheel Type JCM909L Product Overview The Boom Cylinder for Jingong Wheel Type JCM909L is a vital component in heavy machinery, specifically designed for controlling the movement of booms in excavators, backhoe loaders, and front loaders. This hydraulic cylinder facilitates the lifting, lowering, and tilting of the boom, making material handling tasks [&hellip;]<\/p>","protected":false},"featured_media":17878,"comment_status":"open","ping_status":"closed","template":"","meta":{"_et_pb_use_builder":"","_et_pb_old_content":"","_et_gb_content_width":""},"product_brand":[],"product_cat":[1546],"product_tag":[1547,1496],"class_list":{"0":"post-19479","1":"product","2":"type-product","3":"status-publish","4":"has-post-thumbnail","6":"product_cat-boom-cylinders","7":"product_tag-boom-cylinders","8":"product_tag-hydraulic-cylinders","10":"first","11":"instock","12":"shipping-taxable","13":"product-type-simple"},"amp_enabled":true,"_links":{"self":[{"href":"https:\/\/www.hydraulic-cylinders.net\/fi\/wp-json\/wp\/v2\/product\/19479","targetHints":{"allow":["GET"]}}],"collection":[{"href":"https:\/\/www.hydraulic-cylinders.net\/fi\/wp-json\/wp\/v2\/product"}],"about":[{"href":"https:\/\/www.hydraulic-cylinders.net\/fi\/wp-json\/wp\/v2\/types\/product"}],"replies":[{"embeddable":true,"href":"https:\/\/www.hydraulic-cylinders.net\/fi\/wp-json\/wp\/v2\/comments?post=19479"}],"wp:featuredmedia":[{"embeddable":true,"href":"https:\/\/www.hydraulic-cylinders.net\/fi\/wp-json\/wp\/v2\/media\/17878"}],"wp:attachment":[{"href":"https:\/\/www.hydraulic-cylinders.net\/fi\/wp-json\/wp\/v2\/media?parent=19479"}],"wp:term":[{"taxonomy":"product_brand","embeddable":true,"href":"https:\/\/www.hydraulic-cylinders.net\/fi\/wp-json\/wp\/v2\/product_brand?post=19479"},{"taxonomy":"product_cat","embeddable":true,"href":"https:\/\/www.hydraulic-cylinders.net\/fi\/wp-json\/wp\/v2\/product_cat?post=19479"},{"taxonomy":"product_tag","embeddable":true,"href":"https:\/\/www.hydraulic-cylinders.net\/fi\/wp-json\/wp\/v2\/product_tag?post=19479"}],"curies":[{"name":"wp","href":"https:\/\/api.w.org\/{rel}","templated":true}]}}