{"id":19482,"date":"2025-04-07T06:50:02","date_gmt":"2025-04-07T06:50:02","guid":{"rendered":"https:\/\/www.hydraulic-cylinders.net\/product\/boom-cylinder-for-jchi-ns17-7\/"},"modified":"2025-04-07T06:50:05","modified_gmt":"2025-04-07T06:50:05","slug":"boom-cylinder-for-jchi-ns17-7","status":"publish","type":"product","link":"https:\/\/www.hydraulic-cylinders.net\/fi\/tuote\/boom-cylinder-for-jchi-ns17-7\/","title":{"rendered":"Puomin sylinteri JCHI NS17-7:lle"},"content":{"rendered":"<h1>Puomin sylinteri JCHI NS17-7:lle<\/h1>\n<h2>Tuotteen yleiskatsaus<\/h2>\n<p>JCHI NS17-7:n puomisylinteri on erikoishydraulisylinteri, joka on suunniteltu ohjaamaan kauhojen liikett\u00e4 erilaisissa raskaissa koneissa, kuten kaivinkoneissa, traktorikaivureissa ja etukuormaajissa. T\u00e4m\u00e4 hydraulisylinteri mahdollistaa kauhan nostamisen, laskemisen ja kallistuksen, mik\u00e4 helpottaa tehokasta materiaalink\u00e4sittely\u00e4 rakennus- ja maataloussovelluksissa. Kauhasylinteri on ratkaisevan t\u00e4rke\u00e4 n\u00e4iden koneiden suorituskyvyn ja toimivuuden kannalta, sill\u00e4 se mahdollistaa tarkkuuden esimerkiksi kaivamisessa, kaivamisessa ja materiaalien kuljetuksessa.<\/p>\n<p><img decoding=\"async\" src=\"https:\/\/www.hydraulic-cylinders.net\/wp-content\/uploads\/2025\/04\/songte-company-1.webp\" alt=\"Puomin sylinteri JCHI NS17-7:lle\" \/><\/p>\n<h2>T\u00e4rkeimm\u00e4t ominaisuudet<\/h2>\n<ul>\n<li><strong>Korkea lujuus ja kest\u00e4vyys:<\/strong> Tyypillisesti valmistettu eritt\u00e4in lujasta ter\u00e4ksest\u00e4 tai alumiinista, joka kest\u00e4\u00e4 korkeaa painetta ja raskaita kuormia, on suunniteltu kest\u00e4m\u00e4\u00e4n kulumista ja korroosiota, mik\u00e4 pident\u00e4\u00e4 sylinterin k\u00e4ytt\u00f6ik\u00e4\u00e4.<\/li>\n<li><strong>Tehokas hydraulinen k\u00e4ytt\u00f6:<\/strong> K\u00e4ytt\u00e4\u00e4 hydrauli\u00f6ljyn painetta sujuvaan pidennykseen ja sis\u00e4\u00e4nvetoon, reagoi nopeasti k\u00e4ytt\u00e4j\u00e4n komentoihin ja tarjoaa merkitt\u00e4v\u00e4\u00e4 ty\u00f6nt\u00f6- ja vetovoimaa, mik\u00e4 sopii erinomaisesti raskaiden kuormien k\u00e4sittelyyn ja monimutkaisiin teht\u00e4viin.<\/li>\n<li><strong>Erilaisia \u200b\u200btyyppej\u00e4:<\/strong> Saatavilla yksitoimisina (hydraulisesti k\u00e4yt\u00f6ss\u00e4 yhteen suuntaan) tai kaksitoimisina (hydraulisesti k\u00e4yt\u00f6ss\u00e4 molempiin suuntiin) kokoonpanoina, jotka vastaavat erilaisiin k\u00e4ytt\u00f6vaatimuksiin. Jotkut mallit ovat teleskooppisia, mik\u00e4 pident\u00e4\u00e4 ulottuvuutta ilman ulkomittojen kasvua, mik\u00e4 sopii ahtaisiin k\u00e4ytt\u00f6tarkoituksiin.<\/li>\n<li><strong>Mukautettava tuotanto:<\/strong> Voimme valmistaa t\u00e4t\u00e4 tuotetta erityistarpeisiin, tarjoten t\u00e4ydellisi\u00e4 korvaajia erilaisille hydraulisylintereille.<\/li>\n<\/ul>\n<p><img decoding=\"async\" src=\"https:\/\/www.hydraulic-cylinders.net\/wp-content\/uploads\/2025\/04\/songte-cylinder-head-with-all-kinds-excavator-models.webp\" alt=\"Mukautettava tuotanto\" \/><\/p>\n<h2>Puomisylinterin sovellukset<\/h2>\n<h3>Rakennuslaitteet<\/h3>\n<p>Kaivinkoneissa k\u00e4ytetty puomin sylinteri on v\u00e4ltt\u00e4m\u00e4t\u00f6n kaivamiseen, lastaamiseen ja maaper\u00e4n tai roskien siirt\u00e4miseen. Sen avulla kauha tunkeutuu tehokkaasti maahan ja tarjoaa tarvittavan voiman kovien materiaalien l\u00e4pimurtoon. Kaivinkoneissa kauhan sylinteri auttaa sek\u00e4 kaivamisessa ett\u00e4 nostamisessa, mik\u00e4 tekee siit\u00e4 monipuolisen rakennusty\u00f6mailla.<\/p>\n<h3>Maatalouskoneet<\/h3>\n<p>Etukuormaajissa k\u00e4ytetty puomin sylinteri on elint\u00e4rke\u00e4 maaper\u00e4n, hein\u00e4n ja muiden materiaalien kaivamisessa, nostamisessa ja kuljettamisessa. Sen rakenne mahdollistaa sujuvan toiminnan, mik\u00e4 tekee siit\u00e4 ihanteellisen maataloustoimintaan, jossa materiaalink\u00e4sittely on usein tarpeen. Viljelij\u00e4t luottavat n\u00e4ihin sylintereihin tehokkuuden ja tuottavuuden lis\u00e4\u00e4miseksi sadonkorjuu- ja kunnossapitoteht\u00e4viss\u00e4.<\/p>\n<h3>Kaivinkoneet<\/h3>\n<p>Kaivinkoneiden puomin sylinteri mahdollistaa tarkat kaivuliikkeet, koska kauha tunkeutuu tehokkaasti maaper\u00e4\u00e4n. T\u00e4m\u00e4 ominaisuus on ratkaisevan t\u00e4rke\u00e4 kaivut\u00f6iss\u00e4, sill\u00e4 se varmistaa, ett\u00e4 kone saavuttaa halutut syvyydet ja leveydet s\u00e4ilytt\u00e4en samalla vakauden ja kaivuprosessin hallinnan.<\/p>\n<h3>Kuormaajat<\/h3>\n<p>Etukuormaajissa puomin sylinteri edist\u00e4\u00e4 kuormien tehokasta nostamista ja tyhjent\u00e4mist\u00e4. T\u00e4m\u00e4 ominaisuus parantaa n\u00e4iden koneiden tuottavuutta, jolloin ne voivat k\u00e4sitell\u00e4 erilaisia \u200b\u200bmateriaaleja sorasta j\u00e4tteeseen, mik\u00e4 v\u00e4hent\u00e4\u00e4 tehokkaasti manuaalista ty\u00f6t\u00e4 ja nopeuttaa teht\u00e4vi\u00e4.<\/p>\n<h2>Suunnittelun\u00e4k\u00f6kohdat ja valintastandardit<\/h2>\n<h3>Kantavuus<\/h3>\n<p>Puomisylinteri\u00e4 valittaessa on t\u00e4rke\u00e4\u00e4 ottaa huomioon sen k\u00e4sittelem\u00e4 kuormituskapasiteetti. Kest\u00e4v\u00e4 rakenne varmistaa, ett\u00e4 sylinteri kest\u00e4\u00e4 tyypillisesti rakennus- ja maataloussovelluksissa esiintyv\u00e4t raskaat kuormat. Kuormituskapasiteettiin vaikuttavat sylinterin rakenteessa k\u00e4ytetyt materiaalit ja valmistuksen aikana noudatetut tekniset standardit.<\/p>\n<h3>Tiivistysominaisuudet<\/h3>\n<p>Tiivistys on kriittinen tekij\u00e4, joka vaikuttaa suoraan hydraulisylinterin suorituskykyyn ja pitk\u00e4ik\u00e4isyyteen. Laadukkaat tiivisteet est\u00e4v\u00e4t hydraulinesteen vuotamisen, joka voi johtaa tehottomaan toimintaan ja mahdollisiin vaurioihin. Oikeiden tiivistemateriaalien, kuten polyuretaanin tai nitriilikumin, valinta parantaa kest\u00e4vyytt\u00e4 ja luotettavuutta.<\/p>\n<h3>Kest\u00e4vyys<\/h3>\n<p>Kest\u00e4vyys on ensiarvoisen t\u00e4rke\u00e4\u00e4, erityisesti vaativissa ty\u00f6ymp\u00e4rist\u00f6iss\u00e4. Sylinterin on kestett\u00e4v\u00e4 jatkuvan k\u00e4yt\u00f6n aiheuttamaa kulumista sek\u00e4 altistumista esimerkiksi p\u00f6lylle ja kosteudelle. Hyvin suunnitellussa hydraulisylinteriss\u00e4 on ominaisuuksia, jotka pident\u00e4v\u00e4t sen k\u00e4ytt\u00f6ik\u00e4\u00e4, kuten korroosiota ja kulumista kest\u00e4v\u00e4t pintak\u00e4sittelyt.<\/p>\n<h3>Turvaominaisuudet<\/h3>\n<p>Suunnittelun turvallisuusn\u00e4k\u00f6kohdat varmistavat, ett\u00e4 hydraulisylinteri toimii tehokkaasti aiheuttamatta riskej\u00e4 k\u00e4ytt\u00e4jille tai laitteille. Ominaisuudet, kuten paineenalennusventtiilit ja ylikuormitussuojamekanismit, ovat olennaisia \u200b\u200bonnettomuuksien ehk\u00e4isemiseksi ja yleisen k\u00e4ytt\u00f6turvallisuuden parantamiseksi.<\/p>\n<h3>Huolto Esteett\u00f6myys<\/h3>\n<p>Helppo huolto on ratkaisevan t\u00e4rke\u00e4\u00e4 hydraulij\u00e4rjestelm\u00e4n sujuvan toiminnan kannalta. Suunnitteluvalinnat, jotka mahdollistavat nopean ja helpon p\u00e4\u00e4syn t\u00e4rkeimpiin komponentteihin, helpottavat rutiinitarkastuksia ja korjauksia, mik\u00e4 minimoi seisokkiajat ja huoltokustannukset.<\/p>\n<p><img decoding=\"async\" src=\"https:\/\/www.hydraulic-cylinders.net\/wp-content\/uploads\/2025\/04\/songte-oil-pipes-and-spare-parts.webp\" alt=\"Huolto Esteett\u00f6myys\" \/><\/p>\n<h2>Tiivistys ja voitelu<\/h2>\n<p>Hydraulisylinterien tehokkuus riippuu suuresti asianmukaisesta tiivistyksest\u00e4 ja voitelusta. Erilaisia \u200b\u200btiivisteit\u00e4, kuten m\u00e4nn\u00e4ntiivisteit\u00e4 ja varren tiivisteit\u00e4, k\u00e4ytet\u00e4\u00e4n est\u00e4m\u00e4\u00e4n hydraulinesteen vuotoja, jotka voivat johtaa suorituskyvyn heikkenemiseen. Yleisesti k\u00e4ytet\u00e4\u00e4n kulutusta kest\u00e4vist\u00e4 materiaaleista, kuten polyuretaanista ja nitriilikumista, valmistettuja tiivisteit\u00e4. Sylinterin runko ja kierteitetyt p\u00e4\u00e4typinnat k\u00e4sitell\u00e4\u00e4n hienovaraisesti niiden kulutuskest\u00e4vyyden parantamiseksi. S\u00e4\u00e4nn\u00f6llinen voitelu hydrauli\u00f6ljyll\u00e4 on v\u00e4ltt\u00e4m\u00e4t\u00f6nt\u00e4 sujuvan toiminnan varmistamiseksi ja sis\u00e4isen kulumisen est\u00e4miseksi, joka voi merkitt\u00e4v\u00e4sti lyhent\u00e4\u00e4 sylinterin k\u00e4ytt\u00f6ik\u00e4\u00e4.<\/p>\n<h2>S\u00e4\u00e4nn\u00f6llinen tarkastus ja ennaltaehk\u00e4isev\u00e4 huolto<\/h2>\n<ul>\n<li><strong>Rutiinitarkastukset:<\/strong> Tarkista hydraulisylinteri s\u00e4\u00e4nn\u00f6llisesti kulumisen, vuotojen tai vaurioiden varalta. Ongelmien varhainen havaitseminen voi est\u00e4\u00e4 kalliita korjauksia ja varmistaa optimaalisen suorituskyvyn.<\/li>\n<li><strong>Oikea voitelu:<\/strong> Varmista, ett\u00e4 hydrauliikka\u00f6ljyn taso on oikea eik\u00e4 siin\u00e4 ole ep\u00e4puhtauksia. Sylinterin s\u00e4\u00e4nn\u00f6llinen voitelu v\u00e4hent\u00e4\u00e4 kitkaa ja pident\u00e4\u00e4 sen k\u00e4ytt\u00f6ik\u00e4\u00e4.<\/li>\n<li><strong>Tiivisteen vaihto:<\/strong> Tarkkaile tiivisteiden kuntoa ja vaihda ne tarvittaessa hydraulij\u00e4rjestelm\u00e4n eheyden yll\u00e4pit\u00e4miseksi. Kuluneet tiivisteet voivat johtaa merkitt\u00e4v\u00e4\u00e4n hydraulinesteen h\u00e4vikkiin, mik\u00e4 vaikuttaa suorituskykyyn.<\/li>\n<\/ul>\n<h2>Asennusohjeet<\/h2>\n<p>Oikea asennus on ratkaisevan t\u00e4rke\u00e4\u00e4 puomin sylinterin tehokkaan toiminnan kannalta. Aloita varmistamalla, ett\u00e4 kiinnityspinnat ovat puhtaat ja roskattomat. Kohdista sylinteri aiottuun kiinnityspisteeseen ja varmista, ett\u00e4 kiinnitystelineet ovat oikein. K\u00e4yt\u00e4 sopivia ty\u00f6kaluja sylinterin kiinnitt\u00e4miseen paikalleen v\u00e4ltt\u00e4en liiallista kirist\u00e4mist\u00e4, joka voi aiheuttaa vaurioita. Asennuksen j\u00e4lkeen tarkista kohdistus ja varmista, ettei ole esteit\u00e4, jotka voisivat haitata toimintaa. Lopuksi testaa hydrauliikkaj\u00e4rjestelm\u00e4 varmistaaksesi, ett\u00e4 sylinteri toimii sujuvasti ilman vuotoja tai ep\u00e4tavallisia \u00e4\u00e4ni\u00e4.<\/p>\n<h2>Yleiset huoltoteht\u00e4v\u00e4t<\/h2>\n<ul>\n<li><strong>S\u00e4\u00e4nn\u00f6lliset tarkastukset:<\/strong> S\u00e4\u00e4nn\u00f6llisten tarkastusten avulla k\u00e4ytt\u00e4j\u00e4t voivat tunnistaa mahdolliset ongelmat ennen kuin ne pahenevat. N\u00e4ihin kuuluvat vuotojen, tiivisteiden kulumisen ja sylinterin yleisen kunnon tarkistaminen.<\/li>\n<li><strong>Asianmukainen voitelu:<\/strong> Sylinterin asianmukainen voitelu on elint\u00e4rke\u00e4\u00e4 sen pitk\u00e4n k\u00e4ytt\u00f6i\u00e4n kannalta. Oikean hydrauliikka\u00f6ljyn k\u00e4ytt\u00f6 ja riitt\u00e4v\u00e4n \u00f6ljym\u00e4\u00e4r\u00e4n yll\u00e4pit\u00e4minen v\u00e4hent\u00e4v\u00e4t kitkaa ja kulumista.<\/li>\n<li><strong>Tiivisteiden vaihto ja kalibrointitarkastukset:<\/strong> Kuluneiden tiivisteiden oikea-aikainen vaihto on v\u00e4ltt\u00e4m\u00e4t\u00f6nt\u00e4 optimaalisen suorituskyvyn yll\u00e4pit\u00e4miseksi. S\u00e4\u00e4nn\u00f6lliset kalibrointitarkastukset varmistavat, ett\u00e4 hydrauliikkaj\u00e4rjestelm\u00e4 toimii suunniteltujen parametrien mukaisesti, mik\u00e4 est\u00e4\u00e4 mahdolliset viat.<\/li>\n<\/ul>\n<h2>Turvallisuusn\u00e4k\u00f6kohdat ja ymp\u00e4rist\u00f6tekij\u00e4t<\/h2>\n<p>Hydraulisylintereit\u00e4 k\u00e4ytett\u00e4ess\u00e4 on t\u00e4rke\u00e4\u00e4 noudattaa turvatoimenpiteit\u00e4. K\u00e4ytt\u00e4j\u00e4t tulee kouluttaa tunnistamaan hydraulij\u00e4rjestelmiin liittyv\u00e4t vaarat, kuten paineen nousu ja nestevuodot. Lis\u00e4ksi ymp\u00e4rist\u00f6n\u00e4k\u00f6kohdat, kuten asianmukainen nesteiden h\u00e4vitt\u00e4minen ja vuotojen minimointi, ovat ratkaisevan t\u00e4rkeit\u00e4 ekosysteemin suojelemiseksi. S\u00e4\u00e4nn\u00f6llinen koulutus ja turvallisuusprotokollien noudattaminen voivat auttaa v\u00e4hent\u00e4m\u00e4\u00e4n onnettomuuksia ja varmistamaan turvallisen ty\u00f6ymp\u00e4rist\u00f6n.<\/p>\n<h2>Vianm\u00e4\u00e4ritys ja yleiset ongelmat<\/h2>\n<ul>\n<li><strong>Vuoto:<\/strong> Vuoto on yleinen ongelma, joka voi johtua kuluneista tiivisteist\u00e4 tai vaurioituneista liitoksista. S\u00e4\u00e4nn\u00f6lliset tarkastukset voivat auttaa tunnistamaan vuodot varhaisessa vaiheessa, mik\u00e4 mahdollistaa oikea-aikaiset korjaukset.<\/li>\n<li><strong>Hidas vaste:<\/strong> Jos sylinteri toimii hitaasti, se voi viitata alhaiseen hydrauliikka\u00f6ljyn tasoon tai tukoksiin j\u00e4rjestelm\u00e4ss\u00e4. Nestetasojen tarkistaminen ja letkujen puhtauden varmistaminen voivat ratkaista t\u00e4m\u00e4n ongelman.<\/li>\n<li><strong>Ep\u00e4tavalliset \u00e4\u00e4net:<\/strong> K\u00e4yt\u00f6n aikana kuuluvat \u00e4\u00e4net voivat olla merkki sis\u00e4isist\u00e4 vaurioista tai voitelun puutteesta. V\u00e4lit\u00f6n tarkastus on tarpeen syyn diagnosoimiseksi ja korjaamiseksi.<\/li>\n<\/ul>\n<h2>Vianm\u00e4\u00e4ritysvinkkej\u00e4<\/h2>\n<p>Jotta voit tehokkaasti diagnosoida ja ratkaista hydraulisylintereiden ongelmia, pid\u00e4 kirjaa k\u00e4ytt\u00f6ongelmista. Suorita s\u00e4\u00e4nn\u00f6llisesti silm\u00e4m\u00e4\u00e4r\u00e4isi\u00e4 tarkastuksia ja jos ongelmia ilmenee, vertaa niit\u00e4 tunnettuihin ongelmiin ja ratkaisuihin. Ennaltaehk\u00e4isev\u00e4t toimenpiteet, kuten s\u00e4\u00e4nn\u00f6llinen huolto ja valmistajan ohjeiden noudattaminen, voivat merkitt\u00e4v\u00e4sti v\u00e4hent\u00e4\u00e4 mahdollisten ongelmien esiintymist\u00e4 ja varmistaa sujuvan ja tehokkaan toiminnan.<\/p>\n<p><img decoding=\"async\" src=\"https:\/\/www.hydraulic-cylinders.net\/wp-content\/uploads\/2025\/04\/songte-bushings-with-all-kinds-of-excavator-models.webp\" alt=\"Vianm\u00e4\u00e4ritys ja yleiset ongelmat\" \/><\/p>\n<h2>Yrityksen yleiskatsaus<\/h2>\n<p>Olemme johtava hydraulisylintereiden valmistaja ja tukkumyyj\u00e4, joka tarjoaa kattavan valikoiman tuotteita sek\u00e4 kotimaisille ett\u00e4 kansainv\u00e4lisille markkinoille. Noudatamme erinomaista laatua ja luotamme hienostuneeseen valmistuksenohjausstrategiaan. Yrityksemme parantaa jatkuvasti tuotantoalustaansa hy\u00f6dynt\u00e4m\u00e4ll\u00e4 ammattitaitoista teknist\u00e4 henkil\u00f6st\u00f6\u00e4, edistyneit\u00e4 digitaalisia valmistuslaitteita ja ammattimaisia \u200b\u200btestausj\u00e4rjestelmi\u00e4. T\u00e4m\u00e4 sitoutuminen korkeaan tehokkuuteen, tarkkuuteen ja laatuun antaa meille mahdollisuuden vastata monipuolisiin asiakastarpeisiin varmistaen, ett\u00e4 jokainen tuote t\u00e4ytt\u00e4\u00e4 tiukat alan standardit.<\/p>\n<p><img decoding=\"async\" src=\"https:\/\/www.hydraulic-cylinders.net\/wp-content\/uploads\/2025\/04\/songte-company-4.webp\" alt=\"Yrityksen yleiskatsaus\" \/><br \/>\n<img decoding=\"async\" src=\"https:\/\/www.hydraulic-cylinders.net\/wp-content\/uploads\/2025\/04\/songte-company-3.webp\" alt=\"Yrityksen tuotteet\" \/><\/p>\n<p>Kirjoittaja: lyl<\/p>","protected":false},"excerpt":{"rendered":"<p>Boom Cylinder For JCHI NS17-7 Product Overview The Boom Cylinder for JCHI NS17-7 is a specialized hydraulic cylinder designed to control the movement of buckets in various heavy machinery, such as excavators, backhoe excavators, and front-end loaders. This hydraulic cylinder enables the bucket to lift, lower, and tilt, facilitating efficient material handling tasks in construction [&hellip;]<\/p>","protected":false},"featured_media":17881,"comment_status":"open","ping_status":"closed","template":"","meta":{"_et_pb_use_builder":"","_et_pb_old_content":"","_et_gb_content_width":""},"product_brand":[],"product_cat":[1546],"product_tag":[1547,1496],"class_list":{"0":"post-19482","1":"product","2":"type-product","3":"status-publish","4":"has-post-thumbnail","6":"product_cat-boom-cylinders","7":"product_tag-boom-cylinders","8":"product_tag-hydraulic-cylinders","10":"first","11":"instock","12":"shipping-taxable","13":"product-type-simple"},"amp_enabled":true,"_links":{"self":[{"href":"https:\/\/www.hydraulic-cylinders.net\/fi\/wp-json\/wp\/v2\/product\/19482","targetHints":{"allow":["GET"]}}],"collection":[{"href":"https:\/\/www.hydraulic-cylinders.net\/fi\/wp-json\/wp\/v2\/product"}],"about":[{"href":"https:\/\/www.hydraulic-cylinders.net\/fi\/wp-json\/wp\/v2\/types\/product"}],"replies":[{"embeddable":true,"href":"https:\/\/www.hydraulic-cylinders.net\/fi\/wp-json\/wp\/v2\/comments?post=19482"}],"wp:featuredmedia":[{"embeddable":true,"href":"https:\/\/www.hydraulic-cylinders.net\/fi\/wp-json\/wp\/v2\/media\/17881"}],"wp:attachment":[{"href":"https:\/\/www.hydraulic-cylinders.net\/fi\/wp-json\/wp\/v2\/media?parent=19482"}],"wp:term":[{"taxonomy":"product_brand","embeddable":true,"href":"https:\/\/www.hydraulic-cylinders.net\/fi\/wp-json\/wp\/v2\/product_brand?post=19482"},{"taxonomy":"product_cat","embeddable":true,"href":"https:\/\/www.hydraulic-cylinders.net\/fi\/wp-json\/wp\/v2\/product_cat?post=19482"},{"taxonomy":"product_tag","embeddable":true,"href":"https:\/\/www.hydraulic-cylinders.net\/fi\/wp-json\/wp\/v2\/product_tag?post=19482"}],"curies":[{"name":"wp","href":"https:\/\/api.w.org\/{rel}","templated":true}]}}