{"id":19487,"date":"2025-04-07T06:50:18","date_gmt":"2025-04-07T06:50:18","guid":{"rendered":"https:\/\/www.hydraulic-cylinders.net\/product\/boom-cylinder-for-jchi-ns80-7\/"},"modified":"2025-04-07T06:50:20","modified_gmt":"2025-04-07T06:50:20","slug":"boom-cylinder-for-jchi-ns80-7","status":"publish","type":"product","link":"https:\/\/www.hydraulic-cylinders.net\/fi\/tuote\/boom-cylinder-for-jchi-ns80-7\/","title":{"rendered":"Puomin sylinteri JCHI NS80-7:lle"},"content":{"rendered":"<h1>Puomin sylinteri JCHI NS80-7:lle<\/h1>\n<h2>Tuotteen yleiskatsaus<\/h2>\n<p>JCHI NS80-7:n puomisylinteri on t\u00e4rke\u00e4 hydrauliikkakomponentti, joka on suunniteltu erityisesti raskaille koneille, erityisesti kaivinkoneille. T\u00e4m\u00e4n tyyppinen hydrauliikkasylinteri vastaa kauhojen liikkeen ohjaamisesta, jolloin ne voivat nousta, laskea ja kallistua tehokkaasti. Puomisylinterin toimivuus on elint\u00e4rke\u00e4\u00e4 erilaisissa materiaalink\u00e4sittelyteht\u00e4viss\u00e4, sill\u00e4 se varmistaa koneiden sujuvan ja tehokkaan toiminnan.<\/p>\n<p><img decoding=\"async\" src=\"https:\/\/www.hydraulic-cylinders.net\/wp-content\/uploads\/2025\/04\/songte-company-1.webp\" alt=\"Puomin sylinterin kuva\"><\/p>\n<h3>Kauhasylinterien ymm\u00e4rt\u00e4minen<\/h3>\n<p>Kauhasylinterit, tietyntyyppiset hydrauliset sylinterit, on suunniteltu helpottamaan erilaisissa raskaissa laitteissa k\u00e4ytettyjen kauhojen liikuttelua. N\u00e4ill\u00e4 sylintereill\u00e4 on olennainen rooli hydraulij\u00e4rjestelmiss\u00e4, sill\u00e4 ne tarjoavat tarvittavan voiman teht\u00e4vien, kuten kaivamisen, nostamisen ja materiaalien kuljettamisen, suorittamiseen. Valjastamalla paineen alaisen hydraulinesteen voiman kauhasylinterit mahdollistavat k\u00e4ytt\u00e4jien k\u00e4sitell\u00e4 raskaita kuormia tarkasti ja helposti. Ne on suunniteltu kest\u00e4m\u00e4\u00e4n merkitt\u00e4vi\u00e4 rasituksia ja ymp\u00e4rist\u00f6tekij\u00f6it\u00e4, mik\u00e4 tekee niist\u00e4 v\u00e4ltt\u00e4m\u00e4tt\u00f6mi\u00e4 rakennusalalla, maataloudessa ja muissa teollisissa sovelluksissa.<\/p>\n<h2>Puomin sylinterin t\u00e4rkeimm\u00e4t ominaisuudet<\/h2>\n<ul>\n<li><strong>Korkea lujuus ja kest\u00e4vyys:<\/strong> Tyypillisesti eritt\u00e4in lujasta ter\u00e4ksest\u00e4 tai alumiinista valmistetut sylinterit kest\u00e4v\u00e4t korkeaa painetta ja raskaita kuormia samalla kun ne sopeutuvat ankariin ty\u00f6olosuhteisiin.<\/li>\n<li><strong>Tehokas hydraulinen k\u00e4ytt\u00f6:<\/strong> Hydrauli\u00f6ljyn paineen hy\u00f6dynt\u00e4minen mahdollistaa sujuvan pidennyksen ja sis\u00e4\u00e4nvedon, mik\u00e4 tarjoaa nopean reagoinnin k\u00e4ytt\u00f6komentoihin ja tuottaa tehokkaan ty\u00f6nt\u00f6- ja vetovoiman.<\/li>\n<li><strong>Erilaisia \u200b\u200btyyppej\u00e4:<\/strong> Saatavilla yksitoimisina (hydraulisesti yhteen suuntaan) tai kaksitoimisina (hydraulisesti molempiin suuntiin) malleina erilaisiin k\u00e4ytt\u00f6tarpeisiin. Jotkut mallit ovat teleskooppisia, mik\u00e4 mahdollistaa suuremman jatkeen ilman ulkomittojen kasvua.<\/li>\n<li><strong>Edistynyt tiivisteteknologia:<\/strong> Valmistettu korkealaatuisilla tiivisteill\u00e4 nestevuotojen est\u00e4miseksi ja paineen yll\u00e4pit\u00e4miseksi, mik\u00e4 varmistaa luotettavuuden ja pitk\u00e4n k\u00e4ytt\u00f6i\u00e4n.<\/li>\n<li><strong>Mukautettavat vaihtoehdot:<\/strong> Voidaan muokata tai r\u00e4\u00e4t\u00e4l\u00f6id\u00e4 tiettyjen konevaatimusten tai sovellusskenaarioiden perusteella.<\/li>\n<\/ul>\n<h2>Valmistuskykymme<\/h2>\n<p>Valmistamme korkealaatuisia puomisylintereit\u00e4, jotka korvaavat saumattomasti markkinoilla olevia erilaisia \u200b\u200bhydraulisylintereit\u00e4. Tuotteemme on suunniteltu t\u00e4ytt\u00e4m\u00e4\u00e4n tiukat standardit, mik\u00e4 varmistaa optimaalisen suorituskyvyn ja luotettavuuden kaikissa koneen sovelluksissa.<\/p>\n<p><img decoding=\"async\" src=\"https:\/\/www.hydraulic-cylinders.net\/wp-content\/uploads\/2025\/04\/songte-cylinder-head-with-all-kinds-excavator-models.webp\" alt=\"Sylinterikannen kuva\"><\/p>\n<h2>Sovellusskenaariot<\/h2>\n<h3>Rakennuslaitteet<\/h3>\n<p>Puomisylinteri on v\u00e4ltt\u00e4m\u00e4t\u00f6n rakennuskoneissa, kuten kaivinkoneissa, joissa se on elint\u00e4rke\u00e4 kaivamisessa, lastaamisessa ja maaper\u00e4n tai roskien siirt\u00e4misess\u00e4. Kauhasylinterin sujuva toiminta mahdollistaa materiaalien tehokkaan kaivamisen, jolloin projektit etenev\u00e4t tehokkaasti.<\/p>\n<h3>Maatalouskoneet<\/h3>\n<p>Etukuormaajissa puomin sylinterit helpottavat maaper\u00e4n, hein\u00e4n ja erilaisten materiaalien kaivamista, nostamista ja kuljetusta, mik\u00e4 osoittautuu korvaamattomaksi maatalousteht\u00e4viss\u00e4, joissa tehokkuus ja voima ovat ensiarvoisen t\u00e4rkeit\u00e4.<\/p>\n<h3>Kaivinkoneet<\/h3>\n<p>Kaivinkoneet hy\u00f6dynt\u00e4v\u00e4t puomisylintereit\u00e4 tunkeutuakseen tehokkaasti maahan, mik\u00e4 mahdollistaa optimoidut kaivuutoiminnot. T\u00e4m\u00e4 ominaisuus parantaa tuottavuutta rakennusty\u00f6mailla ja auttaa tarkasta materiaalink\u00e4sittelyst\u00e4.<\/p>\n<h3>Kuormaajat<\/h3>\n<p>Etukuormaajissa puomin sylinterit auttavat kuormien nostamisessa ja purkamisessa. Niiden tehokas suorituskyky varmistaa, ett\u00e4 materiaaleja voidaan siirt\u00e4\u00e4 ja purkaa tehokkaasti, mik\u00e4 on ratkaisevan t\u00e4rke\u00e4\u00e4 rakennus- ja maisemointiteht\u00e4viss\u00e4.<\/p>\n<h2>Suunnittelun\u00e4k\u00f6kohdat ja valintakriteerit<\/h2>\n<h3>Kantavuus<\/h3>\n<p>Puomisylinteri\u00e4 valittaessa on t\u00e4rke\u00e4\u00e4 arvioida kuormankesto. Se m\u00e4\u00e4ritt\u00e4\u00e4 suurimman painon, jonka sylinteri kest\u00e4\u00e4 turvallisesti ja samalla s\u00e4ilytt\u00e4\u00e4 suorituskykyns\u00e4. Optimaalisen kuorman suunnittelu est\u00e4\u00e4 rakenteelliset viat ja varmistaa tehokkaan toiminnan.<\/p>\n<h3>Tiivistyskyky<\/h3>\n<p>Tehokas tiivistys on v\u00e4ltt\u00e4m\u00e4t\u00f6nt\u00e4 nestevuotojen est\u00e4miseksi ja paineen yll\u00e4pit\u00e4miseksi hydraulij\u00e4rjestelm\u00e4ss\u00e4. Korkealaatuiset tiivisteet, jotka on usein valmistettu kest\u00e4vist\u00e4 materiaaleista, ovat ratkaisevan t\u00e4rkeit\u00e4 luotettavuuden varmistamiseksi ja kalliiden seisokkien v\u00e4ltt\u00e4miseksi huolto-ongelmien vuoksi.<\/p>\n<h3>Kest\u00e4vyys<\/h3>\n<p>Kest\u00e4vyys on merkitt\u00e4v\u00e4 tekij\u00e4 hydraulisylintereiden suunnittelussa. N\u00e4iden komponenttien on kestett\u00e4v\u00e4 ankaria ymp\u00e4rist\u00f6j\u00e4 ja raskasta k\u00e4ytt\u00f6\u00e4 tinkim\u00e4tt\u00e4 eheydest\u00e4. Kest\u00e4vyytt\u00e4 parantavien materiaalien ja valmistusprosessien valitseminen on olennaista.<\/p>\n<h3>Turvaominaisuudet<\/h3>\n<p>Turvallisuus on ensiarvoisen t\u00e4rke\u00e4\u00e4 hydraulisylintereiden suunnittelussa. Ominaisuudet, kuten paineenalennusventtiilit ja kest\u00e4v\u00e4 rakenne, auttavat ehk\u00e4isem\u00e4\u00e4n onnettomuuksia ja laitevikoja varmistaen k\u00e4ytt\u00e4jien ja itse koneiden turvallisuuden.<\/p>\n<h3>Huolto ja huollettavuus<\/h3>\n<p>Helppo huolto on kriittisen t\u00e4rke\u00e4\u00e4. Sylinterien suunnittelu siten, ett\u00e4 tiivisteisiin ja muihin komponentteihin on helppo p\u00e4\u00e4st\u00e4 k\u00e4siksi, helpottaa rutiinitarkastuksia ja korjauksia, mik\u00e4 auttaa pident\u00e4m\u00e4\u00e4n tuotteen k\u00e4ytt\u00f6ik\u00e4\u00e4 ja yll\u00e4pit\u00e4m\u00e4\u00e4n toiminnan tehokkuutta.<\/p>\n<p><img decoding=\"async\" src=\"https:\/\/www.hydraulic-cylinders.net\/wp-content\/uploads\/2025\/04\/songte-oil-pipes-and-spare-parts.webp\" alt=\"\u00d6ljyputket ja varaosat -kuva\"><\/p>\n<h2>Tiivistys ja voitelu<\/h2>\n<p>Tehokas tiivistys ja voitelu ovat elint\u00e4rkeit\u00e4 hydraulisylinterien suorituskyvyn ja pitk\u00e4n k\u00e4ytt\u00f6i\u00e4n kannalta. Sylinteriss\u00e4 on erilaisia \u200b\u200btiivisteit\u00e4, kuten m\u00e4nn\u00e4ntiivisteit\u00e4 ja varren tiivisteit\u00e4, vuotojen est\u00e4miseksi ja hydraulisen paineen yll\u00e4pit\u00e4miseksi. Kulutusta kest\u00e4vist\u00e4 materiaaleista, kuten polyuretaanista ja nitriilikumista, valmistettuja tiivisteit\u00e4 k\u00e4ytet\u00e4\u00e4n yleisesti kest\u00e4vyyden parantamiseksi. Sylinterin runko ja kierteitetyt p\u00e4\u00e4typinnat k\u00e4sitell\u00e4\u00e4n hienovaraisesti kulutuskest\u00e4vyyden parantamiseksi ja luotettavan toiminnan varmistamiseksi. S\u00e4\u00e4nn\u00f6llinen voitelu hydrauli\u00f6ljyll\u00e4 on v\u00e4ltt\u00e4m\u00e4t\u00f6nt\u00e4 komponenttien sujuvan toiminnan varmistamiseksi ja kitkan ja kulumisen minimoimiseksi.<\/p>\n<h2>Ennaltaehk\u00e4isev\u00e4t huoltotoimenpiteet<\/h2>\n<ul>\n<li><strong>S\u00e4\u00e4nn\u00f6lliset tarkastukset:<\/strong> Tarkista k\u00e4yt\u00f6n aikana kulumisen merkkej\u00e4, nestevuotoja ja ep\u00e4tavallisia \u00e4\u00e4ni\u00e4. Ongelmien nopea korjaaminen voi est\u00e4\u00e4 lis\u00e4vaurioita.<\/li>\n<li><strong>Oikea voitelu:<\/strong> Varmista, ett\u00e4 hydraulisylinteri on voideltu oikeantyyppisell\u00e4 ja -m\u00e4\u00e4r\u00e4isell\u00e4 hydrauli\u00f6ljyll\u00e4 optimaalisen suorituskyvyn yll\u00e4pit\u00e4miseksi ja kulumisen est\u00e4miseksi.<\/li>\n<li><strong>Tiivisteen vaihto:<\/strong> Tarkista tiivisteiden kuluminen s\u00e4\u00e4nn\u00f6llisesti ja vaihda ne tarvittaessa paineen yll\u00e4pit\u00e4miseksi ja vuotojen est\u00e4miseksi.<\/li>\n<\/ul>\n<h2>Asennusohjeet<\/h2>\n<p>Puomisylinterin oikea asennus on ratkaisevan t\u00e4rke\u00e4\u00e4 sen toimivuuden ja pitk\u00e4n k\u00e4ytt\u00f6i\u00e4n kannalta. Aloita varmistamalla, ett\u00e4 kaikki tarvittavat komponentit ovat saatavilla ja hyv\u00e4ss\u00e4 kunnossa. Kohdista hydraulisylinteri tarkasti kiinnityskiinnikkeisiin est\u00e4\u00e4ksesi virheellisen kohdistuksen, joka voi johtaa ennenaikaiseen kulumiseen tai rikkoutumiseen. K\u00e4yt\u00e4 sopivia kiinnityskiinnikkeit\u00e4 sylinterin kiinnitt\u00e4miseen tukevasti. Asennuksen j\u00e4lkeen ilmaa hydraulij\u00e4rjestelm\u00e4st\u00e4 varmistaaksesi sujuvan toiminnan. Noudata valmistajan ohjeita erityisten menettelytapojen ja kiristysm\u00e4\u00e4ritysten osalta ongelmien v\u00e4ltt\u00e4miseksi k\u00e4yt\u00f6n aikana.<\/p>\n<h2>Yleiset huoltoteht\u00e4v\u00e4t<\/h2>\n<ul>\n<li><strong>S\u00e4\u00e4nn\u00f6lliset tarkastukset:<\/strong> Suorita rutiinitarkastuksia kulumisen ja repe\u00e4mien havaitsemiseksi. T\u00e4m\u00e4 ennakoiva toimenpide auttaa havaitsemaan mahdolliset ongelmat varhaisessa vaiheessa.<\/li>\n<li><strong>Asianmukainen voitelu:<\/strong> Voitele sylinteri s\u00e4\u00e4nn\u00f6llisesti pit\u00e4\u00e4ksesi hydraulinesteen optimaalisella tasolla, mik\u00e4 v\u00e4hent\u00e4\u00e4 liikkuvien osien kitkaa ja kulumista.<\/li>\n<li><strong>Tiivisteen vaihto:<\/strong> Tarkkaile tiivisteiden kulumista ja vaihda ne suorituskyvyn yll\u00e4pit\u00e4miseksi ja vuotojen est\u00e4miseksi.<\/li>\n<\/ul>\n<h2>Turvallisuusn\u00e4k\u00f6kohdat ja ymp\u00e4rist\u00f6tekij\u00e4t<\/h2>\n<p>Hydraulisylintereit\u00e4 k\u00e4ytett\u00e4ess\u00e4 on eritt\u00e4in t\u00e4rke\u00e4\u00e4 asettaa turvallisuustoimenpiteet etusijalle k\u00e4ytt\u00e4jien ja ymp\u00e4rist\u00f6n suojelemiseksi. Kaikkien komponenttien oikean asennuksen ja s\u00e4\u00e4nn\u00f6llisen huollon varmistaminen voi v\u00e4hent\u00e4\u00e4 merkitt\u00e4v\u00e4sti onnettomuusriski\u00e4. Lis\u00e4ksi ymp\u00e4rist\u00f6yst\u00e4v\u00e4llisten hydraulinesteiden k\u00e4ytt\u00f6 ja j\u00e4tteiden vastuullinen h\u00e4vitt\u00e4minen auttavat minimoimaan ymp\u00e4rist\u00f6vaikutuksia.<\/p>\n<h2>Vianm\u00e4\u00e4ritys ja yleiset ongelmat<\/h2>\n<ul>\n<li><strong>Hydrauli\u00f6ljyvuodot:<\/strong> Tarkista tiivisteet ja liitokset, jos huomaat nesteen kertymist\u00e4. Korjaa vuodot viipym\u00e4tt\u00e4 lis\u00e4vaurioiden est\u00e4miseksi.<\/li>\n<li><strong>Tehon menetys:<\/strong> Jos hydraulisylinteri ei toimi tehokkaasti, tarkista tukokset tai alhaiset nestetasot. Varmista, ett\u00e4 hydraulineste on puhdasta ja riitt\u00e4v\u00e4sti t\u00e4ytetty\u00e4.<\/li>\n<li><strong>Ep\u00e4tavalliset \u00e4\u00e4net:<\/strong> Kuuntele hankaavia tai sihisevi\u00e4 \u00e4\u00e4ni\u00e4, jotka voivat viitata kuluneisiin tiivisteisiin tai sis\u00e4isiin vaurioihin. Tutki ja korjaa v\u00e4litt\u00f6m\u00e4sti.<\/li>\n<\/ul>\n<h2>Vianm\u00e4\u00e4ritysvinkkej\u00e4<\/h2>\n<p>Ongelmien tehokkaan diagnosoinnin ja ratkaisemisen kannalta on hy\u00f6dyllist\u00e4 pit\u00e4\u00e4 kirjaa kaikista havaituista ongelmista. Toteuta ennaltaehk\u00e4isevi\u00e4 toimenpiteit\u00e4, kuten s\u00e4\u00e4nn\u00f6llisi\u00e4 tarkastuksia ja huoltoa, mahdollisten ongelmien minimoimiseksi. Korkealaatuisen hydraulinesteen ja -komponenttien k\u00e4ytt\u00f6 voi parantaa j\u00e4rjestelm\u00e4n luotettavuutta ja v\u00e4hent\u00e4\u00e4 vikojen todenn\u00e4k\u00f6isyytt\u00e4.<\/p>\n<p><img decoding=\"async\" src=\"https:\/\/www.hydraulic-cylinders.net\/wp-content\/uploads\/2025\/04\/songte-bushings-with-all-kinds-of-excavator-models.webp\" alt=\"Holkit Kuva\"><\/p>\n<h2>Yrityksen yleiskatsaus<\/h2>\n<p>Olemme johtava hydraulisten sylinterien vaihto-osien valmistaja, joka on erikoistunut laajaan tuotevalikoimaan sek\u00e4 kotimaisille ett\u00e4 kansainv\u00e4lisille markkinoille. Sitoutumisemme laatuun tukee huolellinen valmistusstrategia, joka korostaa tarkkuutta ja innovaatioita. Investoimme osaavaan henkil\u00f6st\u00f6\u00f6n, edistyneisiin valmistuslaitteisiin ja vankkoihin testausj\u00e4rjestelmiin parantaaksemme tuotantokapasiteettiamme ja varmistaaksemme huippuluokan tuotelaadun.<\/p>\n<p>Asiantuntemuksemme ulottuu r\u00e4\u00e4t\u00e4l\u00f6ityjen palveluiden tarjoamiseen, jotka on r\u00e4\u00e4t\u00e4l\u00f6ity vastaamaan asiakkaiden erityistarpeita varmistaen tyytyv\u00e4isyyden ja luotettavuuden. Priorisoimme myynnin j\u00e4lkeist\u00e4 tukea, tarjoten huolto-ohjeita ja apua auttaaksemme asiakkaita maksimoimaan hydraulisylintereidensa k\u00e4ytt\u00f6i\u00e4n.<\/p>\n<p><img decoding=\"async\" src=\"https:\/\/www.hydraulic-cylinders.net\/wp-content\/uploads\/2025\/04\/songte-company-4.webp\" alt=\"Yrityksen imago\"><br \/>\n<img decoding=\"async\" src=\"https:\/\/www.hydraulic-cylinders.net\/wp-content\/uploads\/2025\/04\/songte-company-3.webp\" alt=\"Yrityksen imago\"><\/p>\n<p>Kirjoittaja: lyl<\/p>","protected":false},"excerpt":{"rendered":"<p>Boom Cylinder For JCHI NS80-7 Product Overview The Boom Cylinder for JCHI NS80-7 is a crucial hydraulic component designed specifically for heavy machinery, particularly excavators. This type of hydraulic cylinder is responsible for controlling the movement of buckets, allowing them to lift, lower, and tilt efficiently. The functionality of a boom cylinder is vital for [&hellip;]<\/p>","protected":false},"featured_media":17871,"comment_status":"open","ping_status":"closed","template":"","meta":{"_et_pb_use_builder":"","_et_pb_old_content":"","_et_gb_content_width":""},"product_brand":[],"product_cat":[1546],"product_tag":[1547,1496],"class_list":{"0":"post-19487","1":"product","2":"type-product","3":"status-publish","4":"has-post-thumbnail","6":"product_cat-boom-cylinders","7":"product_tag-boom-cylinders","8":"product_tag-hydraulic-cylinders","10":"first","11":"instock","12":"shipping-taxable","13":"product-type-simple"},"amp_enabled":true,"_links":{"self":[{"href":"https:\/\/www.hydraulic-cylinders.net\/fi\/wp-json\/wp\/v2\/product\/19487","targetHints":{"allow":["GET"]}}],"collection":[{"href":"https:\/\/www.hydraulic-cylinders.net\/fi\/wp-json\/wp\/v2\/product"}],"about":[{"href":"https:\/\/www.hydraulic-cylinders.net\/fi\/wp-json\/wp\/v2\/types\/product"}],"replies":[{"embeddable":true,"href":"https:\/\/www.hydraulic-cylinders.net\/fi\/wp-json\/wp\/v2\/comments?post=19487"}],"wp:featuredmedia":[{"embeddable":true,"href":"https:\/\/www.hydraulic-cylinders.net\/fi\/wp-json\/wp\/v2\/media\/17871"}],"wp:attachment":[{"href":"https:\/\/www.hydraulic-cylinders.net\/fi\/wp-json\/wp\/v2\/media?parent=19487"}],"wp:term":[{"taxonomy":"product_brand","embeddable":true,"href":"https:\/\/www.hydraulic-cylinders.net\/fi\/wp-json\/wp\/v2\/product_brand?post=19487"},{"taxonomy":"product_cat","embeddable":true,"href":"https:\/\/www.hydraulic-cylinders.net\/fi\/wp-json\/wp\/v2\/product_cat?post=19487"},{"taxonomy":"product_tag","embeddable":true,"href":"https:\/\/www.hydraulic-cylinders.net\/fi\/wp-json\/wp\/v2\/product_tag?post=19487"}],"curies":[{"name":"wp","href":"https:\/\/api.w.org\/{rel}","templated":true}]}}