{"id":19504,"date":"2025-04-07T06:51:13","date_gmt":"2025-04-07T06:51:13","guid":{"rendered":"https:\/\/www.hydraulic-cylinders.net\/product\/boom-cylinder-for-sgzg-sd15-9\/"},"modified":"2025-04-07T06:51:15","modified_gmt":"2025-04-07T06:51:15","slug":"boom-cylinder-for-sgzg-sd15-9","status":"publish","type":"product","link":"https:\/\/www.hydraulic-cylinders.net\/fi\/tuote\/boom-cylinder-for-sgzg-sd15-9\/","title":{"rendered":"Puomin sylinteri SGZG SD15-9:lle"},"content":{"rendered":"<h1>Puomin sylinteri SGZG SD15-9:lle<\/h1>\n<h2>Puomin sylinterin esittely<\/h2>\n<p>Puomisylinteri on erikoishydraulinen sylinteri, joka on suunniteltu ohjaamaan kauhojen liikett\u00e4 erilaisissa raskaissa koneissa, kuten kaivinkoneissa, kaivurikuormaajissa ja etukuormaajissa. N\u00e4m\u00e4 sylinterit mahdollistavat kauhan nostamisen, laskemisen ja kallistuksen, mik\u00e4 helpottaa tehokasta materiaalink\u00e4sittely\u00e4. Puomisylinterien merkityst\u00e4 hydraulij\u00e4rjestelmiss\u00e4 ei voida yliarvioida, sill\u00e4 niill\u00e4 on ratkaiseva rooli sujuvan toiminnan varmistamisessa rakennus-, kaivos- ja maisemointiprojekteissa.<\/p>\n<p><img decoding=\"async\" src=\"https:\/\/www.hydraulic-cylinders.net\/wp-content\/uploads\/2025\/04\/songte-company-1.webp\" alt=\"Puomin sylinteri\"><\/p>\n<h3>Kauhan sylinterin ymm\u00e4rt\u00e4minen<\/h3>\n<p>Kauhasylinteri on hydraulinen sylinterityyppi, jota k\u00e4ytet\u00e4\u00e4n erityisesti raskaissa laitteissa kauhan liikkeen hallintaan. T\u00e4m\u00e4 sylinteri valjastaa hydraulisen paineen voiman tuottamiseksi, mink\u00e4 ansiosta se voi suorittaa erilaisia \u200b\u200btoimintoja, kuten nostaa raskaita kuormia tai kauhaa kallistaa tyhjent\u00e4mist\u00e4 varten. N\u00e4iden sylinterien suunnittelu ja valmistus varmistavat, ett\u00e4 ne kest\u00e4v\u00e4t p\u00e4ivitt\u00e4isen k\u00e4yt\u00f6n rasitukset ankarissa olosuhteissa s\u00e4ilytt\u00e4en samalla tehokkuuden ja luotettavuuden.<\/p>\n<h2>Puomin sylinterin ominaisuudet<\/h2>\n<ul>\n<li><strong>Korkea lujuus ja kest\u00e4vyys:<\/strong> N\u00e4m\u00e4 sylinterit on tyypillisesti valmistettu lujasta ter\u00e4ksest\u00e4 tai alumiinista, ja ne on rakennettu kest\u00e4m\u00e4\u00e4n korkeaa painetta ja raskaita kuormia, joten ne sopivat vaativiin ty\u00f6ymp\u00e4rist\u00f6ihin. Ne on suunniteltu kulutus- ja korroosionkest\u00e4vyys mieless\u00e4 pit\u00e4en, mik\u00e4 pident\u00e4\u00e4 niiden k\u00e4ytt\u00f6ik\u00e4\u00e4.<\/li>\n<li><strong>Tehokas hydraulinen k\u00e4ytt\u00f6:<\/strong> Hydrauli\u00f6ljyn painetta hy\u00f6dynt\u00e4v\u00e4t n\u00e4m\u00e4 sylinterit tarjoavat tasaiset ojennus- ja sis\u00e4\u00e4nvetoliikkeet. Ne reagoivat nopeasti k\u00e4ytt\u00f6komentoihin ja tuottavat huomattavaa ty\u00f6nt\u00f6- ja vetovoimaa, mik\u00e4 sopii ihanteellisesti raskaiden ja monimutkaisten teht\u00e4vien k\u00e4sittelyyn.<\/li>\n<li><strong>Erilaisia \u200b\u200btyyppej\u00e4:<\/strong> K\u00e4ytt\u00f6tarpeista riippuen k\u00e4ytt\u00e4j\u00e4t voivat valita yksitoimiset (hydraulisesti yhteen suuntaan) tai kaksitoimiset (hydraulisesti kahteen suuntaan) sylinterit. Jotkut mallit ovat teleskooppisia, mik\u00e4 mahdollistaa suuremman jatkeen ilman ulkomittojen kasvua, mik\u00e4 sopii ahtaisiin sovelluksiin.<\/li>\n<li><strong>Mukautettu valmistus:<\/strong> Voimme valmistaa t\u00e4t\u00e4 tuotetta, ja sylinterimme voivat t\u00e4ydellisesti korvata n\u00e4m\u00e4 hydraulisylinterit.<\/li>\n<li><strong>Monipuoliset sovellukset:<\/strong> Sopii monenlaisille laitteille ja teht\u00e4ville, parantaen tuottavuutta eri toimialoilla.<\/li>\n<\/ul>\n<p><img decoding=\"async\" src=\"https:\/\/www.hydraulic-cylinders.net\/wp-content\/uploads\/2025\/04\/songte-cylinder-head-with-all-kinds-excavator-models.webp\" alt=\"Hydraulisylinterin sovellukset\"><\/p>\n<h2>Puomisylinterin sovellukset<\/h2>\n<h3>Rakennuslaitteet<\/h3>\n<p>Rakennuskoneissa puomisylintereit\u00e4 k\u00e4ytet\u00e4\u00e4n kaivinkoneissa, joissa ne ovat elint\u00e4rkeit\u00e4 kaivamisessa, lastaamisessa ja maan tai roskien siirt\u00e4misess\u00e4. Kaivurikuormaajissa n\u00e4m\u00e4 sylinterit auttavat sek\u00e4 kaivu- ett\u00e4 nostoteht\u00e4viss\u00e4. Niiden kest\u00e4v\u00e4 rakenne varmistaa luotettavuuden ja tehokkuuden, mik\u00e4 tekee niist\u00e4 v\u00e4ltt\u00e4m\u00e4tt\u00f6mi\u00e4 raskaissa t\u00f6iss\u00e4.<\/p>\n<h3>Maatalouskoneet<\/h3>\n<p>Maatalouskoneissa, kuten etukuormaajissa, puomisylintereill\u00e4 on ratkaiseva rooli maaper\u00e4n, hein\u00e4n ja muiden materiaalien kaivamisessa, nostamisessa ja kuljetuksessa. Kyky k\u00e4sitell\u00e4 raskaita kuormia tarkasti parantaa maataloustoiminnan tuottavuutta varmistaen, ett\u00e4 esimerkiksi viljan lastaus tai paalien siirt\u00e4minen suoritetaan tehokkaasti.<\/p>\n<h3>Kaivinkoneet<\/h3>\n<p>Kaivinkoneissa kauhan sylinterit helpottavat kaivua antamalla kauhan tunkeutua tehokkaasti maaper\u00e4\u00e4n. T\u00e4m\u00e4 ominaisuus on ratkaisevan t\u00e4rke\u00e4 rakennus- ja maisemointity\u00f6ss\u00e4, joissa vaaditaan tarkkaa kaivamista. N\u00e4iden sylinterien tehokkuus vaikuttaa merkitt\u00e4v\u00e4sti kaivinkoneiden kokonaissuorituskykyyn erilaisissa sovelluksissa.<\/p>\n<h3>Kuormaajat<\/h3>\n<p>Etukuormaajissa puomisylinterit vastaavat materiaalin tehokkaasta nostamisesta ja tyhjent\u00e4misest\u00e4. Niiden kyky k\u00e4ytt\u00e4\u00e4 merkitt\u00e4v\u00e4\u00e4 voimaa varmistaa, ett\u00e4 raskaat materiaalit voidaan lastata ja purkaa helposti, mik\u00e4 lis\u00e4\u00e4 tuottavuutta ty\u00f6mailla.<\/p>\n<h2>Suunnittelun\u00e4k\u00f6kohdat ja valintakriteerit<\/h2>\n<h3>Kantavuus<\/h3>\n<p>Puomisylinteri\u00e4 valittaessa yksi t\u00e4rkeimmist\u00e4 huomioitavista tekij\u00f6ist\u00e4 on kuormituskapasiteetti. On t\u00e4rke\u00e4\u00e4 varmistaa, ett\u00e4 sylinteri kest\u00e4\u00e4 sen k\u00e4yt\u00f6n aikana aiheuttaman enimm\u00e4ispainon. Riitt\u00e4m\u00e4tt\u00f6m\u00e4n kuormituskapasiteetin omaava sylinteri voi johtaa vikaantumiseen, mik\u00e4 vaarantaa turvallisuuden ja tehokkuuden. Insin\u00f6\u00f6rien on analysoitava k\u00e4ytt\u00f6vaatimukset ja valittava sylinteri, joka ei ainoastaan \u200b\u200bt\u00e4yt\u00e4 odotettuja kuormitusvaatimuksia, vaan ylitt\u00e4\u00e4 ne.<\/p>\n<h3>Tiivistyskyky<\/h3>\n<p>Tiivistyksen laatu on ratkaisevan t\u00e4rke\u00e4\u00e4 hydraulij\u00e4rjestelmiss\u00e4 nestevuotojen est\u00e4miseksi ja paineen yll\u00e4pit\u00e4miseksi. Kest\u00e4vist\u00e4 materiaaleista, kuten polyuretaanista tai nitriilikumista, valmistetut korkealaatuiset tiivisteet ovat v\u00e4ltt\u00e4m\u00e4tt\u00f6mi\u00e4 sylinterin pitk\u00e4ik\u00e4isyydelle. Asianmukainen tiivistys varmistaa, ett\u00e4 hydraulineste pysyy hallinnassa, est\u00e4en kontaminaation ja yll\u00e4pit\u00e4en j\u00e4rjestelm\u00e4n tehokkuuden. Tiivisteet tulee tarkastaa s\u00e4\u00e4nn\u00f6llisesti kulumisen havaitsemiseksi ja tarvittaessa vaihtamiseksi.<\/p>\n<h3>Kest\u00e4vyys<\/h3>\n<p>Kest\u00e4vyys on toinen merkitt\u00e4v\u00e4 suunnittelutekij\u00e4. Puomisylinterien rakennusmateriaalien on oltava kulumisen ja korroosion kest\u00e4vi\u00e4, erityisesti ankarissa olosuhteissa. Valmistajat k\u00e4ytt\u00e4v\u00e4t usein edistyneit\u00e4 pinnoitteita ja k\u00e4sittelyj\u00e4 parantaakseen sylinterien kest\u00e4vyytt\u00e4 varmistaakseen, ett\u00e4 ne kest\u00e4v\u00e4t p\u00e4ivitt\u00e4isen k\u00e4yt\u00f6n rasitukset ilman ennenaikaista vikaantumista. Kest\u00e4v\u00e4 sylinteri tarjoaa pitk\u00e4aikaisen luotettavuuden, mik\u00e4 v\u00e4hent\u00e4\u00e4 seisokkiaikoja ja yll\u00e4pitokustannuksia.<\/p>\n<h3>Turvaominaisuudet<\/h3>\n<p>Turvallisuus on ensiarvoisen t\u00e4rke\u00e4\u00e4 hydraulisylintereiden suunnittelussa. Paineenalennusventtiilien ja ylikuormitussuojamekanismien kaltaiset ominaisuudet auttavat est\u00e4m\u00e4\u00e4n liiallisen paineen aiheuttamia onnettomuuksia. On eritt\u00e4in t\u00e4rke\u00e4\u00e4 varmistaa, ett\u00e4 n\u00e4m\u00e4 turvaominaisuudet ovat olemassa ja toimivat oikein sek\u00e4 k\u00e4ytt\u00e4j\u00e4n ett\u00e4 koneen suojaamiseksi k\u00e4yt\u00f6n aikana. N\u00e4iden turvallisuusominaisuuksien s\u00e4\u00e4nn\u00f6llinen testaus ja huolto ovat olennaisia \u200b\u200bk\u00e4ytt\u00f6turvallisuuden varmistamiseksi.<\/p>\n<h3>Huolto Esteett\u00f6myys<\/h3>\n<p>Huollon helppous on suunnittelussa otettava huomioon. Sylinterit tulee suunnitella siten, ett\u00e4 kriittisiin komponentteihin p\u00e4\u00e4see helposti k\u00e4siksi rutiinitarkastuksia ja korjauksia varten. T\u00e4m\u00e4 helppo p\u00e4\u00e4sy ei ainoastaan \u200b\u200bhelpota oikea-aikaista huoltoa, vaan my\u00f6s kannustaa k\u00e4ytt\u00e4ji\u00e4 suorittamaan tarvittavat tarkastukset s\u00e4\u00e4nn\u00f6llisesti, mik\u00e4 pident\u00e4\u00e4 sylinterin k\u00e4ytt\u00f6ik\u00e4\u00e4. Valmistajien tulisi ottaa huomioon koneiden asettelu ja sylinterien sijoittelu saavutettavuuden maksimoimiseksi.<\/p>\n<p><img decoding=\"async\" src=\"https:\/\/www.hydraulic-cylinders.net\/wp-content\/uploads\/2025\/04\/songte-oil-pipes-and-spare-parts.webp\" alt=\"Hydraulisylinterin huolto-osat\"><\/p>\n<h2>Tiivistys ja voitelu<\/h2>\n<p>Tehokas tiivistys ja voitelu ovat elint\u00e4rkeit\u00e4 puomisylinterien optimaalisen suorituskyvyn kannalta. Hydrauli\u00f6ljyn vuotojen est\u00e4miseksi k\u00e4ytet\u00e4\u00e4n erilaisia \u200b\u200btiivistyskomponentteja, kuten m\u00e4nn\u00e4ntiivisteit\u00e4 ja varren tiivisteit\u00e4. Kulutusta kest\u00e4vist\u00e4 materiaaleista valmistetut tiivisteet varmistavat pitk\u00e4n k\u00e4ytt\u00f6i\u00e4n ja luotettavuuden. Sylinterin runko ja kierteitetyt p\u00e4\u00e4typinnat k\u00e4sitell\u00e4\u00e4n hienovaraisesti kulutuskest\u00e4vyyden parantamiseksi. S\u00e4\u00e4nn\u00f6llinen oikean m\u00e4\u00e4r\u00e4n hydrauli\u00f6ljyn lis\u00e4\u00e4minen voiteluun on ratkaisevan t\u00e4rke\u00e4\u00e4 sujuvan toiminnan yll\u00e4pit\u00e4miseksi ja liikkuvien osien kulumisen est\u00e4miseksi.<\/p>\n<h2>Ennaltaehk\u00e4isev\u00e4t huoltotoimenpiteet<\/h2>\n<ul>\n<li><strong>S\u00e4\u00e4nn\u00f6lliset tarkastukset:<\/strong> Puomin sylinterin s\u00e4\u00e4nn\u00f6lliset tarkastukset voivat auttaa tunnistamaan mahdolliset ongelmat varhaisessa vaiheessa. Tarkastusten tulisi keskitty\u00e4 kulumisen merkkien, vuotojen ja yleisen kunnon tarkistamiseen. Huoltoloki voi auttaa seuraamaan sylinterin kuntoa ja ennakoimaan tarvittavia korjauksia.<\/li>\n<li><strong>Oikea-aikainen voitelu:<\/strong> Sylinterin riitt\u00e4v\u00e4 voitelu on olennaista sen pitk\u00e4n k\u00e4ytt\u00f6i\u00e4n kannalta. K\u00e4ytt\u00e4jien tulee noudattaa valmistajan ohjeita voiteluv\u00e4leist\u00e4 ja k\u00e4ytett\u00e4vist\u00e4 \u00f6ljytyypeist\u00e4, sill\u00e4 t\u00e4m\u00e4 vaikuttaa merkitt\u00e4v\u00e4sti suorituskykyyn ja kulumisnopeuteen.<\/li>\n<li><strong>Tiivisteen vaihto:<\/strong> Ajan my\u00f6t\u00e4 tiivisteet voivat kulua ja ne voidaan joutua vaihtamaan. Tiivisteiden s\u00e4\u00e4nn\u00f6llinen tarkistaminen vaurioiden tai kulumisen merkkien varalta voi est\u00e4\u00e4 vuotoja ja varmistaa sylinterin tehokkaan toiminnan. K\u00e4ytt\u00f6tasoihin perustuvan tiivisteiden vaihtoaikataulun toteuttaminen voi pident\u00e4\u00e4 sylinterin k\u00e4ytt\u00f6ik\u00e4\u00e4.<\/li>\n<\/ul>\n<h2>Asennusohjeet<\/h2>\n<p>Puomisylinterin oikea asentaminen on ratkaisevan t\u00e4rke\u00e4\u00e4 sen suorituskyvyn ja pitk\u00e4n k\u00e4ytt\u00f6i\u00e4n kannalta. Varmista ensin, ett\u00e4 sylinteri on kohdistettu oikein koneen kiinnityspisteisiin. V\u00e4\u00e4r\u00e4 kohdistus voi johtaa ennenaikaiseen kulumiseen ja rikkoutumiseen. K\u00e4yt\u00e4 asianmukaisia \u200b\u200bkiinnityskorvakkeita sylinterin kiinnitt\u00e4miseksi tukevasti est\u00e4en sen liikkumisen k\u00e4yt\u00f6n aikana. On t\u00e4rke\u00e4\u00e4 noudattaa valmistajan asennusohjeita huolellisesti ja varmistaa, ett\u00e4 kaikki pultit ja liittimet on kiristetty m\u00e4\u00e4ritettyihin momenttiasetuksiin. Asennuksen j\u00e4lkeen tarkista vuodot ja suorita koeajo varmistaaksesi, ett\u00e4 sylinteri toimii sujuvasti ilman ep\u00e4normaaleja \u00e4\u00e4ni\u00e4.<\/p>\n<h2>Yleiset huoltoteht\u00e4v\u00e4t<\/h2>\n<h3>S\u00e4\u00e4nn\u00f6lliset tarkastukset<\/h3>\n<p>S\u00e4\u00e4nn\u00f6llisten tarkastusten suorittaminen on elint\u00e4rke\u00e4\u00e4 puomin sylinterin jatkuvan toiminnan varmistamiseksi. Ulkoisten vaurioiden, vuotojen ja kulumisen tarkastaminen voi auttaa tunnistamaan ongelmat ennen kuin ne johtavat merkitt\u00e4viin vikoihin. S\u00e4\u00e4nn\u00f6llinen valvonta kannustaa oikea-aikaisiin toimenpiteisiin ja varmistaa, ett\u00e4 laitteet pysyv\u00e4t toimintakunnossa ja turvallisina.<\/p>\n<h3>Asianmukainen voitelu<\/h3>\n<p>Oikea voitelu on v\u00e4ltt\u00e4m\u00e4t\u00f6nt\u00e4 sylinterin liikkuvien osien v\u00e4lisen kitkan ja kulumisen v\u00e4hent\u00e4miseksi. Tarkista hydrauliikka\u00f6ljy s\u00e4\u00e4nn\u00f6llisesti ja t\u00e4yt\u00e4 tarvittaessa. Valmistajan toimittaman voiteluaikataulun noudattaminen varmistaa sylinterin sujuvan toiminnan ja pident\u00e4\u00e4 sen k\u00e4ytt\u00f6ik\u00e4\u00e4.<\/p>\n<h3>Tiivisteiden vaihto ja kalibrointitarkastukset<\/h3>\n<p>Tiivisteiden s\u00e4\u00e4nn\u00f6llinen kulumisen tarkistaminen on t\u00e4rke\u00e4\u00e4, sill\u00e4 vaurioituneet tiivisteet voivat johtaa hydraulinesteen vuotoihin ja paineh\u00e4vi\u00f6\u00f6n. Tiivisteet on suositeltavaa vaihtaa ensimm\u00e4isten kulumismerkkien ilmetess\u00e4. Lis\u00e4ksi sylinterin kalibrointitarkastusten suorittaminen voi varmistaa, ett\u00e4 se toimii vaadittujen parametrien mukaisesti. Asianmukainen s\u00e4\u00e4t\u00f6 ja kalibrointi voivat est\u00e4\u00e4 toiminnan tehottomuutta ja pident\u00e4\u00e4 laitteen k\u00e4ytt\u00f6ik\u00e4\u00e4.<\/p>\n<p><img decoding=\"async\" src=\"https:\/\/www.hydraulic-cylinders.net\/wp-content\/uploads\/2025\/04\/songte-chushion-collar.webp\" alt=\"Hydraulisylinterin asennus\"><\/p>\n<h2>Turvallisuusn\u00e4k\u00f6kohdat ja ymp\u00e4rist\u00f6tekij\u00e4t<\/h2>\n<p>Hydraulisylinterien kanssa ty\u00f6skennelt\u00e4ess\u00e4 turvatoimenpiteiden toteuttaminen on \u00e4\u00e4rimm\u00e4isen t\u00e4rke\u00e4\u00e4. K\u00e4ytt\u00e4j\u00e4t tulee kouluttaa turvallisiin k\u00e4ytt\u00f6tapoihin ja varmistaa, ett\u00e4 he ymm\u00e4rt\u00e4v\u00e4t hydraulij\u00e4rjestelmiin liittyv\u00e4t mahdolliset riskit. Henkil\u00f6nsuojainten (PPE) asianmukainen k\u00e4ytt\u00f6 on v\u00e4ltt\u00e4m\u00e4t\u00f6nt\u00e4 loukkaantumisriskin minimoimiseksi. Lis\u00e4ksi on otettava huomioon ymp\u00e4rist\u00f6n\u00e4k\u00f6kohdat, kuten hydraulinesteiden asianmukainen h\u00e4vitt\u00e4minen ja vuotojen minimointi saastumisen est\u00e4miseksi.<\/p>\n<h2>Vianm\u00e4\u00e4ritys ja yleiset ongelmat<\/h2>\n<ul>\n<li><strong>Vuoto:<\/strong> Yksi yleisimmist\u00e4 hydraulisylintereiden ongelmista on vuoto, joka voi johtua kuluneista tiivisteist\u00e4 tai vaurioituneista osista. S\u00e4\u00e4nn\u00f6lliset tarkastukset voivat auttaa tunnistamaan vuodot varhaisessa vaiheessa, mik\u00e4 mahdollistaa nopeat korjaukset.<\/li>\n<li><strong>Hidas vaste:<\/strong> Jos sylinteri reagoi hitaasti, se voi viitata alhaiseen hydraulinesteen tasoon tai sis\u00e4iseen kulumiseen. Nestetasojen tarkistaminen ja perusteellinen tarkastus voivat auttaa diagnosoimaan ongelman.<\/li>\n<li><strong>Ep\u00e4normaalit \u00e4\u00e4net:<\/strong> Ep\u00e4tavalliset \u00e4\u00e4net k\u00e4yt\u00f6n aikana voivat olla merkki ongelmista, kuten kavitaatiosta tai sis\u00e4isist\u00e4 vaurioista. K\u00e4ytt\u00e4jien on tutkittava kaikki ep\u00e4normaalit \u00e4\u00e4net v\u00e4litt\u00f6m\u00e4sti est\u00e4\u00e4kseen j\u00e4rjestelm\u00e4n lis\u00e4vauriot.<\/li>\n<\/ul>\n<h2>Vianm\u00e4\u00e4ritysvinkkej\u00e4<\/h2>\n<p>Puomisylinterien ongelmien tehokkaaseen diagnosointiin ja ratkaisemiseen k\u00e4ytt\u00e4jien tulee noudattaa systemaattista l\u00e4hestymistapaa. Aloita silm\u00e4m\u00e4\u00e4r\u00e4isill\u00e4 tarkastuksilla, joilla tunnistetaan kaikki ilmeiset merkit vaurioista tai kulumisesta. Jos vuotoja havaitaan, j\u00e4ljit\u00e4 ne niiden l\u00e4hteeseen, mik\u00e4 usein vaatii tiivisteen vaihtamisen. Suorituskykyongelmien varalta tarkista hydraulinesteen tasot ja varmista oikeat paineasetukset. Ongelmien ja korjausten kirjaaminen voi auttaa tunnistamaan toistuvat ongelmat ja helpottaa ennakoivia huoltostrategioita.<\/p>\n<p><img decoding=\"async\" src=\"https:\/\/www.hydraulic-cylinders.net\/wp-content\/uploads\/2025\/04\/songte-bushings-with-all-kinds-of-excavator-models.webp\" alt=\"Hydraulisylinterin vianm\u00e4\u00e4ritys\"><\/p>\n<h2>Tietoa yrityksest\u00e4mme<\/h2>\n<p>Olemme hydraulisylinterien vaihto-osien valmistaja, joka tunnetaan kattavasta tuotevalikoimastamme. Yhten\u00e4 johtavista hydraulisylinterien valmistajista ja tukkumyyjist\u00e4 sek\u00e4 kotimaisilla ett\u00e4 kansainv\u00e4lisill\u00e4 markkinoilla noudatamme korkeita laatustandardeja. Tuotantostrategiamme perustuu huolellisiin valmistuksenohjausj\u00e4rjestelmiin, ammattitaitoisten teknikkojen ty\u00f6llist\u00e4miseen, edistyneisiin digitaalisiin valmistuslaitteisiin ja vankkoihin testausj\u00e4rjestelmiin. T\u00e4m\u00e4 l\u00e4hestymistapa parantaa jatkuvasti valmistuskapasiteettiamme varmistaen, ett\u00e4 t\u00e4yt\u00e4mme asiakkaidemme monipuoliset tarpeet tehokkaasti, tarkasti ja laadukkaasti.<\/p>\n<p><img decoding=\"async\" src=\"https:\/\/www.hydraulic-cylinders.net\/wp-content\/uploads\/2025\/04\/songte-company-4.webp\" alt=\"Yrityksen yleiskatsaus\"><br \/>\n<img decoding=\"async\" src=\"https:\/\/www.hydraulic-cylinders.net\/wp-content\/uploads\/2025\/04\/songte-company-3.webp\" alt=\"Yrityksen tuotanto\"><\/p>\n<p>Painotamme ammattitaitoa, kansainv\u00e4lisi\u00e4 sertifiointeja, r\u00e4\u00e4t\u00e4l\u00f6ityj\u00e4 palveluita, edistyneit\u00e4 tuotantolaitteita ja erinomaista huoltopalvelua, ja olemme sitoutuneet tarjoamaan asiakkaillemme parhaat hydrauliikkaratkaisut, jotka on r\u00e4\u00e4t\u00e4l\u00f6ity heid\u00e4n erityistarpeisiinsa.<\/p>\n<p>Kirjoittaja: lyl<\/p>","protected":false},"excerpt":{"rendered":"<p>Boom Cylinder For SGZG SD15-9 Introduction to the Boom Cylinder The Boom Cylinder is a specialized hydraulic cylinder designed for controlling the movement of buckets in various heavy machinery such as excavators, backhoe loaders, and front loaders. These cylinders enable the bucket to lift, lower, and tilt, facilitating efficient material handling tasks. The importance of [&hellip;]<\/p>","protected":false},"featured_media":17873,"comment_status":"open","ping_status":"closed","template":"","meta":{"_et_pb_use_builder":"","_et_pb_old_content":"","_et_gb_content_width":""},"product_brand":[],"product_cat":[1546],"product_tag":[1547,1496],"class_list":{"0":"post-19504","1":"product","2":"type-product","3":"status-publish","4":"has-post-thumbnail","6":"product_cat-boom-cylinders","7":"product_tag-boom-cylinders","8":"product_tag-hydraulic-cylinders","10":"first","11":"instock","12":"shipping-taxable","13":"product-type-simple"},"amp_enabled":true,"_links":{"self":[{"href":"https:\/\/www.hydraulic-cylinders.net\/fi\/wp-json\/wp\/v2\/product\/19504","targetHints":{"allow":["GET"]}}],"collection":[{"href":"https:\/\/www.hydraulic-cylinders.net\/fi\/wp-json\/wp\/v2\/product"}],"about":[{"href":"https:\/\/www.hydraulic-cylinders.net\/fi\/wp-json\/wp\/v2\/types\/product"}],"replies":[{"embeddable":true,"href":"https:\/\/www.hydraulic-cylinders.net\/fi\/wp-json\/wp\/v2\/comments?post=19504"}],"wp:featuredmedia":[{"embeddable":true,"href":"https:\/\/www.hydraulic-cylinders.net\/fi\/wp-json\/wp\/v2\/media\/17873"}],"wp:attachment":[{"href":"https:\/\/www.hydraulic-cylinders.net\/fi\/wp-json\/wp\/v2\/media?parent=19504"}],"wp:term":[{"taxonomy":"product_brand","embeddable":true,"href":"https:\/\/www.hydraulic-cylinders.net\/fi\/wp-json\/wp\/v2\/product_brand?post=19504"},{"taxonomy":"product_cat","embeddable":true,"href":"https:\/\/www.hydraulic-cylinders.net\/fi\/wp-json\/wp\/v2\/product_cat?post=19504"},{"taxonomy":"product_tag","embeddable":true,"href":"https:\/\/www.hydraulic-cylinders.net\/fi\/wp-json\/wp\/v2\/product_tag?post=19504"}],"curies":[{"name":"wp","href":"https:\/\/api.w.org\/{rel}","templated":true}]}}