{"id":19507,"date":"2025-04-07T06:51:19","date_gmt":"2025-04-07T06:51:19","guid":{"rendered":"https:\/\/www.hydraulic-cylinders.net\/product\/boom-cylinder-for-sgzg-sd18b\/"},"modified":"2025-04-07T06:51:21","modified_gmt":"2025-04-07T06:51:21","slug":"boom-cylinder-for-sgzg-sd18b","status":"publish","type":"product","link":"https:\/\/www.hydraulic-cylinders.net\/fi\/tuote\/boom-cylinder-for-sgzg-sd18b\/","title":{"rendered":"Puomin sylinteri SGZG SD18B:lle"},"content":{"rendered":"<h1>Puomin sylinteri SGZG SD18B:lle<\/h1>\n<h2>Johdatus puomin sylintereihin<\/h2>\n<p>SGZG SD18B:n puomisylinteri on erikoishydraulisylinteri, joka on suunniteltu ohjaamaan kauhojen liikett\u00e4 erilaisissa raskaissa koneissa, kuten kaivinkoneissa, kaivurikuormaajissa ja etukuormaajissa. N\u00e4ill\u00e4 sylintereill\u00e4 on ratkaiseva rooli materiaalink\u00e4sittelyteht\u00e4viss\u00e4, sill\u00e4 ne mahdollistavat kauhan tehokkaan nostamisen, laskemisen ja kallistuksen. Kauhasylinteri on pohjimmiltaan hydraulisylinteri, joka helpottaa tehokasta toimintaa hydraulij\u00e4rjestelmiss\u00e4, mik\u00e4 tekee siit\u00e4 v\u00e4ltt\u00e4m\u00e4tt\u00f6m\u00e4n osan nykyaikaisissa rakennus- ja maatalouskoneissa.<\/p>\n<p><img decoding=\"async\" src=\"https:\/\/www.hydraulic-cylinders.net\/wp-content\/uploads\/2025\/04\/songte-company-1.webp\" alt=\"Puomin sylinteri\"><\/p>\n<h3>Toiminto ja sovellukset<\/h3>\n<p>Kauhasylinterit mahdollistavat kauhojen tarkan hallinnan ja liikkeen, mik\u00e4 on olennaista kaivamisessa, lastaamisessa ja materiaalien kuljetuksessa. Kauhan asennon manipulointimahdollisuus parantaa tuottavuutta ja tehokkuutta erilaisissa sovelluksissa.<\/p>\n<h2>SGZG SD18B:n puomisylinterin ominaisuudet<\/h2>\n<ul>\n<li><strong>Korkea lujuus ja kest\u00e4vyys:<\/strong> N\u00e4m\u00e4 sylinterit on valmistettu eritt\u00e4in lujasta ter\u00e4ksest\u00e4 tai alumiinista, ja ne kest\u00e4v\u00e4t korkeaa painetta ja raskaita kuormia, joten ne sopivat vaativiin ty\u00f6ymp\u00e4rist\u00f6ihin.<\/li>\n<li><strong>Tehokas hydraulinen k\u00e4ytt\u00f6:<\/strong> Ne hy\u00f6dynt\u00e4v\u00e4t hydrauli\u00f6ljyn painetta tasaiseen ulosvetoon ja sis\u00e4\u00e4nvetoon, reagoivat nopeasti ohjauskomentoihin ja tuottavat tehokkaita ty\u00f6nt\u00f6- ja vetovoimia.<\/li>\n<li><strong>Erilaisia \u200b\u200btyyppej\u00e4:<\/strong> Saatavilla yksitoimisina (toimii yhteen suuntaan) tai kaksitoimisina (toimii molempiin suuntiin) malleina erilaisten k\u00e4ytt\u00f6tarpeiden t\u00e4ytt\u00e4miseksi. Tietyiss\u00e4 malleissa on my\u00f6s teleskooppirakenteet, jotka mahdollistavat pidemm\u00e4n ulottuvuuden ilman ulkomittojen kasvua.<\/li>\n<li><strong>Mukautettu valmistus:<\/strong> Voimme valmistaa t\u00e4t\u00e4 tuotetta, joka korvaa t\u00e4ydellisesti olemassa olevat hydraulisylinterit vastaavilla ominaisuuksilla.<\/li>\n<li><strong>Monipuoliset sovellukset:<\/strong> Sopii erilaisiin rakennus- ja maatalouskoneisiin varmistaen optimaalisen suorituskyvyn useissa tilanteissa.<\/li>\n<\/ul>\n<p><img decoding=\"async\" src=\"https:\/\/www.hydraulic-cylinders.net\/wp-content\/uploads\/2025\/04\/songte-cylinder-head-with-all-kinds-excavator-models.webp\" alt=\"Kaivinkonemallit\"><\/p>\n<h2>Puomisylinterin sovellukset<\/h2>\n<h3>Rakennuslaitteet<\/h3>\n<p>Kaivinkoneissa puomin sylinterit ovat kriittisi\u00e4 kaivamisessa, lastaamisessa ja maan tai roskien siirt\u00e4misess\u00e4. Niill\u00e4 on kaksi roolia kaivinkoneissa, ja ne auttavat sek\u00e4 kaivu- ett\u00e4 nostoteht\u00e4viss\u00e4. T\u00e4m\u00e4 monipuolisuus tekee niist\u00e4 v\u00e4ltt\u00e4m\u00e4tt\u00f6mi\u00e4 rakennusprojekteissa, joissa tehokkuus ja tarkkuus ovat ensiarvoisen t\u00e4rkeit\u00e4.<\/p>\n<h3>Maatalouskoneet<\/h3>\n<p>Etukuormaajissa puomisylintereit\u00e4 k\u00e4ytet\u00e4\u00e4n maan, hein\u00e4n ja muiden materiaalien kauhaamiseen, nostamiseen ja kuljettamiseen. Ne parantavat maatalousteht\u00e4vien tehokkuutta, jolloin viljelij\u00e4t voivat k\u00e4sitell\u00e4 materiaaleja helposti ja siten lis\u00e4t\u00e4 maataloustoiminnan tuottavuutta.<\/p>\n<h3>Kaivinkoneet<\/h3>\n<p>Kauhasylinterit helpottavat kaivua antamalla kauhan tunkeutua maaper\u00e4\u00e4n. T\u00e4m\u00e4 ominaisuus on ratkaisevan t\u00e4rke\u00e4 tehokkaalle kaivuty\u00f6lle, sill\u00e4 se varmistaa, ett\u00e4 k\u00e4ytt\u00e4j\u00e4t saavuttavat halutun syvyyden ja yll\u00e4pit\u00e4v\u00e4t tuottavuutta ty\u00f6n aikana.<\/p>\n<h3>Kuormaajat<\/h3>\n<p>Etukuormaajissa puomin sylinterit auttavat kuormien tehokkaassa nostamisessa ja tyhjent\u00e4misess\u00e4. Niiden kyky k\u00e4sitell\u00e4 raskaita materiaaleja tekee niist\u00e4 korvaamattomia rakennus- ja materiaalink\u00e4sittelyteht\u00e4viss\u00e4.<\/p>\n<h2>Suunnittelun\u00e4k\u00f6kohdat ja valintakriteerit<\/h2>\n<ul>\n<li><strong>Kantavuus:<\/strong> Sylinterin kuormituskapasiteetti on ratkaiseva tekij\u00e4 sen varmistamiseksi, ett\u00e4 se t\u00e4ytt\u00e4\u00e4 koneiston vaatimukset. Se on suunniteltava kest\u00e4m\u00e4\u00e4n siirrett\u00e4vien materiaalien enimm\u00e4ispaino, jotta se ei vaurioidu.<\/li>\n<li><strong>Tiivistystehokkuus:<\/strong> Oikeat tiivistysmekanismit ovat v\u00e4ltt\u00e4m\u00e4tt\u00f6mi\u00e4 hydraulinesteen vuotojen est\u00e4miseksi. T\u00e4m\u00e4 edellytt\u00e4\u00e4 korkealaatuisten tiivisteiden k\u00e4ytt\u00f6\u00e4, jotka kest\u00e4v\u00e4t painetta ja kulumista ajan my\u00f6t\u00e4.<\/li>\n<li><strong>Kest\u00e4vyys:<\/strong> Rakenteessa k\u00e4ytettyjen materiaalien on oltava korroosion- ja kulumisenkest\u00e4vi\u00e4, mik\u00e4 pident\u00e4\u00e4 sylinterin k\u00e4ytt\u00f6ik\u00e4\u00e4 my\u00f6s ankarissa k\u00e4ytt\u00f6olosuhteissa.<\/li>\n<li><strong>Turvaominaisuudet:<\/strong> Varoventtiilien ja paineenalennusj\u00e4rjestelmien sis\u00e4llytt\u00e4minen suojaa k\u00e4ytt\u00e4ji\u00e4 ja koneita mahdollisilta vaaroilta ja varmistaa turvallisen k\u00e4yt\u00f6n erilaisissa ymp\u00e4rist\u00f6iss\u00e4.<\/li>\n<li><strong>Huoltomahdollisuus:<\/strong> Suunnittelun tulisi helpottaa huoltoa ja korjauksia, mik\u00e4 nopeuttaa huoltoa ja v\u00e4hent\u00e4\u00e4 seisokkiaikoja.<\/li>\n<\/ul>\n<p><img decoding=\"async\" src=\"https:\/\/www.hydraulic-cylinders.net\/wp-content\/uploads\/2025\/04\/songte-oil-pipes-and-spare-parts.webp\" alt=\"\u00d6ljyputket ja varaosat\"><\/p>\n<h2>Puomin sylinterin tiivistys ja voitelu<\/h2>\n<p>Tiivistys ja voitelu ovat elint\u00e4rkeit\u00e4 tekij\u00f6it\u00e4 puomisylinterien suorituskyvyn yll\u00e4pit\u00e4misess\u00e4. Hydrauli\u00f6ljyn vuotojen ja kontaminaation est\u00e4miseksi k\u00e4ytet\u00e4\u00e4n erilaisia \u200b\u200btiivisteit\u00e4, kuten m\u00e4nn\u00e4ntiivisteit\u00e4 ja varren tiivisteit\u00e4. Polyuretaanista tai nitriilikumista valmistettuja tiivisteit\u00e4 k\u00e4ytet\u00e4\u00e4n yleisesti niiden kest\u00e4vyyden ja kulutuskest\u00e4vyyden vuoksi.<\/p>\n<p>Sylinterin runko ja kierteitetyt p\u00e4\u00e4typinnat koneistetaan tarkasti kulutuskest\u00e4vyyden parantamiseksi, mik\u00e4 pident\u00e4\u00e4 merkitt\u00e4v\u00e4sti sylinterin k\u00e4ytt\u00f6ik\u00e4\u00e4. S\u00e4\u00e4nn\u00f6llinen voitelu hydrauliikka\u00f6ljyll\u00e4 on ratkaisevan t\u00e4rke\u00e4\u00e4; se v\u00e4hent\u00e4\u00e4 liikkuvien osien v\u00e4list\u00e4 kitkaa ja varmistaa sujuvan toiminnan.<\/p>\n<h2>Ennaltaehk\u00e4isev\u00e4t huoltotoimenpiteet<\/h2>\n<ul>\n<li><strong>S\u00e4\u00e4nn\u00f6lliset tarkastukset:<\/strong> S\u00e4\u00e4nn\u00f6llisten tarkastusten suorittaminen vuotojen, halkeamien ja kulumisen merkkien varalta on v\u00e4ltt\u00e4m\u00e4t\u00f6nt\u00e4 optimaalisen suorituskyvyn yll\u00e4pit\u00e4miseksi ja \u00e4killisten vikojen ehk\u00e4isemiseksi.<\/li>\n<li><strong>Asianmukainen voitelu:<\/strong> Riitt\u00e4v\u00e4n hydrauliikka\u00f6ljyn tason pit\u00e4minen ja s\u00e4\u00e4nn\u00f6lliset voiteluv\u00e4lit minimoivat kulumista ja yll\u00e4pit\u00e4v\u00e4t toiminnan tehokkuutta.<\/li>\n<li><strong>Tiivisteiden vaihto ja kalibrointitarkastukset:<\/strong> Tiivisteiden valvonta ja vaihtaminen tarvittaessa est\u00e4\u00e4 nestevuodon. Lis\u00e4ksi s\u00e4\u00e4nn\u00f6llisill\u00e4 kalibrointitarkistuksilla varmistetaan, ett\u00e4 sylinteri toimii m\u00e4\u00e4riteltyjen parametrien puitteissa.<\/li>\n<\/ul>\n<h2>Oikeat asennusohjeet<\/h2>\n<p>Puomin sylinterin oikea asennus on kriittisen t\u00e4rke\u00e4\u00e4 optimaalisen suorituskyvyn kannalta. Aloita varmistamalla, ett\u00e4 kiinnityspisteet ovat puhtaat ja roskattomat. K\u00e4yt\u00e4 sopivia kiinnityskorvakkeita sylinterin kiinnitt\u00e4miseen paikalleen ja varmista oikea kohdistus muiden komponenttien kanssa, jotta sylinteriin ei kohdistu tarpeetonta rasitusta.<\/p>\n<p>Asennuksen aikana varmista oikea kohdistus kulumisen minimoimiseksi ja sujuvan toiminnan varmistamiseksi. On suositeltavaa tutustua valmistajan ohjeisiin tarkkojen v\u00e4\u00e4nt\u00f6momenttien ja asennusmenetelmien osalta. Asennuksen j\u00e4lkeen suorita toimintatesti varmistaaksesi, ett\u00e4 sylinteri toimii tarkoitetulla tavalla, ja tee tarvittavat s\u00e4\u00e4d\u00f6t.<\/p>\n<h2>Yleiset huoltoteht\u00e4v\u00e4t<\/h2>\n<ul>\n<li><strong>S\u00e4\u00e4nn\u00f6lliset tarkastukset:<\/strong> Tarkastusten suorittaminen m\u00e4\u00e4r\u00e4ajoin kulumisen ja mahdollisten ongelmien havaitsemiseksi varhaisessa vaiheessa on elint\u00e4rke\u00e4\u00e4 kunnossapidon kannalta. T\u00e4h\u00e4n sis\u00e4ltyy vuotojen, v\u00e4\u00e4ntymien tai muiden vaurioiden merkkien tarkistaminen.<\/li>\n<li><strong>Asianmukainen voitelu:<\/strong> Oikeiden voiteluk\u00e4yt\u00e4nt\u00f6jen noudattaminen on olennaista kitkan ja kulumisen minimoimiseksi ja siten komponentin k\u00e4ytt\u00f6i\u00e4n pident\u00e4miseksi.<\/li>\n<li><strong>Tiivisteiden vaihto ja kalibrointitarkastukset:<\/strong> Tiivisteiden s\u00e4\u00e4nn\u00f6llinen vaihtaminen est\u00e4\u00e4 vuotoja ja varmistaa tehokkaan toiminnan. Lis\u00e4ksi kalibrointitarkastukset varmistavat, ett\u00e4 sylinteri reagoi tarkasti ohjaustuloihin.<\/li>\n<\/ul>\n<h2>Turvallisuusn\u00e4k\u00f6kohdat ja ymp\u00e4rist\u00f6tekij\u00e4t<\/h2>\n<p>Turvatoimenpiteiden toteuttaminen hydraulisylintereit\u00e4 k\u00e4ytett\u00e4ess\u00e4 on ratkaisevan t\u00e4rke\u00e4\u00e4. K\u00e4ytt\u00e4jien tulee noudattaa valmistajan ohjeita ja varmistaa, ett\u00e4 kaikki turvalaitteet ovat toiminnassa. Hydraulisten laitteiden k\u00e4ytt\u00f6\u00f6n liittyv\u00e4 asianmukainen koulutus minimoi k\u00e4ytt\u00f6\u00f6n liittyv\u00e4t riskit, ja laitteiden k\u00e4ytt\u00f6ymp\u00e4rist\u00f6n tuntemus voi est\u00e4\u00e4 onnettomuuksia ja ymp\u00e4rist\u00f6vahinkoja.<\/p>\n<h2>Vianm\u00e4\u00e4ritys ja yleiset ongelmat<\/h2>\n<ul>\n<li><strong>Hydrauli\u00f6ljyvuodot:<\/strong> Vuotoja voi esiinty\u00e4 kuluneiden tiivisteiden tai vaurioituneiden osien vuoksi. S\u00e4\u00e4nn\u00f6lliset tarkastukset voivat auttaa tunnistamaan vuodot varhaisessa vaiheessa, mik\u00e4 mahdollistaa oikea-aikaiset korjaukset.<\/li>\n<li><strong>Ep\u00e4johdonmukainen toiminta:<\/strong> Jos sylinteri toimii ep\u00e4tasaisesti, se voi viitata hydraulinesteeseen liittyviin ongelmiin tai sis\u00e4iseen kulumiseen. Nestetasojen tarkistaminen ja sis\u00e4isten vaurioiden tutkiminen on eritt\u00e4in t\u00e4rke\u00e4\u00e4.<\/li>\n<li><strong>Ylikuumeneminen:<\/strong> Ylikuumeneminen voi olla merkki ongelmista, kuten liiallisesta paineesta tai riitt\u00e4m\u00e4tt\u00f6m\u00e4st\u00e4 voitelusta. K\u00e4ytt\u00f6l\u00e4mp\u00f6tilojen seuranta ja asianmukaisten j\u00e4\u00e4hdytysmenetelmien varmistaminen voivat lievent\u00e4\u00e4 t\u00e4t\u00e4 ongelmaa.<\/li>\n<\/ul>\n<p>Tehokkaan vianm\u00e4\u00e4rityksen varmistamiseksi k\u00e4ytt\u00e4jien tulisi pit\u00e4\u00e4 selke\u00e4\u00e4 kirjaa huoltotoimista ja kaikista k\u00e4yt\u00f6n aikana havaituista poikkeavuuksista. T\u00e4m\u00e4 ennakoiva l\u00e4hestymistapa auttaa diagnosoimaan ongelmat tarkasti ja varmistamaan, ett\u00e4 mahdollisiin ongelmiin puututaan ennen kuin ne eskaloituvat.<\/p>\n<p><img decoding=\"async\" src=\"https:\/\/www.hydraulic-cylinders.net\/wp-content\/uploads\/2025\/04\/songte-bushings-with-all-kinds-of-excavator-models.webp\" alt=\"Kaivinkonemallien holkit\"><\/p>\n<h2>Tietoa yrityksest\u00e4mme<\/h2>\n<p>Olemme johtava hydraulisten varaosien valmistaja ja tukkumyyj\u00e4, joka tunnetaan laajasta tuotevalikoimastamme ja sitoutumisestamme laatuun. Yrityksemme k\u00e4ytt\u00e4\u00e4 edistyneit\u00e4 valmistuksenohjausstrategioita ja luottaa ammattitaitoiseen ty\u00f6voimaan, huippuluokan digitaalisiin valmistuslaitteisiin ja vankkoihin testausj\u00e4rjestelmiin parantaakseen tuotteiden laatua ja tuotantotehokkuutta.<\/p>\n<p>Olemme ylpeit\u00e4 kyvyst\u00e4mme vastata monipuolisiin asiakastarpeisiin r\u00e4\u00e4t\u00e4l\u00f6ityjen palveluiden avulla. Tuotteemme k\u00e4yv\u00e4t l\u00e4pi tiukan laadunvalvonnan, joka varmistaa kansainv\u00e4listen standardien noudattamisen. Lis\u00e4ksi tarjoamme poikkeuksellista myynnin j\u00e4lkeist\u00e4 tukea auttamalla asiakkaita asennuksessa, huollossa ja kaikissa oston j\u00e4lkeen mahdollisesti ilmeneviss\u00e4 ongelmissa.<\/p>\n<p><img decoding=\"async\" src=\"https:\/\/www.hydraulic-cylinders.net\/wp-content\/uploads\/2025\/04\/songte-company-4.webp\" alt=\"Yrityskuva 1\"><br \/>\n<img decoding=\"async\" src=\"https:\/\/www.hydraulic-cylinders.net\/wp-content\/uploads\/2025\/04\/songte-company-3.webp\" alt=\"Yrityskuva 2\"><\/p>\n<p>Kirjoittaja: lyl<\/p>","protected":false},"excerpt":{"rendered":"<p>Boom Cylinder For SGZG SD18B Introduction to Boom Cylinders The Boom Cylinder for SGZG SD18B is a specialized hydraulic cylinder designed to control the movement of buckets in various heavy machinery, including excavators, backhoe loaders, and front loaders. These cylinders play a crucial role in material handling tasks, enabling the bucket to lift, lower, and [&hellip;]<\/p>","protected":false},"featured_media":17875,"comment_status":"open","ping_status":"closed","template":"","meta":{"_et_pb_use_builder":"","_et_pb_old_content":"","_et_gb_content_width":""},"product_brand":[],"product_cat":[1546],"product_tag":[1547,1496],"class_list":{"0":"post-19507","1":"product","2":"type-product","3":"status-publish","4":"has-post-thumbnail","6":"product_cat-boom-cylinders","7":"product_tag-boom-cylinders","8":"product_tag-hydraulic-cylinders","10":"first","11":"instock","12":"shipping-taxable","13":"product-type-simple"},"amp_enabled":true,"_links":{"self":[{"href":"https:\/\/www.hydraulic-cylinders.net\/fi\/wp-json\/wp\/v2\/product\/19507","targetHints":{"allow":["GET"]}}],"collection":[{"href":"https:\/\/www.hydraulic-cylinders.net\/fi\/wp-json\/wp\/v2\/product"}],"about":[{"href":"https:\/\/www.hydraulic-cylinders.net\/fi\/wp-json\/wp\/v2\/types\/product"}],"replies":[{"embeddable":true,"href":"https:\/\/www.hydraulic-cylinders.net\/fi\/wp-json\/wp\/v2\/comments?post=19507"}],"wp:featuredmedia":[{"embeddable":true,"href":"https:\/\/www.hydraulic-cylinders.net\/fi\/wp-json\/wp\/v2\/media\/17875"}],"wp:attachment":[{"href":"https:\/\/www.hydraulic-cylinders.net\/fi\/wp-json\/wp\/v2\/media?parent=19507"}],"wp:term":[{"taxonomy":"product_brand","embeddable":true,"href":"https:\/\/www.hydraulic-cylinders.net\/fi\/wp-json\/wp\/v2\/product_brand?post=19507"},{"taxonomy":"product_cat","embeddable":true,"href":"https:\/\/www.hydraulic-cylinders.net\/fi\/wp-json\/wp\/v2\/product_cat?post=19507"},{"taxonomy":"product_tag","embeddable":true,"href":"https:\/\/www.hydraulic-cylinders.net\/fi\/wp-json\/wp\/v2\/product_tag?post=19507"}],"curies":[{"name":"wp","href":"https:\/\/api.w.org\/{rel}","templated":true}]}}