{"id":19511,"date":"2025-04-07T06:51:32","date_gmt":"2025-04-07T06:51:32","guid":{"rendered":"https:\/\/www.hydraulic-cylinders.net\/product\/boom-cylinder-for-sgzg-sd30-9b\/"},"modified":"2025-04-07T06:51:35","modified_gmt":"2025-04-07T06:51:35","slug":"boom-cylinder-for-sgzg-sd30-9b","status":"publish","type":"product","link":"https:\/\/www.hydraulic-cylinders.net\/fi\/tuote\/boom-cylinder-for-sgzg-sd30-9b\/","title":{"rendered":"Puomin sylinteri SGZG SD30-9B:lle"},"content":{"rendered":"<h1>Puomin sylinteri SGZG SD30-9B:lle<\/h1>\n<h2>Tuotteen yleiskatsaus<\/h2>\n<p>SGZG SD30-9B:n puomisylinteri on erikoishydraulisylinteri, joka on suunniteltu ohjaamaan kauhojen liikett\u00e4 erilaisissa raskaissa koneissa. Yleisesti kaivinkoneissa, kaivinkoneissa ja etukuormaajissa k\u00e4ytetty hydraulisylinteri mahdollistaa kauhan nostamisen, laskemisen ja kallistamisen, mik\u00e4 helpottaa tehokkaita materiaalink\u00e4sittelyteht\u00e4vi\u00e4.<\/p>\n<p><img decoding=\"async\" src=\"https:\/\/www.hydraulic-cylinders.net\/wp-content\/uploads\/2025\/04\/songte-company-1.webp\" alt=\"Hydraulinen sylinteri\" \/><\/p>\n<h3>M\u00e4\u00e4ritelm\u00e4 ja toiminnallisuus<\/h3>\n<p>Kauhasylinteri on olennainen osa hydrauliikkaj\u00e4rjestelmiss\u00e4, ja se vastaa kauhojen ja muiden ty\u00f6laitteiden liikkeest\u00e4 rakennus- ja maatalouskoneissa. Sen ensisijainen teht\u00e4v\u00e4 on muuntaa hydraulinen paine mekaaniseksi voimaksi, mink\u00e4 ansiosta k\u00e4ytt\u00e4j\u00e4t voivat suorittaa erilaisia \u200b\u200bteht\u00e4vi\u00e4 tarkasti ja tehokkaasti. N\u00e4m\u00e4 sylinterit ovat ratkaisevan t\u00e4rkeit\u00e4 esimerkiksi kaivamisessa, nostamisessa ja materiaalien siirt\u00e4misess\u00e4, mink\u00e4 vuoksi ne ovat korvaamattomia raskaiden koneiden alalla.<\/p>\n<h2>Puomin sylinterin ominaisuudet<\/h2>\n<ul>\n<li><strong>Korkea lujuus ja kest\u00e4vyys:<\/strong> Valmistettu eritt\u00e4in lujasta ter\u00e4ksest\u00e4 tai alumiinista, suunniteltu kest\u00e4m\u00e4\u00e4n korkeita paineita ja raskaita kuormia, sopii vaativiin ty\u00f6ymp\u00e4rist\u00f6ihin ja kest\u00e4\u00e4 kulutusta ja korroosiota.<\/li>\n<li><strong>Tehokas hydraulinen k\u00e4ytt\u00f6:<\/strong> Mahdollistaa sujuvan pidennyksen ja sis\u00e4\u00e4nvedon hydrauli\u00f6ljyn paineella, mik\u00e4 varmistaa nopean vasteen ohjauskomentoihin ja tarjoaa vahvan ty\u00f6nt\u00f6- ja vetovoiman raskaiden ja monimutkaisten teht\u00e4vien k\u00e4sittelyyn.<\/li>\n<li><strong>Erilaisia \u200b\u200btyyppej\u00e4:<\/strong> Saatavilla yksitoimisina (toimii yhteen suuntaan) tai kaksitoimisina (toimii molempiin suuntiin) kokoonpanoina. Joissakin malleissa on teleskooppirakenne, joka mahdollistaa suuremman jatkeen ilman ulkomittojen kasvua, mik\u00e4 sopii erinomaisesti tilarajoitteisiin sovelluksiin.<\/li>\n<li><strong>Mukautettu valmistus:<\/strong> Tuotteemme on suunniteltu korvaamaan t\u00e4ydellisesti olemassa olevat hydraulisylinterit varmistaen yhteensopivuuden ja luotettavuuden.<\/li>\n<li><strong>Kattava testaus:<\/strong> Jokainen sylinteri k\u00e4y l\u00e4pi tiukat testit alan standardien t\u00e4ytt\u00e4miseksi, mik\u00e4 varmistaa tasaisen suorituskyvyn vaativissa olosuhteissa.<\/li>\n<\/ul>\n<p><img decoding=\"async\" src=\"https:\/\/www.hydraulic-cylinders.net\/wp-content\/uploads\/2025\/04\/songte-cylinder-head-with-all-kinds-excavator-models.webp\" alt=\"Kaivinkonemallit\" \/><\/p>\n<h2>Sovellusskenaariot<\/h2>\n<h3>Rakennuslaitteet<\/h3>\n<p>Kauhasylintereit\u00e4 k\u00e4ytet\u00e4\u00e4n yleisesti kaivinkoneissa, joissa niill\u00e4 on ratkaiseva rooli maan tai roskien kaivamisessa, lastaamisessa ja siirt\u00e4misess\u00e4. N\u00e4iden sylinterien avulla kauha tunkeutuu tehokkaasti maahan, mik\u00e4 helpottaa tehokkaita kaivuprosesseja.<\/p>\n<h3>Maatalouskoneet<\/h3>\n<p>Etukuormaajissa kauhasylintereit\u00e4 k\u00e4ytet\u00e4\u00e4n maaper\u00e4n, hein\u00e4n ja muiden materiaalien kaivamiseen, nostamiseen ja kuljettamiseen. Niiden vankka suorituskyky antaa maanviljelij\u00f6ille mahdollisuuden suorittaa erilaisia \u200b\u200bteht\u00e4vi\u00e4 ja parantaa maataloustoiminnan tuottavuutta.<\/p>\n<h3>Kaivinkoneet<\/h3>\n<p>Kaivinkoneiden kauhan sylinteri mahdollistaa tehokkaan kaivutoiminnan, koska kauha tunkeutuu maaper\u00e4\u00e4n, mik\u00e4 helpottaa perustusten tai ojien kaivamista.<\/p>\n<h3>Kuormaajat<\/h3>\n<p>Etukuormaajissa n\u00e4m\u00e4 sylinterit auttavat kuormien tehokkaassa nostamisessa ja tyhjent\u00e4misess\u00e4, mik\u00e4 virtaviivaistaa tavaroiden tai materiaalien lastaamista ja purkamista rakennusty\u00f6mailla.<\/p>\n<h2>Suunnittelun\u00e4k\u00f6kohdat ja valintakriteerit<\/h2>\n<ul>\n<li><strong>Kantavuus:<\/strong> Suunnittelun on oltava suunniteltu palvelemiensa koneiden erityisi\u00e4 kuormitusvaatimuksia varten. T\u00e4m\u00e4 tarkoittaa sylinterin k\u00e4yt\u00f6n aikana kohtaamien enimm\u00e4isvoimien laskemista turvallisuuden ja luotettavuuden varmistamiseksi.<\/li>\n<li><strong>Tiivistysmekanismit:<\/strong> Tehokas tiivistys on ratkaisevan t\u00e4rke\u00e4\u00e4 hydraulinesteen vuotojen est\u00e4miseksi ja paineen yll\u00e4pit\u00e4miseksi. Korkealaatuiset tiivisteet, kuten m\u00e4nn\u00e4ntiivisteet ja varren tiivisteet, jotka on valmistettu kest\u00e4vist\u00e4 materiaaleista, kuten polyuretaanista ja nitriilikumista, ovat v\u00e4ltt\u00e4m\u00e4tt\u00f6mi\u00e4 optimaalisen suorituskyvyn saavuttamiseksi.<\/li>\n<li><strong>Kest\u00e4vyys:<\/strong> Sylinteri on rakennettava kest\u00e4m\u00e4\u00e4n ankaria k\u00e4ytt\u00f6olosuhteita, kuten \u00e4\u00e4rimm\u00e4isi\u00e4 s\u00e4\u00e4olosuhteita ja voimakasta mekaanista rasitusta. T\u00e4m\u00e4 tarkoittaa korroosionkest\u00e4vien materiaalien ja suojapinnoitteiden k\u00e4ytt\u00f6\u00e4 k\u00e4ytt\u00f6i\u00e4n pident\u00e4miseksi.<\/li>\n<li><strong>Turvaominaisuudet:<\/strong> Turvatoimenpiteiden, kuten paineenalennusventtiilien, sis\u00e4llytt\u00e4minen varmistaa, ett\u00e4 hydrauliikkaj\u00e4rjestelm\u00e4 toimii turvallisissa rajoissa ja est\u00e4\u00e4 katastrofaaliset viat.<\/li>\n<li><strong>Huoltomahdollisuus:<\/strong> Suunnittelun tulisi mahdollistaa komponenttien helppo p\u00e4\u00e4sy huoltoa ja korjauksia varten, mik\u00e4 v\u00e4hent\u00e4\u00e4 seisokkiaikoja ja k\u00e4ytt\u00f6kustannuksia.<\/li>\n<\/ul>\n<p><img decoding=\"async\" src=\"https:\/\/www.hydraulic-cylinders.net\/wp-content\/uploads\/2025\/04\/songte-oil-pipes-and-spare-parts.webp\" alt=\"\u00d6ljyputket ja varaosat\" \/><\/p>\n<h2>Tiivistys ja voitelu<\/h2>\n<p>Erilaisten tiivistekomponenttien, kuten m\u00e4nn\u00e4ntiivisteiden ja varren tiivisteiden, k\u00e4ytt\u00f6 on ratkaisevan t\u00e4rke\u00e4\u00e4 hydraulisylinterien eheyden yll\u00e4pit\u00e4miseksi. Kulutusta kest\u00e4vist\u00e4 materiaaleista, kuten polyuretaanista ja nitriilikumista, valmistettuja tiivisteit\u00e4 k\u00e4ytet\u00e4\u00e4n yleisesti kest\u00e4vyyden parantamiseksi. Lis\u00e4ksi sylinterin runko ja kierteitetyt p\u00e4\u00e4typinnat viimeistell\u00e4\u00e4n tarkasti kulutuskest\u00e4vyyden parantamiseksi. S\u00e4\u00e4nn\u00f6llinen voitelu hydrauli\u00f6ljyll\u00e4 on v\u00e4ltt\u00e4m\u00e4t\u00f6nt\u00e4 sujuvan toiminnan varmistamiseksi ja kulumisen est\u00e4miseksi.<\/p>\n<h2>Ennaltaehk\u00e4isev\u00e4t huoltotoimenpiteet<\/h2>\n<ul>\n<li><strong>S\u00e4\u00e4nn\u00f6lliset tarkastukset:<\/strong> Tee perusteelliset tarkastukset mahdollisten kulumisen tai vaurioiden havaitsemiseksi ja varmista, ett\u00e4 korjaukset tehd\u00e4\u00e4n nopeasti ennen kuin ongelmat pahenevat.<\/li>\n<li><strong>Voitelu:<\/strong> Varmista, ett\u00e4 sylinteri on riitt\u00e4v\u00e4sti voideltu tarkistamalla nestetasot ja levitt\u00e4m\u00e4ll\u00e4 tarvittava m\u00e4\u00e4r\u00e4 hydrauli\u00f6ljy\u00e4 sujuvan toiminnan yll\u00e4pit\u00e4miseksi.<\/li>\n<li><strong>Tiivisteen vaihto:<\/strong> Tarkista tiivisteiden kunto s\u00e4\u00e4nn\u00f6llisesti ja vaihda ne tarvittaessa vuotojen est\u00e4miseksi ja hydraulipaineen yll\u00e4pit\u00e4miseksi.<\/li>\n<\/ul>\n<h2>Asennusohjeet<\/h2>\n<p>Puomisylinterin oikea asennus on ratkaisevan t\u00e4rke\u00e4\u00e4 optimaalisen suorituskyvyn saavuttamiseksi. Aloita varmistamalla, ett\u00e4 ty\u00f6alue on puhdas ja roskaton. Kohdista sylinteri oikein koneen kiinnityspisteisiin virheellisen kohdistuksen est\u00e4miseksi. Kiinnit\u00e4 sylinteri tukevasti paikalleen k\u00e4ytt\u00e4m\u00e4ll\u00e4 sopivia kiinnityskorvakkeita. Asennuksen j\u00e4lkeen tarkista hydrauliikkaliit\u00e4nn\u00e4t vuotojen varalta ja varmista, ett\u00e4 sylinteri toimii sujuvasti koko liikeradallaan. S\u00e4\u00e4nn\u00f6llinen kalibrointi voi olla tarpeen ohjainten kohdistamiseksi ja sylinterin odotetun toiminnan varmistamiseksi, mik\u00e4 parantaa toiminnan tehokkuutta.<\/p>\n<h2>Yleiset huoltoteht\u00e4v\u00e4t<\/h2>\n<ul>\n<li><strong>S\u00e4\u00e4nn\u00f6lliset tarkastukset:<\/strong> Suorita s\u00e4\u00e4nn\u00f6llisi\u00e4 tarkastuksia kulumisen, vuotojen tai toimintah\u00e4iri\u00f6iden havaitsemiseksi. T\u00e4m\u00e4 teht\u00e4v\u00e4 on elint\u00e4rke\u00e4 odottamattomien seisokkien ja kalliiden korjausten v\u00e4ltt\u00e4miseksi.<\/li>\n<li><strong>Oikea voitelu:<\/strong> Pid\u00e4 yll\u00e4 riitt\u00e4v\u00e4\u00e4 voitelutasoa tarkistamalla hydrauliikka\u00f6ljyn m\u00e4\u00e4r\u00e4 ja lis\u00e4\u00e4m\u00e4ll\u00e4 sit\u00e4 tarvittaessa. Asianmukainen voitelu minimoi kitkan ja kulumisen, mik\u00e4 pident\u00e4\u00e4 sylinterin k\u00e4ytt\u00f6ik\u00e4\u00e4.<\/li>\n<li><strong>Tiivisteiden vaihto ja kalibrointitarkastukset:<\/strong> Vaihda kuluneet tiivisteet s\u00e4\u00e4nn\u00f6llisesti ja suorita kalibrointitarkistukset hydraulisen paineen ja linjauksen yll\u00e4pit\u00e4miseksi. Oikein kalibroidut j\u00e4rjestelm\u00e4t varmistavat tehokkaan toiminnan ja parantavat turvallisuutta.<\/li>\n<\/ul>\n<p><img decoding=\"async\" src=\"https:\/\/www.hydraulic-cylinders.net\/wp-content\/uploads\/2025\/04\/songte-chushion-collar.webp\" alt=\"Tyynykaulus\" \/><\/p>\n<h2>Turvallisuusn\u00e4k\u00f6kohdat ja ymp\u00e4rist\u00f6tekij\u00e4t<\/h2>\n<p>Hydraulisylintereit\u00e4 k\u00e4ytett\u00e4ess\u00e4 on t\u00e4rke\u00e4\u00e4 toteuttaa turvatoimenpiteit\u00e4 k\u00e4ytt\u00e4jien ja koneiden suojaamiseksi. Noudata aina valmistajan ohjeita turvallisen k\u00e4yt\u00f6n varmistamiseksi ja varmista, ett\u00e4 kaikki turvaominaisuudet, kuten paineenalennusventtiilit, toimivat oikein. K\u00e4ytt\u00e4jien riitt\u00e4v\u00e4 koulutus on v\u00e4ltt\u00e4m\u00e4t\u00f6nt\u00e4 onnettomuuksien ehk\u00e4isemiseksi ja sen varmistamiseksi, ett\u00e4 ty\u00f6ntekij\u00e4t ovat tietoisia hydraulisiin koneisiin liittyvist\u00e4 mahdollisista vaaroista.<\/p>\n<h2>Vianm\u00e4\u00e4ritys ja yleiset ongelmat<\/h2>\n<ul>\n<li><strong>Vuoto:<\/strong> Tarkista tiivisteiden ja liitosten ymp\u00e4rill\u00e4 olevat vuodot, jotka voivat viitata kulumiseen tai vaurioihin. Vuotojen nopea korjaaminen on elint\u00e4rke\u00e4\u00e4 j\u00e4rjestelm\u00e4n suorituskyvyn yll\u00e4pit\u00e4miseksi.<\/li>\n<li><strong>Ep\u00e4johdonmukainen toiminta:<\/strong> Jos sylinteri toimii ep\u00e4tasaisesti, tarkista hydraulinesteen taso ja laatu. Likainen tai liian alhainen neste voi johtaa ep\u00e4tasaiseen toimintaan.<\/li>\n<li><strong>Alennettu teho:<\/strong> Jos sylinterin ty\u00f6nt\u00f6- tai vetovoima on heikentynyt, tutki hydrauliikkalinjojen mahdolliset tukokset tai pumpun ongelmat.<\/li>\n<\/ul>\n<p>To effectively diagnose and resolve these issues, refer to the manufacturer&#8217;s troubleshooting guide and maintain a regular maintenance schedule to prevent common problems.<\/p>\n<p><img decoding=\"async\" src=\"https:\/\/www.hydraulic-cylinders.net\/wp-content\/uploads\/2025\/04\/songte-bushings-with-all-kinds-of-excavator-models.webp\" alt=\"Kaivinkonemallien holkit\" \/><\/p>\n<h2>Tietoa yrityksest\u00e4mme<\/h2>\n<p>Olemme johtava hydraulisten sylinterien vaihtotuotteiden valmistaja ja tarjoamme kattavan valikoiman tuotteita. Keskittymisemme poikkeukselliseen laatuun on tehnyt meist\u00e4 yhden johtavista hydraulisten sylinterien valmistajista ja tukkukauppiaista sek\u00e4 kotimaisilla ett\u00e4 kansainv\u00e4lisill\u00e4 markkinoilla. Pyrimme huippuosaamiseen toteuttamalla hienostuneita valmistuksenohjausstrategioita ty\u00f6pajoissamme.<\/p>\n<p>Yrityksemme parantaa jatkuvasti tuotantokapasiteettiaan teknologisten edistysaskeleiden, huippuluokan valmistuslaitteiden ja ammattimaisten testausj\u00e4rjestelmien avulla. T\u00e4m\u00e4 sitoutuminen antaa meille mahdollisuuden vastata monipuolisiin asiakastarpeisiin tehokkaasti, tarkasti ja laadukkaasti.<\/p>\n<p><img decoding=\"async\" src=\"https:\/\/www.hydraulic-cylinders.net\/wp-content\/uploads\/2025\/04\/songte-company-4.webp\" alt=\"Yrityksen yleiskatsaus\" \/><br \/>\n<img decoding=\"async\" src=\"https:\/\/www.hydraulic-cylinders.net\/wp-content\/uploads\/2025\/04\/songte-company-3.webp\" alt=\"Yrityksen tuotanto\" \/><\/p>\n<p>Kirjoittaja: lyl<\/p>","protected":false},"excerpt":{"rendered":"<p>Boom Cylinder For SGZG SD30-9B Product Overview The Boom Cylinder for SGZG SD30-9B is a specialized hydraulic cylinder designed to control the movement of buckets in various heavy machinery applications. Commonly found in excavators, backhoe loaders, and front-end loaders, this hydraulic cylinder enables the bucket to lift, lower, and tilt, facilitating efficient material handling tasks. [&hellip;]<\/p>","protected":false},"featured_media":17879,"comment_status":"open","ping_status":"closed","template":"","meta":{"_et_pb_use_builder":"","_et_pb_old_content":"","_et_gb_content_width":""},"product_brand":[],"product_cat":[1546],"product_tag":[1547,1496],"class_list":{"0":"post-19511","1":"product","2":"type-product","3":"status-publish","4":"has-post-thumbnail","6":"product_cat-boom-cylinders","7":"product_tag-boom-cylinders","8":"product_tag-hydraulic-cylinders","10":"first","11":"instock","12":"shipping-taxable","13":"product-type-simple"},"amp_enabled":true,"_links":{"self":[{"href":"https:\/\/www.hydraulic-cylinders.net\/fi\/wp-json\/wp\/v2\/product\/19511","targetHints":{"allow":["GET"]}}],"collection":[{"href":"https:\/\/www.hydraulic-cylinders.net\/fi\/wp-json\/wp\/v2\/product"}],"about":[{"href":"https:\/\/www.hydraulic-cylinders.net\/fi\/wp-json\/wp\/v2\/types\/product"}],"replies":[{"embeddable":true,"href":"https:\/\/www.hydraulic-cylinders.net\/fi\/wp-json\/wp\/v2\/comments?post=19511"}],"wp:featuredmedia":[{"embeddable":true,"href":"https:\/\/www.hydraulic-cylinders.net\/fi\/wp-json\/wp\/v2\/media\/17879"}],"wp:attachment":[{"href":"https:\/\/www.hydraulic-cylinders.net\/fi\/wp-json\/wp\/v2\/media?parent=19511"}],"wp:term":[{"taxonomy":"product_brand","embeddable":true,"href":"https:\/\/www.hydraulic-cylinders.net\/fi\/wp-json\/wp\/v2\/product_brand?post=19511"},{"taxonomy":"product_cat","embeddable":true,"href":"https:\/\/www.hydraulic-cylinders.net\/fi\/wp-json\/wp\/v2\/product_cat?post=19511"},{"taxonomy":"product_tag","embeddable":true,"href":"https:\/\/www.hydraulic-cylinders.net\/fi\/wp-json\/wp\/v2\/product_tag?post=19511"}],"curies":[{"name":"wp","href":"https:\/\/api.w.org\/{rel}","templated":true}]}}