{"id":19514,"date":"2025-04-07T06:51:47","date_gmt":"2025-04-07T06:51:47","guid":{"rendered":"https:\/\/www.hydraulic-cylinders.net\/product\/boom-cylinder-for-carter-ct18-7bs\/"},"modified":"2025-04-07T06:51:49","modified_gmt":"2025-04-07T06:51:49","slug":"boom-cylinder-for-carter-ct18-7bs","status":"publish","type":"product","link":"https:\/\/www.hydraulic-cylinders.net\/fi\/tuote\/boom-cylinder-for-carter-ct18-7bs\/","title":{"rendered":"Puomin sylinteri Carter CT18-7BS:lle"},"content":{"rendered":"<h1>Puomin sylinteri Carter CT18-7BS:lle<\/h1>\n<h2>Puomin sylinterin ymm\u00e4rt\u00e4minen<\/h2>\n<p>Puomisylinteri on t\u00e4rke\u00e4 osa useissa raskaissa koneissa, ja se on erityisesti suunniteltu ohjaamaan kauhan liikett\u00e4 kaivinkoneissa, kaivinkoneissa ja etukuormaajissa. Hydraulisylinterin\u00e4 sill\u00e4 on t\u00e4rke\u00e4 rooli nosto-, lasku- ja kallistustoimintojen helpottamisessa, mik\u00e4 parantaa materiaalink\u00e4sittelyteht\u00e4vi\u00e4. Puomisylinterin toiminta ulottuu pelk\u00e4n liikkeen ulkopuolelle; se auttaa saavuttamaan tarkan lis\u00e4laitteen hallinnan, mik\u00e4 on v\u00e4ltt\u00e4m\u00e4t\u00f6nt\u00e4 tehokkaalle toiminnalle vaativissa ymp\u00e4rist\u00f6iss\u00e4.<\/p>\n<p><img decoding=\"async\" src=\"https:\/\/www.hydraulic-cylinders.net\/wp-content\/uploads\/2025\/04\/songte-company-1.webp\" alt=\"Puomin sylinterin kuva\"><\/p>\n<h3>Puomin sylinterin t\u00e4rkeimm\u00e4t ominaisuudet<\/h3>\n<ul>\n<li><strong>Korkea lujuus ja kest\u00e4vyys:<\/strong> Valmistettu eritt\u00e4in lujasta ter\u00e4ksest\u00e4 tai alumiinista, suunniteltu kest\u00e4m\u00e4\u00e4n korkeaa painetta ja raskaita kuormia samalla kun se mukautuu vaativiin ty\u00f6olosuhteisiin.<\/li>\n<li><strong>Tehokas hydraulinen k\u00e4ytt\u00f6:<\/strong> K\u00e4ytt\u00e4\u00e4 hydraulinestett\u00e4 sujuvan pidennyksen ja sis\u00e4\u00e4nvedon mahdollistamiseksi, reagoiden nopeasti k\u00e4ytt\u00f6komentoihin ja tuottaen merkitt\u00e4v\u00e4\u00e4 ty\u00f6nt\u00f6- ja vetovoimaa.<\/li>\n<li><strong>Erilaisia \u200b\u200btyyppej\u00e4:<\/strong> Saatavilla yksitoimisina (toimii yhteen suuntaan) tai kaksitoimisina (toimii molempiin suuntiin) sylinterein\u00e4, jotka vastaavat erilaisiin k\u00e4ytt\u00f6tarpeisiin. Jotkut mallit ovat teleskooppisia, mik\u00e4 mahdollistaa suuremman jatkeen ilman ulkomittojen kasvua.<\/li>\n<\/ul>\n<h2>Tuotantokykymme<\/h2>\n<p>Valmistamme ylpe\u00e4n\u00e4 n\u00e4it\u00e4 puomisylintereit\u00e4, jotka tarjoavat t\u00e4ydellisen korvaajan olemassa oleville hydraulisylintereille erilaisissa sovelluksissa.<\/p>\n<p><img decoding=\"async\" src=\"https:\/\/www.hydraulic-cylinders.net\/wp-content\/uploads\/2025\/04\/songte-cylinder-head-with-all-kinds-excavator-models.webp\" alt=\"Sylinterikannen kuva\"><\/p>\n<h3>Puomisylinterin sovellukset<\/h3>\n<ul>\n<li><strong>Rakennuslaitteet:<\/strong> Kaivinkoneissa k\u00e4ytetyt puomin sylinterit ovat v\u00e4ltt\u00e4m\u00e4tt\u00f6mi\u00e4 kaivamiseen, lastaamiseen ja maan tai roskien siirt\u00e4miseen. Kaivinkoneissa ne helpottavat sek\u00e4 kaivu- ett\u00e4 nostotoimintoja, mik\u00e4 tekee niist\u00e4 korvaamattomia rakennusteht\u00e4viss\u00e4.<\/li>\n<li><strong>Maatalouskoneet:<\/strong> Etukuormaajissa k\u00e4ytett\u00e4v\u00e4t sylinterit auttavat maaper\u00e4n, hein\u00e4n ja muiden materiaalien kauhaamisessa, nostamisessa ja kuljettamisessa, mik\u00e4 parantaa tehokkuutta maataloussovelluksissa.<\/li>\n<li><strong>Kaivinkoneet:<\/strong> Puomin sylinteri mahdollistaa kauhan tunkeutumisen maahan, mik\u00e4 mahdollistaa tehokkaan kaivamisen. Sill\u00e4 on ratkaiseva rooli sen varmistamisessa, ett\u00e4 kaivinkone suorittaa teht\u00e4v\u00e4ns\u00e4 tehokkaasti.<\/li>\n<li><strong>Kuormaajat:<\/strong> Etukuormaajissa puomin sylinterit vastaavat kuormien nostamisesta ja tyhjent\u00e4misest\u00e4 varmistaen tehokkaan materiaalink\u00e4sittelyn k\u00e4yt\u00f6n aikana.<\/li>\n<\/ul>\n<h2>Suunnittelun\u00e4k\u00f6kohdat ja valintakriteerit<\/h2>\n<ul>\n<li><strong>Kantavuus:<\/strong> Puomin sylinteri on suunniteltava kest\u00e4m\u00e4\u00e4n tiettyj\u00e4 kuormituskapasiteetteja turvallisen ja tehokkaan toiminnan varmistamiseksi. Ylikuormitus voi johtaa katastrofaalisiin vikoihin, joten on t\u00e4rke\u00e4\u00e4 valita sylinteri, joka vastaa teht\u00e4v\u00e4n vaatimuksia.<\/li>\n<li><strong>Tiivistyksen laatu:<\/strong> Tehokas tiivistys on ratkaisevan t\u00e4rke\u00e4\u00e4 hydraulij\u00e4rjestelmiss\u00e4 vuotojen est\u00e4miseksi ja paineen yll\u00e4pit\u00e4miseksi. Korkealaatuiset tiivisteet varmistavat sylinterin pitk\u00e4n k\u00e4ytt\u00f6i\u00e4n ja tehokkuuden, mik\u00e4 v\u00e4hent\u00e4\u00e4 usein tapahtuvan huollon tarvetta.<\/li>\n<li><strong>Kest\u00e4vyys:<\/strong> Rakenteessa k\u00e4ytettyjen materiaalien on oltava kulutusta ja korroosiota kest\u00e4vi\u00e4, jotta sylinteri kest\u00e4\u00e4 pitk\u00e4aikaista k\u00e4ytt\u00f6\u00e4 ankarissa olosuhteissa ilman merkitt\u00e4v\u00e4\u00e4 heikkenemist\u00e4.<\/li>\n<li><strong>Turvaominaisuudet:<\/strong> Turvamekanismit on integroitava suunnitteluun onnettomuuksien est\u00e4miseksi ja turvallisen k\u00e4yt\u00f6n varmistamiseksi. N\u00e4ihin kuuluvat ominaisuudet, kuten paineenalennusventtiilit ja h\u00e4t\u00e4pys\u00e4ytystoiminnot.<\/li>\n<li><strong>Huoltomahdollisuus:<\/strong> Suunnittelun tulisi mahdollistaa komponenttien helppo p\u00e4\u00e4sy rutiinihuoltoa varten, varmistaen, ett\u00e4 huolto voidaan suorittaa ilman liiallista seisokkiaikaa.<\/li>\n<\/ul>\n<p><img decoding=\"async\" src=\"https:\/\/www.hydraulic-cylinders.net\/wp-content\/uploads\/2025\/04\/songte-oil-pipes-and-spare-parts.webp\" alt=\"\u00d6ljyputkien kuva\"><\/p>\n<h2>Sylinterin tiivistys ja voitelu<\/h2>\n<p>Puomin sylinteriss\u00e4 k\u00e4ytet\u00e4\u00e4n erilaisia \u200b\u200btiivistyskomponentteja, kuten m\u00e4nn\u00e4ntiivisteit\u00e4 ja varren tiivisteit\u00e4, jotka on usein valmistettu kulutusta kest\u00e4vist\u00e4 materiaaleista, kuten polyuretaanista ja nitriilikumista. Sylinterin runko ja kierteitetyt p\u00e4\u00e4typinnat ty\u00f6stet\u00e4\u00e4n tarkasti kest\u00e4vyyden parantamiseksi. S\u00e4\u00e4nn\u00f6llinen voitelu hydrauliikka\u00f6ljyll\u00e4 on v\u00e4ltt\u00e4m\u00e4t\u00f6nt\u00e4 sujuvan toiminnan varmistamiseksi ja kitkan aiheuttaman kulumisen est\u00e4miseksi.<\/p>\n<h2>Ennaltaehk\u00e4isev\u00e4t huoltotoimenpiteet<\/h2>\n<ul>\n<li>Tee s\u00e4\u00e4nn\u00f6llisi\u00e4 tarkastuksia mahdollisten kulumisen tai vaurioiden havaitsemiseksi varhaisessa vaiheessa.<\/li>\n<li>Varmista, ett\u00e4 voitelu on asianmukaista kitkan ja kulumisen v\u00e4hent\u00e4miseksi.<\/li>\n<li>Vaihda tiivisteet tarvittaessa vuotojen est\u00e4miseksi ja paineen eheyden yll\u00e4pit\u00e4miseksi.<\/li>\n<\/ul>\n<h2>Asennusohjeet<\/h2>\n<p>Puomin sylinterin oikea asennus on kriittisen t\u00e4rke\u00e4\u00e4 optimaalisen suorituskyvyn saavuttamiseksi. Aloita varmistamalla, ett\u00e4 alue on puhdas ja roskaton. Kohdista sylinteri tarkasti kiinnityspisteisiin k\u00e4ytt\u00e4m\u00e4ll\u00e4 sopivia kiinnityskiinnikkeit\u00e4 kiinnitt\u00e4\u00e4ksesi sen paikalleen. Kirist\u00e4 kaikki kiinnikkeet valmistajan ohjeiden mukaisesti t\u00e4rin\u00e4n tai irtoamisen v\u00e4ltt\u00e4miseksi k\u00e4yt\u00f6n aikana. Varmista, ett\u00e4 kaikki hydrauliset liit\u00e4nn\u00e4t ovat vuotamattomia tarkistamalla tiivisteet ja liittimet ennen k\u00e4yt\u00f6n aloittamista.<\/p>\n<h3>Yleiset huoltoteht\u00e4v\u00e4t<\/h3>\n<ul>\n<li><strong>S\u00e4\u00e4nn\u00f6lliset tarkastukset:<\/strong> S\u00e4\u00e4nn\u00f6lliset vuotojen, kulumisen ja yleisen kunnon tarkastukset ovat v\u00e4ltt\u00e4m\u00e4tt\u00f6mi\u00e4 toiminnan yll\u00e4pit\u00e4miseksi.<\/li>\n<li><strong>Oikea voitelu:<\/strong> Tasainen voitelu est\u00e4\u00e4 kulumista ja pident\u00e4\u00e4 sylinterin k\u00e4ytt\u00f6ik\u00e4\u00e4.<\/li>\n<li><strong>Tiivisteen vaihto:<\/strong> Tiivisteiden oikea-aikainen vaihto varmistaa tehokkuuden ja est\u00e4\u00e4 nestevuodot, mik\u00e4 yll\u00e4pit\u00e4\u00e4 sylinterin suorituskyky\u00e4.<\/li>\n<\/ul>\n<h2>Turvallisuusn\u00e4k\u00f6kohdat ja ymp\u00e4rist\u00f6tekij\u00e4t<\/h2>\n<p>Turvatoimenpiteet ovat ensiarvoisen t\u00e4rkeit\u00e4 hydraulisylintereiden kanssa ty\u00f6skennelt\u00e4ess\u00e4. K\u00e4ytt\u00e4j\u00e4t tulee kouluttaa ymm\u00e4rt\u00e4m\u00e4\u00e4n hydraulij\u00e4rjestelmiin liittyv\u00e4t riskit ja noudattamaan turvallisuusprotokollia onnettomuuksien v\u00e4ltt\u00e4miseksi. Ymp\u00e4rist\u00f6tekij\u00e4t, kuten altistuminen \u00e4\u00e4rimm\u00e4isille l\u00e4mp\u00f6tiloille ja sy\u00f6vytt\u00e4ville aineille, voivat vaikuttaa puomisylinterin eheyteen ja suorituskykyyn; siksi on otettava huomioon asianmukaiset materiaalivalinnat ja suunnittelun\u00e4k\u00f6kohdat.<\/p>\n<h2>Vianm\u00e4\u00e4ritys ja yleiset ongelmat<\/h2>\n<ul>\n<li><strong>Vuoto:<\/strong> Yleisi\u00e4 syit\u00e4 ovat kuluneet tiivisteet tai vaurioituneet liittimet. S\u00e4\u00e4nn\u00f6lliset tarkastukset voivat auttaa tunnistamaan ja korjaamaan n\u00e4m\u00e4 ongelmat nopeasti.<\/li>\n<li><strong>Huono suorituskyky:<\/strong> Riitt\u00e4m\u00e4t\u00f6n \u00f6ljytaso tai ep\u00e4puhtaudet voivat johtaa hitaaseen toimintaan. Oikean \u00f6ljytason ja laadun varmistaminen on olennaisen t\u00e4rke\u00e4\u00e4 tehokkaan toiminnan kannalta.<\/li>\n<li><strong>Ylikuumeneminen:<\/strong> T\u00e4m\u00e4 voi johtua liiallisesta kuormituksesta tai riitt\u00e4m\u00e4tt\u00f6m\u00e4st\u00e4 voitelusta. L\u00e4mp\u00f6tilan seuranta ja riitt\u00e4v\u00e4n voitelun varmistaminen voivat lievent\u00e4\u00e4 t\u00e4t\u00e4 riski\u00e4.<\/li>\n<\/ul>\n<h3>Vianm\u00e4\u00e4ritysvinkkej\u00e4<\/h3>\n<p>Ongelmien tehokkaaksi diagnosoimiseksi ja ratkaisemiseksi k\u00e4ytt\u00e4jien tulee suorittaa perusteellisia tarkastuksia, yll\u00e4pit\u00e4\u00e4 nestetasoja ja vaihtaa kuluneet osat tarvittaessa. Ennaltaehk\u00e4isev\u00e4t toimenpiteet, kuten s\u00e4\u00e4nn\u00f6llinen huolto ja asianmukaiset k\u00e4ytt\u00f6tavat, voivat merkitt\u00e4v\u00e4sti v\u00e4hent\u00e4\u00e4 mahdollisten ongelmien esiintymist\u00e4.<\/p>\n<p><img decoding=\"async\" src=\"https:\/\/www.hydraulic-cylinders.net\/wp-content\/uploads\/2025\/04\/songte-bushings-with-all-kinds-of-excavator-models.webp\" alt=\"Holkit Kuva\"><\/p>\n<h2>Tietoa yrityksest\u00e4mme<\/h2>\n<p>Olemme johtava hydraulisten varaosien valmistaja ja tukkumyyj\u00e4, joka on sitoutunut tarjoamaan erinomaista laatua. Monipuolinen tuotevalikoimamme on asemoinut meid\u00e4t merkitt\u00e4v\u00e4ksi toimijaksi sek\u00e4 kotimaisilla ett\u00e4 kansainv\u00e4lisill\u00e4 markkinoilla. Hienostuneiden valmistusstrategioiden avulla hy\u00f6dynn\u00e4mme edistynytt\u00e4 teknologiaa ja ammattitaitoista henkil\u00f6st\u00f6\u00e4 parantaaksemme tuotantokapasiteettiamme varmistaen korkean tehokkuuden ja tarkkuuden erilaisten asiakastarpeiden t\u00e4ytt\u00e4misess\u00e4.<\/p>\n<h3>Asiantuntemuksemme<\/h3>\n<ul>\n<li><strong>Ammattimaisuus:<\/strong> Tiimimme edustaa hydrauliikkaj\u00e4rjestelmien asiantuntemusta ja varmistaa, ett\u00e4 kaikki tuotteet t\u00e4ytt\u00e4v\u00e4t tiukat suorituskykystandardit.<\/li>\n<li><strong>Kansainv\u00e4liset sertifikaatit:<\/strong> Noudatamme globaaleja standardeja, mik\u00e4 varmistaa tuotteidemme luotettavuuden ja turvallisuuden.<\/li>\n<li><strong>Mukautetut ratkaisut:<\/strong> Tarjoamme r\u00e4\u00e4t\u00e4l\u00f6ityj\u00e4 tuotteita vastaamaan asiakkaiden erityistarpeita ja edist\u00e4mme pitk\u00e4aikaisia \u200b\u200bkumppanuuksia.<\/li>\n<li><strong>Edistyneet tuotantolaitteet:<\/strong> K\u00e4ytt\u00e4m\u00e4ll\u00e4 huippuluokan koneita parannamme tuotantotehokkuutta ja tuotteiden laatua.<\/li>\n<li><strong>Myynnin j\u00e4lkeinen tuki:<\/strong> Sitoumuksemme ulottuu myynnin ulkopuolelle, tarjoten asiakkaillemme kattavaa tukea ja palvelua.<\/li>\n<\/ul>\n<p><img decoding=\"async\" src=\"https:\/\/www.hydraulic-cylinders.net\/wp-content\/uploads\/2025\/04\/songte-company-4.webp\" alt=\"Yrityksen imago\"><br \/>\n<img decoding=\"async\" src=\"https:\/\/www.hydraulic-cylinders.net\/wp-content\/uploads\/2025\/04\/songte-company-3.webp\" alt=\"Yrityksen imago\"><\/p>\n<p>Kirjoittaja: lyl<\/p>","protected":false},"excerpt":{"rendered":"<p>Boom Cylinder For Carter CT18-7BS Understanding the Boom Cylinder The boom cylinder is a crucial component in various heavy machinery, specifically designed for controlling the movement of the bucket in excavators, backhoes, and front loaders. As a type of hydraulic cylinder, it plays a vital role in facilitating lifting, lowering, and tilting actions, thereby enhancing [&hellip;]<\/p>","protected":false},"featured_media":17867,"comment_status":"open","ping_status":"closed","template":"","meta":{"_et_pb_use_builder":"","_et_pb_old_content":"","_et_gb_content_width":""},"product_brand":[],"product_cat":[1546],"product_tag":[1547,1496],"class_list":{"0":"post-19514","1":"product","2":"type-product","3":"status-publish","4":"has-post-thumbnail","6":"product_cat-boom-cylinders","7":"product_tag-boom-cylinders","8":"product_tag-hydraulic-cylinders","10":"first","11":"instock","12":"shipping-taxable","13":"product-type-simple"},"amp_enabled":true,"_links":{"self":[{"href":"https:\/\/www.hydraulic-cylinders.net\/fi\/wp-json\/wp\/v2\/product\/19514","targetHints":{"allow":["GET"]}}],"collection":[{"href":"https:\/\/www.hydraulic-cylinders.net\/fi\/wp-json\/wp\/v2\/product"}],"about":[{"href":"https:\/\/www.hydraulic-cylinders.net\/fi\/wp-json\/wp\/v2\/types\/product"}],"replies":[{"embeddable":true,"href":"https:\/\/www.hydraulic-cylinders.net\/fi\/wp-json\/wp\/v2\/comments?post=19514"}],"wp:featuredmedia":[{"embeddable":true,"href":"https:\/\/www.hydraulic-cylinders.net\/fi\/wp-json\/wp\/v2\/media\/17867"}],"wp:attachment":[{"href":"https:\/\/www.hydraulic-cylinders.net\/fi\/wp-json\/wp\/v2\/media?parent=19514"}],"wp:term":[{"taxonomy":"product_brand","embeddable":true,"href":"https:\/\/www.hydraulic-cylinders.net\/fi\/wp-json\/wp\/v2\/product_brand?post=19514"},{"taxonomy":"product_cat","embeddable":true,"href":"https:\/\/www.hydraulic-cylinders.net\/fi\/wp-json\/wp\/v2\/product_cat?post=19514"},{"taxonomy":"product_tag","embeddable":true,"href":"https:\/\/www.hydraulic-cylinders.net\/fi\/wp-json\/wp\/v2\/product_tag?post=19514"}],"curies":[{"name":"wp","href":"https:\/\/api.w.org\/{rel}","templated":true}]}}