{"id":19516,"date":"2025-04-07T06:51:52","date_gmt":"2025-04-07T06:51:52","guid":{"rendered":"https:\/\/www.hydraulic-cylinders.net\/product\/boom-cylinder-for-carter-ct65-8b\/"},"modified":"2025-04-07T06:51:54","modified_gmt":"2025-04-07T06:51:54","slug":"boom-cylinder-for-carter-ct65-8b","status":"publish","type":"product","link":"https:\/\/www.hydraulic-cylinders.net\/fi\/tuote\/boom-cylinder-for-carter-ct65-8b\/","title":{"rendered":"Puomin sylinteri Carter CT65-8B:lle"},"content":{"rendered":"<h1>Puomin sylinteri Carter CT65-8B:lle<\/h1>\n<h2>Johdatus puomin sylinteriin<\/h2>\n<p>Carter CT65-8B:n puomisylinteri on t\u00e4rke\u00e4 osa hydrauliikkaj\u00e4rjestelmi\u00e4, ja se on suunniteltu erityisesti raskaille koneille, kuten kaivinkoneille, traktorikaivureille ja etukuormaajille. T\u00e4m\u00e4 hydraulisylinteri ohjaa kauhan liikett\u00e4, jolloin se voi nostaa, laskea ja kallistua tehokkaasti, mik\u00e4 on olennaista materiaalink\u00e4sittelyteht\u00e4viss\u00e4. Vankan rakenteensa ansiosta puomisylinteri varmistaa sujuvan toiminnan ja tarkkuuden erilaisissa sovelluksissa ja tarjoaa tarvittavan tehon raskaiden kuormien tehokkaaseen k\u00e4sittelyyn.<\/p>\n<p><img decoding=\"async\" src=\"https:\/\/www.hydraulic-cylinders.net\/wp-content\/uploads\/2025\/04\/songte-company-1.webp\" alt=\"Puomin sylinteri\"><\/p>\n<h3>Kauhan sylinterin m\u00e4\u00e4ritelm\u00e4 ja yleiskatsaus<\/h3>\n<p>Kauhasylinteri on erikoistyyppinen hydraulisylinteri, jolla on ratkaiseva rooli raskaiden koneiden kauhan liikkeen ohjaamisessa. Sen avulla k\u00e4ytt\u00e4j\u00e4t voivat suorittaa teht\u00e4vi\u00e4, kuten kaivamista, nostamista ja materiaalien kippaamista, eritt\u00e4in tehokkaasti. N\u00e4iden sylinterien suunnittelussa keskityt\u00e4\u00e4n kest\u00e4vyyteen ja luotettavuuteen, mik\u00e4 varmistaa, ett\u00e4 ne kest\u00e4v\u00e4t rakennus- ja kaivut\u00f6iden tiukat vaatimukset. T\u00e4m\u00e4 monipuolisuus tekee niist\u00e4 v\u00e4ltt\u00e4m\u00e4tt\u00f6mi\u00e4 eri teollisuudenaloilla rakennusalasta maatalouteen.<\/p>\n<h2>Puomin sylinterin ominaisuudet<\/h2>\n<ul>\n<li><strong>Korkea lujuus ja kest\u00e4vyys:<\/strong> Eritt\u00e4in lujasta ter\u00e4ksest\u00e4 tai alumiinista valmistettu puomin sylinteri kest\u00e4\u00e4 korkeita paineita ja raskaita kuormia, joten se sopii vaativiin ty\u00f6ymp\u00e4rist\u00f6ihin.<\/li>\n<li><strong>Tehokas hydraulinen k\u00e4ytt\u00f6:<\/strong> Hydraulinesteen paineen hy\u00f6dynt\u00e4minen mahdollistaa sujuvan pidennyksen ja sis\u00e4\u00e4nvedon, mik\u00e4 tarjoaa nopean vasteen k\u00e4ytt\u00f6komentoihin ja tuottaa tehokkaita ty\u00f6nt\u00f6- ja vetovoimia.<\/li>\n<li><strong>Erilaisia \u200b\u200btyyppej\u00e4:<\/strong> N\u00e4it\u00e4 sylintereit\u00e4 on saatavilla yksi- ja kaksitoimisina versioina, ja ne voidaan r\u00e4\u00e4t\u00e4l\u00f6id\u00e4 vastaamaan erilaisia \u200b\u200bk\u00e4ytt\u00f6vaatimuksia. Jotkut mallit ovat teleskooppisia, mik\u00e4 mahdollistaa suuremman jatkeen ilman ulkomittojen kasvua, mik\u00e4 sopii erinomaisesti ahtaisiin sovelluksiin.<\/li>\n<li><strong>Korroosionkest\u00e4vyys:<\/strong> Suunniteltu korroosiota ja kulumista kest\u00e4vist\u00e4 materiaaleista, mik\u00e4 pident\u00e4\u00e4 sylinterin k\u00e4ytt\u00f6ik\u00e4\u00e4 my\u00f6s haastavissa olosuhteissa.<\/li>\n<li><strong>Helppo huolto:<\/strong> Rakenne mahdollistaa yksinkertaisen huollon ja varmistaa, ett\u00e4 k\u00e4ytt\u00e4j\u00e4t voivat pit\u00e4\u00e4 sylinterit optimaalisessa toimintakunnossa.<\/li>\n<\/ul>\n<h3>Valmistuskykymme<\/h3>\n<p>Meill\u00e4 on asiantuntemusta valmistaa korkealaatuisia puomisylintereit\u00e4, jotka korvaavat t\u00e4ydellisesti olemassa olevat hydraulisylinterit. Tuotteemme on suunniteltu tarkkuus ja kest\u00e4vyys mieless\u00e4 pit\u00e4en, varmistaen, ett\u00e4 ne t\u00e4ytt\u00e4v\u00e4t alan standardit ja asiakkaiden odotukset.<\/p>\n<p><img decoding=\"async\" src=\"https:\/\/www.hydraulic-cylinders.net\/wp-content\/uploads\/2025\/04\/songte-cylinder-head-with-all-kinds-excavator-models.webp\" alt=\"Kaivinkonemallit\"><\/p>\n<h2>Puomisylinterin sovellukset<\/h2>\n<h3>Rakennuslaitteet<\/h3>\n<p>Rakennuskoneissa, kuten kaivinkoneissa, puomisylinterit ovat v\u00e4ltt\u00e4m\u00e4tt\u00f6mi\u00e4 maan tai roskien kaivamiseen, lastaamiseen ja siirt\u00e4miseen. Ne tarjoavat tarvittavan voiman raskaiden materiaalien nostamiseen ja sijoittamiseen tarkasti. N\u00e4iden sylinterien suorituskyky vaikuttaa suoraan kaivut\u00f6iden tehokkuuteen, mik\u00e4 nopeuttaa projektien valmistumista.<\/p>\n<h3>Maatalouskoneet<\/h3>\n<p>Puomisylintereit\u00e4 k\u00e4ytet\u00e4\u00e4n my\u00f6s etukuormaajissa, joissa ne auttavat maan, hein\u00e4n ja muiden materiaalien kauhaamisessa, nostamisessa ja kuljetuksessa. Niiden kyky k\u00e4sitell\u00e4 raskaita kuormia ja suorittaa monik\u00e4ytt\u00f6isi\u00e4 teht\u00e4vi\u00e4 parantaa maatilojen tuottavuutta, mik\u00e4 tekee niist\u00e4 elint\u00e4rke\u00e4n osan maataloustoimintaa.<\/p>\n<h3>Kaivinkoneet<\/h3>\n<p>Kaivinkoneissa puomin sylinteri mahdollistaa kauhan tehokkaan tunkeutumisen maahan kaivut\u00f6iss\u00e4. T\u00e4m\u00e4 toiminto on ratkaisevan t\u00e4rke\u00e4 maksimaalisen kaivusyvyyden ja tehokkuuden saavuttamiseksi, mik\u00e4 osaltaan vaikuttaa koneen kokonaissuorituskykyyn.<\/p>\n<h3>Kuormaajat<\/h3>\n<p>Etukuormaajissa puomisylinterit auttavat kuormien tehokkaassa nostamisessa ja tyhjent\u00e4misess\u00e4. Niiden hydraulinen voima mahdollistaa raskaiden materiaalien helpon k\u00e4sittelyn, mik\u00e4 parantaa lastaus- ja purkuprosessien tehokkuutta, mik\u00e4 on erityisen hy\u00f6dyllist\u00e4 rakennus- ja j\u00e4tehuoltot\u00f6iss\u00e4.<\/p>\n<h2>Suunnittelun\u00e4k\u00f6kohdat ja valintakriteerit<\/h2>\n<h3>Kantavuus<\/h3>\n<p>Puomisylinteri\u00e4 valittaessa on ratkaisevan t\u00e4rke\u00e4\u00e4 ymm\u00e4rt\u00e4\u00e4 kuormituskapasiteetti. Sylinterin on kyett\u00e4v\u00e4 k\u00e4sittelem\u00e4\u00e4n nostettavan enimm\u00e4ispaino, mik\u00e4 varmistaa turvallisuuden ja toimivuuden k\u00e4yt\u00f6n aikana. Sopivan kuormitusluokituksen omaavan sylinterin valitseminen varmistaa, ett\u00e4 se ei pet\u00e4 paineen alla, mik\u00e4 v\u00e4hent\u00e4\u00e4 onnettomuuksien ja laitevaurioiden riski\u00e4.<\/p>\n<h3>Tiivistyskyky<\/h3>\n<p>Tiivistys on toinen kriittinen tekij\u00e4 puomisylinterien suunnittelussa. Korkealaatuiset tiivisteet est\u00e4v\u00e4t hydraulinesteen vuodot ja yll\u00e4pit\u00e4v\u00e4t paineen j\u00e4rjestelm\u00e4ss\u00e4. Tehokas tiivistys varmistaa sylinterin sujuvan ja tehokkaan toiminnan, mik\u00e4 minimoi huoltotarpeen ja pident\u00e4\u00e4 sylinterin k\u00e4ytt\u00f6ik\u00e4\u00e4. Erilaisia \u200b\u200btiivistemateriaaleja, kuten polyuretaania ja nitriilikumia, valitaan niiden kest\u00e4vyyden ja ymp\u00e4rist\u00f6tekij\u00f6iden suhteen.<\/p>\n<h3>Kest\u00e4vyys<\/h3>\n<p>Kest\u00e4vyys on elint\u00e4rke\u00e4\u00e4 puomisylintereille, jotka usein toimivat ankarissa olosuhteissa. Rakenteessa k\u00e4ytettyjen materiaalien tulee kest\u00e4\u00e4 hankausta, korroosiota ja v\u00e4symist\u00e4 pitk\u00e4aikaisen suorituskyvyn varmistamiseksi. Hyvin suunnitellussa puomisylinteriss\u00e4 on ominaisuuksia, jotka parantavat sen kest\u00e4vyytt\u00e4, kuten vahvistetut hitsit ja paksummat sein\u00e4m\u00e4t, joiden ansiosta se kest\u00e4\u00e4 raskaiden sovellusten rasitukset.<\/p>\n<h3>Turvallisuusstandardit<\/h3>\n<p>Turvallisuusn\u00e4k\u00f6kohtien on oltava etusijalla puomisylintereiden suunnittelussa. T\u00e4h\u00e4n kuuluvat ominaisuudet, jotka est\u00e4v\u00e4t ylipaineistuksen ja varmistavat, ett\u00e4 sylinteri voi toimia turvallisesti vaihtelevissa kuormitusolosuhteissa. Varoventtiilien ja paineenalennusmekanismien k\u00e4ytt\u00f6\u00f6notto voi auttaa minimoimaan onnettomuuksien ja laitevikojen riski\u00e4.<\/p>\n<h3>Huoltovaatimukset<\/h3>\n<p>Helppo huolto on v\u00e4ltt\u00e4m\u00e4t\u00f6nt\u00e4 puomisylinterien pitk\u00e4ik\u00e4isyyden ja suorituskyvyn varmistamiseksi. Suunnittelussa tulisi ottaa huomioon laitteiden helppo saatavuus tarkastuksia, voitelua ja tarvittavia korjauksia varten. S\u00e4\u00e4nn\u00f6llisten huoltoteht\u00e4vien tulisi olla yksinkertaisia, jotta k\u00e4ytt\u00e4j\u00e4t voivat pit\u00e4\u00e4 laitteet optimaalisessa toimintakunnossa ilman pitki\u00e4 seisokkeja.<\/p>\n<p><img decoding=\"async\" src=\"https:\/\/www.hydraulic-cylinders.net\/wp-content\/uploads\/2025\/04\/songte-oil-pipes-and-spare-parts.webp\" alt=\"\u00d6ljyputket ja varaosat\"><\/p>\n<h2>Tiivistys ja voitelu<\/h2>\n<p>Asianmukainen tiivistys ja voitelu ovat elint\u00e4rkeit\u00e4 puomisylinterien tehokkaalle toiminnalle. Erilaisia \u200b\u200btiivistyskomponentteja, kuten m\u00e4nn\u00e4ntiivisteit\u00e4 ja varren tiivisteit\u00e4, k\u00e4ytet\u00e4\u00e4n varmistamaan, ett\u00e4 hydraulineste ei vuoda ja ett\u00e4 sylinteri s\u00e4ilytt\u00e4\u00e4 paineensa. Kest\u00e4vist\u00e4 materiaaleista, kuten polyuretaanista ja nitriilikumista, valmistetut tiivisteet ovat edullisia niiden kulutuskest\u00e4vyyden vuoksi. Lis\u00e4ksi sylinterin runko ja kierteitetyt p\u00e4\u00e4t on k\u00e4sitelty huolellisesti niiden kulutuskest\u00e4vyyden parantamiseksi. S\u00e4\u00e4nn\u00f6llinen voitelu hydrauli\u00f6ljyll\u00e4 on v\u00e4ltt\u00e4m\u00e4t\u00f6nt\u00e4 sujuvan toiminnan yll\u00e4pit\u00e4miseksi, kitkan v\u00e4hent\u00e4miseksi ja ennenaikaisen kulumisen est\u00e4miseksi.<\/p>\n<h2>Ennaltaehk\u00e4isev\u00e4t huoltotoimenpiteet<\/h2>\n<ul>\n<li>S\u00e4\u00e4nn\u00f6lliset tarkastukset: Rutiinitarkastusten suorittaminen auttaa tunnistamaan mahdolliset ongelmat ennen kuin ne eskaloituvat vakaviksi ongelmiksi, mik\u00e4 varmistaa sylinterin pitk\u00e4n k\u00e4ytt\u00f6i\u00e4n.<\/li>\n<li>Oikea voitelu: Riitt\u00e4v\u00e4n voitelun varmistaminen jatkuvasti auttaa minimoimaan kulumista ja yll\u00e4pit\u00e4m\u00e4\u00e4n sylinterin suorituskyky\u00e4.<\/li>\n<li>Tiivisteiden vaihto: Tiivisteiden kunnon valvonta ja niiden vaihtaminen tarvittaessa est\u00e4\u00e4 vuotoja ja yll\u00e4pit\u00e4\u00e4 hydraulipainetta.<\/li>\n<\/ul>\n<h2>Asennusohjeet<\/h2>\n<p>Puomisylinteri\u00e4 asennettaessa on t\u00e4rke\u00e4\u00e4 noudattaa oikeita menettelytapoja optimaalisen suorituskyvyn varmistamiseksi. Aloita valmistelemalla asennuspaikka ja varmista, ett\u00e4 se on puhdas ja roskaton. Kohdista sylinteri tarkasti kiinnityskiinnikkeisiin ja kiinnit\u00e4 se paikalleen k\u00e4ytt\u00e4m\u00e4ll\u00e4 sopivia kiinnitystukia. On eritt\u00e4in t\u00e4rke\u00e4\u00e4 varmistaa, ett\u00e4 sylinteri on kohdistettu oikein, jotta v\u00e4ltet\u00e4\u00e4n tarpeeton rasitus k\u00e4yt\u00f6n aikana. Kun sylinteri on paikallaan, kirist\u00e4 kaikki pultit ja liittimet valmistajan ohjeiden mukaisesti. Lopuksi testaa j\u00e4rjestelm\u00e4 vuotojen ja toiminnan tehokkuuden varalta ennen t\u00e4ysimittaista k\u00e4ytt\u00f6\u00e4.<\/p>\n<h2>Yleiset huoltoteht\u00e4v\u00e4t<\/h2>\n<ul>\n<li><strong>S\u00e4\u00e4nn\u00f6lliset tarkastukset:<\/strong> Suorita s\u00e4\u00e4nn\u00f6llisi\u00e4 tarkastuksia kulumisen ja repe\u00e4mien havaitsemiseksi ja varmista, ett\u00e4 kaikki komponentit toimivat oikein. S\u00e4\u00e4nn\u00f6lliset tarkastukset mahdollistavat ongelmien havaitsemisen varhaisessa vaiheessa, mik\u00e4 voi est\u00e4\u00e4 merkitt\u00e4v\u00e4mpien ongelmien kehittymisen.<\/li>\n<li><strong>Asianmukainen voitelu:<\/strong> Varmista, ett\u00e4 sylinteri ja sen osat on riitt\u00e4v\u00e4sti voideltu sujuvan toiminnan varmistamiseksi. Oikea voitelu v\u00e4hent\u00e4\u00e4 kitkaa ja pident\u00e4\u00e4 tiivisteiden ja sylinterin osien k\u00e4ytt\u00f6ik\u00e4\u00e4.<\/li>\n<li><strong>Tiivisteen vaihto ja kalibrointi:<\/strong> Tarkista tiivisteiden kuluminen s\u00e4\u00e4nn\u00f6llisesti ja vaihda ne tarvittaessa. Sylinterin kalibrointi varmistaa, ett\u00e4 se toimii m\u00e4\u00e4ritettyjen parametrien mukaisesti, mik\u00e4 parantaa suorituskyky\u00e4 ja turvallisuutta.<\/li>\n<\/ul>\n<p>Asennusprosessin aikana sylinterin oikea kohdistus on ratkaisevan t\u00e4rke\u00e4\u00e4. K\u00e4yt\u00e4 sopivia kiinnityskiinnikkeit\u00e4 sylinterin kiinnitt\u00e4miseksi tehokkaasti. Suositeltujen tarkastus-, korjaus- ja vaihto-ohjeiden noudattaminen varmistaa sylinterin pitk\u00e4n k\u00e4ytt\u00f6i\u00e4n, parantaa sen suorituskyky\u00e4 ja luotettavuutta.<\/p>\n<p><img decoding=\"async\" src=\"https:\/\/www.hydraulic-cylinders.net\/wp-content\/uploads\/2025\/04\/songte-chushion-collar.webp\" alt=\"Tyynykaulus\"><\/p>\n<h2>Turvallisuusn\u00e4k\u00f6kohdat ja ymp\u00e4rist\u00f6tekij\u00e4t<\/h2>\n<p>Puomisylintereiden kanssa ty\u00f6skennelt\u00e4ess\u00e4 turvatoimenpiteet ovat ensiarvoisen t\u00e4rkeit\u00e4. Kuljettajien on aina oltava tietoisia hydraulisiin laitteisiin liittyvist\u00e4 mahdollisista vaaroista. Turvavarusteita on k\u00e4ytett\u00e4v\u00e4 ja asianmukaisia \u200b\u200b\u200b\u200bprotokollia on noudatettava laitteita k\u00e4ytett\u00e4ess\u00e4 ja huollettaessa. Lis\u00e4ksi ymp\u00e4rist\u00f6tekij\u00e4t, kuten altistuminen \u00e4\u00e4rimm\u00e4isille l\u00e4mp\u00f6tiloille, kemikaaleille ja kosteudelle, voivat vaikuttaa hydraulisylintereiden suorituskykyyn. S\u00e4\u00e4nn\u00f6lliset k\u00e4ytt\u00f6ymp\u00e4rist\u00f6n arvioinnit ja asianmukaiset suojatoimenpiteet voivat lievent\u00e4\u00e4 n\u00e4it\u00e4 riskej\u00e4 ja varmistaa turvallisen ja tehokkaan toiminnan.<\/p>\n<h2>Vianm\u00e4\u00e4ritys ja yleiset ongelmat<\/h2>\n<h3>Yleisi\u00e4 ongelmia<\/h3>\n<ul>\n<li><strong>Vuodot:<\/strong> Vuodot johtuvat usein kuluneista tiivisteist\u00e4 tai virheellisest\u00e4 asennuksesta. S\u00e4\u00e4nn\u00f6lliset tarkastukset voivat auttaa tunnistamaan ja korjaamaan n\u00e4m\u00e4 ongelmat nopeasti.<\/li>\n<li><strong>Huono suorituskyky:<\/strong> Sylinterin suorituskyvyn heikkeneminen voi johtua riitt\u00e4m\u00e4tt\u00f6m\u00e4st\u00e4 voitelusta tai sis\u00e4isest\u00e4 kulumisesta. S\u00e4\u00e4nn\u00f6llinen huolto ja voitelu ovat avainasemassa t\u00e4m\u00e4n ongelman ehk\u00e4isemiseksi.<\/li>\n<li><strong>Ylikuumeneminen:<\/strong> Ylikuumenemista voi tapahtua liiallisen kuormituksen tai hydraulinesteen puutteen vuoksi. Sylinterin k\u00e4ytt\u00f6olosuhteiden valvonta voi est\u00e4\u00e4 ylikuumenemisen.<\/li>\n<\/ul>\n<h2>Vianm\u00e4\u00e4ritysvinkkej\u00e4<\/h2>\n<p>Puomisylintereiden ongelmien tehokkaaseen diagnosointiin ja ratkaisemiseen s\u00e4\u00e4nn\u00f6llinen huolto ja toiminnan tarkkailu ovat olennaisia. Pid\u00e4 silm\u00e4ll\u00e4 kulumisen merkkej\u00e4 ja korjaa ne v\u00e4litt\u00f6m\u00e4sti, jotta v\u00e4ltet\u00e4\u00e4n tilan paheneminen. Toteuta ennaltaehk\u00e4isevi\u00e4 toimenpiteit\u00e4, kuten rutiinitarkastuksia ja oikea-aikaisia \u200b\u200bkorjauksia, mahdollisten ongelmien riskin minimoimiseksi.<\/p>\n<p><img decoding=\"async\" src=\"https:\/\/www.hydraulic-cylinders.net\/wp-content\/uploads\/2025\/04\/songte-bushings-with-all-kinds-of-excavator-models.webp\" alt=\"Kaivinkonemallien holkit\"><\/p>\n<h2>Yrityksen yleiskatsaus<\/h2>\n<p>Olemme johtava hydraulisten sylinterien vaihto-osien valmistaja, joka tarjoaa kattavan valikoiman tuotteita sek\u00e4 kotimaisille ett\u00e4 kansainv\u00e4lisille markkinoille. Sitoutumisemme huippuosaamiseen laadussa ja tarkassa valmistuksessa tuetaan edistyneill\u00e4 tuotannonohjausstrategioilla, joissa hy\u00f6dynnet\u00e4\u00e4n ammattitaitoista teknist\u00e4 henkil\u00f6st\u00f6\u00e4 ja huippuluokan digitaalisia valmistuslaitteita. Parannamme jatkuvasti valmistusymp\u00e4rist\u00f6\u00e4mme ja hiomme tuotantoprosessejamme varmistaaksemme korkealaatuiset tuotokset. Kykymme t\u00e4ytt\u00e4\u00e4 monipuoliset asiakastarpeet perustuu keskittymiseemme tehokkuuteen, tarkkuuteen ja laatuun.<\/p>\n<p><img decoding=\"async\" src=\"https:\/\/www.hydraulic-cylinders.net\/wp-content\/uploads\/2025\/04\/songte-company-4.webp\" alt=\"Yrityksen yleiskatsaus\"><br \/>\n<img decoding=\"async\" src=\"https:\/\/www.hydraulic-cylinders.net\/wp-content\/uploads\/2025\/04\/songte-company-3.webp\" alt=\"Tuotantolaitokset\"><\/p>\n<p>Yrityksemme tunnetaan ammattitaidostaan, kansainv\u00e4lisist\u00e4 sertifikaateistaan \u200b\u200bja r\u00e4\u00e4t\u00e4l\u00f6it\u00e4vist\u00e4 palveluistaan. Huippuluokan tuotantolaitteiden ja vankan huoltopalveluj\u00e4rjestelm\u00e4n avulla varmistamme, ett\u00e4 jokainen tuote t\u00e4ytt\u00e4\u00e4 korkeimmat laatu- ja luotettavuusstandardit.<\/p>\n<p>Kirjoittaja: lyl<\/p>","protected":false},"excerpt":{"rendered":"<p>Boom Cylinder For Carter CT65-8B Introduction to Boom Cylinder The Boom Cylinder for Carter CT65-8B is a vital component in hydraulic systems, specifically designed for heavy machinery, including excavators, backhoes, and front loaders. This hydraulic cylinder controls the movement of the bucket, enabling it to lift, lower, and tilt effectively, which is essential for material [&hellip;]<\/p>","protected":false},"featured_media":17869,"comment_status":"open","ping_status":"closed","template":"","meta":{"_et_pb_use_builder":"","_et_pb_old_content":"","_et_gb_content_width":""},"product_brand":[],"product_cat":[1546],"product_tag":[1547,1496],"class_list":{"0":"post-19516","1":"product","2":"type-product","3":"status-publish","4":"has-post-thumbnail","6":"product_cat-boom-cylinders","7":"product_tag-boom-cylinders","8":"product_tag-hydraulic-cylinders","10":"first","11":"instock","12":"shipping-taxable","13":"product-type-simple"},"amp_enabled":true,"_links":{"self":[{"href":"https:\/\/www.hydraulic-cylinders.net\/fi\/wp-json\/wp\/v2\/product\/19516","targetHints":{"allow":["GET"]}}],"collection":[{"href":"https:\/\/www.hydraulic-cylinders.net\/fi\/wp-json\/wp\/v2\/product"}],"about":[{"href":"https:\/\/www.hydraulic-cylinders.net\/fi\/wp-json\/wp\/v2\/types\/product"}],"replies":[{"embeddable":true,"href":"https:\/\/www.hydraulic-cylinders.net\/fi\/wp-json\/wp\/v2\/comments?post=19516"}],"wp:featuredmedia":[{"embeddable":true,"href":"https:\/\/www.hydraulic-cylinders.net\/fi\/wp-json\/wp\/v2\/media\/17869"}],"wp:attachment":[{"href":"https:\/\/www.hydraulic-cylinders.net\/fi\/wp-json\/wp\/v2\/media?parent=19516"}],"wp:term":[{"taxonomy":"product_brand","embeddable":true,"href":"https:\/\/www.hydraulic-cylinders.net\/fi\/wp-json\/wp\/v2\/product_brand?post=19516"},{"taxonomy":"product_cat","embeddable":true,"href":"https:\/\/www.hydraulic-cylinders.net\/fi\/wp-json\/wp\/v2\/product_cat?post=19516"},{"taxonomy":"product_tag","embeddable":true,"href":"https:\/\/www.hydraulic-cylinders.net\/fi\/wp-json\/wp\/v2\/product_tag?post=19516"}],"curies":[{"name":"wp","href":"https:\/\/api.w.org\/{rel}","templated":true}]}}