{"id":19520,"date":"2025-04-07T06:52:01","date_gmt":"2025-04-07T06:52:01","guid":{"rendered":"https:\/\/www.hydraulic-cylinders.net\/product\/boom-cylinder-for-carter-ct70-8g\/"},"modified":"2025-04-07T06:52:03","modified_gmt":"2025-04-07T06:52:03","slug":"boom-cylinder-for-carter-ct70-8g","status":"publish","type":"product","link":"https:\/\/www.hydraulic-cylinders.net\/fi\/tuote\/boom-cylinder-for-carter-ct70-8g\/","title":{"rendered":"Puomin sylinteri Carter CT70-8G:lle"},"content":{"rendered":"<h1>Puomin sylinteri Carter CT70-8G:lle<\/h1>\n<h2>Kauhan sylinterin ymm\u00e4rt\u00e4minen<\/h2>\n<p>Carter CT70-8G:n puomisylinteri on erikoishydraulinen sylinteri, joka on suunniteltu ohjaamaan raskaiden koneiden, kuten kaivinkoneiden, kaivurikuormaajien ja etukuormaajien, kauhojen liikkeit\u00e4. T\u00e4m\u00e4 hydraulinen komponentti mahdollistaa kauhan nostamisen, laskemisen ja kallistumisen, mik\u00e4 helpottaa materiaalien tehokasta k\u00e4sittely\u00e4. Kauhasylinterill\u00e4 on ratkaiseva rooli hydraulij\u00e4rjestelmiss\u00e4, sill\u00e4 se hy\u00f6dynt\u00e4\u00e4 paineistettua nestett\u00e4 tarkan ohjauksen ja tehokkaiden liikkeiden aikaansaamiseksi erilaisissa rakennus- ja maatalousteht\u00e4viss\u00e4.<\/p>\n<p><img decoding=\"async\" src=\"https:\/\/www.hydraulic-cylinders.net\/wp-content\/uploads\/2025\/04\/songte-company-1.webp\" alt=\"Puomin sylinterin kuva\"><\/p>\n<h3>T\u00e4rkeimm\u00e4t ominaisuudet<\/h3>\n<ul>\n<li><strong>Korkea lujuus ja kest\u00e4vyys:<\/strong> N\u00e4m\u00e4 erikoislujuuster\u00e4ksest\u00e4 tai alumiinista valmistetut sylinterit kest\u00e4v\u00e4t korkeaa painetta ja raskaita kuormia, sopivat vaativiin ty\u00f6ymp\u00e4rist\u00f6ihin ja varmistavat pitk\u00e4aikaisen kest\u00e4vyyden.<\/li>\n<li><strong>Tehokas hydraulinen k\u00e4ytt\u00f6:<\/strong> Sylinteri hy\u00f6dynt\u00e4\u00e4 hydrauli\u00f6ljyn painetta sujuvaan ulos- ja sis\u00e4\u00e4nvetoon, reagoi nopeasti ohjauskomentoihin ja tarjoaa tehokkaita ty\u00f6nt\u00f6- ja vetovoimia, joita tarvitaan raskaiden ja monimutkaisten teht\u00e4vien k\u00e4sittelyyn.<\/li>\n<li><strong>Erilaisia \u200b\u200btyyppej\u00e4:<\/strong> Saatavilla yksitoimisina (toimii yhteen suuntaan) ja kaksitoimisina (toimii molempiin suuntiin) versioina, mik\u00e4 mahdollistaa r\u00e4\u00e4t\u00e4l\u00f6innin k\u00e4ytt\u00f6tarpeiden mukaan. Jotkin mallit on suunniteltu teleskooppimaiseksi, mik\u00e4 tarjoaa laajemman ulottuvuuden ahtaissa tiloissa.<\/li>\n<\/ul>\n<p>Valmistamme t\u00e4t\u00e4 tuotetta, ja sylinterimme voivat t\u00e4ydellisesti korvata erilaisia \u200b\u200bhydraulisylintereit\u00e4.<\/p>\n<p><img decoding=\"async\" src=\"https:\/\/www.hydraulic-cylinders.net\/wp-content\/uploads\/2025\/04\/songte-cylinder-head-with-all-kinds-excavator-models.webp\" alt=\"Hydraulisylinterin vaihto\"><\/p>\n<h2>Puomisylinterin sovellukset<\/h2>\n<h3>Rakennuslaitteet<\/h3>\n<p>Kaivinkoneissa puomin sylinterit ovat v\u00e4ltt\u00e4m\u00e4tt\u00f6mi\u00e4 kaivamiseen, lastaamiseen ja maan tai roskien siirt\u00e4miseen. Niill\u00e4 on t\u00e4rke\u00e4 rooli sek\u00e4 kaivuut\u00f6iss\u00e4 ett\u00e4 nostoissa kaivurikuormaajissa varmistaen sujuvan toiminnan tehokkuuden.<\/p>\n<h3>Maatalouskoneet<\/h3>\n<p>Etukuormaajissa k\u00e4ytett\u00e4v\u00e4t puomisylinterit ovat ratkaisevan t\u00e4rkeit\u00e4 maaper\u00e4n, hein\u00e4n ja muiden materiaalien kaivamisessa, nostamisessa ja kuljettamisessa. Ne tarjoavat tarvittavan voiman erilaisten maatalousteht\u00e4vien tehokkaaseen hoitamiseen.<\/p>\n<h3>Kaivinkoneet<\/h3>\n<p>Puomin sylinterit mahdollistavat kauhan tunkeutumisen maaper\u00e4\u00e4n kaivamisen aikana, mik\u00e4 mahdollistaa kuljettajien kaivamisen syvemm\u00e4lle ja tehokkaammin, mik\u00e4 on olennaista rakentamisessa ja ty\u00f6maan valmistelussa.<\/p>\n<h3>Kuormaajat<\/h3>\n<p>Etukuormaajissa n\u00e4m\u00e4 sylinterit auttavat kuormien nostamisessa ja tyhjent\u00e4misess\u00e4, optimoivat materiaalink\u00e4sittely\u00e4 ja parantavat tuottavuutta ty\u00f6mailla.<\/p>\n<h2>Suunnittelun\u00e4k\u00f6kohdat ja valintakriteerit<\/h2>\n<h3>Kantavuus<\/h3>\n<p>Puomisylinteri\u00e4 valittaessa on t\u00e4rke\u00e4\u00e4 ottaa huomioon sen kuormituskapasiteetti, joka m\u00e4\u00e4ritt\u00e4\u00e4, kuinka paljon painoa sylinteri kest\u00e4\u00e4 turvallisesti. Oikein mitoitettu sylinteri varmistaa k\u00e4ytt\u00f6turvallisuuden ja tehokkuuden est\u00e4en viat suuren kuormituksen aikana.<\/p>\n<h3>Tiivistys<\/h3>\n<p>Tiivistys on toinen t\u00e4rke\u00e4 n\u00e4k\u00f6kohta, sill\u00e4 korkealaatuiset tiivisteet est\u00e4v\u00e4t nestevuodon ja kontaminaation varmistaen hydraulij\u00e4rjestelm\u00e4n pitk\u00e4ik\u00e4isyyden ja luotettavuuden. Tiivisteiden materiaalivalinnat vaikuttavat suorituskykyyn, erityisesti vaativissa ymp\u00e4rist\u00f6iss\u00e4.<\/p>\n<h3>Kest\u00e4vyys<\/h3>\n<p>Kest\u00e4vyys on olennaista haastavissa olosuhteissa toimiville hydraulisylintereille. Kulumisen ja korroosion kest\u00e4vyys on otettava huomioon, koska n\u00e4m\u00e4 tekij\u00e4t vaikuttavat suoraan sylinterin k\u00e4ytt\u00f6ik\u00e4\u00e4n ja suorituskykyyn.<\/p>\n<h3>Turvallisuus<\/h3>\n<p>Turvaominaisuudet, kuten paineenalennusventtiilit ja kest\u00e4v\u00e4 rakenne, ovat elint\u00e4rkeit\u00e4 onnettomuuksien ja vammojen ehk\u00e4isemiseksi k\u00e4yt\u00f6n aikana. N\u00e4iden ominaisuuksien sis\u00e4llytt\u00e4minen ja toimivuus on v\u00e4ltt\u00e4m\u00e4t\u00f6nt\u00e4 kaikissa hydraulij\u00e4rjestelmiss\u00e4.<\/p>\n<h3>Huolto<\/h3>\n<p>Helppo huolto on toinen kriittinen tekij\u00e4. Sylinterien valitseminen, jotka mahdollistavat yksinkertaisen tarkastuksen, voitelun ja osien vaihdon, v\u00e4hent\u00e4\u00e4 seisokkiaikoja ja huoltokustannuksia, mik\u00e4 lis\u00e4\u00e4 kokonaistuottavuutta.<\/p>\n<p><img decoding=\"async\" src=\"https:\/\/www.hydraulic-cylinders.net\/wp-content\/uploads\/2025\/04\/songte-oil-pipes-and-spare-parts.webp\" alt=\"\u00d6ljyputket ja varaosat\"><\/p>\n<h2>Tiivistys ja voitelu<\/h2>\n<p>Asianmukainen tiivistys ja voitelu ovat v\u00e4ltt\u00e4m\u00e4tt\u00f6mi\u00e4 hydraulisylinterien pitk\u00e4ik\u00e4isyyden ja tehokkuuden kannalta. Nesteen eheyden yll\u00e4pit\u00e4miseksi k\u00e4ytet\u00e4\u00e4n erilaisia \u200b\u200btiivisteit\u00e4, kuten m\u00e4nn\u00e4ntiivisteit\u00e4 ja varren tiivisteit\u00e4. Kest\u00e4vist\u00e4 materiaaleista, kuten polyuretaanista ja nitriilikumista, valmistetut tiivisteet parantavat kulutuskest\u00e4vyytt\u00e4. Lis\u00e4ksi sylinterin runko ja kierteitetyt p\u00e4\u00e4t k\u00e4sitell\u00e4\u00e4n huolellisesti kulutuskest\u00e4vyyden parantamiseksi. S\u00e4\u00e4nn\u00f6llinen voitelu hydrauli\u00f6ljyll\u00e4 on v\u00e4ltt\u00e4m\u00e4t\u00f6nt\u00e4 sujuvan toiminnan varmistamiseksi ja kulumisen est\u00e4miseksi.<\/p>\n<h2>Ennaltaehk\u00e4isev\u00e4t huoltotoimenpiteet<\/h2>\n<ul>\n<li>Tarkista s\u00e4\u00e4nn\u00f6llisesti hydrauliikkaletkut ja -liit\u00e4nn\u00e4t vuotojen varalta.<\/li>\n<li>Varmista, ett\u00e4 tiivisteet ovat hyv\u00e4ss\u00e4 kunnossa ja vaihda ne tarvittaessa.<\/li>\n<li>Tarkkaile hydraulinesteen m\u00e4\u00e4r\u00e4\u00e4 ja laatua; lis\u00e4\u00e4 tai vaihda tarvittaessa.<\/li>\n<\/ul>\n<h2>Asennusohjeet<\/h2>\n<p>Puomisylinterin asentaminen vaatii tarkkuutta optimaalisen suorituskyvyn varmistamiseksi. Varmista ensin, ett\u00e4 ty\u00f6tila on vapaa ja tarvittavat ty\u00f6kalut ovat saatavilla. Kohdista sylinteri kiinnityskiinnikkeisiin ja varmista, ett\u00e4 kaikki pultit ja liittimet ovat oikein paikoillaan. Kiinnit\u00e4 sylinteri tukevasti oikeilla kiinnikkeill\u00e4. Asennuksen j\u00e4lkeen tarkista kohdistus ja toimivuus ennen laitteen k\u00e4ynnist\u00e4mist\u00e4. S\u00e4\u00e4nn\u00f6lliset tarkastukset asennuksen j\u00e4lkeen auttavat tunnistamaan mahdolliset ongelmat varhaisessa vaiheessa.<\/p>\n<h2>Yleiset huoltoteht\u00e4v\u00e4t<\/h2>\n<h3>S\u00e4\u00e4nn\u00f6lliset tarkastukset<\/h3>\n<p>S\u00e4\u00e4nn\u00f6llisten tarkastusten suorittaminen on elint\u00e4rke\u00e4\u00e4 mahdollisten ongelmien tunnistamiseksi ennen niiden pahenemista. Tarkista mahdolliset kulumisen, vuotojen tai vaurioiden merkit, jotka voisivat heikent\u00e4\u00e4 toimintaa. N\u00e4iden tarkastusten aikataulun pit\u00e4minen voi johtaa ennakoivaan huoltoon ja minimoida odottamattomat seisokkiajat.<\/p>\n<h3>Asianmukainen voitelu<\/h3>\n<p>Oikea voitelu on ratkaisevan t\u00e4rke\u00e4\u00e4 hydraulisylinterin sujuvan toiminnan varmistamiseksi. Varmista, ett\u00e4 hydrauli\u00f6ljyn m\u00e4\u00e4r\u00e4 on suositellulla tasolla ja levit\u00e4 sit\u00e4 tasaisesti v\u00e4ltt\u00e4\u00e4ksesi kitkan ja kulumisen liikkuvien osien v\u00e4lill\u00e4. S\u00e4\u00e4nn\u00f6llisen voitelurutiinin toteuttaminen pident\u00e4\u00e4 sylinterin k\u00e4ytt\u00f6ik\u00e4\u00e4.<\/p>\n<h3>Tiivisteen vaihto<\/h3>\n<p>Tiivisteiden vaihto on kriittisen t\u00e4rke\u00e4\u00e4 j\u00e4rjestelm\u00e4n eheyden yll\u00e4pit\u00e4miseksi. Tiivisteiden kuluminen ajan my\u00f6t\u00e4 voi johtaa vuotoihin ja suorituskyvyn heikkenemiseen. S\u00e4\u00e4nn\u00f6llinen tiivisteiden vaihto auttaa yll\u00e4pit\u00e4m\u00e4\u00e4n optimaalista toimintaa ja est\u00e4m\u00e4\u00e4n hydraulinesteen h\u00e4vikki\u00e4.<\/p>\n<p><img decoding=\"async\" src=\"https:\/\/www.hydraulic-cylinders.net\/wp-content\/uploads\/2025\/04\/songte-chushion-collar.webp\" alt=\"Tyynykauluksen kuva\"><\/p>\n<h2>Turvallisuusn\u00e4k\u00f6kohdat ja ymp\u00e4rist\u00f6tekij\u00e4t<\/h2>\n<p>Turvatoimenpiteet ovat ensiarvoisen t\u00e4rkeit\u00e4 hydrauliikkaj\u00e4rjestelmien kanssa ty\u00f6skennelless\u00e4. Noudata aina valmistajan ohjeita ja k\u00e4yt\u00e4 turvavarusteita onnettomuuksien ehk\u00e4isemiseksi. Lis\u00e4ksi ota huomioon hydrauliikkanesteiden ymp\u00e4rist\u00f6vaikutukset ja k\u00e4yt\u00e4 kierr\u00e4tys- ja h\u00e4vitysmenetelmi\u00e4, jotka minimoivat ymp\u00e4rist\u00f6haitat.<\/p>\n<h2>Yleisten ongelmien vianm\u00e4\u00e4ritys<\/h2>\n<ul>\n<li><strong>Vuoto:<\/strong> Tarkista tiivisteet ja liittimet vaurioiden varalta; vaihda tarvittaessa.<\/li>\n<li><strong>Reagoimaton toiminto:<\/strong> Varmista, ett\u00e4 hydrauliikkanestett\u00e4 on riitt\u00e4v\u00e4sti ja tarkista, onko j\u00e4rjestelm\u00e4ss\u00e4 tukoksia.<\/li>\n<li><strong>Liiallinen melu:<\/strong> Tarkista, onko j\u00e4rjestelm\u00e4ss\u00e4 ilmaa tai kuluneita osia; ilmaa j\u00e4rjestelm\u00e4 ja vaihda vaurioituneet osat tarvittaessa.<\/li>\n<\/ul>\n<h2>Vianm\u00e4\u00e4ritysvinkkej\u00e4<\/h2>\n<p>Tehokas vianm\u00e4\u00e4ritys edellytt\u00e4\u00e4 hydraulij\u00e4rjestelm\u00e4n systemaattisia tarkastuksia. Aloita tunnistamalla mahdolliset ep\u00e4tavalliset oireet ja j\u00e4ljitt\u00e4m\u00e4ll\u00e4 ne mahdollisiin syihin. Toteuta ennaltaehk\u00e4isevi\u00e4 toimenpiteit\u00e4, kuten s\u00e4\u00e4nn\u00f6llist\u00e4 huoltoa ja tarkastuksia, yleisten ongelmien lievent\u00e4miseksi ja varmista pitk\u00e4n aikav\u00e4lin luotettavuus ja tehokkuus.<\/p>\n<p><img decoding=\"async\" src=\"https:\/\/www.hydraulic-cylinders.net\/wp-content\/uploads\/2025\/04\/songte-bushings-with-all-kinds-of-excavator-models.webp\" alt=\"Holkit Kuva\"><\/p>\n<h2>Tietoa yrityksest\u00e4mme<\/h2>\n<p>Olemme johtava hydraulisten sylinterien vaihto-osien valmistaja, joka tarjoaa kattavan valikoiman tuotteita kotimaisilla ja kansainv\u00e4lisill\u00e4 markkinoilla. Sitoutumisemme huippuosaamiseen n\u00e4kyy hienostuneissa valmistusstrategioissamme sek\u00e4 edistyneiden digitaalisten valmistuslaitteiden ja ammattimaisten testausj\u00e4rjestelmien k\u00e4yt\u00f6ss\u00e4. Keskittyen vahvasti laatuun, tuotteemme on suunniteltu vastaamaan tehokkaasti monipuolisiin asiakastarpeisiin.<\/p>\n<h3>Asiantuntemus<\/h3>\n<p>Tiimimme asiantuntemus hydraulisylintereiden suunnittelussa ja valmistuksessa varmistaa korkeat standardit ja suorituskyvyn luotettavuuden.<\/p>\n<h3>Kansainv\u00e4liset sertifikaatit<\/h3>\n<p>Noudatamme kansainv\u00e4lisi\u00e4 standardeja varmistaaksemme, ett\u00e4 tuotteemme t\u00e4ytt\u00e4v\u00e4t tiukat laatu- ja turvallisuusvaatimukset.<\/p>\n<h3>Mukautetut palvelut<\/h3>\n<p>Tarjoamme r\u00e4\u00e4t\u00e4l\u00f6ityj\u00e4 ratkaisuja, jotka on r\u00e4\u00e4t\u00e4l\u00f6ity vastaamaan asiakkaiden erityisvaatimuksia, mik\u00e4 parantaa sovellusten joustavuutta.<\/p>\n<h3>Edistyneet tuotantolaitteet<\/h3>\n<p>Huippumodernit tuotantolaitoksemme mahdollistavat tarkan tuotannon ja laadunvarmistuksen.<\/p>\n<h3>Myynnin j\u00e4lkeinen tuki<\/h3>\n<p>Tarjoamme kattavaa myynnin j\u00e4lkeist\u00e4 tukea varmistaaksemme asiakastyytyv\u00e4isyyden ja tuotteiden luotettavuuden.<\/p>\n<p><img decoding=\"async\" src=\"https:\/\/www.hydraulic-cylinders.net\/wp-content\/uploads\/2025\/04\/songte-company-4.webp\" alt=\"Yrityksen imago\"><br \/>\n<img decoding=\"async\" src=\"https:\/\/www.hydraulic-cylinders.net\/wp-content\/uploads\/2025\/04\/songte-company-3.webp\" alt=\"Yrityksen imago\"><\/p>\n<p>Tekij\u00e4 lyl<\/p>","protected":false},"excerpt":{"rendered":"<p>Boom Cylinder For Carter CT70-8G Understanding the Bucket Cylinder The Boom Cylinder for Carter CT70-8G is a specialized hydraulic cylinder designed to control the movement of buckets in heavy machinery such as excavators, backhoe loaders, and front loaders. This hydraulic component allows the bucket to lift, lower, and tilt, facilitating the efficient handling of materials. [&hellip;]<\/p>","protected":false},"featured_media":17873,"comment_status":"open","ping_status":"closed","template":"","meta":{"_et_pb_use_builder":"","_et_pb_old_content":"","_et_gb_content_width":""},"product_brand":[],"product_cat":[1546],"product_tag":[1547,1496],"class_list":{"0":"post-19520","1":"product","2":"type-product","3":"status-publish","4":"has-post-thumbnail","6":"product_cat-boom-cylinders","7":"product_tag-boom-cylinders","8":"product_tag-hydraulic-cylinders","10":"first","11":"instock","12":"shipping-taxable","13":"product-type-simple"},"amp_enabled":true,"_links":{"self":[{"href":"https:\/\/www.hydraulic-cylinders.net\/fi\/wp-json\/wp\/v2\/product\/19520","targetHints":{"allow":["GET"]}}],"collection":[{"href":"https:\/\/www.hydraulic-cylinders.net\/fi\/wp-json\/wp\/v2\/product"}],"about":[{"href":"https:\/\/www.hydraulic-cylinders.net\/fi\/wp-json\/wp\/v2\/types\/product"}],"replies":[{"embeddable":true,"href":"https:\/\/www.hydraulic-cylinders.net\/fi\/wp-json\/wp\/v2\/comments?post=19520"}],"wp:featuredmedia":[{"embeddable":true,"href":"https:\/\/www.hydraulic-cylinders.net\/fi\/wp-json\/wp\/v2\/media\/17873"}],"wp:attachment":[{"href":"https:\/\/www.hydraulic-cylinders.net\/fi\/wp-json\/wp\/v2\/media?parent=19520"}],"wp:term":[{"taxonomy":"product_brand","embeddable":true,"href":"https:\/\/www.hydraulic-cylinders.net\/fi\/wp-json\/wp\/v2\/product_brand?post=19520"},{"taxonomy":"product_cat","embeddable":true,"href":"https:\/\/www.hydraulic-cylinders.net\/fi\/wp-json\/wp\/v2\/product_cat?post=19520"},{"taxonomy":"product_tag","embeddable":true,"href":"https:\/\/www.hydraulic-cylinders.net\/fi\/wp-json\/wp\/v2\/product_tag?post=19520"}],"curies":[{"name":"wp","href":"https:\/\/api.w.org\/{rel}","templated":true}]}}