{"id":19523,"date":"2025-04-07T06:52:28","date_gmt":"2025-04-07T06:52:28","guid":{"rendered":"https:\/\/www.hydraulic-cylinders.net\/product\/boom-cylinder-for-carter-ct330-8c\/"},"modified":"2025-04-07T06:52:37","modified_gmt":"2025-04-07T06:52:37","slug":"boom-cylinder-for-carter-ct330-8c","status":"publish","type":"product","link":"https:\/\/www.hydraulic-cylinders.net\/fi\/tuote\/boom-cylinder-for-carter-ct330-8c\/","title":{"rendered":"Puomin sylinteri Carter CT330-8C:lle"},"content":{"rendered":"<h1>Puomin sylinteri Carter CT330-8C:lle<\/h1>\n<h2>Puomin sylinterin esittely<\/h2>\n<p>Carter CT330-8C:n puomin sylinteri on erikoishydraulinen sylinteri, joka on suunniteltu ohjaamaan kauhan liikett\u00e4 erilaisissa raskaissa koneissa, kuten kaivinkoneissa, traktorikaivureissa ja etukuormaajissa. T\u00e4m\u00e4 hydraulinen komponentti on ratkaisevan t\u00e4rke\u00e4 toiminnoissa, joihin liittyy kauhan nostamista, laskemista ja kallistamista, mik\u00e4 helpottaa tehokasta materiaalink\u00e4sittely\u00e4.<\/p>\n<p>Hydraulisylintereill\u00e4, mukaan lukien puomisylinterit, on keskeinen rooli hydraulij\u00e4rjestelmiss\u00e4. Ne muuntavat hydraulisen energian mekaaniseksi energiaksi, mik\u00e4 mahdollistaa raskaiden laitteiden tarvitsemat sujuvat ja hallitut liikkeet. Puomisylinteri on erityisen t\u00e4rke\u00e4 rakennus- ja maatalousteollisuudessa, joissa vaaditaan raskaita nostoja ja tarkkaa liikett\u00e4.<\/p>\n<p><img decoding=\"async\" src=\"https:\/\/www.hydraulic-cylinders.net\/wp-content\/uploads\/2025\/04\/songte-company-1.webp\" alt=\"Puomin sylinteri\"><\/p>\n<h2>Puomin sylinterin ominaisuudet<\/h2>\n<ul>\n<li><strong>Korkea lujuus ja kest\u00e4vyys:<\/strong> N\u00e4m\u00e4 sylinterit on tyypillisesti valmistettu lujasta ter\u00e4ksest\u00e4 tai alumiinista, ja ne kest\u00e4v\u00e4t korkeaa painetta ja raskaita kuormia samalla kun ne sopeutuvat vaativiin ty\u00f6ymp\u00e4rist\u00f6ihin. Ne on suunniteltu kulutus- ja korroosionkest\u00e4vyys mieless\u00e4 pit\u00e4en niiden k\u00e4ytt\u00f6i\u00e4n pident\u00e4miseksi.<\/li>\n<li><strong>Tehokas hydraulinen k\u00e4ytt\u00f6:<\/strong> Hydrauli\u00f6ljyn painetta hy\u00f6dynt\u00e4v\u00e4 puomin sylinteri tarjoaa tasaisen pidennys- ja sis\u00e4\u00e4nvetovoiman, mik\u00e4 mahdollistaa nopean reagoinnin ohjauskomentoihin ja tuottaa tehokkaita ty\u00f6nt\u00f6- ja vetovoimia, jotka sopivat raskaiden materiaalien k\u00e4sittelyyn ja monimutkaisiin teht\u00e4viin.<\/li>\n<li><strong>Erilaisia \u200b\u200btyyppej\u00e4:<\/strong> Asiakkaat voivat valita yksitoimisen (hydraulinen toiminta yhteen suuntaan) tai kaksitoimisen (hydraulinen toiminta molempiin suuntiin) sylinterin erilaisten k\u00e4ytt\u00f6tarpeiden mukaan. Tietyt mallit ovat teleskooppisia, mik\u00e4 mahdollistaa suuremman jatkeen ilman ulkomittojen kasvua, mik\u00e4 sopii erinomaisesti ahtaisiin sovelluksiin.<\/li>\n<li><strong>Mukautettavat ratkaisut:<\/strong> Valmistamme t\u00e4m\u00e4n tuotteen korvaamaan t\u00e4ydellisesti olemassa olevat hydraulisylinterit varmistaen yhteensopivuuden ja suorituskyvyn.<\/li>\n<li><strong>Kest\u00e4v\u00e4 muotoilu:<\/strong> Edistyksellisi\u00e4 suunnittelutekniikoita hy\u00f6dynt\u00e4v\u00e4 puomin sylinteri on rakennettu kest\u00e4m\u00e4\u00e4n ja tarjoamaan luotettavuutta vaativissa tilanteissa.<\/li>\n<\/ul>\n<p><img decoding=\"async\" src=\"https:\/\/www.hydraulic-cylinders.net\/wp-content\/uploads\/2025\/04\/songte-cylinder-head-with-all-kinds-excavator-models.webp\" alt=\"Carter CT330-8C puomin sylinteri\"><\/p>\n<h2>Puomisylinterin sovellukset<\/h2>\n<h3>Rakennuslaitteet<\/h3>\n<p>Rakennuskoneissa puomisylinterit ovat olennainen osa kaivinkoneita, joissa ne helpottavat kaivamista, lastaamista ja maan tai roskien siirt\u00e4mist\u00e4. Kaivurikuormaajissa kauhan sylinteri auttaa sek\u00e4 kaivu- ett\u00e4 nostoteht\u00e4viss\u00e4, mik\u00e4 tekee siit\u00e4 v\u00e4ltt\u00e4m\u00e4tt\u00f6m\u00e4n rakennusprojekteissa.<\/p>\n<h3>Maatalouskoneet<\/h3>\n<p>Etukuormaajissa puomin sylinterit ovat v\u00e4ltt\u00e4m\u00e4tt\u00f6mi\u00e4 maaper\u00e4n, hein\u00e4n ja muiden materiaalien kaivamiseen, nostamiseen ja kuljettamiseen. Niiden luotettavuus varmistaa, ett\u00e4 maatalousty\u00f6t suoritetaan tehokkaasti ja parantaa maatilojen tuottavuutta.<\/p>\n<h3>Kaivinkoneet<\/h3>\n<p>Kaivinkoneissa puomin sylinteri mahdollistaa kauhan tunkeutumisen maaper\u00e4\u00e4n, mik\u00e4 helpottaa tehokasta kaivua. Sen tarkka ohjaus mahdollistaa kuljettajien suorittaa yksityiskohtaisia \u200b\u200bkaivut\u00f6it\u00e4, mik\u00e4 on ratkaisevan t\u00e4rke\u00e4\u00e4 ty\u00f6maan valmistelussa ja maisemoinnissa.<\/p>\n<h3>Kuormaajat<\/h3>\n<p>Etukuormaajissa puomisylinterit auttavat tehokkaasti materiaalien nostamisessa ja tyhjent\u00e4misess\u00e4. Niiden vankka suorituskyky varmistaa, ett\u00e4 raskaita kuormia voidaan k\u00e4sitell\u00e4 helposti ja tarkasti, mik\u00e4 lyhent\u00e4\u00e4 k\u00e4ytt\u00f6aikaa ja lis\u00e4\u00e4 tehokkuutta.<\/p>\n<h2>Suunnittelun\u00e4k\u00f6kohdat ja valintakriteerit<\/h2>\n<h3>Kantavuus<\/h3>\n<p>Kantavuus on ratkaiseva tekij\u00e4 puomisylinterin valinnassa. Jokaisen sylinterin on kyett\u00e4v\u00e4 k\u00e4sittelem\u00e4\u00e4n sen nostama tai siirt\u00e4m\u00e4 paino. Koneen teknisiin tietoihin ja k\u00e4ytt\u00f6vaatimuksiin perustuvat asianmukaiset laskelmat varmistavat turvallisuuden ja tehokkuuden.<\/p>\n<h3>Tiivistysmekanismit<\/h3>\n<p>Tehokkaat tiivistysmekanismit ovat v\u00e4ltt\u00e4m\u00e4tt\u00f6mi\u00e4 hydraulinesteen vuotojen est\u00e4miseksi ja paineen yll\u00e4pit\u00e4miseksi. Korkealaatuiset tiivisteet, jotka kest\u00e4v\u00e4t \u00e4\u00e4rimm\u00e4isi\u00e4 l\u00e4mp\u00f6tiloja ja paineita, pident\u00e4v\u00e4t sylinterin k\u00e4ytt\u00f6ik\u00e4\u00e4 ja varmistavat optimaalisen suorituskyvyn.<\/p>\n<h3>Kest\u00e4vyys<\/h3>\n<p>Kest\u00e4vyys on ensiarvoisen t\u00e4rke\u00e4\u00e4 puomisylintereiden suunnittelussa. Ne on valmistettava materiaaleista, jotka kest\u00e4v\u00e4t kulumista, korroosiota ja v\u00e4symist\u00e4 ajan my\u00f6t\u00e4, varmistaen, ett\u00e4 ne pysyv\u00e4t toimintakunnossa ankarissa olosuhteissa ja raskaassa k\u00e4yt\u00f6ss\u00e4.<\/p>\n<h3>Turvaominaisuudet<\/h3>\n<p>Turvallisuus on keskeinen n\u00e4k\u00f6kohta hydraulisylinterien suunnittelussa. Ominaisuudet, kuten ylikuormitussuoja ja varoventtiilit, auttavat ehk\u00e4isem\u00e4\u00e4n onnettomuuksia ja laitteiden vikoja suojaten sek\u00e4 k\u00e4ytt\u00e4ji\u00e4 ett\u00e4 koneita k\u00e4yt\u00f6n aikana.<\/p>\n<h3>Yll\u00e4pidett\u00e4vyys<\/h3>\n<p>Valitse malleja, jotka mahdollistavat helpon huollon ja korjaukset. Kriittisten komponenttien helppo p\u00e4\u00e4sy tarkastusta, tiivisteiden vaihtoa ja voitelua varten varmistaa sylinterin pitk\u00e4n k\u00e4ytt\u00f6i\u00e4n ja luotettavuuden.<\/p>\n<p><img decoding=\"async\" src=\"https:\/\/www.hydraulic-cylinders.net\/wp-content\/uploads\/2025\/04\/songte-oil-pipes-and-spare-parts.webp\" alt=\"Hydraulisylinterin komponentit\"><\/p>\n<h2>Tiivistys ja voitelu<\/h2>\n<p>Puomisylinterin tehokkuus riippuu suuresti sen tiivistys- ja voiteluj\u00e4rjestelmist\u00e4. Erilaiset tiivisteet, kuten m\u00e4nn\u00e4ntiivisteet ja varren tiivisteet, ovat ratkaisevan t\u00e4rkeit\u00e4 hydraulisen paineen yll\u00e4pit\u00e4miseksi ja nestevuotojen est\u00e4miseksi. N\u00e4m\u00e4 tiivisteet on tyypillisesti valmistettu kest\u00e4vist\u00e4 materiaaleista, kuten polyuretaanista ja nitriilikumista, jotka tarjoavat erinomaisen kulutuskest\u00e4vyyden.<\/p>\n<p>Sylinterin runko ja kierteitetyt p\u00e4\u00e4typinnat viimeistell\u00e4\u00e4n huolellisesti kest\u00e4vyyden ja kulutuskest\u00e4vyyden parantamiseksi. S\u00e4\u00e4nn\u00f6llinen voitelu hydrauliikka\u00f6ljyll\u00e4 on v\u00e4ltt\u00e4m\u00e4t\u00f6nt\u00e4 kitkan ja kulumisen v\u00e4hent\u00e4miseksi, mik\u00e4 varmistaa sujuvan toiminnan ja sylinterin k\u00e4ytt\u00f6i\u00e4n pident\u00e4misen.<\/p>\n<h2>S\u00e4\u00e4nn\u00f6llinen tarkastus ja ennaltaehk\u00e4isev\u00e4 huolto<\/h2>\n<ul>\n<li><strong>S\u00e4\u00e4nn\u00f6lliset tarkastukset:<\/strong> Puomisylinterin s\u00e4\u00e4nn\u00f6lliset tarkastukset kulumisen, vuotojen ja vaurioiden varalta ovat ratkaisevan t\u00e4rkeit\u00e4 toiminnan eheyden yll\u00e4pit\u00e4miseksi. Tarkista tiivisteet, letkut ja liit\u00e4nn\u00e4t ja vaihda kaikki kuluneet osat viipym\u00e4tt\u00e4.<\/li>\n<li><strong>Oikea voitelu:<\/strong> Varmista, ett\u00e4 hydraulinesteen taso on oikea ja ett\u00e4 voiteluaine on k\u00e4ytetty valmistajan ohjeiden mukaisesti liiallisen kulumisen ja ylikuumenemisen est\u00e4miseksi.<\/li>\n<li><strong>Tiivisteen vaihto:<\/strong> Tiivisteiden s\u00e4\u00e4nn\u00f6llinen vaihto voi est\u00e4\u00e4 vuotoja ja varmistaa sylinterin tehokkaan toiminnan. Aikatauluta vaihto k\u00e4ytt\u00f6tiheyden ja ymp\u00e4rist\u00f6olosuhteiden mukaan.<\/li>\n<\/ul>\n<h2>Asennusohjeet<\/h2>\n<p>Puomisylinterin oikea asennus on v\u00e4ltt\u00e4m\u00e4t\u00f6nt\u00e4 sen optimaalisen toiminnan kannalta. Aloita varmistamalla, ett\u00e4 kiinnityspinnat ovat puhtaat ja roskattomat. K\u00e4yt\u00e4 sopivia kohdistusty\u00f6kaluja sylinterin oikeaan kohdistukseen, jotta v\u00e4ltet\u00e4\u00e4n sylinterin ja siihen liitettyjen osien tarpeeton rasitus ja kuluminen. Kiinnit\u00e4 sylinteri sopivilla kiinnityskiinnikkeill\u00e4 ja varmista, ett\u00e4 se on tukevasti paikallaan. Asennuksen aikana tarkista hydrauliikkaliit\u00e4nn\u00e4t vuotojen varalta ja testaa j\u00e4rjestelm\u00e4 valvotuissa olosuhteissa ennen t\u00e4ytt\u00e4 k\u00e4ytt\u00f6\u00e4.<\/p>\n<h2>Yleiset huoltoteht\u00e4v\u00e4t<\/h2>\n<h3>M\u00e4\u00e4r\u00e4aikaistarkastukset<\/h3>\n<p>Puomisylinterin s\u00e4\u00e4nn\u00f6lliset tarkastukset ovat elint\u00e4rkeit\u00e4 mahdollisten ongelmien tunnistamiseksi ennen niiden pahenemista. Tarkista vuodot, ep\u00e4tavalliset \u00e4\u00e4net ja kulumisen merkit rutiinitarkastusten aikana. T\u00e4m\u00e4 ennakoiva l\u00e4hestymistapa varmistaa, ett\u00e4 sylinteri pysyy toimintakuntoisena ja turvallisena.<\/p>\n<h3>Asianmukainen voitelu<\/h3>\n<p>Oikean voitelun yll\u00e4pit\u00e4minen on ratkaisevan t\u00e4rke\u00e4\u00e4 puomin sylinterin sujuvan toiminnan kannalta. K\u00e4yt\u00e4 korkealaatuista hydrauli\u00f6ljy\u00e4 ja varmista, ett\u00e4 se on t\u00e4ytetty valmistajan suosittelemaan tasoon. Tarkista hydrauli\u00f6ljy s\u00e4\u00e4nn\u00f6llisesti ep\u00e4puhtauksien tai heikkenemisen varalta ja vaihda se tarvittaessa.<\/p>\n<h3>Tiivisteiden vaihto ja kalibrointitarkastukset<\/h3>\n<p>Vaihda tiivisteet s\u00e4\u00e4nn\u00f6llisesti vuotojen est\u00e4miseksi ja hydraulisen eheyden yll\u00e4pit\u00e4miseksi. Kalibrointitarkastukset varmistavat, ett\u00e4 puomin sylinteri toimii m\u00e4\u00e4ritettyjen parametrien mukaisesti. Suositeltujen menettelyjen ja aikataulujen noudattaminen n\u00e4iss\u00e4 teht\u00e4viss\u00e4 parantaa merkitt\u00e4v\u00e4sti sylinterin k\u00e4ytt\u00f6ik\u00e4\u00e4 ja suorituskyky\u00e4.<\/p>\n<p><img decoding=\"async\" src=\"https:\/\/www.hydraulic-cylinders.net\/wp-content\/uploads\/2025\/04\/songte-chushion-collar.webp\" alt=\"Puomin sylinterin pehmustekaulus\"><\/p>\n<h2>Turvallisuusn\u00e4k\u00f6kohdat ja ymp\u00e4rist\u00f6tekij\u00e4t<\/h2>\n<p>Hydraulisylintereit\u00e4 k\u00e4ytett\u00e4ess\u00e4 turvatoimenpiteet ovat ensiarvoisen t\u00e4rkeit\u00e4. K\u00e4ytt\u00e4j\u00e4t tulee kouluttaa tunnistamaan hydraulij\u00e4rjestelmiin liittyv\u00e4t vaarat, mukaan lukien korkeapainenestevuodot ja mahdolliset laitevauriot. Turvallisuusprotokollien toteuttaminen ja s\u00e4\u00e4nn\u00f6llinen koulutus voivat v\u00e4hent\u00e4\u00e4 huomattavasti puomisylintereiden k\u00e4ytt\u00f6\u00f6n liittyvi\u00e4 riskej\u00e4.<\/p>\n<h2>Vianm\u00e4\u00e4ritys ja yleiset ongelmat<\/h2>\n<ul>\n<li><strong>Vuoto:<\/strong> Hydrauli\u00f6ljyn vuodot voivat viitata kuluneisiin tiivisteisiin tai liitoksiin. Tee perusteellinen tarkastus ja vaihda kuluneet osat v\u00e4litt\u00f6m\u00e4sti lis\u00e4vaurioiden est\u00e4miseksi.<\/li>\n<li><strong>Reagoimaton toiminto:<\/strong> Jos puomin sylinteri ei reagoi, tarkista hydraulinesteen tasot ja varmista, ett\u00e4 j\u00e4rjestelm\u00e4 on ilmaton. Ilmaa j\u00e4rjestelm\u00e4 tarvittaessa.<\/li>\n<li><strong>Ep\u00e4tasainen liike:<\/strong> Ep\u00e4tasainen pidentyminen tai vet\u00e4ytyminen voi johtua tukoksista tai toimimattomista tiivisteist\u00e4. Tarkista tukokset ja vaihda vialliset tiivisteet viipym\u00e4tt\u00e4.<\/li>\n<\/ul>\n<h2>Vianm\u00e4\u00e4ritysvinkkej\u00e4<\/h2>\n<p>Puomisylinterin ongelmien diagnosoinnissa on t\u00e4rke\u00e4\u00e4 noudattaa systemaattista l\u00e4hestymistapaa. Aloita tarkistamalla yleisi\u00e4 ongelmia, kuten nestevuotoja tai paineh\u00e4vi\u00f6it\u00e4. S\u00e4\u00e4nn\u00f6llinen huolto ja tarkastukset voivat auttaa tunnistamaan mahdolliset ongelmat varhaisessa vaiheessa, mik\u00e4 v\u00e4hent\u00e4\u00e4 vakavien ongelmien riski\u00e4. Toteuta ennaltaehk\u00e4isevi\u00e4 toimenpiteit\u00e4, kuten s\u00e4\u00e4nn\u00f6llisi\u00e4 voitelu- ja tiivistetarkistuksia, vikojen esiintymisen minimoimiseksi.<\/p>\n<p><img decoding=\"async\" src=\"https:\/\/www.hydraulic-cylinders.net\/wp-content\/uploads\/2025\/04\/songte-bushings-with-all-kinds-of-excavator-models.webp\" alt=\"Kaivinkonemallien holkit\"><\/p>\n<h2>Tietoa yrityksest\u00e4mme<\/h2>\n<p>Olemme johtava hydraulisten sylinterien vaihto-osien valmistaja. Tarjoamme kattavan valikoiman tuotteita, jotka ovat asettaneet meid\u00e4t yhdeksi johtavista hydraulisten sylinterien valmistajista ja tukkumyyjist\u00e4 kotimaisilla ja kansainv\u00e4lisill\u00e4 markkinoilla. Sitoutumisemme huippulaatuun tukee hienostunut valmistuksenohjausstrategia, joka korostaa tarkkuutta ja tehokkuutta.<\/p>\n<p>Hy\u00f6dynn\u00e4mme edistyneit\u00e4 valmistusteknologioita, ammattitaitoista teknist\u00e4 henkil\u00f6st\u00f6\u00e4 ja tiukkoja testausj\u00e4rjestelmi\u00e4 parantaaksemme tuotantokapasiteettiamme. Vahvan innovaatiokykymme ansiosta pystymme vastaamaan tehokkaasti monipuolisiin asiakastarpeisiin. Keskittym\u00e4ll\u00e4 korkeaan tehokkuuteen, tarkkuuteen ja laatuun varmistamme, ett\u00e4 tuotteemme t\u00e4ytt\u00e4v\u00e4t alan korkeimmat standardit.<\/p>\n<p>Palveluihimme kuuluvat my\u00f6s r\u00e4\u00e4t\u00e4l\u00f6idyt ratkaisut, jotka on r\u00e4\u00e4t\u00e4l\u00f6ity tiettyihin vaatimuksiin. Tarjoamme ammattimaista j\u00e4lkimarkkinointitukea varmistaaksemme, ett\u00e4 asiakkaamme ovat tyytyv\u00e4isi\u00e4 hydraulij\u00e4rjestelmiins\u00e4.<\/p>\n<p><img decoding=\"async\" src=\"https:\/\/www.hydraulic-cylinders.net\/wp-content\/uploads\/2025\/04\/songte-company-4.webp\" alt=\"Yrityksemme yleiskatsaus\"><br \/>\n<img decoding=\"async\" src=\"https:\/\/www.hydraulic-cylinders.net\/wp-content\/uploads\/2025\/04\/songte-company-3.webp\" alt=\"Yrityksen tuotantolaitos\"><\/p>\n<p>Kirjoittaja: lyl<\/p>","protected":false},"excerpt":{"rendered":"<p>Boom Cylinder For Carter CT330-8C Introduction to the Boom Cylinder The Boom Cylinder for Carter CT330-8C is a specialized hydraulic cylinder designed to control the movement of the bucket on various heavy machinery such as excavators, backhoes, and front loaders. This hydraulic component is crucial for operations that involve lifting, lowering, and tilting the bucket, [&hellip;]<\/p>","protected":false},"featured_media":17876,"comment_status":"open","ping_status":"closed","template":"","meta":{"_et_pb_use_builder":"","_et_pb_old_content":"","_et_gb_content_width":""},"product_brand":[],"product_cat":[1546],"product_tag":[1547,1496],"class_list":{"0":"post-19523","1":"product","2":"type-product","3":"status-publish","4":"has-post-thumbnail","6":"product_cat-boom-cylinders","7":"product_tag-boom-cylinders","8":"product_tag-hydraulic-cylinders","10":"first","11":"instock","12":"shipping-taxable","13":"product-type-simple"},"amp_enabled":true,"_links":{"self":[{"href":"https:\/\/www.hydraulic-cylinders.net\/fi\/wp-json\/wp\/v2\/product\/19523","targetHints":{"allow":["GET"]}}],"collection":[{"href":"https:\/\/www.hydraulic-cylinders.net\/fi\/wp-json\/wp\/v2\/product"}],"about":[{"href":"https:\/\/www.hydraulic-cylinders.net\/fi\/wp-json\/wp\/v2\/types\/product"}],"replies":[{"embeddable":true,"href":"https:\/\/www.hydraulic-cylinders.net\/fi\/wp-json\/wp\/v2\/comments?post=19523"}],"wp:featuredmedia":[{"embeddable":true,"href":"https:\/\/www.hydraulic-cylinders.net\/fi\/wp-json\/wp\/v2\/media\/17876"}],"wp:attachment":[{"href":"https:\/\/www.hydraulic-cylinders.net\/fi\/wp-json\/wp\/v2\/media?parent=19523"}],"wp:term":[{"taxonomy":"product_brand","embeddable":true,"href":"https:\/\/www.hydraulic-cylinders.net\/fi\/wp-json\/wp\/v2\/product_brand?post=19523"},{"taxonomy":"product_cat","embeddable":true,"href":"https:\/\/www.hydraulic-cylinders.net\/fi\/wp-json\/wp\/v2\/product_cat?post=19523"},{"taxonomy":"product_tag","embeddable":true,"href":"https:\/\/www.hydraulic-cylinders.net\/fi\/wp-json\/wp\/v2\/product_tag?post=19523"}],"curies":[{"name":"wp","href":"https:\/\/api.w.org\/{rel}","templated":true}]}}