{"id":19527,"date":"2025-04-07T06:52:52","date_gmt":"2025-04-07T06:52:52","guid":{"rendered":"https:\/\/www.hydraulic-cylinders.net\/product\/boom-cylinder-for-kym-ky85\/"},"modified":"2025-04-07T06:52:55","modified_gmt":"2025-04-07T06:52:55","slug":"boom-cylinder-for-kym-ky85","status":"publish","type":"product","link":"https:\/\/www.hydraulic-cylinders.net\/fi\/tuote\/boom-cylinder-for-kym-ky85\/","title":{"rendered":"Puomin sylinteri KYM KY85:lle"},"content":{"rendered":"<h1>Puomin sylinteri KYM KY85:lle<\/h1>\n<h2>Johdatus puomin sylinteriin<\/h2>\n<p>Puomin sylinteri on t\u00e4rke\u00e4 osa hydrauliikkaj\u00e4rjestelmi\u00e4, erityisesti raskaissa koneissa, kuten kaivinkoneissa, traktorikaivureissa ja etukuormaajissa. T\u00e4m\u00e4 hydraulisylinteri on suunniteltu erityisesti kauhan liikkeen ohjaamiseen, ja se mahdollistaa nosto-, lasku- ja kallistustoiminnot, jotka ovat v\u00e4ltt\u00e4m\u00e4tt\u00f6mi\u00e4 tehokkaassa materiaalink\u00e4sittelyss\u00e4. Kauhan sylinterill\u00e4 on keskeinen rooli sen laitteen suorituskyvyn ja tehokkuuden kannalta, jossa sit\u00e4 k\u00e4ytet\u00e4\u00e4n.<\/p>\n<p><img decoding=\"async\" src=\"https:\/\/www.hydraulic-cylinders.net\/wp-content\/uploads\/2025\/04\/songte-company-1.webp\" alt=\"Puomin sylinteri\"><\/p>\n<h3>M\u00e4\u00e4ritelm\u00e4 ja yleiskatsaus<\/h3>\n<p>Puomisylinteri on hydraulinen sylinterityyppi, joka toimii hydraulinesteen avulla mekaanisen voiman tuottamiseen. Sit\u00e4 k\u00e4ytet\u00e4\u00e4n p\u00e4\u00e4asiassa raskaiden koneiden kauhan ohjaamiseen, jolloin k\u00e4ytt\u00e4j\u00e4 voi suorittaa teht\u00e4vi\u00e4, kuten kaivamista, nostamista ja materiaalien kuljettamista. Puomisylinterin rakenne ei ainoastaan \u200b\u200btakaa sujuvaa toimintaa, vaan my\u00f6s maksimoi tehokkuuden erilaisissa sovelluksissa, mik\u00e4 tekee siit\u00e4 v\u00e4ltt\u00e4m\u00e4tt\u00f6m\u00e4n osan nykyaikaisissa rakennus- ja maatalouskoneissa.<\/p>\n<h2>Puomin sylinterin ominaisuudet<\/h2>\n<ul>\n<li><strong>Korkea lujuus ja kest\u00e4vyys:<\/strong> Erikoislujuuster\u00e4ksest\u00e4 tai alumiinista valmistettu puomin sylinteri on rakennettu kest\u00e4m\u00e4\u00e4n korkeaa painetta ja raskaita kuormia, sopii vaativiin ty\u00f6ymp\u00e4rist\u00f6ihin ja on suunniteltu kulumis- ja korroosiosuojatuksi, mik\u00e4 pident\u00e4\u00e4 sen k\u00e4ytt\u00f6ik\u00e4\u00e4.<\/li>\n<li><strong>Tehokas hydraulinen k\u00e4ytt\u00f6:<\/strong> Sylinteri hy\u00f6dynt\u00e4\u00e4 hydrauli\u00f6ljyn painetta sujuvaan ulos- ja sis\u00e4\u00e4nvetoon, mik\u00e4 tarjoaa nopean vasteen ohjauskomentoihin ja tuottaa tehokkaita ty\u00f6nt\u00f6- ja vetovoimia, mik\u00e4 sopii erinomaisesti raskaiden materiaalien k\u00e4sittelyyn ja monimutkaisiin teht\u00e4viin.<\/li>\n<li><strong>Erilaisia \u200b\u200btyyppej\u00e4:<\/strong> Saatavilla yksitoimisina (toimii yhteen suuntaan) ja kaksitoimisina (toimii molempiin suuntiin) sylinterein\u00e4, jotka tarjoavat vaihtoehtoja erilaisiin k\u00e4ytt\u00f6tarpeisiin. Tietyt mallit on suunniteltu teleskooppimaisiksi, mik\u00e4 mahdollistaa suuremman pidennysmittojen kasvun, mik\u00e4 sopii t\u00e4ydellisesti rajoitetun tilan sovelluksiin.<\/li>\n<\/ul>\n<p>Yrityksemme on erikoistunut n\u00e4iden tuotteiden valmistukseen ja tarjoaa t\u00e4ydellisi\u00e4 korvaavia osia erilaisille hydraulisylintereille.<\/p>\n<p><img decoding=\"async\" src=\"https:\/\/www.hydraulic-cylinders.net\/wp-content\/uploads\/2025\/04\/songte-cylinder-head-with-all-kinds-excavator-models.webp\" alt=\"Kaivinkonemallit\"><\/p>\n<h2>Puomisylinterin sovellukset<\/h2>\n<ul>\n<li><strong>Rakennuslaitteet:<\/strong> Kaivinkoneissa puomin sylinterit ovat elint\u00e4rkeit\u00e4 kaivamisessa, lastaamisessa ja maan tai roskien siirt\u00e4misess\u00e4. Ne helpottavat kaivu- ja nostotoimintoja varmistaen, ett\u00e4 kone pystyy suorittamaan teht\u00e4v\u00e4t tehokkaasti ja tuloksellisesti.<\/li>\n<li><strong>Maatalouskoneet:<\/strong> Etukuormaajissa k\u00e4ytetty puomin sylinteri auttaa maan, hein\u00e4n ja muiden materiaalien kauhaamisessa, nostamisessa ja kuljettamisessa, mik\u00e4 on osoittautunut v\u00e4ltt\u00e4m\u00e4tt\u00f6m\u00e4ksi erilaisissa maatalousteht\u00e4viss\u00e4.<\/li>\n<li><strong>Kaivinkoneet:<\/strong> Puomin sylinteri mahdollistaa kauhan tunkeutumisen maaper\u00e4\u00e4n tehokkaita kaivutoimintoja varten, mik\u00e4 parantaa koneen kokonaistuottavuutta.<\/li>\n<li><strong>Kuormaajat:<\/strong> Etukuormaajissa puomisylinterit auttavat kuormien tehokkaassa nostamisessa ja tyhjent\u00e4misess\u00e4, mik\u00e4 mahdollistaa nopean materiaalink\u00e4sittelyn ja lis\u00e4\u00e4 ty\u00f6tehokkuutta.<\/li>\n<\/ul>\n<h2>Suunnittelun\u00e4k\u00f6kohdat ja valintakriteerit<\/h2>\n<ul>\n<li><strong>Kantavuus:<\/strong> Puomin sylinterin on kestett\u00e4v\u00e4 k\u00e4yt\u00f6n aikana kohtaamansa kuormat. Suurimman kuormitusvaatimuksen perusteellinen arviointi varmistaa turvallisuuden ja luotettavuuden k\u00e4yt\u00f6n aikana.<\/li>\n<li><strong>Tiivistys:<\/strong> Asianmukainen tiivistys on ratkaisevan t\u00e4rke\u00e4\u00e4 nestevuotojen est\u00e4miseksi, jotka voivat johtaa tehokkuuden heikkenemiseen ja mahdollisiin vaurioihin. Kest\u00e4vist\u00e4 materiaaleista valmistetut korkealaatuiset tiivisteet ovat v\u00e4ltt\u00e4m\u00e4tt\u00f6mi\u00e4 hydraulisen paineen yll\u00e4pit\u00e4miseksi.<\/li>\n<li><strong>Kest\u00e4vyys:<\/strong> Suunnittelussa tulisi keskitty\u00e4 materiaaleihin ja valmistusmenetelmiin, jotka parantavat pitk\u00e4ik\u00e4isyytt\u00e4 ja kulutuskest\u00e4vyytt\u00e4 varmistaen, ett\u00e4 sylinteri kest\u00e4\u00e4 ankaria k\u00e4ytt\u00f6olosuhteita.<\/li>\n<li><strong>Turvallisuus:<\/strong> Suunnitteluun tulisi integroida turvaominaisuudet k\u00e4ytt\u00e4jien ja laitteiden suojaamiseksi. N\u00e4ihin kuuluvat paineenalennusventtiilien ja ylikuormitussuojamekanismien k\u00e4ytt\u00f6.<\/li>\n<li><strong>Huoltomahdollisuus:<\/strong> Suunnittelun tulisi mahdollistaa helppo huolto ja tarkastus. Komponentit tulisi sijoittaa siten, ett\u00e4 rutiinitarkastuksia ja korjauksia varten niihin p\u00e4\u00e4see nopeasti k\u00e4siksi.<\/li>\n<\/ul>\n<p><img decoding=\"async\" src=\"https:\/\/www.hydraulic-cylinders.net\/wp-content\/uploads\/2025\/04\/songte-oil-pipes-and-spare-parts.webp\" alt=\"\u00d6ljyputket ja varaosat\"><\/p>\n<h2>Tiivistys ja voitelu<\/h2>\n<p>Tehokas tiivistys ja voitelu ovat ratkaisevan t\u00e4rkeit\u00e4 puomin sylinterin optimaalisen suorituskyvyn kannalta. K\u00e4ytet\u00e4\u00e4n erilaisia \u200b\u200btiivistyselementtej\u00e4, kuten m\u00e4nn\u00e4ntiivisteit\u00e4 ja varren tiivisteit\u00e4, jotka on usein valmistettu kulutusta kest\u00e4vist\u00e4 materiaaleista, kuten polyuretaanista ja nitriilikumista, mik\u00e4 parantaa kest\u00e4vyytt\u00e4. Sylinterin runko ja kierteitetyt p\u00e4\u00e4typinnat k\u00e4sitell\u00e4\u00e4n tarkasti kulutuskest\u00e4vyyden parantamiseksi. S\u00e4\u00e4nn\u00f6llinen voitelu riitt\u00e4v\u00e4ll\u00e4 hydrauliikka\u00f6ljyll\u00e4 on v\u00e4ltt\u00e4m\u00e4t\u00f6nt\u00e4 kitkan minimoimiseksi ja sylinterin k\u00e4ytt\u00f6i\u00e4n pident\u00e4miseksi. Riitt\u00e4m\u00e4tt\u00f6m\u00e4n voitelun yll\u00e4pit\u00e4m\u00e4tt\u00e4 j\u00e4tt\u00e4minen voi johtaa lis\u00e4\u00e4ntyneeseen kulumiseen ja hydrauliikkaj\u00e4rjestelm\u00e4n mahdolliseen vikaantumiseen.<\/p>\n<h2>Ennaltaehk\u00e4isev\u00e4t huoltotoimenpiteet<\/h2>\n<ul>\n<li><strong>S\u00e4\u00e4nn\u00f6lliset tarkastukset:<\/strong> Tarkista puomin sylinteri s\u00e4\u00e4nn\u00f6llisesti kulumisen, vuotojen tai vaurioiden varalta. Varhainen havaitseminen voi est\u00e4\u00e4 merkitt\u00e4v\u00e4mpi\u00e4 ongelmia ja kalliita korjauksia my\u00f6hemmin.<\/li>\n<li><strong>Oikea voitelu:<\/strong> Varmista, ett\u00e4 hydrauliikka\u00f6ljyn taso pysyy tasaisena ja ett\u00e4 voiteluaineita levitet\u00e4\u00e4n s\u00e4\u00e4nn\u00f6llisesti, jotta kaikki liikkuvat osat toimivat moitteettomasti.<\/li>\n<li><strong>Tiivisteen vaihto:<\/strong> Tarkkaile tiivisteiden kulumista ja vaihda ne tarvittaessa nestevuotojen est\u00e4miseksi ja sylinterin suorituskyvyn yll\u00e4pit\u00e4miseksi.<\/li>\n<\/ul>\n<h2>Asennusohjeet<\/h2>\n<p>Puomisylinterin oikea asennus on ratkaisevan t\u00e4rke\u00e4\u00e4 sen suorituskyvyn ja pitk\u00e4n k\u00e4ytt\u00f6i\u00e4n kannalta. T\u00e4ss\u00e4 on t\u00e4rkeimm\u00e4t noudatettavat vaiheet:<\/p>\n<ul>\n<li>Varmista ennen asennusta, ett\u00e4 kaikki osat ovat puhtaita ja ettei niiss\u00e4 ole roskia.<\/li>\n<li>Kohdista sylinteri tarkasti kiinnityspisteisiin v\u00e4ltt\u00e4\u00e4ksesi liiallista rasitusta k\u00e4yt\u00f6n aikana. V\u00e4\u00e4r\u00e4 kohdistus voi johtaa ennenaikaiseen kulumiseen tai rikkoutumiseen.<\/li>\n<li>K\u00e4yt\u00e4 kyseiseen malliin suunniteltuja sopivia kiinnityskiinnikkeit\u00e4 sylinterin kiinnitt\u00e4miseksi tukevasti paikalleen.<\/li>\n<li>Noudata valmistajan ohjeita v\u00e4\u00e4nt\u00f6momenttien suhteen varmistaaksesi, ett\u00e4 liit\u00e4nn\u00e4t ovat tukevat ja etteiv\u00e4t ne vaurioidu.<\/li>\n<li>Asennuksen j\u00e4lkeen testaa sylinterin toiminta alhaisella paineella varmistaaksesi oikean toiminnan ennen t\u00e4ytt\u00e4 k\u00e4ytt\u00f6\u00e4.<\/li>\n<\/ul>\n<h2>Huoltoteht\u00e4v\u00e4t<\/h2>\n<ul>\n<li><strong>S\u00e4\u00e4nn\u00f6lliset tarkastukset:<\/strong> Usein teht\u00e4v\u00e4t visuaaliset ja toiminnalliset tarkastukset ovat v\u00e4ltt\u00e4m\u00e4tt\u00f6mi\u00e4 mahdollisten poikkeavuuksien havaitsemiseksi varhaisessa vaiheessa. T\u00e4h\u00e4n teht\u00e4v\u00e4\u00e4n tulisi kuulua vuotojen, ep\u00e4tavallisten \u00e4\u00e4nien ja suorituskykyongelmien tutkiminen.<\/li>\n<li><strong>Oikea voitelu:<\/strong> Hydrauli\u00f6ljyn pit\u00e4minen oikealla tasolla ja kaikkien liikkuvien osien oikea-aikainen voitelu on elint\u00e4rke\u00e4\u00e4 sujuvan toiminnan kannalta.<\/li>\n<li><strong>Tiivisteen vaihto:<\/strong> Ajan my\u00f6t\u00e4 tiivisteet voivat kulua ja heikent\u00e4\u00e4 sylinterin tehokkuutta. Tarkista s\u00e4\u00e4nn\u00f6llisesti kulumisen merkit ja vaihda tiivisteet tarvittaessa suorituskyvyn yll\u00e4pit\u00e4miseksi.<\/li>\n<\/ul>\n<p>Jokainen huoltoteht\u00e4v\u00e4 on v\u00e4ltt\u00e4m\u00e4t\u00f6n puomisylinterin optimaalisen suorituskyvyn varmistamiseksi. Oikea kohdistus asennuksen aikana on ratkaisevan t\u00e4rke\u00e4\u00e4, samoin kuin sopivien kiinnitystarvikkeiden k\u00e4ytt\u00f6 tuen antamiseksi. S\u00e4\u00e4nn\u00f6lliset tarkastukset ja oikea-aikaiset korjaukset pident\u00e4v\u00e4t sylinterin k\u00e4ytt\u00f6ik\u00e4\u00e4, minimoivat seisokkiajat ja huoltokustannukset.<\/p>\n<p><img decoding=\"async\" src=\"https:\/\/www.hydraulic-cylinders.net\/wp-content\/uploads\/2025\/04\/songte-chushion-collar.webp\" alt=\"Tyynykaulus\"><\/p>\n<h2>Turvallisuusn\u00e4k\u00f6kohdat ja ymp\u00e4rist\u00f6tekij\u00e4t<\/h2>\n<p>Ty\u00f6skennelt\u00e4ess\u00e4 hydraulisten j\u00e4rjestelmien, kuten puomisylinterin, kanssa turvatoimenpiteet ovat ensiarvoisen t\u00e4rkeit\u00e4. K\u00e4ytt\u00e4j\u00e4t tulee kouluttaa riitt\u00e4v\u00e4sti k\u00e4sittelem\u00e4\u00e4n laitteita turvallisesti ja ymm\u00e4rt\u00e4m\u00e4\u00e4n paineistettuihin hydraulinesteisiin liittyv\u00e4t riskit. My\u00f6s ymp\u00e4rist\u00f6n\u00e4k\u00f6kohdat on otettava huomioon, kuten sen varmistaminen, ett\u00e4 kaikki hydraulivuodot rajoitetaan ja k\u00e4sitell\u00e4\u00e4n kontaminaation est\u00e4miseksi. Hydraulinesteiden asianmukainen h\u00e4vitt\u00e4minen ja laitteiden huolto edist\u00e4v\u00e4t turvallisempaa ja kest\u00e4v\u00e4mp\u00e4\u00e4 ty\u00f6ymp\u00e4rist\u00f6\u00e4.<\/p>\n<h2>Vianm\u00e4\u00e4ritys ja yleiset ongelmat<\/h2>\n<ul>\n<li><strong>Nestevuodot:<\/strong> Yksi yleisimmist\u00e4 ongelmista on vuotava hydraulineste, joka voi viitata kuluneisiin tiivisteisiin tai sylinterin vaurioitumiseen. Vuotojen nopea korjaaminen on ratkaisevan t\u00e4rke\u00e4\u00e4 tehokkuuden yll\u00e4pit\u00e4miseksi.<\/li>\n<li><strong>Paineh\u00e4vi\u00f6:<\/strong> Huomattava k\u00e4ytt\u00f6tehon lasku voi viitata hydrauliikkaj\u00e4rjestelm\u00e4n ongelmiin, kuten tukoksiin tai vaurioituneisiin komponentteihin. N\u00e4iden ongelmien tutkiminen ja ratkaiseminen on olennaista toiminnan palauttamiseksi.<\/li>\n<li><strong>Ep\u00e4tavalliset \u00e4\u00e4net:<\/strong> K\u00e4yt\u00f6n aikana kuuluvat oudot \u00e4\u00e4net voivat olla merkki mekaanisesta viasta tai riitt\u00e4m\u00e4tt\u00f6m\u00e4st\u00e4 voitelusta. \u00c4\u00e4nen l\u00e4hteen tunnistaminen ja korjaaminen voi est\u00e4\u00e4 lis\u00e4vaurioita.<\/li>\n<\/ul>\n<p>Oikea-aikainen vianm\u00e4\u00e4ritys voi est\u00e4\u00e4 pienten ongelmien paisumisen suuriksi ongelmiksi ja varmistaa, ett\u00e4 puomin sylinteri toimii sujuvasti ja tehokkaasti. S\u00e4\u00e4nn\u00f6lliset huoltotarkastukset voivat minimoida n\u00e4iden ongelmien esiintymisen todenn\u00e4k\u00f6isyyden.<\/p>\n<p><img decoding=\"async\" src=\"https:\/\/www.hydraulic-cylinders.net\/wp-content\/uploads\/2025\/04\/songte-bushings-with-all-kinds-of-excavator-models.webp\" alt=\"Kaivinkonemallien holkit\"><\/p>\n<h2>Yrityksen yleiskatsaus<\/h2>\n<p>Olemme johtava hydraulisten sylinterien vaihto-osien valmistaja, joka on sitoutunut toimittamaan kattavan valikoiman tuotteita, jotka t\u00e4ytt\u00e4v\u00e4t sek\u00e4 kotimaisten ett\u00e4 kansainv\u00e4listen markkinoiden tarpeet. Omistautumisemme laatuun on horjumatonta, ja toteutamme hienostuneita valmistuksenohjausstrategioita tuotantoprosesseissamme. Hy\u00f6dynt\u00e4m\u00e4ll\u00e4 ammattitaitoista teknist\u00e4 henkil\u00f6st\u00f6\u00e4, edistyneit\u00e4 digitaalisia valmistuslaitteita ja erikoistuneita testausj\u00e4rjestelmi\u00e4 parannamme jatkuvasti valmistuskapasiteettiamme.<\/p>\n<p>Keskittymisemme korkeaan tehokkuuteen, tarkkuuteen ja laatuun mahdollistaa monipuolisen asiakastarpeiden tyydytt\u00e4misen. Tarjoamme r\u00e4\u00e4t\u00e4l\u00f6ityj\u00e4 ratkaisuja erityistarpeisiin ja varmistamme tuotteillemme kansainv\u00e4lisen sertifioinnin, mik\u00e4 tuo mielenrauhaa asiakkaillemme.<\/p>\n<p><img decoding=\"async\" src=\"https:\/\/www.hydraulic-cylinders.net\/wp-content\/uploads\/2025\/04\/songte-company-4.webp\" alt=\"Yrityksen yleiskatsaus 1\"><br \/>\n<img decoding=\"async\" src=\"https:\/\/www.hydraulic-cylinders.net\/wp-content\/uploads\/2025\/04\/songte-company-3.webp\" alt=\"Yrityksen yleiskatsaus 2\"><\/p>\n<p>Kirjoittaja: lyl<\/p>","protected":false},"excerpt":{"rendered":"<p>Boom Cylinder For KYM KY85 Introduction to Boom Cylinder The Boom Cylinder is a crucial component in hydraulic systems, particularly in heavy machinery like excavators, backhoes, and front loaders. Designed specifically for controlling the movement of the bucket, this hydraulic cylinder enables lifting, lowering, and tilting actions that are essential for effective material handling tasks. [&hellip;]<\/p>","protected":false},"featured_media":17880,"comment_status":"open","ping_status":"closed","template":"","meta":{"_et_pb_use_builder":"","_et_pb_old_content":"","_et_gb_content_width":""},"product_brand":[],"product_cat":[1546],"product_tag":[1547,1496],"class_list":{"0":"post-19527","1":"product","2":"type-product","3":"status-publish","4":"has-post-thumbnail","6":"product_cat-boom-cylinders","7":"product_tag-boom-cylinders","8":"product_tag-hydraulic-cylinders","10":"first","11":"instock","12":"shipping-taxable","13":"product-type-simple"},"amp_enabled":true,"_links":{"self":[{"href":"https:\/\/www.hydraulic-cylinders.net\/fi\/wp-json\/wp\/v2\/product\/19527","targetHints":{"allow":["GET"]}}],"collection":[{"href":"https:\/\/www.hydraulic-cylinders.net\/fi\/wp-json\/wp\/v2\/product"}],"about":[{"href":"https:\/\/www.hydraulic-cylinders.net\/fi\/wp-json\/wp\/v2\/types\/product"}],"replies":[{"embeddable":true,"href":"https:\/\/www.hydraulic-cylinders.net\/fi\/wp-json\/wp\/v2\/comments?post=19527"}],"wp:featuredmedia":[{"embeddable":true,"href":"https:\/\/www.hydraulic-cylinders.net\/fi\/wp-json\/wp\/v2\/media\/17880"}],"wp:attachment":[{"href":"https:\/\/www.hydraulic-cylinders.net\/fi\/wp-json\/wp\/v2\/media?parent=19527"}],"wp:term":[{"taxonomy":"product_brand","embeddable":true,"href":"https:\/\/www.hydraulic-cylinders.net\/fi\/wp-json\/wp\/v2\/product_brand?post=19527"},{"taxonomy":"product_cat","embeddable":true,"href":"https:\/\/www.hydraulic-cylinders.net\/fi\/wp-json\/wp\/v2\/product_cat?post=19527"},{"taxonomy":"product_tag","embeddable":true,"href":"https:\/\/www.hydraulic-cylinders.net\/fi\/wp-json\/wp\/v2\/product_tag?post=19527"}],"curies":[{"name":"wp","href":"https:\/\/api.w.org\/{rel}","templated":true}]}}